{"id":2647,"date":"2023-03-29T16:09:17","date_gmt":"2023-03-29T14:09:17","guid":{"rendered":"https:\/\/silveco.eu\/mission\/"},"modified":"2025-06-30T22:10:54","modified_gmt":"2025-06-30T20:10:54","slug":"mission","status":"publish","type":"page","link":"https:\/\/silveco.eu\/de\/mission\/","title":{"rendered":"Mission"},"content":{"rendered":"\n<div class=\"wp-block-group container has-global-padding is-layout-constrained wp-block-group-is-layout-constrained\" style=\"padding-bottom:40px\">\n<h1 class=\"wp-block-heading fs-24 mb-40 aos-fade-right\">SILVECO \u2013 unsere Mission<\/h1>\n\n\n\n<div class=\"wp-block-columns are-vertically-aligned-center is-layout-flex wp-container-core-columns-is-layout-28f84493 wp-block-columns-is-layout-flex\">\n<div class=\"wp-block-column is-vertically-aligned-center is-layout-flow wp-block-column-is-layout-flow\">\n<h2 class=\"wp-block-heading fs-48 aos-fade-right\" style=\"font-style:normal;font-weight:800;line-height:1.2\"><mark style=\"background-color:rgba(0, 0, 0, 0);color:#38aa45\" class=\"has-inline-color\">Neuer Standard<\/mark><br><mark style=\"background-color:rgba(0, 0, 0, 0);color:#073f16\" class=\"has-inline-color\">in der Tierhygiene <\/mark><\/h2>\n\n\n\n<p class=\"fs-14 aos-fade-right\">Die Marke <strong>SILVECO<\/strong> entstand aus einer Kombination von Wissen und Leidenschaft und ist zu einer Antwort auf die Bed\u00fcrfnisse des Zuchtmarktes geworden, auf dem der massenhafte Einsatz von Antibiotika eine ernsthafte Bedrohung darstellt und die moderne Z\u00fcchtung untrennbar mit der Anwendung der Prinzipien der allgemein verstandenen Biosicherheit verbunden ist.<br><br>Die \u00c4nderung des Desinfektionsansatzes durch den Einsatz moderner Pr\u00e4parate, die dank der Verwendung von Silbernanopartikeln in der Zusammensetzung in zwei Phasen arbeiten und die M\u00f6glichkeit bieten, eine wirksame und sichere Desinfektion in Gegenwart von Tieren durchzuf\u00fchren, wirkt sich erheblich auf die Gesundheit und das Wohlbefinden der Zucht aus und erh\u00f6ht somit den Gewinn.<br><br>Vorbeugende Ma\u00dfnahmen und die richtige Pflege, unter anderem der Tierhaut, erm\u00f6glichen es uns, geeignete Ma\u00dfnahmen zu ergreifen, um das Risiko einer Antibiotikaresistenz zu verringern. Die Wirkung von Silber \u00e4hnelt der von Antibiotika und f\u00fchrt zum Abbau von Bakterien-, Pilz- und Viruszellen, was eine wirksame Alternative zur Behandlung mehrerer Infektionen darstellt.<br><br>Unser Ziel ist es, die Prinzipien der modernen Z\u00fcchtung durch die Verbesserung der Gesundheit und des Wohlergehens von Tieren zu verbreiten, denn nach den Annahmen des globalen Programms \u201eEine Gesundheit\u201c steht die menschliche Gesundheit im Zusammenhang mit der Tiergesundheit und der Umwelt.<\/p>\n\n\n\n<div class=\"wp-block-buttons btn btn-primary aos-fade-right aos-delay-300 is-horizontal is-content-justification-left is-layout-flex wp-container-core-buttons-is-layout-20be11b6 wp-block-buttons-is-layout-flex\">\n<div class=\"wp-block-button\"><a class=\"wp-block-button__link wp-element-button\" href=\"https:\/\/www.smartnanotechnologies.com.pl\/\" target=\"_blank\" rel=\"noreferrer noopener\">SMART NANOTECHNOLOGIES S.A.<\/a><\/div>\n<\/div>\n<\/div>\n\n\n\n<div class=\"wp-block-column is-vertically-aligned-center aos-fade-right is-layout-flow wp-block-column-is-layout-flow\">\n<figure class=\"wp-block-image size-full\"><img loading=\"lazy\" decoding=\"async\" width=\"669\" height=\"480\" src=\"https:\/\/silveco.eu\/wp-content\/uploads\/2023\/05\/misja_image.webp\" alt=\"\" class=\"wp-image-1296\" srcset=\"https:\/\/silveco.eu\/wp-content\/uploads\/2023\/05\/misja_image.webp 669w, https:\/\/silveco.eu\/wp-content\/uploads\/2023\/05\/misja_image-300x215.webp 300w, https:\/\/silveco.eu\/wp-content\/uploads\/2023\/05\/misja_image-229x164.webp 229w, https:\/\/silveco.eu\/wp-content\/uploads\/2023\/05\/misja_image-600x430.webp 600w\" sizes=\"auto, (max-width: 669px) 100vw, 669px\" \/><\/figure>\n<\/div>\n<\/div>\n<\/div>\n\n\n\n<div class=\"wp-block-group container has-global-padding is-layout-constrained wp-block-group-is-layout-constrained\" style=\"padding-top:40px;padding-bottom:40px\">\n<h2 class=\"wp-block-heading fs-24 mt-40 mb-40 aos-fade-right\" style=\"font-style:normal;font-weight:400\">Active Silver \u2013 Pr\u00e4parate mit Silbernanopartikeln<\/h2>\n\n\n\n<div class=\"wp-block-group mission-info aos-fade-up has-global-padding is-layout-constrained wp-block-group-is-layout-constrained\">\n<h2 class=\"wp-block-heading has-text-align-center fs-64 aos-fade-up aos-delay-100\">Warum Silber?<\/h2>\n\n\n\n<p class=\"fs-14 aos-fade-up aos-delay-200\">Silber ist ein Element, das wegen seiner katalytischen Eigenschaften, der thermischen und elektrischen Leitf\u00e4higkeit, aber vor allem wegen seiner Bek\u00e4mpfung von Krankheitserregern \u2013 Bakterien, Viren, Pilzen &#8211; gesch\u00e4tzt wird. Die hohe antimikrobielle Aktivit\u00e4t dieses Elements wird seit der Antike verwendet. Zu dieser Zeit waren die Mechanismen, die f\u00fcr die hohe antimikrobielle Wirksamkeit von Silber verantwortlich sind, unbekannt.<\/p>\n\n\n\n<p class=\"fs-14 aos-fade-up aos-delay-300\">Heute erkl\u00e4ren ihre Vielf\u00e4ltigkeit und Funktionsprinzipien nicht nur die Wirksamkeit, sondern auch die mangelnde F\u00e4higkeit pathogener Zellen, eine Resistenz gegen Silber zu entwickeln. Letzteres ist besonders wichtig in der heutigen Zeit zunehmender Antibiotikaresistenz vieler Bakterienst\u00e4mme. Die Entwicklung der Technologie hat es erm\u00f6glicht, Silberpartikel im Nanometerbereich zu verwenden. Eine solche signifikante Fragmentierung dieses Materials beeinflusst seine Verteilung und erm\u00f6glicht so die Erzielung einer sehr hohen antimikrobiellen Wirksamkeit auch bei sehr niedrigen Konzentrationen.<\/p>\n\n\n\n<p class=\"fs-14 aos-fade-up aos-delay-400\">Dar\u00fcber hinaus weist Silber eine relativ geringe Toxizit\u00e4t f\u00fcr Mensch und Tier auf. All diese Eigenschaften machen Silber derzeit zu einer der attraktivsten Alternativen, sowohl f\u00fcr viele Medikamente als auch f\u00fcr Biozide<\/p>\n<\/div>\n<\/div>\n\n\n\n<div class=\"wp-block-group container mt-40 has-global-padding is-layout-constrained wp-block-group-is-layout-constrained\" style=\"padding-top:40px;padding-bottom:40px\">\n<div class=\"wp-block-columns are-vertically-aligned-center is-layout-flex wp-container-core-columns-is-layout-28f84493 wp-block-columns-is-layout-flex\">\n<div class=\"wp-block-column is-vertically-aligned-center aos-fade-right is-layout-flow wp-block-column-is-layout-flow\">\n<figure class=\"wp-block-image size-full\"><img loading=\"lazy\" decoding=\"async\" width=\"669\" height=\"482\" src=\"https:\/\/silveco.eu\/wp-content\/uploads\/2023\/05\/swinki.png\" alt=\"\" class=\"wp-image-1141\" srcset=\"https:\/\/silveco.eu\/wp-content\/uploads\/2023\/05\/swinki.png 669w, https:\/\/silveco.eu\/wp-content\/uploads\/2023\/05\/swinki-300x216.png 300w, https:\/\/silveco.eu\/wp-content\/uploads\/2023\/05\/swinki-228x164.png 228w, https:\/\/silveco.eu\/wp-content\/uploads\/2023\/05\/swinki-600x432.png 600w\" sizes=\"auto, (max-width: 669px) 100vw, 669px\" \/><\/figure>\n<\/div>\n\n\n\n<div class=\"wp-block-column is-vertically-aligned-center is-layout-flow wp-block-column-is-layout-flow\">\n<h2 class=\"wp-block-heading fs-48 aos-fade-right\" style=\"font-style:normal;font-weight:800;line-height:1.2\"><mark style=\"background-color:rgba(0, 0, 0, 0);color:#38aa45\" class=\"has-inline-color\">Der Vorteil von Silber<\/mark><br><mark style=\"background-color:rgba(0, 0, 0, 0);color:#073f16\" class=\"has-inline-color\">im Vergleich zu klassischen Bioziden <\/mark><\/h2>\n\n\n\n<p class=\"fs-14 aos-fade-right aos-delay-100\">Bisher wurden Biozide, d. h. Verbindungen, die sich durch begrenzte Haltbarkeit und negative Auswirkungen auf die Umwelt auszeichnen, verwendet.<\/p>\n\n\n\n<p class=\"fs-14 aos-fade-right aos-delay-200\">Silber zeichnet sich durch hohe Stabilit\u00e4t und starke biozide Eigenschaften gegen\u00fcber Mikroorganismen aus, w\u00e4hrend die Reduzierung seiner Partikel auf nanometrische Abmessungen es erm\u00f6glicht, die spezifische Oberfl\u00e4che zu erh\u00f6hen und eine viel h\u00f6here chemische und biologische Aktivit\u00e4t als bei gro\u00dfen Molek\u00fclen zu erzielen.<\/p>\n\n\n\n<p class=\"fs-14 aos-fade-right aos-delay-300\">Daher erm\u00f6glicht die Verwendung von Silbernanopartikeln eine bakterizide Wirkung bei einer geringeren Konzentration des Wirkstoffs im Vergleich zu herk\u00f6mmlichen Chemikalien, und trotz der hohen Kosten des Rohstoffs beeinflusst seine Verwendung in Zubereitungen den Preis des Produkts nicht wesentlich<\/p>\n<\/div>\n<\/div>\n<\/div>\n\n\n\n<h2 class=\"wp-block-heading has-text-align-center fs-64 mt-40 aos-zoom-in-up\">Brauchen Sie <mark style=\"background-color:rgba(0, 0, 0, 0);color:#38aa45\" class=\"has-inline-color\">mehr Informationen<\/mark>?<\/h2>\n\n\n\n<div class=\"wp-block-group before-footer container mb-40 has-global-padding is-layout-constrained wp-block-group-is-layout-constrained\" style=\"padding-top:40px;padding-bottom:40px\">\n<div class=\"wp-block-columns are-vertically-aligned-center before-footer__columns is-layout-flex wp-container-core-columns-is-layout-28f84493 wp-block-columns-is-layout-flex\">\n<div class=\"wp-block-column is-vertically-aligned-center before-footer--left2 is-layout-flow wp-block-column-is-layout-flow\" style=\"flex-basis:50%\">\n<h3 class=\"wp-block-heading has-x-large-font-size\"><mark style=\"background-color:rgba(0, 0, 0, 0);color:#38aa45\" class=\"has-inline-color\">Finden Sie<\/mark> einen Vertreter<\/h3>\n\n\n\n<p class=\"fs-14 has-small-font-size\">Wenn Sie lieber sprechen m\u00f6chten oder eine Produktpr\u00e4sentation der Marke <strong>SILVECO<\/strong> w\u00fcnschen, wenden Sie sich an einen unserer regionalen Vertreter.<\/p>\n\n\n\n<div class=\"wp-block-buttons btn btn-primary is-content-justification-left is-layout-flex wp-container-core-buttons-is-layout-9d8a7149 wp-block-buttons-is-layout-flex\">\n<div class=\"wp-block-button\"><a class=\"wp-block-button__link wp-element-button\" href=\"https:\/\/silveco.eu\/de\/kontakt\/\">JETZT KONTAKTIEREN<\/a><\/div>\n<\/div>\n<\/div>\n\n\n\n<div class=\"wp-block-column is-vertically-aligned-center before-footer--left aos-flip-left has-border-color has-light-grey-color has-primary-background-color has-text-color has-background has-link-color wp-elements-ab6ec4f086cb1175bcf04b328b81756f is-layout-flow wp-block-column-is-layout-flow\" style=\"border-color:#c1c1c1;border-width:5px;border-radius:24px;padding-top:40px;padding-right:20px;padding-bottom:40px;padding-left:20px;flex-basis:50%\">\n<div class=\"wp-block-columns are-vertically-aligned-center is-layout-flex wp-container-core-columns-is-layout-28f84493 wp-block-columns-is-layout-flex\">\n<div class=\"wp-block-column is-vertically-aligned-center is-layout-flow wp-block-column-is-layout-flow\" style=\"flex-basis:66.66%\">\n<h3 class=\"wp-block-heading has-light-grey-color has-text-color has-link-color has-x-large-font-size wp-elements-cd7c91ae699b0f5d42745f588afce245\" style=\"line-height:1\">Hier k\u00f6nnen Sie kaufen!<\/h3>\n\n\n\n<p class=\"fs-14\">Finden Sie die Vertriebsstellen unserer Produkte in Ihrer N\u00e4he.<\/p>\n\n\n\n<div class=\"wp-block-buttons is-content-justification-center is-layout-flex wp-container-core-buttons-is-layout-749adb30 wp-block-buttons-is-layout-flex\">\n<div class=\"wp-block-button btn btn-white is-style-outline is-style-outline--1\"><a class=\"wp-block-button__link wp-element-button\" href=\"https:\/\/silveco.eu\/de\/verkaufsstellen\/\">STANDORTE KARTE<\/a><\/div>\n<\/div>\n<\/div>\n\n\n\n<div class=\"wp-block-column is-vertically-aligned-center is-layout-flow wp-block-column-is-layout-flow\" style=\"flex-basis:33.33%\">\n<figure class=\"wp-block-image size-large\"><img loading=\"lazy\" decoding=\"async\" width=\"201\" height=\"191\" src=\"https:\/\/silveco.eu\/wp-content\/uploads\/2023\/03\/Group-69.svg\" alt=\"\" class=\"wp-image-92\"\/><\/figure>\n<\/div>\n<\/div>\n<\/div>\n<\/div>\n<\/div>\n","protected":false},"excerpt":{"rendered":"<p>SILVECO \u2013 unsere Mission Neuer Standardin der Tierhygiene Die Marke SILVECO entstand aus einer Kombination von Wissen und Leidenschaft und ist zu einer Antwort auf die Bed\u00fcrfnisse des Zuchtmarktes geworden, auf dem der massenhafte Einsatz von Antibiotika eine ernsthafte Bedrohung darstellt und die moderne Z\u00fcchtung untrennbar mit der Anwendung der Prinzipien der allgemein verstandenen Biosicherheit [&hellip;]<\/p>\n","protected":false},"author":4,"featured_media":0,"parent":0,"menu_order":10,"comment_status":"closed","ping_status":"closed","template":"","meta":{"_acf_changed":false,"inline_featured_image":false,"footnotes":""},"class_list":["post-2647","page","type-page","status-publish","hentry"],"acf":[],"yoast_head":"<!-- This site is optimized with the Yoast SEO plugin v26.4 - https:\/\/yoast.com\/wordpress\/plugins\/seo\/ -->\n<title>Mission - Silveco<\/title>\n<meta name=\"robots\" content=\"index, follow, max-snippet:-1, max-image-preview:large, max-video-preview:-1\" \/>\n<link rel=\"canonical\" href=\"https:\/\/silveco.eu\/de\/mission\/\" \/>\n<meta property=\"og:locale\" content=\"de_DE\" \/>\n<meta property=\"og:type\" content=\"article\" \/>\n<meta property=\"og:title\" content=\"Mission - Silveco\" \/>\n<meta property=\"og:description\" content=\"SILVECO \u2013 unsere Mission Neuer Standardin der Tierhygiene Die Marke SILVECO entstand aus einer Kombination von Wissen und Leidenschaft und ist zu einer Antwort auf die Bed\u00fcrfnisse des Zuchtmarktes geworden, auf dem der massenhafte Einsatz von Antibiotika eine ernsthafte Bedrohung darstellt und die moderne Z\u00fcchtung untrennbar mit der Anwendung der Prinzipien der allgemein verstandenen Biosicherheit [&hellip;]\" \/>\n<meta property=\"og:url\" content=\"https:\/\/silveco.eu\/de\/mission\/\" \/>\n<meta property=\"og:site_name\" content=\"Silveco\" \/>\n<meta property=\"article:modified_time\" content=\"2025-06-30T20:10:54+00:00\" \/>\n<meta property=\"og:image\" content=\"https:\/\/silveco.eu\/wp-content\/uploads\/2023\/05\/misja_image.webp\" \/>\n<meta name=\"twitter:card\" content=\"summary_large_image\" \/>\n<meta name=\"twitter:label1\" content=\"Gesch\u00e4tzte Lesezeit\" \/>\n\t<meta name=\"twitter:data1\" content=\"3\u00a0Minuten\" \/>\n<script type=\"application\/ld+json\" class=\"yoast-schema-graph\">{\"@context\":\"https:\/\/schema.org\",\"@graph\":[{\"@type\":\"WebPage\",\"@id\":\"https:\/\/silveco.eu\/de\/mission\/\",\"url\":\"https:\/\/silveco.eu\/de\/mission\/\",\"name\":\"Mission - Silveco\",\"isPartOf\":{\"@id\":\"https:\/\/silveco.eu\/#website\"},\"primaryImageOfPage\":{\"@id\":\"https:\/\/silveco.eu\/de\/mission\/#primaryimage\"},\"image\":{\"@id\":\"https:\/\/silveco.eu\/de\/mission\/#primaryimage\"},\"thumbnailUrl\":\"https:\/\/silveco.eu\/wp-content\/uploads\/2023\/05\/misja_image.webp\",\"datePublished\":\"2023-03-29T14:09:17+00:00\",\"dateModified\":\"2025-06-30T20:10:54+00:00\",\"breadcrumb\":{\"@id\":\"https:\/\/silveco.eu\/de\/mission\/#breadcrumb\"},\"inLanguage\":\"de\",\"potentialAction\":[{\"@type\":\"ReadAction\",\"target\":[\"https:\/\/silveco.eu\/de\/mission\/\"]}]},{\"@type\":\"ImageObject\",\"inLanguage\":\"de\",\"@id\":\"https:\/\/silveco.eu\/de\/mission\/#primaryimage\",\"url\":\"https:\/\/silveco.eu\/wp-content\/uploads\/2023\/05\/misja_image.webp\",\"contentUrl\":\"https:\/\/silveco.eu\/wp-content\/uploads\/2023\/05\/misja_image.webp\"},{\"@type\":\"BreadcrumbList\",\"@id\":\"https:\/\/silveco.eu\/de\/mission\/#breadcrumb\",\"itemListElement\":[{\"@type\":\"ListItem\",\"position\":1,\"name\":\"Strona g\u0142\u00f3wna\",\"item\":\"https:\/\/silveco.eu\/de\/\"},{\"@type\":\"ListItem\",\"position\":2,\"name\":\"Mission\"}]},{\"@type\":\"WebSite\",\"@id\":\"https:\/\/silveco.eu\/#website\",\"url\":\"https:\/\/silveco.eu\/\",\"name\":\"Silveco\",\"description\":\"Twoje wsparcie w hodowli\",\"publisher\":{\"@id\":\"https:\/\/silveco.eu\/#organization\"},\"potentialAction\":[{\"@type\":\"SearchAction\",\"target\":{\"@type\":\"EntryPoint\",\"urlTemplate\":\"https:\/\/silveco.eu\/?s={search_term_string}\"},\"query-input\":{\"@type\":\"PropertyValueSpecification\",\"valueRequired\":true,\"valueName\":\"search_term_string\"}}],\"inLanguage\":\"de\"},{\"@type\":\"Organization\",\"@id\":\"https:\/\/silveco.eu\/#organization\",\"name\":\"Silveco\",\"url\":\"https:\/\/silveco.eu\/\",\"logo\":{\"@type\":\"ImageObject\",\"inLanguage\":\"de\",\"@id\":\"https:\/\/silveco.eu\/#\/schema\/logo\/image\/\",\"url\":\"https:\/\/silveco.eu\/wp-content\/uploads\/2023\/03\/image-16.svg\",\"contentUrl\":\"https:\/\/silveco.eu\/wp-content\/uploads\/2023\/03\/image-16.svg\",\"width\":217,\"height\":40,\"caption\":\"Silveco\"},\"image\":{\"@id\":\"https:\/\/silveco.eu\/#\/schema\/logo\/image\/\"}}]}<\/script>\n<!-- \/ Yoast SEO plugin. -->","yoast_head_json":{"title":"Mission - Silveco","robots":{"index":"index","follow":"follow","max-snippet":"max-snippet:-1","max-image-preview":"max-image-preview:large","max-video-preview":"max-video-preview:-1"},"canonical":"https:\/\/silveco.eu\/de\/mission\/","og_locale":"de_DE","og_type":"article","og_title":"Mission - Silveco","og_description":"SILVECO \u2013 unsere Mission Neuer Standardin der Tierhygiene Die Marke SILVECO entstand aus einer Kombination von Wissen und Leidenschaft und ist zu einer Antwort auf die Bed\u00fcrfnisse des Zuchtmarktes geworden, auf dem der massenhafte Einsatz von Antibiotika eine ernsthafte Bedrohung darstellt und die moderne Z\u00fcchtung untrennbar mit der Anwendung der Prinzipien der allgemein verstandenen Biosicherheit [&hellip;]","og_url":"https:\/\/silveco.eu\/de\/mission\/","og_site_name":"Silveco","article_modified_time":"2025-06-30T20:10:54+00:00","og_image":[{"url":"https:\/\/silveco.eu\/wp-content\/uploads\/2023\/05\/misja_image.webp","type":"","width":"","height":""}],"twitter_card":"summary_large_image","twitter_misc":{"Gesch\u00e4tzte Lesezeit":"3\u00a0Minuten"},"schema":{"@context":"https:\/\/schema.org","@graph":[{"@type":"WebPage","@id":"https:\/\/silveco.eu\/de\/mission\/","url":"https:\/\/silveco.eu\/de\/mission\/","name":"Mission - Silveco","isPartOf":{"@id":"https:\/\/silveco.eu\/#website"},"primaryImageOfPage":{"@id":"https:\/\/silveco.eu\/de\/mission\/#primaryimage"},"image":{"@id":"https:\/\/silveco.eu\/de\/mission\/#primaryimage"},"thumbnailUrl":"https:\/\/silveco.eu\/wp-content\/uploads\/2023\/05\/misja_image.webp","datePublished":"2023-03-29T14:09:17+00:00","dateModified":"2025-06-30T20:10:54+00:00","breadcrumb":{"@id":"https:\/\/silveco.eu\/de\/mission\/#breadcrumb"},"inLanguage":"de","potentialAction":[{"@type":"ReadAction","target":["https:\/\/silveco.eu\/de\/mission\/"]}]},{"@type":"ImageObject","inLanguage":"de","@id":"https:\/\/silveco.eu\/de\/mission\/#primaryimage","url":"https:\/\/silveco.eu\/wp-content\/uploads\/2023\/05\/misja_image.webp","contentUrl":"https:\/\/silveco.eu\/wp-content\/uploads\/2023\/05\/misja_image.webp"},{"@type":"BreadcrumbList","@id":"https:\/\/silveco.eu\/de\/mission\/#breadcrumb","itemListElement":[{"@type":"ListItem","position":1,"name":"Strona g\u0142\u00f3wna","item":"https:\/\/silveco.eu\/de\/"},{"@type":"ListItem","position":2,"name":"Mission"}]},{"@type":"WebSite","@id":"https:\/\/silveco.eu\/#website","url":"https:\/\/silveco.eu\/","name":"Silveco","description":"Twoje wsparcie w hodowli","publisher":{"@id":"https:\/\/silveco.eu\/#organization"},"potentialAction":[{"@type":"SearchAction","target":{"@type":"EntryPoint","urlTemplate":"https:\/\/silveco.eu\/?s={search_term_string}"},"query-input":{"@type":"PropertyValueSpecification","valueRequired":true,"valueName":"search_term_string"}}],"inLanguage":"de"},{"@type":"Organization","@id":"https:\/\/silveco.eu\/#organization","name":"Silveco","url":"https:\/\/silveco.eu\/","logo":{"@type":"ImageObject","inLanguage":"de","@id":"https:\/\/silveco.eu\/#\/schema\/logo\/image\/","url":"https:\/\/silveco.eu\/wp-content\/uploads\/2023\/03\/image-16.svg","contentUrl":"https:\/\/silveco.eu\/wp-content\/uploads\/2023\/03\/image-16.svg","width":217,"height":40,"caption":"Silveco"},"image":{"@id":"https:\/\/silveco.eu\/#\/schema\/logo\/image\/"}}]}},"_links":{"self":[{"href":"https:\/\/silveco.eu\/de\/wp-json\/wp\/v2\/pages\/2647","targetHints":{"allow":["GET"]}}],"collection":[{"href":"https:\/\/silveco.eu\/de\/wp-json\/wp\/v2\/pages"}],"about":[{"href":"https:\/\/silveco.eu\/de\/wp-json\/wp\/v2\/types\/page"}],"author":[{"embeddable":true,"href":"https:\/\/silveco.eu\/de\/wp-json\/wp\/v2\/users\/4"}],"replies":[{"embeddable":true,"href":"https:\/\/silveco.eu\/de\/wp-json\/wp\/v2\/comments?post=2647"}],"version-history":[{"count":2,"href":"https:\/\/silveco.eu\/de\/wp-json\/wp\/v2\/pages\/2647\/revisions"}],"predecessor-version":[{"id":5916,"href":"https:\/\/silveco.eu\/de\/wp-json\/wp\/v2\/pages\/2647\/revisions\/5916"}],"wp:attachment":[{"href":"https:\/\/silveco.eu\/de\/wp-json\/wp\/v2\/media?parent=2647"}],"curies":[{"name":"wp","href":"https:\/\/api.w.org\/{rel}","templated":true}]}}