{"id":2679,"date":"2023-03-29T15:27:47","date_gmt":"2023-03-29T13:27:47","guid":{"rendered":"https:\/\/silveco.eu\/datenschutzerklaerung\/"},"modified":"2023-08-01T11:36:38","modified_gmt":"2023-08-01T09:36:38","slug":"datenschutzerklaerung","status":"publish","type":"page","link":"https:\/\/silveco.eu\/de\/datenschutzerklaerung\/","title":{"rendered":"Datenschutzerkl\u00e4rung"},"content":{"rendered":"\n<div class=\"wp-block-group container has-global-padding is-layout-constrained wp-block-group-is-layout-constrained\">\n<h2 class=\"wp-block-heading\">Wer wir sind<\/h2>\n\n\n\n<p>Die Adresse unserer Website lautet: www.silveco.eu<\/p>\n\n\n\n<h2 class=\"wp-block-heading\">Kommentare<\/h2>\n\n\n\n<p>Wenn Besucher der Website einen Kommentar hinterlassen, erheben wir die im Kommentarformular sichtbaren Daten sowie die IP-Adresse des Besuchers und die Signatur seines Browsers als Hilfe bei der Erkennung von Spam.<\/p>\n\n\n\n<p>Eine anonymisierte Zeichenfolge, die aus Ihrer E-Mail-Adresse erstellt wird (auch als Hash bezeichnet), kann an den Gravatar-Dienst gesendet werden, um zu \u00fcberpr\u00fcfen, ob sie verwendet wird. Die Gravatar-Datenschutzrichtlinie ist hier verf\u00fcgbar: https:\/\/automattic.com\/privacy\/. Nachdem der Kommentar genehmigt wurde, wird Ihr Profilbild im Kontext Ihres Kommentars \u00f6ffentlich sichtbar.<\/p>\n\n\n\n<h2 class=\"wp-block-heading\">Medien<\/h2>\n\n\n\n<p>Wenn Sie ein registrierter Benutzer sind und Bilder auf die Seite hochladen, sollten Sie das Senden von Bildern mit EXIF-Standort-Tags vermeiden. Besucher der Website k\u00f6nnen die vollst\u00e4ndigen Standortdaten von den Bildern auf der Website herunterladen und lesen.<\/p>\n\n\n\n<h2 class=\"wp-block-heading\">Cookies<\/h2>\n\n\n\n<p>Wenn Sie etwas auf der Website kommentieren, haben Sie die M\u00f6glichkeit, den Namen, die E-Mail-Adresse und die Website in Cookies zu speichern, wodurch die obigen Informationen beim Schreiben weiterer Kommentare bequem erg\u00e4nzt werden. Diese Cookies laufen nach einem Jahr ab.<\/p>\n\n\n\n<p>Wenn Sie die Login-Seite besuchen, erstellen wir ein tempor\u00e4res Cookie, um zu \u00fcberpr\u00fcfen, ob Ihr Browser Cookies akzeptiert. Sie enth\u00e4lt keine personenbezogenen Daten und wird beim Schlie\u00dfen des Browsers gel\u00f6scht.<\/p>\n\n\n\n<p>W\u00e4hrend der Anmeldung erstellen wir zus\u00e4tzliche Cookies, die zum Speichern Ihrer Anmeldeinformationen und ausgew\u00e4hlten Bildschirmoptionen erforderlich sind. Login-Cookies werden nach zwei Tagen und Bildschirmoptionen nach einem Jahr gel\u00f6scht. Wenn Sie die Option &#8222;Angemeldet bleiben&#8220; aktivieren, l\u00e4uft die Anmeldung nach zwei Wochen ab. Wenn Sie sich von Ihrem Konto abmelden, werden die Login-Cookies gel\u00f6scht.<\/p>\n\n\n\n<p>Wenn Sie einen Artikel \u00e4ndern oder ver\u00f6ffentlichen, wird ein zus\u00e4tzliches Cookie in Ihrem Browser gespeichert. Dieses Cookie enth\u00e4lt keine personenbezogenen Daten und zeigt lediglich die ID des gerade zuvor bearbeiteten Artikels an. Es l\u00e4uft nach einem Tag ab.<\/p>\n\n\n\n<h2 class=\"wp-block-heading\">Eingebettete Inhalte von anderen Websites<\/h2>\n\n\n\n<p>Die Artikel auf dieser Website k\u00f6nnen eingebettete Inhalte enthalten (z. B. Filme, Bilder, Artikel etc.). Eingebettete Inhalte anderer Websites verhalten sich analog zum direkten Besuch einer bestimmten Website durch den Benutzer.<\/p>\n\n\n\n<p>Websites k\u00f6nnen Informationen \u00fcber Sie sammeln, Cookies verwenden, zus\u00e4tzliche externe Trackingsysteme hinzuf\u00fcgen und Ihre Interaktionen mit eingebettetem Material \u00fcberwachen, einschlie\u00dflich der Verfolgung Ihrer Interaktionen mit eingebettetem Material, wenn Sie \u00fcber ein Konto verf\u00fcgen und bei dieser Seite angemeldet sind.<\/p>\n\n\n\n<h2 class=\"wp-block-heading\">Mit wem wir Daten teilen<\/h2>\n\n\n\n<p>Wenn Sie ein Zur\u00fccksetzen des Passworts anfordern, wird Ihre IP-Adresse in der ausgehenden Nachricht enthalten sein.<\/p>\n\n\n\n<h2 class=\"wp-block-heading\">Wie lange wir Ihre Daten aufbewahren<\/h2>\n\n\n\n<p>Wenn Sie einen Kommentar hinterlassen, werden dessen Inhalt und Metadaten unbegrenzt gespeichert. Dadurch sind wir in der Lage, weitere Kommentare automatisch zu erkennen und zu genehmigen, ohne sie jedes Mal zur Moderation zu senden.<\/p>\n\n\n\n<p>F\u00fcr Benutzer, die sich auf unserer Website registriert haben (falls vorhanden), speichern wir auch pers\u00f6nliche Informationen, die in das Profil eingegeben werden. Jeder Benutzer kann seine pers\u00f6nlichen Daten jederzeit einsehen, korrigieren oder l\u00f6schen (mit Ausnahme des Benutzernamens, der nicht ge\u00e4ndert werden kann). Die Administratoren der Website k\u00f6nnen diese Informationen ebenfalls anzeigen und \u00e4ndern.<\/p>\n\n\n\n<h2 class=\"wp-block-heading\">Welche Rechte Sie in Bezug auf Ihre Daten haben<\/h2>\n\n\n\n<p>Wenn Sie \u00fcber ein Benutzerkonto verf\u00fcgen oder Kommentare zu dieser Website hinzugef\u00fcgt haben, k\u00f6nnen Sie die Zustellung einer Datei mit einem exportierten Satz Ihrer pers\u00f6nlichen Daten anfordern, der sich in unserem Besitz befindet, einschlie\u00dflich der Gesamtheit der von Ihnen bereitgestellten Daten. Sie k\u00f6nnen auch verlangen, dass wir alle Ihre in unserem Besitz befindlichen pers\u00f6nlichen Daten l\u00f6schen. Dies gilt nicht f\u00fcr Daten, die wir aus administrativen, rechtlichen oder Sicherheitsgr\u00fcnden aufbewahren m\u00fcssen.<\/p>\n\n\n\n<h2 class=\"wp-block-heading\">Wohin wir Ihre Daten senden<\/h2>\n\n\n\n<p>Kommentare von G\u00e4sten k\u00f6nnen mit dem automatischen Spamerkennungsdienst \u00fcberpr\u00fcft werden.<\/p>\n<\/div>\n","protected":false},"excerpt":{"rendered":"<p>Wer wir sind Die Adresse unserer Website lautet: www.silveco.eu Kommentare Wenn Besucher der Website einen Kommentar hinterlassen, erheben wir die im Kommentarformular sichtbaren Daten sowie die IP-Adresse des Besuchers und die Signatur seines Browsers als Hilfe bei der Erkennung von Spam. Eine anonymisierte Zeichenfolge, die aus Ihrer E-Mail-Adresse erstellt wird (auch als Hash bezeichnet), kann [&hellip;]<\/p>\n","protected":false},"author":4,"featured_media":0,"parent":0,"menu_order":0,"comment_status":"closed","ping_status":"open","template":"","meta":{"_acf_changed":false,"inline_featured_image":false,"footnotes":""},"class_list":["post-2679","page","type-page","status-publish","hentry"],"acf":[],"yoast_head":"<!-- This site is optimized with the Yoast SEO plugin v26.4 - https:\/\/yoast.com\/wordpress\/plugins\/seo\/ -->\n<title>Datenschutzerkl\u00e4rung - Silveco<\/title>\n<meta name=\"robots\" content=\"noindex, nofollow\" \/>\n<meta property=\"og:locale\" content=\"de_DE\" \/>\n<meta property=\"og:type\" content=\"article\" \/>\n<meta property=\"og:title\" content=\"Datenschutzerkl\u00e4rung - Silveco\" \/>\n<meta property=\"og:description\" content=\"Wer wir sind Die Adresse unserer Website lautet: www.silveco.eu Kommentare Wenn Besucher der Website einen Kommentar hinterlassen, erheben wir die im Kommentarformular sichtbaren Daten sowie die IP-Adresse des Besuchers und die Signatur seines Browsers als Hilfe bei der Erkennung von Spam. Eine anonymisierte Zeichenfolge, die aus Ihrer E-Mail-Adresse erstellt wird (auch als Hash bezeichnet), kann [&hellip;]\" \/>\n<meta property=\"og:url\" content=\"https:\/\/silveco.eu\/de\/datenschutzerklaerung\/\" \/>\n<meta property=\"og:site_name\" content=\"Silveco\" \/>\n<meta property=\"article:modified_time\" content=\"2023-08-01T09:36:38+00:00\" \/>\n<meta name=\"twitter:card\" content=\"summary_large_image\" \/>\n<meta name=\"twitter:label1\" content=\"Gesch\u00e4tzte Lesezeit\" \/>\n\t<meta name=\"twitter:data1\" content=\"3\u00a0Minuten\" \/>\n<script type=\"application\/ld+json\" class=\"yoast-schema-graph\">{\"@context\":\"https:\/\/schema.org\",\"@graph\":[{\"@type\":\"WebPage\",\"@id\":\"https:\/\/silveco.eu\/de\/datenschutzerklaerung\/\",\"url\":\"https:\/\/silveco.eu\/de\/datenschutzerklaerung\/\",\"name\":\"Datenschutzerkl\u00e4rung - Silveco\",\"isPartOf\":{\"@id\":\"https:\/\/silveco.eu\/#website\"},\"datePublished\":\"2023-03-29T13:27:47+00:00\",\"dateModified\":\"2023-08-01T09:36:38+00:00\",\"breadcrumb\":{\"@id\":\"https:\/\/silveco.eu\/de\/datenschutzerklaerung\/#breadcrumb\"},\"inLanguage\":\"de\",\"potentialAction\":[{\"@type\":\"ReadAction\",\"target\":[\"https:\/\/silveco.eu\/de\/datenschutzerklaerung\/\"]}]},{\"@type\":\"BreadcrumbList\",\"@id\":\"https:\/\/silveco.eu\/de\/datenschutzerklaerung\/#breadcrumb\",\"itemListElement\":[{\"@type\":\"ListItem\",\"position\":1,\"name\":\"Strona g\u0142\u00f3wna\",\"item\":\"https:\/\/silveco.eu\/de\/\"},{\"@type\":\"ListItem\",\"position\":2,\"name\":\"Datenschutzerkl\u00e4rung\"}]},{\"@type\":\"WebSite\",\"@id\":\"https:\/\/silveco.eu\/#website\",\"url\":\"https:\/\/silveco.eu\/\",\"name\":\"Silveco\",\"description\":\"Twoje wsparcie w hodowli\",\"publisher\":{\"@id\":\"https:\/\/silveco.eu\/#organization\"},\"potentialAction\":[{\"@type\":\"SearchAction\",\"target\":{\"@type\":\"EntryPoint\",\"urlTemplate\":\"https:\/\/silveco.eu\/?s={search_term_string}\"},\"query-input\":{\"@type\":\"PropertyValueSpecification\",\"valueRequired\":true,\"valueName\":\"search_term_string\"}}],\"inLanguage\":\"de\"},{\"@type\":\"Organization\",\"@id\":\"https:\/\/silveco.eu\/#organization\",\"name\":\"Silveco\",\"url\":\"https:\/\/silveco.eu\/\",\"logo\":{\"@type\":\"ImageObject\",\"inLanguage\":\"de\",\"@id\":\"https:\/\/silveco.eu\/#\/schema\/logo\/image\/\",\"url\":\"https:\/\/silveco.eu\/wp-content\/uploads\/2023\/03\/image-16.svg\",\"contentUrl\":\"https:\/\/silveco.eu\/wp-content\/uploads\/2023\/03\/image-16.svg\",\"width\":217,\"height\":40,\"caption\":\"Silveco\"},\"image\":{\"@id\":\"https:\/\/silveco.eu\/#\/schema\/logo\/image\/\"}}]}<\/script>\n<!-- \/ Yoast SEO plugin. -->","yoast_head_json":{"title":"Datenschutzerkl\u00e4rung - Silveco","robots":{"index":"noindex","follow":"nofollow"},"og_locale":"de_DE","og_type":"article","og_title":"Datenschutzerkl\u00e4rung - Silveco","og_description":"Wer wir sind Die Adresse unserer Website lautet: www.silveco.eu Kommentare Wenn Besucher der Website einen Kommentar hinterlassen, erheben wir die im Kommentarformular sichtbaren Daten sowie die IP-Adresse des Besuchers und die Signatur seines Browsers als Hilfe bei der Erkennung von Spam. Eine anonymisierte Zeichenfolge, die aus Ihrer E-Mail-Adresse erstellt wird (auch als Hash bezeichnet), kann [&hellip;]","og_url":"https:\/\/silveco.eu\/de\/datenschutzerklaerung\/","og_site_name":"Silveco","article_modified_time":"2023-08-01T09:36:38+00:00","twitter_card":"summary_large_image","twitter_misc":{"Gesch\u00e4tzte Lesezeit":"3\u00a0Minuten"},"schema":{"@context":"https:\/\/schema.org","@graph":[{"@type":"WebPage","@id":"https:\/\/silveco.eu\/de\/datenschutzerklaerung\/","url":"https:\/\/silveco.eu\/de\/datenschutzerklaerung\/","name":"Datenschutzerkl\u00e4rung - Silveco","isPartOf":{"@id":"https:\/\/silveco.eu\/#website"},"datePublished":"2023-03-29T13:27:47+00:00","dateModified":"2023-08-01T09:36:38+00:00","breadcrumb":{"@id":"https:\/\/silveco.eu\/de\/datenschutzerklaerung\/#breadcrumb"},"inLanguage":"de","potentialAction":[{"@type":"ReadAction","target":["https:\/\/silveco.eu\/de\/datenschutzerklaerung\/"]}]},{"@type":"BreadcrumbList","@id":"https:\/\/silveco.eu\/de\/datenschutzerklaerung\/#breadcrumb","itemListElement":[{"@type":"ListItem","position":1,"name":"Strona g\u0142\u00f3wna","item":"https:\/\/silveco.eu\/de\/"},{"@type":"ListItem","position":2,"name":"Datenschutzerkl\u00e4rung"}]},{"@type":"WebSite","@id":"https:\/\/silveco.eu\/#website","url":"https:\/\/silveco.eu\/","name":"Silveco","description":"Twoje wsparcie w hodowli","publisher":{"@id":"https:\/\/silveco.eu\/#organization"},"potentialAction":[{"@type":"SearchAction","target":{"@type":"EntryPoint","urlTemplate":"https:\/\/silveco.eu\/?s={search_term_string}"},"query-input":{"@type":"PropertyValueSpecification","valueRequired":true,"valueName":"search_term_string"}}],"inLanguage":"de"},{"@type":"Organization","@id":"https:\/\/silveco.eu\/#organization","name":"Silveco","url":"https:\/\/silveco.eu\/","logo":{"@type":"ImageObject","inLanguage":"de","@id":"https:\/\/silveco.eu\/#\/schema\/logo\/image\/","url":"https:\/\/silveco.eu\/wp-content\/uploads\/2023\/03\/image-16.svg","contentUrl":"https:\/\/silveco.eu\/wp-content\/uploads\/2023\/03\/image-16.svg","width":217,"height":40,"caption":"Silveco"},"image":{"@id":"https:\/\/silveco.eu\/#\/schema\/logo\/image\/"}}]}},"_links":{"self":[{"href":"https:\/\/silveco.eu\/de\/wp-json\/wp\/v2\/pages\/2679","targetHints":{"allow":["GET"]}}],"collection":[{"href":"https:\/\/silveco.eu\/de\/wp-json\/wp\/v2\/pages"}],"about":[{"href":"https:\/\/silveco.eu\/de\/wp-json\/wp\/v2\/types\/page"}],"author":[{"embeddable":true,"href":"https:\/\/silveco.eu\/de\/wp-json\/wp\/v2\/users\/4"}],"replies":[{"embeddable":true,"href":"https:\/\/silveco.eu\/de\/wp-json\/wp\/v2\/comments?post=2679"}],"version-history":[{"count":1,"href":"https:\/\/silveco.eu\/de\/wp-json\/wp\/v2\/pages\/2679\/revisions"}],"predecessor-version":[{"id":2686,"href":"https:\/\/silveco.eu\/de\/wp-json\/wp\/v2\/pages\/2679\/revisions\/2686"}],"wp:attachment":[{"href":"https:\/\/silveco.eu\/de\/wp-json\/wp\/v2\/media?parent=2679"}],"curies":[{"name":"wp","href":"https:\/\/api.w.org\/{rel}","templated":true}]}}