{"id":2807,"date":"2023-03-29T16:09:49","date_gmt":"2023-03-29T14:09:49","guid":{"rendered":"https:\/\/silveco.eu\/wissensdatenbank\/"},"modified":"2023-08-01T19:40:14","modified_gmt":"2023-08-01T17:40:14","slug":"wissensdatenbank","status":"publish","type":"page","link":"https:\/\/silveco.eu\/de\/wissensdatenbank\/","title":{"rendered":"WISSENSDATENBANK"},"content":{"rendered":"\n<div class=\"wp-block-group container has-global-padding is-layout-constrained wp-block-group-is-layout-constrained\">\n<h1 class=\"wp-block-heading fs-24 mb-40 aos-fade-right\">WISSENSDATENBANK<\/h1>\n\n\n\n<h2 class=\"wp-block-heading has-text-align-center fs-64 mb-40 aos-zoom-in-up\">Mit uns <mark style=\"background-color:rgba(0, 0, 0, 0);color:#38aa45\" class=\"has-inline-color\">wissen Sie mehr!<\/mark><\/h2>\n\n\n<ul class=\"wp-block-latest-posts__list aos-zoom-in-up wp-block-latest-posts\"><li><div class=\"wp-block-latest-posts__featured-image\"><a href=\"https:\/\/silveco.eu\/de\/turbospritzen-fuer-kuehe-anwendung\/\" aria-label=\"Tubospritzen f\u00fcr K\u00fche \u2013 Anwendung\"><img loading=\"lazy\" decoding=\"async\" width=\"440\" height=\"256\" src=\"https:\/\/silveco.eu\/wp-content\/uploads\/2023\/08\/turbostrzykawki-dla-krow-zastosowanie-440x256.jpg\" class=\"attachment-thumbnail size-thumbnail wp-post-image\" alt=\"turbostrzykawki dla kr\u00f3w - zastosowanie\" style=\"max-width:440px;max-height:256px;\" \/><\/a><\/div><a class=\"wp-block-latest-posts__post-title\" href=\"https:\/\/silveco.eu\/de\/turbospritzen-fuer-kuehe-anwendung\/\">Tubospritzen f\u00fcr K\u00fche \u2013 Anwendung<\/a><div class=\"wp-block-latest-posts__post-excerpt\">Injektionsschl\u00e4uche, auch Euterschl\u00e4uche genannt, sind Ger\u00e4te, die in der Rinderhaltung zum Trocknen des Euters von K\u00fchen eingesetzt werden. Sie werden verwendet, um Antibiotika oder andere Medikamente in jedes Euterviertel einzuf\u00fchren, um Infektionen w\u00e4hrend der Trockenstehperiode vorzubeugen oder zu behandeln. Wodurch zeichnen sich Euterspritzen aus? Eine Spritze ist ein d\u00fcnner Schlauch, der normalerweise aus einem flexiblen\u2026\u00a0<a class=\"wp-block-latest-posts__read-more\" href=\"https:\/\/silveco.eu\/de\/turbospritzen-fuer-kuehe-anwendung\/\" rel=\"noopener noreferrer\"><span class=\"screen-reader-text\">Tubospritzen f\u00fcr K\u00fche \u2013 Anwendung <\/span>weiterlesen<\/a><\/div><\/li>\n<li><div class=\"wp-block-latest-posts__featured-image\"><a href=\"https:\/\/silveco.eu\/de\/wie-kann-man-das-abtrocknen-von-kuehen-unterstuetzen\/\" aria-label=\"Wie kann man das Abtrocknen von K\u00fchen unterst\u00fctzen?\"><img loading=\"lazy\" decoding=\"async\" width=\"440\" height=\"256\" src=\"https:\/\/silveco.eu\/wp-content\/uploads\/2023\/08\/jak-wspomagac-zasuszanie-krow-440x256.jpg\" class=\"attachment-thumbnail size-thumbnail wp-post-image\" alt=\"jak wspomaga\u0107 zasuszanie kr\u00f3w\" style=\"max-width:440px;max-height:256px;\" \/><\/a><\/div><a class=\"wp-block-latest-posts__post-title\" href=\"https:\/\/silveco.eu\/de\/wie-kann-man-das-abtrocknen-von-kuehen-unterstuetzen\/\">Wie kann man das Abtrocknen von K\u00fchen unterst\u00fctzen?<\/a><div class=\"wp-block-latest-posts__post-excerpt\">Das Abtrocknen der Kuh, auch als Abtrockenperiode oder Zwischenschichtperiode bekannt, ist ein Begriff, der sich auf den Prozess bezieht, bei dem eine Kuh rechtzeitig f\u00fcr die n\u00e4chste Laktationsperiode die Milchproduktion einstellt. Dies ist ein nat\u00fcrlicher Zyklus, der darauf abzielt, den K\u00f6rper der Kuh auf die n\u00e4chste Tr\u00e4chtigkeit und die n\u00e4chste Laktationsperiode vorzubereiten. Die Trockenstehzeit ist\u2026\u00a0<a class=\"wp-block-latest-posts__read-more\" href=\"https:\/\/silveco.eu\/de\/wie-kann-man-das-abtrocknen-von-kuehen-unterstuetzen\/\" rel=\"noopener noreferrer\"><span class=\"screen-reader-text\">Wie kann man das Abtrocknen von K\u00fchen unterst\u00fctzen? <\/span>weiterlesen<\/a><\/div><\/li>\n<li><div class=\"wp-block-latest-posts__featured-image\"><a href=\"https:\/\/silveco.eu\/de\/sicherung-postoperativer-wunden-bei-tieren\/\" aria-label=\"Sicherung postoperativer Wunden bei Tieren\"><img loading=\"lazy\" decoding=\"async\" width=\"440\" height=\"256\" src=\"https:\/\/silveco.eu\/wp-content\/uploads\/2023\/08\/Zabezpieczanie-ran-pooperacyjnych-u-zwierzat-440x256.jpg\" class=\"attachment-thumbnail size-thumbnail wp-post-image\" alt=\"Zabezpieczanie ran pooperacyjnych u zwierz\u0105t\" style=\"max-width:440px;max-height:256px;\" \/><\/a><\/div><a class=\"wp-block-latest-posts__post-title\" href=\"https:\/\/silveco.eu\/de\/sicherung-postoperativer-wunden-bei-tieren\/\">Sicherung postoperativer Wunden bei Tieren<\/a><div class=\"wp-block-latest-posts__post-excerpt\">In der Tierhaltung sind Verletzungen verschiedenster Art, Hautsch\u00e4den und noch schwerwiegendere Wunden ein nat\u00fcrliches Ph\u00e4nomen. Es ist schwierig, sie zu verhindern, insbesondere in einer gro\u00dfen Herde, in der die Tiere manchmal um einen Platz in der Hierarchie k\u00e4mpfen. Allerdings sollte jeder Z\u00fcchter die Verhaltensregeln bei schwer heilenden Wunden bei Tieren kennen und sich dar\u00fcber informieren,\u2026\u00a0<a class=\"wp-block-latest-posts__read-more\" href=\"https:\/\/silveco.eu\/de\/sicherung-postoperativer-wunden-bei-tieren\/\" rel=\"noopener noreferrer\"><span class=\"screen-reader-text\">Sicherung postoperativer Wunden bei Tieren <\/span>weiterlesen<\/a><\/div><\/li>\n<li><div class=\"wp-block-latest-posts__featured-image\"><a href=\"https:\/\/silveco.eu\/de\/was-ist-kraetze-bei-alpakas-und-wie-behandelt-man-sie\/\" aria-label=\"Was ist Kr\u00e4tze bei Alpakas und wie behandelt man sie?\"><img loading=\"lazy\" decoding=\"async\" width=\"440\" height=\"256\" src=\"https:\/\/silveco.eu\/wp-content\/uploads\/2023\/08\/Czym-jest-swierzb-u-alpak-i-jak-go-rozpoznac-440x256.jpg\" class=\"attachment-thumbnail size-thumbnail wp-post-image\" alt=\"Czym jest \u015bwierzb u alpak i jak go rozpozna\u0107\" style=\"max-width:440px;max-height:256px;\" \/><\/a><\/div><a class=\"wp-block-latest-posts__post-title\" href=\"https:\/\/silveco.eu\/de\/was-ist-kraetze-bei-alpakas-und-wie-behandelt-man-sie\/\">Was ist Kr\u00e4tze bei Alpakas und wie behandelt man sie?<\/a><div class=\"wp-block-latest-posts__post-excerpt\">Kr\u00e4tze ist eine recht h\u00e4ufige Erkrankung bei Alpakas, die das Eingreifen des Z\u00fcchters erfordert. Eine vernachl\u00e4ssigte Krankheit kann zu einer erheblichen Verschlechterung der Gesundheit des Tieres bis hin zum Tod f\u00fchren. Jeder Z\u00fcchter sollte die Symptome von Kr\u00e4tze bei Alpakas kennen und sich \u00fcber g\u00e4ngige Behandlungsmethoden informieren. Kr\u00e4tze ist ein Parasit, der auf der Haut\u2026\u00a0<a class=\"wp-block-latest-posts__read-more\" href=\"https:\/\/silveco.eu\/de\/was-ist-kraetze-bei-alpakas-und-wie-behandelt-man-sie\/\" rel=\"noopener noreferrer\"><span class=\"screen-reader-text\">Was ist Kr\u00e4tze bei Alpakas und wie behandelt man sie? <\/span>weiterlesen<\/a><\/div><\/li>\n<li><div class=\"wp-block-latest-posts__featured-image\"><a href=\"https:\/\/silveco.eu\/de\/was-ist-kannibalismus-bei-schweinen-und-wie-kann-man-ihm-vorbeugen\/\" aria-label=\"Was ist Kannibalismus bei Schweinen und wie kann man ihm vorbeugen?\"><img loading=\"lazy\" decoding=\"async\" width=\"440\" height=\"256\" src=\"https:\/\/silveco.eu\/wp-content\/uploads\/2023\/08\/Czym-jest-kanibalizm-u-swin-i-jak-sie-objawia-440x256.jpg\" class=\"attachment-thumbnail size-thumbnail wp-post-image\" alt=\"Czym jest kanibalizm u \u015bwi\u0144 i jak si\u0119 objawia\" style=\"max-width:440px;max-height:256px;\" \/><\/a><\/div><a class=\"wp-block-latest-posts__post-title\" href=\"https:\/\/silveco.eu\/de\/was-ist-kannibalismus-bei-schweinen-und-wie-kann-man-ihm-vorbeugen\/\">Was ist Kannibalismus bei Schweinen und wie kann man ihm vorbeugen?<\/a><div class=\"wp-block-latest-posts__post-excerpt\">Aggression und Kannibalismus bei Schweinen sind Ph\u00e4nomene, die zu gravierenden Verlusten im Bestand f\u00fchren k\u00f6nnen. Jeder Z\u00fcchter sollte mit den Ursachen von Kannibalismus und den Methoden zur Vorbeugung solcher Probleme vertraut sein. Aggression kommt bei Tieren h\u00e4ufig vor und gibt nicht immer Anlass zur Sorge. Das Problem entsteht, wenn es zu heftigen K\u00e4mpfen zwischen Individuen\u2026\u00a0<a class=\"wp-block-latest-posts__read-more\" href=\"https:\/\/silveco.eu\/de\/was-ist-kannibalismus-bei-schweinen-und-wie-kann-man-ihm-vorbeugen\/\" rel=\"noopener noreferrer\"><span class=\"screen-reader-text\">Was ist Kannibalismus bei Schweinen und wie kann man ihm vorbeugen? <\/span>weiterlesen<\/a><\/div><\/li>\n<li><div class=\"wp-block-latest-posts__featured-image\"><a href=\"https:\/\/silveco.eu\/de\/asf-biosicherheit-was-ist-das-und-worum-geht-es\/\" aria-label=\"ASF-Biosicherheit \u2013 was ist das und worum geht es?\"><img loading=\"lazy\" decoding=\"async\" width=\"440\" height=\"256\" src=\"https:\/\/silveco.eu\/wp-content\/uploads\/2023\/08\/bioasekuracja-asf-swinia-440x256.jpg\" class=\"attachment-thumbnail size-thumbnail wp-post-image\" alt=\"bioasekuracja asf \u015bwinia\" style=\"max-width:440px;max-height:256px;\" \/><\/a><\/div><a class=\"wp-block-latest-posts__post-title\" href=\"https:\/\/silveco.eu\/de\/asf-biosicherheit-was-ist-das-und-worum-geht-es\/\">ASF-Biosicherheit \u2013 was ist das und worum geht es?<\/a><div class=\"wp-block-latest-posts__post-excerpt\">Unter ASP (Afrikanische Schweinepest)-Biosicherheit versteht man eine Reihe von Ma\u00dfnahmen und Verfahren zur Verhinderung und Kontrolle der Ausbreitung der Afrikanischen Schweinepest. Die Afrikanische Schweinepest ist eine schwere Infektionskrankheit, die Schweine und Wildschweine bef\u00e4llt. Sie wird durch das ASF-Virus verursacht und es gibt keine wirksame Behandlung oder Impfung. Was ist Biosicherheit auf dem Bauernhof? Jeder Landwirt\u2026\u00a0<a class=\"wp-block-latest-posts__read-more\" href=\"https:\/\/silveco.eu\/de\/asf-biosicherheit-was-ist-das-und-worum-geht-es\/\" rel=\"noopener noreferrer\"><span class=\"screen-reader-text\">ASF-Biosicherheit \u2013 was ist das und worum geht es? <\/span>weiterlesen<\/a><\/div><\/li>\n<li><div class=\"wp-block-latest-posts__featured-image\"><a href=\"https:\/\/silveco.eu\/de\/wie-desinfiziert-man-den-huehnerstall\/\" aria-label=\"Wie desinfiziert man den H\u00fchnerstall?\"><img loading=\"lazy\" decoding=\"async\" width=\"440\" height=\"256\" src=\"https:\/\/silveco.eu\/wp-content\/uploads\/2023\/08\/dezynfekcja-kurnika-440x256.jpg\" class=\"attachment-thumbnail size-thumbnail wp-post-image\" alt=\"dezynfekcja kurnika\" style=\"max-width:440px;max-height:256px;\" \/><\/a><\/div><a class=\"wp-block-latest-posts__post-title\" href=\"https:\/\/silveco.eu\/de\/wie-desinfiziert-man-den-huehnerstall\/\">Wie desinfiziert man den H\u00fchnerstall?<\/a><div class=\"wp-block-latest-posts__post-excerpt\">Die Desinfektion des H\u00fchnerstalles ist etwas, das jeder Gefl\u00fcgelhalter im Hinterkopf behalten sollte. Ohne ordnungsgem\u00e4\u00dfe Reinigung besteht f\u00fcr die Tiere ein h\u00f6heres Risiko, Viren und Bakterien ausgesetzt zu werden, die die Gesundheit der H\u00fchner beeintr\u00e4chtigen und zu einer schlechten Fleisch- und Eierproduktion beitragen k\u00f6nnen. Am besten desinfizieren Sie den H\u00fchnerstall, bevor Sie die H\u00fchner in\u2026\u00a0<a class=\"wp-block-latest-posts__read-more\" href=\"https:\/\/silveco.eu\/de\/wie-desinfiziert-man-den-huehnerstall\/\" rel=\"noopener noreferrer\"><span class=\"screen-reader-text\">Wie desinfiziert man den H\u00fchnerstall? <\/span>weiterlesen<\/a><\/div><\/li>\n<li><div class=\"wp-block-latest-posts__featured-image\"><a href=\"https:\/\/silveco.eu\/de\/desinfektion-in-der-gefluegelhaltung\/\" aria-label=\"Desinfektion in der Gefl\u00fcgelhaltung\"><img loading=\"lazy\" decoding=\"async\" width=\"440\" height=\"256\" src=\"https:\/\/silveco.eu\/wp-content\/uploads\/2023\/07\/drob-na-bloga-440x256.jpg\" class=\"attachment-thumbnail size-thumbnail wp-post-image\" alt=\"\" style=\"max-width:440px;max-height:256px;\" srcset=\"https:\/\/silveco.eu\/wp-content\/uploads\/2023\/07\/drob-na-bloga-440x256.jpg 440w, https:\/\/silveco.eu\/wp-content\/uploads\/2023\/07\/drob-na-bloga-300x175.jpg 300w, https:\/\/silveco.eu\/wp-content\/uploads\/2023\/07\/drob-na-bloga-768x447.jpg 768w, https:\/\/silveco.eu\/wp-content\/uploads\/2023\/07\/drob-na-bloga-241x140.jpg 241w, https:\/\/silveco.eu\/wp-content\/uploads\/2023\/07\/drob-na-bloga-600x349.jpg 600w, https:\/\/silveco.eu\/wp-content\/uploads\/2023\/07\/drob-na-bloga.jpg 880w\" sizes=\"auto, (max-width: 440px) 100vw, 440px\" \/><\/a><\/div><a class=\"wp-block-latest-posts__post-title\" href=\"https:\/\/silveco.eu\/de\/desinfektion-in-der-gefluegelhaltung\/\">Desinfektion in der Gefl\u00fcgelhaltung<\/a><div class=\"wp-block-latest-posts__post-excerpt\">\u201eEine intensive Gefl\u00fcgelhaltung, eine hohe Vogelkonzentration pro Raumfl\u00e4che sowie andere Parameter der Gefl\u00fcgelproduktion k\u00f6nnen die Entwicklung pathogener Mikroflora in den R\u00e4umen beg\u00fcnstigen und dadurch zu einem erh\u00f6hten Risiko f\u00fcr verschiedene Infektionskrankheiten f\u00fchren.\u201c Eine wichtige Rolle bei der ordnungsgem\u00e4\u00dfen Aufzucht von Gefl\u00fcgel spielt die ordnungsgem\u00e4\u00df durchgef\u00fchrte Desinfektion\u201c, schreibt Dr.-Ing. Henryka Gra\u017cyna Korytkowska in der aktuellen Juli-Ausgabe\u2026\u00a0<a class=\"wp-block-latest-posts__read-more\" href=\"https:\/\/silveco.eu\/de\/desinfektion-in-der-gefluegelhaltung\/\" rel=\"noopener noreferrer\"><span class=\"screen-reader-text\">Desinfektion in der Gefl\u00fcgelhaltung <\/span>weiterlesen<\/a><\/div><\/li>\n<li><div class=\"wp-block-latest-posts__featured-image\"><a href=\"https:\/\/silveco.eu\/de\/antibiotikaresistenz-und-tierhaltung\/\" aria-label=\"Antibiotikaresistenz und Tierhaltung\"><img loading=\"lazy\" decoding=\"async\" width=\"440\" height=\"256\" src=\"https:\/\/silveco.eu\/wp-content\/uploads\/2023\/07\/antybiotykoopornosc-440x256.jpg\" class=\"attachment-thumbnail size-thumbnail wp-post-image\" alt=\"\" style=\"max-width:440px;max-height:256px;\" srcset=\"https:\/\/silveco.eu\/wp-content\/uploads\/2023\/07\/antybiotykoopornosc-440x256.jpg 440w, https:\/\/silveco.eu\/wp-content\/uploads\/2023\/07\/antybiotykoopornosc-300x175.jpg 300w, https:\/\/silveco.eu\/wp-content\/uploads\/2023\/07\/antybiotykoopornosc-768x447.jpg 768w, https:\/\/silveco.eu\/wp-content\/uploads\/2023\/07\/antybiotykoopornosc-241x140.jpg 241w, https:\/\/silveco.eu\/wp-content\/uploads\/2023\/07\/antybiotykoopornosc-600x349.jpg 600w, https:\/\/silveco.eu\/wp-content\/uploads\/2023\/07\/antybiotykoopornosc.jpg 880w\" sizes=\"auto, (max-width: 440px) 100vw, 440px\" \/><\/a><\/div><a class=\"wp-block-latest-posts__post-title\" href=\"https:\/\/silveco.eu\/de\/antibiotikaresistenz-und-tierhaltung\/\">Antibiotikaresistenz und Tierhaltung<\/a><div class=\"wp-block-latest-posts__post-excerpt\">Antibiotikaresistenzen sind in den letzten Jahren zu einem ernsten Problem in der Nutztierhaltung geworden. Gemessen an der Menge an Antibiotika, die Nutztieren verabreicht werden, geh\u00f6rt Polen zu den f\u00fcnf L\u00e4ndern mit der h\u00f6chsten Zahl in der Europ\u00e4ischen Union. Hunderte Tonnen Antibiotika pro Jahrstark, lbDie Vereinten Nationen haben die wachsende Antibiotikaresistenz als das Hauptproblem der modernen\u2026\u00a0<a class=\"wp-block-latest-posts__read-more\" href=\"https:\/\/silveco.eu\/de\/antibiotikaresistenz-und-tierhaltung\/\" rel=\"noopener noreferrer\"><span class=\"screen-reader-text\">Antibiotikaresistenz und Tierhaltung <\/span>weiterlesen<\/a><\/div><\/li>\n<\/ul><\/div>\n\n<h2 class=\"wp-block-heading has-text-align-center fs-64 mt-40 aos-zoom-in-up\">Brauchen Sie <mark style=\"background-color:rgba(0, 0, 0, 0);color:#38aa45\" class=\"has-inline-color\">mehr Informationen?<\/mark><\/h2>\n","protected":false},"excerpt":{"rendered":"<p>WISSENSDATENBANK Mit uns wissen Sie mehr! Brauchen Sie mehr Informationen?<\/p>\n","protected":false},"author":4,"featured_media":0,"parent":0,"menu_order":0,"comment_status":"closed","ping_status":"closed","template":"","meta":{"_acf_changed":false,"inline_featured_image":false,"footnotes":""},"class_list":["post-2807","page","type-page","status-publish","hentry"],"acf":[],"yoast_head":"<!-- This site is optimized with the Yoast SEO plugin v26.4 - https:\/\/yoast.com\/wordpress\/plugins\/seo\/ -->\n<title>WISSENSDATENBANK - Silveco<\/title>\n<meta name=\"robots\" content=\"index, follow, max-snippet:-1, max-image-preview:large, max-video-preview:-1\" \/>\n<link rel=\"canonical\" href=\"https:\/\/silveco.eu\/de\/wissensdatenbank\/\" \/>\n<meta property=\"og:locale\" content=\"de_DE\" \/>\n<meta property=\"og:type\" content=\"article\" \/>\n<meta property=\"og:title\" content=\"WISSENSDATENBANK - Silveco\" \/>\n<meta property=\"og:description\" content=\"WISSENSDATENBANK Mit uns wissen Sie mehr! Brauchen Sie mehr Informationen?\" \/>\n<meta property=\"og:url\" content=\"https:\/\/silveco.eu\/de\/wissensdatenbank\/\" \/>\n<meta property=\"og:site_name\" content=\"Silveco\" \/>\n<meta property=\"article:modified_time\" content=\"2023-08-01T17:40:14+00:00\" \/>\n<meta name=\"twitter:card\" content=\"summary_large_image\" \/>\n<script type=\"application\/ld+json\" class=\"yoast-schema-graph\">{\"@context\":\"https:\/\/schema.org\",\"@graph\":[{\"@type\":\"WebPage\",\"@id\":\"https:\/\/silveco.eu\/de\/wissensdatenbank\/\",\"url\":\"https:\/\/silveco.eu\/de\/wissensdatenbank\/\",\"name\":\"WISSENSDATENBANK - Silveco\",\"isPartOf\":{\"@id\":\"https:\/\/silveco.eu\/#website\"},\"datePublished\":\"2023-03-29T14:09:49+00:00\",\"dateModified\":\"2023-08-01T17:40:14+00:00\",\"breadcrumb\":{\"@id\":\"https:\/\/silveco.eu\/de\/wissensdatenbank\/#breadcrumb\"},\"inLanguage\":\"de\",\"potentialAction\":[{\"@type\":\"ReadAction\",\"target\":[\"https:\/\/silveco.eu\/de\/wissensdatenbank\/\"]}]},{\"@type\":\"BreadcrumbList\",\"@id\":\"https:\/\/silveco.eu\/de\/wissensdatenbank\/#breadcrumb\",\"itemListElement\":[{\"@type\":\"ListItem\",\"position\":1,\"name\":\"Strona g\u0142\u00f3wna\",\"item\":\"https:\/\/silveco.eu\/de\/\"},{\"@type\":\"ListItem\",\"position\":2,\"name\":\"WISSENSDATENBANK\"}]},{\"@type\":\"WebSite\",\"@id\":\"https:\/\/silveco.eu\/#website\",\"url\":\"https:\/\/silveco.eu\/\",\"name\":\"Silveco\",\"description\":\"Twoje wsparcie w hodowli\",\"publisher\":{\"@id\":\"https:\/\/silveco.eu\/#organization\"},\"potentialAction\":[{\"@type\":\"SearchAction\",\"target\":{\"@type\":\"EntryPoint\",\"urlTemplate\":\"https:\/\/silveco.eu\/?s={search_term_string}\"},\"query-input\":{\"@type\":\"PropertyValueSpecification\",\"valueRequired\":true,\"valueName\":\"search_term_string\"}}],\"inLanguage\":\"de\"},{\"@type\":\"Organization\",\"@id\":\"https:\/\/silveco.eu\/#organization\",\"name\":\"Silveco\",\"url\":\"https:\/\/silveco.eu\/\",\"logo\":{\"@type\":\"ImageObject\",\"inLanguage\":\"de\",\"@id\":\"https:\/\/silveco.eu\/#\/schema\/logo\/image\/\",\"url\":\"https:\/\/silveco.eu\/wp-content\/uploads\/2023\/03\/image-16.svg\",\"contentUrl\":\"https:\/\/silveco.eu\/wp-content\/uploads\/2023\/03\/image-16.svg\",\"width\":217,\"height\":40,\"caption\":\"Silveco\"},\"image\":{\"@id\":\"https:\/\/silveco.eu\/#\/schema\/logo\/image\/\"}}]}<\/script>\n<!-- \/ Yoast SEO plugin. -->","yoast_head_json":{"title":"WISSENSDATENBANK - Silveco","robots":{"index":"index","follow":"follow","max-snippet":"max-snippet:-1","max-image-preview":"max-image-preview:large","max-video-preview":"max-video-preview:-1"},"canonical":"https:\/\/silveco.eu\/de\/wissensdatenbank\/","og_locale":"de_DE","og_type":"article","og_title":"WISSENSDATENBANK - Silveco","og_description":"WISSENSDATENBANK Mit uns wissen Sie mehr! Brauchen Sie mehr Informationen?","og_url":"https:\/\/silveco.eu\/de\/wissensdatenbank\/","og_site_name":"Silveco","article_modified_time":"2023-08-01T17:40:14+00:00","twitter_card":"summary_large_image","schema":{"@context":"https:\/\/schema.org","@graph":[{"@type":"WebPage","@id":"https:\/\/silveco.eu\/de\/wissensdatenbank\/","url":"https:\/\/silveco.eu\/de\/wissensdatenbank\/","name":"WISSENSDATENBANK - Silveco","isPartOf":{"@id":"https:\/\/silveco.eu\/#website"},"datePublished":"2023-03-29T14:09:49+00:00","dateModified":"2023-08-01T17:40:14+00:00","breadcrumb":{"@id":"https:\/\/silveco.eu\/de\/wissensdatenbank\/#breadcrumb"},"inLanguage":"de","potentialAction":[{"@type":"ReadAction","target":["https:\/\/silveco.eu\/de\/wissensdatenbank\/"]}]},{"@type":"BreadcrumbList","@id":"https:\/\/silveco.eu\/de\/wissensdatenbank\/#breadcrumb","itemListElement":[{"@type":"ListItem","position":1,"name":"Strona g\u0142\u00f3wna","item":"https:\/\/silveco.eu\/de\/"},{"@type":"ListItem","position":2,"name":"WISSENSDATENBANK"}]},{"@type":"WebSite","@id":"https:\/\/silveco.eu\/#website","url":"https:\/\/silveco.eu\/","name":"Silveco","description":"Twoje wsparcie w hodowli","publisher":{"@id":"https:\/\/silveco.eu\/#organization"},"potentialAction":[{"@type":"SearchAction","target":{"@type":"EntryPoint","urlTemplate":"https:\/\/silveco.eu\/?s={search_term_string}"},"query-input":{"@type":"PropertyValueSpecification","valueRequired":true,"valueName":"search_term_string"}}],"inLanguage":"de"},{"@type":"Organization","@id":"https:\/\/silveco.eu\/#organization","name":"Silveco","url":"https:\/\/silveco.eu\/","logo":{"@type":"ImageObject","inLanguage":"de","@id":"https:\/\/silveco.eu\/#\/schema\/logo\/image\/","url":"https:\/\/silveco.eu\/wp-content\/uploads\/2023\/03\/image-16.svg","contentUrl":"https:\/\/silveco.eu\/wp-content\/uploads\/2023\/03\/image-16.svg","width":217,"height":40,"caption":"Silveco"},"image":{"@id":"https:\/\/silveco.eu\/#\/schema\/logo\/image\/"}}]}},"_links":{"self":[{"href":"https:\/\/silveco.eu\/de\/wp-json\/wp\/v2\/pages\/2807","targetHints":{"allow":["GET"]}}],"collection":[{"href":"https:\/\/silveco.eu\/de\/wp-json\/wp\/v2\/pages"}],"about":[{"href":"https:\/\/silveco.eu\/de\/wp-json\/wp\/v2\/types\/page"}],"author":[{"embeddable":true,"href":"https:\/\/silveco.eu\/de\/wp-json\/wp\/v2\/users\/4"}],"replies":[{"embeddable":true,"href":"https:\/\/silveco.eu\/de\/wp-json\/wp\/v2\/comments?post=2807"}],"version-history":[{"count":1,"href":"https:\/\/silveco.eu\/de\/wp-json\/wp\/v2\/pages\/2807\/revisions"}],"predecessor-version":[{"id":2814,"href":"https:\/\/silveco.eu\/de\/wp-json\/wp\/v2\/pages\/2807\/revisions\/2814"}],"wp:attachment":[{"href":"https:\/\/silveco.eu\/de\/wp-json\/wp\/v2\/media?parent=2807"}],"curies":[{"name":"wp","href":"https:\/\/api.w.org\/{rel}","templated":true}]}}