{"id":2815,"date":"2023-03-29T16:09:41","date_gmt":"2023-03-29T14:09:41","guid":{"rendered":"https:\/\/silveco.eu\/aktuelles\/"},"modified":"2023-08-01T19:42:29","modified_gmt":"2023-08-01T17:42:29","slug":"aktuelles","status":"publish","type":"page","link":"https:\/\/silveco.eu\/de\/aktuelles\/","title":{"rendered":"Aktuelles"},"content":{"rendered":"\n<div class=\"wp-block-group container mb-40 pt-40 has-global-padding is-layout-constrained wp-block-group-is-layout-constrained\">\n<h1 class=\"wp-block-heading fs-24 mb-40 aos-fade-right\">Aktuelles<\/h1>\n\n\n\n<div class=\"wp-block-query mb-40 pb-4 is-layout-flow wp-block-query-is-layout-flow\"><ul class=\"wp-block-post-template is-layout-flow wp-block-post-template-is-layout-flow\"><li class=\"wp-block-post post-3533 post type-post status-publish format-standard has-post-thumbnail hentry category-aktuelles tag-euterentzundung tag-mastitis-de tag-milch tag-rinder tag-wunschelrutenspritzen tag-wunschelrutenspritzen-de\">\n\n<div class=\"wp-block-columns alignwide are-vertically-aligned-center w-100 is-layout-flex wp-container-core-columns-is-layout-28f84493 wp-block-columns-is-layout-flex\">\n<div class=\"wp-block-column is-vertically-aligned-center is-layout-flow wp-block-column-is-layout-flow\" style=\"flex-basis:50%\"><figure class=\"rounded-img text-center aos-fade-right aos-delay-100 wp-block-post-featured-image\"><a href=\"https:\/\/silveco.eu\/de\/silveco-nanomast-produkt-wirksamkeitsstudie-bei-milchvieh\/\" target=\"_self\"  ><img loading=\"lazy\" decoding=\"async\" width=\"2556\" height=\"1400\" src=\"https:\/\/silveco.eu\/wp-content\/uploads\/2023\/09\/raport_zajawka.jpg\" class=\"attachment-post-thumbnail size-post-thumbnail wp-post-image\" alt=\"SILVECO NanoMast Produkt Wirksamkeitsstudie bei Milchvieh.\" style=\"object-fit:cover;\" srcset=\"https:\/\/silveco.eu\/wp-content\/uploads\/2023\/09\/raport_zajawka.jpg 2556w, https:\/\/silveco.eu\/wp-content\/uploads\/2023\/09\/raport_zajawka-300x164.jpg 300w, https:\/\/silveco.eu\/wp-content\/uploads\/2023\/09\/raport_zajawka-1024x561.jpg 1024w, https:\/\/silveco.eu\/wp-content\/uploads\/2023\/09\/raport_zajawka-768x421.jpg 768w, https:\/\/silveco.eu\/wp-content\/uploads\/2023\/09\/raport_zajawka-1536x841.jpg 1536w, https:\/\/silveco.eu\/wp-content\/uploads\/2023\/09\/raport_zajawka-2048x1122.jpg 2048w, https:\/\/silveco.eu\/wp-content\/uploads\/2023\/09\/raport_zajawka-241x132.jpg 241w, https:\/\/silveco.eu\/wp-content\/uploads\/2023\/09\/raport_zajawka-600x329.jpg 600w\" sizes=\"auto, (max-width: 2556px) 100vw, 2556px\" \/><\/a><\/figure><\/div>\n\n\n\n<div class=\"wp-block-column is-vertically-aligned-center is-layout-flow wp-block-column-is-layout-flow\" style=\"flex-basis:50%\"><h2 class=\"fs-48 aos-fade-right aos-delay-100 wp-block-post-title has-text-color has-secondary-color\">SILVECO NanoMast Produkt Wirksamkeitsstudie bei Milchvieh.<\/h2>\n\n<div class=\"btn btn-primary aos-fade-right aos-delay-200 wp-block-post-excerpt\"><p class=\"wp-block-post-excerpt__excerpt\">\ud83d\udce3Wir freuen uns, Ihnen mitteilen zu k\u00f6nnen, dass wir soeben einen BERICHT \u00fcber die j\u00fcngsten Feldversuche mit unserem Produkt SILVECO NanoMast zur Pflege und Vorbeugung von Eutererkrankungen bei Milchvieh erhalten haben. Ziel der Studie war es, die Wirksamkeit unseres Pr\u00e4parats, das aktive Formen von Silber enth\u00e4lt, zu bewerten. Die Studie wurde in zwei landwirtschaftlichen Betrieben<\/p><p class=\"wp-block-post-excerpt__more-text\"><a class=\"wp-block-post-excerpt__more-link\" href=\"https:\/\/silveco.eu\/de\/silveco-nanomast-produkt-wirksamkeitsstudie-bei-milchvieh\/\">MEHR<\/a><\/p><\/div><\/div>\n<\/div>\n\n<\/li><\/ul><\/div>\n\n\n\n<h2 class=\"wp-block-heading has-text-align-center h2 aos-zoom-in-up\"><mark style=\"background-color:rgba(0, 0, 0, 0)\" class=\"has-inline-color has-primary-color\">Weitere<\/mark> Nachrichten<\/h2>\n\n\n<ul class=\"wp-block-latest-posts__list aos-zoom-in-up wp-block-latest-posts\"><li><div class=\"wp-block-latest-posts__featured-image\"><a href=\"https:\/\/silveco.eu\/de\/silveco-nanomast-produkt-wirksamkeitsstudie-bei-milchvieh\/\" aria-label=\"SILVECO NanoMast Produkt Wirksamkeitsstudie bei Milchvieh.\"><img loading=\"lazy\" decoding=\"async\" width=\"440\" height=\"256\" src=\"https:\/\/silveco.eu\/wp-content\/uploads\/2023\/09\/raport_zajawka-440x256.jpg\" class=\"attachment-thumbnail size-thumbnail wp-post-image\" alt=\"Mastitis, zapalenia wymion, tubostrzykawki, byd\u0142o mleczne\" style=\"max-width:440px;max-height:256px;\" \/><\/a><\/div><a class=\"wp-block-latest-posts__post-title\" href=\"https:\/\/silveco.eu\/de\/silveco-nanomast-produkt-wirksamkeitsstudie-bei-milchvieh\/\">SILVECO NanoMast Produkt Wirksamkeitsstudie bei Milchvieh.<\/a><div class=\"wp-block-latest-posts__post-excerpt\">\ud83d\udce3Wir freuen uns, Ihnen mitteilen zu k\u00f6nnen, dass wir soeben einen BERICHT \u00fcber die j\u00fcngsten Feldversuche mit unserem Produkt SILVECO NanoMast zur Pflege und Vorbeugung von Eutererkrankungen bei Milchvieh erhalten haben. Ziel der Studie war es, die Wirksamkeit unseres Pr\u00e4parats, das aktive Formen von Silber enth\u00e4lt, zu bewerten. Die Studie wurde in zwei landwirtschaftlichen Betrieben\u2026\u00a0<a class=\"wp-block-latest-posts__read-more\" href=\"https:\/\/silveco.eu\/de\/silveco-nanomast-produkt-wirksamkeitsstudie-bei-milchvieh\/\" rel=\"noopener noreferrer\"><span class=\"screen-reader-text\">SILVECO NanoMast Produkt Wirksamkeitsstudie bei Milchvieh. <\/span>weiterlesen<\/a><\/div><\/li>\n<li><div class=\"wp-block-latest-posts__featured-image\"><a href=\"https:\/\/silveco.eu\/de\/profitieren-sie-von-der-herbstaktion-fuer-silveco-produkte\/\" aria-label=\"Profitieren Sie von der Herbstaktion f\u00fcr SILVECO-Produkte\"><img loading=\"lazy\" decoding=\"async\" width=\"440\" height=\"256\" src=\"https:\/\/silveco.eu\/wp-content\/uploads\/2023\/08\/promocja-440x256.jpg\" class=\"attachment-thumbnail size-thumbnail wp-post-image\" alt=\"\" style=\"max-width:440px;max-height:256px;\" srcset=\"https:\/\/silveco.eu\/wp-content\/uploads\/2023\/08\/promocja-440x256.jpg 440w, https:\/\/silveco.eu\/wp-content\/uploads\/2023\/08\/promocja-300x175.jpg 300w, https:\/\/silveco.eu\/wp-content\/uploads\/2023\/08\/promocja-768x447.jpg 768w, https:\/\/silveco.eu\/wp-content\/uploads\/2023\/08\/promocja-241x140.jpg 241w, https:\/\/silveco.eu\/wp-content\/uploads\/2023\/08\/promocja-600x349.jpg 600w, https:\/\/silveco.eu\/wp-content\/uploads\/2023\/08\/promocja.jpg 880w\" sizes=\"auto, (max-width: 440px) 100vw, 440px\" \/><\/a><\/div><a class=\"wp-block-latest-posts__post-title\" href=\"https:\/\/silveco.eu\/de\/profitieren-sie-von-der-herbstaktion-fuer-silveco-produkte\/\">Profitieren Sie von der Herbstaktion f\u00fcr SILVECO-Produkte<\/a><div class=\"wp-block-latest-posts__post-excerpt\">Wichtige Information f\u00fcr Tier\u00e4rzte und Tierz\u00fcchter \u2013 wir starten mit der Herbstaktion! Das Angebot gilt vom 21. August bis 30. September. Die Feiertage gehen unaufhaltsam zu Ende und der Herbst wird unweigerlich nach ihnen kommen. Diese Jahreszeit ist nicht immer golden, sonnig und ruhig. Bereiten Sie Ihre Haustiere auf die Herbstsaison vor. Wir haben f\u00fcr\u2026\u00a0<a class=\"wp-block-latest-posts__read-more\" href=\"https:\/\/silveco.eu\/de\/profitieren-sie-von-der-herbstaktion-fuer-silveco-produkte\/\" rel=\"noopener noreferrer\"><span class=\"screen-reader-text\">Profitieren Sie von der Herbstaktion f\u00fcr SILVECO-Produkte <\/span>weiterlesen<\/a><\/div><\/li>\n<li><div class=\"wp-block-latest-posts__featured-image\"><a href=\"https:\/\/silveco.eu\/de\/trends-in-der-veterinaermedizin-auf-jubilaeumskonferenz\/\" aria-label=\"Trends in der Veterin\u00e4rmedizin auf Jubil\u00e4umskonferenz\"><img loading=\"lazy\" decoding=\"async\" width=\"440\" height=\"256\" src=\"https:\/\/silveco.eu\/wp-content\/uploads\/2023\/06\/konferenbcja-440x256.jpg\" class=\"attachment-thumbnail size-thumbnail wp-post-image\" alt=\"\" style=\"max-width:440px;max-height:256px;\" \/><\/a><\/div><a class=\"wp-block-latest-posts__post-title\" href=\"https:\/\/silveco.eu\/de\/trends-in-der-veterinaermedizin-auf-jubilaeumskonferenz\/\">Trends in der Veterin\u00e4rmedizin auf Jubil\u00e4umskonferenz<\/a><div class=\"wp-block-latest-posts__post-excerpt\">Am 22. und 23. Juni nahmen wir an der internationalen wissenschaftlichen Konferenz in Polanica Zdr\u00f3j teil. Die Konferenz fand unter dem Motto &#8222;QUO VADIS, VETERINARIA?&#8220; statt. Bei der 25. Jubil\u00e4umsausgabe der Konferenz wurden Entwicklungstrends in der Veterin\u00e4rmedizin er\u00f6rtert. Zu den behandelten Themen geh\u00f6rten die Physiologie und Pathologie der Wiederk\u00e4uer, die Fortpflanzung von Rindern und Erkrankungen\u2026\u00a0<a class=\"wp-block-latest-posts__read-more\" href=\"https:\/\/silveco.eu\/de\/trends-in-der-veterinaermedizin-auf-jubilaeumskonferenz\/\" rel=\"noopener noreferrer\"><span class=\"screen-reader-text\">Trends in der Veterin\u00e4rmedizin auf Jubil\u00e4umskonferenz <\/span>weiterlesen<\/a><\/div><\/li>\n<li><div class=\"wp-block-latest-posts__featured-image\"><a href=\"https:\/\/silveco.eu\/de\/konferenz-der-schweineaerzte\/\" aria-label=\"Konferenz der Schweine\u00e4rzte\"><img loading=\"lazy\" decoding=\"async\" width=\"400\" height=\"256\" src=\"https:\/\/silveco.eu\/wp-content\/uploads\/2023\/06\/konferencja-400x256.jpg\" class=\"attachment-thumbnail size-thumbnail wp-post-image\" alt=\"\" style=\"max-width:440px;max-height:256px;\" \/><\/a><\/div><a class=\"wp-block-latest-posts__post-title\" href=\"https:\/\/silveco.eu\/de\/konferenz-der-schweineaerzte\/\">Konferenz der Schweine\u00e4rzte<\/a><div class=\"wp-block-latest-posts__post-excerpt\">Bereits am 13. Juni 2023 beginnt am 27. Internationale Konferenz der Schweine\u00e4rzte \u201eSPEZIALISTEN F\u00dcR SPEZIALISTEN\u201c. Wie jedes Jahr werden Vertreter unseres Unternehmens daran teilnehmen. Das Thema der diesj\u00e4hrigen Konferenz lautet \u201eNachhaltige Schweineproduktion; Antibiotika \u2013 Notwendigkeit oder Bedrohung?Datum: 13.-14.06.Veranstaltungsort: Hotel Metropolo by Golden Tulip (ul. Orzechowa 11, Krakau). Detailliertes Programm: HIER<\/div><\/li>\n<li><div class=\"wp-block-latest-posts__featured-image\"><a href=\"https:\/\/silveco.eu\/de\/weltveterinaertag\/\" aria-label=\"Weltveterin\u00e4rtag\"><img loading=\"lazy\" decoding=\"async\" width=\"440\" height=\"256\" src=\"https:\/\/silveco.eu\/wp-content\/uploads\/2023\/06\/weterynarz-440x256.jpg\" class=\"attachment-thumbnail size-thumbnail wp-post-image\" alt=\"\" style=\"max-width:440px;max-height:256px;\" \/><\/a><\/div><a class=\"wp-block-latest-posts__post-title\" href=\"https:\/\/silveco.eu\/de\/weltveterinaertag\/\">Weltveterin\u00e4rtag<\/a><div class=\"wp-block-latest-posts__post-excerpt\">Am 29. April feiern wir den Weltveterin\u00e4rtag. Dies ist eine gro\u00dfartige Gelegenheit zu erkennen, wie unbezahlbar ihre Arbeit und die Hilfe, die sie den Tieren leisten, ist. Vielen Dank!<\/div><\/li>\n<li><div class=\"wp-block-latest-posts__featured-image\"><a href=\"https:\/\/silveco.eu\/de\/frohe-und-friedliche-ostern\/\" aria-label=\"Frohe und friedliche Ostern!\"><img loading=\"lazy\" decoding=\"async\" width=\"440\" height=\"256\" src=\"https:\/\/silveco.eu\/wp-content\/uploads\/2023\/06\/swieta-440x256.jpg\" class=\"attachment-thumbnail size-thumbnail wp-post-image\" alt=\"\" style=\"max-width:440px;max-height:256px;\" \/><\/a><\/div><a class=\"wp-block-latest-posts__post-title\" href=\"https:\/\/silveco.eu\/de\/frohe-und-friedliche-ostern\/\">Frohe und friedliche Ostern!<\/a><div class=\"wp-block-latest-posts__post-excerpt\"><\/div><\/li>\n<li><div class=\"wp-block-latest-posts__featured-image\"><a href=\"https:\/\/silveco.eu\/de\/alles-gute-zum-tag-der-frauen\/\" aria-label=\"Alles Gute zum Tag der Frauen!\"><img loading=\"lazy\" decoding=\"async\" width=\"440\" height=\"256\" src=\"https:\/\/silveco.eu\/wp-content\/uploads\/2023\/06\/dzien-kobiet-440x256.jpg\" class=\"attachment-thumbnail size-thumbnail wp-post-image\" alt=\"\" style=\"max-width:440px;max-height:256px;\" \/><\/a><\/div><a class=\"wp-block-latest-posts__post-title\" href=\"https:\/\/silveco.eu\/de\/alles-gute-zum-tag-der-frauen\/\">Alles Gute zum Tag der Frauen!<\/a><div class=\"wp-block-latest-posts__post-excerpt\">Wir feiern den 8. M\u00e4rz! Alles wundervolle Momente f\u00fcr alle Damen!<\/div><\/li>\n<li><div class=\"wp-block-latest-posts__featured-image\"><a href=\"https:\/\/silveco.eu\/de\/zuchtkonferenz-schweinetag\/\" aria-label=\"Zuchtkonferenz &#8211; Schweinetag\"><img loading=\"lazy\" decoding=\"async\" width=\"440\" height=\"256\" src=\"https:\/\/silveco.eu\/wp-content\/uploads\/2023\/06\/swinka-e1686133632828-440x256.jpg\" class=\"attachment-thumbnail size-thumbnail wp-post-image\" alt=\"\" style=\"max-width:440px;max-height:256px;\" \/><\/a><\/div><a class=\"wp-block-latest-posts__post-title\" href=\"https:\/\/silveco.eu\/de\/zuchtkonferenz-schweinetag\/\">Zuchtkonferenz &#8211; Schweinetag<\/a><div class=\"wp-block-latest-posts__post-excerpt\">Probleme der Schweineproduzenten und -z\u00fcchter, Verfahren im Zusammenhang mit der Biosicherheit, \u00f6kologische Sicherheitspl\u00e4ne in Schweinest\u00e4llen \u2013 das sind die Themen, die auf der Konferenz in Miko\u0142\u00f3w am 28. Februar 2023 diskutiert wurden. Die Veranstaltung wurde vom Schlesischen Agrarberatungszentrum in Cz\u0119stochowa gemeinsam mit dem Woiwodschaftsverband der Schweinez\u00fcchter und -produzenten in Kattowitz organisiert. Im Anschluss an die\u2026\u00a0<a class=\"wp-block-latest-posts__read-more\" href=\"https:\/\/silveco.eu\/de\/zuchtkonferenz-schweinetag\/\" rel=\"noopener noreferrer\"><span class=\"screen-reader-text\">Zuchtkonferenz &#8211; Schweinetag <\/span>weiterlesen<\/a><\/div><\/li>\n<li><div class=\"wp-block-latest-posts__featured-image\"><a href=\"https:\/\/silveco.eu\/de\/frohe-weihnachten\/\" aria-label=\"Frohe Weihnachten\"><img loading=\"lazy\" decoding=\"async\" width=\"440\" height=\"256\" src=\"https:\/\/silveco.eu\/wp-content\/uploads\/2023\/04\/SILVECO_Swieta-440x256.jpg\" class=\"attachment-thumbnail size-thumbnail wp-post-image\" alt=\"\" style=\"max-width:440px;max-height:256px;\" \/><\/a><\/div><a class=\"wp-block-latest-posts__post-title\" href=\"https:\/\/silveco.eu\/de\/frohe-weihnachten\/\">Frohe Weihnachten<\/a><div class=\"wp-block-latest-posts__post-excerpt\">Frohe Weihnachten!<\/div><\/li>\n<\/ul>\n\n\n<div class=\"wp-block-buttons aos-zoom-in-up is-content-justification-center is-layout-flex wp-container-core-buttons-is-layout-a89b3969 wp-block-buttons-is-layout-flex\">\n<div class=\"wp-block-button btn btn-primary\"><a class=\"wp-block-button__link wp-element-button\" href=\"https:\/\/silveco.eu\/de\/aktuelles\/\">MEHR<\/a><\/div>\n<\/div>\n<\/div>\n\n<div class=\"wp-block-group before-footer container mb-40 has-global-padding is-layout-constrained wp-block-group-is-layout-constrained\">\n<h2 class=\"wp-block-heading has-text-align-center fs-64 mt-40 aos-zoom-in-up\">Brauchen Sie <mark style=\"background-color:rgba(0, 0, 0, 0);color:#38aa45\" class=\"has-inline-color\">mehr Informationen?<\/mark><\/h2>\n<\/div>\n","protected":false},"excerpt":{"rendered":"<p>Aktuelles Weitere Nachrichten Brauchen Sie mehr Informationen?<\/p>\n","protected":false},"author":4,"featured_media":0,"parent":0,"menu_order":0,"comment_status":"closed","ping_status":"closed","template":"","meta":{"_acf_changed":false,"inline_featured_image":false,"footnotes":""},"class_list":["post-2815","page","type-page","status-publish","hentry"],"acf":[],"yoast_head":"<!-- This site is optimized with the Yoast SEO plugin v26.4 - https:\/\/yoast.com\/wordpress\/plugins\/seo\/ -->\n<title>Aktuelles - Silveco<\/title>\n<meta name=\"robots\" content=\"index, follow, max-snippet:-1, max-image-preview:large, max-video-preview:-1\" \/>\n<link rel=\"canonical\" href=\"https:\/\/silveco.eu\/de\/aktuelles\/\" \/>\n<meta property=\"og:locale\" content=\"de_DE\" \/>\n<meta property=\"og:type\" content=\"article\" \/>\n<meta property=\"og:title\" content=\"Aktuelles - Silveco\" \/>\n<meta property=\"og:description\" content=\"Aktuelles Weitere Nachrichten Brauchen Sie mehr Informationen?\" \/>\n<meta property=\"og:url\" content=\"https:\/\/silveco.eu\/de\/aktuelles\/\" \/>\n<meta property=\"og:site_name\" content=\"Silveco\" \/>\n<meta property=\"article:modified_time\" content=\"2023-08-01T17:42:29+00:00\" \/>\n<meta name=\"twitter:card\" content=\"summary_large_image\" \/>\n<script type=\"application\/ld+json\" class=\"yoast-schema-graph\">{\"@context\":\"https:\/\/schema.org\",\"@graph\":[{\"@type\":\"WebPage\",\"@id\":\"https:\/\/silveco.eu\/de\/aktuelles\/\",\"url\":\"https:\/\/silveco.eu\/de\/aktuelles\/\",\"name\":\"Aktuelles - Silveco\",\"isPartOf\":{\"@id\":\"https:\/\/silveco.eu\/#website\"},\"datePublished\":\"2023-03-29T14:09:41+00:00\",\"dateModified\":\"2023-08-01T17:42:29+00:00\",\"breadcrumb\":{\"@id\":\"https:\/\/silveco.eu\/de\/aktuelles\/#breadcrumb\"},\"inLanguage\":\"de\",\"potentialAction\":[{\"@type\":\"ReadAction\",\"target\":[\"https:\/\/silveco.eu\/de\/aktuelles\/\"]}]},{\"@type\":\"BreadcrumbList\",\"@id\":\"https:\/\/silveco.eu\/de\/aktuelles\/#breadcrumb\",\"itemListElement\":[{\"@type\":\"ListItem\",\"position\":1,\"name\":\"Strona g\u0142\u00f3wna\",\"item\":\"https:\/\/silveco.eu\/de\/\"},{\"@type\":\"ListItem\",\"position\":2,\"name\":\"Aktuelles\"}]},{\"@type\":\"WebSite\",\"@id\":\"https:\/\/silveco.eu\/#website\",\"url\":\"https:\/\/silveco.eu\/\",\"name\":\"Silveco\",\"description\":\"Twoje wsparcie w hodowli\",\"publisher\":{\"@id\":\"https:\/\/silveco.eu\/#organization\"},\"potentialAction\":[{\"@type\":\"SearchAction\",\"target\":{\"@type\":\"EntryPoint\",\"urlTemplate\":\"https:\/\/silveco.eu\/?s={search_term_string}\"},\"query-input\":{\"@type\":\"PropertyValueSpecification\",\"valueRequired\":true,\"valueName\":\"search_term_string\"}}],\"inLanguage\":\"de\"},{\"@type\":\"Organization\",\"@id\":\"https:\/\/silveco.eu\/#organization\",\"name\":\"Silveco\",\"url\":\"https:\/\/silveco.eu\/\",\"logo\":{\"@type\":\"ImageObject\",\"inLanguage\":\"de\",\"@id\":\"https:\/\/silveco.eu\/#\/schema\/logo\/image\/\",\"url\":\"https:\/\/silveco.eu\/wp-content\/uploads\/2023\/03\/image-16.svg\",\"contentUrl\":\"https:\/\/silveco.eu\/wp-content\/uploads\/2023\/03\/image-16.svg\",\"width\":217,\"height\":40,\"caption\":\"Silveco\"},\"image\":{\"@id\":\"https:\/\/silveco.eu\/#\/schema\/logo\/image\/\"}}]}<\/script>\n<!-- \/ Yoast SEO plugin. -->","yoast_head_json":{"title":"Aktuelles - Silveco","robots":{"index":"index","follow":"follow","max-snippet":"max-snippet:-1","max-image-preview":"max-image-preview:large","max-video-preview":"max-video-preview:-1"},"canonical":"https:\/\/silveco.eu\/de\/aktuelles\/","og_locale":"de_DE","og_type":"article","og_title":"Aktuelles - Silveco","og_description":"Aktuelles Weitere Nachrichten Brauchen Sie mehr Informationen?","og_url":"https:\/\/silveco.eu\/de\/aktuelles\/","og_site_name":"Silveco","article_modified_time":"2023-08-01T17:42:29+00:00","twitter_card":"summary_large_image","schema":{"@context":"https:\/\/schema.org","@graph":[{"@type":"WebPage","@id":"https:\/\/silveco.eu\/de\/aktuelles\/","url":"https:\/\/silveco.eu\/de\/aktuelles\/","name":"Aktuelles - Silveco","isPartOf":{"@id":"https:\/\/silveco.eu\/#website"},"datePublished":"2023-03-29T14:09:41+00:00","dateModified":"2023-08-01T17:42:29+00:00","breadcrumb":{"@id":"https:\/\/silveco.eu\/de\/aktuelles\/#breadcrumb"},"inLanguage":"de","potentialAction":[{"@type":"ReadAction","target":["https:\/\/silveco.eu\/de\/aktuelles\/"]}]},{"@type":"BreadcrumbList","@id":"https:\/\/silveco.eu\/de\/aktuelles\/#breadcrumb","itemListElement":[{"@type":"ListItem","position":1,"name":"Strona g\u0142\u00f3wna","item":"https:\/\/silveco.eu\/de\/"},{"@type":"ListItem","position":2,"name":"Aktuelles"}]},{"@type":"WebSite","@id":"https:\/\/silveco.eu\/#website","url":"https:\/\/silveco.eu\/","name":"Silveco","description":"Twoje wsparcie w hodowli","publisher":{"@id":"https:\/\/silveco.eu\/#organization"},"potentialAction":[{"@type":"SearchAction","target":{"@type":"EntryPoint","urlTemplate":"https:\/\/silveco.eu\/?s={search_term_string}"},"query-input":{"@type":"PropertyValueSpecification","valueRequired":true,"valueName":"search_term_string"}}],"inLanguage":"de"},{"@type":"Organization","@id":"https:\/\/silveco.eu\/#organization","name":"Silveco","url":"https:\/\/silveco.eu\/","logo":{"@type":"ImageObject","inLanguage":"de","@id":"https:\/\/silveco.eu\/#\/schema\/logo\/image\/","url":"https:\/\/silveco.eu\/wp-content\/uploads\/2023\/03\/image-16.svg","contentUrl":"https:\/\/silveco.eu\/wp-content\/uploads\/2023\/03\/image-16.svg","width":217,"height":40,"caption":"Silveco"},"image":{"@id":"https:\/\/silveco.eu\/#\/schema\/logo\/image\/"}}]}},"_links":{"self":[{"href":"https:\/\/silveco.eu\/de\/wp-json\/wp\/v2\/pages\/2815","targetHints":{"allow":["GET"]}}],"collection":[{"href":"https:\/\/silveco.eu\/de\/wp-json\/wp\/v2\/pages"}],"about":[{"href":"https:\/\/silveco.eu\/de\/wp-json\/wp\/v2\/types\/page"}],"author":[{"embeddable":true,"href":"https:\/\/silveco.eu\/de\/wp-json\/wp\/v2\/users\/4"}],"replies":[{"embeddable":true,"href":"https:\/\/silveco.eu\/de\/wp-json\/wp\/v2\/comments?post=2815"}],"version-history":[{"count":1,"href":"https:\/\/silveco.eu\/de\/wp-json\/wp\/v2\/pages\/2815\/revisions"}],"predecessor-version":[{"id":2822,"href":"https:\/\/silveco.eu\/de\/wp-json\/wp\/v2\/pages\/2815\/revisions\/2822"}],"wp:attachment":[{"href":"https:\/\/silveco.eu\/de\/wp-json\/wp\/v2\/media?parent=2815"}],"curies":[{"name":"wp","href":"https:\/\/api.w.org\/{rel}","templated":true}]}}