{"id":3426,"date":"2023-10-02T16:16:50","date_gmt":"2023-10-02T14:16:50","guid":{"rendered":"https:\/\/silveco.eu\/desinfektion-in-der-zucht\/"},"modified":"2024-02-12T22:50:39","modified_gmt":"2024-02-12T21:50:39","slug":"desinfektion","status":"publish","type":"page","link":"https:\/\/silveco.eu\/de\/desinfektion\/","title":{"rendered":"Desinfektion in der Zucht"},"content":{"rendered":"\n<div class=\"wp-block-group container mb-40 has-global-padding is-layout-constrained wp-block-group-is-layout-constrained\">\n<h2 class=\"wp-block-heading fs-24 mb-40\" style=\"font-style:normal;font-weight:400\">Desinfektion in der Zucht<\/h2>\n\n\n\n<div class=\"wp-block-columns are-vertically-aligned-center is-layout-flex wp-container-core-columns-is-layout-28f84493 wp-block-columns-is-layout-flex\">\n<div class=\"wp-block-column is-vertically-aligned-center is-layout-flow wp-block-column-is-layout-flow\">\n<h2 class=\"wp-block-heading fs-48\" style=\"font-style:normal;font-weight:800;line-height:1.2\">Produkte <mark style=\"background-color:rgba(0, 0, 0, 0);color:#38aa45\" class=\"has-inline-color\">mit aktivem Silber<\/mark> f\u00fcr Nutztiere<\/h2>\n\n\n\n<p class=\"fs-14\">Auf den richtigen Hygienestandard zu achten, ist eine der Grundlagen einer modernen, gut funktionierenden Zucht.<br\/>Bei <strong>SILVECO<\/strong> erf\u00fcllen wir die Erwartungen von Tier\u00e4rzten und Z\u00fcchtern, indem wir ein zuverl\u00e4ssiges Desinfektionsmittel anbieten, das aktive Formen von Silber enth\u00e4lt.<\/p>\n\n\n\n<h1 class=\"wp-block-heading\" style=\"font-size:clamp(15.747px, 0.984rem + ((1vw - 3.2px) * 0.737), 24px);\"><strong>Desinfektion der Zucht \u2013 bew\u00e4hrte Produkte mit Nanosilber f\u00fcr Zuchttiere<\/strong><\/h1>\n\n\n\n<p class=\"fs-14\">Wir bieten Z\u00fcchtern und Tier\u00e4rzten hochwertige Produkte zur Desinfektion von landwirtschaftlichen Betrieben. Der Zweck der Desinfektion besteht darin, Mikroorganismen und Krankheitserreger zu zerst\u00f6ren, die Tieren schaden k\u00f6nnten. Die von uns hergestellten Produkte enthalten aktive Silbermolek\u00fcle, die f\u00fcr ihre bakteriziden Eigenschaften bekannt sind. Speziell f\u00fcr Desinfektionszwecke zubereitet, sind die Mittel f\u00f6rderlich f\u00fcr die Vorbeugung von Krankheiten, da sie vor der Ausbreitung von Viren, Bakterien und Pilzen sch\u00fctzen, was dazu beitr\u00e4gt, schwere Krankheiten in der Zucht zu vermeiden.<\/p>\n\n\n\n<p class=\"fs-14\">Unsere Pr\u00e4parate zeichnen sich durch ein breites Wirkungsspektrum aus. Die Verwendung der Produkte aus unserem Angebot erm\u00f6glicht eine effektive und systematische Desinfektion der Zucht, wodurch es m\u00f6glich sein wird, die Menge an Mikroorganismen in der Umwelt kontinuierlich zu reduzieren. Mittel mit Aktivsilber sind eine interessante Alternative zu g\u00e4ngigen Desinfektionsmitteln. Silber ist nat\u00fcrlich und gleichzeitig hochwirksam bei der Bek\u00e4mpfung von Krankheitserregern.<\/p>\n<\/div>\n\n\n\n<div class=\"wp-block-column is-vertically-aligned-center is-layout-flow wp-block-column-is-layout-flow\">\n<figure class=\"wp-block-image aligncenter size-full\"><img loading=\"lazy\" decoding=\"async\" width=\"668\" height=\"480\" src=\"https:\/\/silveco.eu\/wp-content\/uploads\/2023\/05\/dezynfekcja.webp\" alt=\"\" class=\"wp-image-840\" srcset=\"https:\/\/silveco.eu\/wp-content\/uploads\/2023\/05\/dezynfekcja.webp 668w, https:\/\/silveco.eu\/wp-content\/uploads\/2023\/05\/dezynfekcja-300x216.webp 300w, https:\/\/silveco.eu\/wp-content\/uploads\/2023\/05\/dezynfekcja-228x164.webp 228w, https:\/\/silveco.eu\/wp-content\/uploads\/2023\/05\/dezynfekcja-600x431.webp 600w\" sizes=\"auto, (max-width: 668px) 100vw, 668px\" \/><\/figure>\n<\/div>\n<\/div>\n\n\n\n<p class=\"has-text-align-left fs-14\">Silber hat biozide Eigenschaften und ist sicher f\u00fcr Tiere. Dank dessen ist es perfekt f\u00fcr die Desinfektion der f\u00fcr die Zucht bestimmten Geb\u00e4ude. Die einzigartige Rezeptur unserer Produkte bietet langanhaltenden mikrobiologischen Schutz.<\/p>\n<\/div>\n\n<h2 class=\"wp-block-heading has-text-align-center fs-64 mt-40\">Die wichtigsten <mark style=\"background-color:rgba(0, 0, 0, 0);color:#38aa45\" class=\"has-inline-color\">Vorteile:<\/mark><\/h2>\n<div data-block-name=\"woocommerce\/product-category\" data-categories=\"[36]\" data-content-visibility=\"{&quot;image&quot;:true,&quot;title&quot;:true,&quot;price&quot;:false,&quot;rating&quot;:false,&quot;button&quot;:false}\" data-rows=\"1\" data-stock-status=\"[&quot;&quot;,&quot;&quot;,&quot;instock&quot;,&quot;outofstock&quot;,&quot;onbackorder&quot;]\" class=\"wc-block-grid wp-block-product-category wp-block-woocommerce-product-category wc-block-product-category has-3-columns container benefits-section mb-40\"><ul class=\"wc-block-grid__products\"><li class=\"wc-block-grid__product\">\n\t\t\t\t<a href=\"https:\/\/silveco.eu\/en\/produkt\/silveco-pigeon\/\" class=\"wc-block-grid__product-link\">\n\t\t\t\t\t\n\t\t\t\t\t<div class=\"wc-block-grid__product-image\"><img loading=\"lazy\" decoding=\"async\" width=\"300\" height=\"300\" src=\"https:\/\/silveco.eu\/wp-content\/uploads\/2024\/02\/golab_PL-1-300x300.png\" class=\"attachment-woocommerce_thumbnail size-woocommerce_thumbnail\" alt=\"SILVECO+ Pigeon Biocidal Disinfectant Concentrate\" srcset=\"https:\/\/silveco.eu\/wp-content\/uploads\/2024\/02\/golab_PL-1-300x300.png 300w, https:\/\/silveco.eu\/wp-content\/uploads\/2024\/02\/golab_PL-1-768x768.png 768w, https:\/\/silveco.eu\/wp-content\/uploads\/2024\/02\/golab_PL-1-164x164.png 164w, https:\/\/silveco.eu\/wp-content\/uploads\/2024\/02\/golab_PL-1-600x600.png 600w, https:\/\/silveco.eu\/wp-content\/uploads\/2024\/02\/golab_PL-1-100x100.png 100w, https:\/\/silveco.eu\/wp-content\/uploads\/2024\/02\/golab_PL-1.png 800w\" sizes=\"auto, (max-width: 300px) 100vw, 300px\" \/><\/div>\n\t\t\t\t\t<div class=\"wc-block-grid__product-title\">SILVECO+ Pigeon Biocidal Disinfectant Concentrate<\/div>\n\t\t\t\t<\/a>\n\t\t\t\t\n\t\t\t\t\n\t\t\t\t\n\t\t\t<\/li><li class=\"wc-block-grid__product\">\n\t\t\t\t<a href=\"https:\/\/silveco.eu\/en\/produkt\/silveco-plus\/\" class=\"wc-block-grid__product-link\">\n\t\t\t\t\t\n\t\t\t\t\t<div class=\"wc-block-grid__product-image\"><img loading=\"lazy\" decoding=\"async\" width=\"300\" height=\"300\" src=\"https:\/\/silveco.eu\/wp-content\/uploads\/2024\/01\/Silveco-5l-6-300x300.png\" class=\"attachment-woocommerce_thumbnail size-woocommerce_thumbnail\" alt=\"SILVECO+ Biocidal disinfectant concentrate\" srcset=\"https:\/\/silveco.eu\/wp-content\/uploads\/2024\/01\/Silveco-5l-6-300x300.png 300w, https:\/\/silveco.eu\/wp-content\/uploads\/2024\/01\/Silveco-5l-6-768x768.png 768w, https:\/\/silveco.eu\/wp-content\/uploads\/2024\/01\/Silveco-5l-6-164x164.png 164w, https:\/\/silveco.eu\/wp-content\/uploads\/2024\/01\/Silveco-5l-6-600x600.png 600w, https:\/\/silveco.eu\/wp-content\/uploads\/2024\/01\/Silveco-5l-6-100x100.png 100w, https:\/\/silveco.eu\/wp-content\/uploads\/2024\/01\/Silveco-5l-6.png 800w\" sizes=\"auto, (max-width: 300px) 100vw, 300px\" \/><\/div>\n\t\t\t\t\t<div class=\"wc-block-grid__product-title\">SILVECO+ Biocidal disinfectant concentrate<\/div>\n\t\t\t\t<\/a>\n\t\t\t\t\n\t\t\t\t\n\t\t\t\t\n\t\t\t<\/li><\/ul><\/div>\n<div class=\"wp-block-group has-global-padding is-layout-constrained wp-block-group-is-layout-constrained\">\n<h4 class=\"wp-block-heading has-text-align-center fs-64 container\">Siehe auch:<\/h4>\n\n\n\n<div class=\"wp-block-group before-footer container mb-40 has-global-padding is-layout-constrained wp-block-group-is-layout-constrained\">\n<div class=\"wp-block-columns are-vertically-aligned-center before-footer__columns is-layout-flex wp-container-core-columns-is-layout-28f84493 wp-block-columns-is-layout-flex\">\n<div class=\"wp-block-column is-vertically-aligned-center before-footer--left aos-flip-left is-layout-flow wp-block-column-is-layout-flow\">\n<div class=\"wp-block-columns are-vertically-aligned-center is-layout-flex wp-container-core-columns-is-layout-28f84493 wp-block-columns-is-layout-flex\">\n<div class=\"wp-block-column is-vertically-aligned-center is-layout-flow wp-block-column-is-layout-flow\" style=\"flex-basis:66.66%\">\n<h4 class=\"wp-block-heading has-light-grey-color has-text-color has-h-2-font-size\"><strong>Desinfektion von Tierst\u00e4llen<\/strong><\/h4>\n\n\n\n<div class=\"wp-block-buttons is-content-justification-left is-layout-flex wp-container-core-buttons-is-layout-9d8a7149 wp-block-buttons-is-layout-flex\">\n<div class=\"wp-block-button btn btn-white is-style-fill\"><a class=\"wp-block-button__link wp-element-button\" href=\"https:\/\/silveco.eu\/kategoria-produktu\/dezynfekcja-pomieszczen-inwentarskich\/\" style=\"border-radius:0px;padding-right:var(--wp--preset--spacing--80);padding-left:var(--wp--preset--spacing--80)\">Mehr<\/a><\/div>\n<\/div>\n<\/div>\n\n\n\n<div class=\"wp-block-column is-vertically-aligned-center is-layout-flow wp-block-column-is-layout-flow\" style=\"flex-basis:33.33%\">\n<figure class=\"wp-block-image size-full\"><img decoding=\"async\" src=\"https:\/\/silveco.eu\/wp-content\/uploads\/2024\/01\/Silveco-5l-2.png\" alt=\"\" class=\"wp-image-32\"\/><\/figure>\n<\/div>\n<\/div>\n<\/div>\n\n\n\n<div class=\"wp-block-column is-vertically-aligned-center before-footer--left2 is-layout-flow wp-block-column-is-layout-flow\">\n<div class=\"wp-block-buttons btn btn-primary is-content-justification-left is-layout-flex wp-container-core-buttons-is-layout-9d8a7149 wp-block-buttons-is-layout-flex\"><\/div>\n<\/div>\n<\/div>\n<\/div>\n\n\n\n<div class=\"wp-block-group before-footer container mb-40 has-global-padding is-layout-constrained wp-block-group-is-layout-constrained\">\n<div class=\"wp-block-columns are-vertically-aligned-center before-footer__columns is-layout-flex wp-container-core-columns-is-layout-28f84493 wp-block-columns-is-layout-flex\">\n<div class=\"wp-block-column is-vertically-aligned-center before-footer--left2 is-layout-flow wp-block-column-is-layout-flow\">\n<h3 class=\"wp-block-heading\">Vertreter <mark style=\"background-color:rgba(0, 0, 0, 0);color:#38aa45\" class=\"has-inline-color\">finden<\/mark><\/h3>\n\n\n\n<p class=\"fs-14\">Wenn Sie sich lieber unterhalten oder sich zu einer Pr\u00e4sentation von <strong>SILVECO<\/strong>-Produkten verabreden m\u00f6chten, wenden Sie sich an einen unserer regionalen Vertreter.<\/p>\n\n\n\n<div class=\"wp-block-buttons btn btn-primary is-content-justification-left is-layout-flex wp-container-core-buttons-is-layout-9d8a7149 wp-block-buttons-is-layout-flex\">\n<div class=\"wp-block-button\"><a class=\"wp-block-button__link wp-element-button\" href=\"https:\/\/silveco.eu\/de\/kontakt\/\">Da will ich hin<\/a><\/div>\n<\/div>\n<\/div>\n\n\n\n<div class=\"wp-block-column is-vertically-aligned-center before-footer--left aos-flip-left is-layout-flow wp-block-column-is-layout-flow\">\n<div class=\"wp-block-columns are-vertically-aligned-center is-layout-flex wp-container-core-columns-is-layout-28f84493 wp-block-columns-is-layout-flex\">\n<div class=\"wp-block-column is-vertically-aligned-center is-layout-flow wp-block-column-is-layout-flow\" style=\"flex-basis:66.66%\">\n<h3 class=\"wp-block-heading\">Verkaufsstellen anzeigen!<\/h3>\n\n\n\n<p class=\"fs-14\">Finden Sie Vertriebsstellen f\u00fcr unsere Produkte in Ihrer N\u00e4he.<\/p>\n\n\n\n<div class=\"wp-block-buttons is-content-justification-center is-layout-flex wp-container-core-buttons-is-layout-749adb30 wp-block-buttons-is-layout-flex\">\n<div class=\"wp-block-button btn btn-white\"><a class=\"wp-block-button__link wp-element-button\" href=\"https:\/\/silveco.eu\/de\/verkaufsstellen\/\">Karte der Verkaufsstellen<\/a><\/div>\n<\/div>\n<\/div>\n\n\n\n<div class=\"wp-block-column is-vertically-aligned-center is-layout-flow wp-block-column-is-layout-flow\" style=\"flex-basis:33.33%\">\n<figure class=\"wp-block-image size-large\"><img loading=\"lazy\" decoding=\"async\" width=\"201\" height=\"191\" src=\"https:\/\/silveco.eu\/wp-content\/uploads\/\/Group-69.svg\" alt=\"\" class=\"wp-image-92\"\/><\/figure>\n<\/div>\n<\/div>\n<\/div>\n<\/div>\n<\/div>\n<\/div>\n","protected":false},"excerpt":{"rendered":"<p>Desinfektion in der Zucht Produkte mit aktivem Silber f\u00fcr Nutztiere Auf den richtigen Hygienestandard zu achten, ist eine der Grundlagen einer modernen, gut funktionierenden Zucht.Bei SILVECO erf\u00fcllen wir die Erwartungen von Tier\u00e4rzten und Z\u00fcchtern, indem wir ein zuverl\u00e4ssiges Desinfektionsmittel anbieten, das aktive Formen von Silber enth\u00e4lt. Desinfektion der Zucht \u2013 bew\u00e4hrte Produkte mit Nanosilber f\u00fcr [&hellip;]<\/p>\n","protected":false},"author":7,"featured_media":0,"parent":0,"menu_order":0,"comment_status":"closed","ping_status":"closed","template":"","meta":{"_acf_changed":false,"inline_featured_image":false,"footnotes":""},"class_list":["post-3426","page","type-page","status-publish","hentry"],"acf":[],"yoast_head":"<!-- This site is optimized with the Yoast SEO plugin v26.4 - https:\/\/yoast.com\/wordpress\/plugins\/seo\/ -->\n<title>Desinfektion in der Zucht - Silveco<\/title>\n<meta name=\"robots\" content=\"index, follow, max-snippet:-1, max-image-preview:large, max-video-preview:-1\" \/>\n<link rel=\"canonical\" href=\"https:\/\/silveco.eu\/de\/desinfektion\/\" \/>\n<meta property=\"og:locale\" content=\"de_DE\" \/>\n<meta property=\"og:type\" content=\"article\" \/>\n<meta property=\"og:title\" content=\"Desinfektion in der Zucht - Silveco\" \/>\n<meta property=\"og:description\" content=\"Desinfektion in der Zucht Produkte mit aktivem Silber f\u00fcr Nutztiere Auf den richtigen Hygienestandard zu achten, ist eine der Grundlagen einer modernen, gut funktionierenden Zucht.Bei SILVECO erf\u00fcllen wir die Erwartungen von Tier\u00e4rzten und Z\u00fcchtern, indem wir ein zuverl\u00e4ssiges Desinfektionsmittel anbieten, das aktive Formen von Silber enth\u00e4lt. Desinfektion der Zucht \u2013 bew\u00e4hrte Produkte mit Nanosilber f\u00fcr [&hellip;]\" \/>\n<meta property=\"og:url\" content=\"https:\/\/silveco.eu\/de\/desinfektion\/\" \/>\n<meta property=\"og:site_name\" content=\"Silveco\" \/>\n<meta property=\"article:modified_time\" content=\"2024-02-12T21:50:39+00:00\" \/>\n<meta property=\"og:image\" content=\"https:\/\/silveco.eu\/wp-content\/uploads\/2023\/05\/dezynfekcja.webp\" \/>\n<meta name=\"twitter:card\" content=\"summary_large_image\" \/>\n<meta name=\"twitter:label1\" content=\"Gesch\u00e4tzte Lesezeit\" \/>\n\t<meta name=\"twitter:data1\" content=\"3\u00a0Minuten\" \/>\n<script type=\"application\/ld+json\" class=\"yoast-schema-graph\">{\"@context\":\"https:\/\/schema.org\",\"@graph\":[{\"@type\":\"WebPage\",\"@id\":\"https:\/\/silveco.eu\/de\/desinfektion\/\",\"url\":\"https:\/\/silveco.eu\/de\/desinfektion\/\",\"name\":\"Desinfektion in der Zucht - Silveco\",\"isPartOf\":{\"@id\":\"https:\/\/silveco.eu\/#website\"},\"primaryImageOfPage\":{\"@id\":\"https:\/\/silveco.eu\/de\/desinfektion\/#primaryimage\"},\"image\":{\"@id\":\"https:\/\/silveco.eu\/de\/desinfektion\/#primaryimage\"},\"thumbnailUrl\":\"https:\/\/silveco.eu\/wp-content\/uploads\/2023\/05\/dezynfekcja.webp\",\"datePublished\":\"2023-10-02T14:16:50+00:00\",\"dateModified\":\"2024-02-12T21:50:39+00:00\",\"breadcrumb\":{\"@id\":\"https:\/\/silveco.eu\/de\/desinfektion\/#breadcrumb\"},\"inLanguage\":\"de\",\"potentialAction\":[{\"@type\":\"ReadAction\",\"target\":[\"https:\/\/silveco.eu\/de\/desinfektion\/\"]}]},{\"@type\":\"ImageObject\",\"inLanguage\":\"de\",\"@id\":\"https:\/\/silveco.eu\/de\/desinfektion\/#primaryimage\",\"url\":\"https:\/\/silveco.eu\/wp-content\/uploads\/2023\/05\/dezynfekcja.webp\",\"contentUrl\":\"https:\/\/silveco.eu\/wp-content\/uploads\/2023\/05\/dezynfekcja.webp\"},{\"@type\":\"BreadcrumbList\",\"@id\":\"https:\/\/silveco.eu\/de\/desinfektion\/#breadcrumb\",\"itemListElement\":[{\"@type\":\"ListItem\",\"position\":1,\"name\":\"Strona g\u0142\u00f3wna\",\"item\":\"https:\/\/silveco.eu\/de\/\"},{\"@type\":\"ListItem\",\"position\":2,\"name\":\"Desinfektion in der Zucht\"}]},{\"@type\":\"WebSite\",\"@id\":\"https:\/\/silveco.eu\/#website\",\"url\":\"https:\/\/silveco.eu\/\",\"name\":\"Silveco\",\"description\":\"Twoje wsparcie w hodowli\",\"publisher\":{\"@id\":\"https:\/\/silveco.eu\/#organization\"},\"potentialAction\":[{\"@type\":\"SearchAction\",\"target\":{\"@type\":\"EntryPoint\",\"urlTemplate\":\"https:\/\/silveco.eu\/?s={search_term_string}\"},\"query-input\":{\"@type\":\"PropertyValueSpecification\",\"valueRequired\":true,\"valueName\":\"search_term_string\"}}],\"inLanguage\":\"de\"},{\"@type\":\"Organization\",\"@id\":\"https:\/\/silveco.eu\/#organization\",\"name\":\"Silveco\",\"url\":\"https:\/\/silveco.eu\/\",\"logo\":{\"@type\":\"ImageObject\",\"inLanguage\":\"de\",\"@id\":\"https:\/\/silveco.eu\/#\/schema\/logo\/image\/\",\"url\":\"https:\/\/silveco.eu\/wp-content\/uploads\/2023\/03\/image-16.svg\",\"contentUrl\":\"https:\/\/silveco.eu\/wp-content\/uploads\/2023\/03\/image-16.svg\",\"width\":217,\"height\":40,\"caption\":\"Silveco\"},\"image\":{\"@id\":\"https:\/\/silveco.eu\/#\/schema\/logo\/image\/\"}}]}<\/script>\n<!-- \/ Yoast SEO plugin. -->","yoast_head_json":{"title":"Desinfektion in der Zucht - Silveco","robots":{"index":"index","follow":"follow","max-snippet":"max-snippet:-1","max-image-preview":"max-image-preview:large","max-video-preview":"max-video-preview:-1"},"canonical":"https:\/\/silveco.eu\/de\/desinfektion\/","og_locale":"de_DE","og_type":"article","og_title":"Desinfektion in der Zucht - Silveco","og_description":"Desinfektion in der Zucht Produkte mit aktivem Silber f\u00fcr Nutztiere Auf den richtigen Hygienestandard zu achten, ist eine der Grundlagen einer modernen, gut funktionierenden Zucht.Bei SILVECO erf\u00fcllen wir die Erwartungen von Tier\u00e4rzten und Z\u00fcchtern, indem wir ein zuverl\u00e4ssiges Desinfektionsmittel anbieten, das aktive Formen von Silber enth\u00e4lt. Desinfektion der Zucht \u2013 bew\u00e4hrte Produkte mit Nanosilber f\u00fcr [&hellip;]","og_url":"https:\/\/silveco.eu\/de\/desinfektion\/","og_site_name":"Silveco","article_modified_time":"2024-02-12T21:50:39+00:00","og_image":[{"url":"https:\/\/silveco.eu\/wp-content\/uploads\/2023\/05\/dezynfekcja.webp","type":"","width":"","height":""}],"twitter_card":"summary_large_image","twitter_misc":{"Gesch\u00e4tzte Lesezeit":"3\u00a0Minuten"},"schema":{"@context":"https:\/\/schema.org","@graph":[{"@type":"WebPage","@id":"https:\/\/silveco.eu\/de\/desinfektion\/","url":"https:\/\/silveco.eu\/de\/desinfektion\/","name":"Desinfektion in der Zucht - Silveco","isPartOf":{"@id":"https:\/\/silveco.eu\/#website"},"primaryImageOfPage":{"@id":"https:\/\/silveco.eu\/de\/desinfektion\/#primaryimage"},"image":{"@id":"https:\/\/silveco.eu\/de\/desinfektion\/#primaryimage"},"thumbnailUrl":"https:\/\/silveco.eu\/wp-content\/uploads\/2023\/05\/dezynfekcja.webp","datePublished":"2023-10-02T14:16:50+00:00","dateModified":"2024-02-12T21:50:39+00:00","breadcrumb":{"@id":"https:\/\/silveco.eu\/de\/desinfektion\/#breadcrumb"},"inLanguage":"de","potentialAction":[{"@type":"ReadAction","target":["https:\/\/silveco.eu\/de\/desinfektion\/"]}]},{"@type":"ImageObject","inLanguage":"de","@id":"https:\/\/silveco.eu\/de\/desinfektion\/#primaryimage","url":"https:\/\/silveco.eu\/wp-content\/uploads\/2023\/05\/dezynfekcja.webp","contentUrl":"https:\/\/silveco.eu\/wp-content\/uploads\/2023\/05\/dezynfekcja.webp"},{"@type":"BreadcrumbList","@id":"https:\/\/silveco.eu\/de\/desinfektion\/#breadcrumb","itemListElement":[{"@type":"ListItem","position":1,"name":"Strona g\u0142\u00f3wna","item":"https:\/\/silveco.eu\/de\/"},{"@type":"ListItem","position":2,"name":"Desinfektion in der Zucht"}]},{"@type":"WebSite","@id":"https:\/\/silveco.eu\/#website","url":"https:\/\/silveco.eu\/","name":"Silveco","description":"Twoje wsparcie w hodowli","publisher":{"@id":"https:\/\/silveco.eu\/#organization"},"potentialAction":[{"@type":"SearchAction","target":{"@type":"EntryPoint","urlTemplate":"https:\/\/silveco.eu\/?s={search_term_string}"},"query-input":{"@type":"PropertyValueSpecification","valueRequired":true,"valueName":"search_term_string"}}],"inLanguage":"de"},{"@type":"Organization","@id":"https:\/\/silveco.eu\/#organization","name":"Silveco","url":"https:\/\/silveco.eu\/","logo":{"@type":"ImageObject","inLanguage":"de","@id":"https:\/\/silveco.eu\/#\/schema\/logo\/image\/","url":"https:\/\/silveco.eu\/wp-content\/uploads\/2023\/03\/image-16.svg","contentUrl":"https:\/\/silveco.eu\/wp-content\/uploads\/2023\/03\/image-16.svg","width":217,"height":40,"caption":"Silveco"},"image":{"@id":"https:\/\/silveco.eu\/#\/schema\/logo\/image\/"}}]}},"_links":{"self":[{"href":"https:\/\/silveco.eu\/de\/wp-json\/wp\/v2\/pages\/3426","targetHints":{"allow":["GET"]}}],"collection":[{"href":"https:\/\/silveco.eu\/de\/wp-json\/wp\/v2\/pages"}],"about":[{"href":"https:\/\/silveco.eu\/de\/wp-json\/wp\/v2\/types\/page"}],"author":[{"embeddable":true,"href":"https:\/\/silveco.eu\/de\/wp-json\/wp\/v2\/users\/7"}],"replies":[{"embeddable":true,"href":"https:\/\/silveco.eu\/de\/wp-json\/wp\/v2\/comments?post=3426"}],"version-history":[{"count":6,"href":"https:\/\/silveco.eu\/de\/wp-json\/wp\/v2\/pages\/3426\/revisions"}],"predecessor-version":[{"id":4010,"href":"https:\/\/silveco.eu\/de\/wp-json\/wp\/v2\/pages\/3426\/revisions\/4010"}],"wp:attachment":[{"href":"https:\/\/silveco.eu\/de\/wp-json\/wp\/v2\/media?parent=3426"}],"curies":[{"name":"wp","href":"https:\/\/api.w.org\/{rel}","templated":true}]}}