{"id":3459,"date":"2023-10-02T17:51:05","date_gmt":"2023-10-02T15:51:05","guid":{"rendered":"https:\/\/silveco.eu\/gesundheit-von-euter-und-fortpflanzungsorganen-bei-rindern\/"},"modified":"2023-10-02T18:06:05","modified_gmt":"2023-10-02T16:06:05","slug":"gesundheit-von-euter-und-fortpflanzungsorganen","status":"publish","type":"page","link":"https:\/\/silveco.eu\/de\/gesundheit-von-euter-und-fortpflanzungsorganen\/","title":{"rendered":"Gesundheit von Euter und Fortpflanzungsorganen"},"content":{"rendered":"\n<div class=\"wp-block-group container mb-40 has-global-padding is-layout-constrained wp-block-group-is-layout-constrained\">\n<h2 class=\"wp-block-heading fs-24 mb-40\" style=\"font-style:normal;font-weight:400\">Gesundheit von Euter und Fortpflanzungsorganen bei Rindern<\/h2>\n\n\n\n<div class=\"wp-block-columns are-vertically-aligned-center is-layout-flex wp-container-core-columns-is-layout-28f84493 wp-block-columns-is-layout-flex\">\n<div class=\"wp-block-column is-vertically-aligned-center is-layout-flow wp-block-column-is-layout-flow\">\n<h2 class=\"wp-block-heading fs-48\" style=\"font-style:normal;font-weight:800;line-height:1.2\"><mark style=\"background-color:rgba(0, 0, 0, 0);color:#38aa45\" class=\"has-inline-color\">Weniger Antibiotika <\/mark><br\/>bedeutet niedrigere Zuchtkosten.<\/h2>\n\n\n\n<p class=\"fs-14\">Produkte auf Basis von aktiven Formen von Silber und seiner antibakteriellen Wirkung. Sie bew\u00e4hren sich perfekt im Fall von Antibiotikaresistenzen. Sie erm\u00f6glichen auch eine deutliche Reduzierung des Einsatzes von Antibiotika allein und damit eine Senkung der Zuchtkosten.<\/p>\n\n\n\n<p class=\"fs-14\">F\u00fcr jeden Z\u00fcchter ist die Gesundheit von Euter und Fortpflanzungsorganen sehr wichtig, deren Ziel es ist, Mastitis bei Tieren zu verhindern. Es ist eine der h\u00e4ufigsten und in der Behandlung teuersten Erkrankungen bei Rindern, die zu einer Verringerung der Milchleistung und einer Verschlechterung der Qualit\u00e4t der erzeugten Milch f\u00fchrt. Eine Kuh, die an Mastitis leidet, produziert minderwertige Milch und kann die Infektion auf andere Tiere \u00fcbertragen. Die Behandlung der Krankheit ist sehr schwierig, weshalb sich alle Z\u00fcchter in erster Linie auf ihre Vorbeugung konzentrieren sollten. <\/p>\n\n\n\n<p class=\"fs-14\">Wir sind Hersteller von Mitteln zur Prophylaxe der Eutergesundheit bei K\u00fchen. Die systematische Anwendung von Wirkstoffen mit aktivem Silber kann dazu beitragen, das Risiko einer Mastitis bei K\u00fchen zu verringern. Unsere Pr\u00e4parate wurden getestet und sind eine gute Option zur nat\u00fcrlichen Vorbeugung von Mastitis. Aktives Silber erh\u00f6ht die Resistenz gegen Mikroorganismen und schr\u00e4nkt die Ausbreitung der Krankheit ein<\/p>\n\n\n\n<p class=\"fs-14\">Die in den Pr\u00e4paraten enthaltenen Silber-Nanopartikel bieten langfristigen Schutz vor Mikroorganismen<br\/>und sind absolut sicher f\u00fcr Tiere.<\/p>\n<\/div>\n\n\n\n<div class=\"wp-block-column is-vertically-aligned-center is-layout-flow wp-block-column-is-layout-flow\">\n<figure class=\"wp-block-image size-full is-resized\"><img decoding=\"async\" src=\"https:\/\/silveco.eu\/wp-content\/uploads\/2023\/10\/krowy.webp\" alt=\"Rindern\" class=\"wp-image-3447\" style=\"width:656px\" width=\"656\" srcset=\"https:\/\/silveco.eu\/wp-content\/uploads\/2023\/10\/krowy.webp 668w, https:\/\/silveco.eu\/wp-content\/uploads\/2023\/10\/krowy-300x216.webp 300w, https:\/\/silveco.eu\/wp-content\/uploads\/2023\/10\/krowy-228x164.webp 228w, https:\/\/silveco.eu\/wp-content\/uploads\/2023\/10\/krowy-600x431.webp 600w\" sizes=\"(max-width: 668px) 100vw, 668px\" \/><\/figure>\n<\/div>\n<\/div>\n\n\n\n<p><\/p>\n<\/div>\n\n<h2 class=\"wp-block-heading has-text-align-center fs-64 mt-40\">Die wichtigsten <mark style=\"background-color:rgba(0, 0, 0, 0);color:#38aa45\" class=\"has-inline-color\">Vorteile:<\/mark><\/h2>\n<div data-block-name=\"woocommerce\/product-category\" data-categories=\"[40]\" data-content-visibility=\"{&quot;image&quot;:true,&quot;title&quot;:true,&quot;price&quot;:false,&quot;rating&quot;:false,&quot;button&quot;:false}\" data-orderby=\"menu_order\" data-rows=\"1\" data-stock-status=\"[&quot;&quot;,&quot;instock&quot;,&quot;outofstock&quot;,&quot;onbackorder&quot;]\" class=\"wc-block-grid wp-block-product-category wp-block-woocommerce-product-category wc-block-product-category has-3-columns container benefits-section mb-40\"><ul class=\"wc-block-grid__products\"><li class=\"wc-block-grid__product\">\n\t\t\t\t<a href=\"https:\/\/silveco.eu\/en\/produkt\/silveco-nanodip\/\" class=\"wc-block-grid__product-link\">\n\t\t\t\t\t\n\t\t\t\t\t<div class=\"wc-block-grid__product-image\"><img loading=\"lazy\" decoding=\"async\" width=\"300\" height=\"300\" src=\"https:\/\/silveco.eu\/wp-content\/uploads\/2024\/02\/Nanodip-mockup-wlasciwy-300x300.png\" class=\"attachment-woocommerce_thumbnail size-woocommerce_thumbnail\" alt=\"SILVECO NanoDip Preparation for post-milking hygiene\" srcset=\"https:\/\/silveco.eu\/wp-content\/uploads\/2024\/02\/Nanodip-mockup-wlasciwy-300x300.png 300w, https:\/\/silveco.eu\/wp-content\/uploads\/2024\/02\/Nanodip-mockup-wlasciwy-1024x1024.png 1024w, https:\/\/silveco.eu\/wp-content\/uploads\/2024\/02\/Nanodip-mockup-wlasciwy-768x768.png 768w, https:\/\/silveco.eu\/wp-content\/uploads\/2024\/02\/Nanodip-mockup-wlasciwy-1536x1536.png 1536w, https:\/\/silveco.eu\/wp-content\/uploads\/2024\/02\/Nanodip-mockup-wlasciwy-164x164.png 164w, https:\/\/silveco.eu\/wp-content\/uploads\/2024\/02\/Nanodip-mockup-wlasciwy-600x600.png 600w, https:\/\/silveco.eu\/wp-content\/uploads\/2024\/02\/Nanodip-mockup-wlasciwy-100x100.png 100w, https:\/\/silveco.eu\/wp-content\/uploads\/2024\/02\/Nanodip-mockup-wlasciwy.png 2000w\" sizes=\"auto, (max-width: 300px) 100vw, 300px\" \/><\/div>\n\t\t\t\t\t<div class=\"wc-block-grid__product-title\">SILVECO NanoDip Preparation for post-milking hygiene<\/div>\n\t\t\t\t<\/a>\n\t\t\t\t\n\t\t\t\t\n\t\t\t\t\n\t\t\t<\/li><li class=\"wc-block-grid__product\">\n\t\t\t\t<a href=\"https:\/\/silveco.eu\/en\/produkt\/nanomast\/\" class=\"wc-block-grid__product-link\">\n\t\t\t\t\t\n\t\t\t\t\t<div class=\"wc-block-grid__product-image\"><img loading=\"lazy\" decoding=\"async\" width=\"300\" height=\"300\" src=\"https:\/\/silveco.eu\/wp-content\/uploads\/2024\/01\/NanoMast-800x800-1-300x300.png\" class=\"attachment-woocommerce_thumbnail size-woocommerce_thumbnail\" alt=\"SILVECO NanoMast Preparation for care and prevention of udders\" srcset=\"https:\/\/silveco.eu\/wp-content\/uploads\/2024\/01\/NanoMast-800x800-1-300x300.png 300w, https:\/\/silveco.eu\/wp-content\/uploads\/2024\/01\/NanoMast-800x800-1-768x768.png 768w, https:\/\/silveco.eu\/wp-content\/uploads\/2024\/01\/NanoMast-800x800-1-164x164.png 164w, https:\/\/silveco.eu\/wp-content\/uploads\/2024\/01\/NanoMast-800x800-1-600x600.png 600w, https:\/\/silveco.eu\/wp-content\/uploads\/2024\/01\/NanoMast-800x800-1-100x100.png 100w, https:\/\/silveco.eu\/wp-content\/uploads\/2024\/01\/NanoMast-800x800-1.png 800w\" sizes=\"auto, (max-width: 300px) 100vw, 300px\" \/><\/div>\n\t\t\t\t\t<div class=\"wc-block-grid__product-title\">SILVECO NanoMast Preparation for care and prevention of udders<\/div>\n\t\t\t\t<\/a>\n\t\t\t\t\n\t\t\t\t\n\t\t\t\t\n\t\t\t<\/li><li class=\"wc-block-grid__product\">\n\t\t\t\t<a href=\"https:\/\/silveco.eu\/en\/produkt\/silveco-nanoudder-cooling-gel-cooling-gel-for-udders\/\" class=\"wc-block-grid__product-link\">\n\t\t\t\t\t\n\t\t\t\t\t<div class=\"wc-block-grid__product-image\"><img loading=\"lazy\" decoding=\"async\" width=\"300\" height=\"300\" src=\"https:\/\/silveco.eu\/wp-content\/uploads\/2025\/05\/chlodzacy-1-1-300x300.png\" class=\"attachment-woocommerce_thumbnail size-woocommerce_thumbnail\" alt=\"\u017cel na krowie wymiona - ch\u0142odz\u0105cy\" srcset=\"https:\/\/silveco.eu\/wp-content\/uploads\/2025\/05\/chlodzacy-1-1-300x300.png 300w, https:\/\/silveco.eu\/wp-content\/uploads\/2025\/05\/chlodzacy-1-1-164x164.png 164w, https:\/\/silveco.eu\/wp-content\/uploads\/2025\/05\/chlodzacy-1-1-100x100.png 100w, https:\/\/silveco.eu\/wp-content\/uploads\/2025\/05\/chlodzacy-1-1.png 591w\" sizes=\"auto, (max-width: 300px) 100vw, 300px\" \/><\/div>\n\t\t\t\t\t<div class=\"wc-block-grid__product-title\">SILVECO NanoUdder Cooling Gel &#8211; cooling gel for the udder<\/div>\n\t\t\t\t<\/a>\n\t\t\t\t\n\t\t\t\t\n\t\t\t\t\n\t\t\t<\/li><\/ul><\/div>\n<div class=\"wp-block-group container mb-40 has-global-padding is-layout-constrained wp-block-group-is-layout-constrained\">\n<div class=\"wp-block-columns are-vertically-aligned-center is-layout-flex wp-container-core-columns-is-layout-28f84493 wp-block-columns-is-layout-flex\">\n<div class=\"wp-block-column is-vertically-aligned-center is-layout-flow wp-block-column-is-layout-flow\">\n<h2 class=\"wp-block-heading\">Wie macht sich Mastitis bei K\u00fchen bemerkbar?<\/h2>\n\n\n\n<p class=\"fs-14\"><strong>Mastitis bei K\u00fchen<\/strong> ist eine Entz\u00fcndung der Brustdr\u00fcsen, die durch eine bakterielle Infektion oder andere Faktoren verursacht werden kann. Die Symptome der Krankheit k\u00f6nnen je nach Schweregrad und Art der Infektion variieren. Das charakteristischste Merkmal der Erkrankung ist die Schwellung des Euters, die von unterschiedlicher Intensit\u00e4t sein kann. Das infizierte Euter f\u00fchlt sich warm an und ist ger\u00f6tet. Die Ber\u00fchrung des betroffenen Bereichs verursacht deutliches Unbehagen bei der Kuh. Andere Symptome der Krankheit sind: Abnahme der Milchleistung und Produktion von minderwertiger Milch. In schwereren F\u00e4llen wird die Milch w\u00e4ssrig, kann Fell, Ausflockungen, manchmal sogar Blut enthalten. Es k\u00f6nnen begleitende Symptome auftreten, einschlie\u00dflich Appetitlosigkeit, eingefallene Augen, Apathie, Durchfall oder Anzeichen von Dehydration.<\/p>\n\n\n\n<h2 class=\"wp-block-heading\">Wie kann man Mastitis bei K\u00fchen vorbeugen? <\/h2>\n\n\n\n<p class=\"fs-14\"><strong>Die Vorbeugung von Krankheiten bei K\u00fchen<\/strong> besteht in erster Linie in der Sicherstellung einer ordnungsgem\u00e4\u00dfen Hygiene in der Tierhaltung. Vor dem Melken sollten die Brustdr\u00fcsen gr\u00fcndlich gewaschen und getrocknet werden, um das Eindringen von Bakterien in die Milchg\u00e4nge zu verhindern. Alle beim Melken verwendeten Werkzeuge sollten vor dem Gebrauch gr\u00fcndlich gewaschen und desinfiziert werden.<\/p>\n\n\n\n<p class=\"fs-14\">Es ist wichtig, eine saubere und hygienische Umgebung der K\u00fche zu gew\u00e4hrleisten. Der Kuhstall sollte sauber, trocken und gut bel\u00fcftet sein. Ausscheidungen, G\u00fclle und Futterr\u00fcckst\u00e4nde sollten regelm\u00e4\u00dfig entsorgt werden. K\u00fche sollten Zugang zu sauberem Trinkwasser haben. Auch die nat\u00fcrlichen Mittel zur Regeneration und Pflege aus unserem Angebot k\u00f6nnen bei der Vorbeugung von Mastitis helfen.<\/p>\n<\/div>\n<\/div>\n\n\n\n<p>Als <a href=\"https:\/\/silveco.eu\/de\/\">Hersteller von Tierpr\u00e4paraten<\/a> und Desinfektionsmitteln bieten wir unter anderem auch <a href=\"https:\/\/silveco.eu\/de\/produkt-kategorie\/korrektur-der-hufe\/\">Klauenkorrekturmittel<\/a> und <a href=\"https:\/\/silveco.eu\/kategoria-produktu\/odkazanie-kurnika\/\">Stalldesinfektionsmittel f\u00fcr Gefl\u00fcgel<\/a> an.<\/p>\n<\/div>\n","protected":false},"excerpt":{"rendered":"<p>Gesundheit von Euter und Fortpflanzungsorganen bei Rindern Weniger Antibiotika bedeutet niedrigere Zuchtkosten. Produkte auf Basis von aktiven Formen von Silber und seiner antibakteriellen Wirkung. Sie bew\u00e4hren sich perfekt im Fall von Antibiotikaresistenzen. Sie erm\u00f6glichen auch eine deutliche Reduzierung des Einsatzes von Antibiotika allein und damit eine Senkung der Zuchtkosten. F\u00fcr jeden Z\u00fcchter ist die Gesundheit [&hellip;]<\/p>\n","protected":false},"author":7,"featured_media":0,"parent":0,"menu_order":0,"comment_status":"closed","ping_status":"closed","template":"","meta":{"_acf_changed":false,"inline_featured_image":false,"footnotes":""},"class_list":["post-3459","page","type-page","status-publish","hentry"],"acf":[],"yoast_head":"<!-- This site is optimized with the Yoast SEO plugin v26.4 - https:\/\/yoast.com\/wordpress\/plugins\/seo\/ -->\n<title>Gesundheit von Euter und Fortpflanzungsorganen - Silveco<\/title>\n<meta name=\"robots\" content=\"index, follow, max-snippet:-1, max-image-preview:large, max-video-preview:-1\" \/>\n<link rel=\"canonical\" href=\"https:\/\/silveco.eu\/de\/gesundheit-von-euter-und-fortpflanzungsorganen\/\" \/>\n<meta property=\"og:locale\" content=\"de_DE\" \/>\n<meta property=\"og:type\" content=\"article\" \/>\n<meta property=\"og:title\" content=\"Gesundheit von Euter und Fortpflanzungsorganen - Silveco\" \/>\n<meta property=\"og:description\" content=\"Gesundheit von Euter und Fortpflanzungsorganen bei Rindern Weniger Antibiotika bedeutet niedrigere Zuchtkosten. Produkte auf Basis von aktiven Formen von Silber und seiner antibakteriellen Wirkung. Sie bew\u00e4hren sich perfekt im Fall von Antibiotikaresistenzen. Sie erm\u00f6glichen auch eine deutliche Reduzierung des Einsatzes von Antibiotika allein und damit eine Senkung der Zuchtkosten. F\u00fcr jeden Z\u00fcchter ist die Gesundheit [&hellip;]\" \/>\n<meta property=\"og:url\" content=\"https:\/\/silveco.eu\/de\/gesundheit-von-euter-und-fortpflanzungsorganen\/\" \/>\n<meta property=\"og:site_name\" content=\"Silveco\" \/>\n<meta property=\"article:modified_time\" content=\"2023-10-02T16:06:05+00:00\" \/>\n<meta property=\"og:image\" content=\"https:\/\/silveco.eu\/wp-content\/uploads\/2023\/10\/krowy.webp\" \/>\n<meta name=\"twitter:card\" content=\"summary_large_image\" \/>\n<meta name=\"twitter:label1\" content=\"Gesch\u00e4tzte Lesezeit\" \/>\n\t<meta name=\"twitter:data1\" content=\"3\u00a0Minuten\" \/>\n<script type=\"application\/ld+json\" class=\"yoast-schema-graph\">{\"@context\":\"https:\/\/schema.org\",\"@graph\":[{\"@type\":\"WebPage\",\"@id\":\"https:\/\/silveco.eu\/de\/gesundheit-von-euter-und-fortpflanzungsorganen\/\",\"url\":\"https:\/\/silveco.eu\/de\/gesundheit-von-euter-und-fortpflanzungsorganen\/\",\"name\":\"Gesundheit von Euter und Fortpflanzungsorganen - Silveco\",\"isPartOf\":{\"@id\":\"https:\/\/silveco.eu\/#website\"},\"primaryImageOfPage\":{\"@id\":\"https:\/\/silveco.eu\/de\/gesundheit-von-euter-und-fortpflanzungsorganen\/#primaryimage\"},\"image\":{\"@id\":\"https:\/\/silveco.eu\/de\/gesundheit-von-euter-und-fortpflanzungsorganen\/#primaryimage\"},\"thumbnailUrl\":\"https:\/\/silveco.eu\/wp-content\/uploads\/2023\/10\/krowy.webp\",\"datePublished\":\"2023-10-02T15:51:05+00:00\",\"dateModified\":\"2023-10-02T16:06:05+00:00\",\"breadcrumb\":{\"@id\":\"https:\/\/silveco.eu\/de\/gesundheit-von-euter-und-fortpflanzungsorganen\/#breadcrumb\"},\"inLanguage\":\"de\",\"potentialAction\":[{\"@type\":\"ReadAction\",\"target\":[\"https:\/\/silveco.eu\/de\/gesundheit-von-euter-und-fortpflanzungsorganen\/\"]}]},{\"@type\":\"ImageObject\",\"inLanguage\":\"de\",\"@id\":\"https:\/\/silveco.eu\/de\/gesundheit-von-euter-und-fortpflanzungsorganen\/#primaryimage\",\"url\":\"https:\/\/silveco.eu\/wp-content\/uploads\/2023\/10\/krowy.webp\",\"contentUrl\":\"https:\/\/silveco.eu\/wp-content\/uploads\/2023\/10\/krowy.webp\"},{\"@type\":\"BreadcrumbList\",\"@id\":\"https:\/\/silveco.eu\/de\/gesundheit-von-euter-und-fortpflanzungsorganen\/#breadcrumb\",\"itemListElement\":[{\"@type\":\"ListItem\",\"position\":1,\"name\":\"Strona g\u0142\u00f3wna\",\"item\":\"https:\/\/silveco.eu\/de\/\"},{\"@type\":\"ListItem\",\"position\":2,\"name\":\"Gesundheit von Euter und Fortpflanzungsorganen\"}]},{\"@type\":\"WebSite\",\"@id\":\"https:\/\/silveco.eu\/#website\",\"url\":\"https:\/\/silveco.eu\/\",\"name\":\"Silveco\",\"description\":\"Twoje wsparcie w hodowli\",\"publisher\":{\"@id\":\"https:\/\/silveco.eu\/#organization\"},\"potentialAction\":[{\"@type\":\"SearchAction\",\"target\":{\"@type\":\"EntryPoint\",\"urlTemplate\":\"https:\/\/silveco.eu\/?s={search_term_string}\"},\"query-input\":{\"@type\":\"PropertyValueSpecification\",\"valueRequired\":true,\"valueName\":\"search_term_string\"}}],\"inLanguage\":\"de\"},{\"@type\":\"Organization\",\"@id\":\"https:\/\/silveco.eu\/#organization\",\"name\":\"Silveco\",\"url\":\"https:\/\/silveco.eu\/\",\"logo\":{\"@type\":\"ImageObject\",\"inLanguage\":\"de\",\"@id\":\"https:\/\/silveco.eu\/#\/schema\/logo\/image\/\",\"url\":\"https:\/\/silveco.eu\/wp-content\/uploads\/2023\/03\/image-16.svg\",\"contentUrl\":\"https:\/\/silveco.eu\/wp-content\/uploads\/2023\/03\/image-16.svg\",\"width\":217,\"height\":40,\"caption\":\"Silveco\"},\"image\":{\"@id\":\"https:\/\/silveco.eu\/#\/schema\/logo\/image\/\"}}]}<\/script>\n<!-- \/ Yoast SEO plugin. -->","yoast_head_json":{"title":"Gesundheit von Euter und Fortpflanzungsorganen - Silveco","robots":{"index":"index","follow":"follow","max-snippet":"max-snippet:-1","max-image-preview":"max-image-preview:large","max-video-preview":"max-video-preview:-1"},"canonical":"https:\/\/silveco.eu\/de\/gesundheit-von-euter-und-fortpflanzungsorganen\/","og_locale":"de_DE","og_type":"article","og_title":"Gesundheit von Euter und Fortpflanzungsorganen - Silveco","og_description":"Gesundheit von Euter und Fortpflanzungsorganen bei Rindern Weniger Antibiotika bedeutet niedrigere Zuchtkosten. Produkte auf Basis von aktiven Formen von Silber und seiner antibakteriellen Wirkung. Sie bew\u00e4hren sich perfekt im Fall von Antibiotikaresistenzen. Sie erm\u00f6glichen auch eine deutliche Reduzierung des Einsatzes von Antibiotika allein und damit eine Senkung der Zuchtkosten. F\u00fcr jeden Z\u00fcchter ist die Gesundheit [&hellip;]","og_url":"https:\/\/silveco.eu\/de\/gesundheit-von-euter-und-fortpflanzungsorganen\/","og_site_name":"Silveco","article_modified_time":"2023-10-02T16:06:05+00:00","og_image":[{"url":"https:\/\/silveco.eu\/wp-content\/uploads\/2023\/10\/krowy.webp","type":"","width":"","height":""}],"twitter_card":"summary_large_image","twitter_misc":{"Gesch\u00e4tzte Lesezeit":"3\u00a0Minuten"},"schema":{"@context":"https:\/\/schema.org","@graph":[{"@type":"WebPage","@id":"https:\/\/silveco.eu\/de\/gesundheit-von-euter-und-fortpflanzungsorganen\/","url":"https:\/\/silveco.eu\/de\/gesundheit-von-euter-und-fortpflanzungsorganen\/","name":"Gesundheit von Euter und Fortpflanzungsorganen - Silveco","isPartOf":{"@id":"https:\/\/silveco.eu\/#website"},"primaryImageOfPage":{"@id":"https:\/\/silveco.eu\/de\/gesundheit-von-euter-und-fortpflanzungsorganen\/#primaryimage"},"image":{"@id":"https:\/\/silveco.eu\/de\/gesundheit-von-euter-und-fortpflanzungsorganen\/#primaryimage"},"thumbnailUrl":"https:\/\/silveco.eu\/wp-content\/uploads\/2023\/10\/krowy.webp","datePublished":"2023-10-02T15:51:05+00:00","dateModified":"2023-10-02T16:06:05+00:00","breadcrumb":{"@id":"https:\/\/silveco.eu\/de\/gesundheit-von-euter-und-fortpflanzungsorganen\/#breadcrumb"},"inLanguage":"de","potentialAction":[{"@type":"ReadAction","target":["https:\/\/silveco.eu\/de\/gesundheit-von-euter-und-fortpflanzungsorganen\/"]}]},{"@type":"ImageObject","inLanguage":"de","@id":"https:\/\/silveco.eu\/de\/gesundheit-von-euter-und-fortpflanzungsorganen\/#primaryimage","url":"https:\/\/silveco.eu\/wp-content\/uploads\/2023\/10\/krowy.webp","contentUrl":"https:\/\/silveco.eu\/wp-content\/uploads\/2023\/10\/krowy.webp"},{"@type":"BreadcrumbList","@id":"https:\/\/silveco.eu\/de\/gesundheit-von-euter-und-fortpflanzungsorganen\/#breadcrumb","itemListElement":[{"@type":"ListItem","position":1,"name":"Strona g\u0142\u00f3wna","item":"https:\/\/silveco.eu\/de\/"},{"@type":"ListItem","position":2,"name":"Gesundheit von Euter und Fortpflanzungsorganen"}]},{"@type":"WebSite","@id":"https:\/\/silveco.eu\/#website","url":"https:\/\/silveco.eu\/","name":"Silveco","description":"Twoje wsparcie w hodowli","publisher":{"@id":"https:\/\/silveco.eu\/#organization"},"potentialAction":[{"@type":"SearchAction","target":{"@type":"EntryPoint","urlTemplate":"https:\/\/silveco.eu\/?s={search_term_string}"},"query-input":{"@type":"PropertyValueSpecification","valueRequired":true,"valueName":"search_term_string"}}],"inLanguage":"de"},{"@type":"Organization","@id":"https:\/\/silveco.eu\/#organization","name":"Silveco","url":"https:\/\/silveco.eu\/","logo":{"@type":"ImageObject","inLanguage":"de","@id":"https:\/\/silveco.eu\/#\/schema\/logo\/image\/","url":"https:\/\/silveco.eu\/wp-content\/uploads\/2023\/03\/image-16.svg","contentUrl":"https:\/\/silveco.eu\/wp-content\/uploads\/2023\/03\/image-16.svg","width":217,"height":40,"caption":"Silveco"},"image":{"@id":"https:\/\/silveco.eu\/#\/schema\/logo\/image\/"}}]}},"_links":{"self":[{"href":"https:\/\/silveco.eu\/de\/wp-json\/wp\/v2\/pages\/3459","targetHints":{"allow":["GET"]}}],"collection":[{"href":"https:\/\/silveco.eu\/de\/wp-json\/wp\/v2\/pages"}],"about":[{"href":"https:\/\/silveco.eu\/de\/wp-json\/wp\/v2\/types\/page"}],"author":[{"embeddable":true,"href":"https:\/\/silveco.eu\/de\/wp-json\/wp\/v2\/users\/7"}],"replies":[{"embeddable":true,"href":"https:\/\/silveco.eu\/de\/wp-json\/wp\/v2\/comments?post=3459"}],"version-history":[{"count":2,"href":"https:\/\/silveco.eu\/de\/wp-json\/wp\/v2\/pages\/3459\/revisions"}],"predecessor-version":[{"id":3468,"href":"https:\/\/silveco.eu\/de\/wp-json\/wp\/v2\/pages\/3459\/revisions\/3468"}],"wp:attachment":[{"href":"https:\/\/silveco.eu\/de\/wp-json\/wp\/v2\/media?parent=3459"}],"curies":[{"name":"wp","href":"https:\/\/api.w.org\/{rel}","templated":true}]}}