{"id":4930,"date":"2025-06-05T17:22:32","date_gmt":"2025-06-05T15:22:32","guid":{"rendered":"https:\/\/silveco.eu\/eutergesundheit\/"},"modified":"2025-06-12T12:51:42","modified_gmt":"2025-06-12T10:51:42","slug":"eutergesundheit","status":"publish","type":"page","link":"https:\/\/silveco.eu\/de\/eutergesundheit\/","title":{"rendered":"Eutergesundheit"},"content":{"rendered":"\n<div class=\"wp-block-group container mb-40 has-global-padding is-layout-constrained wp-block-group-is-layout-constrained\">\n<h2 class=\"wp-block-heading fs-24 mb-40\" style=\"font-style:normal;font-weight:400\">Gesundheit von Euter und Fortpflanzungsorganen bei Rindern<\/h2>\n\n\n\n<div class=\"wp-block-columns are-vertically-aligned-center is-layout-flex wp-container-core-columns-is-layout-28f84493 wp-block-columns-is-layout-flex\">\n<div class=\"wp-block-column is-vertically-aligned-center is-layout-flow wp-block-column-is-layout-flow\">\n<h2 class=\"wp-block-heading fs-48\" style=\"font-style:normal;font-weight:800;line-height:1.2\"><mark style=\"background-color:rgba(0, 0, 0, 0);color:#38aa45\" class=\"has-inline-color\">Weniger Antibiotika <\/mark><br>bedeutet geringere Zuchtkosten.<\/h2>\n\n\n\n<p class=\"fs-14\">Produkte auf der Grundlage aktiver Formen von Silber und seiner antibakteriellen Wirkung<s> <\/s>sind hervorragend f\u00fcr die Bek\u00e4mpfung von Antibiotikaresistenzen geeignet. Sie erm\u00f6glichen eine deutliche Reduzierung des Einsatzes von Antibiotika und hemmen somit die Entwicklung von St\u00e4mmen, die gegen sie resistent sind. <\/p>\n\n\n\n<p class=\"fs-14\">F\u00fcr jeden Z\u00fcchter ist die Gesundheit von Euter und Fortpflanzungsorganen sehr wichtig, deren Ziel es ist, Mastitis bei Tieren zu verhindern. Es ist eine der h\u00e4ufigsten und in der Behandlung teuersten Erkrankungen bei Rindern, die zu einer Verringerung der Milchleistung und einer Verschlechterung der Qualit\u00e4t der erzeugten Milch f\u00fchrt. Eine Kuh, die an Mastitis leidet, produziert minderwertige Milch und kann die Infektion auf andere Tiere \u00fcbertragen. Die Behandlung der Krankheit ist sehr schwierig, weshalb sich alle Z\u00fcchter in erster Linie auf ihre Vorbeugung konzentrieren sollten. <\/p>\n\n\n\n<p class=\"fs-14\">Wir sind ein Hersteller von Pr\u00e4paraten zur Vorbeugung und Pflege des Euters bei K\u00fchen. Die systematische Anwendung von Wirkstoffen mit aktivem Silber kann dazu beitragen, das Risiko einer Mastitis bei K\u00fchen zu verringern. Unsere Pr\u00e4parate wurden getestet und sind eine gute Option zur nat\u00fcrlichen Vorbeugung von Mastitis. Aktives Silber erh\u00f6ht die mikrobielle Resistenz und reduziert die Ausbreitung von Krankheiten.<\/p>\n\n\n\n<p class=\"fs-14\">Die in den Pr\u00e4paraten enthaltenen Silbernanopartikel bieten einen lang anhaltenden antimikrobiellen Schutz und sind f\u00fcr Tiere v\u00f6llig ungef\u00e4hrlich.<\/p>\n<\/div>\n\n\n\n<div class=\"wp-block-column is-vertically-aligned-center is-layout-flow wp-block-column-is-layout-flow\">\n<figure class=\"wp-block-image size-full\"><img loading=\"lazy\" decoding=\"async\" width=\"668\" height=\"480\" src=\"https:\/\/silveco.eu\/wp-content\/uploads\/2023\/05\/krowy.webp\" alt=\"\" class=\"wp-image-837\" srcset=\"https:\/\/silveco.eu\/wp-content\/uploads\/2023\/05\/krowy.webp 668w, https:\/\/silveco.eu\/wp-content\/uploads\/2023\/05\/krowy-300x216.webp 300w, https:\/\/silveco.eu\/wp-content\/uploads\/2023\/05\/krowy-228x164.webp 228w, https:\/\/silveco.eu\/wp-content\/uploads\/2023\/05\/krowy-600x431.webp 600w\" sizes=\"auto, (max-width: 668px) 100vw, 668px\" \/><\/figure>\n<\/div>\n<\/div>\n<\/div>\n\n\n\n<h2 class=\"wp-block-heading has-text-align-center fs-64 mt-40\">Die wichtigsten <mark style=\"background-color:rgba(0, 0, 0, 0);color:#38aa45\" class=\"has-inline-color\">Vorteile:<\/mark><\/h2>\n\n\n<div data-block-name=\"woocommerce\/product-category\" data-categories=\"[40]\" data-columns=\"5\" data-content-visibility=\"{&quot;image&quot;:true,&quot;title&quot;:true,&quot;price&quot;:false,&quot;rating&quot;:false,&quot;button&quot;:false}\" data-orderby=\"menu_order\" data-rows=\"1\" data-stock-status=\"[&quot;&quot;,&quot;instock&quot;,&quot;outofstock&quot;,&quot;onbackorder&quot;]\" class=\"wc-block-grid wp-block-product-category wp-block-woocommerce-product-category wc-block-product-category has-5-columns container benefits-section mb-40\"><ul class=\"wc-block-grid__products\"><li class=\"wc-block-grid__product\">\n\t\t\t\t<a href=\"https:\/\/silveco.eu\/en\/produkt\/silveco-nanodip\/\" class=\"wc-block-grid__product-link\">\n\t\t\t\t\t\n\t\t\t\t\t<div class=\"wc-block-grid__product-image\"><img loading=\"lazy\" decoding=\"async\" width=\"300\" height=\"300\" src=\"https:\/\/silveco.eu\/wp-content\/uploads\/2024\/02\/Nanodip-mockup-wlasciwy-300x300.png\" class=\"attachment-woocommerce_thumbnail size-woocommerce_thumbnail\" alt=\"SILVECO NanoDip Preparation for post-milking hygiene\" srcset=\"https:\/\/silveco.eu\/wp-content\/uploads\/2024\/02\/Nanodip-mockup-wlasciwy-300x300.png 300w, https:\/\/silveco.eu\/wp-content\/uploads\/2024\/02\/Nanodip-mockup-wlasciwy-1024x1024.png 1024w, https:\/\/silveco.eu\/wp-content\/uploads\/2024\/02\/Nanodip-mockup-wlasciwy-768x768.png 768w, https:\/\/silveco.eu\/wp-content\/uploads\/2024\/02\/Nanodip-mockup-wlasciwy-1536x1536.png 1536w, https:\/\/silveco.eu\/wp-content\/uploads\/2024\/02\/Nanodip-mockup-wlasciwy-164x164.png 164w, https:\/\/silveco.eu\/wp-content\/uploads\/2024\/02\/Nanodip-mockup-wlasciwy-600x600.png 600w, https:\/\/silveco.eu\/wp-content\/uploads\/2024\/02\/Nanodip-mockup-wlasciwy-100x100.png 100w, https:\/\/silveco.eu\/wp-content\/uploads\/2024\/02\/Nanodip-mockup-wlasciwy.png 2000w\" sizes=\"auto, (max-width: 300px) 100vw, 300px\" \/><\/div>\n\t\t\t\t\t<div class=\"wc-block-grid__product-title\">SILVECO NanoDip Preparation for post-milking hygiene<\/div>\n\t\t\t\t<\/a>\n\t\t\t\t\n\t\t\t\t\n\t\t\t\t\n\t\t\t<\/li><li class=\"wc-block-grid__product\">\n\t\t\t\t<a href=\"https:\/\/silveco.eu\/en\/produkt\/nanomast\/\" class=\"wc-block-grid__product-link\">\n\t\t\t\t\t\n\t\t\t\t\t<div class=\"wc-block-grid__product-image\"><img loading=\"lazy\" decoding=\"async\" width=\"300\" height=\"300\" src=\"https:\/\/silveco.eu\/wp-content\/uploads\/2024\/01\/NanoMast-800x800-1-300x300.png\" class=\"attachment-woocommerce_thumbnail size-woocommerce_thumbnail\" alt=\"SILVECO NanoMast Preparation for care and prevention of udders\" srcset=\"https:\/\/silveco.eu\/wp-content\/uploads\/2024\/01\/NanoMast-800x800-1-300x300.png 300w, https:\/\/silveco.eu\/wp-content\/uploads\/2024\/01\/NanoMast-800x800-1-768x768.png 768w, https:\/\/silveco.eu\/wp-content\/uploads\/2024\/01\/NanoMast-800x800-1-164x164.png 164w, https:\/\/silveco.eu\/wp-content\/uploads\/2024\/01\/NanoMast-800x800-1-600x600.png 600w, https:\/\/silveco.eu\/wp-content\/uploads\/2024\/01\/NanoMast-800x800-1-100x100.png 100w, https:\/\/silveco.eu\/wp-content\/uploads\/2024\/01\/NanoMast-800x800-1.png 800w\" sizes=\"auto, (max-width: 300px) 100vw, 300px\" \/><\/div>\n\t\t\t\t\t<div class=\"wc-block-grid__product-title\">SILVECO NanoMast Preparation for care and prevention of udders<\/div>\n\t\t\t\t<\/a>\n\t\t\t\t\n\t\t\t\t\n\t\t\t\t\n\t\t\t<\/li><li class=\"wc-block-grid__product\">\n\t\t\t\t<a href=\"https:\/\/silveco.eu\/en\/produkt\/silveco-nanoudder-cooling-gel-cooling-gel-for-udders\/\" class=\"wc-block-grid__product-link\">\n\t\t\t\t\t\n\t\t\t\t\t<div class=\"wc-block-grid__product-image\"><img loading=\"lazy\" decoding=\"async\" width=\"300\" height=\"300\" src=\"https:\/\/silveco.eu\/wp-content\/uploads\/2025\/05\/chlodzacy-1-1-300x300.png\" class=\"attachment-woocommerce_thumbnail size-woocommerce_thumbnail\" alt=\"\u017cel na krowie wymiona - ch\u0142odz\u0105cy\" srcset=\"https:\/\/silveco.eu\/wp-content\/uploads\/2025\/05\/chlodzacy-1-1-300x300.png 300w, https:\/\/silveco.eu\/wp-content\/uploads\/2025\/05\/chlodzacy-1-1-164x164.png 164w, https:\/\/silveco.eu\/wp-content\/uploads\/2025\/05\/chlodzacy-1-1-100x100.png 100w, https:\/\/silveco.eu\/wp-content\/uploads\/2025\/05\/chlodzacy-1-1.png 591w\" sizes=\"auto, (max-width: 300px) 100vw, 300px\" \/><\/div>\n\t\t\t\t\t<div class=\"wc-block-grid__product-title\">SILVECO NanoUdder Cooling Gel &#8211; cooling gel for the udder<\/div>\n\t\t\t\t<\/a>\n\t\t\t\t\n\t\t\t\t\n\t\t\t\t\n\t\t\t<\/li><li class=\"wc-block-grid__product\">\n\t\t\t\t<a href=\"https:\/\/silveco.eu\/en\/produkt\/silveco-nanoudder-cooling-gel-cooling-gel-for-the-udder-kopia\/\" class=\"wc-block-grid__product-link\">\n\t\t\t\t\t\n\t\t\t\t\t<div class=\"wc-block-grid__product-image\"><img loading=\"lazy\" decoding=\"async\" width=\"300\" height=\"300\" src=\"https:\/\/silveco.eu\/wp-content\/uploads\/2025\/08\/zel-chlodzaco-rozgrzewajacy-450-copy-300x300.png\" class=\"attachment-woocommerce_thumbnail size-woocommerce_thumbnail\" alt=\"SILVECO NanoUdder DuoEffect Gel\" srcset=\"https:\/\/silveco.eu\/wp-content\/uploads\/2025\/08\/zel-chlodzaco-rozgrzewajacy-450-copy-300x300.png 300w, https:\/\/silveco.eu\/wp-content\/uploads\/2025\/08\/zel-chlodzaco-rozgrzewajacy-450-copy-100x100.png 100w, https:\/\/silveco.eu\/wp-content\/uploads\/2025\/08\/zel-chlodzaco-rozgrzewajacy-450-copy.png 591w\" sizes=\"auto, (max-width: 300px) 100vw, 300px\" \/><\/div>\n\t\t\t\t\t<div class=\"wc-block-grid__product-title\">SILVECO NanoUdder DuoEffect Gel<\/div>\n\t\t\t\t<\/a>\n\t\t\t\t\n\t\t\t\t\n\t\t\t\t\n\t\t\t<\/li><li class=\"wc-block-grid__product\">\n\t\t\t\t<a href=\"https:\/\/silveco.eu\/en\/produkt\/silveco-nanoudder-warming-gel-warming-gel-for-udders\/\" class=\"wc-block-grid__product-link\">\n\t\t\t\t\t\n\t\t\t\t\t<div class=\"wc-block-grid__product-image\"><img loading=\"lazy\" decoding=\"async\" width=\"300\" height=\"300\" src=\"https:\/\/silveco.eu\/wp-content\/uploads\/2025\/05\/zel-rozgrzewajacy-450-1-300x300.png\" class=\"attachment-woocommerce_thumbnail size-woocommerce_thumbnail\" alt=\"\u017cel na krowie wymiona - rozgrzewaj\u0105cy\" srcset=\"https:\/\/silveco.eu\/wp-content\/uploads\/2025\/05\/zel-rozgrzewajacy-450-1-300x300.png 300w, https:\/\/silveco.eu\/wp-content\/uploads\/2025\/05\/zel-rozgrzewajacy-450-1-164x164.png 164w, https:\/\/silveco.eu\/wp-content\/uploads\/2025\/05\/zel-rozgrzewajacy-450-1-100x100.png 100w, https:\/\/silveco.eu\/wp-content\/uploads\/2025\/05\/zel-rozgrzewajacy-450-1.png 591w\" sizes=\"auto, (max-width: 300px) 100vw, 300px\" \/><\/div>\n\t\t\t\t\t<div class=\"wc-block-grid__product-title\">SILVECO NanoUdder Warming Gel \u2013 warming gel for udders<\/div>\n\t\t\t\t<\/a>\n\t\t\t\t\n\t\t\t\t\n\t\t\t\t\n\t\t\t<\/li><\/ul><\/div>\n\n\n<div class=\"wp-block-group container mb-40 has-global-padding is-layout-constrained wp-block-group-is-layout-constrained\">\n<div class=\"wp-block-columns are-vertically-aligned-center is-layout-flex wp-container-core-columns-is-layout-28f84493 wp-block-columns-is-layout-flex\">\n<div class=\"wp-block-column is-vertically-aligned-center is-layout-flow wp-block-column-is-layout-flow\">\n<h2 class=\"wp-block-heading\">Wie macht sich Mastitis bei K\u00fchen bemerkbar?<\/h2>\n\n\n\n<p class=\"fs-14\"><strong>Mastitis bei K\u00fchen<\/strong> ist eine Entz\u00fcndung der Brustdr\u00fcsen, die durch eine bakterielle Infektion oder andere Faktoren verursacht werden kann. Die Symptome der Krankheit k\u00f6nnen je nach Schweregrad und Art der Infektion variieren. Das charakteristischste Merkmal der Erkrankung ist die Schwellung des Euters, die von unterschiedlicher Intensit\u00e4t sein kann. Das infizierte Euter f\u00fchlt sich warm an und ist ger\u00f6tet. Die Ber\u00fchrung des betroffenen Bereichs verursacht deutliches Unbehagen bei der Kuh. Andere Symptome der Krankheit sind: Abnahme der Milchleistung und Produktion von minderwertiger Milch. In schwereren F\u00e4llen wird die Milch w\u00e4ssrig, kann Fell, Ausflockungen, manchmal sogar Blut enthalten. Es k\u00f6nnen begleitende Symptome auftreten, einschlie\u00dflich Appetitlosigkeit, eingefallene Augen, Apathie, Durchfall oder Anzeichen von Dehydration.<\/p>\n\n\n\n<h2 class=\"wp-block-heading\"><strong>Mastitis bei K\u00fchen<\/strong><\/h2>\n\n\n\n<p>Mastitis bei K\u00fchen ist ein ernstes Gesundheitsproblem, das jeder Viehz\u00fcchter kennt. Wie bei anderen Krankheiten dieser Art bietet die rechtzeitige Durchf\u00fchrung einer sicheren Behandlung von Mastitis bei Rindern die Chance auf Heilung und volle Milchleistung.   <\/p>\n\n\n\n<p>Wahrscheinlich kennen Sie alle typischen Symptome wie Schwellung, R\u00f6tung, Ver\u00e4nderung des Aussehens der Milch, Fieber, Appetitlosigkeit, erh\u00f6hte somatische Zellzahl, die auf eine vermutete Mastitis hinweisen. Je fr\u00fcher Sie handeln k\u00f6nnen, desto einfacher ist die Behandlung der Mastitis bei der Kuh und desto geringer ist der finanzielle Schaden, der dem Betrieb dadurch entsteht. In unserem Angebot finden Sie Produkte, die einer Mastitis wirksam vorbeugen und, wenn sie auftritt, die Behandlung effektiv genug unterst\u00fctzen, um kostspielige und strafende Antibiotika zu vermeiden.  <\/p>\n\n\n\n<h2 class=\"wp-block-heading\"><strong>Erfolgreiche Behandlung von Genitalentz\u00fcndungen bei Rindern<\/strong><\/h2>\n\n\n\n<p>Genitalentz\u00fcndungen bei Rindern sind eine gro\u00dfe Herausforderung in der Zucht, die schwerwiegende Folgen f\u00fcr die Gesundheit der Tiere und ihre Fortpflanzungsf\u00e4higkeit haben kann. Eine Antibiotikatherapie, die auf die Art der Bakterien, die die Infektion verursachen, abgestimmt ist, ist die h\u00e4ufigste von Tier\u00e4rzten empfohlene Behandlung. Eine hervorragende Alternative zu den herk\u00f6mmlichen Antibiotika sind Pr\u00e4parate auf der Basis aktiver Silberformen, die die Infektion bek\u00e4mpfen, ihr erneutes Auftreten verhindern und zudem regenerative Eigenschaften f\u00fcr die Fortpflanzungsorgane der Rinder aufweisen.  <\/p>\n\n\n\n<h2 class=\"wp-block-heading\"><strong>Wie kann man Mastitis bei K\u00fchen vorbeugen? <\/strong><\/h2>\n\n\n\n<p><strong>Die Vorbeugung von Krankheiten bei K\u00fchen<\/strong> besteht in erster Linie in der Sicherstellung einer ordnungsgem\u00e4\u00dfen Hygiene in der Tierhaltung. Vor dem Melken sollten die Milchdr\u00fcsen gr\u00fcndlich gewaschen und getrocknet werden, um zu verhindern, dass Bakterien durch den Zitzenkanal in die Euterh\u00f6hle gelangen. Alle beim Melken verwendeten Werkzeuge sollten vor dem Gebrauch gr\u00fcndlich gewaschen und desinfiziert werden.<\/p>\n\n\n\n<p>Es ist wichtig, eine saubere und hygienische Umgebung der K\u00fche zu gew\u00e4hrleisten. Der Kuhstall sollte sauber, trocken und gut bel\u00fcftet sein. Ausscheidungen, G\u00fclle und Futterr\u00fcckst\u00e4nde sollten regelm\u00e4\u00dfig entsorgt werden. K\u00fche sollten Zugang zu sauberem Trinkwasser haben. Auch die nat\u00fcrlichen Mittel zur Regeneration und Pflege aus unserem Angebot k\u00f6nnen bei der Vorbeugung von Mastitis helfen.<\/p>\n\n\n\n<h3 class=\"wp-block-heading\"><strong>Euterpr\u00e4parate mit Nanosilber  <\/strong><\/h3>\n\n\n\n<p>Eutergesundheit und Hygiene sind in der Milchviehhaltung sehr wichtig. Um maximalen Komfort f\u00fcr das Tier und gleichzeitig Schutz vor Mikroorganismen zu gew\u00e4hrleisten, verwenden immer mehr Milchviehhalter Pr\u00e4parate zur Euterpflege und -pr\u00e4vention. Euterpr\u00e4parate mit Nanosilber werden sowohl zur Behandlung als auch zur Vorbeugung von Infektionen eingesetzt. Sie sind eine wirksame Alternative zu herk\u00f6mmlichen Desinfektionsmitteln und Antibiotika. Dank seiner antibakteriellen und antimykotischen Eigenschaften hilft Nanosilber, Mastitis vorzubeugen und f\u00f6rdert die Regeneration der Zitzenhaut.    <\/p>\n\n\n\n<h3 class=\"wp-block-heading\"><strong>Wie funktionieren die Euterpr\u00e4parate?<\/strong><\/h3>\n\n\n\n<p>Euterpr\u00e4parate mit Nanosilber:<\/p>\n\n\n\n<ul class=\"wp-block-list\">\n<li>sind hochwirksam gegen Bakterien und Pilze, die Euterinfektionen verursachen k\u00f6nnen,  <\/li>\n\n\n\n<li>haben eine entz\u00fcndungshemmende Wirkung, die Schwellungen, Reizungen und R\u00f6tungen der Haut reduziert,  <\/li>\n\n\n\n<li>f\u00f6rdern die Heilung und Regeneration der Haut,  <\/li>\n\n\n\n<li>sind ungiftig und hinterlassen keine R\u00fcckst\u00e4nde in der Milch, was bedeutet, dass sie ohne Wartezeit verwendet werden k\u00f6nnen.  <\/li>\n<\/ul>\n\n\n\n<h3 class=\"wp-block-heading\"><strong>Vorteile von Euterpr\u00e4paraten<\/strong><\/h3>\n\n\n\n<p>Formulierungen<strong> <\/strong>f\u00fcr die Euterpflege auf der Basis von Nanosilber ist eine innovative L\u00f6sung f\u00fcr die wirksame Vorbeugung von Mastitis ohne das Risiko der Entwicklung von Antibiotikaresistenzen. Sie erm\u00f6glichen es den Landwirten, die Gesundheit ihrer K\u00fche und ihre eigene stabile Milchproduktion ohne wirtschaftliche Verluste sicherzustellen. <\/p>\n<\/div>\n<\/div>\n\n\n\n<p>Als <a href=\"https:\/\/silveco.eu\/de\/\">Hersteller von Tierpr\u00e4paraten<\/a> und Desinfektionsmitteln bieten wir unter anderem auch <a href=\"https:\/\/silveco.eu\/de\/produkt-kategorie\/korrektur-der-hufe\/\">Klauenkorrekturmittel<\/a> und <a href=\"https:\/\/silveco.eu\/kategoria-produktu\/odkazanie-kurnika\/\">Stalldesinfektionsmittel f\u00fcr Gefl\u00fcgel<\/a> an.<\/p>\n<\/div>\n\n\n","protected":false},"excerpt":{"rendered":"<p>Gesundheit von Euter und Fortpflanzungsorganen bei Rindern Weniger Antibiotika bedeutet geringere Zuchtkosten. Produkte auf der Grundlage aktiver Formen von Silber und seiner antibakteriellen Wirkung sind hervorragend f\u00fcr die Bek\u00e4mpfung von Antibiotikaresistenzen geeignet. Sie erm\u00f6glichen eine deutliche Reduzierung des Einsatzes von Antibiotika und hemmen somit die Entwicklung von St\u00e4mmen, die gegen sie resistent sind. F\u00fcr jeden [&hellip;]<\/p>\n","protected":false},"author":3,"featured_media":0,"parent":0,"menu_order":0,"comment_status":"closed","ping_status":"closed","template":"","meta":{"_acf_changed":false,"inline_featured_image":false,"footnotes":""},"class_list":["post-4930","page","type-page","status-publish","hentry"],"acf":[],"yoast_head":"<!-- This site is optimized with the Yoast SEO plugin v26.4 - https:\/\/yoast.com\/wordpress\/plugins\/seo\/ -->\n<title>Eutergesundheit - Silveco<\/title>\n<meta name=\"robots\" content=\"index, follow, max-snippet:-1, max-image-preview:large, max-video-preview:-1\" \/>\n<link rel=\"canonical\" href=\"https:\/\/silveco.eu\/de\/eutergesundheit\/\" \/>\n<meta property=\"og:locale\" content=\"de_DE\" \/>\n<meta property=\"og:type\" content=\"article\" \/>\n<meta property=\"og:title\" content=\"Eutergesundheit - Silveco\" \/>\n<meta property=\"og:description\" content=\"Gesundheit von Euter und Fortpflanzungsorganen bei Rindern Weniger Antibiotika bedeutet geringere Zuchtkosten. Produkte auf der Grundlage aktiver Formen von Silber und seiner antibakteriellen Wirkung sind hervorragend f\u00fcr die Bek\u00e4mpfung von Antibiotikaresistenzen geeignet. Sie erm\u00f6glichen eine deutliche Reduzierung des Einsatzes von Antibiotika und hemmen somit die Entwicklung von St\u00e4mmen, die gegen sie resistent sind. F\u00fcr jeden [&hellip;]\" \/>\n<meta property=\"og:url\" content=\"https:\/\/silveco.eu\/de\/eutergesundheit\/\" \/>\n<meta property=\"og:site_name\" content=\"Silveco\" \/>\n<meta property=\"article:modified_time\" content=\"2025-06-12T10:51:42+00:00\" \/>\n<meta property=\"og:image\" content=\"https:\/\/silveco.eu\/wp-content\/uploads\/2023\/05\/krowy.webp\" \/>\n\t<meta property=\"og:image:width\" content=\"668\" \/>\n\t<meta property=\"og:image:height\" content=\"480\" \/>\n\t<meta property=\"og:image:type\" content=\"image\/webp\" \/>\n<meta name=\"twitter:card\" content=\"summary_large_image\" \/>\n<meta name=\"twitter:label1\" content=\"Gesch\u00e4tzte Lesezeit\" \/>\n\t<meta name=\"twitter:data1\" content=\"10\u00a0Minuten\" \/>\n<script type=\"application\/ld+json\" class=\"yoast-schema-graph\">{\"@context\":\"https:\/\/schema.org\",\"@graph\":[{\"@type\":\"WebPage\",\"@id\":\"https:\/\/silveco.eu\/de\/eutergesundheit\/\",\"url\":\"https:\/\/silveco.eu\/de\/eutergesundheit\/\",\"name\":\"Eutergesundheit - Silveco\",\"isPartOf\":{\"@id\":\"https:\/\/silveco.eu\/#website\"},\"primaryImageOfPage\":{\"@id\":\"https:\/\/silveco.eu\/de\/eutergesundheit\/#primaryimage\"},\"image\":{\"@id\":\"https:\/\/silveco.eu\/de\/eutergesundheit\/#primaryimage\"},\"thumbnailUrl\":\"https:\/\/silveco.eu\/wp-content\/uploads\/2023\/05\/krowy.webp\",\"datePublished\":\"2025-06-05T15:22:32+00:00\",\"dateModified\":\"2025-06-12T10:51:42+00:00\",\"breadcrumb\":{\"@id\":\"https:\/\/silveco.eu\/de\/eutergesundheit\/#breadcrumb\"},\"inLanguage\":\"de\",\"potentialAction\":[{\"@type\":\"ReadAction\",\"target\":[\"https:\/\/silveco.eu\/de\/eutergesundheit\/\"]}]},{\"@type\":\"ImageObject\",\"inLanguage\":\"de\",\"@id\":\"https:\/\/silveco.eu\/de\/eutergesundheit\/#primaryimage\",\"url\":\"https:\/\/silveco.eu\/wp-content\/uploads\/2023\/05\/krowy.webp\",\"contentUrl\":\"https:\/\/silveco.eu\/wp-content\/uploads\/2023\/05\/krowy.webp\"},{\"@type\":\"BreadcrumbList\",\"@id\":\"https:\/\/silveco.eu\/de\/eutergesundheit\/#breadcrumb\",\"itemListElement\":[{\"@type\":\"ListItem\",\"position\":1,\"name\":\"Strona g\u0142\u00f3wna\",\"item\":\"https:\/\/silveco.eu\/de\/\"},{\"@type\":\"ListItem\",\"position\":2,\"name\":\"Eutergesundheit\"}]},{\"@type\":\"WebSite\",\"@id\":\"https:\/\/silveco.eu\/#website\",\"url\":\"https:\/\/silveco.eu\/\",\"name\":\"Silveco\",\"description\":\"Twoje wsparcie w hodowli\",\"publisher\":{\"@id\":\"https:\/\/silveco.eu\/#organization\"},\"potentialAction\":[{\"@type\":\"SearchAction\",\"target\":{\"@type\":\"EntryPoint\",\"urlTemplate\":\"https:\/\/silveco.eu\/?s={search_term_string}\"},\"query-input\":{\"@type\":\"PropertyValueSpecification\",\"valueRequired\":true,\"valueName\":\"search_term_string\"}}],\"inLanguage\":\"de\"},{\"@type\":\"Organization\",\"@id\":\"https:\/\/silveco.eu\/#organization\",\"name\":\"Silveco\",\"url\":\"https:\/\/silveco.eu\/\",\"logo\":{\"@type\":\"ImageObject\",\"inLanguage\":\"de\",\"@id\":\"https:\/\/silveco.eu\/#\/schema\/logo\/image\/\",\"url\":\"https:\/\/silveco.eu\/wp-content\/uploads\/2023\/03\/image-16.svg\",\"contentUrl\":\"https:\/\/silveco.eu\/wp-content\/uploads\/2023\/03\/image-16.svg\",\"width\":217,\"height\":40,\"caption\":\"Silveco\"},\"image\":{\"@id\":\"https:\/\/silveco.eu\/#\/schema\/logo\/image\/\"}}]}<\/script>\n<!-- \/ Yoast SEO plugin. -->","yoast_head_json":{"title":"Eutergesundheit - Silveco","robots":{"index":"index","follow":"follow","max-snippet":"max-snippet:-1","max-image-preview":"max-image-preview:large","max-video-preview":"max-video-preview:-1"},"canonical":"https:\/\/silveco.eu\/de\/eutergesundheit\/","og_locale":"de_DE","og_type":"article","og_title":"Eutergesundheit - Silveco","og_description":"Gesundheit von Euter und Fortpflanzungsorganen bei Rindern Weniger Antibiotika bedeutet geringere Zuchtkosten. Produkte auf der Grundlage aktiver Formen von Silber und seiner antibakteriellen Wirkung sind hervorragend f\u00fcr die Bek\u00e4mpfung von Antibiotikaresistenzen geeignet. Sie erm\u00f6glichen eine deutliche Reduzierung des Einsatzes von Antibiotika und hemmen somit die Entwicklung von St\u00e4mmen, die gegen sie resistent sind. F\u00fcr jeden [&hellip;]","og_url":"https:\/\/silveco.eu\/de\/eutergesundheit\/","og_site_name":"Silveco","article_modified_time":"2025-06-12T10:51:42+00:00","og_image":[{"width":668,"height":480,"url":"https:\/\/silveco.eu\/wp-content\/uploads\/2023\/05\/krowy.webp","type":"image\/webp"}],"twitter_card":"summary_large_image","twitter_misc":{"Gesch\u00e4tzte Lesezeit":"10\u00a0Minuten"},"schema":{"@context":"https:\/\/schema.org","@graph":[{"@type":"WebPage","@id":"https:\/\/silveco.eu\/de\/eutergesundheit\/","url":"https:\/\/silveco.eu\/de\/eutergesundheit\/","name":"Eutergesundheit - Silveco","isPartOf":{"@id":"https:\/\/silveco.eu\/#website"},"primaryImageOfPage":{"@id":"https:\/\/silveco.eu\/de\/eutergesundheit\/#primaryimage"},"image":{"@id":"https:\/\/silveco.eu\/de\/eutergesundheit\/#primaryimage"},"thumbnailUrl":"https:\/\/silveco.eu\/wp-content\/uploads\/2023\/05\/krowy.webp","datePublished":"2025-06-05T15:22:32+00:00","dateModified":"2025-06-12T10:51:42+00:00","breadcrumb":{"@id":"https:\/\/silveco.eu\/de\/eutergesundheit\/#breadcrumb"},"inLanguage":"de","potentialAction":[{"@type":"ReadAction","target":["https:\/\/silveco.eu\/de\/eutergesundheit\/"]}]},{"@type":"ImageObject","inLanguage":"de","@id":"https:\/\/silveco.eu\/de\/eutergesundheit\/#primaryimage","url":"https:\/\/silveco.eu\/wp-content\/uploads\/2023\/05\/krowy.webp","contentUrl":"https:\/\/silveco.eu\/wp-content\/uploads\/2023\/05\/krowy.webp"},{"@type":"BreadcrumbList","@id":"https:\/\/silveco.eu\/de\/eutergesundheit\/#breadcrumb","itemListElement":[{"@type":"ListItem","position":1,"name":"Strona g\u0142\u00f3wna","item":"https:\/\/silveco.eu\/de\/"},{"@type":"ListItem","position":2,"name":"Eutergesundheit"}]},{"@type":"WebSite","@id":"https:\/\/silveco.eu\/#website","url":"https:\/\/silveco.eu\/","name":"Silveco","description":"Twoje wsparcie w hodowli","publisher":{"@id":"https:\/\/silveco.eu\/#organization"},"potentialAction":[{"@type":"SearchAction","target":{"@type":"EntryPoint","urlTemplate":"https:\/\/silveco.eu\/?s={search_term_string}"},"query-input":{"@type":"PropertyValueSpecification","valueRequired":true,"valueName":"search_term_string"}}],"inLanguage":"de"},{"@type":"Organization","@id":"https:\/\/silveco.eu\/#organization","name":"Silveco","url":"https:\/\/silveco.eu\/","logo":{"@type":"ImageObject","inLanguage":"de","@id":"https:\/\/silveco.eu\/#\/schema\/logo\/image\/","url":"https:\/\/silveco.eu\/wp-content\/uploads\/2023\/03\/image-16.svg","contentUrl":"https:\/\/silveco.eu\/wp-content\/uploads\/2023\/03\/image-16.svg","width":217,"height":40,"caption":"Silveco"},"image":{"@id":"https:\/\/silveco.eu\/#\/schema\/logo\/image\/"}}]}},"_links":{"self":[{"href":"https:\/\/silveco.eu\/de\/wp-json\/wp\/v2\/pages\/4930","targetHints":{"allow":["GET"]}}],"collection":[{"href":"https:\/\/silveco.eu\/de\/wp-json\/wp\/v2\/pages"}],"about":[{"href":"https:\/\/silveco.eu\/de\/wp-json\/wp\/v2\/types\/page"}],"author":[{"embeddable":true,"href":"https:\/\/silveco.eu\/de\/wp-json\/wp\/v2\/users\/3"}],"replies":[{"embeddable":true,"href":"https:\/\/silveco.eu\/de\/wp-json\/wp\/v2\/comments?post=4930"}],"version-history":[{"count":9,"href":"https:\/\/silveco.eu\/de\/wp-json\/wp\/v2\/pages\/4930\/revisions"}],"predecessor-version":[{"id":5023,"href":"https:\/\/silveco.eu\/de\/wp-json\/wp\/v2\/pages\/4930\/revisions\/5023"}],"wp:attachment":[{"href":"https:\/\/silveco.eu\/de\/wp-json\/wp\/v2\/media?parent=4930"}],"curies":[{"name":"wp","href":"https:\/\/api.w.org\/{rel}","templated":true}]}}