{"id":2870,"date":"2023-05-16T12:18:22","date_gmt":"2023-05-16T10:18:22","guid":{"rendered":"https:\/\/silveco.eu\/produkt\/silveco-horse-shampoo\/"},"modified":"2026-03-23T08:50:00","modified_gmt":"2026-03-23T07:50:00","slug":"silveco-horse-shampoo","status":"publish","type":"product","link":"https:\/\/silveco.eu\/de\/produkt\/silveco-horse-shampoo\/","title":{"rendered":"SILVECO Pferde-Shampoo Shampoo f\u00fcr die t\u00e4gliche Hautpflege"},"content":{"rendered":"\n<div class=\"wp-block-group has-global-padding is-layout-constrained wp-block-group-is-layout-constrained\">\n<div class=\"wp-block-group has-global-padding is-layout-constrained wp-block-group-is-layout-constrained\">\n<div class=\"wp-block-group benefits-section has-light-grey-fade-gradient-background has-background has-global-padding is-layout-constrained wp-container-core-group-is-layout-9ad842e3 wp-block-group-is-layout-constrained\" style=\"border-radius:24px;margin-bottom:var(--wp--preset--spacing--70);padding-top:64px;padding-right:16px;padding-bottom:64px;padding-left:16px\">\n<h2 class=\"wp-block-heading has-text-align-center has-red-2-color has-text-color has-huge-font-size\">Die wichtigsten <mark style=\"background-color:rgba(0, 0, 0, 0)\" class=\"has-inline-color has-primary-color\">Vorteile:<\/mark><\/h2>\n\n\n\n<div class=\"wp-block-group benefits-section__icon-boxes is-content-justification-space-between is-nowrap is-layout-flex wp-container-core-group-is-layout-62a6d66b wp-block-group-is-layout-flex\" style=\"padding-right:80px;padding-left:80px\">\n<div class=\"wp-block-media-text alignwide is-stacked-on-mobile is-vertically-aligned-center\"><figure class=\"wp-block-media-text__media\"><img loading=\"lazy\" decoding=\"async\" width=\"160\" height=\"161\" src=\"https:\/\/silveco.eu\/wp-content\/uploads\/2023\/05\/Przemywanie-skory.png\" alt=\"\" class=\"wp-image-1556 size-full\" srcset=\"https:\/\/silveco.eu\/wp-content\/uploads\/2023\/05\/Przemywanie-skory.png 160w, https:\/\/silveco.eu\/wp-content\/uploads\/2023\/05\/Przemywanie-skory-100x100.png 100w\" sizes=\"auto, (max-width: 160px) 100vw, 160px\" \/><\/figure><div class=\"wp-block-media-text__content\">\n<p>Felltoilette<\/p>\n<\/div><\/div>\n\n\n\n<div class=\"wp-block-media-text alignwide is-stacked-on-mobile is-vertically-aligned-center\"><figure class=\"wp-block-media-text__media\"><img loading=\"lazy\" decoding=\"async\" width=\"161\" height=\"161\" src=\"https:\/\/silveco.eu\/wp-content\/uploads\/2023\/05\/Podraznienia.png\" alt=\"\" class=\"wp-image-1550 size-full\" srcset=\"https:\/\/silveco.eu\/wp-content\/uploads\/2023\/05\/Podraznienia.png 161w, https:\/\/silveco.eu\/wp-content\/uploads\/2023\/05\/Podraznienia-100x100.png 100w\" sizes=\"auto, (max-width: 161px) 100vw, 161px\" \/><\/figure><div class=\"wp-block-media-text__content\">\n<p>Lindert Hautreizungen<\/p>\n<\/div><\/div>\n\n\n\n<div class=\"wp-block-media-text alignwide is-stacked-on-mobile is-vertically-aligned-center\"><figure class=\"wp-block-media-text__media\"><img loading=\"lazy\" decoding=\"async\" width=\"161\" height=\"160\" src=\"https:\/\/silveco.eu\/wp-content\/themes\/silveco\/assets\/images\/active_silver_ICON160.webp\" alt=\"\" class=\"wp-image-1010 size-full\"\/><\/figure><div class=\"wp-block-media-text__content\">\n<p>Aktive Formen von Silber<\/p>\n<\/div><\/div>\n\n\n\n<div class=\"wp-block-media-text alignwide is-stacked-on-mobile is-vertically-aligned-center\"><figure class=\"wp-block-media-text__media\"><img loading=\"lazy\" decoding=\"async\" width=\"161\" height=\"161\" src=\"https:\/\/silveco.eu\/wp-content\/uploads\/2023\/05\/Mechaniczne.png\" alt=\"\" class=\"wp-image-1546 size-full\" srcset=\"https:\/\/silveco.eu\/wp-content\/uploads\/2023\/05\/Mechaniczne.png 161w, https:\/\/silveco.eu\/wp-content\/uploads\/2023\/05\/Mechaniczne-100x100.png 100w\" sizes=\"auto, (max-width: 161px) 100vw, 161px\" \/><\/figure><div class=\"wp-block-media-text__content\">\n<p>Empfohlen bei mechanischen Absch\u00fcrfungen<\/p>\n<\/div><\/div>\n\n\n\n<div class=\"wp-block-media-text alignwide is-stacked-on-mobile is-vertically-aligned-center\"><figure class=\"wp-block-media-text__media\"><img loading=\"lazy\" decoding=\"async\" width=\"161\" height=\"161\" src=\"https:\/\/silveco.eu\/wp-content\/uploads\/2023\/05\/Antybiotyki.png\" alt=\"\" class=\"wp-image-1514 size-full\" srcset=\"https:\/\/silveco.eu\/wp-content\/uploads\/2023\/05\/Antybiotyki.png 161w, https:\/\/silveco.eu\/wp-content\/uploads\/2023\/05\/Antybiotyki-100x100.png 100w\" sizes=\"auto, (max-width: 161px) 100vw, 161px\" \/><\/figure><div class=\"wp-block-media-text__content\">\n<p>Dopping free<\/p>\n<\/div><\/div>\n<\/div>\n<\/div>\n<\/div>\n\n\n\n<div class=\"wp-block-group container pt-5 has-global-padding is-layout-constrained wp-block-group-is-layout-constrained\">\n<div class=\"wp-block-columns are-vertically-aligned-center is-layout-flex wp-container-core-columns-is-layout-28f84493 wp-block-columns-is-layout-flex\">\n<div class=\"wp-block-column is-vertically-aligned-center is-layout-flow wp-block-column-is-layout-flow\">\n<h2 class=\"wp-block-heading fs-48 has-text-color\" style=\"color:#db0000;font-style:normal;font-weight:800;line-height:1.2\">Anwendungsweise<\/h2>\n\n\n\n<p class=\"fs-14\">Das Shampoo gleichm\u00e4\u00dfig auf nasser Haut, Fell und Haar verteilen. Mit einem Schwamm, einer B\u00fcrste oder Hand einmassieren und 5 Minuten einwirken lassen, damit die antibakteriellen Inhaltsstoffe wirken. Anschlie\u00dfend gr\u00fcndlich aussp\u00fclen. Bei Bedarf wiederholen. Achten Sie darauf, die Augenpartie und die Schleimh\u00e4ute auszulassen.<\/p>\n<\/div>\n\n\n\n<div class=\"wp-block-column is-vertically-aligned-center is-layout-flow wp-block-column-is-layout-flow\">\n<figure class=\"wp-block-gallery has-nested-images columns-default is-cropped wp-block-gallery-1 is-layout-flex wp-block-gallery-is-layout-flex\">\n<figure class=\"wp-block-image size-full\"><img loading=\"lazy\" decoding=\"async\" width=\"682\" height=\"450\" data-id=\"1024\" src=\"https:\/\/silveco.eu\/wp-content\/uploads\/2023\/05\/shampoo_kon_zdjecie.webp\" alt=\"\" class=\"wp-image-1024\" srcset=\"https:\/\/silveco.eu\/wp-content\/uploads\/2023\/05\/shampoo_kon_zdjecie.webp 682w, https:\/\/silveco.eu\/wp-content\/uploads\/2023\/05\/shampoo_kon_zdjecie-300x198.webp 300w, https:\/\/silveco.eu\/wp-content\/uploads\/2023\/05\/shampoo_kon_zdjecie-241x159.webp 241w, https:\/\/silveco.eu\/wp-content\/uploads\/2023\/05\/shampoo_kon_zdjecie-600x396.webp 600w\" sizes=\"auto, (max-width: 682px) 100vw, 682px\" \/><\/figure>\n<\/figure>\n<\/div>\n<\/div>\n<\/div>\n<\/div>\n","protected":false},"excerpt":{"rendered":"<h3><span style=\"color: #db0000;\">Shampoo auf Basis von aktiven Silberformen, entwickelt f\u00fcr die t\u00e4gliche Pflege von Pferden.<\/span><\/h3>\n<p class=\"fs-14\">Die einzigartige Zusammensetzung des Shampoos hat antibakterielle Eigenschaften und ist somit perfekt f\u00fcr Pferde mit Hautproblemen geeignet. Es entfernt effektiv Schmutz aus dem Fell des Pferdes, macht es sauber und gesund und verhindert auch die Entwicklung von Mikroorganismen.<\/p>\n","protected":false},"featured_media":2071,"comment_status":"open","ping_status":"closed","template":"","meta":{"_acf_changed":false,"inline_featured_image":false},"product_brand":[],"product_cat":[109],"product_tag":[],"class_list":{"0":"post-2870","1":"product","2":"type-product","3":"status-publish","4":"has-post-thumbnail","6":"product_cat-pferdepflege","8":"first","9":"instock","10":"shipping-taxable","11":"product-type-simple"},"acf":[],"yoast_head":"<!-- This site is optimized with the Yoast SEO plugin v26.4 - https:\/\/yoast.com\/wordpress\/plugins\/seo\/ -->\n<title>SILVECO Pferde-Shampoo Shampoo f\u00fcr die t\u00e4gliche Hautpflege - Silveco<\/title>\n<meta name=\"robots\" content=\"index, follow, max-snippet:-1, max-image-preview:large, max-video-preview:-1\" \/>\n<link rel=\"canonical\" href=\"https:\/\/silveco.eu\/de\/produkt\/silveco-horse-shampoo\/\" \/>\n<meta property=\"og:locale\" content=\"de_DE\" \/>\n<meta property=\"og:type\" content=\"article\" \/>\n<meta property=\"og:title\" content=\"SILVECO Pferde-Shampoo Shampoo f\u00fcr die t\u00e4gliche Hautpflege - Silveco\" \/>\n<meta property=\"og:description\" content=\"Shampoo auf Basis von aktiven Silberformen, entwickelt f\u00fcr die t\u00e4gliche Pflege von Pferden. Die einzigartige Zusammensetzung des Shampoos hat antibakterielle Eigenschaften und ist somit perfekt f\u00fcr Pferde mit Hautproblemen geeignet. Es entfernt effektiv Schmutz aus dem Fell des Pferdes, macht es sauber und gesund und verhindert auch die Entwicklung von Mikroorganismen.\" \/>\n<meta property=\"og:url\" content=\"https:\/\/silveco.eu\/de\/produkt\/silveco-horse-shampoo\/\" \/>\n<meta property=\"og:site_name\" content=\"Silveco\" \/>\n<meta property=\"article:modified_time\" content=\"2026-03-23T07:50:00+00:00\" \/>\n<meta property=\"og:image\" content=\"https:\/\/silveco.eu\/wp-content\/uploads\/2023\/08\/PROD_horse_shampoo-1.png\" \/>\n\t<meta property=\"og:image:width\" content=\"801\" \/>\n\t<meta property=\"og:image:height\" content=\"801\" \/>\n\t<meta property=\"og:image:type\" content=\"image\/png\" \/>\n<meta name=\"twitter:card\" content=\"summary_large_image\" \/>\n<script type=\"application\/ld+json\" class=\"yoast-schema-graph\">{\"@context\":\"https:\/\/schema.org\",\"@graph\":[{\"@type\":\"WebPage\",\"@id\":\"https:\/\/silveco.eu\/de\/produkt\/silveco-horse-shampoo\/\",\"url\":\"https:\/\/silveco.eu\/de\/produkt\/silveco-horse-shampoo\/\",\"name\":\"SILVECO Pferde-Shampoo Shampoo f\u00fcr die t\u00e4gliche Hautpflege - Silveco\",\"isPartOf\":{\"@id\":\"https:\/\/silveco.eu\/#website\"},\"primaryImageOfPage\":{\"@id\":\"https:\/\/silveco.eu\/de\/produkt\/silveco-horse-shampoo\/#primaryimage\"},\"image\":{\"@id\":\"https:\/\/silveco.eu\/de\/produkt\/silveco-horse-shampoo\/#primaryimage\"},\"thumbnailUrl\":\"https:\/\/silveco.eu\/wp-content\/uploads\/2023\/08\/PROD_horse_shampoo-1.png\",\"datePublished\":\"2023-05-16T10:18:22+00:00\",\"dateModified\":\"2026-03-23T07:50:00+00:00\",\"breadcrumb\":{\"@id\":\"https:\/\/silveco.eu\/de\/produkt\/silveco-horse-shampoo\/#breadcrumb\"},\"inLanguage\":\"de\",\"potentialAction\":[{\"@type\":\"ReadAction\",\"target\":[\"https:\/\/silveco.eu\/de\/produkt\/silveco-horse-shampoo\/\"]}]},{\"@type\":\"ImageObject\",\"inLanguage\":\"de\",\"@id\":\"https:\/\/silveco.eu\/de\/produkt\/silveco-horse-shampoo\/#primaryimage\",\"url\":\"https:\/\/silveco.eu\/wp-content\/uploads\/2023\/08\/PROD_horse_shampoo-1.png\",\"contentUrl\":\"https:\/\/silveco.eu\/wp-content\/uploads\/2023\/08\/PROD_horse_shampoo-1.png\",\"width\":801,\"height\":801},{\"@type\":\"BreadcrumbList\",\"@id\":\"https:\/\/silveco.eu\/de\/produkt\/silveco-horse-shampoo\/#breadcrumb\",\"itemListElement\":[{\"@type\":\"ListItem\",\"position\":1,\"name\":\"Strona g\u0142\u00f3wna\",\"item\":\"https:\/\/silveco.eu\/de\/\"},{\"@type\":\"ListItem\",\"position\":2,\"name\":\"Sklep\",\"item\":\"https:\/\/silveco.eu\/sklep\/\"},{\"@type\":\"ListItem\",\"position\":3,\"name\":\"SILVECO Pferde-Shampoo Shampoo f\u00fcr die t\u00e4gliche Hautpflege\"}]},{\"@type\":\"WebSite\",\"@id\":\"https:\/\/silveco.eu\/#website\",\"url\":\"https:\/\/silveco.eu\/\",\"name\":\"Silveco\",\"description\":\"Twoje wsparcie w hodowli\",\"publisher\":{\"@id\":\"https:\/\/silveco.eu\/#organization\"},\"potentialAction\":[{\"@type\":\"SearchAction\",\"target\":{\"@type\":\"EntryPoint\",\"urlTemplate\":\"https:\/\/silveco.eu\/?s={search_term_string}\"},\"query-input\":{\"@type\":\"PropertyValueSpecification\",\"valueRequired\":true,\"valueName\":\"search_term_string\"}}],\"inLanguage\":\"de\"},{\"@type\":\"Organization\",\"@id\":\"https:\/\/silveco.eu\/#organization\",\"name\":\"Silveco\",\"url\":\"https:\/\/silveco.eu\/\",\"logo\":{\"@type\":\"ImageObject\",\"inLanguage\":\"de\",\"@id\":\"https:\/\/silveco.eu\/#\/schema\/logo\/image\/\",\"url\":\"https:\/\/silveco.eu\/wp-content\/uploads\/2023\/03\/image-16.svg\",\"contentUrl\":\"https:\/\/silveco.eu\/wp-content\/uploads\/2023\/03\/image-16.svg\",\"width\":217,\"height\":40,\"caption\":\"Silveco\"},\"image\":{\"@id\":\"https:\/\/silveco.eu\/#\/schema\/logo\/image\/\"}}]}<\/script>\n<!-- \/ Yoast SEO plugin. -->","yoast_head_json":{"title":"SILVECO Pferde-Shampoo Shampoo f\u00fcr die t\u00e4gliche Hautpflege - Silveco","robots":{"index":"index","follow":"follow","max-snippet":"max-snippet:-1","max-image-preview":"max-image-preview:large","max-video-preview":"max-video-preview:-1"},"canonical":"https:\/\/silveco.eu\/de\/produkt\/silveco-horse-shampoo\/","og_locale":"de_DE","og_type":"article","og_title":"SILVECO Pferde-Shampoo Shampoo f\u00fcr die t\u00e4gliche Hautpflege - Silveco","og_description":"Shampoo auf Basis von aktiven Silberformen, entwickelt f\u00fcr die t\u00e4gliche Pflege von Pferden. Die einzigartige Zusammensetzung des Shampoos hat antibakterielle Eigenschaften und ist somit perfekt f\u00fcr Pferde mit Hautproblemen geeignet. Es entfernt effektiv Schmutz aus dem Fell des Pferdes, macht es sauber und gesund und verhindert auch die Entwicklung von Mikroorganismen.","og_url":"https:\/\/silveco.eu\/de\/produkt\/silveco-horse-shampoo\/","og_site_name":"Silveco","article_modified_time":"2026-03-23T07:50:00+00:00","og_image":[{"width":801,"height":801,"url":"https:\/\/silveco.eu\/wp-content\/uploads\/2023\/08\/PROD_horse_shampoo-1.png","type":"image\/png"}],"twitter_card":"summary_large_image","schema":{"@context":"https:\/\/schema.org","@graph":[{"@type":"WebPage","@id":"https:\/\/silveco.eu\/de\/produkt\/silveco-horse-shampoo\/","url":"https:\/\/silveco.eu\/de\/produkt\/silveco-horse-shampoo\/","name":"SILVECO Pferde-Shampoo Shampoo f\u00fcr die t\u00e4gliche Hautpflege - Silveco","isPartOf":{"@id":"https:\/\/silveco.eu\/#website"},"primaryImageOfPage":{"@id":"https:\/\/silveco.eu\/de\/produkt\/silveco-horse-shampoo\/#primaryimage"},"image":{"@id":"https:\/\/silveco.eu\/de\/produkt\/silveco-horse-shampoo\/#primaryimage"},"thumbnailUrl":"https:\/\/silveco.eu\/wp-content\/uploads\/2023\/08\/PROD_horse_shampoo-1.png","datePublished":"2023-05-16T10:18:22+00:00","dateModified":"2026-03-23T07:50:00+00:00","breadcrumb":{"@id":"https:\/\/silveco.eu\/de\/produkt\/silveco-horse-shampoo\/#breadcrumb"},"inLanguage":"de","potentialAction":[{"@type":"ReadAction","target":["https:\/\/silveco.eu\/de\/produkt\/silveco-horse-shampoo\/"]}]},{"@type":"ImageObject","inLanguage":"de","@id":"https:\/\/silveco.eu\/de\/produkt\/silveco-horse-shampoo\/#primaryimage","url":"https:\/\/silveco.eu\/wp-content\/uploads\/2023\/08\/PROD_horse_shampoo-1.png","contentUrl":"https:\/\/silveco.eu\/wp-content\/uploads\/2023\/08\/PROD_horse_shampoo-1.png","width":801,"height":801},{"@type":"BreadcrumbList","@id":"https:\/\/silveco.eu\/de\/produkt\/silveco-horse-shampoo\/#breadcrumb","itemListElement":[{"@type":"ListItem","position":1,"name":"Strona g\u0142\u00f3wna","item":"https:\/\/silveco.eu\/de\/"},{"@type":"ListItem","position":2,"name":"Sklep","item":"https:\/\/silveco.eu\/sklep\/"},{"@type":"ListItem","position":3,"name":"SILVECO Pferde-Shampoo Shampoo f\u00fcr die t\u00e4gliche Hautpflege"}]},{"@type":"WebSite","@id":"https:\/\/silveco.eu\/#website","url":"https:\/\/silveco.eu\/","name":"Silveco","description":"Twoje wsparcie w hodowli","publisher":{"@id":"https:\/\/silveco.eu\/#organization"},"potentialAction":[{"@type":"SearchAction","target":{"@type":"EntryPoint","urlTemplate":"https:\/\/silveco.eu\/?s={search_term_string}"},"query-input":{"@type":"PropertyValueSpecification","valueRequired":true,"valueName":"search_term_string"}}],"inLanguage":"de"},{"@type":"Organization","@id":"https:\/\/silveco.eu\/#organization","name":"Silveco","url":"https:\/\/silveco.eu\/","logo":{"@type":"ImageObject","inLanguage":"de","@id":"https:\/\/silveco.eu\/#\/schema\/logo\/image\/","url":"https:\/\/silveco.eu\/wp-content\/uploads\/2023\/03\/image-16.svg","contentUrl":"https:\/\/silveco.eu\/wp-content\/uploads\/2023\/03\/image-16.svg","width":217,"height":40,"caption":"Silveco"},"image":{"@id":"https:\/\/silveco.eu\/#\/schema\/logo\/image\/"}}]}},"_links":{"self":[{"href":"https:\/\/silveco.eu\/de\/wp-json\/wp\/v2\/product\/2870","targetHints":{"allow":["GET"]}}],"collection":[{"href":"https:\/\/silveco.eu\/de\/wp-json\/wp\/v2\/product"}],"about":[{"href":"https:\/\/silveco.eu\/de\/wp-json\/wp\/v2\/types\/product"}],"replies":[{"embeddable":true,"href":"https:\/\/silveco.eu\/de\/wp-json\/wp\/v2\/comments?post=2870"}],"wp:featuredmedia":[{"embeddable":true,"href":"https:\/\/silveco.eu\/de\/wp-json\/wp\/v2\/media\/2071"}],"wp:attachment":[{"href":"https:\/\/silveco.eu\/de\/wp-json\/wp\/v2\/media?parent=2870"}],"wp:term":[{"taxonomy":"product_brand","embeddable":true,"href":"https:\/\/silveco.eu\/de\/wp-json\/wp\/v2\/product_brand?post=2870"},{"taxonomy":"product_cat","embeddable":true,"href":"https:\/\/silveco.eu\/de\/wp-json\/wp\/v2\/product_cat?post=2870"},{"taxonomy":"product_tag","embeddable":true,"href":"https:\/\/silveco.eu\/de\/wp-json\/wp\/v2\/product_tag?post=2870"}],"curies":[{"name":"wp","href":"https:\/\/api.w.org\/{rel}","templated":true}]}}