{"id":2872,"date":"2023-05-16T12:17:06","date_gmt":"2023-05-16T10:17:06","guid":{"rendered":"https:\/\/silveco.eu\/produkt\/silveco-horse-soap\/"},"modified":"2026-03-23T08:54:06","modified_gmt":"2026-03-23T07:54:06","slug":"silveco-horse-soap","status":"publish","type":"product","link":"https:\/\/silveco.eu\/de\/produkt\/silveco-horse-soap\/","title":{"rendered":"SILVECO Pferdeseife f\u00fcr die Haut- und Hufpflege"},"content":{"rendered":"\n<div class=\"wp-block-group has-global-padding is-layout-constrained wp-block-group-is-layout-constrained\">\n<div class=\"wp-block-group has-global-padding is-layout-constrained wp-block-group-is-layout-constrained\">\n<div class=\"wp-block-group benefits-section has-light-grey-fade-gradient-background has-background has-global-padding is-layout-constrained wp-container-core-group-is-layout-9ad842e3 wp-block-group-is-layout-constrained\" style=\"border-radius:24px;margin-bottom:var(--wp--preset--spacing--70);padding-top:64px;padding-right:16px;padding-bottom:64px;padding-left:16px\">\n<h2 class=\"wp-block-heading has-text-align-center has-red-2-color has-text-color has-huge-font-size\">Die wichtigsten <mark style=\"background-color:rgba(0, 0, 0, 0)\" class=\"has-inline-color has-primary-color\">Vorteile:<\/mark><\/h2>\n\n\n\n<div class=\"wp-block-group benefits-section__icon-boxes is-content-justification-space-between is-nowrap is-layout-flex wp-container-core-group-is-layout-62a6d66b wp-block-group-is-layout-flex\" style=\"padding-right:80px;padding-left:80px\">\n<div class=\"wp-block-media-text alignwide is-stacked-on-mobile is-vertically-aligned-center\"><figure class=\"wp-block-media-text__media\"><img loading=\"lazy\" decoding=\"async\" width=\"160\" height=\"161\" src=\"https:\/\/silveco.eu\/wp-content\/uploads\/2023\/05\/Przemywanie-skory.png\" alt=\"\" class=\"wp-image-1556 size-full\" srcset=\"https:\/\/silveco.eu\/wp-content\/uploads\/2023\/05\/Przemywanie-skory.png 160w, https:\/\/silveco.eu\/wp-content\/uploads\/2023\/05\/Przemywanie-skory-100x100.png 100w\" sizes=\"auto, (max-width: 160px) 100vw, 160px\" \/><\/figure><div class=\"wp-block-media-text__content\">\n<p>Waschen gesch\u00e4digter Haut<\/p>\n<\/div><\/div>\n\n\n\n<div class=\"wp-block-media-text alignwide is-stacked-on-mobile is-vertically-aligned-center\"><figure class=\"wp-block-media-text__media\"><img loading=\"lazy\" decoding=\"async\" width=\"161\" height=\"161\" src=\"https:\/\/silveco.eu\/wp-content\/uploads\/2023\/05\/Toaleta-kopyt.png\" alt=\"\" class=\"wp-image-1558 size-full\" srcset=\"https:\/\/silveco.eu\/wp-content\/uploads\/2023\/05\/Toaleta-kopyt.png 161w, https:\/\/silveco.eu\/wp-content\/uploads\/2023\/05\/Toaleta-kopyt-100x100.png 100w\" sizes=\"auto, (max-width: 161px) 100vw, 161px\" \/><\/figure><div class=\"wp-block-media-text__content\">\n<p>Huftoilette<\/p>\n<\/div><\/div>\n\n\n\n<div class=\"wp-block-media-text alignwide is-stacked-on-mobile is-vertically-aligned-center\"><figure class=\"wp-block-media-text__media\"><img loading=\"lazy\" decoding=\"async\" width=\"161\" height=\"160\" src=\"https:\/\/silveco.eu\/wp-content\/themes\/silveco\/assets\/images\/active_silver_ICON160.webp\" alt=\"\" class=\"wp-image-1010 size-full\"\/><\/figure><div class=\"wp-block-media-text__content\">\n<p>Aktive Formen von Silber<\/p>\n<\/div><\/div>\n\n\n\n<div class=\"wp-block-media-text alignwide is-stacked-on-mobile is-vertically-aligned-center\"><figure class=\"wp-block-media-text__media\"><img loading=\"lazy\" decoding=\"async\" width=\"161\" height=\"161\" src=\"https:\/\/silveco.eu\/wp-content\/uploads\/2023\/05\/Higiena-strzalki.png\" alt=\"\" class=\"wp-image-1538 size-full\" srcset=\"https:\/\/silveco.eu\/wp-content\/uploads\/2023\/05\/Higiena-strzalki.png 161w, https:\/\/silveco.eu\/wp-content\/uploads\/2023\/05\/Higiena-strzalki-100x100.png 100w\" sizes=\"auto, (max-width: 161px) 100vw, 161px\" \/><\/figure><div class=\"wp-block-media-text__content\">\n<p>Strahlhygiene<\/p>\n<\/div><\/div>\n\n\n\n<div class=\"wp-block-media-text alignwide is-stacked-on-mobile is-vertically-aligned-center\"><figure class=\"wp-block-media-text__media\"><img loading=\"lazy\" decoding=\"async\" width=\"161\" height=\"161\" src=\"https:\/\/silveco.eu\/wp-content\/uploads\/2023\/05\/Antybiotyki.png\" alt=\"\" class=\"wp-image-1514 size-full\" srcset=\"https:\/\/silveco.eu\/wp-content\/uploads\/2023\/05\/Antybiotyki.png 161w, https:\/\/silveco.eu\/wp-content\/uploads\/2023\/05\/Antybiotyki-100x100.png 100w\" sizes=\"auto, (max-width: 161px) 100vw, 161px\" \/><\/figure><div class=\"wp-block-media-text__content\">\n<p>Dopping free<\/p>\n<\/div><\/div>\n<\/div>\n<\/div>\n<\/div>\n\n\n\n<div class=\"wp-block-group container pt-5 has-global-padding is-layout-constrained wp-block-group-is-layout-constrained\">\n<div class=\"wp-block-columns are-vertically-aligned-center is-layout-flex wp-container-core-columns-is-layout-28f84493 wp-block-columns-is-layout-flex\">\n<div class=\"wp-block-column is-vertically-aligned-center is-layout-flow wp-block-column-is-layout-flow\">\n<h2 class=\"wp-block-heading fs-48 has-text-color\" style=\"color:#db0000;font-style:normal;font-weight:800;line-height:1.2\">Anwendung: <\/h2>\n\n\n\n<p class=\"fs-14\">SILVECO Horse Soap ist eine unverzichtbare Unterst\u00fctzung bei der Aufrechterhaltung der richtigen Hygiene von Haut und Hufen. Dank ihrer Eigenschaften erleichtert sie die Reinigung und Vorbereitung auf weitere Behandlungen besch\u00e4digter oder ver\u00e4nderter an ver\u00e4nderter Haut, Hufen und Strahlhorn.<\/p>\n\n\n\n<h3 class=\"wp-block-heading has-primary-color has-text-color\" style=\"font-size:clamp(1.146rem, 1.146rem + ((1vw - 0.2rem) * 0.934), 1.8rem);\">Anwendungsweise:<\/h3>\n\n\n\n<p>Verletzte oder zu reinigende Stellen mit der Seife waschen und mit Wasser absp\u00fclen. Wenn die Anwendung anderer Pr\u00e4parate erforderlich ist, sollte die jeweilige Stelle vor der Anwendung getrocknet werden. Das Produkt ist gebrauchsfertig und sollte nicht verd\u00fcnnt werden.<\/p>\n<\/div>\n\n\n\n<div class=\"wp-block-column is-vertically-aligned-center is-layout-flow wp-block-column-is-layout-flow\">\n<figure class=\"wp-block-gallery has-nested-images columns-default is-cropped wp-block-gallery-1 is-layout-flex wp-block-gallery-is-layout-flex\">\n<figure class=\"wp-block-image size-full\"><img loading=\"lazy\" decoding=\"async\" width=\"682\" height=\"450\" data-id=\"990\" src=\"https:\/\/silveco.eu\/wp-content\/uploads\/2023\/05\/horse_soap_zdjecie.webp\" alt=\"\" class=\"wp-image-990\" srcset=\"https:\/\/silveco.eu\/wp-content\/uploads\/2023\/05\/horse_soap_zdjecie.webp 682w, https:\/\/silveco.eu\/wp-content\/uploads\/2023\/05\/horse_soap_zdjecie-300x198.webp 300w, https:\/\/silveco.eu\/wp-content\/uploads\/2023\/05\/horse_soap_zdjecie-241x159.webp 241w, https:\/\/silveco.eu\/wp-content\/uploads\/2023\/05\/horse_soap_zdjecie-600x396.webp 600w\" sizes=\"auto, (max-width: 682px) 100vw, 682px\" \/><\/figure>\n<\/figure>\n<\/div>\n<\/div>\n<\/div>\n<\/div>\n","protected":false},"excerpt":{"rendered":"<h3><span style=\"color: #db0000;\">Innovative Pferdeseife mit Silbernanopartikeln.<\/span><\/h3>\n<p class=\"fs-14\">Entwickelt f\u00fcr die richtige Pflege von Haut und Hufen, die Absch\u00fcrfungen oder Besch\u00e4digungen ausgesetzt sind. Sie ist auch perfekt f\u00fcr die t\u00e4gliche Pflege geeignet und bietet langanhaltenden Schutz.<\/p>\n<ul class=\"fs-14\">\n<li>reinigt und pflegt<\/li>\n<li>unterst\u00fctzt Regenerationsprozesse<\/li>\n<li>enth\u00e4lt aktive Formen von Silber<\/li>\n<li>sch\u00fctzt vor der Vermehrung von Mikroorganismen<\/li>\n<\/ul>\n","protected":false},"featured_media":2072,"comment_status":"open","ping_status":"closed","template":"","meta":{"_acf_changed":false,"inline_featured_image":false},"product_brand":[],"product_cat":[109],"product_tag":[],"class_list":{"0":"post-2872","1":"product","2":"type-product","3":"status-publish","4":"has-post-thumbnail","6":"product_cat-pferdepflege","8":"first","9":"instock","10":"shipping-taxable","11":"product-type-simple"},"acf":[],"yoast_head":"<!-- This site is optimized with the Yoast SEO plugin v26.4 - https:\/\/yoast.com\/wordpress\/plugins\/seo\/ -->\n<title>SILVECO Pferdeseife f\u00fcr die Haut- und Hufpflege - Silveco<\/title>\n<meta name=\"robots\" content=\"index, follow, max-snippet:-1, max-image-preview:large, max-video-preview:-1\" \/>\n<link rel=\"canonical\" href=\"https:\/\/silveco.eu\/de\/produkt\/silveco-horse-soap\/\" \/>\n<meta property=\"og:locale\" content=\"de_DE\" \/>\n<meta property=\"og:type\" content=\"article\" \/>\n<meta property=\"og:title\" content=\"SILVECO Pferdeseife f\u00fcr die Haut- und Hufpflege - Silveco\" \/>\n<meta property=\"og:description\" content=\"Innovative Pferdeseife mit Silbernanopartikeln. Entwickelt f\u00fcr die richtige Pflege von Haut und Hufen, die Absch\u00fcrfungen oder Besch\u00e4digungen ausgesetzt sind. Sie ist auch perfekt f\u00fcr die t\u00e4gliche Pflege geeignet und bietet langanhaltenden Schutz.   reinigt und pflegt  unterst\u00fctzt Regenerationsprozesse  enth\u00e4lt aktive Formen von Silber  sch\u00fctzt vor der Vermehrung von Mikroorganismen\" \/>\n<meta property=\"og:url\" content=\"https:\/\/silveco.eu\/de\/produkt\/silveco-horse-soap\/\" \/>\n<meta property=\"og:site_name\" content=\"Silveco\" \/>\n<meta property=\"article:modified_time\" content=\"2026-03-23T07:54:06+00:00\" \/>\n<meta property=\"og:image\" content=\"https:\/\/silveco.eu\/wp-content\/uploads\/2023\/08\/PROD_horse_soap-1.png\" \/>\n\t<meta property=\"og:image:width\" content=\"800\" \/>\n\t<meta property=\"og:image:height\" content=\"801\" \/>\n\t<meta property=\"og:image:type\" content=\"image\/png\" \/>\n<meta name=\"twitter:card\" content=\"summary_large_image\" \/>\n<meta name=\"twitter:label1\" content=\"Gesch\u00e4tzte Lesezeit\" \/>\n\t<meta name=\"twitter:data1\" content=\"1\u00a0Minute\" \/>\n<script type=\"application\/ld+json\" class=\"yoast-schema-graph\">{\"@context\":\"https:\/\/schema.org\",\"@graph\":[{\"@type\":\"WebPage\",\"@id\":\"https:\/\/silveco.eu\/de\/produkt\/silveco-horse-soap\/\",\"url\":\"https:\/\/silveco.eu\/de\/produkt\/silveco-horse-soap\/\",\"name\":\"SILVECO Pferdeseife f\u00fcr die Haut- und Hufpflege - Silveco\",\"isPartOf\":{\"@id\":\"https:\/\/silveco.eu\/#website\"},\"primaryImageOfPage\":{\"@id\":\"https:\/\/silveco.eu\/de\/produkt\/silveco-horse-soap\/#primaryimage\"},\"image\":{\"@id\":\"https:\/\/silveco.eu\/de\/produkt\/silveco-horse-soap\/#primaryimage\"},\"thumbnailUrl\":\"https:\/\/silveco.eu\/wp-content\/uploads\/2023\/08\/PROD_horse_soap-1.png\",\"datePublished\":\"2023-05-16T10:17:06+00:00\",\"dateModified\":\"2026-03-23T07:54:06+00:00\",\"breadcrumb\":{\"@id\":\"https:\/\/silveco.eu\/de\/produkt\/silveco-horse-soap\/#breadcrumb\"},\"inLanguage\":\"de\",\"potentialAction\":[{\"@type\":\"ReadAction\",\"target\":[\"https:\/\/silveco.eu\/de\/produkt\/silveco-horse-soap\/\"]}]},{\"@type\":\"ImageObject\",\"inLanguage\":\"de\",\"@id\":\"https:\/\/silveco.eu\/de\/produkt\/silveco-horse-soap\/#primaryimage\",\"url\":\"https:\/\/silveco.eu\/wp-content\/uploads\/2023\/08\/PROD_horse_soap-1.png\",\"contentUrl\":\"https:\/\/silveco.eu\/wp-content\/uploads\/2023\/08\/PROD_horse_soap-1.png\",\"width\":800,\"height\":801},{\"@type\":\"BreadcrumbList\",\"@id\":\"https:\/\/silveco.eu\/de\/produkt\/silveco-horse-soap\/#breadcrumb\",\"itemListElement\":[{\"@type\":\"ListItem\",\"position\":1,\"name\":\"Strona g\u0142\u00f3wna\",\"item\":\"https:\/\/silveco.eu\/de\/\"},{\"@type\":\"ListItem\",\"position\":2,\"name\":\"Sklep\",\"item\":\"https:\/\/silveco.eu\/sklep\/\"},{\"@type\":\"ListItem\",\"position\":3,\"name\":\"SILVECO Pferdeseife f\u00fcr die Haut- und Hufpflege\"}]},{\"@type\":\"WebSite\",\"@id\":\"https:\/\/silveco.eu\/#website\",\"url\":\"https:\/\/silveco.eu\/\",\"name\":\"Silveco\",\"description\":\"Twoje wsparcie w hodowli\",\"publisher\":{\"@id\":\"https:\/\/silveco.eu\/#organization\"},\"potentialAction\":[{\"@type\":\"SearchAction\",\"target\":{\"@type\":\"EntryPoint\",\"urlTemplate\":\"https:\/\/silveco.eu\/?s={search_term_string}\"},\"query-input\":{\"@type\":\"PropertyValueSpecification\",\"valueRequired\":true,\"valueName\":\"search_term_string\"}}],\"inLanguage\":\"de\"},{\"@type\":\"Organization\",\"@id\":\"https:\/\/silveco.eu\/#organization\",\"name\":\"Silveco\",\"url\":\"https:\/\/silveco.eu\/\",\"logo\":{\"@type\":\"ImageObject\",\"inLanguage\":\"de\",\"@id\":\"https:\/\/silveco.eu\/#\/schema\/logo\/image\/\",\"url\":\"https:\/\/silveco.eu\/wp-content\/uploads\/2023\/03\/image-16.svg\",\"contentUrl\":\"https:\/\/silveco.eu\/wp-content\/uploads\/2023\/03\/image-16.svg\",\"width\":217,\"height\":40,\"caption\":\"Silveco\"},\"image\":{\"@id\":\"https:\/\/silveco.eu\/#\/schema\/logo\/image\/\"}}]}<\/script>\n<!-- \/ Yoast SEO plugin. -->","yoast_head_json":{"title":"SILVECO Pferdeseife f\u00fcr die Haut- und Hufpflege - Silveco","robots":{"index":"index","follow":"follow","max-snippet":"max-snippet:-1","max-image-preview":"max-image-preview:large","max-video-preview":"max-video-preview:-1"},"canonical":"https:\/\/silveco.eu\/de\/produkt\/silveco-horse-soap\/","og_locale":"de_DE","og_type":"article","og_title":"SILVECO Pferdeseife f\u00fcr die Haut- und Hufpflege - Silveco","og_description":"Innovative Pferdeseife mit Silbernanopartikeln. Entwickelt f\u00fcr die richtige Pflege von Haut und Hufen, die Absch\u00fcrfungen oder Besch\u00e4digungen ausgesetzt sind. Sie ist auch perfekt f\u00fcr die t\u00e4gliche Pflege geeignet und bietet langanhaltenden Schutz.   reinigt und pflegt  unterst\u00fctzt Regenerationsprozesse  enth\u00e4lt aktive Formen von Silber  sch\u00fctzt vor der Vermehrung von Mikroorganismen","og_url":"https:\/\/silveco.eu\/de\/produkt\/silveco-horse-soap\/","og_site_name":"Silveco","article_modified_time":"2026-03-23T07:54:06+00:00","og_image":[{"width":800,"height":801,"url":"https:\/\/silveco.eu\/wp-content\/uploads\/2023\/08\/PROD_horse_soap-1.png","type":"image\/png"}],"twitter_card":"summary_large_image","twitter_misc":{"Gesch\u00e4tzte Lesezeit":"1\u00a0Minute"},"schema":{"@context":"https:\/\/schema.org","@graph":[{"@type":"WebPage","@id":"https:\/\/silveco.eu\/de\/produkt\/silveco-horse-soap\/","url":"https:\/\/silveco.eu\/de\/produkt\/silveco-horse-soap\/","name":"SILVECO Pferdeseife f\u00fcr die Haut- und Hufpflege - Silveco","isPartOf":{"@id":"https:\/\/silveco.eu\/#website"},"primaryImageOfPage":{"@id":"https:\/\/silveco.eu\/de\/produkt\/silveco-horse-soap\/#primaryimage"},"image":{"@id":"https:\/\/silveco.eu\/de\/produkt\/silveco-horse-soap\/#primaryimage"},"thumbnailUrl":"https:\/\/silveco.eu\/wp-content\/uploads\/2023\/08\/PROD_horse_soap-1.png","datePublished":"2023-05-16T10:17:06+00:00","dateModified":"2026-03-23T07:54:06+00:00","breadcrumb":{"@id":"https:\/\/silveco.eu\/de\/produkt\/silveco-horse-soap\/#breadcrumb"},"inLanguage":"de","potentialAction":[{"@type":"ReadAction","target":["https:\/\/silveco.eu\/de\/produkt\/silveco-horse-soap\/"]}]},{"@type":"ImageObject","inLanguage":"de","@id":"https:\/\/silveco.eu\/de\/produkt\/silveco-horse-soap\/#primaryimage","url":"https:\/\/silveco.eu\/wp-content\/uploads\/2023\/08\/PROD_horse_soap-1.png","contentUrl":"https:\/\/silveco.eu\/wp-content\/uploads\/2023\/08\/PROD_horse_soap-1.png","width":800,"height":801},{"@type":"BreadcrumbList","@id":"https:\/\/silveco.eu\/de\/produkt\/silveco-horse-soap\/#breadcrumb","itemListElement":[{"@type":"ListItem","position":1,"name":"Strona g\u0142\u00f3wna","item":"https:\/\/silveco.eu\/de\/"},{"@type":"ListItem","position":2,"name":"Sklep","item":"https:\/\/silveco.eu\/sklep\/"},{"@type":"ListItem","position":3,"name":"SILVECO Pferdeseife f\u00fcr die Haut- und Hufpflege"}]},{"@type":"WebSite","@id":"https:\/\/silveco.eu\/#website","url":"https:\/\/silveco.eu\/","name":"Silveco","description":"Twoje wsparcie w hodowli","publisher":{"@id":"https:\/\/silveco.eu\/#organization"},"potentialAction":[{"@type":"SearchAction","target":{"@type":"EntryPoint","urlTemplate":"https:\/\/silveco.eu\/?s={search_term_string}"},"query-input":{"@type":"PropertyValueSpecification","valueRequired":true,"valueName":"search_term_string"}}],"inLanguage":"de"},{"@type":"Organization","@id":"https:\/\/silveco.eu\/#organization","name":"Silveco","url":"https:\/\/silveco.eu\/","logo":{"@type":"ImageObject","inLanguage":"de","@id":"https:\/\/silveco.eu\/#\/schema\/logo\/image\/","url":"https:\/\/silveco.eu\/wp-content\/uploads\/2023\/03\/image-16.svg","contentUrl":"https:\/\/silveco.eu\/wp-content\/uploads\/2023\/03\/image-16.svg","width":217,"height":40,"caption":"Silveco"},"image":{"@id":"https:\/\/silveco.eu\/#\/schema\/logo\/image\/"}}]}},"_links":{"self":[{"href":"https:\/\/silveco.eu\/de\/wp-json\/wp\/v2\/product\/2872","targetHints":{"allow":["GET"]}}],"collection":[{"href":"https:\/\/silveco.eu\/de\/wp-json\/wp\/v2\/product"}],"about":[{"href":"https:\/\/silveco.eu\/de\/wp-json\/wp\/v2\/types\/product"}],"replies":[{"embeddable":true,"href":"https:\/\/silveco.eu\/de\/wp-json\/wp\/v2\/comments?post=2872"}],"wp:featuredmedia":[{"embeddable":true,"href":"https:\/\/silveco.eu\/de\/wp-json\/wp\/v2\/media\/2072"}],"wp:attachment":[{"href":"https:\/\/silveco.eu\/de\/wp-json\/wp\/v2\/media?parent=2872"}],"wp:term":[{"taxonomy":"product_brand","embeddable":true,"href":"https:\/\/silveco.eu\/de\/wp-json\/wp\/v2\/product_brand?post=2872"},{"taxonomy":"product_cat","embeddable":true,"href":"https:\/\/silveco.eu\/de\/wp-json\/wp\/v2\/product_cat?post=2872"},{"taxonomy":"product_tag","embeddable":true,"href":"https:\/\/silveco.eu\/de\/wp-json\/wp\/v2\/product_tag?post=2872"}],"curies":[{"name":"wp","href":"https:\/\/api.w.org\/{rel}","templated":true}]}}