{"id":2873,"date":"2023-05-16T12:16:27","date_gmt":"2023-05-16T10:16:27","guid":{"rendered":"https:\/\/silveco.eu\/produkt\/silveco-horse-gel\/"},"modified":"2026-03-23T08:54:15","modified_gmt":"2026-03-23T07:54:15","slug":"silveco-horse-gel","status":"publish","type":"product","link":"https:\/\/silveco.eu\/de\/produkt\/silveco-horse-gel\/","title":{"rendered":"SILVECO Horse Gel Pr\u00e4parat f\u00fcr Hufe"},"content":{"rendered":"\n<div class=\"wp-block-group has-global-padding is-layout-constrained wp-block-group-is-layout-constrained\">\n<div class=\"wp-block-group has-global-padding is-layout-constrained wp-block-group-is-layout-constrained\">\n<div class=\"wp-block-group benefits-section has-light-grey-fade-gradient-background has-background has-global-padding is-layout-constrained wp-container-core-group-is-layout-9ad842e3 wp-block-group-is-layout-constrained\" style=\"border-radius:24px;margin-bottom:var(--wp--preset--spacing--70);padding-top:64px;padding-right:16px;padding-bottom:64px;padding-left:16px\">\n<h2 class=\"wp-block-heading has-text-align-center has-red-2-color has-text-color has-huge-font-size\">Die wichtigsten <mark style=\"background-color:rgba(0, 0, 0, 0)\" class=\"has-inline-color has-primary-color\">Vorteile:<\/mark><\/h2>\n\n\n\n<div class=\"wp-block-group benefits-section__icon-boxes is-content-justification-space-between is-nowrap is-layout-flex wp-container-core-group-is-layout-62a6d66b wp-block-group-is-layout-flex\" style=\"padding-right:80px;padding-left:80px\">\n<div class=\"wp-block-media-text alignwide is-stacked-on-mobile is-vertically-aligned-center\"><figure class=\"wp-block-media-text__media\"><img loading=\"lazy\" decoding=\"async\" width=\"161\" height=\"161\" src=\"https:\/\/silveco.eu\/wp-content\/uploads\/2023\/05\/Gnicie-strzalki.png\" alt=\"\" class=\"wp-image-1530 size-full\" srcset=\"https:\/\/silveco.eu\/wp-content\/uploads\/2023\/05\/Gnicie-strzalki.png 161w, https:\/\/silveco.eu\/wp-content\/uploads\/2023\/05\/Gnicie-strzalki-100x100.png 100w\" sizes=\"auto, (max-width: 161px) 100vw, 161px\" \/><\/figure><div class=\"wp-block-media-text__content\">\n<p>Empfohlen bei Strahlf\u00e4ule<\/p>\n<\/div><\/div>\n\n\n\n<div class=\"wp-block-media-text alignwide is-stacked-on-mobile is-vertically-aligned-center\"><figure class=\"wp-block-media-text__media\"><img loading=\"lazy\" decoding=\"async\" width=\"161\" height=\"161\" src=\"https:\/\/silveco.eu\/wp-content\/uploads\/2023\/05\/Ubytki-rogu.png\" alt=\"\" class=\"wp-image-1564 size-full\" srcset=\"https:\/\/silveco.eu\/wp-content\/uploads\/2023\/05\/Ubytki-rogu.png 161w, https:\/\/silveco.eu\/wp-content\/uploads\/2023\/05\/Ubytki-rogu-100x100.png 100w\" sizes=\"auto, (max-width: 161px) 100vw, 161px\" \/><\/figure><div class=\"wp-block-media-text__content\">\n<p>Unterst\u00fctzt die Regeneration des Hufhorns<\/p>\n<\/div><\/div>\n\n\n\n<div class=\"wp-block-media-text alignwide is-stacked-on-mobile is-vertically-aligned-center\"><figure class=\"wp-block-media-text__media\"><img loading=\"lazy\" decoding=\"async\" width=\"161\" height=\"160\" src=\"https:\/\/silveco.eu\/wp-content\/themes\/silveco\/assets\/images\/active_silver_ICON160.webp\" alt=\"\" class=\"wp-image-1010 size-full\"\/><\/figure><div class=\"wp-block-media-text__content\">\n<p>Aktive Formen von Silber<\/p>\n<\/div><\/div>\n\n\n\n<div class=\"wp-block-media-text alignwide is-stacked-on-mobile is-vertically-aligned-center\"><figure class=\"wp-block-media-text__media\"><img loading=\"lazy\" decoding=\"async\" width=\"161\" height=\"161\" src=\"https:\/\/silveco.eu\/wp-content\/uploads\/2023\/05\/Gruda.png\" alt=\"\" class=\"wp-image-1536 size-full\" srcset=\"https:\/\/silveco.eu\/wp-content\/uploads\/2023\/05\/Gruda.png 161w, https:\/\/silveco.eu\/wp-content\/uploads\/2023\/05\/Gruda-100x100.png 100w\" sizes=\"auto, (max-width: 161px) 100vw, 161px\" \/><\/figure><div class=\"wp-block-media-text__content\">\n<p>Unterst\u00fctzt den Heilungsprozess von Mauke<\/p>\n<\/div><\/div>\n\n\n\n<div class=\"wp-block-media-text alignwide is-stacked-on-mobile is-vertically-aligned-center\"><figure class=\"wp-block-media-text__media\"><img loading=\"lazy\" decoding=\"async\" width=\"161\" height=\"161\" src=\"https:\/\/silveco.eu\/wp-content\/uploads\/2023\/05\/Antybiotyki.png\" alt=\"\" class=\"wp-image-1514 size-full\" srcset=\"https:\/\/silveco.eu\/wp-content\/uploads\/2023\/05\/Antybiotyki.png 161w, https:\/\/silveco.eu\/wp-content\/uploads\/2023\/05\/Antybiotyki-100x100.png 100w\" sizes=\"auto, (max-width: 161px) 100vw, 161px\" \/><\/figure><div class=\"wp-block-media-text__content\">\n<p>Dopping free<\/p>\n<\/div><\/div>\n<\/div>\n<\/div>\n<\/div>\n\n\n\n<div class=\"wp-block-group container pt-5 has-global-padding is-layout-constrained wp-block-group-is-layout-constrained\">\n<div class=\"wp-block-columns are-vertically-aligned-center is-layout-flex wp-container-core-columns-is-layout-28f84493 wp-block-columns-is-layout-flex\">\n<div class=\"wp-block-column is-vertically-aligned-center is-layout-flow wp-block-column-is-layout-flow\">\n<h2 class=\"wp-block-heading fs-48 has-text-color\" style=\"color:#db0000;font-style:normal;font-weight:800;line-height:1.2\">Anwendung: <\/h2>\n\n\n\n<p class=\"fs-14\">Das Produkt ist zur Verwendung bei allen Arten von Defekten der Hufsohle bestimmt. Unterst\u00fctzt die Regeneration von Ver\u00e4nderungen im Strahl- und Fersenbereich. Die Gelform mit dem Applikator erm\u00f6glicht ein pr\u00e4zises Auftragen des Mittels und gew\u00e4hrleistet so eine sichere und komfortable Anwendung f\u00fcr das Tier.<\/p>\n\n\n\n<h3 class=\"wp-block-heading has-primary-color has-text-color\" style=\"font-size:clamp(0.929rem, 0.929rem + ((1vw - 0.2rem) * 0.673), 1.4rem);\">Anwendungsweise:<\/h3>\n\n\n\n<p>Vor dem Auftragen des Pr\u00e4parats sollte der Huf gr\u00fcndlich gereinigt und mit antiseptischer Seife gewaschen werden (normale Seife ist wegen ihrer alkalischen Reaktion zu vermeiden), dann sollten das Wadenbein und die Sohle sehr gut getrocknet werden, z. B. mit Papiert\u00fcchern. Das Pr\u00e4parat mit einem Applikator auftragen &#8211; in das Wadenbein einf\u00fchren und bei Bedarf zus\u00e4tzlich auf die Sohle auftragen. Die Spitze der Spr\u00fchflasche erleichtert das genaue Auftragen des Pr\u00e4parats in das weiche Gewebe des Wadenbeins, der medialen Furche oder der Ferse. Das Wadenbein mit einer trockenen Mullbinde fixieren und einen Verband anlegen. Bei tiefen L\u00e4sionen wiederholen Sie die Behandlung t\u00e4glich, vorzugsweise abends, bis die L\u00e4sionen abklingen. Bei oberfl\u00e4chlichen L\u00e4sionen ca. 3 Mal pro Woche anwenden.<br\/>W\u00e4hrend der Behandlung ist es \u00e4u\u00dferst wichtig, dem Tier im Stall das richtige Substrat zur Verf\u00fcgung zu stellen &#8211; die Einstreu darf nicht zu feucht sein und es darf kein Mist darauf liegen.      <\/p>\n<\/div>\n\n\n\n<div class=\"wp-block-column is-vertically-aligned-center is-layout-flow wp-block-column-is-layout-flow\">\n<figure class=\"wp-block-gallery has-nested-images columns-default is-cropped wp-block-gallery-1 is-layout-flex wp-block-gallery-is-layout-flex\">\n<figure class=\"wp-block-image size-full\"><img loading=\"lazy\" decoding=\"async\" width=\"682\" height=\"450\" data-id=\"983\" src=\"https:\/\/silveco.eu\/wp-content\/uploads\/2023\/05\/horse_gel_kopyto.webp\" alt=\"\" class=\"wp-image-983\" srcset=\"https:\/\/silveco.eu\/wp-content\/uploads\/2023\/05\/horse_gel_kopyto.webp 682w, https:\/\/silveco.eu\/wp-content\/uploads\/2023\/05\/horse_gel_kopyto-300x198.webp 300w, https:\/\/silveco.eu\/wp-content\/uploads\/2023\/05\/horse_gel_kopyto-241x159.webp 241w, https:\/\/silveco.eu\/wp-content\/uploads\/2023\/05\/horse_gel_kopyto-600x396.webp 600w\" sizes=\"auto, (max-width: 682px) 100vw, 682px\" \/><\/figure>\n<\/figure>\n<\/div>\n<\/div>\n<\/div>\n\n\n\n<h3 class=\"wp-block-heading has-primary-color has-text-color has-large-font-size\">Hufpflege f\u00fcr das Pferd<\/h3>\n\n\n\n<p>Gesunde Hufe sind entscheidend f\u00fcr die allgemeine Gesundheit eines Tieres. Hufprobleme k\u00f6nnen Schmerzen verursachen, die sich wiederum auf die Haltung, den Gang und die allgemeine Kondition des Tieres auswirken. Die regelm\u00e4\u00dfige Pflege der Hufe Ihres Pferdes hilft, viele Probleme wie Fibelf\u00e4ule, Risse oder Hufhornverlust zu vermeiden.  <\/p>\n\n\n\n<h3 class=\"wp-block-heading has-primary-color has-text-color has-large-font-size\">Die Hufe des Pferdes: Pflege und ihre Vorteile<\/h3>\n\n\n\n<p>Die richtige Hufpflege f\u00fcr das Pferd hat eine Reihe von Vorteilen, die sich im Wohlbefinden und in der Leistung des Tieres niederschlagen. Vor allem hilft sie, verschiedenen Krankheiten vorzubeugen. Dies ist besonders wichtig f\u00fcr die Sportzucht. Gesunde Hufe sind die Voraussetzung f\u00fcr Spitzenleistungen. Bei richtiger Pflege erhalten die Hufe eine optimale Struktur und Festigkeit und sind weniger anf\u00e4llig f\u00fcr Krankheiten und Verletzungen.    <\/p>\n\n\n\n<h3 class=\"wp-block-heading has-primary-color has-text-color has-large-font-size\">Vorbereitung der Hufpflege<\/h3>\n\n\n\n<p>Z\u00fcchter, die auf der Suche nach bew\u00e4hrten Hufpflegepr\u00e4paraten sind, sollten sich das SLIVECO-Sortiment genau ansehen. Wir bieten innovative Pr\u00e4parate an, die antibakteriell und antiviral wirken und gleichzeitig die Hufhornregeneration und den Heilungsprozess der Klumpen f\u00f6rdern. Das angebotene Hufpflegepr\u00e4parat basiert auf aktiven Silberformen, die zum einen einen lang anhaltenden Schutz bieten und zum anderen die Behandlung von Entz\u00fcndungen ohne Antibiotikatherapie erm\u00f6glichen. Insofern f\u00fcgt sich die SLIVECO-Hufpflege perfekt in die Grunds\u00e4tze der modernen Zucht ein, die auf der Anwendung der Prinzipien der breit angelegten Biosicherheit beruht.   <\/p>\n<\/div>\n","protected":false},"excerpt":{"rendered":"<h3><span style=\"color: #db0000;\">Innovatives Hufpr\u00e4parat mit Silbernanokomplexen.<\/span><\/h3>\n<p class=\"fs-14\">Eine spezielle Rezeptur auf Basis aktiver Formen von Silber bietet langfristigen Schutz vor Mikroorganismen und hemmt deren weitere Vermehrung bei gleichzeitiger Unterst\u00fctzung regenerativer Prozesse. Entwickelt f\u00fcr Sportpferde, wird das Produkt auch in der Zucht und \u00fcberall dort eingesetzt, wo die Gefahr einer Sch\u00e4digung der Hufe besteht.<\/p>\n<h3><span style=\"color: #38aa45;\">Besonders empfohlen f\u00fcr:<\/span><\/h3>\n<ul class=\"fs-14\">\n<li>Strahlf\u00e4ule<\/li>\n<li>Jede Art von Defekt am Sohlenhorn<\/li>\n<li>F\u00f6rdert und beschleunigt die Regeneration von L\u00e4sionen im Wadenbein und in der Ferse<\/li>\n<li>Unterst\u00fctzende Verwendung f\u00fcr Klumpen<\/li>\n<\/ul>\n","protected":false},"featured_media":2070,"comment_status":"open","ping_status":"closed","template":"","meta":{"_acf_changed":false,"inline_featured_image":false},"product_brand":[],"product_cat":[109],"product_tag":[],"class_list":{"0":"post-2873","1":"product","2":"type-product","3":"status-publish","4":"has-post-thumbnail","6":"product_cat-pferdepflege","8":"first","9":"instock","10":"shipping-taxable","11":"product-type-simple"},"acf":[],"yoast_head":"<!-- This site is optimized with the Yoast SEO plugin v26.4 - https:\/\/yoast.com\/wordpress\/plugins\/seo\/ -->\n<title>Hufpflege f\u00fcr das Pferd - Vorbereitung SILVECO Horse Gel Pr\u00e4parat f\u00fcr Hufe - %<\/title>\n<meta name=\"description\" content=\"Z\u00fcchter , die auf der Suche nach bew\u00e4hrten Hufpflegepr\u00e4paraten sind , sollten sich das SLIVECO-Sortiment genau ansehen. Wir liefern innovative Pr\u00e4parate , die antibakteriell und antiviral wirken und gleichzeitig die Regeneration des Hufhorns und den Heilungsprozess der Klumpen f\u00f6rdern.\" \/>\n<meta name=\"robots\" content=\"index, follow, max-snippet:-1, max-image-preview:large, max-video-preview:-1\" \/>\n<link rel=\"canonical\" href=\"https:\/\/silveco.eu\/de\/produkt\/silveco-horse-gel\/\" \/>\n<meta property=\"og:locale\" content=\"de_DE\" \/>\n<meta property=\"og:type\" content=\"article\" \/>\n<meta property=\"og:title\" content=\"Hufpflege f\u00fcr das Pferd - Vorbereitung SILVECO Horse Gel Pr\u00e4parat f\u00fcr Hufe - %\" \/>\n<meta property=\"og:description\" content=\"Z\u00fcchter , die auf der Suche nach bew\u00e4hrten Hufpflegepr\u00e4paraten sind , sollten sich das SLIVECO-Sortiment genau ansehen. Wir liefern innovative Pr\u00e4parate , die antibakteriell und antiviral wirken und gleichzeitig die Regeneration des Hufhorns und den Heilungsprozess der Klumpen f\u00f6rdern.\" \/>\n<meta property=\"og:url\" content=\"https:\/\/silveco.eu\/de\/produkt\/silveco-horse-gel\/\" \/>\n<meta property=\"og:site_name\" content=\"Silveco\" \/>\n<meta property=\"article:modified_time\" content=\"2026-03-23T07:54:15+00:00\" \/>\n<meta property=\"og:image\" content=\"https:\/\/silveco.eu\/wp-content\/uploads\/2023\/08\/PROD_horse_gel-1.png\" \/>\n\t<meta property=\"og:image:width\" content=\"801\" \/>\n\t<meta property=\"og:image:height\" content=\"801\" \/>\n\t<meta property=\"og:image:type\" content=\"image\/png\" \/>\n<meta name=\"twitter:card\" content=\"summary_large_image\" \/>\n<meta name=\"twitter:label1\" content=\"Gesch\u00e4tzte Lesezeit\" \/>\n\t<meta name=\"twitter:data1\" content=\"2\u00a0Minuten\" \/>\n<script type=\"application\/ld+json\" class=\"yoast-schema-graph\">{\"@context\":\"https:\/\/schema.org\",\"@graph\":[{\"@type\":\"WebPage\",\"@id\":\"https:\/\/silveco.eu\/de\/produkt\/silveco-horse-gel\/\",\"url\":\"https:\/\/silveco.eu\/de\/produkt\/silveco-horse-gel\/\",\"name\":\"Hufpflege f\u00fcr das Pferd - Vorbereitung SILVECO Horse Gel Pr\u00e4parat f\u00fcr Hufe - %\",\"isPartOf\":{\"@id\":\"https:\/\/silveco.eu\/#website\"},\"primaryImageOfPage\":{\"@id\":\"https:\/\/silveco.eu\/de\/produkt\/silveco-horse-gel\/#primaryimage\"},\"image\":{\"@id\":\"https:\/\/silveco.eu\/de\/produkt\/silveco-horse-gel\/#primaryimage\"},\"thumbnailUrl\":\"https:\/\/silveco.eu\/wp-content\/uploads\/2023\/08\/PROD_horse_gel-1.png\",\"datePublished\":\"2023-05-16T10:16:27+00:00\",\"dateModified\":\"2026-03-23T07:54:15+00:00\",\"description\":\"Z\u00fcchter , die auf der Suche nach bew\u00e4hrten Hufpflegepr\u00e4paraten sind , sollten sich das SLIVECO-Sortiment genau ansehen. Wir liefern innovative Pr\u00e4parate , die antibakteriell und antiviral wirken und gleichzeitig die Regeneration des Hufhorns und den Heilungsprozess der Klumpen f\u00f6rdern.\",\"breadcrumb\":{\"@id\":\"https:\/\/silveco.eu\/de\/produkt\/silveco-horse-gel\/#breadcrumb\"},\"inLanguage\":\"de\",\"potentialAction\":[{\"@type\":\"ReadAction\",\"target\":[\"https:\/\/silveco.eu\/de\/produkt\/silveco-horse-gel\/\"]}]},{\"@type\":\"ImageObject\",\"inLanguage\":\"de\",\"@id\":\"https:\/\/silveco.eu\/de\/produkt\/silveco-horse-gel\/#primaryimage\",\"url\":\"https:\/\/silveco.eu\/wp-content\/uploads\/2023\/08\/PROD_horse_gel-1.png\",\"contentUrl\":\"https:\/\/silveco.eu\/wp-content\/uploads\/2023\/08\/PROD_horse_gel-1.png\",\"width\":801,\"height\":801},{\"@type\":\"BreadcrumbList\",\"@id\":\"https:\/\/silveco.eu\/de\/produkt\/silveco-horse-gel\/#breadcrumb\",\"itemListElement\":[{\"@type\":\"ListItem\",\"position\":1,\"name\":\"Strona g\u0142\u00f3wna\",\"item\":\"https:\/\/silveco.eu\/de\/\"},{\"@type\":\"ListItem\",\"position\":2,\"name\":\"Sklep\",\"item\":\"https:\/\/silveco.eu\/sklep\/\"},{\"@type\":\"ListItem\",\"position\":3,\"name\":\"SILVECO Horse Gel Pr\u00e4parat f\u00fcr Hufe\"}]},{\"@type\":\"WebSite\",\"@id\":\"https:\/\/silveco.eu\/#website\",\"url\":\"https:\/\/silveco.eu\/\",\"name\":\"Silveco\",\"description\":\"Twoje wsparcie w hodowli\",\"publisher\":{\"@id\":\"https:\/\/silveco.eu\/#organization\"},\"potentialAction\":[{\"@type\":\"SearchAction\",\"target\":{\"@type\":\"EntryPoint\",\"urlTemplate\":\"https:\/\/silveco.eu\/?s={search_term_string}\"},\"query-input\":{\"@type\":\"PropertyValueSpecification\",\"valueRequired\":true,\"valueName\":\"search_term_string\"}}],\"inLanguage\":\"de\"},{\"@type\":\"Organization\",\"@id\":\"https:\/\/silveco.eu\/#organization\",\"name\":\"Silveco\",\"url\":\"https:\/\/silveco.eu\/\",\"logo\":{\"@type\":\"ImageObject\",\"inLanguage\":\"de\",\"@id\":\"https:\/\/silveco.eu\/#\/schema\/logo\/image\/\",\"url\":\"https:\/\/silveco.eu\/wp-content\/uploads\/2023\/03\/image-16.svg\",\"contentUrl\":\"https:\/\/silveco.eu\/wp-content\/uploads\/2023\/03\/image-16.svg\",\"width\":217,\"height\":40,\"caption\":\"Silveco\"},\"image\":{\"@id\":\"https:\/\/silveco.eu\/#\/schema\/logo\/image\/\"}}]}<\/script>\n<!-- \/ Yoast SEO plugin. -->","yoast_head_json":{"title":"Hufpflege f\u00fcr das Pferd - Vorbereitung SILVECO Horse Gel Pr\u00e4parat f\u00fcr Hufe - %","description":"Z\u00fcchter , die auf der Suche nach bew\u00e4hrten Hufpflegepr\u00e4paraten sind , sollten sich das SLIVECO-Sortiment genau ansehen. Wir liefern innovative Pr\u00e4parate , die antibakteriell und antiviral wirken und gleichzeitig die Regeneration des Hufhorns und den Heilungsprozess der Klumpen f\u00f6rdern.","robots":{"index":"index","follow":"follow","max-snippet":"max-snippet:-1","max-image-preview":"max-image-preview:large","max-video-preview":"max-video-preview:-1"},"canonical":"https:\/\/silveco.eu\/de\/produkt\/silveco-horse-gel\/","og_locale":"de_DE","og_type":"article","og_title":"Hufpflege f\u00fcr das Pferd - Vorbereitung SILVECO Horse Gel Pr\u00e4parat f\u00fcr Hufe - %","og_description":"Z\u00fcchter , die auf der Suche nach bew\u00e4hrten Hufpflegepr\u00e4paraten sind , sollten sich das SLIVECO-Sortiment genau ansehen. Wir liefern innovative Pr\u00e4parate , die antibakteriell und antiviral wirken und gleichzeitig die Regeneration des Hufhorns und den Heilungsprozess der Klumpen f\u00f6rdern.","og_url":"https:\/\/silveco.eu\/de\/produkt\/silveco-horse-gel\/","og_site_name":"Silveco","article_modified_time":"2026-03-23T07:54:15+00:00","og_image":[{"width":801,"height":801,"url":"https:\/\/silveco.eu\/wp-content\/uploads\/2023\/08\/PROD_horse_gel-1.png","type":"image\/png"}],"twitter_card":"summary_large_image","twitter_misc":{"Gesch\u00e4tzte Lesezeit":"2\u00a0Minuten"},"schema":{"@context":"https:\/\/schema.org","@graph":[{"@type":"WebPage","@id":"https:\/\/silveco.eu\/de\/produkt\/silveco-horse-gel\/","url":"https:\/\/silveco.eu\/de\/produkt\/silveco-horse-gel\/","name":"Hufpflege f\u00fcr das Pferd - Vorbereitung SILVECO Horse Gel Pr\u00e4parat f\u00fcr Hufe - %","isPartOf":{"@id":"https:\/\/silveco.eu\/#website"},"primaryImageOfPage":{"@id":"https:\/\/silveco.eu\/de\/produkt\/silveco-horse-gel\/#primaryimage"},"image":{"@id":"https:\/\/silveco.eu\/de\/produkt\/silveco-horse-gel\/#primaryimage"},"thumbnailUrl":"https:\/\/silveco.eu\/wp-content\/uploads\/2023\/08\/PROD_horse_gel-1.png","datePublished":"2023-05-16T10:16:27+00:00","dateModified":"2026-03-23T07:54:15+00:00","description":"Z\u00fcchter , die auf der Suche nach bew\u00e4hrten Hufpflegepr\u00e4paraten sind , sollten sich das SLIVECO-Sortiment genau ansehen. Wir liefern innovative Pr\u00e4parate , die antibakteriell und antiviral wirken und gleichzeitig die Regeneration des Hufhorns und den Heilungsprozess der Klumpen f\u00f6rdern.","breadcrumb":{"@id":"https:\/\/silveco.eu\/de\/produkt\/silveco-horse-gel\/#breadcrumb"},"inLanguage":"de","potentialAction":[{"@type":"ReadAction","target":["https:\/\/silveco.eu\/de\/produkt\/silveco-horse-gel\/"]}]},{"@type":"ImageObject","inLanguage":"de","@id":"https:\/\/silveco.eu\/de\/produkt\/silveco-horse-gel\/#primaryimage","url":"https:\/\/silveco.eu\/wp-content\/uploads\/2023\/08\/PROD_horse_gel-1.png","contentUrl":"https:\/\/silveco.eu\/wp-content\/uploads\/2023\/08\/PROD_horse_gel-1.png","width":801,"height":801},{"@type":"BreadcrumbList","@id":"https:\/\/silveco.eu\/de\/produkt\/silveco-horse-gel\/#breadcrumb","itemListElement":[{"@type":"ListItem","position":1,"name":"Strona g\u0142\u00f3wna","item":"https:\/\/silveco.eu\/de\/"},{"@type":"ListItem","position":2,"name":"Sklep","item":"https:\/\/silveco.eu\/sklep\/"},{"@type":"ListItem","position":3,"name":"SILVECO Horse Gel Pr\u00e4parat f\u00fcr Hufe"}]},{"@type":"WebSite","@id":"https:\/\/silveco.eu\/#website","url":"https:\/\/silveco.eu\/","name":"Silveco","description":"Twoje wsparcie w hodowli","publisher":{"@id":"https:\/\/silveco.eu\/#organization"},"potentialAction":[{"@type":"SearchAction","target":{"@type":"EntryPoint","urlTemplate":"https:\/\/silveco.eu\/?s={search_term_string}"},"query-input":{"@type":"PropertyValueSpecification","valueRequired":true,"valueName":"search_term_string"}}],"inLanguage":"de"},{"@type":"Organization","@id":"https:\/\/silveco.eu\/#organization","name":"Silveco","url":"https:\/\/silveco.eu\/","logo":{"@type":"ImageObject","inLanguage":"de","@id":"https:\/\/silveco.eu\/#\/schema\/logo\/image\/","url":"https:\/\/silveco.eu\/wp-content\/uploads\/2023\/03\/image-16.svg","contentUrl":"https:\/\/silveco.eu\/wp-content\/uploads\/2023\/03\/image-16.svg","width":217,"height":40,"caption":"Silveco"},"image":{"@id":"https:\/\/silveco.eu\/#\/schema\/logo\/image\/"}}]}},"_links":{"self":[{"href":"https:\/\/silveco.eu\/de\/wp-json\/wp\/v2\/product\/2873","targetHints":{"allow":["GET"]}}],"collection":[{"href":"https:\/\/silveco.eu\/de\/wp-json\/wp\/v2\/product"}],"about":[{"href":"https:\/\/silveco.eu\/de\/wp-json\/wp\/v2\/types\/product"}],"replies":[{"embeddable":true,"href":"https:\/\/silveco.eu\/de\/wp-json\/wp\/v2\/comments?post=2873"}],"wp:featuredmedia":[{"embeddable":true,"href":"https:\/\/silveco.eu\/de\/wp-json\/wp\/v2\/media\/2070"}],"wp:attachment":[{"href":"https:\/\/silveco.eu\/de\/wp-json\/wp\/v2\/media?parent=2873"}],"wp:term":[{"taxonomy":"product_brand","embeddable":true,"href":"https:\/\/silveco.eu\/de\/wp-json\/wp\/v2\/product_brand?post=2873"},{"taxonomy":"product_cat","embeddable":true,"href":"https:\/\/silveco.eu\/de\/wp-json\/wp\/v2\/product_cat?post=2873"},{"taxonomy":"product_tag","embeddable":true,"href":"https:\/\/silveco.eu\/de\/wp-json\/wp\/v2\/product_tag?post=2873"}],"curies":[{"name":"wp","href":"https:\/\/api.w.org\/{rel}","templated":true}]}}