{"id":2874,"date":"2023-05-15T10:21:17","date_gmt":"2023-05-15T08:21:17","guid":{"rendered":"https:\/\/silveco.eu\/produkt\/silveco-pet-cream\/"},"modified":"2026-03-23T08:54:26","modified_gmt":"2026-03-23T07:54:26","slug":"silveco-pet-cream","status":"publish","type":"product","link":"https:\/\/silveco.eu\/de\/produkt\/silveco-pet-cream\/","title":{"rendered":"SILVECO PET NanoCream zur Regeneration und Pflege von Haut und Pfoten von Haustieren"},"content":{"rendered":"\n<div class=\"wp-block-group has-global-padding is-layout-constrained wp-block-group-is-layout-constrained\">\n<div class=\"wp-block-group has-global-padding is-layout-constrained wp-block-group-is-layout-constrained\">\n<div class=\"wp-block-group benefits-section has-light-grey-fade-gradient-background has-background has-global-padding is-layout-constrained wp-container-core-group-is-layout-9ad842e3 wp-block-group-is-layout-constrained\" style=\"border-radius:24px;margin-bottom:var(--wp--preset--spacing--70);padding-top:64px;padding-right:16px;padding-bottom:64px;padding-left:16px\">\n<h2 class=\"wp-block-heading has-text-align-center has-orange-color has-text-color has-huge-font-size\">Die wichtigsten <mark style=\"background-color:rgba(0, 0, 0, 0)\" class=\"has-inline-color has-primary-color\">Vorteile:<\/mark><\/h2>\n\n\n\n<div class=\"wp-block-group benefits-section__icon-boxes is-content-justification-space-between is-nowrap is-layout-flex wp-container-core-group-is-layout-8bf864a0 wp-block-group-is-layout-flex\" style=\"padding-right:80px;padding-left:80px\">\n<div class=\"wp-block-media-text alignwide is-stacked-on-mobile is-vertically-aligned-center\"><figure class=\"wp-block-media-text__media\"><img loading=\"lazy\" decoding=\"async\" width=\"160\" height=\"160\" src=\"https:\/\/silveco.eu\/wp-content\/uploads\/2023\/05\/lapki.png\" alt=\"\" class=\"wp-image-1591 size-full\" srcset=\"https:\/\/silveco.eu\/wp-content\/uploads\/2023\/05\/lapki.png 160w, https:\/\/silveco.eu\/wp-content\/uploads\/2023\/05\/lapki-100x100.png 100w\" sizes=\"auto, (max-width: 160px) 100vw, 160px\" \/><\/figure><div class=\"wp-block-media-text__content\">\n<p>Pflege der Ballen<\/p>\n<\/div><\/div>\n\n\n\n<div class=\"wp-block-media-text alignwide is-stacked-on-mobile is-vertically-aligned-center\"><figure class=\"wp-block-media-text__media\"><img loading=\"lazy\" decoding=\"async\" width=\"160\" height=\"160\" src=\"https:\/\/silveco.eu\/wp-content\/uploads\/2023\/05\/hotspot.png\" alt=\"\" class=\"wp-image-1589 size-full\" srcset=\"https:\/\/silveco.eu\/wp-content\/uploads\/2023\/05\/hotspot.png 160w, https:\/\/silveco.eu\/wp-content\/uploads\/2023\/05\/hotspot-100x100.png 100w\" sizes=\"auto, (max-width: 160px) 100vw, 160px\" \/><\/figure><div class=\"wp-block-media-text__content\">\n<p>Empfohlen bei Hot Spot<\/p>\n<\/div><\/div>\n\n\n\n<div class=\"wp-block-media-text alignwide is-stacked-on-mobile is-vertically-aligned-center\"><figure class=\"wp-block-media-text__media\"><img loading=\"lazy\" decoding=\"async\" width=\"161\" height=\"160\" src=\"https:\/\/silveco.eu\/wp-content\/themes\/silveco\/assets\/images\/active_silver_ICON160.webp\" alt=\"\" class=\"wp-image-1010 size-full\"\/><\/figure><div class=\"wp-block-media-text__content\">\n<p>Aktive Formen von Silber<\/p>\n<\/div><\/div>\n\n\n\n<div class=\"wp-block-media-text alignwide is-stacked-on-mobile is-vertically-aligned-center\"><figure class=\"wp-block-media-text__media\"><img loading=\"lazy\" decoding=\"async\" width=\"161\" height=\"161\" src=\"https:\/\/silveco.eu\/wp-content\/uploads\/2023\/05\/Gojenie-ran.png\" alt=\"\" class=\"wp-image-1532 size-full\" srcset=\"https:\/\/silveco.eu\/wp-content\/uploads\/2023\/05\/Gojenie-ran.png 161w, https:\/\/silveco.eu\/wp-content\/uploads\/2023\/05\/Gojenie-ran-100x100.png 100w\" sizes=\"auto, (max-width: 161px) 100vw, 161px\" \/><\/figure><div class=\"wp-block-media-text__content\">\n<p>Regeneration und Schutz<\/p>\n<\/div><\/div>\n\n\n\n<div class=\"wp-block-media-text alignwide is-stacked-on-mobile is-vertically-aligned-center\"><figure class=\"wp-block-media-text__media\"><img loading=\"lazy\" decoding=\"async\" width=\"160\" height=\"160\" src=\"https:\/\/silveco.eu\/wp-content\/uploads\/2023\/05\/obtarcia.png\" alt=\"\" class=\"wp-image-1587 size-full\" srcset=\"https:\/\/silveco.eu\/wp-content\/uploads\/2023\/05\/obtarcia.png 160w, https:\/\/silveco.eu\/wp-content\/uploads\/2023\/05\/obtarcia-100x100.png 100w\" sizes=\"auto, (max-width: 160px) 100vw, 160px\" \/><\/figure><div class=\"wp-block-media-text__content\">\n<p>Bei mechanischen Absch\u00fcrfungen<\/p>\n<\/div><\/div>\n<\/div>\n<\/div>\n<\/div>\n\n\n\n<div class=\"wp-block-group container pt-5 has-global-padding is-layout-constrained wp-block-group-is-layout-constrained\">\n<div class=\"wp-block-columns are-vertically-aligned-center is-layout-flex wp-container-core-columns-is-layout-28f84493 wp-block-columns-is-layout-flex\">\n<div class=\"wp-block-column is-vertically-aligned-center is-layout-flow wp-block-column-is-layout-flow\">\n<h2 class=\"wp-block-heading fs-48 has-text-color\" style=\"color:#ff8000;font-style:normal;font-weight:800;line-height:1.2\">Anwendung: <\/h2>\n\n\n\n<p>Die Hautpflegecreme ist absolut unbedenklich beim Ablecken durch das Haustier, sie ist auch f\u00fcr allergische Tiere und Welpen geeignet. Im Sommer sch\u00fctzt die Creme vor Verbrennungen, hei\u00dfen Gehwegen und anderen harten Oberfl\u00e4chen. Im Winter sch\u00fctzt sie vor Salz, Eis und Schnee.<\/p>\n\n\n\n<p class=\"fs-14\">Lindert Reizungen der trockenen und rissigen Haut, und beseitigt den Schuppeneffekt. Macht chronisch ver\u00e4nderte Bereiche elastischer, z. B. alte Narben oder Schorf, ist perfekt f\u00fcr Schwielen. Ideal zur Regeneration mechanisch gesch\u00e4digter Haut sowie zur Pflege der Pfotenballen.<\/p>\n\n\n\n<h3 class=\"wp-block-heading has-primary-color has-text-color\" style=\"font-size:clamp(0.929rem, 0.929rem + ((1vw - 0.2rem) * 0.673), 1.4rem);\">Das Produkt wurde in Zusammenarbeit mit Tier\u00e4rzten entwickelt.<\/h3>\n<\/div>\n\n\n\n<div class=\"wp-block-column is-vertically-aligned-center is-layout-flow wp-block-column-is-layout-flow\">\n<figure class=\"wp-block-gallery has-nested-images columns-default is-cropped wp-block-gallery-1 is-layout-flex wp-block-gallery-is-layout-flex\">\n<figure class=\"wp-block-image size-full\"><img loading=\"lazy\" decoding=\"async\" width=\"682\" height=\"450\" data-id=\"894\" src=\"https:\/\/silveco.eu\/wp-content\/uploads\/2023\/05\/pet_golden.webp\" alt=\"\" class=\"wp-image-894\" srcset=\"https:\/\/silveco.eu\/wp-content\/uploads\/2023\/05\/pet_golden.webp 682w, https:\/\/silveco.eu\/wp-content\/uploads\/2023\/05\/pet_golden-300x198.webp 300w, https:\/\/silveco.eu\/wp-content\/uploads\/2023\/05\/pet_golden-241x159.webp 241w, https:\/\/silveco.eu\/wp-content\/uploads\/2023\/05\/pet_golden-600x396.webp 600w\" sizes=\"auto, (max-width: 682px) 100vw, 682px\" \/><\/figure>\n<\/figure>\n<\/div>\n<\/div>\n<\/div>\n<\/div>\n","protected":false},"excerpt":{"rendered":"<h3 style=\"color: #ff8000;\">Creme zur Regeneration und Pflege von Haut und Pfoten von Haustieren. Enth\u00e4lt Silber in der Formulierung, bestimmt f\u00fcr die Verwendung auf der Haut von Tieren. <\/h3>\n<ul class=\"fs-14\">\n<li>aktives Silber bietet lang anhaltenden Schutz vor Krankheitserregern und reduziert die Anzahl der Mikroorganismen<\/li>\n<li>lindert Reizungen von trockener oder rissiger Haut<\/li>\n<li>pflegt die Pfoten, besonders im Winter und Sommer<\/li>\n<li>ideal f\u00fcr Absch\u00fcrfungen von Leinen und Halsb\u00e4ndern<\/li>\n<li>unterst\u00fctzt die Behandlung von Schwielen, alten Narben<\/li>\n<li>spendet Klauen Feuchtigkeit<\/li>\n<\/ul>\n<p>Zusammensetzung: Silber, Vaseline, Lanolin, Ethanol, Wasserstoffperoxid.<\/p>\n","protected":false},"featured_media":3804,"comment_status":"open","ping_status":"closed","template":"","meta":{"_acf_changed":false,"inline_featured_image":false},"product_brand":[],"product_cat":[107],"product_tag":[],"class_list":{"0":"post-2874","1":"product","2":"type-product","3":"status-publish","4":"has-post-thumbnail","6":"product_cat-hygiene-von-haustieren","8":"first","9":"instock","10":"shipping-taxable","11":"product-type-simple"},"acf":[],"yoast_head":"<!-- This site is optimized with the Yoast SEO plugin v26.4 - https:\/\/yoast.com\/wordpress\/plugins\/seo\/ -->\n<title>SILVECO PET NanoCream zur Regeneration und Pflege von Haut und Pfoten von Haustieren - Silveco<\/title>\n<meta name=\"robots\" content=\"index, follow, max-snippet:-1, max-image-preview:large, max-video-preview:-1\" \/>\n<link rel=\"canonical\" href=\"https:\/\/silveco.eu\/de\/produkt\/silveco-pet-cream\/\" \/>\n<meta property=\"og:locale\" content=\"de_DE\" \/>\n<meta property=\"og:type\" content=\"article\" \/>\n<meta property=\"og:title\" content=\"SILVECO PET NanoCream zur Regeneration und Pflege von Haut und Pfoten von Haustieren - Silveco\" \/>\n<meta property=\"og:description\" content=\"Creme zur Regeneration und Pflege von Haut und Pfoten von Haustieren. Enth\u00e4lt Silber in der Formulierung, bestimmt f\u00fcr die Verwendung auf der Haut von Tieren.  aktives Silber bietet lang anhaltenden Schutz vor Krankheitserregern und reduziert die Anzahl der Mikroorganismen lindert Reizungen von trockener oder rissiger Haut pflegt die Pfoten, besonders im Winter und Sommer ideal f\u00fcr Absch\u00fcrfungen von Leinen und Halsb\u00e4ndern unterst\u00fctzt die Behandlung von Schwielen, alten Narben spendet Klauen Feuchtigkeit Zusammensetzung: Silber, Vaseline, Lanolin, Ethanol, Wasserstoffperoxid.\" \/>\n<meta property=\"og:url\" content=\"https:\/\/silveco.eu\/de\/produkt\/silveco-pet-cream\/\" \/>\n<meta property=\"og:site_name\" content=\"Silveco\" \/>\n<meta property=\"article:modified_time\" content=\"2026-03-23T07:54:26+00:00\" \/>\n<meta property=\"og:image\" content=\"https:\/\/silveco.eu\/wp-content\/uploads\/2024\/01\/Pet-NanoCream.png\" \/>\n\t<meta property=\"og:image:width\" content=\"800\" \/>\n\t<meta property=\"og:image:height\" content=\"800\" \/>\n\t<meta property=\"og:image:type\" content=\"image\/png\" \/>\n<meta name=\"twitter:card\" content=\"summary_large_image\" \/>\n<meta name=\"twitter:label1\" content=\"Gesch\u00e4tzte Lesezeit\" \/>\n\t<meta name=\"twitter:data1\" content=\"1\u00a0Minute\" \/>\n<script type=\"application\/ld+json\" class=\"yoast-schema-graph\">{\"@context\":\"https:\/\/schema.org\",\"@graph\":[{\"@type\":\"WebPage\",\"@id\":\"https:\/\/silveco.eu\/de\/produkt\/silveco-pet-cream\/\",\"url\":\"https:\/\/silveco.eu\/de\/produkt\/silveco-pet-cream\/\",\"name\":\"SILVECO PET NanoCream zur Regeneration und Pflege von Haut und Pfoten von Haustieren - Silveco\",\"isPartOf\":{\"@id\":\"https:\/\/silveco.eu\/#website\"},\"primaryImageOfPage\":{\"@id\":\"https:\/\/silveco.eu\/de\/produkt\/silveco-pet-cream\/#primaryimage\"},\"image\":{\"@id\":\"https:\/\/silveco.eu\/de\/produkt\/silveco-pet-cream\/#primaryimage\"},\"thumbnailUrl\":\"https:\/\/silveco.eu\/wp-content\/uploads\/2024\/01\/Pet-NanoCream.png\",\"datePublished\":\"2023-05-15T08:21:17+00:00\",\"dateModified\":\"2026-03-23T07:54:26+00:00\",\"breadcrumb\":{\"@id\":\"https:\/\/silveco.eu\/de\/produkt\/silveco-pet-cream\/#breadcrumb\"},\"inLanguage\":\"de\",\"potentialAction\":[{\"@type\":\"ReadAction\",\"target\":[\"https:\/\/silveco.eu\/de\/produkt\/silveco-pet-cream\/\"]}]},{\"@type\":\"ImageObject\",\"inLanguage\":\"de\",\"@id\":\"https:\/\/silveco.eu\/de\/produkt\/silveco-pet-cream\/#primaryimage\",\"url\":\"https:\/\/silveco.eu\/wp-content\/uploads\/2024\/01\/Pet-NanoCream.png\",\"contentUrl\":\"https:\/\/silveco.eu\/wp-content\/uploads\/2024\/01\/Pet-NanoCream.png\",\"width\":800,\"height\":800},{\"@type\":\"BreadcrumbList\",\"@id\":\"https:\/\/silveco.eu\/de\/produkt\/silveco-pet-cream\/#breadcrumb\",\"itemListElement\":[{\"@type\":\"ListItem\",\"position\":1,\"name\":\"Strona g\u0142\u00f3wna\",\"item\":\"https:\/\/silveco.eu\/de\/\"},{\"@type\":\"ListItem\",\"position\":2,\"name\":\"Sklep\",\"item\":\"https:\/\/silveco.eu\/sklep\/\"},{\"@type\":\"ListItem\",\"position\":3,\"name\":\"SILVECO PET NanoCream zur Regeneration und Pflege von Haut und Pfoten von Haustieren\"}]},{\"@type\":\"WebSite\",\"@id\":\"https:\/\/silveco.eu\/#website\",\"url\":\"https:\/\/silveco.eu\/\",\"name\":\"Silveco\",\"description\":\"Twoje wsparcie w hodowli\",\"publisher\":{\"@id\":\"https:\/\/silveco.eu\/#organization\"},\"potentialAction\":[{\"@type\":\"SearchAction\",\"target\":{\"@type\":\"EntryPoint\",\"urlTemplate\":\"https:\/\/silveco.eu\/?s={search_term_string}\"},\"query-input\":{\"@type\":\"PropertyValueSpecification\",\"valueRequired\":true,\"valueName\":\"search_term_string\"}}],\"inLanguage\":\"de\"},{\"@type\":\"Organization\",\"@id\":\"https:\/\/silveco.eu\/#organization\",\"name\":\"Silveco\",\"url\":\"https:\/\/silveco.eu\/\",\"logo\":{\"@type\":\"ImageObject\",\"inLanguage\":\"de\",\"@id\":\"https:\/\/silveco.eu\/#\/schema\/logo\/image\/\",\"url\":\"https:\/\/silveco.eu\/wp-content\/uploads\/2023\/03\/image-16.svg\",\"contentUrl\":\"https:\/\/silveco.eu\/wp-content\/uploads\/2023\/03\/image-16.svg\",\"width\":217,\"height\":40,\"caption\":\"Silveco\"},\"image\":{\"@id\":\"https:\/\/silveco.eu\/#\/schema\/logo\/image\/\"}}]}<\/script>\n<!-- \/ Yoast SEO plugin. -->","yoast_head_json":{"title":"SILVECO PET NanoCream zur Regeneration und Pflege von Haut und Pfoten von Haustieren - Silveco","robots":{"index":"index","follow":"follow","max-snippet":"max-snippet:-1","max-image-preview":"max-image-preview:large","max-video-preview":"max-video-preview:-1"},"canonical":"https:\/\/silveco.eu\/de\/produkt\/silveco-pet-cream\/","og_locale":"de_DE","og_type":"article","og_title":"SILVECO PET NanoCream zur Regeneration und Pflege von Haut und Pfoten von Haustieren - Silveco","og_description":"Creme zur Regeneration und Pflege von Haut und Pfoten von Haustieren. Enth\u00e4lt Silber in der Formulierung, bestimmt f\u00fcr die Verwendung auf der Haut von Tieren.  aktives Silber bietet lang anhaltenden Schutz vor Krankheitserregern und reduziert die Anzahl der Mikroorganismen lindert Reizungen von trockener oder rissiger Haut pflegt die Pfoten, besonders im Winter und Sommer ideal f\u00fcr Absch\u00fcrfungen von Leinen und Halsb\u00e4ndern unterst\u00fctzt die Behandlung von Schwielen, alten Narben spendet Klauen Feuchtigkeit Zusammensetzung: Silber, Vaseline, Lanolin, Ethanol, Wasserstoffperoxid.","og_url":"https:\/\/silveco.eu\/de\/produkt\/silveco-pet-cream\/","og_site_name":"Silveco","article_modified_time":"2026-03-23T07:54:26+00:00","og_image":[{"width":800,"height":800,"url":"https:\/\/silveco.eu\/wp-content\/uploads\/2024\/01\/Pet-NanoCream.png","type":"image\/png"}],"twitter_card":"summary_large_image","twitter_misc":{"Gesch\u00e4tzte Lesezeit":"1\u00a0Minute"},"schema":{"@context":"https:\/\/schema.org","@graph":[{"@type":"WebPage","@id":"https:\/\/silveco.eu\/de\/produkt\/silveco-pet-cream\/","url":"https:\/\/silveco.eu\/de\/produkt\/silveco-pet-cream\/","name":"SILVECO PET NanoCream zur Regeneration und Pflege von Haut und Pfoten von Haustieren - Silveco","isPartOf":{"@id":"https:\/\/silveco.eu\/#website"},"primaryImageOfPage":{"@id":"https:\/\/silveco.eu\/de\/produkt\/silveco-pet-cream\/#primaryimage"},"image":{"@id":"https:\/\/silveco.eu\/de\/produkt\/silveco-pet-cream\/#primaryimage"},"thumbnailUrl":"https:\/\/silveco.eu\/wp-content\/uploads\/2024\/01\/Pet-NanoCream.png","datePublished":"2023-05-15T08:21:17+00:00","dateModified":"2026-03-23T07:54:26+00:00","breadcrumb":{"@id":"https:\/\/silveco.eu\/de\/produkt\/silveco-pet-cream\/#breadcrumb"},"inLanguage":"de","potentialAction":[{"@type":"ReadAction","target":["https:\/\/silveco.eu\/de\/produkt\/silveco-pet-cream\/"]}]},{"@type":"ImageObject","inLanguage":"de","@id":"https:\/\/silveco.eu\/de\/produkt\/silveco-pet-cream\/#primaryimage","url":"https:\/\/silveco.eu\/wp-content\/uploads\/2024\/01\/Pet-NanoCream.png","contentUrl":"https:\/\/silveco.eu\/wp-content\/uploads\/2024\/01\/Pet-NanoCream.png","width":800,"height":800},{"@type":"BreadcrumbList","@id":"https:\/\/silveco.eu\/de\/produkt\/silveco-pet-cream\/#breadcrumb","itemListElement":[{"@type":"ListItem","position":1,"name":"Strona g\u0142\u00f3wna","item":"https:\/\/silveco.eu\/de\/"},{"@type":"ListItem","position":2,"name":"Sklep","item":"https:\/\/silveco.eu\/sklep\/"},{"@type":"ListItem","position":3,"name":"SILVECO PET NanoCream zur Regeneration und Pflege von Haut und Pfoten von Haustieren"}]},{"@type":"WebSite","@id":"https:\/\/silveco.eu\/#website","url":"https:\/\/silveco.eu\/","name":"Silveco","description":"Twoje wsparcie w hodowli","publisher":{"@id":"https:\/\/silveco.eu\/#organization"},"potentialAction":[{"@type":"SearchAction","target":{"@type":"EntryPoint","urlTemplate":"https:\/\/silveco.eu\/?s={search_term_string}"},"query-input":{"@type":"PropertyValueSpecification","valueRequired":true,"valueName":"search_term_string"}}],"inLanguage":"de"},{"@type":"Organization","@id":"https:\/\/silveco.eu\/#organization","name":"Silveco","url":"https:\/\/silveco.eu\/","logo":{"@type":"ImageObject","inLanguage":"de","@id":"https:\/\/silveco.eu\/#\/schema\/logo\/image\/","url":"https:\/\/silveco.eu\/wp-content\/uploads\/2023\/03\/image-16.svg","contentUrl":"https:\/\/silveco.eu\/wp-content\/uploads\/2023\/03\/image-16.svg","width":217,"height":40,"caption":"Silveco"},"image":{"@id":"https:\/\/silveco.eu\/#\/schema\/logo\/image\/"}}]}},"_links":{"self":[{"href":"https:\/\/silveco.eu\/de\/wp-json\/wp\/v2\/product\/2874","targetHints":{"allow":["GET"]}}],"collection":[{"href":"https:\/\/silveco.eu\/de\/wp-json\/wp\/v2\/product"}],"about":[{"href":"https:\/\/silveco.eu\/de\/wp-json\/wp\/v2\/types\/product"}],"replies":[{"embeddable":true,"href":"https:\/\/silveco.eu\/de\/wp-json\/wp\/v2\/comments?post=2874"}],"wp:featuredmedia":[{"embeddable":true,"href":"https:\/\/silveco.eu\/de\/wp-json\/wp\/v2\/media\/3804"}],"wp:attachment":[{"href":"https:\/\/silveco.eu\/de\/wp-json\/wp\/v2\/media?parent=2874"}],"wp:term":[{"taxonomy":"product_brand","embeddable":true,"href":"https:\/\/silveco.eu\/de\/wp-json\/wp\/v2\/product_brand?post=2874"},{"taxonomy":"product_cat","embeddable":true,"href":"https:\/\/silveco.eu\/de\/wp-json\/wp\/v2\/product_cat?post=2874"},{"taxonomy":"product_tag","embeddable":true,"href":"https:\/\/silveco.eu\/de\/wp-json\/wp\/v2\/product_tag?post=2874"}],"curies":[{"name":"wp","href":"https:\/\/api.w.org\/{rel}","templated":true}]}}