{"id":2875,"date":"2023-05-15T10:20:14","date_gmt":"2023-05-15T08:20:14","guid":{"rendered":"https:\/\/silveco.eu\/produkt\/silveco-pet-skin-protection\/"},"modified":"2026-03-23T08:54:47","modified_gmt":"2026-03-23T07:54:47","slug":"silveco-pet-skin-protection","status":"publish","type":"product","link":"https:\/\/silveco.eu\/de\/produkt\/silveco-pet-skin-protection\/","title":{"rendered":"SILVECO PET NanoSkin Protection Spray f\u00fcr schwer heilende Wunden, Absch\u00fcrfungen, Geschw\u00fcre und nach tier\u00e4rztlichen Behandlungen"},"content":{"rendered":"\n<div class=\"wp-block-group has-global-padding is-layout-constrained wp-block-group-is-layout-constrained\">\n<div class=\"wp-block-group has-global-padding is-layout-constrained wp-block-group-is-layout-constrained\">\n<div class=\"wp-block-group benefits-section has-light-grey-fade-gradient-background has-background has-global-padding is-layout-constrained wp-container-core-group-is-layout-9ad842e3 wp-block-group-is-layout-constrained\" style=\"border-radius:24px;margin-bottom:var(--wp--preset--spacing--70);padding-top:64px;padding-right:16px;padding-bottom:64px;padding-left:16px\">\n<h2 class=\"wp-block-heading has-text-align-center has-orange-color has-text-color has-huge-font-size\">Die wichtigsten <mark style=\"background-color:rgba(0, 0, 0, 0)\" class=\"has-inline-color has-primary-color\">Vorteile:<\/mark><\/h2>\n\n\n\n<div class=\"wp-block-group benefits-section__icon-boxes is-content-justification-space-between is-nowrap is-layout-flex wp-container-core-group-is-layout-8bf864a0 wp-block-group-is-layout-flex\" style=\"padding-right:80px;padding-left:80px\">\n<div class=\"wp-block-media-text alignwide is-stacked-on-mobile is-vertically-aligned-center\"><figure class=\"wp-block-media-text__media\"><img loading=\"lazy\" decoding=\"async\" width=\"161\" height=\"161\" src=\"https:\/\/silveco.eu\/wp-content\/uploads\/2023\/05\/Gojenie-ran.png\" alt=\"\" class=\"wp-image-1532 size-full\" srcset=\"https:\/\/silveco.eu\/wp-content\/uploads\/2023\/05\/Gojenie-ran.png 161w, https:\/\/silveco.eu\/wp-content\/uploads\/2023\/05\/Gojenie-ran-100x100.png 100w\" sizes=\"auto, (max-width: 161px) 100vw, 161px\" \/><\/figure><div class=\"wp-block-media-text__content\">\n<p>Beschleunigt die Wundheilung<\/p>\n<\/div><\/div>\n\n\n\n<div class=\"wp-block-media-text alignwide is-stacked-on-mobile is-vertically-aligned-center\"><figure class=\"wp-block-media-text__media\"><img loading=\"lazy\" decoding=\"async\" width=\"161\" height=\"161\" src=\"https:\/\/silveco.eu\/wp-content\/uploads\/2023\/05\/Dlugotrwala-ochrona.png\" alt=\"\" class=\"wp-image-1524 size-full\" srcset=\"https:\/\/silveco.eu\/wp-content\/uploads\/2023\/05\/Dlugotrwala-ochrona.png 161w, https:\/\/silveco.eu\/wp-content\/uploads\/2023\/05\/Dlugotrwala-ochrona-100x100.png 100w\" sizes=\"auto, (max-width: 161px) 100vw, 161px\" \/><\/figure><div class=\"wp-block-media-text__content\">\n<p>Mikrobiologischer Langzeitschutz<\/p>\n<\/div><\/div>\n\n\n\n<div class=\"wp-block-media-text alignwide is-stacked-on-mobile is-vertically-aligned-center\"><figure class=\"wp-block-media-text__media\"><img loading=\"lazy\" decoding=\"async\" width=\"161\" height=\"160\" src=\"https:\/\/silveco.eu\/wp-content\/themes\/silveco\/assets\/images\/active_silver_ICON160.webp\" alt=\"\" class=\"wp-image-1010 size-full\"\/><\/figure><div class=\"wp-block-media-text__content\">\n<p>Aktive Formen von Silber<\/p>\n<\/div><\/div>\n\n\n\n<div class=\"wp-block-media-text alignwide is-stacked-on-mobile is-vertically-aligned-center\"><figure class=\"wp-block-media-text__media\"><img loading=\"lazy\" decoding=\"async\" width=\"161\" height=\"160\" src=\"https:\/\/silveco.eu\/wp-content\/uploads\/2023\/05\/Bezbarwny.png\" alt=\"\" class=\"wp-image-1516 size-full\" srcset=\"https:\/\/silveco.eu\/wp-content\/uploads\/2023\/05\/Bezbarwny.png 161w, https:\/\/silveco.eu\/wp-content\/uploads\/2023\/05\/Bezbarwny-100x100.png 100w\" sizes=\"auto, (max-width: 161px) 100vw, 161px\" \/><\/figure><div class=\"wp-block-media-text__content\">\n<p>Farblos<\/p>\n<\/div><\/div>\n\n\n\n<div class=\"wp-block-media-text alignwide is-stacked-on-mobile is-vertically-aligned-center\"><figure class=\"wp-block-media-text__media\"><img loading=\"lazy\" decoding=\"async\" width=\"161\" height=\"160\" src=\"https:\/\/silveco.eu\/wp-content\/uploads\/2023\/05\/Podraznienia-skory.png\" alt=\"\" class=\"wp-image-1552 size-full\" srcset=\"https:\/\/silveco.eu\/wp-content\/uploads\/2023\/05\/Podraznienia-skory.png 161w, https:\/\/silveco.eu\/wp-content\/uploads\/2023\/05\/Podraznienia-skory-100x100.png 100w\" sizes=\"auto, (max-width: 161px) 100vw, 161px\" \/><\/figure><div class=\"wp-block-media-text__content\">\n<p>Lindert Reizungen und Juckreiz<\/p>\n<\/div><\/div>\n<\/div>\n<\/div>\n<\/div>\n\n\n\n<div class=\"wp-block-group container pt-5 has-global-padding is-layout-constrained wp-block-group-is-layout-constrained\">\n<div class=\"wp-block-columns are-vertically-aligned-center is-layout-flex wp-container-core-columns-is-layout-28f84493 wp-block-columns-is-layout-flex\">\n<div class=\"wp-block-column is-vertically-aligned-center is-layout-flow wp-block-column-is-layout-flow\">\n<h2 class=\"wp-block-heading fs-48 has-text-color\" style=\"color:#ff8000;font-style:normal;font-weight:800;line-height:1.2\">Anwendung: <\/h2>\n\n\n\n<p class=\"fs-14\"><strong>Silveco PET Skin Protection<\/strong> ist ideal bei Absch\u00fcrfungen und Hautsch\u00e4den. Die speziell entwickelte Formel unterst\u00fctzt effektiv tierische Hautregenerationsprozesse und die im Pr\u00e4parat enthaltenen aktiven Silbernanopartikel bieten dauerhaften antibakteriellen Schutz.<\/p>\n\n\n\n<p class=\"fs-14\">Die einfache Anwendung sorgt f\u00fcr Komfort in der t\u00e4glichen Pflege sowie f\u00fcr die absolute Sicherheit der Tiere.<\/p>\n\n\n\n<h3 class=\"wp-block-heading has-primary-color has-text-color\">Von Tier\u00e4rzten empfohlenes Produkt!<\/h3>\n<\/div>\n\n\n\n<div class=\"wp-block-column is-vertically-aligned-center is-layout-flow wp-block-column-is-layout-flow\">\n<figure class=\"wp-block-gallery has-nested-images columns-default is-cropped wp-block-gallery-1 is-layout-flex wp-block-gallery-is-layout-flex\">\n<figure class=\"wp-block-image size-full\"><img decoding=\"async\" src=\"https:\/\/silveco.eu\/wp-content\/themes\/silveco\/assets\/images\/cat.webp\" alt=\"\"\/><\/figure>\n<\/figure>\n<\/div>\n<\/div>\n<\/div>\n<\/div>\n","protected":false},"excerpt":{"rendered":"<h3><span style=\"color: #ff8000;\">Innovatives Hygieneprodukt, das nat\u00fcrliche Hautrekonstruktionsprozesse unterst\u00fctzt.<\/span><\/h3>\n<p class=\"fs-14\">Es beschleunigt ihre Regeneration, wodurch es die Heilungszeit von Absch\u00fcrfungen und anderen Hautsch\u00e4den verk\u00fcrzt. Der entsprechende Gehalt an Ethanol (bis zu 2,5 %) und Wasserstoffperoxid (bis zu 1 %) und die erh\u00f6hte Menge an D-Panthenol (bis zu 2 %) werden speziell f\u00fcr den Komfort der Anwendung bei Haustieren ausgew\u00e4hlt. D-Panthenol lindert Irritationen und Juckreiz, und aktive Formen von Silber bilden eine Schutzschicht auf der Haut und garantieren einen effektiven und langanhaltenden Schutz vor sch\u00e4dlichen Mikroorganismen.<\/p>\n<ul class=\"fs-14\">\n<li>Mittel f\u00fcr die Hautpflege von Tieren<\/li>\n<li>Empfohlen f\u00fcr Absch\u00fcrfungen, Kratzer, Verbrennungen, Geschw\u00fcre, schwer heilende Wunden und nach tier\u00e4rztlichen Behandlungen<\/li>\n<li>Formulierung auf Basis von Silber-Nanokomplexen sch\u00fctzt vor Krankheitserregern<\/li>\n<li>Lindert Hautreizungen, einschlie\u00dflich der Auswirkungen von Insektenstichen und -bissen<\/li>\n<li>Ideale postoperative Unterst\u00fctzung, nach Kastrationen<\/li>\n<li>Breites Wirkungsspektrum<\/li>\n<li>Das Spray ist mild und v\u00f6llig sicher f\u00fcr die Haut des Tieres und enth\u00e4lt keine Farb- oder Duftstoffe.<br \/>\nInhaltsstoffe: Silber, Ethanol, Wasserstoffperoxid, D-Panthenol<\/li>\n<\/ul>\n","protected":false},"featured_media":3798,"comment_status":"open","ping_status":"closed","template":"","meta":{"_acf_changed":false,"inline_featured_image":false},"product_brand":[],"product_cat":[107],"product_tag":[],"class_list":{"0":"post-2875","1":"product","2":"type-product","3":"status-publish","4":"has-post-thumbnail","6":"product_cat-hygiene-von-haustieren","8":"first","9":"instock","10":"shipping-taxable","11":"product-type-simple"},"acf":[],"yoast_head":"<!-- This site is optimized with the Yoast SEO plugin v26.4 - https:\/\/yoast.com\/wordpress\/plugins\/seo\/ -->\n<title>SILVECO PET NanoSkin Protection Spray f\u00fcr schwer heilende Wunden, Absch\u00fcrfungen, Geschw\u00fcre und nach tier\u00e4rztlichen Behandlungen - Silveco<\/title>\n<meta name=\"robots\" content=\"index, follow, max-snippet:-1, max-image-preview:large, max-video-preview:-1\" \/>\n<link rel=\"canonical\" href=\"https:\/\/silveco.eu\/de\/produkt\/silveco-pet-skin-protection\/\" \/>\n<meta property=\"og:locale\" content=\"de_DE\" \/>\n<meta property=\"og:type\" content=\"article\" \/>\n<meta property=\"og:title\" content=\"SILVECO PET NanoSkin Protection Spray f\u00fcr schwer heilende Wunden, Absch\u00fcrfungen, Geschw\u00fcre und nach tier\u00e4rztlichen Behandlungen - Silveco\" \/>\n<meta property=\"og:description\" content=\"Innovatives Hygieneprodukt, das nat\u00fcrliche Hautrekonstruktionsprozesse unterst\u00fctzt. Es beschleunigt ihre Regeneration, wodurch es die Heilungszeit von Absch\u00fcrfungen und anderen Hautsch\u00e4den verk\u00fcrzt. Der entsprechende Gehalt an Ethanol (bis zu 2,5 %) und Wasserstoffperoxid (bis zu 1 %) und die erh\u00f6hte Menge an D-Panthenol (bis zu 2 %) werden speziell f\u00fcr den Komfort der Anwendung bei Haustieren ausgew\u00e4hlt. D-Panthenol lindert Irritationen und Juckreiz, und aktive Formen von Silber bilden eine Schutzschicht auf der Haut und garantieren einen effektiven und langanhaltenden Schutz vor sch\u00e4dlichen Mikroorganismen.   Mittel f\u00fcr die Hautpflege von Tieren  Empfohlen f\u00fcr Absch\u00fcrfungen, Kratzer, Verbrennungen, Geschw\u00fcre, schwer heilende Wunden und nach tier\u00e4rztlichen Behandlungen  Formulierung auf Basis von Silber-Nanokomplexen sch\u00fctzt vor Krankheitserregern  Lindert Hautreizungen, einschlie\u00dflich der Auswirkungen von Insektenstichen und -bissen  Ideale postoperative Unterst\u00fctzung, nach Kastrationen  Breites Wirkungsspektrum  Das Spray ist mild und v\u00f6llig sicher f\u00fcr die Haut des Tieres und enth\u00e4lt keine Farb- oder Duftstoffe. Inhaltsstoffe: Silber, Ethanol, Wasserstoffperoxid, D-Panthenol\" \/>\n<meta property=\"og:url\" content=\"https:\/\/silveco.eu\/de\/produkt\/silveco-pet-skin-protection\/\" \/>\n<meta property=\"og:site_name\" content=\"Silveco\" \/>\n<meta property=\"article:modified_time\" content=\"2026-03-23T07:54:47+00:00\" \/>\n<meta property=\"og:image\" content=\"https:\/\/silveco.eu\/wp-content\/uploads\/2024\/01\/Pet-NanoSkin-Protection.png\" \/>\n\t<meta property=\"og:image:width\" content=\"800\" \/>\n\t<meta property=\"og:image:height\" content=\"800\" \/>\n\t<meta property=\"og:image:type\" content=\"image\/png\" \/>\n<meta name=\"twitter:card\" content=\"summary_large_image\" \/>\n<meta name=\"twitter:label1\" content=\"Gesch\u00e4tzte Lesezeit\" \/>\n\t<meta name=\"twitter:data1\" content=\"1\u00a0Minute\" \/>\n<script type=\"application\/ld+json\" class=\"yoast-schema-graph\">{\"@context\":\"https:\/\/schema.org\",\"@graph\":[{\"@type\":\"WebPage\",\"@id\":\"https:\/\/silveco.eu\/de\/produkt\/silveco-pet-skin-protection\/\",\"url\":\"https:\/\/silveco.eu\/de\/produkt\/silveco-pet-skin-protection\/\",\"name\":\"SILVECO PET NanoSkin Protection Spray f\u00fcr schwer heilende Wunden, Absch\u00fcrfungen, Geschw\u00fcre und nach tier\u00e4rztlichen Behandlungen - Silveco\",\"isPartOf\":{\"@id\":\"https:\/\/silveco.eu\/#website\"},\"primaryImageOfPage\":{\"@id\":\"https:\/\/silveco.eu\/de\/produkt\/silveco-pet-skin-protection\/#primaryimage\"},\"image\":{\"@id\":\"https:\/\/silveco.eu\/de\/produkt\/silveco-pet-skin-protection\/#primaryimage\"},\"thumbnailUrl\":\"https:\/\/silveco.eu\/wp-content\/uploads\/2024\/01\/Pet-NanoSkin-Protection.png\",\"datePublished\":\"2023-05-15T08:20:14+00:00\",\"dateModified\":\"2026-03-23T07:54:47+00:00\",\"breadcrumb\":{\"@id\":\"https:\/\/silveco.eu\/de\/produkt\/silveco-pet-skin-protection\/#breadcrumb\"},\"inLanguage\":\"de\",\"potentialAction\":[{\"@type\":\"ReadAction\",\"target\":[\"https:\/\/silveco.eu\/de\/produkt\/silveco-pet-skin-protection\/\"]}]},{\"@type\":\"ImageObject\",\"inLanguage\":\"de\",\"@id\":\"https:\/\/silveco.eu\/de\/produkt\/silveco-pet-skin-protection\/#primaryimage\",\"url\":\"https:\/\/silveco.eu\/wp-content\/uploads\/2024\/01\/Pet-NanoSkin-Protection.png\",\"contentUrl\":\"https:\/\/silveco.eu\/wp-content\/uploads\/2024\/01\/Pet-NanoSkin-Protection.png\",\"width\":800,\"height\":800},{\"@type\":\"BreadcrumbList\",\"@id\":\"https:\/\/silveco.eu\/de\/produkt\/silveco-pet-skin-protection\/#breadcrumb\",\"itemListElement\":[{\"@type\":\"ListItem\",\"position\":1,\"name\":\"Strona g\u0142\u00f3wna\",\"item\":\"https:\/\/silveco.eu\/de\/\"},{\"@type\":\"ListItem\",\"position\":2,\"name\":\"Sklep\",\"item\":\"https:\/\/silveco.eu\/sklep\/\"},{\"@type\":\"ListItem\",\"position\":3,\"name\":\"SILVECO PET NanoSkin Protection Spray f\u00fcr schwer heilende Wunden, Absch\u00fcrfungen, Geschw\u00fcre und nach tier\u00e4rztlichen Behandlungen\"}]},{\"@type\":\"WebSite\",\"@id\":\"https:\/\/silveco.eu\/#website\",\"url\":\"https:\/\/silveco.eu\/\",\"name\":\"Silveco\",\"description\":\"Twoje wsparcie w hodowli\",\"publisher\":{\"@id\":\"https:\/\/silveco.eu\/#organization\"},\"potentialAction\":[{\"@type\":\"SearchAction\",\"target\":{\"@type\":\"EntryPoint\",\"urlTemplate\":\"https:\/\/silveco.eu\/?s={search_term_string}\"},\"query-input\":{\"@type\":\"PropertyValueSpecification\",\"valueRequired\":true,\"valueName\":\"search_term_string\"}}],\"inLanguage\":\"de\"},{\"@type\":\"Organization\",\"@id\":\"https:\/\/silveco.eu\/#organization\",\"name\":\"Silveco\",\"url\":\"https:\/\/silveco.eu\/\",\"logo\":{\"@type\":\"ImageObject\",\"inLanguage\":\"de\",\"@id\":\"https:\/\/silveco.eu\/#\/schema\/logo\/image\/\",\"url\":\"https:\/\/silveco.eu\/wp-content\/uploads\/2023\/03\/image-16.svg\",\"contentUrl\":\"https:\/\/silveco.eu\/wp-content\/uploads\/2023\/03\/image-16.svg\",\"width\":217,\"height\":40,\"caption\":\"Silveco\"},\"image\":{\"@id\":\"https:\/\/silveco.eu\/#\/schema\/logo\/image\/\"}}]}<\/script>\n<!-- \/ Yoast SEO plugin. -->","yoast_head_json":{"title":"SILVECO PET NanoSkin Protection Spray f\u00fcr schwer heilende Wunden, Absch\u00fcrfungen, Geschw\u00fcre und nach tier\u00e4rztlichen Behandlungen - Silveco","robots":{"index":"index","follow":"follow","max-snippet":"max-snippet:-1","max-image-preview":"max-image-preview:large","max-video-preview":"max-video-preview:-1"},"canonical":"https:\/\/silveco.eu\/de\/produkt\/silveco-pet-skin-protection\/","og_locale":"de_DE","og_type":"article","og_title":"SILVECO PET NanoSkin Protection Spray f\u00fcr schwer heilende Wunden, Absch\u00fcrfungen, Geschw\u00fcre und nach tier\u00e4rztlichen Behandlungen - Silveco","og_description":"Innovatives Hygieneprodukt, das nat\u00fcrliche Hautrekonstruktionsprozesse unterst\u00fctzt. Es beschleunigt ihre Regeneration, wodurch es die Heilungszeit von Absch\u00fcrfungen und anderen Hautsch\u00e4den verk\u00fcrzt. Der entsprechende Gehalt an Ethanol (bis zu 2,5 %) und Wasserstoffperoxid (bis zu 1 %) und die erh\u00f6hte Menge an D-Panthenol (bis zu 2 %) werden speziell f\u00fcr den Komfort der Anwendung bei Haustieren ausgew\u00e4hlt. D-Panthenol lindert Irritationen und Juckreiz, und aktive Formen von Silber bilden eine Schutzschicht auf der Haut und garantieren einen effektiven und langanhaltenden Schutz vor sch\u00e4dlichen Mikroorganismen.   Mittel f\u00fcr die Hautpflege von Tieren  Empfohlen f\u00fcr Absch\u00fcrfungen, Kratzer, Verbrennungen, Geschw\u00fcre, schwer heilende Wunden und nach tier\u00e4rztlichen Behandlungen  Formulierung auf Basis von Silber-Nanokomplexen sch\u00fctzt vor Krankheitserregern  Lindert Hautreizungen, einschlie\u00dflich der Auswirkungen von Insektenstichen und -bissen  Ideale postoperative Unterst\u00fctzung, nach Kastrationen  Breites Wirkungsspektrum  Das Spray ist mild und v\u00f6llig sicher f\u00fcr die Haut des Tieres und enth\u00e4lt keine Farb- oder Duftstoffe. Inhaltsstoffe: Silber, Ethanol, Wasserstoffperoxid, D-Panthenol","og_url":"https:\/\/silveco.eu\/de\/produkt\/silveco-pet-skin-protection\/","og_site_name":"Silveco","article_modified_time":"2026-03-23T07:54:47+00:00","og_image":[{"width":800,"height":800,"url":"https:\/\/silveco.eu\/wp-content\/uploads\/2024\/01\/Pet-NanoSkin-Protection.png","type":"image\/png"}],"twitter_card":"summary_large_image","twitter_misc":{"Gesch\u00e4tzte Lesezeit":"1\u00a0Minute"},"schema":{"@context":"https:\/\/schema.org","@graph":[{"@type":"WebPage","@id":"https:\/\/silveco.eu\/de\/produkt\/silveco-pet-skin-protection\/","url":"https:\/\/silveco.eu\/de\/produkt\/silveco-pet-skin-protection\/","name":"SILVECO PET NanoSkin Protection Spray f\u00fcr schwer heilende Wunden, Absch\u00fcrfungen, Geschw\u00fcre und nach tier\u00e4rztlichen Behandlungen - Silveco","isPartOf":{"@id":"https:\/\/silveco.eu\/#website"},"primaryImageOfPage":{"@id":"https:\/\/silveco.eu\/de\/produkt\/silveco-pet-skin-protection\/#primaryimage"},"image":{"@id":"https:\/\/silveco.eu\/de\/produkt\/silveco-pet-skin-protection\/#primaryimage"},"thumbnailUrl":"https:\/\/silveco.eu\/wp-content\/uploads\/2024\/01\/Pet-NanoSkin-Protection.png","datePublished":"2023-05-15T08:20:14+00:00","dateModified":"2026-03-23T07:54:47+00:00","breadcrumb":{"@id":"https:\/\/silveco.eu\/de\/produkt\/silveco-pet-skin-protection\/#breadcrumb"},"inLanguage":"de","potentialAction":[{"@type":"ReadAction","target":["https:\/\/silveco.eu\/de\/produkt\/silveco-pet-skin-protection\/"]}]},{"@type":"ImageObject","inLanguage":"de","@id":"https:\/\/silveco.eu\/de\/produkt\/silveco-pet-skin-protection\/#primaryimage","url":"https:\/\/silveco.eu\/wp-content\/uploads\/2024\/01\/Pet-NanoSkin-Protection.png","contentUrl":"https:\/\/silveco.eu\/wp-content\/uploads\/2024\/01\/Pet-NanoSkin-Protection.png","width":800,"height":800},{"@type":"BreadcrumbList","@id":"https:\/\/silveco.eu\/de\/produkt\/silveco-pet-skin-protection\/#breadcrumb","itemListElement":[{"@type":"ListItem","position":1,"name":"Strona g\u0142\u00f3wna","item":"https:\/\/silveco.eu\/de\/"},{"@type":"ListItem","position":2,"name":"Sklep","item":"https:\/\/silveco.eu\/sklep\/"},{"@type":"ListItem","position":3,"name":"SILVECO PET NanoSkin Protection Spray f\u00fcr schwer heilende Wunden, Absch\u00fcrfungen, Geschw\u00fcre und nach tier\u00e4rztlichen Behandlungen"}]},{"@type":"WebSite","@id":"https:\/\/silveco.eu\/#website","url":"https:\/\/silveco.eu\/","name":"Silveco","description":"Twoje wsparcie w hodowli","publisher":{"@id":"https:\/\/silveco.eu\/#organization"},"potentialAction":[{"@type":"SearchAction","target":{"@type":"EntryPoint","urlTemplate":"https:\/\/silveco.eu\/?s={search_term_string}"},"query-input":{"@type":"PropertyValueSpecification","valueRequired":true,"valueName":"search_term_string"}}],"inLanguage":"de"},{"@type":"Organization","@id":"https:\/\/silveco.eu\/#organization","name":"Silveco","url":"https:\/\/silveco.eu\/","logo":{"@type":"ImageObject","inLanguage":"de","@id":"https:\/\/silveco.eu\/#\/schema\/logo\/image\/","url":"https:\/\/silveco.eu\/wp-content\/uploads\/2023\/03\/image-16.svg","contentUrl":"https:\/\/silveco.eu\/wp-content\/uploads\/2023\/03\/image-16.svg","width":217,"height":40,"caption":"Silveco"},"image":{"@id":"https:\/\/silveco.eu\/#\/schema\/logo\/image\/"}}]}},"_links":{"self":[{"href":"https:\/\/silveco.eu\/de\/wp-json\/wp\/v2\/product\/2875","targetHints":{"allow":["GET"]}}],"collection":[{"href":"https:\/\/silveco.eu\/de\/wp-json\/wp\/v2\/product"}],"about":[{"href":"https:\/\/silveco.eu\/de\/wp-json\/wp\/v2\/types\/product"}],"replies":[{"embeddable":true,"href":"https:\/\/silveco.eu\/de\/wp-json\/wp\/v2\/comments?post=2875"}],"wp:featuredmedia":[{"embeddable":true,"href":"https:\/\/silveco.eu\/de\/wp-json\/wp\/v2\/media\/3798"}],"wp:attachment":[{"href":"https:\/\/silveco.eu\/de\/wp-json\/wp\/v2\/media?parent=2875"}],"wp:term":[{"taxonomy":"product_brand","embeddable":true,"href":"https:\/\/silveco.eu\/de\/wp-json\/wp\/v2\/product_brand?post=2875"},{"taxonomy":"product_cat","embeddable":true,"href":"https:\/\/silveco.eu\/de\/wp-json\/wp\/v2\/product_cat?post=2875"},{"taxonomy":"product_tag","embeddable":true,"href":"https:\/\/silveco.eu\/de\/wp-json\/wp\/v2\/product_tag?post=2875"}],"curies":[{"name":"wp","href":"https:\/\/api.w.org\/{rel}","templated":true}]}}