{"id":2876,"date":"2023-05-15T10:19:13","date_gmt":"2023-05-15T08:19:13","guid":{"rendered":"https:\/\/silveco.eu\/produkt\/silveco-pet-healthy-ears\/"},"modified":"2025-11-28T02:54:41","modified_gmt":"2025-11-28T01:54:41","slug":"silveco-pet-healthy-ears","status":"publish","type":"product","link":"https:\/\/silveco.eu\/de\/produkt\/silveco-pet-healthy-ears\/","title":{"rendered":"SILVECO PET NanoHealthy Ears Pr\u00e4parat zur Pflege und Regeneration des \u00e4u\u00dferen Geh\u00f6rganges"},"content":{"rendered":"\n<div class=\"wp-block-group has-global-padding is-layout-constrained wp-block-group-is-layout-constrained\">\n<div class=\"wp-block-group has-global-padding is-layout-constrained wp-block-group-is-layout-constrained\">\n<div class=\"wp-block-group benefits-section has-light-grey-fade-gradient-background has-background has-global-padding is-layout-constrained wp-container-core-group-is-layout-9ad842e3 wp-block-group-is-layout-constrained\" style=\"border-radius:24px;margin-bottom:var(--wp--preset--spacing--70);padding-top:64px;padding-right:16px;padding-bottom:64px;padding-left:16px\">\n<h2 class=\"wp-block-heading has-text-align-center has-orange-color has-text-color has-huge-font-size\">Die wichtigsten <mark style=\"background-color:rgba(0, 0, 0, 0)\" class=\"has-inline-color has-primary-color\">Vorteile:<\/mark><\/h2>\n\n\n\n<div class=\"wp-block-group benefits-section__icon-boxes is-content-justification-space-between is-nowrap is-layout-flex wp-container-core-group-is-layout-8bf864a0 wp-block-group-is-layout-flex\" style=\"padding-right:80px;padding-left:80px\">\n<div class=\"wp-block-media-text alignwide is-stacked-on-mobile is-vertically-aligned-center\"><figure class=\"wp-block-media-text__media\"><img loading=\"lazy\" decoding=\"async\" width=\"160\" height=\"160\" src=\"https:\/\/silveco.eu\/wp-content\/uploads\/2023\/05\/Uszy.png\" alt=\"\" class=\"wp-image-1566 size-full\" srcset=\"https:\/\/silveco.eu\/wp-content\/uploads\/2023\/05\/Uszy.png 160w, https:\/\/silveco.eu\/wp-content\/uploads\/2023\/05\/Uszy-100x100.png 100w\" sizes=\"auto, (max-width: 160px) 100vw, 160px\" \/><\/figure><div class=\"wp-block-media-text__content\">\n<p>Verhindert wiederkehrende Entz\u00fcndungen <br\/>in den Ohren<\/p>\n<\/div><\/div>\n\n\n\n<div class=\"wp-block-media-text alignwide is-stacked-on-mobile is-vertically-aligned-center\"><figure class=\"wp-block-media-text__media\"><img loading=\"lazy\" decoding=\"async\" width=\"161\" height=\"161\" src=\"https:\/\/silveco.eu\/wp-content\/uploads\/2023\/05\/Gojenie-ran.png\" alt=\"\" class=\"wp-image-1532 size-full\" srcset=\"https:\/\/silveco.eu\/wp-content\/uploads\/2023\/05\/Gojenie-ran.png 161w, https:\/\/silveco.eu\/wp-content\/uploads\/2023\/05\/Gojenie-ran-100x100.png 100w\" sizes=\"auto, (max-width: 161px) 100vw, 161px\" \/><\/figure><div class=\"wp-block-media-text__content\">\n<p>Regeneration und Schutz<\/p>\n<\/div><\/div>\n\n\n\n<div class=\"wp-block-media-text alignwide is-stacked-on-mobile is-vertically-aligned-center\"><figure class=\"wp-block-media-text__media\"><img loading=\"lazy\" decoding=\"async\" width=\"161\" height=\"160\" src=\"https:\/\/silveco.eu\/wp-content\/themes\/silveco\/assets\/images\/active_silver_ICON160.webp\" alt=\"\" class=\"wp-image-1010 size-full\"\/><\/figure><div class=\"wp-block-media-text__content\">\n<p>Aktive Formen von Silber<\/p>\n<\/div><\/div>\n\n\n\n<div class=\"wp-block-media-text alignwide is-stacked-on-mobile is-vertically-aligned-center\"><figure class=\"wp-block-media-text__media\"><img loading=\"lazy\" decoding=\"async\" width=\"160\" height=\"160\" src=\"https:\/\/silveco.eu\/wp-content\/uploads\/2023\/05\/zapach.png\" alt=\"\" class=\"wp-image-1596 size-full\" srcset=\"https:\/\/silveco.eu\/wp-content\/uploads\/2023\/05\/zapach.png 160w, https:\/\/silveco.eu\/wp-content\/uploads\/2023\/05\/zapach-100x100.png 100w\" sizes=\"auto, (max-width: 160px) 100vw, 160px\" \/><\/figure><div class=\"wp-block-media-text__content\">\n<p>Geruchsneutral<\/p>\n<\/div><\/div>\n\n\n\n<div class=\"wp-block-media-text alignwide is-stacked-on-mobile is-vertically-aligned-center\"><figure class=\"wp-block-media-text__media\"><img loading=\"lazy\" decoding=\"async\" width=\"160\" height=\"160\" src=\"https:\/\/silveco.eu\/wp-content\/uploads\/2023\/05\/parabeny.png\" alt=\"\" class=\"wp-image-1598 size-full\" srcset=\"https:\/\/silveco.eu\/wp-content\/uploads\/2023\/05\/parabeny.png 160w, https:\/\/silveco.eu\/wp-content\/uploads\/2023\/05\/parabeny-100x100.png 100w\" sizes=\"auto, (max-width: 160px) 100vw, 160px\" \/><\/figure><div class=\"wp-block-media-text__content\">\n<p>Frei von Parabenen<\/p>\n<\/div><\/div>\n<\/div>\n<\/div>\n<\/div>\n\n\n\n<div class=\"wp-block-group container pt-5 has-global-padding is-layout-constrained wp-block-group-is-layout-constrained\">\n<div class=\"wp-block-columns are-vertically-aligned-center is-layout-flex wp-container-core-columns-is-layout-28f84493 wp-block-columns-is-layout-flex\">\n<div class=\"wp-block-column is-vertically-aligned-center is-layout-flow wp-block-column-is-layout-flow\">\n<h2 class=\"wp-block-heading fs-48 has-text-color\" style=\"color:#ff8000;font-style:normal;font-weight:800;line-height:1.2\">Anwendung: <\/h2>\n\n\n\n<p class=\"fs-14\">Tropfen zur Pflege des Geh\u00f6rgangs und der Ohrmuschel bei Haustieren. Sie wirken antiseptisch, zerst\u00f6ren Mikroorganismen, erleichtern regenerativ die Heilung der Epidermis und verhindern prophylaktisch das Wiederauftreten von Entz\u00fcndungen. <\/p>\n\n\n\n<p class=\"fs-14\">Speziell ausgew\u00e4hlte Inhaltsstoffe reduzieren Brennen und Juckreiz der Haut, spenden Feuchtigkeit und schaffen eine Schutzbarriere, dank der Haustiere schnell Erleichterung versp\u00fcren. Die verwendeten aktiven Formen von Silber sind eine hervorragende Alternative zu Antibiotika. Die Tropfen unterst\u00fctzen die Aufl\u00f6sung von Ohrenschmalz. Auch bei besch\u00e4digtem Trommelfell empfohlen.<br\/><\/p>\n\n\n\n<h3 class=\"wp-block-heading has-primary-color has-text-color\">Das Produkt wurde in Zusammenarbeit mit Tier\u00e4rzten und Tiergesundheitsexperten entwickelt.<\/h3>\n<\/div>\n\n\n\n<div class=\"wp-block-column is-vertically-aligned-center is-layout-flow wp-block-column-is-layout-flow\">\n<figure class=\"wp-block-gallery has-nested-images columns-default is-cropped wp-block-gallery-1 is-layout-flex wp-block-gallery-is-layout-flex\">\n<figure class=\"wp-block-image size-full\"><img loading=\"lazy\" decoding=\"async\" width=\"682\" height=\"450\" data-id=\"890\" src=\"https:\/\/silveco.eu\/wp-content\/uploads\/2023\/05\/pet_ears.webp\" alt=\"\" class=\"wp-image-890\" srcset=\"https:\/\/silveco.eu\/wp-content\/uploads\/2023\/05\/pet_ears.webp 682w, https:\/\/silveco.eu\/wp-content\/uploads\/2023\/05\/pet_ears-300x198.webp 300w, https:\/\/silveco.eu\/wp-content\/uploads\/2023\/05\/pet_ears-241x159.webp 241w, https:\/\/silveco.eu\/wp-content\/uploads\/2023\/05\/pet_ears-600x396.webp 600w\" sizes=\"auto, (max-width: 682px) 100vw, 682px\" \/><\/figure>\n<\/figure>\n<\/div>\n<\/div>\n<\/div>\n<\/div>\n","protected":false},"excerpt":{"rendered":"<h3><span style=\"color: #ff8000;\">Ein Pr\u00e4parat mit Silbernanopartikeln zur Pflege von Geh\u00f6rgang und Ohrmuschel.<\/span><\/h3>\n<p class=\"fs-14\">Empfohlen bei h\u00e4ufigen Ohrinfektionen, f\u00fcr Tiere aller Arten. Unterst\u00fctzt Heilungsprozesse, auch bei gesch\u00e4digtem Trommelfell. Bietet synergistische antiseptische, regenerative und vorbeugende Wirkungen. Es ist frei von Parabenen und Duftstoffen.<\/p>\n<h3><span style=\"color: #38aa45;\">Enth\u00e4lt:<\/span><\/h3>\n<ul class=\"fs-14\">\n<li>Silbernanopartikel &#8211; eliminieren Faktoren mit entz\u00fcndlichem Potenzial, einschlie\u00dflich G-positiver und G-negativer Bakterien<\/li>\n<li>Allantoin \u2013 regenerierend, entz\u00fcndungshemmend, reduziert Brennen und Juckreiz der Haut<\/li>\n<li>Glycerin \u2013 spendet Feuchtigkeit und schafft eine Schutzbarriere, die sich positiv auf die Verbesserung des physiologischen Zustands von Geh\u00f6rgang und Ohrmuschel auswirkt<\/li>\n<\/ul>\n","protected":false},"featured_media":3801,"comment_status":"open","ping_status":"closed","template":"","meta":{"_acf_changed":false,"inline_featured_image":false},"product_brand":[],"product_cat":[107],"product_tag":[],"class_list":{"0":"post-2876","1":"product","2":"type-product","3":"status-publish","4":"has-post-thumbnail","6":"product_cat-hygiene-von-haustieren","8":"first","9":"instock","10":"shipping-taxable","11":"product-type-simple"},"acf":[],"yoast_head":"<!-- This site is optimized with the Yoast SEO plugin v26.4 - https:\/\/yoast.com\/wordpress\/plugins\/seo\/ -->\n<title>SILVECO PET NanoHealthy Ears Pr\u00e4parat zur Pflege und Regeneration des \u00e4u\u00dferen Geh\u00f6rganges - Silveco<\/title>\n<meta name=\"robots\" content=\"index, follow, max-snippet:-1, max-image-preview:large, max-video-preview:-1\" \/>\n<link rel=\"canonical\" href=\"https:\/\/silveco.eu\/de\/produkt\/silveco-pet-healthy-ears\/\" \/>\n<meta property=\"og:locale\" content=\"de_DE\" \/>\n<meta property=\"og:type\" content=\"article\" \/>\n<meta property=\"og:title\" content=\"SILVECO PET NanoHealthy Ears Pr\u00e4parat zur Pflege und Regeneration des \u00e4u\u00dferen Geh\u00f6rganges - Silveco\" \/>\n<meta property=\"og:description\" content=\"Ein Pr\u00e4parat mit Silbernanopartikeln zur Pflege von Geh\u00f6rgang und Ohrmuschel. Empfohlen bei h\u00e4ufigen Ohrinfektionen, f\u00fcr Tiere aller Arten. Unterst\u00fctzt Heilungsprozesse, auch bei gesch\u00e4digtem Trommelfell. Bietet synergistische antiseptische, regenerative und vorbeugende Wirkungen. Es ist frei von Parabenen und Duftstoffen. Enth\u00e4lt:  Silbernanopartikel - eliminieren Faktoren mit entz\u00fcndlichem Potenzial, einschlie\u00dflich G-positiver und G-negativer Bakterien  Allantoin \u2013 regenerierend, entz\u00fcndungshemmend, reduziert Brennen und Juckreiz der Haut  Glycerin \u2013 spendet Feuchtigkeit und schafft eine Schutzbarriere, die sich positiv auf die Verbesserung des physiologischen Zustands von Geh\u00f6rgang und Ohrmuschel auswirkt\" \/>\n<meta property=\"og:url\" content=\"https:\/\/silveco.eu\/de\/produkt\/silveco-pet-healthy-ears\/\" \/>\n<meta property=\"og:site_name\" content=\"Silveco\" \/>\n<meta property=\"article:modified_time\" content=\"2025-11-28T01:54:41+00:00\" \/>\n<meta property=\"og:image\" content=\"https:\/\/silveco.eu\/wp-content\/uploads\/2024\/01\/Pet-NanoHealthly-Ears-800x800-1.png\" \/>\n\t<meta property=\"og:image:width\" content=\"800\" \/>\n\t<meta property=\"og:image:height\" content=\"800\" \/>\n\t<meta property=\"og:image:type\" content=\"image\/png\" \/>\n<meta name=\"twitter:card\" content=\"summary_large_image\" \/>\n<meta name=\"twitter:label1\" content=\"Gesch\u00e4tzte Lesezeit\" \/>\n\t<meta name=\"twitter:data1\" content=\"1\u00a0Minute\" \/>\n<script type=\"application\/ld+json\" class=\"yoast-schema-graph\">{\"@context\":\"https:\/\/schema.org\",\"@graph\":[{\"@type\":\"WebPage\",\"@id\":\"https:\/\/silveco.eu\/de\/produkt\/silveco-pet-healthy-ears\/\",\"url\":\"https:\/\/silveco.eu\/de\/produkt\/silveco-pet-healthy-ears\/\",\"name\":\"SILVECO PET NanoHealthy Ears Pr\u00e4parat zur Pflege und Regeneration des \u00e4u\u00dferen Geh\u00f6rganges - Silveco\",\"isPartOf\":{\"@id\":\"https:\/\/silveco.eu\/#website\"},\"primaryImageOfPage\":{\"@id\":\"https:\/\/silveco.eu\/de\/produkt\/silveco-pet-healthy-ears\/#primaryimage\"},\"image\":{\"@id\":\"https:\/\/silveco.eu\/de\/produkt\/silveco-pet-healthy-ears\/#primaryimage\"},\"thumbnailUrl\":\"https:\/\/silveco.eu\/wp-content\/uploads\/2024\/01\/Pet-NanoHealthly-Ears-800x800-1.png\",\"datePublished\":\"2023-05-15T08:19:13+00:00\",\"dateModified\":\"2025-11-28T01:54:41+00:00\",\"breadcrumb\":{\"@id\":\"https:\/\/silveco.eu\/de\/produkt\/silveco-pet-healthy-ears\/#breadcrumb\"},\"inLanguage\":\"de\",\"potentialAction\":[{\"@type\":\"ReadAction\",\"target\":[\"https:\/\/silveco.eu\/de\/produkt\/silveco-pet-healthy-ears\/\"]}]},{\"@type\":\"ImageObject\",\"inLanguage\":\"de\",\"@id\":\"https:\/\/silveco.eu\/de\/produkt\/silveco-pet-healthy-ears\/#primaryimage\",\"url\":\"https:\/\/silveco.eu\/wp-content\/uploads\/2024\/01\/Pet-NanoHealthly-Ears-800x800-1.png\",\"contentUrl\":\"https:\/\/silveco.eu\/wp-content\/uploads\/2024\/01\/Pet-NanoHealthly-Ears-800x800-1.png\",\"width\":800,\"height\":800},{\"@type\":\"BreadcrumbList\",\"@id\":\"https:\/\/silveco.eu\/de\/produkt\/silveco-pet-healthy-ears\/#breadcrumb\",\"itemListElement\":[{\"@type\":\"ListItem\",\"position\":1,\"name\":\"Strona g\u0142\u00f3wna\",\"item\":\"https:\/\/silveco.eu\/de\/\"},{\"@type\":\"ListItem\",\"position\":2,\"name\":\"Sklep\",\"item\":\"https:\/\/silveco.eu\/sklep\/\"},{\"@type\":\"ListItem\",\"position\":3,\"name\":\"SILVECO PET Healthy Ears\"}]},{\"@type\":\"WebSite\",\"@id\":\"https:\/\/silveco.eu\/#website\",\"url\":\"https:\/\/silveco.eu\/\",\"name\":\"Silveco\",\"description\":\"Twoje wsparcie w hodowli\",\"publisher\":{\"@id\":\"https:\/\/silveco.eu\/#organization\"},\"potentialAction\":[{\"@type\":\"SearchAction\",\"target\":{\"@type\":\"EntryPoint\",\"urlTemplate\":\"https:\/\/silveco.eu\/?s={search_term_string}\"},\"query-input\":{\"@type\":\"PropertyValueSpecification\",\"valueRequired\":true,\"valueName\":\"search_term_string\"}}],\"inLanguage\":\"de\"},{\"@type\":\"Organization\",\"@id\":\"https:\/\/silveco.eu\/#organization\",\"name\":\"Silveco\",\"url\":\"https:\/\/silveco.eu\/\",\"logo\":{\"@type\":\"ImageObject\",\"inLanguage\":\"de\",\"@id\":\"https:\/\/silveco.eu\/#\/schema\/logo\/image\/\",\"url\":\"https:\/\/silveco.eu\/wp-content\/uploads\/2023\/03\/image-16.svg\",\"contentUrl\":\"https:\/\/silveco.eu\/wp-content\/uploads\/2023\/03\/image-16.svg\",\"width\":217,\"height\":40,\"caption\":\"Silveco\"},\"image\":{\"@id\":\"https:\/\/silveco.eu\/#\/schema\/logo\/image\/\"}}]}<\/script>\n<!-- \/ Yoast SEO plugin. -->","yoast_head_json":{"title":"SILVECO PET NanoHealthy Ears Pr\u00e4parat zur Pflege und Regeneration des \u00e4u\u00dferen Geh\u00f6rganges - Silveco","robots":{"index":"index","follow":"follow","max-snippet":"max-snippet:-1","max-image-preview":"max-image-preview:large","max-video-preview":"max-video-preview:-1"},"canonical":"https:\/\/silveco.eu\/de\/produkt\/silveco-pet-healthy-ears\/","og_locale":"de_DE","og_type":"article","og_title":"SILVECO PET NanoHealthy Ears Pr\u00e4parat zur Pflege und Regeneration des \u00e4u\u00dferen Geh\u00f6rganges - Silveco","og_description":"Ein Pr\u00e4parat mit Silbernanopartikeln zur Pflege von Geh\u00f6rgang und Ohrmuschel. Empfohlen bei h\u00e4ufigen Ohrinfektionen, f\u00fcr Tiere aller Arten. Unterst\u00fctzt Heilungsprozesse, auch bei gesch\u00e4digtem Trommelfell. Bietet synergistische antiseptische, regenerative und vorbeugende Wirkungen. Es ist frei von Parabenen und Duftstoffen. Enth\u00e4lt:  Silbernanopartikel - eliminieren Faktoren mit entz\u00fcndlichem Potenzial, einschlie\u00dflich G-positiver und G-negativer Bakterien  Allantoin \u2013 regenerierend, entz\u00fcndungshemmend, reduziert Brennen und Juckreiz der Haut  Glycerin \u2013 spendet Feuchtigkeit und schafft eine Schutzbarriere, die sich positiv auf die Verbesserung des physiologischen Zustands von Geh\u00f6rgang und Ohrmuschel auswirkt","og_url":"https:\/\/silveco.eu\/de\/produkt\/silveco-pet-healthy-ears\/","og_site_name":"Silveco","article_modified_time":"2025-11-28T01:54:41+00:00","og_image":[{"width":800,"height":800,"url":"https:\/\/silveco.eu\/wp-content\/uploads\/2024\/01\/Pet-NanoHealthly-Ears-800x800-1.png","type":"image\/png"}],"twitter_card":"summary_large_image","twitter_misc":{"Gesch\u00e4tzte Lesezeit":"1\u00a0Minute"},"schema":{"@context":"https:\/\/schema.org","@graph":[{"@type":"WebPage","@id":"https:\/\/silveco.eu\/de\/produkt\/silveco-pet-healthy-ears\/","url":"https:\/\/silveco.eu\/de\/produkt\/silveco-pet-healthy-ears\/","name":"SILVECO PET NanoHealthy Ears Pr\u00e4parat zur Pflege und Regeneration des \u00e4u\u00dferen Geh\u00f6rganges - Silveco","isPartOf":{"@id":"https:\/\/silveco.eu\/#website"},"primaryImageOfPage":{"@id":"https:\/\/silveco.eu\/de\/produkt\/silveco-pet-healthy-ears\/#primaryimage"},"image":{"@id":"https:\/\/silveco.eu\/de\/produkt\/silveco-pet-healthy-ears\/#primaryimage"},"thumbnailUrl":"https:\/\/silveco.eu\/wp-content\/uploads\/2024\/01\/Pet-NanoHealthly-Ears-800x800-1.png","datePublished":"2023-05-15T08:19:13+00:00","dateModified":"2025-11-28T01:54:41+00:00","breadcrumb":{"@id":"https:\/\/silveco.eu\/de\/produkt\/silveco-pet-healthy-ears\/#breadcrumb"},"inLanguage":"de","potentialAction":[{"@type":"ReadAction","target":["https:\/\/silveco.eu\/de\/produkt\/silveco-pet-healthy-ears\/"]}]},{"@type":"ImageObject","inLanguage":"de","@id":"https:\/\/silveco.eu\/de\/produkt\/silveco-pet-healthy-ears\/#primaryimage","url":"https:\/\/silveco.eu\/wp-content\/uploads\/2024\/01\/Pet-NanoHealthly-Ears-800x800-1.png","contentUrl":"https:\/\/silveco.eu\/wp-content\/uploads\/2024\/01\/Pet-NanoHealthly-Ears-800x800-1.png","width":800,"height":800},{"@type":"BreadcrumbList","@id":"https:\/\/silveco.eu\/de\/produkt\/silveco-pet-healthy-ears\/#breadcrumb","itemListElement":[{"@type":"ListItem","position":1,"name":"Strona g\u0142\u00f3wna","item":"https:\/\/silveco.eu\/de\/"},{"@type":"ListItem","position":2,"name":"Sklep","item":"https:\/\/silveco.eu\/sklep\/"},{"@type":"ListItem","position":3,"name":"SILVECO PET Healthy Ears"}]},{"@type":"WebSite","@id":"https:\/\/silveco.eu\/#website","url":"https:\/\/silveco.eu\/","name":"Silveco","description":"Twoje wsparcie w hodowli","publisher":{"@id":"https:\/\/silveco.eu\/#organization"},"potentialAction":[{"@type":"SearchAction","target":{"@type":"EntryPoint","urlTemplate":"https:\/\/silveco.eu\/?s={search_term_string}"},"query-input":{"@type":"PropertyValueSpecification","valueRequired":true,"valueName":"search_term_string"}}],"inLanguage":"de"},{"@type":"Organization","@id":"https:\/\/silveco.eu\/#organization","name":"Silveco","url":"https:\/\/silveco.eu\/","logo":{"@type":"ImageObject","inLanguage":"de","@id":"https:\/\/silveco.eu\/#\/schema\/logo\/image\/","url":"https:\/\/silveco.eu\/wp-content\/uploads\/2023\/03\/image-16.svg","contentUrl":"https:\/\/silveco.eu\/wp-content\/uploads\/2023\/03\/image-16.svg","width":217,"height":40,"caption":"Silveco"},"image":{"@id":"https:\/\/silveco.eu\/#\/schema\/logo\/image\/"}}]}},"_links":{"self":[{"href":"https:\/\/silveco.eu\/de\/wp-json\/wp\/v2\/product\/2876","targetHints":{"allow":["GET"]}}],"collection":[{"href":"https:\/\/silveco.eu\/de\/wp-json\/wp\/v2\/product"}],"about":[{"href":"https:\/\/silveco.eu\/de\/wp-json\/wp\/v2\/types\/product"}],"replies":[{"embeddable":true,"href":"https:\/\/silveco.eu\/de\/wp-json\/wp\/v2\/comments?post=2876"}],"wp:featuredmedia":[{"embeddable":true,"href":"https:\/\/silveco.eu\/de\/wp-json\/wp\/v2\/media\/3801"}],"wp:attachment":[{"href":"https:\/\/silveco.eu\/de\/wp-json\/wp\/v2\/media?parent=2876"}],"wp:term":[{"taxonomy":"product_brand","embeddable":true,"href":"https:\/\/silveco.eu\/de\/wp-json\/wp\/v2\/product_brand?post=2876"},{"taxonomy":"product_cat","embeddable":true,"href":"https:\/\/silveco.eu\/de\/wp-json\/wp\/v2\/product_cat?post=2876"},{"taxonomy":"product_tag","embeddable":true,"href":"https:\/\/silveco.eu\/de\/wp-json\/wp\/v2\/product_tag?post=2876"}],"curies":[{"name":"wp","href":"https:\/\/api.w.org\/{rel}","templated":true}]}}