{"id":2877,"date":"2023-05-15T10:11:01","date_gmt":"2023-05-15T08:11:01","guid":{"rendered":"https:\/\/silveco.eu\/produkt\/silveco-regenerative-und-schuetzende-creme\/"},"modified":"2025-06-30T22:47:41","modified_gmt":"2025-06-30T20:47:41","slug":"silveco-krem-regeneracyjno-ochronny","status":"publish","type":"product","link":"https:\/\/silveco.eu\/de\/produkt\/silveco-krem-regeneracyjno-ochronny\/","title":{"rendered":"SILVECO NanoCream Regenerations- und Schutzcreme f\u00fcr die Haut"},"content":{"rendered":"\n<div class=\"wp-block-group has-global-padding is-layout-constrained wp-block-group-is-layout-constrained\">\n<div class=\"wp-block-group benefits-section has-light-grey-fade-gradient-background has-background has-global-padding is-layout-constrained wp-container-core-group-is-layout-9ad842e3 wp-block-group-is-layout-constrained\" style=\"border-radius:24px;margin-bottom:var(--wp--preset--spacing--70);padding-top:64px;padding-right:16px;padding-bottom:64px;padding-left:16px\">\n<h2 class=\"wp-block-heading has-text-align-center has-red-color has-text-color has-huge-font-size\">Die wichtigsten <mark style=\"background-color:rgba(0, 0, 0, 0)\" class=\"has-inline-color has-primary-color\">Vorteile:<\/mark><\/h2>\n\n\n\n<div class=\"wp-block-group benefits-section__icon-boxes is-content-justification-space-between is-nowrap is-layout-flex wp-container-core-group-is-layout-62a6d66b wp-block-group-is-layout-flex\" style=\"padding-right:80px;padding-left:80px\">\n<div class=\"wp-block-media-text alignwide is-stacked-on-mobile is-vertically-aligned-center\"><figure class=\"wp-block-media-text__media\"><img loading=\"lazy\" decoding=\"async\" width=\"161\" height=\"161\" src=\"https:\/\/silveco.eu\/wp-content\/uploads\/2023\/05\/Gojenie-ran.png\" alt=\"\" class=\"wp-image-1532 size-full\" srcset=\"https:\/\/silveco.eu\/wp-content\/uploads\/2023\/05\/Gojenie-ran.png 161w, https:\/\/silveco.eu\/wp-content\/uploads\/2023\/05\/Gojenie-ran-100x100.png 100w\" sizes=\"auto, (max-width: 161px) 100vw, 161px\" \/><\/figure><div class=\"wp-block-media-text__content\">\n<p>Regeneration und Schutz<\/p>\n<\/div><\/div>\n\n\n\n<div class=\"wp-block-media-text alignwide is-stacked-on-mobile is-vertically-aligned-center\"><figure class=\"wp-block-media-text__media\"><img loading=\"lazy\" decoding=\"async\" width=\"161\" height=\"161\" src=\"https:\/\/silveco.eu\/wp-content\/uploads\/2023\/05\/Antybiotyki.png\" alt=\"\" class=\"wp-image-1514 size-full\" srcset=\"https:\/\/silveco.eu\/wp-content\/uploads\/2023\/05\/Antybiotyki.png 161w, https:\/\/silveco.eu\/wp-content\/uploads\/2023\/05\/Antybiotyki-100x100.png 100w\" sizes=\"auto, (max-width: 161px) 100vw, 161px\" \/><\/figure><div class=\"wp-block-media-text__content\">\n<p>Ohne Antibiotika<\/p>\n<\/div><\/div>\n\n\n\n<div class=\"wp-block-media-text alignwide is-stacked-on-mobile is-vertically-aligned-center\"><figure class=\"wp-block-media-text__media\"><img loading=\"lazy\" decoding=\"async\" width=\"161\" height=\"160\" src=\"https:\/\/silveco.eu\/wp-content\/themes\/silveco\/assets\/images\/active_silver_ICON160.webp\" alt=\"\" class=\"wp-image-1010 size-full\"\/><\/figure><div class=\"wp-block-media-text__content\">\n<p>Aktive Formen von Silber<\/p>\n<\/div><\/div>\n\n\n\n<div class=\"wp-block-media-text alignwide is-stacked-on-mobile is-vertically-aligned-center\"><figure class=\"wp-block-media-text__media\"><img loading=\"lazy\" decoding=\"async\" width=\"161\" height=\"161\" src=\"https:\/\/silveco.eu\/wp-content\/uploads\/2023\/05\/Latwe-stosowanie.png\" alt=\"\" class=\"wp-image-1542 size-full\" srcset=\"https:\/\/silveco.eu\/wp-content\/uploads\/2023\/05\/Latwe-stosowanie.png 161w, https:\/\/silveco.eu\/wp-content\/uploads\/2023\/05\/Latwe-stosowanie-100x100.png 100w\" sizes=\"auto, (max-width: 161px) 100vw, 161px\" \/><\/figure><div class=\"wp-block-media-text__content\">\n<p>Einfache Anwendung<\/p>\n<\/div><\/div>\n\n\n\n<div class=\"wp-block-media-text alignwide is-stacked-on-mobile is-vertically-aligned-center\"><figure class=\"wp-block-media-text__media\"><img loading=\"lazy\" decoding=\"async\" width=\"161\" height=\"160\" src=\"https:\/\/silveco.eu\/wp-content\/uploads\/2023\/05\/Lider.png\" alt=\"\" class=\"wp-image-1540 size-full\" srcset=\"https:\/\/silveco.eu\/wp-content\/uploads\/2023\/05\/Lider.png 161w, https:\/\/silveco.eu\/wp-content\/uploads\/2023\/05\/Lider-100x100.png 100w\" sizes=\"auto, (max-width: 161px) 100vw, 161px\" \/><\/figure><div class=\"wp-block-media-text__content\">\n<p>Marktf\u00fchrer<\/p>\n<\/div><\/div>\n<\/div>\n<\/div>\n\n\n\n<div class=\"wp-block-columns are-vertically-aligned-center is-layout-flex wp-container-core-columns-is-layout-28f84493 wp-block-columns-is-layout-flex\">\n<div class=\"wp-block-column is-vertically-aligned-center is-layout-flow wp-block-column-is-layout-flow\">\n<h2 class=\"wp-block-heading fs-48 has-text-color\" style=\"color:#ac0707;font-style:normal;font-weight:800;line-height:1.2\">Anwendung: <\/h2>\n\n\n\n<p class=\"fs-14\">Ideal als Unterst\u00fctzung im Granulationsprozess, auch bei ausgedehnten Hautdefekten, einschlie\u00dflich der Regeneration von Wunden zwischen Leiste und Euter. Das Produkt wird auch f\u00fcr alle Arten von Absch\u00fcrfungen, Schorf, Ver\u00e4nderungen durch Pilzinfektionen sowie als Produkt zur Unterst\u00fctzung von Hufkorrekturverfahren empfohlen.<\/p>\n\n\n\n<h3 class=\"wp-block-heading has-primary-color has-text-color\" style=\"font-size:clamp(0.929rem, 0.929rem + ((1vw - 0.2rem) * 0.673), 1.4rem);\">Anwendungsweise:<\/h3>\n\n\n\n<p class=\"has-silveco-small-font-size\">F\u00fchren Sie vor dem Auftragen der Creme eine Hauttoilette durch. Nach dem Trocknen die Creme auftragen. Einmal t\u00e4glich auftragen, bis die Ver\u00e4nderungen verschwinden. Je nach Bedarf kann der Vorgang wiederholt werden. Gegebenenfalls einen Verband anlegen.<\/p>\n<\/div>\n\n\n\n<div class=\"wp-block-column is-vertically-aligned-center is-layout-flow wp-block-column-is-layout-flow\">\n<figure class=\"wp-block-gallery has-nested-images columns-default is-cropped wp-block-gallery-1 is-layout-flex wp-block-gallery-is-layout-flex\">\n<figure class=\"wp-block-image size-full\"><img loading=\"lazy\" decoding=\"async\" width=\"682\" height=\"450\" data-id=\"978\" src=\"https:\/\/silveco.eu\/wp-content\/uploads\/2023\/05\/krowy_do_kremu.webp\" alt=\"\" class=\"wp-image-978\" srcset=\"https:\/\/silveco.eu\/wp-content\/uploads\/2023\/05\/krowy_do_kremu.webp 682w, https:\/\/silveco.eu\/wp-content\/uploads\/2023\/05\/krowy_do_kremu-300x198.webp 300w, https:\/\/silveco.eu\/wp-content\/uploads\/2023\/05\/krowy_do_kremu-241x159.webp 241w, https:\/\/silveco.eu\/wp-content\/uploads\/2023\/05\/krowy_do_kremu-600x396.webp 600w\" sizes=\"auto, (max-width: 682px) 100vw, 682px\" \/><\/figure>\n<\/figure>\n<\/div>\n<\/div>\n<\/div>\n","protected":false},"excerpt":{"rendered":"<h4><span style=\"color: #38aa45;\">Regenerative und sch\u00fctzende Creme f\u00fcr Nutztiere.<\/span><\/h4>\n<p class=\"fs-14\">Silveco Creme ist das perfekte Mittel zur Regeneration und zum Schutz der Haut von Nutztieren mit aktiven Formen von Silber in seiner Zusammensetzung. Es pflegt und sch\u00fctzt die betroffene Oberfl\u00e4che effektiv und stimuliert gleichzeitig die Geweberekonstruktion.<\/p>\n<ul class=\"fs-14\">\n<li> beschleunigt den Heilungsprozess<\/li>\n<li>pflegt, sch\u00fctzt und st\u00e4rkt<\/li>\n<li>sch\u00fctzt vor Entz\u00fcndungszust\u00e4nden<\/li>\n<li>empfohlen bei Absch\u00fcrfungen, Schorf, Ver\u00e4nderungen durch Pilzinfektionen<\/li>\n<\/ul>\n<h4><span style=\"color: #ac0707;\">Garantiert hohe Wirksamkeit!<\/span><\/h4>\n<h4><span style=\"color: #38aa45;\">Frei von Kupfersulfat und Formalin<\/span><\/h4>\n","protected":false},"featured_media":3819,"comment_status":"open","ping_status":"closed","template":"","meta":{"_acf_changed":false,"inline_featured_image":false},"product_brand":[],"product_cat":[106],"product_tag":[],"class_list":{"0":"post-2877","1":"product","2":"type-product","3":"status-publish","4":"has-post-thumbnail","6":"product_cat-hauthygiene-von-nutztieren","8":"first","9":"instock","10":"shipping-taxable","11":"product-type-simple"},"acf":[],"yoast_head":"<!-- This site is optimized with the Yoast SEO plugin v26.4 - https:\/\/yoast.com\/wordpress\/plugins\/seo\/ -->\n<title>SILVECO NanoCream Regenerations- und Schutzcreme f\u00fcr die Haut - Silveco<\/title>\n<meta name=\"robots\" content=\"index, follow, max-snippet:-1, max-image-preview:large, max-video-preview:-1\" \/>\n<link rel=\"canonical\" href=\"https:\/\/silveco.eu\/de\/produkt\/silveco-krem-regeneracyjno-ochronny\/\" \/>\n<meta property=\"og:locale\" content=\"de_DE\" \/>\n<meta property=\"og:type\" content=\"article\" \/>\n<meta property=\"og:title\" content=\"SILVECO NanoCream Regenerations- und Schutzcreme f\u00fcr die Haut - Silveco\" \/>\n<meta property=\"og:description\" content=\"Regenerative und sch\u00fctzende Creme f\u00fcr Nutztiere. Silveco Creme ist das perfekte Mittel zur Regeneration und zum Schutz der Haut von Nutztieren mit aktiven Formen von Silber in seiner Zusammensetzung. Es pflegt und sch\u00fctzt die betroffene Oberfl\u00e4che effektiv und stimuliert gleichzeitig die Geweberekonstruktion.   beschleunigt den Heilungsprozess  pflegt, sch\u00fctzt und st\u00e4rkt  sch\u00fctzt vor Entz\u00fcndungszust\u00e4nden  empfohlen bei Absch\u00fcrfungen, Schorf, Ver\u00e4nderungen durch Pilzinfektionen Garantiert hohe Wirksamkeit! Frei von Kupfersulfat und Formalin\" \/>\n<meta property=\"og:url\" content=\"https:\/\/silveco.eu\/de\/produkt\/silveco-krem-regeneracyjno-ochronny\/\" \/>\n<meta property=\"og:site_name\" content=\"Silveco\" \/>\n<meta property=\"article:modified_time\" content=\"2025-06-30T20:47:41+00:00\" \/>\n<meta property=\"og:image\" content=\"https:\/\/silveco.eu\/wp-content\/uploads\/2024\/01\/Krem-regeneracyjno-ochronny-razem-obie-poj.png\" \/>\n\t<meta property=\"og:image:width\" content=\"800\" \/>\n\t<meta property=\"og:image:height\" content=\"800\" \/>\n\t<meta property=\"og:image:type\" content=\"image\/png\" \/>\n<meta name=\"twitter:card\" content=\"summary_large_image\" \/>\n<meta name=\"twitter:label1\" content=\"Gesch\u00e4tzte Lesezeit\" \/>\n\t<meta name=\"twitter:data1\" content=\"1\u00a0Minute\" \/>\n<script type=\"application\/ld+json\" class=\"yoast-schema-graph\">{\"@context\":\"https:\/\/schema.org\",\"@graph\":[{\"@type\":\"WebPage\",\"@id\":\"https:\/\/silveco.eu\/de\/produkt\/silveco-krem-regeneracyjno-ochronny\/\",\"url\":\"https:\/\/silveco.eu\/de\/produkt\/silveco-krem-regeneracyjno-ochronny\/\",\"name\":\"SILVECO NanoCream Regenerations- und Schutzcreme f\u00fcr die Haut - Silveco\",\"isPartOf\":{\"@id\":\"https:\/\/silveco.eu\/#website\"},\"primaryImageOfPage\":{\"@id\":\"https:\/\/silveco.eu\/de\/produkt\/silveco-krem-regeneracyjno-ochronny\/#primaryimage\"},\"image\":{\"@id\":\"https:\/\/silveco.eu\/de\/produkt\/silveco-krem-regeneracyjno-ochronny\/#primaryimage\"},\"thumbnailUrl\":\"https:\/\/silveco.eu\/wp-content\/uploads\/2024\/01\/Krem-regeneracyjno-ochronny-razem-obie-poj.png\",\"datePublished\":\"2023-05-15T08:11:01+00:00\",\"dateModified\":\"2025-06-30T20:47:41+00:00\",\"breadcrumb\":{\"@id\":\"https:\/\/silveco.eu\/de\/produkt\/silveco-krem-regeneracyjno-ochronny\/#breadcrumb\"},\"inLanguage\":\"de\",\"potentialAction\":[{\"@type\":\"ReadAction\",\"target\":[\"https:\/\/silveco.eu\/de\/produkt\/silveco-krem-regeneracyjno-ochronny\/\"]}]},{\"@type\":\"ImageObject\",\"inLanguage\":\"de\",\"@id\":\"https:\/\/silveco.eu\/de\/produkt\/silveco-krem-regeneracyjno-ochronny\/#primaryimage\",\"url\":\"https:\/\/silveco.eu\/wp-content\/uploads\/2024\/01\/Krem-regeneracyjno-ochronny-razem-obie-poj.png\",\"contentUrl\":\"https:\/\/silveco.eu\/wp-content\/uploads\/2024\/01\/Krem-regeneracyjno-ochronny-razem-obie-poj.png\",\"width\":800,\"height\":800},{\"@type\":\"BreadcrumbList\",\"@id\":\"https:\/\/silveco.eu\/de\/produkt\/silveco-krem-regeneracyjno-ochronny\/#breadcrumb\",\"itemListElement\":[{\"@type\":\"ListItem\",\"position\":1,\"name\":\"Strona g\u0142\u00f3wna\",\"item\":\"https:\/\/silveco.eu\/de\/\"},{\"@type\":\"ListItem\",\"position\":2,\"name\":\"Sklep\",\"item\":\"https:\/\/silveco.eu\/sklep\/\"},{\"@type\":\"ListItem\",\"position\":3,\"name\":\"SILVECO Regenerative und sch\u00fctzende Creme\"}]},{\"@type\":\"WebSite\",\"@id\":\"https:\/\/silveco.eu\/#website\",\"url\":\"https:\/\/silveco.eu\/\",\"name\":\"Silveco\",\"description\":\"Twoje wsparcie w hodowli\",\"publisher\":{\"@id\":\"https:\/\/silveco.eu\/#organization\"},\"potentialAction\":[{\"@type\":\"SearchAction\",\"target\":{\"@type\":\"EntryPoint\",\"urlTemplate\":\"https:\/\/silveco.eu\/?s={search_term_string}\"},\"query-input\":{\"@type\":\"PropertyValueSpecification\",\"valueRequired\":true,\"valueName\":\"search_term_string\"}}],\"inLanguage\":\"de\"},{\"@type\":\"Organization\",\"@id\":\"https:\/\/silveco.eu\/#organization\",\"name\":\"Silveco\",\"url\":\"https:\/\/silveco.eu\/\",\"logo\":{\"@type\":\"ImageObject\",\"inLanguage\":\"de\",\"@id\":\"https:\/\/silveco.eu\/#\/schema\/logo\/image\/\",\"url\":\"https:\/\/silveco.eu\/wp-content\/uploads\/2023\/03\/image-16.svg\",\"contentUrl\":\"https:\/\/silveco.eu\/wp-content\/uploads\/2023\/03\/image-16.svg\",\"width\":217,\"height\":40,\"caption\":\"Silveco\"},\"image\":{\"@id\":\"https:\/\/silveco.eu\/#\/schema\/logo\/image\/\"}}]}<\/script>\n<!-- \/ Yoast SEO plugin. -->","yoast_head_json":{"title":"SILVECO NanoCream Regenerations- und Schutzcreme f\u00fcr die Haut - Silveco","robots":{"index":"index","follow":"follow","max-snippet":"max-snippet:-1","max-image-preview":"max-image-preview:large","max-video-preview":"max-video-preview:-1"},"canonical":"https:\/\/silveco.eu\/de\/produkt\/silveco-krem-regeneracyjno-ochronny\/","og_locale":"de_DE","og_type":"article","og_title":"SILVECO NanoCream Regenerations- und Schutzcreme f\u00fcr die Haut - Silveco","og_description":"Regenerative und sch\u00fctzende Creme f\u00fcr Nutztiere. Silveco Creme ist das perfekte Mittel zur Regeneration und zum Schutz der Haut von Nutztieren mit aktiven Formen von Silber in seiner Zusammensetzung. Es pflegt und sch\u00fctzt die betroffene Oberfl\u00e4che effektiv und stimuliert gleichzeitig die Geweberekonstruktion.   beschleunigt den Heilungsprozess  pflegt, sch\u00fctzt und st\u00e4rkt  sch\u00fctzt vor Entz\u00fcndungszust\u00e4nden  empfohlen bei Absch\u00fcrfungen, Schorf, Ver\u00e4nderungen durch Pilzinfektionen Garantiert hohe Wirksamkeit! Frei von Kupfersulfat und Formalin","og_url":"https:\/\/silveco.eu\/de\/produkt\/silveco-krem-regeneracyjno-ochronny\/","og_site_name":"Silveco","article_modified_time":"2025-06-30T20:47:41+00:00","og_image":[{"width":800,"height":800,"url":"https:\/\/silveco.eu\/wp-content\/uploads\/2024\/01\/Krem-regeneracyjno-ochronny-razem-obie-poj.png","type":"image\/png"}],"twitter_card":"summary_large_image","twitter_misc":{"Gesch\u00e4tzte Lesezeit":"1\u00a0Minute"},"schema":{"@context":"https:\/\/schema.org","@graph":[{"@type":"WebPage","@id":"https:\/\/silveco.eu\/de\/produkt\/silveco-krem-regeneracyjno-ochronny\/","url":"https:\/\/silveco.eu\/de\/produkt\/silveco-krem-regeneracyjno-ochronny\/","name":"SILVECO NanoCream Regenerations- und Schutzcreme f\u00fcr die Haut - Silveco","isPartOf":{"@id":"https:\/\/silveco.eu\/#website"},"primaryImageOfPage":{"@id":"https:\/\/silveco.eu\/de\/produkt\/silveco-krem-regeneracyjno-ochronny\/#primaryimage"},"image":{"@id":"https:\/\/silveco.eu\/de\/produkt\/silveco-krem-regeneracyjno-ochronny\/#primaryimage"},"thumbnailUrl":"https:\/\/silveco.eu\/wp-content\/uploads\/2024\/01\/Krem-regeneracyjno-ochronny-razem-obie-poj.png","datePublished":"2023-05-15T08:11:01+00:00","dateModified":"2025-06-30T20:47:41+00:00","breadcrumb":{"@id":"https:\/\/silveco.eu\/de\/produkt\/silveco-krem-regeneracyjno-ochronny\/#breadcrumb"},"inLanguage":"de","potentialAction":[{"@type":"ReadAction","target":["https:\/\/silveco.eu\/de\/produkt\/silveco-krem-regeneracyjno-ochronny\/"]}]},{"@type":"ImageObject","inLanguage":"de","@id":"https:\/\/silveco.eu\/de\/produkt\/silveco-krem-regeneracyjno-ochronny\/#primaryimage","url":"https:\/\/silveco.eu\/wp-content\/uploads\/2024\/01\/Krem-regeneracyjno-ochronny-razem-obie-poj.png","contentUrl":"https:\/\/silveco.eu\/wp-content\/uploads\/2024\/01\/Krem-regeneracyjno-ochronny-razem-obie-poj.png","width":800,"height":800},{"@type":"BreadcrumbList","@id":"https:\/\/silveco.eu\/de\/produkt\/silveco-krem-regeneracyjno-ochronny\/#breadcrumb","itemListElement":[{"@type":"ListItem","position":1,"name":"Strona g\u0142\u00f3wna","item":"https:\/\/silveco.eu\/de\/"},{"@type":"ListItem","position":2,"name":"Sklep","item":"https:\/\/silveco.eu\/sklep\/"},{"@type":"ListItem","position":3,"name":"SILVECO Regenerative und sch\u00fctzende Creme"}]},{"@type":"WebSite","@id":"https:\/\/silveco.eu\/#website","url":"https:\/\/silveco.eu\/","name":"Silveco","description":"Twoje wsparcie w hodowli","publisher":{"@id":"https:\/\/silveco.eu\/#organization"},"potentialAction":[{"@type":"SearchAction","target":{"@type":"EntryPoint","urlTemplate":"https:\/\/silveco.eu\/?s={search_term_string}"},"query-input":{"@type":"PropertyValueSpecification","valueRequired":true,"valueName":"search_term_string"}}],"inLanguage":"de"},{"@type":"Organization","@id":"https:\/\/silveco.eu\/#organization","name":"Silveco","url":"https:\/\/silveco.eu\/","logo":{"@type":"ImageObject","inLanguage":"de","@id":"https:\/\/silveco.eu\/#\/schema\/logo\/image\/","url":"https:\/\/silveco.eu\/wp-content\/uploads\/2023\/03\/image-16.svg","contentUrl":"https:\/\/silveco.eu\/wp-content\/uploads\/2023\/03\/image-16.svg","width":217,"height":40,"caption":"Silveco"},"image":{"@id":"https:\/\/silveco.eu\/#\/schema\/logo\/image\/"}}]}},"_links":{"self":[{"href":"https:\/\/silveco.eu\/de\/wp-json\/wp\/v2\/product\/2877","targetHints":{"allow":["GET"]}}],"collection":[{"href":"https:\/\/silveco.eu\/de\/wp-json\/wp\/v2\/product"}],"about":[{"href":"https:\/\/silveco.eu\/de\/wp-json\/wp\/v2\/types\/product"}],"replies":[{"embeddable":true,"href":"https:\/\/silveco.eu\/de\/wp-json\/wp\/v2\/comments?post=2877"}],"wp:featuredmedia":[{"embeddable":true,"href":"https:\/\/silveco.eu\/de\/wp-json\/wp\/v2\/media\/3819"}],"wp:attachment":[{"href":"https:\/\/silveco.eu\/de\/wp-json\/wp\/v2\/media?parent=2877"}],"wp:term":[{"taxonomy":"product_brand","embeddable":true,"href":"https:\/\/silveco.eu\/de\/wp-json\/wp\/v2\/product_brand?post=2877"},{"taxonomy":"product_cat","embeddable":true,"href":"https:\/\/silveco.eu\/de\/wp-json\/wp\/v2\/product_cat?post=2877"},{"taxonomy":"product_tag","embeddable":true,"href":"https:\/\/silveco.eu\/de\/wp-json\/wp\/v2\/product_tag?post=2877"}],"curies":[{"name":"wp","href":"https:\/\/api.w.org\/{rel}","templated":true}]}}