{"id":2878,"date":"2023-05-15T10:08:07","date_gmt":"2023-05-15T08:08:07","guid":{"rendered":"https:\/\/silveco.eu\/produkt\/silveco-skin-protection\/"},"modified":"2025-11-26T20:50:50","modified_gmt":"2025-11-26T19:50:50","slug":"silveco-skin-protection","status":"publish","type":"product","link":"https:\/\/silveco.eu\/de\/produkt\/silveco-skin-protection\/","title":{"rendered":"SILVECO NanoSkin Protection Aerosol zur Pflege und Regeneration der Haut"},"content":{"rendered":"\n<div class=\"wp-block-group has-global-padding is-layout-constrained wp-block-group-is-layout-constrained\">\n<div class=\"wp-block-group has-global-padding is-layout-constrained wp-block-group-is-layout-constrained\">\n<div class=\"wp-block-group benefits-section has-light-grey-fade-gradient-background has-background has-global-padding is-layout-constrained wp-container-core-group-is-layout-9ad842e3 wp-block-group-is-layout-constrained\" style=\"border-radius:24px;margin-bottom:var(--wp--preset--spacing--70);padding-top:64px;padding-right:16px;padding-bottom:64px;padding-left:16px\">\n<h2 class=\"wp-block-heading has-text-align-center has-secondary-color has-text-color has-huge-font-size\">Die wichtigsten <mark style=\"background-color:rgba(0, 0, 0, 0)\" class=\"has-inline-color has-primary-color\">Vorteile:<\/mark><\/h2>\n\n\n\n<div class=\"wp-block-group benefits-section__icon-boxes is-content-justification-space-between is-nowrap is-layout-flex wp-container-core-group-is-layout-62a6d66b wp-block-group-is-layout-flex\" style=\"padding-right:80px;padding-left:80px\">\n<div class=\"wp-block-media-text alignwide is-stacked-on-mobile is-vertically-aligned-center\"><figure class=\"wp-block-media-text__media\"><img loading=\"lazy\" decoding=\"async\" width=\"161\" height=\"160\" src=\"https:\/\/silveco.eu\/wp-content\/uploads\/2023\/05\/Podraznienia-skory.png\" alt=\"\" class=\"wp-image-1552 size-full\" srcset=\"https:\/\/silveco.eu\/wp-content\/uploads\/2023\/05\/Podraznienia-skory.png 161w, https:\/\/silveco.eu\/wp-content\/uploads\/2023\/05\/Podraznienia-skory-100x100.png 100w\" sizes=\"auto, (max-width: 161px) 100vw, 161px\" \/><\/figure><div class=\"wp-block-media-text__content\">\n<p>Lindert Hautreizungen<\/p>\n<\/div><\/div>\n\n\n\n<div class=\"wp-block-media-text alignwide is-stacked-on-mobile is-vertically-aligned-center\"><figure class=\"wp-block-media-text__media\"><img loading=\"lazy\" decoding=\"async\" width=\"161\" height=\"160\" src=\"https:\/\/silveco.eu\/wp-content\/uploads\/2023\/05\/Bezbarwny.png\" alt=\"\" class=\"wp-image-1516 size-full\" srcset=\"https:\/\/silveco.eu\/wp-content\/uploads\/2023\/05\/Bezbarwny.png 161w, https:\/\/silveco.eu\/wp-content\/uploads\/2023\/05\/Bezbarwny-100x100.png 100w\" sizes=\"auto, (max-width: 161px) 100vw, 161px\" \/><\/figure><div class=\"wp-block-media-text__content\">\n<p>Farblos<\/p>\n<\/div><\/div>\n\n\n\n<div class=\"wp-block-media-text alignwide is-stacked-on-mobile is-vertically-aligned-center\"><figure class=\"wp-block-media-text__media\"><img loading=\"lazy\" decoding=\"async\" width=\"161\" height=\"160\" src=\"https:\/\/silveco.eu\/wp-content\/themes\/silveco\/assets\/images\/active_silver_ICON160.webp\" alt=\"\" class=\"wp-image-1010 size-full\"\/><\/figure><div class=\"wp-block-media-text__content\">\n<p>Aktive Formen von Silber<\/p>\n<\/div><\/div>\n\n\n\n<div class=\"wp-block-media-text alignwide is-stacked-on-mobile is-vertically-aligned-center\"><figure class=\"wp-block-media-text__media\"><img loading=\"lazy\" decoding=\"async\" width=\"161\" height=\"161\" src=\"https:\/\/silveco.eu\/wp-content\/uploads\/2023\/05\/Dlugotrwala-ochrona.png\" alt=\"\" class=\"wp-image-1524 size-full\" srcset=\"https:\/\/silveco.eu\/wp-content\/uploads\/2023\/05\/Dlugotrwala-ochrona.png 161w, https:\/\/silveco.eu\/wp-content\/uploads\/2023\/05\/Dlugotrwala-ochrona-100x100.png 100w\" sizes=\"auto, (max-width: 161px) 100vw, 161px\" \/><\/figure><div class=\"wp-block-media-text__content\">\n<p>LangfristigerSchutz mikrobiologischerSchutz<\/p>\n<\/div><\/div>\n\n\n\n<div class=\"wp-block-media-text alignwide is-stacked-on-mobile is-vertically-aligned-center\"><figure class=\"wp-block-media-text__media\"><img loading=\"lazy\" decoding=\"async\" width=\"161\" height=\"161\" src=\"https:\/\/silveco.eu\/wp-content\/uploads\/2023\/05\/Gojenie-ran.png\" alt=\"\" class=\"wp-image-1532 size-full\" srcset=\"https:\/\/silveco.eu\/wp-content\/uploads\/2023\/05\/Gojenie-ran.png 161w, https:\/\/silveco.eu\/wp-content\/uploads\/2023\/05\/Gojenie-ran-100x100.png 100w\" sizes=\"auto, (max-width: 161px) 100vw, 161px\" \/><\/figure><div class=\"wp-block-media-text__content\">\n<p>Beschleunigt die <br\/>Wundheilung<\/p>\n<\/div><\/div>\n<\/div>\n<\/div>\n<\/div>\n\n\n\n<h2 class=\"wp-block-heading fs-48\" style=\"font-style:normal;font-weight:800;line-height:1.2\">Anwendung: <\/h2>\n\n\n\n<p class=\"fs-14\"><strong>SILVECO<\/strong> Skin Protection ist ein innovatives Hygieneprodukt, das die nat\u00fcrlichen Prozesse der Hautrekonstruktion unterst\u00fctzt. Es beschleunigt seine Regeneration, wodurch es die Wundheilungszeit verk\u00fcrzt. Das im Produkt enthaltene D-Panthenol lindert Reizungen und Juckreiz. Aktive Formen von Silber bilden eine Schutzschicht auf der Haut und garantieren einen effektiven und langanhaltenden Schutz vor sch\u00e4dlichen Mikroorganismen, was insbesondere bei Nutztieren in gro\u00dfen Gruppen von Bedeutung ist.<\/p>\n<\/div>\n","protected":false},"excerpt":{"rendered":"<h3><span style=\"color: #38aa45;\">Schutzspray mit aktiven Silbernanopartikeln zur Anwendung auf der Haut von Nutztieren.<\/span><\/h3>\n<p class=\"fs-14\">Dank der biologischen Aktivit\u00e4t von Silber bildet er eine Schutzschicht, die die nachteiligen Auswirkungen von Umweltfaktoren verhindert.<\/p>\n<h3><span style=\"color: #38aa45;\">Ein Produkt mit breitem Wirkungsspektrum.<\/span><\/h3>\n<ul class=\"fs-14\">\n<li>Antibakterielle und antimykotische Wirkung von Silber<\/li>\n<li>Hautschutz nach Verletzungen und Behandlungen<\/li>\n<li>Unterst\u00fctzung nat\u00fcrlicher Hautregenerationsprozesse<\/li>\n<li>Ohne Antibiotika<\/li>\n<li>Einfache Anwendung<\/li>\n<\/ul>\n<p class=\"fs-14\">Verpackung: Aerosol 250 ml<\/p>\n","protected":false},"featured_media":4458,"comment_status":"open","ping_status":"closed","template":"","meta":{"_acf_changed":false,"inline_featured_image":false},"product_brand":[],"product_cat":[106],"product_tag":[],"class_list":{"0":"post-2878","1":"product","2":"type-product","3":"status-publish","4":"has-post-thumbnail","6":"product_cat-hauthygiene-von-nutztieren","8":"first","9":"instock","10":"shipping-taxable","11":"product-type-simple"},"acf":[],"yoast_head":"<!-- This site is optimized with the Yoast SEO plugin v26.4 - https:\/\/yoast.com\/wordpress\/plugins\/seo\/ -->\n<title>SILVECO NanoSkin Protection Aerosol zur Pflege und Regeneration der Haut - Silveco<\/title>\n<meta name=\"robots\" content=\"index, follow, max-snippet:-1, max-image-preview:large, max-video-preview:-1\" \/>\n<link rel=\"canonical\" href=\"https:\/\/silveco.eu\/produkt\/silveco-skin-protection\/\" \/>\n<meta property=\"og:locale\" content=\"de_DE\" \/>\n<meta property=\"og:type\" content=\"article\" \/>\n<meta property=\"og:title\" content=\"SILVECO NanoSkin Protection Aerosol zur Pflege und Regeneration der Haut - Silveco\" \/>\n<meta property=\"og:description\" content=\"Schutzspray mit aktiven Silbernanopartikeln zur Anwendung auf der Haut von Nutztieren. Dank der biologischen Aktivit\u00e4t von Silber bildet er eine Schutzschicht, die die nachteiligen Auswirkungen von Umweltfaktoren verhindert. Ein Produkt mit breitem Wirkungsspektrum.  Antibakterielle und antimykotische Wirkung von Silber  Hautschutz nach Verletzungen und Behandlungen  Unterst\u00fctzung nat\u00fcrlicher Hautregenerationsprozesse  Ohne Antibiotika  Einfache Anwendung Verpackung: Aerosol 250 ml\" \/>\n<meta property=\"og:url\" content=\"https:\/\/silveco.eu\/produkt\/silveco-skin-protection\/\" \/>\n<meta property=\"og:site_name\" content=\"Silveco\" \/>\n<meta property=\"article:modified_time\" content=\"2025-11-26T19:50:50+00:00\" \/>\n<meta name=\"twitter:card\" content=\"summary_large_image\" \/>\n<script type=\"application\/ld+json\" class=\"yoast-schema-graph\">{\"@context\":\"https:\/\/schema.org\",\"@graph\":[{\"@type\":\"WebPage\",\"@id\":\"https:\/\/silveco.eu\/produkt\/silveco-skin-protection\/\",\"url\":\"https:\/\/silveco.eu\/produkt\/silveco-skin-protection\/\",\"name\":\"SILVECO NanoSkin Protection Aerosol zur Pflege und Regeneration der Haut - Silveco\",\"isPartOf\":{\"@id\":\"https:\/\/silveco.eu\/#website\"},\"primaryImageOfPage\":{\"@id\":\"https:\/\/silveco.eu\/produkt\/silveco-skin-protection\/#primaryimage\"},\"image\":{\"@id\":\"https:\/\/silveco.eu\/produkt\/silveco-skin-protection\/#primaryimage\"},\"thumbnailUrl\":\"https:\/\/silveco.eu\/wp-content\/uploads\/2023\/05\/skin_bov-1.png\",\"datePublished\":\"2023-05-15T08:08:07+00:00\",\"dateModified\":\"2025-11-26T19:50:50+00:00\",\"breadcrumb\":{\"@id\":\"https:\/\/silveco.eu\/produkt\/silveco-skin-protection\/#breadcrumb\"},\"inLanguage\":\"de\",\"potentialAction\":[{\"@type\":\"ReadAction\",\"target\":[\"https:\/\/silveco.eu\/produkt\/silveco-skin-protection\/\"]}]},{\"@type\":\"ImageObject\",\"inLanguage\":\"de\",\"@id\":\"https:\/\/silveco.eu\/produkt\/silveco-skin-protection\/#primaryimage\",\"url\":\"https:\/\/silveco.eu\/wp-content\/uploads\/2023\/05\/skin_bov-1.png\",\"contentUrl\":\"https:\/\/silveco.eu\/wp-content\/uploads\/2023\/05\/skin_bov-1.png\",\"width\":800,\"height\":800},{\"@type\":\"BreadcrumbList\",\"@id\":\"https:\/\/silveco.eu\/produkt\/silveco-skin-protection\/#breadcrumb\",\"itemListElement\":[{\"@type\":\"ListItem\",\"position\":1,\"name\":\"Strona g\u0142\u00f3wna\",\"item\":\"https:\/\/silveco.eu\/de\/\"},{\"@type\":\"ListItem\",\"position\":2,\"name\":\"Sklep\",\"item\":\"https:\/\/silveco.eu\/sklep\/\"},{\"@type\":\"ListItem\",\"position\":3,\"name\":\"SILVECO Skin Protection\"}]},{\"@type\":\"WebSite\",\"@id\":\"https:\/\/silveco.eu\/#website\",\"url\":\"https:\/\/silveco.eu\/\",\"name\":\"Silveco\",\"description\":\"Twoje wsparcie w hodowli\",\"publisher\":{\"@id\":\"https:\/\/silveco.eu\/#organization\"},\"potentialAction\":[{\"@type\":\"SearchAction\",\"target\":{\"@type\":\"EntryPoint\",\"urlTemplate\":\"https:\/\/silveco.eu\/?s={search_term_string}\"},\"query-input\":{\"@type\":\"PropertyValueSpecification\",\"valueRequired\":true,\"valueName\":\"search_term_string\"}}],\"inLanguage\":\"de\"},{\"@type\":\"Organization\",\"@id\":\"https:\/\/silveco.eu\/#organization\",\"name\":\"Silveco\",\"url\":\"https:\/\/silveco.eu\/\",\"logo\":{\"@type\":\"ImageObject\",\"inLanguage\":\"de\",\"@id\":\"https:\/\/silveco.eu\/#\/schema\/logo\/image\/\",\"url\":\"https:\/\/silveco.eu\/wp-content\/uploads\/2023\/03\/image-16.svg\",\"contentUrl\":\"https:\/\/silveco.eu\/wp-content\/uploads\/2023\/03\/image-16.svg\",\"width\":217,\"height\":40,\"caption\":\"Silveco\"},\"image\":{\"@id\":\"https:\/\/silveco.eu\/#\/schema\/logo\/image\/\"}}]}<\/script>\n<!-- \/ Yoast SEO plugin. -->","yoast_head_json":{"title":"SILVECO NanoSkin Protection Aerosol zur Pflege und Regeneration der Haut - Silveco","robots":{"index":"index","follow":"follow","max-snippet":"max-snippet:-1","max-image-preview":"max-image-preview:large","max-video-preview":"max-video-preview:-1"},"canonical":"https:\/\/silveco.eu\/produkt\/silveco-skin-protection\/","og_locale":"de_DE","og_type":"article","og_title":"SILVECO NanoSkin Protection Aerosol zur Pflege und Regeneration der Haut - Silveco","og_description":"Schutzspray mit aktiven Silbernanopartikeln zur Anwendung auf der Haut von Nutztieren. Dank der biologischen Aktivit\u00e4t von Silber bildet er eine Schutzschicht, die die nachteiligen Auswirkungen von Umweltfaktoren verhindert. Ein Produkt mit breitem Wirkungsspektrum.  Antibakterielle und antimykotische Wirkung von Silber  Hautschutz nach Verletzungen und Behandlungen  Unterst\u00fctzung nat\u00fcrlicher Hautregenerationsprozesse  Ohne Antibiotika  Einfache Anwendung Verpackung: Aerosol 250 ml","og_url":"https:\/\/silveco.eu\/produkt\/silveco-skin-protection\/","og_site_name":"Silveco","article_modified_time":"2025-11-26T19:50:50+00:00","twitter_card":"summary_large_image","schema":{"@context":"https:\/\/schema.org","@graph":[{"@type":"WebPage","@id":"https:\/\/silveco.eu\/produkt\/silveco-skin-protection\/","url":"https:\/\/silveco.eu\/produkt\/silveco-skin-protection\/","name":"SILVECO NanoSkin Protection Aerosol zur Pflege und Regeneration der Haut - Silveco","isPartOf":{"@id":"https:\/\/silveco.eu\/#website"},"primaryImageOfPage":{"@id":"https:\/\/silveco.eu\/produkt\/silveco-skin-protection\/#primaryimage"},"image":{"@id":"https:\/\/silveco.eu\/produkt\/silveco-skin-protection\/#primaryimage"},"thumbnailUrl":"https:\/\/silveco.eu\/wp-content\/uploads\/2023\/05\/skin_bov-1.png","datePublished":"2023-05-15T08:08:07+00:00","dateModified":"2025-11-26T19:50:50+00:00","breadcrumb":{"@id":"https:\/\/silveco.eu\/produkt\/silveco-skin-protection\/#breadcrumb"},"inLanguage":"de","potentialAction":[{"@type":"ReadAction","target":["https:\/\/silveco.eu\/produkt\/silveco-skin-protection\/"]}]},{"@type":"ImageObject","inLanguage":"de","@id":"https:\/\/silveco.eu\/produkt\/silveco-skin-protection\/#primaryimage","url":"https:\/\/silveco.eu\/wp-content\/uploads\/2023\/05\/skin_bov-1.png","contentUrl":"https:\/\/silveco.eu\/wp-content\/uploads\/2023\/05\/skin_bov-1.png","width":800,"height":800},{"@type":"BreadcrumbList","@id":"https:\/\/silveco.eu\/produkt\/silveco-skin-protection\/#breadcrumb","itemListElement":[{"@type":"ListItem","position":1,"name":"Strona g\u0142\u00f3wna","item":"https:\/\/silveco.eu\/de\/"},{"@type":"ListItem","position":2,"name":"Sklep","item":"https:\/\/silveco.eu\/sklep\/"},{"@type":"ListItem","position":3,"name":"SILVECO Skin Protection"}]},{"@type":"WebSite","@id":"https:\/\/silveco.eu\/#website","url":"https:\/\/silveco.eu\/","name":"Silveco","description":"Twoje wsparcie w hodowli","publisher":{"@id":"https:\/\/silveco.eu\/#organization"},"potentialAction":[{"@type":"SearchAction","target":{"@type":"EntryPoint","urlTemplate":"https:\/\/silveco.eu\/?s={search_term_string}"},"query-input":{"@type":"PropertyValueSpecification","valueRequired":true,"valueName":"search_term_string"}}],"inLanguage":"de"},{"@type":"Organization","@id":"https:\/\/silveco.eu\/#organization","name":"Silveco","url":"https:\/\/silveco.eu\/","logo":{"@type":"ImageObject","inLanguage":"de","@id":"https:\/\/silveco.eu\/#\/schema\/logo\/image\/","url":"https:\/\/silveco.eu\/wp-content\/uploads\/2023\/03\/image-16.svg","contentUrl":"https:\/\/silveco.eu\/wp-content\/uploads\/2023\/03\/image-16.svg","width":217,"height":40,"caption":"Silveco"},"image":{"@id":"https:\/\/silveco.eu\/#\/schema\/logo\/image\/"}}]}},"_links":{"self":[{"href":"https:\/\/silveco.eu\/de\/wp-json\/wp\/v2\/product\/2878","targetHints":{"allow":["GET"]}}],"collection":[{"href":"https:\/\/silveco.eu\/de\/wp-json\/wp\/v2\/product"}],"about":[{"href":"https:\/\/silveco.eu\/de\/wp-json\/wp\/v2\/types\/product"}],"replies":[{"embeddable":true,"href":"https:\/\/silveco.eu\/de\/wp-json\/wp\/v2\/comments?post=2878"}],"wp:featuredmedia":[{"embeddable":true,"href":"https:\/\/silveco.eu\/de\/wp-json\/wp\/v2\/media\/4458"}],"wp:attachment":[{"href":"https:\/\/silveco.eu\/de\/wp-json\/wp\/v2\/media?parent=2878"}],"wp:term":[{"taxonomy":"product_brand","embeddable":true,"href":"https:\/\/silveco.eu\/de\/wp-json\/wp\/v2\/product_brand?post=2878"},{"taxonomy":"product_cat","embeddable":true,"href":"https:\/\/silveco.eu\/de\/wp-json\/wp\/v2\/product_cat?post=2878"},{"taxonomy":"product_tag","embeddable":true,"href":"https:\/\/silveco.eu\/de\/wp-json\/wp\/v2\/product_tag?post=2878"}],"curies":[{"name":"wp","href":"https:\/\/api.w.org\/{rel}","templated":true}]}}