{"id":2879,"date":"2023-05-15T09:25:49","date_gmt":"2023-05-15T07:25:49","guid":{"rendered":"https:\/\/silveco.eu\/produkt\/silveco-derm\/"},"modified":"2025-11-28T02:29:48","modified_gmt":"2025-11-28T01:29:48","slug":"silveco-derm","status":"publish","type":"product","link":"https:\/\/silveco.eu\/de\/produkt\/silveco-derm\/","title":{"rendered":"SILVECO NanoDerm Aerosol f\u00fcr Haut und Hufe"},"content":{"rendered":"\n<div class=\"wp-block-group has-global-padding is-layout-constrained wp-block-group-is-layout-constrained\">\n<div class=\"wp-block-group has-global-padding is-layout-constrained wp-block-group-is-layout-constrained\">\n<div class=\"wp-block-group benefits-section has-light-grey-fade-gradient-background has-background has-global-padding is-layout-constrained wp-container-core-group-is-layout-9ad842e3 wp-block-group-is-layout-constrained\" style=\"border-radius:24px;margin-bottom:var(--wp--preset--spacing--70);padding-top:64px;padding-right:16px;padding-bottom:64px;padding-left:16px\">\n<h2 class=\"wp-block-heading has-text-align-center has-violet-color has-text-color has-huge-font-size\">Die wichtigsten <mark style=\"background-color:rgba(0, 0, 0, 0)\" class=\"has-inline-color has-primary-color\">Vorteile:<\/mark><\/h2>\n\n\n\n<div class=\"wp-block-group benefits-section__icon-boxes is-content-justification-space-between is-nowrap is-layout-flex wp-container-core-group-is-layout-62a6d66b wp-block-group-is-layout-flex\" style=\"padding-right:80px;padding-left:80px\">\n<div class=\"wp-block-media-text alignwide is-stacked-on-mobile is-vertically-aligned-center\"><figure class=\"wp-block-media-text__media\"><img loading=\"lazy\" decoding=\"async\" width=\"161\" height=\"161\" src=\"https:\/\/silveco.eu\/wp-content\/uploads\/2023\/05\/Bioasekuracja.png\" alt=\"\" class=\"wp-image-1520 size-full\" srcset=\"https:\/\/silveco.eu\/wp-content\/uploads\/2023\/05\/Bioasekuracja.png 161w, https:\/\/silveco.eu\/wp-content\/uploads\/2023\/05\/Bioasekuracja-100x100.png 100w\" sizes=\"auto, (max-width: 161px) 100vw, 161px\" \/><\/figure><div class=\"wp-block-media-text__content\">\n<p>Desinfektion und Regeneration<\/p>\n<\/div><\/div>\n\n\n\n<div class=\"wp-block-media-text alignwide is-stacked-on-mobile is-vertically-aligned-center\"><figure class=\"wp-block-media-text__media\"><img loading=\"lazy\" decoding=\"async\" width=\"161\" height=\"160\" src=\"https:\/\/silveco.eu\/wp-content\/uploads\/2023\/05\/Warstwa-ochronna.png\" alt=\"\" class=\"wp-image-1568 size-full\" srcset=\"https:\/\/silveco.eu\/wp-content\/uploads\/2023\/05\/Warstwa-ochronna.png 161w, https:\/\/silveco.eu\/wp-content\/uploads\/2023\/05\/Warstwa-ochronna-100x100.png 100w\" sizes=\"auto, (max-width: 161px) 100vw, 161px\" \/><\/figure><div class=\"wp-block-media-text__content\">\n<p>Bildet eine Schutzschicht<\/p>\n<\/div><\/div>\n\n\n\n<div class=\"wp-block-media-text alignwide is-stacked-on-mobile is-vertically-aligned-center\"><figure class=\"wp-block-media-text__media\"><img loading=\"lazy\" decoding=\"async\" width=\"161\" height=\"160\" src=\"https:\/\/silveco.eu\/wp-content\/themes\/silveco\/assets\/images\/active_silver_ICON160.webp\" alt=\"\" class=\"wp-image-1010 size-full\"\/><\/figure><div class=\"wp-block-media-text__content\">\n<p>Aktive Formen von Silber<\/p>\n<\/div><\/div>\n\n\n\n<div class=\"wp-block-media-text alignwide is-stacked-on-mobile is-vertically-aligned-center\"><figure class=\"wp-block-media-text__media\"><img loading=\"lazy\" decoding=\"async\" width=\"161\" height=\"160\" src=\"https:\/\/silveco.eu\/wp-content\/uploads\/2023\/05\/Fioletowy.png\" alt=\"\" class=\"wp-image-1528 size-full\" srcset=\"https:\/\/silveco.eu\/wp-content\/uploads\/2023\/05\/Fioletowy.png 161w, https:\/\/silveco.eu\/wp-content\/uploads\/2023\/05\/Fioletowy-100x100.png 100w\" sizes=\"auto, (max-width: 161px) 100vw, 161px\" \/><\/figure><div class=\"wp-block-media-text__content\">\n<p>Violetter Farbstoff<\/p>\n<\/div><\/div>\n\n\n\n<div class=\"wp-block-media-text alignwide is-stacked-on-mobile is-vertically-aligned-center\"><figure class=\"wp-block-media-text__media\"><img loading=\"lazy\" decoding=\"async\" width=\"161\" height=\"161\" src=\"https:\/\/silveco.eu\/wp-content\/uploads\/2023\/05\/Dlugotrwala-ochrona.png\" alt=\"\" class=\"wp-image-1524 size-full\" srcset=\"https:\/\/silveco.eu\/wp-content\/uploads\/2023\/05\/Dlugotrwala-ochrona.png 161w, https:\/\/silveco.eu\/wp-content\/uploads\/2023\/05\/Dlugotrwala-ochrona-100x100.png 100w\" sizes=\"auto, (max-width: 161px) 100vw, 161px\" \/><\/figure><div class=\"wp-block-media-text__content\">\n<p>Langanhaltender Schutz<\/p>\n<\/div><\/div>\n<\/div>\n<\/div>\n<\/div>\n\n\n\n<div class=\"wp-block-group container pt-5 has-global-padding is-layout-constrained wp-block-group-is-layout-constrained\">\n<div class=\"wp-block-columns are-vertically-aligned-center is-layout-flex wp-container-core-columns-is-layout-28f84493 wp-block-columns-is-layout-flex\">\n<div class=\"wp-block-column is-vertically-aligned-center is-layout-flow wp-block-column-is-layout-flow\">\n<h2 class=\"wp-block-heading fs-48\" style=\"font-style:normal;font-weight:800;line-height:1.2\">Anwendung: <\/h2>\n\n\n\n<h3 class=\"wp-block-heading has-text-color\" style=\"color:#804280;font-size:clamp(0.929rem, 0.929rem + ((1vw - 0.2rem) * 0.673), 1.4rem);\">Nach zootechnischen Verfahren<\/h3>\n\n\n\n<ul class=\"wp-block-list\">\n<li>Kastration von Ebern<\/li>\n\n\n\n<li>Sicherung der Nabelschnur<\/li>\n\n\n\n<li>Sicherung postoperativer Wunden<\/li>\n<\/ul>\n\n\n\n<h3 class=\"wp-block-heading has-text-color\" style=\"color:#804280;font-size:clamp(0.929rem, 0.929rem + ((1vw - 0.2rem) * 0.673), 1.4rem);\">Hautsch\u00e4den<\/h3>\n\n\n\n<ul class=\"wp-block-list\">\n<li>Wunden durch Kannibalismus<\/li>\n\n\n\n<li>Alle Arten von Absch\u00fcrfungen und Druckstellen<\/li>\n\n\n\n<li>Bakterielle und durch Pilzinfektionen bedingte Hautver\u00e4nderungen<\/li>\n<\/ul>\n\n\n\n<h3 class=\"wp-block-heading has-primary-color has-text-color\" style=\"font-size:clamp(0.929rem, 0.929rem + ((1vw - 0.2rem) * 0.673), 1.4rem);\">Bei Hufkorrektur empfohlen als:<\/h3>\n\n\n\n<h3 class=\"wp-block-heading has-text-color\" style=\"color:#804280;font-size:clamp(0.929rem, 0.929rem + ((1vw - 0.2rem) * 0.673), 1.4rem);\">Selbst\u00e4ndiges Mittel<\/h3>\n\n\n\n<p class=\"fs-14\">Nach Korrektur gesunder Hufe, sowie Enthornung. Bildet eine Schutzschicht, die besonders exponierte, frisch offengelegte Gewebe sch\u00fctzt. Sch\u00fctzt vor dem Eindringen und der Entwicklung von Mikroorganismen.<\/p>\n\n\n\n<h3 class=\"wp-block-heading has-text-color\" style=\"color:#804280;font-size:clamp(0.929rem, 0.929rem + ((1vw - 0.2rem) * 0.673), 1.4rem);\">Unterst\u00fctzendes Mittel<\/h3>\n\n\n\n<p>Wenn sich L\u00e4sionen in der Haut oder im Bereich des Klauenhorns befinden, um den Heilungs- und Regenerationsprozess zu desinfizieren und zu beschleunigen. Vor dem Auftragen von Silveco Creme oder Silveco Gel auftragen.<\/p>\n<\/div>\n\n\n\n<div class=\"wp-block-column is-vertically-aligned-center is-layout-flow wp-block-column-is-layout-flow\">\n<figure class=\"wp-block-gallery has-nested-images columns-default is-cropped wp-block-gallery-1 is-layout-flex wp-block-gallery-is-layout-flex\">\n<figure class=\"wp-block-image size-full\"><img decoding=\"async\" src=\"https:\/\/silveco.eu\/wp-content\/themes\/silveco\/assets\/images\/derm_racica.webp\" alt=\"\"\/><\/figure>\n<\/figure>\n<\/div>\n<\/div>\n<\/div>\n\n\n\n<h2 class=\"wp-block-heading\" style=\"font-size:clamp(17.905px, 1.119rem + ((1vw - 3.2px) * 0.901), 28px);\">Hautschutz-Aerosol<\/h2>\n\n\n\n<p>Die Gesundheit und das Wohlergehen von Schweinen h\u00e4ngt von vielen Faktoren ab, und die richtige Hygiene und der Schutz von Wunden und Hautverletzungen spielen eine Schl\u00fcsselrolle bei der Verhinderung von Infektionen und Krankheiten. In der Schweinehaltung sind die Desinfektion von Schweinen\u00e4geln, der sofortige Schutz von Wunden nach tierz\u00fcchterischen Eingriffen und der wirksame Schutz vor dem Problem des Kannibalismus in der Herde von besonderer Bedeutung. Die richtigen Desinfektions- und Regenerationsmittel, wie Silveco NanoDerm, bieten einen umfassenden Hautschutz, der vor dem Eindringen von Krankheitserregern sch\u00fctzt und nat\u00fcrliche Regenerationsprozesse f\u00f6rdert.  <\/p>\n\n\n\n<h2 class=\"wp-block-heading\" style=\"font-size:clamp(17.905px, 1.119rem + ((1vw - 3.2px) * 0.901), 28px);\">Desinfektion von Schweinen<\/h2>\n\n\n\n<p>Die Desinfektion von Schweinen ist ein wichtiger Bestandteil der Gesundheitspr\u00e4vention in der Herde. Sie tr\u00e4gt dazu bei, die Ausbreitung von bakteriellen, viralen und Pilzkrankheiten zu verringern. Die regelm\u00e4\u00dfige und wirksame Desinfektion von Schweinen sch\u00fctzt die Tiere vor Hautinfektionen, Klauenkrankheiten und Problemen infolge mechanischer Verletzungen wie Wunden nach tierz\u00fcchterischen Eingriffen.  <\/p>\n\n\n\n<p>Bei der Vorbereitung zur Desinfektion von Schweinen ist zu beachten, dass nicht jedes Produkt f\u00fcr die Verwendung bei Schweinen geeignet ist. Es ist daher unbedingt erforderlich, die Anweisungen des Herstellers des Pr\u00e4parats zu befolgen. Formulierungen, die aktive Formen von Silber enthalten, wie Silveco NanoDerm<strong>,<\/strong> bieten ein breites Spektrum an desinfizierender Wirkung und k\u00f6nnen daher in einem breiten Spektrum von Anwendungen eingesetzt werden, wie z. B.:  <\/p>\n\n\n\n<ul class=\"wp-block-list\">\n<li>Desinfektion von Schweined\u00e4rmen,<\/li>\n\n\n\n<li>Pr\u00e4ventive Desinfektion von Schweinen,<\/li>\n\n\n\n<li>Desinfektion von Wunden und Hautverletzungen, <\/li>\n\n\n\n<li>Desinfektion nach zootechnischen Behandlungen,<\/li>\n\n\n\n<li>Verhinderung von Kannibalismus. <\/li>\n<\/ul>\n\n\n\n<h2 class=\"wp-block-heading\" style=\"font-size:clamp(17.905px, 1.119rem + ((1vw - 3.2px) * 0.901), 28px);\">Kannibalismus-Spray<\/h2>\n\n\n\n<p>Kannibalismus bei Schweinen ist ein gro\u00dfes Problem. Er kann zu schweren Hautverletzungen, Wunden und Infektionen und in extremen F\u00e4llen zu schweren Zuchtverlusten f\u00fchren. Am h\u00e4ufigsten manifestiert sie sich durch das Bei\u00dfen in Ohren, Schw\u00e4nze und Wunden am K\u00f6rper anderer Tiere in der Herde. Faktoren wie Stress, \u00dcberbelegung, N\u00e4hrstoffmangel oder schlechte Umweltbedingungen k\u00f6nnen dieses Ph\u00e4nomen verschlimmern. Mit einem wirksamen Spray gegen Kannibalismus kann das Risiko von Aggressionen verringert und die gesch\u00e4digte Haut vor Infektionen gesch\u00fctzt werden.Silveco NanoDerm als Spray gegen Kannibalismus schafft eine Schutzschicht, die Geruchsreize begrenzt und das Interesse anderer Individuen an der gesch\u00e4digten Stelle verringert. Gleichzeitig haben die Inhaltsstoffe der Formulierung eine aktive desinfizierende Wirkung,     <s> <\/s>eliminieren Krankheitserreger und sch\u00fctzen die Wunde vor Infektionen. Silveco NanoDerm beschleunigt auch die Wundheilung. <\/p>\n\n\n\n<div class=\"wp-block-group mb-40 container has-global-padding is-layout-constrained wp-block-group-is-layout-constrained\">\n<h2 class=\"wp-block-heading has-text-align-center fs-64\"><mark style=\"background-color:rgba(0, 0, 0, 0)\" class=\"has-inline-color has-primary-color\">Zus\u00e4tzliche<\/mark> <mark style=\"background-color:rgba(0, 0, 0, 0)\" class=\"has-inline-color has-secondary-color\">Informationen<\/mark>:<\/h2>\n\n\n\n<p class=\"has-text-align-center fs-14\">Silveco Derm ist das Ergebnis jahrelanger Forschung und Feldversuche. Die effektive Wirkung des Produkts wurde von erfahrenen Hufkorrekturspezialisten best\u00e4tigt. Nach dem Auftragen verdunstet SILVECO Derm schnell und hinterl\u00e4sst eine d\u00fcnne Schutzschicht, und dank der Verwendung von Farbstoff erm\u00f6glicht es eine einfache Identifizierung der Stellen, an denen es verwendet wurde.  <\/p>\n\n\n\n<h3 class=\"wp-block-heading has-text-align-center\" style=\"font-size:clamp(14.642px, 0.915rem + ((1vw - 3.2px) * 0.657), 22px);\"><strong>Kupfersulfatfrei!<\/strong><\/h3>\n<\/div>\n<\/div>\n","protected":false},"excerpt":{"rendered":"<h3><span style=\"color: #38aa45;\">Schutzspray, Schutz der Haut und der Hufe nach Korrekturverfahren und Unterst\u00fctzung von Regenerationsprozessen.<\/span><\/h3>\n<h3><span style=\"color: #800080;\"><span style=\"color: #804280;\">Ideal zur Korrektur von Hufen und bei Kannibalismus unter Schweinen.<\/span><\/span><\/h3>\n<p class=\"fs-14\">Seine einzigartigen Eigenschaften sch\u00fctzen besch\u00e4digtes Gewebe vor den negativen Auswirkungen von Krankheitserregern, die in der Umwelt im Zusammenhang mit dem Dasein von Nutztieren auftreten. Dank des hohen Gehalts an aktiven Silberformen wirkt der Spray desinfizierend auf Wunden.<\/p>\n<ul class=\"fs-14\">\n<li>Antibakterielle und antimykotische Wirkung von Silber<\/li>\n<li>Hautschutz nach Verletzungen und Behandlungen<\/li>\n<li>Unterst\u00fctzung nat\u00fcrlicher Hautregenerationsprozesse<\/li>\n<li>Ohne Antibiotika<\/li>\n<li>Einfache Anwendung<\/li>\n<\/ul>\n","protected":false},"featured_media":3822,"comment_status":"open","ping_status":"closed","template":"","meta":{"_acf_changed":false,"inline_featured_image":false},"product_brand":[],"product_cat":[106,108],"product_tag":[],"class_list":{"0":"post-2879","1":"product","2":"type-product","3":"status-publish","4":"has-post-thumbnail","6":"product_cat-hauthygiene-von-nutztieren","7":"product_cat-korrektur-der-hufe","9":"first","10":"instock","11":"shipping-taxable","12":"product-type-simple"},"acf":[],"yoast_head":"<!-- This site is optimized with the Yoast SEO plugin v26.4 - https:\/\/yoast.com\/wordpress\/plugins\/seo\/ -->\n<title>SILVECO NanoDerm Aerosol f\u00fcr Haut und Hufe - Silveco<\/title>\n<meta name=\"robots\" content=\"index, follow, max-snippet:-1, max-image-preview:large, max-video-preview:-1\" \/>\n<link rel=\"canonical\" href=\"https:\/\/silveco.eu\/de\/produkt\/silveco-derm\/\" \/>\n<meta property=\"og:locale\" content=\"de_DE\" \/>\n<meta property=\"og:type\" content=\"article\" \/>\n<meta property=\"og:title\" content=\"SILVECO NanoDerm Aerosol f\u00fcr Haut und Hufe - Silveco\" \/>\n<meta property=\"og:description\" content=\"Schutzspray, Schutz der Haut und der Hufe nach Korrekturverfahren und Unterst\u00fctzung von Regenerationsprozessen. Ideal zur Korrektur von Hufen und bei Kannibalismus unter Schweinen. Seine einzigartigen Eigenschaften sch\u00fctzen besch\u00e4digtes Gewebe vor den negativen Auswirkungen von Krankheitserregern, die in der Umwelt im Zusammenhang mit dem Dasein von Nutztieren auftreten. Dank des hohen Gehalts an aktiven Silberformen wirkt der Spray desinfizierend auf Wunden.   Antibakterielle und antimykotische Wirkung von Silber  Hautschutz nach Verletzungen und Behandlungen  Unterst\u00fctzung nat\u00fcrlicher Hautregenerationsprozesse  Ohne Antibiotika  Einfache Anwendung\" \/>\n<meta property=\"og:url\" content=\"https:\/\/silveco.eu\/de\/produkt\/silveco-derm\/\" \/>\n<meta property=\"og:site_name\" content=\"Silveco\" \/>\n<meta property=\"article:modified_time\" content=\"2025-11-28T01:29:48+00:00\" \/>\n<meta property=\"og:image\" content=\"https:\/\/silveco.eu\/wp-content\/uploads\/2024\/01\/derm-800x800-1.png\" \/>\n\t<meta property=\"og:image:width\" content=\"800\" \/>\n\t<meta property=\"og:image:height\" content=\"800\" \/>\n\t<meta property=\"og:image:type\" content=\"image\/png\" \/>\n<meta name=\"twitter:card\" content=\"summary_large_image\" \/>\n<meta name=\"twitter:label1\" content=\"Gesch\u00e4tzte Lesezeit\" \/>\n\t<meta name=\"twitter:data1\" content=\"1\u00a0Minute\" \/>\n<script type=\"application\/ld+json\" class=\"yoast-schema-graph\">{\"@context\":\"https:\/\/schema.org\",\"@graph\":[{\"@type\":\"WebPage\",\"@id\":\"https:\/\/silveco.eu\/de\/produkt\/silveco-derm\/\",\"url\":\"https:\/\/silveco.eu\/de\/produkt\/silveco-derm\/\",\"name\":\"SILVECO NanoDerm Aerosol f\u00fcr Haut und Hufe - Silveco\",\"isPartOf\":{\"@id\":\"https:\/\/silveco.eu\/#website\"},\"primaryImageOfPage\":{\"@id\":\"https:\/\/silveco.eu\/de\/produkt\/silveco-derm\/#primaryimage\"},\"image\":{\"@id\":\"https:\/\/silveco.eu\/de\/produkt\/silveco-derm\/#primaryimage\"},\"thumbnailUrl\":\"https:\/\/silveco.eu\/wp-content\/uploads\/2024\/01\/derm-800x800-1.png\",\"datePublished\":\"2023-05-15T07:25:49+00:00\",\"dateModified\":\"2025-11-28T01:29:48+00:00\",\"breadcrumb\":{\"@id\":\"https:\/\/silveco.eu\/de\/produkt\/silveco-derm\/#breadcrumb\"},\"inLanguage\":\"de\",\"potentialAction\":[{\"@type\":\"ReadAction\",\"target\":[\"https:\/\/silveco.eu\/de\/produkt\/silveco-derm\/\"]}]},{\"@type\":\"ImageObject\",\"inLanguage\":\"de\",\"@id\":\"https:\/\/silveco.eu\/de\/produkt\/silveco-derm\/#primaryimage\",\"url\":\"https:\/\/silveco.eu\/wp-content\/uploads\/2024\/01\/derm-800x800-1.png\",\"contentUrl\":\"https:\/\/silveco.eu\/wp-content\/uploads\/2024\/01\/derm-800x800-1.png\",\"width\":800,\"height\":800},{\"@type\":\"BreadcrumbList\",\"@id\":\"https:\/\/silveco.eu\/de\/produkt\/silveco-derm\/#breadcrumb\",\"itemListElement\":[{\"@type\":\"ListItem\",\"position\":1,\"name\":\"Strona g\u0142\u00f3wna\",\"item\":\"https:\/\/silveco.eu\/de\/\"},{\"@type\":\"ListItem\",\"position\":2,\"name\":\"Sklep\",\"item\":\"https:\/\/silveco.eu\/sklep\/\"},{\"@type\":\"ListItem\",\"position\":3,\"name\":\"SILVECO Derm\"}]},{\"@type\":\"WebSite\",\"@id\":\"https:\/\/silveco.eu\/#website\",\"url\":\"https:\/\/silveco.eu\/\",\"name\":\"Silveco\",\"description\":\"Twoje wsparcie w hodowli\",\"publisher\":{\"@id\":\"https:\/\/silveco.eu\/#organization\"},\"potentialAction\":[{\"@type\":\"SearchAction\",\"target\":{\"@type\":\"EntryPoint\",\"urlTemplate\":\"https:\/\/silveco.eu\/?s={search_term_string}\"},\"query-input\":{\"@type\":\"PropertyValueSpecification\",\"valueRequired\":true,\"valueName\":\"search_term_string\"}}],\"inLanguage\":\"de\"},{\"@type\":\"Organization\",\"@id\":\"https:\/\/silveco.eu\/#organization\",\"name\":\"Silveco\",\"url\":\"https:\/\/silveco.eu\/\",\"logo\":{\"@type\":\"ImageObject\",\"inLanguage\":\"de\",\"@id\":\"https:\/\/silveco.eu\/#\/schema\/logo\/image\/\",\"url\":\"https:\/\/silveco.eu\/wp-content\/uploads\/2023\/03\/image-16.svg\",\"contentUrl\":\"https:\/\/silveco.eu\/wp-content\/uploads\/2023\/03\/image-16.svg\",\"width\":217,\"height\":40,\"caption\":\"Silveco\"},\"image\":{\"@id\":\"https:\/\/silveco.eu\/#\/schema\/logo\/image\/\"}}]}<\/script>\n<!-- \/ Yoast SEO plugin. -->","yoast_head_json":{"title":"SILVECO NanoDerm Aerosol f\u00fcr Haut und Hufe - Silveco","robots":{"index":"index","follow":"follow","max-snippet":"max-snippet:-1","max-image-preview":"max-image-preview:large","max-video-preview":"max-video-preview:-1"},"canonical":"https:\/\/silveco.eu\/de\/produkt\/silveco-derm\/","og_locale":"de_DE","og_type":"article","og_title":"SILVECO NanoDerm Aerosol f\u00fcr Haut und Hufe - Silveco","og_description":"Schutzspray, Schutz der Haut und der Hufe nach Korrekturverfahren und Unterst\u00fctzung von Regenerationsprozessen. Ideal zur Korrektur von Hufen und bei Kannibalismus unter Schweinen. Seine einzigartigen Eigenschaften sch\u00fctzen besch\u00e4digtes Gewebe vor den negativen Auswirkungen von Krankheitserregern, die in der Umwelt im Zusammenhang mit dem Dasein von Nutztieren auftreten. Dank des hohen Gehalts an aktiven Silberformen wirkt der Spray desinfizierend auf Wunden.   Antibakterielle und antimykotische Wirkung von Silber  Hautschutz nach Verletzungen und Behandlungen  Unterst\u00fctzung nat\u00fcrlicher Hautregenerationsprozesse  Ohne Antibiotika  Einfache Anwendung","og_url":"https:\/\/silveco.eu\/de\/produkt\/silveco-derm\/","og_site_name":"Silveco","article_modified_time":"2025-11-28T01:29:48+00:00","og_image":[{"width":800,"height":800,"url":"https:\/\/silveco.eu\/wp-content\/uploads\/2024\/01\/derm-800x800-1.png","type":"image\/png"}],"twitter_card":"summary_large_image","twitter_misc":{"Gesch\u00e4tzte Lesezeit":"1\u00a0Minute"},"schema":{"@context":"https:\/\/schema.org","@graph":[{"@type":"WebPage","@id":"https:\/\/silveco.eu\/de\/produkt\/silveco-derm\/","url":"https:\/\/silveco.eu\/de\/produkt\/silveco-derm\/","name":"SILVECO NanoDerm Aerosol f\u00fcr Haut und Hufe - Silveco","isPartOf":{"@id":"https:\/\/silveco.eu\/#website"},"primaryImageOfPage":{"@id":"https:\/\/silveco.eu\/de\/produkt\/silveco-derm\/#primaryimage"},"image":{"@id":"https:\/\/silveco.eu\/de\/produkt\/silveco-derm\/#primaryimage"},"thumbnailUrl":"https:\/\/silveco.eu\/wp-content\/uploads\/2024\/01\/derm-800x800-1.png","datePublished":"2023-05-15T07:25:49+00:00","dateModified":"2025-11-28T01:29:48+00:00","breadcrumb":{"@id":"https:\/\/silveco.eu\/de\/produkt\/silveco-derm\/#breadcrumb"},"inLanguage":"de","potentialAction":[{"@type":"ReadAction","target":["https:\/\/silveco.eu\/de\/produkt\/silveco-derm\/"]}]},{"@type":"ImageObject","inLanguage":"de","@id":"https:\/\/silveco.eu\/de\/produkt\/silveco-derm\/#primaryimage","url":"https:\/\/silveco.eu\/wp-content\/uploads\/2024\/01\/derm-800x800-1.png","contentUrl":"https:\/\/silveco.eu\/wp-content\/uploads\/2024\/01\/derm-800x800-1.png","width":800,"height":800},{"@type":"BreadcrumbList","@id":"https:\/\/silveco.eu\/de\/produkt\/silveco-derm\/#breadcrumb","itemListElement":[{"@type":"ListItem","position":1,"name":"Strona g\u0142\u00f3wna","item":"https:\/\/silveco.eu\/de\/"},{"@type":"ListItem","position":2,"name":"Sklep","item":"https:\/\/silveco.eu\/sklep\/"},{"@type":"ListItem","position":3,"name":"SILVECO Derm"}]},{"@type":"WebSite","@id":"https:\/\/silveco.eu\/#website","url":"https:\/\/silveco.eu\/","name":"Silveco","description":"Twoje wsparcie w hodowli","publisher":{"@id":"https:\/\/silveco.eu\/#organization"},"potentialAction":[{"@type":"SearchAction","target":{"@type":"EntryPoint","urlTemplate":"https:\/\/silveco.eu\/?s={search_term_string}"},"query-input":{"@type":"PropertyValueSpecification","valueRequired":true,"valueName":"search_term_string"}}],"inLanguage":"de"},{"@type":"Organization","@id":"https:\/\/silveco.eu\/#organization","name":"Silveco","url":"https:\/\/silveco.eu\/","logo":{"@type":"ImageObject","inLanguage":"de","@id":"https:\/\/silveco.eu\/#\/schema\/logo\/image\/","url":"https:\/\/silveco.eu\/wp-content\/uploads\/2023\/03\/image-16.svg","contentUrl":"https:\/\/silveco.eu\/wp-content\/uploads\/2023\/03\/image-16.svg","width":217,"height":40,"caption":"Silveco"},"image":{"@id":"https:\/\/silveco.eu\/#\/schema\/logo\/image\/"}}]}},"_links":{"self":[{"href":"https:\/\/silveco.eu\/de\/wp-json\/wp\/v2\/product\/2879","targetHints":{"allow":["GET"]}}],"collection":[{"href":"https:\/\/silveco.eu\/de\/wp-json\/wp\/v2\/product"}],"about":[{"href":"https:\/\/silveco.eu\/de\/wp-json\/wp\/v2\/types\/product"}],"replies":[{"embeddable":true,"href":"https:\/\/silveco.eu\/de\/wp-json\/wp\/v2\/comments?post=2879"}],"wp:featuredmedia":[{"embeddable":true,"href":"https:\/\/silveco.eu\/de\/wp-json\/wp\/v2\/media\/3822"}],"wp:attachment":[{"href":"https:\/\/silveco.eu\/de\/wp-json\/wp\/v2\/media?parent=2879"}],"wp:term":[{"taxonomy":"product_brand","embeddable":true,"href":"https:\/\/silveco.eu\/de\/wp-json\/wp\/v2\/product_brand?post=2879"},{"taxonomy":"product_cat","embeddable":true,"href":"https:\/\/silveco.eu\/de\/wp-json\/wp\/v2\/product_cat?post=2879"},{"taxonomy":"product_tag","embeddable":true,"href":"https:\/\/silveco.eu\/de\/wp-json\/wp\/v2\/product_tag?post=2879"}],"curies":[{"name":"wp","href":"https:\/\/api.w.org\/{rel}","templated":true}]}}