{"id":2882,"date":"2023-05-15T09:15:24","date_gmt":"2023-05-15T07:15:24","guid":{"rendered":"https:\/\/silveco.eu\/produkt\/silveco-nanometri\/"},"modified":"2026-03-23T08:43:46","modified_gmt":"2026-03-23T07:43:46","slug":"silveco-nanometri","status":"publish","type":"product","link":"https:\/\/silveco.eu\/de\/produkt\/silveco-nanometri\/","title":{"rendered":"SILVECO NanoMetri Pr\u00e4parat zur Regeneration und Pflege der Fortpflanzungsorgane"},"content":{"rendered":"\n<div class=\"wp-block-group has-global-padding is-layout-constrained wp-block-group-is-layout-constrained\">\n<div class=\"wp-block-group has-global-padding is-layout-constrained wp-block-group-is-layout-constrained\">\n<div class=\"wp-block-group benefits-section has-light-grey-fade-gradient-background has-background has-global-padding is-layout-constrained wp-container-core-group-is-layout-9ad842e3 wp-block-group-is-layout-constrained\" style=\"border-radius:24px;margin-bottom:var(--wp--preset--spacing--70);padding-top:64px;padding-right:16px;padding-bottom:64px;padding-left:16px\">\n<h2 class=\"wp-block-heading has-text-align-center has-text-color has-huge-font-size\" style=\"color:#f2107a\">Die wichtigsten <mark style=\"background-color:rgba(0, 0, 0, 0)\" class=\"has-inline-color has-primary-color\">Vorteile:<\/mark><\/h2>\n\n\n\n<div class=\"wp-block-group benefits-section__icon-boxes is-content-justification-space-between is-nowrap is-layout-flex wp-container-core-group-is-layout-62a6d66b wp-block-group-is-layout-flex\" style=\"padding-right:80px;padding-left:80px\">\n<div class=\"wp-block-media-text alignwide is-stacked-on-mobile is-vertically-aligned-center\"><figure class=\"wp-block-media-text__media\"><img loading=\"lazy\" decoding=\"async\" width=\"160\" height=\"161\" src=\"https:\/\/silveco.eu\/wp-content\/uploads\/2023\/05\/Bezpieczny.png\" alt=\"\" class=\"wp-image-1518 size-full\" srcset=\"https:\/\/silveco.eu\/wp-content\/uploads\/2023\/05\/Bezpieczny.png 160w, https:\/\/silveco.eu\/wp-content\/uploads\/2023\/05\/Bezpieczny-100x100.png 100w\" sizes=\"auto, (max-width: 160px) 100vw, 160px\" \/><\/figure><div class=\"wp-block-media-text__content\">\n<p>Sicher<\/p>\n<\/div><\/div>\n\n\n\n<div class=\"wp-block-media-text alignwide is-stacked-on-mobile is-vertically-aligned-center\"><figure class=\"wp-block-media-text__media\"><img loading=\"lazy\" decoding=\"async\" width=\"160\" height=\"161\" src=\"https:\/\/silveco.eu\/wp-content\/uploads\/2023\/05\/Nietoksyczny.png\" alt=\"\" class=\"wp-image-1548 size-full\" srcset=\"https:\/\/silveco.eu\/wp-content\/uploads\/2023\/05\/Nietoksyczny.png 160w, https:\/\/silveco.eu\/wp-content\/uploads\/2023\/05\/Nietoksyczny-100x100.png 100w\" sizes=\"auto, (max-width: 160px) 100vw, 160px\" \/><\/figure><div class=\"wp-block-media-text__content\">\n<p>Ungiftig<\/p>\n<\/div><\/div>\n\n\n\n<div class=\"wp-block-media-text alignwide is-stacked-on-mobile is-vertically-aligned-center\"><figure class=\"wp-block-media-text__media\"><img loading=\"lazy\" decoding=\"async\" width=\"161\" height=\"160\" src=\"https:\/\/silveco.eu\/wp-content\/themes\/silveco\/assets\/images\/active_silver_ICON160.webp\" alt=\"\" class=\"wp-image-1010 size-full\"\/><\/figure><div class=\"wp-block-media-text__content\">\n<p>Aktive Formen von Silber<\/p>\n<\/div><\/div>\n\n\n\n<div class=\"wp-block-media-text alignwide is-stacked-on-mobile is-vertically-aligned-center\"><figure class=\"wp-block-media-text__media\"><img loading=\"lazy\" decoding=\"async\" width=\"161\" height=\"160\" src=\"https:\/\/silveco.eu\/wp-content\/themes\/silveco\/assets\/images\/Group-71.svg\" alt=\"\" class=\"wp-image-57 size-full\"\/><\/figure><div class=\"wp-block-media-text__content\">\n<p>Verbesserung der Gesundheit<br\/>und des Wohlbefindens<br\/>von Tieren<\/p>\n<\/div><\/div>\n\n\n\n<div class=\"wp-block-media-text alignwide is-stacked-on-mobile is-vertically-aligned-center\"><figure class=\"wp-block-media-text__media\"><img loading=\"lazy\" decoding=\"async\" width=\"161\" height=\"161\" src=\"https:\/\/silveco.eu\/wp-content\/uploads\/2023\/05\/Polska.png\" alt=\"\" class=\"wp-image-1554 size-full\" srcset=\"https:\/\/silveco.eu\/wp-content\/uploads\/2023\/05\/Polska.png 161w, https:\/\/silveco.eu\/wp-content\/uploads\/2023\/05\/Polska-100x100.png 100w\" sizes=\"auto, (max-width: 161px) 100vw, 161px\" \/><\/figure><div class=\"wp-block-media-text__content\">\n<p>Polnisches Produkt<\/p>\n<\/div><\/div>\n<\/div>\n<\/div>\n<\/div>\n\n\n\n<div class=\"wp-block-group benefits-section container mb-40 has-global-padding is-layout-constrained wp-block-group-is-layout-constrained\">\n<div class=\"wp-block-group benefits-section__icon-boxes has-global-padding is-layout-constrained wp-block-group-is-layout-constrained\"><\/div>\n<\/div>\n\n\n\n<div class=\"wp-block-group container pt-5 has-global-padding is-layout-constrained wp-block-group-is-layout-constrained\">\n<div class=\"wp-block-columns are-vertically-aligned-center is-layout-flex wp-container-core-columns-is-layout-28f84493 wp-block-columns-is-layout-flex\">\n<div class=\"wp-block-column is-vertically-aligned-center is-layout-flow wp-block-column-is-layout-flow\">\n<h2 class=\"wp-block-heading fs-48 has-text-color\" style=\"color:#f2107a;font-style:normal;font-weight:800;line-height:1.2\">Anwendung: <\/h2>\n\n\n\n<p class=\"fs-14\">Silveco NanoMetri ist die ideale Unterst\u00fctzung bei der Behandlung von subklinischer und klinischer Geb\u00e4rmutterentz\u00fcndung (Metritis) und eitriger Geb\u00e4rmutterentz\u00fcndung (Pyometra). Es unterst\u00fctzt auch perfekt die Behandlung von Geb\u00e4rmutterhalsentz\u00fcndung (Zervizitis) und allen Infektionen, die durch Bakterien und Pilze verursacht werden.<\/p>\n\n\n\n<h3 class=\"wp-block-heading fs-14\">Beeintr\u00e4chtigt das pH-Gleichgewicht der Fortpflanzungsorgane nicht, ist v\u00f6llig unbedenklich f\u00fcr Tiere und Menschen. <br\/>Ungiftiges Produkt.<\/h3>\n\n\n\n<h3 class=\"wp-block-heading has-text-color\" style=\"color:#f2107a;font-size:clamp(0.929rem, 0.929rem + ((1vw - 0.2rem) * 0.673), 1.4rem);\"><mark style=\"background-color:rgba(0, 0, 0, 0)\" class=\"has-inline-color has-primary-color\">Dank der Verwendung aktiver Formen von Silber <\/mark> ist <br\/>eine wirksame Alternative zur Antibiotikatherapie <br\/>bei Geb\u00e4rmutterentz\u00fcndungen bei Rindern.<\/h3>\n<\/div>\n\n\n\n<div class=\"wp-block-column is-vertically-aligned-center is-layout-flow wp-block-column-is-layout-flow\">\n<figure class=\"wp-block-gallery has-nested-images columns-default is-cropped wp-block-gallery-1 is-layout-flex wp-block-gallery-is-layout-flex\">\n<figure class=\"wp-block-image size-full\"><img decoding=\"async\" src=\"https:\/\/silveco.eu\/wp-content\/themes\/silveco\/assets\/images\/portrait-cattleman-farmer-standing-front-cows-holding-tablet-farm-1.webp\" alt=\"\"\/><\/figure>\n<\/figure>\n<\/div>\n<\/div>\n\n\n\n<h3 class=\"wp-block-heading\" style=\"font-size:clamp(1.146rem, 1.146rem + ((1vw - 0.2rem) * 0.934), 1.8rem);\">Erfolgreiche Behandlung von klinischen Geb\u00e4rmutterentz\u00fcndungen<\/h3>\n\n\n\n<p>Silveco NanoMetri ist ein innovatives Pr\u00e4parat f\u00fcr die Regeneration und Pflege der Fortpflanzungsorgane bei Rindern, Schweinen und Pferden. Dank seiner fortschrittlichen Formel, die Silbernanopartikel, Allantoin, Milchs\u00e4ure, Natriumlactat und Aloe Vera enth\u00e4lt, bek\u00e4mpft das Produkt wirksam eine Vielzahl von bakteriellen und Pilzinfektionen. Silbernanopartikel sind f\u00fcr ihre starken antimikrobiellen Eigenschaften bekannt und machen unser Produkt zu einer wirksamen Alternative zu herk\u00f6mmlichen Antibiotika, die zur Behandlung von Geb\u00e4rmutterentz\u00fcndungen eingesetzt werden. Dieses Produkt hat nicht nur eine bakterient\u00f6tende Wirkung, sondern verhindert auch die weitere Entwicklung der Infektion, was eine gro\u00dfe Unterst\u00fctzung bei der Erhaltung der Gesundheit des Viehbestands ist. Es unterst\u00fctzt in idealer Weise den Prozess und die Aktivit\u00e4ten im Zusammenhang mit der Besamung von Tieren.    <\/p>\n\n\n\n<ul class=\"wp-block-list\">\n<li>Das im Pr\u00e4parat enthaltene Allantoin wirkt entz\u00fcndungshemmend, feuchtigkeitsspendend und beschleunigt den Wundheilungsprozess, was bei der Behandlung von klinischen Geb\u00e4rmutterentz\u00fcndungen \u00e4u\u00dferst wichtig ist.<\/li>\n\n\n\n<li>Milchs\u00e4ure wirkt als pH-Regulator, der f\u00fcr die Aufrechterhaltung des nat\u00fcrlichen Gleichgewichts der Mikroflora der Fortpflanzungsorgane unerl\u00e4sslich ist und gleichzeitig antibakterielle Eigenschaften besitzt. <\/li>\n\n\n\n<li>Natriumlactat unterst\u00fctzt die Wirkung der Milchs\u00e4ure und verst\u00e4rkt ihre antibakterielle Wirkung. <\/li>\n\n\n\n<li>Aloe vera, bekannt f\u00fcr seine beruhigenden, feuchtigkeitsspendenden und entz\u00fcndungshemmenden Eigenschaften, bietet zus\u00e4tzlichen Schutz und unterst\u00fctzt den Heilungsprozess. <\/li>\n<\/ul>\n\n\n\n<p>Alle diese Zutaten zusammen ergeben ein einzigartiges, ungiftiges und sicheres Pr\u00e4parat, das nicht nur heilt, sondern auch die Fortpflanzungsorgane des Tieres regeneriert. Sie k\u00f6nnen der polnischen Marke vertrauen. <\/p>\n\n\n\n<h3 class=\"wp-block-heading\" style=\"font-size:clamp(1.146rem, 1.146rem + ((1vw - 0.2rem) * 0.934), 1.8rem);\">Sichere Pr\u00e4parate zur Behandlung des Schwangerschaftsabbruchs bei K\u00fchen<\/h3>\n\n\n\n<p>Silveco NanoMetri ist ein Pr\u00e4parat , das bei der Behandlung von subklinischen und klinischen Erkrankungen weit verbreitet ist:<\/p>\n\n\n\n<ul class=\"wp-block-list\">\n<li>Entz\u00fcndung der Geb\u00e4rmutter (Metritis),<\/li>\n\n\n\n<li>eitrige Geb\u00e4rmutterentz\u00fcndung (Pyometra),<\/li>\n\n\n\n<li>Zervizitis (Geb\u00e4rmutterhalsentz\u00fcndung),<\/li>\n\n\n\n<li>Infektionen , die durch Bakterien und Pilze verursacht werden.<\/li>\n<\/ul>\n\n\n\n<p>Dank der Verwendung aktiver Silberformen bek\u00e4mpft Silveco NanoMetri nicht nur Infektionen, sondern beugt auch deren Wiederauftreten vor, was besonders bei Aborten bei K\u00fchen wichtig ist, die durch bakterielle Infektionen verursacht werden k\u00f6nnen.<\/p>\n\n\n\n<p>Dank Silveco NanoMetri k\u00f6nnen Z\u00fcchter sicher sein, dass ihre Tiere die bestm\u00f6gliche Versorgung erhalten, denn es beweist , dass bei bakteriellen Infektionen oder Entz\u00fcndungen nicht nur Antibiotika eingesetzt werden k\u00f6nnen .<\/p>\n\n\n\n<p>Als <a href=\"https:\/\/silveco.eu\/de\/\">Hersteller von Pr\u00e4paraten f\u00fcr  Tiere<\/a> bieten wir unter anderem auch Ku<a href=\"https:\/\/silveco.eu\/de\/turbospritzen-fuer-kuehe-anwendung\/\">h-Tubosticks u<\/a>nd Produkte zur <a href=\"https:\/\/silveco.eu\/de\/produkt-kategorie\/korrektur-der-hufe\/\"> Klauenkorrektur<\/a> an.<\/p>\n<\/div>\n<\/div>\n","protected":false},"excerpt":{"rendered":"<h3><span style=\"color: #38aa45;\">Vorbereitung auf die Regeneration und Pflege der Fortpflanzungsorgane<\/span><br \/>\n<span style=\"color: #38aa45;\">bei Rindern, Schweinen und Pferden.<\/span><\/h3>\n<ul class=\"fs-14\">\n<li>Silbernanopartikel mit antimikrobieller Wirkung<\/li>\n<li>Allantoin, das entz\u00fcndungshemmende, feuchtigkeitsspendende und heilende Eigenschaften hat<\/li>\n<li>Milchs\u00e4ure, die als pH-Regulator wirkt und auch<br \/>\nantibakterielleEigenschaften besitzt, unterst\u00fctzt durch das in der Zusammensetzung enthaltene Natriumlactat<br \/>\n.<\/li>\n<li>Aloe Vera mit beruhigenden, feuchtigkeitsspendenden und entz\u00fcndungshemmenden EigenschaftenZusammensetzung: Silber, Glycerin, Natriumlactat, Milchs\u00e4ure, Allantoin, Aloe Vera<br \/>\nVerpackung: 12 x 20 ml + 12 Handschuhe + 12 Katheter<\/li>\n<\/ul>\n<p>&nbsp;<\/p>\n","protected":false},"featured_media":3807,"comment_status":"open","ping_status":"closed","template":"","meta":{"_acf_changed":false,"inline_featured_image":false},"product_brand":[],"product_cat":[110],"product_tag":[],"class_list":{"0":"post-2882","1":"product","2":"type-product","3":"status-publish","4":"has-post-thumbnail","6":"product_cat-gesundheit-von-euter-und-fortpflanzungsorganen","8":"first","9":"instock","10":"shipping-taxable","11":"product-type-simple"},"acf":[],"yoast_head":"<!-- This site is optimized with the Yoast SEO plugin v26.4 - https:\/\/yoast.com\/wordpress\/plugins\/seo\/ -->\n<title>Pr\u00e4parat zur Behandlung von Aborten bei K\u00fchen \/ Entz\u00fcndungen der Geb\u00e4rmutter<\/title>\n<meta name=\"description\" content=\"Silveco NanoMetri ist ein innovatives Pr\u00e4parat f\u00fcr die Regeneration und Pflege der Fortpflanzungsorgane bei Rindern, Schweinen und Pferden. Dank seiner fortschrittlichen Formel , die Silber-Nanopartikel, Allantoin, Milchs\u00e4ure, Natriumlactat und Aloe enth\u00e4lt, bek\u00e4mpft das Produkt wirksam eine Vielzahl von bakteriellen und Pilzinfektionen.\" \/>\n<meta name=\"robots\" content=\"index, follow, max-snippet:-1, max-image-preview:large, max-video-preview:-1\" \/>\n<link rel=\"canonical\" href=\"https:\/\/silveco.eu\/de\/produkt\/silveco-nanometri\/\" \/>\n<meta property=\"og:locale\" content=\"de_DE\" \/>\n<meta property=\"og:type\" content=\"article\" \/>\n<meta property=\"og:title\" content=\"Pr\u00e4parat zur Behandlung von Aborten bei K\u00fchen \/ Entz\u00fcndungen der Geb\u00e4rmutter\" \/>\n<meta property=\"og:description\" content=\"Silveco NanoMetri ist ein innovatives Pr\u00e4parat f\u00fcr die Regeneration und Pflege der Fortpflanzungsorgane bei Rindern, Schweinen und Pferden. Dank seiner fortschrittlichen Formel , die Silber-Nanopartikel, Allantoin, Milchs\u00e4ure, Natriumlactat und Aloe enth\u00e4lt, bek\u00e4mpft das Produkt wirksam eine Vielzahl von bakteriellen und Pilzinfektionen.\" \/>\n<meta property=\"og:url\" content=\"https:\/\/silveco.eu\/de\/produkt\/silveco-nanometri\/\" \/>\n<meta property=\"og:site_name\" content=\"Silveco\" \/>\n<meta property=\"article:modified_time\" content=\"2026-03-23T07:43:46+00:00\" \/>\n<meta property=\"og:image\" content=\"https:\/\/silveco.eu\/wp-content\/uploads\/2024\/01\/NanoMetri.png\" \/>\n\t<meta property=\"og:image:width\" content=\"800\" \/>\n\t<meta property=\"og:image:height\" content=\"800\" \/>\n\t<meta property=\"og:image:type\" content=\"image\/png\" \/>\n<meta name=\"twitter:card\" content=\"summary_large_image\" \/>\n<meta name=\"twitter:label1\" content=\"Gesch\u00e4tzte Lesezeit\" \/>\n\t<meta name=\"twitter:data1\" content=\"1\u00a0Minute\" \/>\n<script type=\"application\/ld+json\" class=\"yoast-schema-graph\">{\"@context\":\"https:\/\/schema.org\",\"@graph\":[{\"@type\":\"WebPage\",\"@id\":\"https:\/\/silveco.eu\/de\/produkt\/silveco-nanometri\/\",\"url\":\"https:\/\/silveco.eu\/de\/produkt\/silveco-nanometri\/\",\"name\":\"Pr\u00e4parat zur Behandlung von Aborten bei K\u00fchen \/ Entz\u00fcndungen der Geb\u00e4rmutter\",\"isPartOf\":{\"@id\":\"https:\/\/silveco.eu\/#website\"},\"primaryImageOfPage\":{\"@id\":\"https:\/\/silveco.eu\/de\/produkt\/silveco-nanometri\/#primaryimage\"},\"image\":{\"@id\":\"https:\/\/silveco.eu\/de\/produkt\/silveco-nanometri\/#primaryimage\"},\"thumbnailUrl\":\"https:\/\/silveco.eu\/wp-content\/uploads\/2024\/01\/NanoMetri.png\",\"datePublished\":\"2023-05-15T07:15:24+00:00\",\"dateModified\":\"2026-03-23T07:43:46+00:00\",\"description\":\"Silveco NanoMetri ist ein innovatives Pr\u00e4parat f\u00fcr die Regeneration und Pflege der Fortpflanzungsorgane bei Rindern, Schweinen und Pferden. Dank seiner fortschrittlichen Formel , die Silber-Nanopartikel, Allantoin, Milchs\u00e4ure, Natriumlactat und Aloe enth\u00e4lt, bek\u00e4mpft das Produkt wirksam eine Vielzahl von bakteriellen und Pilzinfektionen.\",\"breadcrumb\":{\"@id\":\"https:\/\/silveco.eu\/de\/produkt\/silveco-nanometri\/#breadcrumb\"},\"inLanguage\":\"de\",\"potentialAction\":[{\"@type\":\"ReadAction\",\"target\":[\"https:\/\/silveco.eu\/de\/produkt\/silveco-nanometri\/\"]}]},{\"@type\":\"ImageObject\",\"inLanguage\":\"de\",\"@id\":\"https:\/\/silveco.eu\/de\/produkt\/silveco-nanometri\/#primaryimage\",\"url\":\"https:\/\/silveco.eu\/wp-content\/uploads\/2024\/01\/NanoMetri.png\",\"contentUrl\":\"https:\/\/silveco.eu\/wp-content\/uploads\/2024\/01\/NanoMetri.png\",\"width\":800,\"height\":800},{\"@type\":\"BreadcrumbList\",\"@id\":\"https:\/\/silveco.eu\/de\/produkt\/silveco-nanometri\/#breadcrumb\",\"itemListElement\":[{\"@type\":\"ListItem\",\"position\":1,\"name\":\"Strona g\u0142\u00f3wna\",\"item\":\"https:\/\/silveco.eu\/de\/\"},{\"@type\":\"ListItem\",\"position\":2,\"name\":\"Sklep\",\"item\":\"https:\/\/silveco.eu\/sklep\/\"},{\"@type\":\"ListItem\",\"position\":3,\"name\":\"SILVECO NanoMetri Pr\u00e4parat zur Regeneration und Pflege der Fortpflanzungsorgane\"}]},{\"@type\":\"WebSite\",\"@id\":\"https:\/\/silveco.eu\/#website\",\"url\":\"https:\/\/silveco.eu\/\",\"name\":\"Silveco\",\"description\":\"Twoje wsparcie w hodowli\",\"publisher\":{\"@id\":\"https:\/\/silveco.eu\/#organization\"},\"potentialAction\":[{\"@type\":\"SearchAction\",\"target\":{\"@type\":\"EntryPoint\",\"urlTemplate\":\"https:\/\/silveco.eu\/?s={search_term_string}\"},\"query-input\":{\"@type\":\"PropertyValueSpecification\",\"valueRequired\":true,\"valueName\":\"search_term_string\"}}],\"inLanguage\":\"de\"},{\"@type\":\"Organization\",\"@id\":\"https:\/\/silveco.eu\/#organization\",\"name\":\"Silveco\",\"url\":\"https:\/\/silveco.eu\/\",\"logo\":{\"@type\":\"ImageObject\",\"inLanguage\":\"de\",\"@id\":\"https:\/\/silveco.eu\/#\/schema\/logo\/image\/\",\"url\":\"https:\/\/silveco.eu\/wp-content\/uploads\/2023\/03\/image-16.svg\",\"contentUrl\":\"https:\/\/silveco.eu\/wp-content\/uploads\/2023\/03\/image-16.svg\",\"width\":217,\"height\":40,\"caption\":\"Silveco\"},\"image\":{\"@id\":\"https:\/\/silveco.eu\/#\/schema\/logo\/image\/\"}}]}<\/script>\n<!-- \/ Yoast SEO plugin. -->","yoast_head_json":{"title":"Pr\u00e4parat zur Behandlung von Aborten bei K\u00fchen \/ Entz\u00fcndungen der Geb\u00e4rmutter","description":"Silveco NanoMetri ist ein innovatives Pr\u00e4parat f\u00fcr die Regeneration und Pflege der Fortpflanzungsorgane bei Rindern, Schweinen und Pferden. Dank seiner fortschrittlichen Formel , die Silber-Nanopartikel, Allantoin, Milchs\u00e4ure, Natriumlactat und Aloe enth\u00e4lt, bek\u00e4mpft das Produkt wirksam eine Vielzahl von bakteriellen und Pilzinfektionen.","robots":{"index":"index","follow":"follow","max-snippet":"max-snippet:-1","max-image-preview":"max-image-preview:large","max-video-preview":"max-video-preview:-1"},"canonical":"https:\/\/silveco.eu\/de\/produkt\/silveco-nanometri\/","og_locale":"de_DE","og_type":"article","og_title":"Pr\u00e4parat zur Behandlung von Aborten bei K\u00fchen \/ Entz\u00fcndungen der Geb\u00e4rmutter","og_description":"Silveco NanoMetri ist ein innovatives Pr\u00e4parat f\u00fcr die Regeneration und Pflege der Fortpflanzungsorgane bei Rindern, Schweinen und Pferden. Dank seiner fortschrittlichen Formel , die Silber-Nanopartikel, Allantoin, Milchs\u00e4ure, Natriumlactat und Aloe enth\u00e4lt, bek\u00e4mpft das Produkt wirksam eine Vielzahl von bakteriellen und Pilzinfektionen.","og_url":"https:\/\/silveco.eu\/de\/produkt\/silveco-nanometri\/","og_site_name":"Silveco","article_modified_time":"2026-03-23T07:43:46+00:00","og_image":[{"width":800,"height":800,"url":"https:\/\/silveco.eu\/wp-content\/uploads\/2024\/01\/NanoMetri.png","type":"image\/png"}],"twitter_card":"summary_large_image","twitter_misc":{"Gesch\u00e4tzte Lesezeit":"1\u00a0Minute"},"schema":{"@context":"https:\/\/schema.org","@graph":[{"@type":"WebPage","@id":"https:\/\/silveco.eu\/de\/produkt\/silveco-nanometri\/","url":"https:\/\/silveco.eu\/de\/produkt\/silveco-nanometri\/","name":"Pr\u00e4parat zur Behandlung von Aborten bei K\u00fchen \/ Entz\u00fcndungen der Geb\u00e4rmutter","isPartOf":{"@id":"https:\/\/silveco.eu\/#website"},"primaryImageOfPage":{"@id":"https:\/\/silveco.eu\/de\/produkt\/silveco-nanometri\/#primaryimage"},"image":{"@id":"https:\/\/silveco.eu\/de\/produkt\/silveco-nanometri\/#primaryimage"},"thumbnailUrl":"https:\/\/silveco.eu\/wp-content\/uploads\/2024\/01\/NanoMetri.png","datePublished":"2023-05-15T07:15:24+00:00","dateModified":"2026-03-23T07:43:46+00:00","description":"Silveco NanoMetri ist ein innovatives Pr\u00e4parat f\u00fcr die Regeneration und Pflege der Fortpflanzungsorgane bei Rindern, Schweinen und Pferden. Dank seiner fortschrittlichen Formel , die Silber-Nanopartikel, Allantoin, Milchs\u00e4ure, Natriumlactat und Aloe enth\u00e4lt, bek\u00e4mpft das Produkt wirksam eine Vielzahl von bakteriellen und Pilzinfektionen.","breadcrumb":{"@id":"https:\/\/silveco.eu\/de\/produkt\/silveco-nanometri\/#breadcrumb"},"inLanguage":"de","potentialAction":[{"@type":"ReadAction","target":["https:\/\/silveco.eu\/de\/produkt\/silveco-nanometri\/"]}]},{"@type":"ImageObject","inLanguage":"de","@id":"https:\/\/silveco.eu\/de\/produkt\/silveco-nanometri\/#primaryimage","url":"https:\/\/silveco.eu\/wp-content\/uploads\/2024\/01\/NanoMetri.png","contentUrl":"https:\/\/silveco.eu\/wp-content\/uploads\/2024\/01\/NanoMetri.png","width":800,"height":800},{"@type":"BreadcrumbList","@id":"https:\/\/silveco.eu\/de\/produkt\/silveco-nanometri\/#breadcrumb","itemListElement":[{"@type":"ListItem","position":1,"name":"Strona g\u0142\u00f3wna","item":"https:\/\/silveco.eu\/de\/"},{"@type":"ListItem","position":2,"name":"Sklep","item":"https:\/\/silveco.eu\/sklep\/"},{"@type":"ListItem","position":3,"name":"SILVECO NanoMetri Pr\u00e4parat zur Regeneration und Pflege der Fortpflanzungsorgane"}]},{"@type":"WebSite","@id":"https:\/\/silveco.eu\/#website","url":"https:\/\/silveco.eu\/","name":"Silveco","description":"Twoje wsparcie w hodowli","publisher":{"@id":"https:\/\/silveco.eu\/#organization"},"potentialAction":[{"@type":"SearchAction","target":{"@type":"EntryPoint","urlTemplate":"https:\/\/silveco.eu\/?s={search_term_string}"},"query-input":{"@type":"PropertyValueSpecification","valueRequired":true,"valueName":"search_term_string"}}],"inLanguage":"de"},{"@type":"Organization","@id":"https:\/\/silveco.eu\/#organization","name":"Silveco","url":"https:\/\/silveco.eu\/","logo":{"@type":"ImageObject","inLanguage":"de","@id":"https:\/\/silveco.eu\/#\/schema\/logo\/image\/","url":"https:\/\/silveco.eu\/wp-content\/uploads\/2023\/03\/image-16.svg","contentUrl":"https:\/\/silveco.eu\/wp-content\/uploads\/2023\/03\/image-16.svg","width":217,"height":40,"caption":"Silveco"},"image":{"@id":"https:\/\/silveco.eu\/#\/schema\/logo\/image\/"}}]}},"_links":{"self":[{"href":"https:\/\/silveco.eu\/de\/wp-json\/wp\/v2\/product\/2882","targetHints":{"allow":["GET"]}}],"collection":[{"href":"https:\/\/silveco.eu\/de\/wp-json\/wp\/v2\/product"}],"about":[{"href":"https:\/\/silveco.eu\/de\/wp-json\/wp\/v2\/types\/product"}],"replies":[{"embeddable":true,"href":"https:\/\/silveco.eu\/de\/wp-json\/wp\/v2\/comments?post=2882"}],"wp:featuredmedia":[{"embeddable":true,"href":"https:\/\/silveco.eu\/de\/wp-json\/wp\/v2\/media\/3807"}],"wp:attachment":[{"href":"https:\/\/silveco.eu\/de\/wp-json\/wp\/v2\/media?parent=2882"}],"wp:term":[{"taxonomy":"product_brand","embeddable":true,"href":"https:\/\/silveco.eu\/de\/wp-json\/wp\/v2\/product_brand?post=2882"},{"taxonomy":"product_cat","embeddable":true,"href":"https:\/\/silveco.eu\/de\/wp-json\/wp\/v2\/product_cat?post=2882"},{"taxonomy":"product_tag","embeddable":true,"href":"https:\/\/silveco.eu\/de\/wp-json\/wp\/v2\/product_tag?post=2882"}],"curies":[{"name":"wp","href":"https:\/\/api.w.org\/{rel}","templated":true}]}}