{"id":2883,"date":"2023-04-11T15:10:57","date_gmt":"2023-04-11T13:10:57","guid":{"rendered":"https:\/\/silveco.eu\/produkt\/silveco\/"},"modified":"2025-07-01T02:04:20","modified_gmt":"2025-07-01T00:04:20","slug":"silveco-plus","status":"publish","type":"product","link":"https:\/\/silveco.eu\/de\/produkt\/silveco-plus\/","title":{"rendered":"SILVECO+ Biozides Desinfektionsmittelkonzentrat"},"content":{"rendered":"\n<div class=\"wp-block-group has-global-padding is-layout-constrained wp-block-group-is-layout-constrained\">\n<div class=\"wp-block-group benefits-section container mb-40 has-global-padding is-layout-constrained wp-block-group-is-layout-constrained\">\n<h2 class=\"wp-block-heading has-text-align-center\">Die wichtigsten <mark style=\"background-color:rgba(0, 0, 0, 0)\" class=\"has-inline-color has-primary-color\">Vorteile:<\/mark><\/h2>\n\n\n\n<div class=\"wp-block-group benefits-section__icon-boxes is-nowrap is-layout-flex wp-container-core-group-is-layout-6c531013 wp-block-group-is-layout-flex\">\n<div class=\"wp-block-media-text alignwide is-stacked-on-mobile is-vertically-aligned-center\"><figure class=\"wp-block-media-text__media\"><img loading=\"lazy\" decoding=\"async\" width=\"161\" height=\"161\" src=\"https:\/\/silveco.eu\/wp-content\/uploads\/2023\/05\/Bioasekuracja.png\" alt=\"\" class=\"wp-image-1520 size-full\" srcset=\"https:\/\/silveco.eu\/wp-content\/uploads\/2023\/05\/Bioasekuracja.png 161w, https:\/\/silveco.eu\/wp-content\/uploads\/2023\/05\/Bioasekuracja-100x100.png 100w\" sizes=\"auto, (max-width: 161px) 100vw, 161px\" \/><\/figure><div class=\"wp-block-media-text__content\">\n<p>Unterst\u00fctzung f\u00fcr eine wirksame <br>bioassurance<\/p>\n<\/div><\/div>\n\n\n\n<div class=\"wp-block-media-text alignwide is-stacked-on-mobile is-vertically-aligned-center\"><figure class=\"wp-block-media-text__media\"><img loading=\"lazy\" decoding=\"async\" width=\"161\" height=\"160\" src=\"https:\/\/silveco.eu\/wp-content\/themes\/silveco\/assets\/images\/Group-75.svg\" alt=\"\" class=\"wp-image-59 size-full\"\/><\/figure><div class=\"wp-block-media-text__content\">\n<p>Kostensenkung<br>Zucht<\/p>\n<\/div><\/div>\n\n\n\n<div class=\"wp-block-media-text alignwide is-stacked-on-mobile is-vertically-aligned-center\"><figure class=\"wp-block-media-text__media\"><img loading=\"lazy\" decoding=\"async\" width=\"161\" height=\"160\" src=\"https:\/\/silveco.eu\/wp-content\/themes\/silveco\/assets\/images\/active_silver_ICON160.webp\" alt=\"\" class=\"wp-image-1010 size-full\"\/><\/figure><div class=\"wp-block-media-text__content\">\n<p>Aktive Formen von Silber<\/p>\n<\/div><\/div>\n\n\n\n<div class=\"wp-block-media-text alignwide is-stacked-on-mobile is-vertically-aligned-center\"><figure class=\"wp-block-media-text__media\"><img loading=\"lazy\" decoding=\"async\" width=\"161\" height=\"161\" src=\"https:\/\/silveco.eu\/wp-content\/uploads\/2023\/05\/Biobojczy.png\" alt=\"\" class=\"wp-image-1522 size-full\" srcset=\"https:\/\/silveco.eu\/wp-content\/uploads\/2023\/05\/Biobojczy.png 161w, https:\/\/silveco.eu\/wp-content\/uploads\/2023\/05\/Biobojczy-100x100.png 100w\" sizes=\"auto, (max-width: 161px) 100vw, 161px\" \/><\/figure><div class=\"wp-block-media-text__content\">\n<p>Biozidprodukt<\/p>\n<\/div><\/div>\n\n\n\n<div class=\"wp-block-media-text alignwide is-stacked-on-mobile is-vertically-aligned-center\"><figure class=\"wp-block-media-text__media\"><img loading=\"lazy\" decoding=\"async\" width=\"161\" height=\"161\" src=\"https:\/\/silveco.eu\/wp-content\/uploads\/2023\/05\/Polska.png\" alt=\"\" class=\"wp-image-1554 size-full\" srcset=\"https:\/\/silveco.eu\/wp-content\/uploads\/2023\/05\/Polska.png 161w, https:\/\/silveco.eu\/wp-content\/uploads\/2023\/05\/Polska-100x100.png 100w\" sizes=\"auto, (max-width: 161px) 100vw, 161px\" \/><\/figure><div class=\"wp-block-media-text__content\">\n<p>Polnische Technologie<\/p>\n<\/div><\/div>\n<\/div>\n<\/div>\n\n\n\n<div class=\"wp-block-group container pt-5 has-global-padding is-layout-constrained wp-block-group-is-layout-constrained\">\n<div class=\"wp-block-columns are-vertically-aligned-center is-layout-flex wp-container-core-columns-is-layout-28f84493 wp-block-columns-is-layout-flex\">\n<div class=\"wp-block-column is-vertically-aligned-center is-layout-flow wp-block-column-is-layout-flow\">\n<h2 class=\"wp-block-heading has-secondary-color has-text-color has-link-color wp-elements-40788815675e72f10b78e88d40ee228f\">Anwendung: <\/h2>\n\n\n\n<p class=\"has-small-font-size\" style=\"line-height:1.7\">Ein modernes Desinfektionsmittel, das aktive Formen von Silber enth\u00e4lt und zur Aufrechterhaltung der Veterin\u00e4rhygiene in Tierr\u00e4umen verwendet wird. Es ist f\u00fcr die Desinfektion bestimmt:<\/p>\n\n\n\n<p class=\"has-small-font-size\" style=\"line-height:1.7\">-Alle Arten von Oberfl\u00e4chen, zur Aufrechterhaltung der Hygiene in Bereichen, in denen Tiere untergebracht sind oder transportiert werden. Produkt mit bakteriziden Eigenschaften, auch gegen Salmonella enterica subsp. enterica serovar Typhimurium, fungizid, viruzid.  <\/p>\n\n\n\n<p class=\"has-small-font-size\" style=\"line-height:1.7\">&#8211; Desinfektion von Fl\u00e4chen, Ger\u00e4ten, Beh\u00e4ltern und Rohrleitungen , die mit Lebensmitteln in Ber\u00fchrung kommen (einschlie\u00dflich Desinfektion von Trinkwasserleitungen ). Ein Produkt mit bakteriziden und fungiziden Eigenschaften. <\/p>\n\n\n\n<p class=\"has-small-font-size\" style=\"line-height:1.7\"> Es wirkt sich positiv auf den Tierschutz aus und unterst\u00fctzt die tier\u00e4rztliche Prophylaxe. Es ist sicher f\u00fcr Benutzer und die Umwelt, so dass es in Gegenwart von Tieren verwendet werden kann. F\u00fcr den professionellen Einsatz.<\/p>\n\n\n\n<p class=\"has-secondary-color has-text-color has-small-font-size\" style=\"line-height:1.7\"><strong>SILVECO+<\/strong> als Desinfektionsmittel gew\u00e4hrleistet ein hohes Ma\u00df an Hygiene und Sauberkeit von veterin\u00e4rmedizinischer und tierz\u00fcchterischer Ausr\u00fcstung. Spezielle auf Nanosilberkomplexen basierende Formel, die zweiphasige, verl\u00e4ngerte Wirkung garantiert. <\/p>\n\n\n\n<h2 class=\"wp-block-heading fs-48 has-primary-color has-text-color\" style=\"font-size:clamp(18.959px, 1.185rem + ((1vw - 3.2px) * 0.986), 30px);font-style:normal;font-weight:700;line-height:1\">Anwendung und Zubereitung<\/h2>\n\n\n\n<p class=\"has-medium-font-size\" style=\"line-height:1.7\">&#8211;<strong>Obszar weterynaryjny:<\/strong> 5 litr\u00f3w produktu rozpu\u015bci\u0107 w 20 litrach wody demineralizowanej (oczyszczonej). Auf die gereinigten Oberfl\u00e4chen aufspr\u00fchen und dabei eine Methode anwenden, die ein gleichm\u00e4\u00dfiges Aufspr\u00fchen gew\u00e4hrleistet. Es wird empfohlen, das Ger\u00e4t so einzustellen, dass der kleinstm\u00f6gliche Tropfen verspr\u00fcht wird. Das so hergestellte Produkt kann sowohl ohne als auch in Anwesenheit von Tieren verwendet werden.  Die Anwendung des Pr\u00e4parats in dieser Konzentration hat eine bakterizide und fungizide Wirkung, bei der Temperatur. 10 \u00b0C und f\u00fcr 60 Minuten. Viruzid bei Temperatur. 10 \u00b0C und innerhalb von 30 Minuten. Kein Absp\u00fclen der Oberfl\u00e4che erforderlich. Reinigung und Wartung der Anwendungsger\u00e4te: wie vom Hersteller der f\u00fcr die Anwendung verwendeten Ger\u00e4te empfohlen. Beim Spr\u00fchen allgemeine Haut- und Atemschutzausr\u00fcstung verwenden.<br><strong>&#8211; Lebensmittelbereich:<\/strong> wirksame Konzentration 20 %, Temperatur 20 \u00b0C, 5 Minuten bakterizide Wirkung, 15 Minuten fungizide Wirkung. Die Oberfl\u00e4chen m\u00fcssen w\u00e4hrend der angegebenen Einwirkzeit feucht bleiben.      Sp\u00fclen Sie die mit Lebensmitteln in Ber\u00fchrung kommenden Fl\u00e4chen nach der vorgeschriebenen Desinfektionszeit mit Trinkwasser ab. Die Oberfl\u00e4chen sollten vor der Desinfektion gewaschen werden.<br>D\u00e4mpfe nicht einatmen. F\u00fcr ausreichende Bel\u00fcftungsorgen. <\/p>\n\n\n\n<p class=\"fs-14 has-secondary-color has-text-color has-medium-font-size\" style=\"line-height:1.7\">Die Verwendung einer geringeren Menge demineralisierten Wassers zur Verd\u00fcnnung der Zubereitung ist zul\u00e4ssig, jedoch nur , wenn keine Tiere anwesend sind.<\/p>\n<\/div>\n\n\n\n<div class=\"wp-block-column is-vertically-aligned-center is-layout-flow wp-block-column-is-layout-flow\">\n<figure class=\"wp-block-embed is-type-video is-provider-youtube wp-block-embed-youtube wp-embed-aspect-16-9 wp-has-aspect-ratio\"><div class=\"wp-block-embed__wrapper\">\n<iframe loading=\"lazy\" title=\"SILVECO\" width=\"500\" height=\"281\" src=\"https:\/\/www.youtube.com\/embed\/0RoJaUv0-ZQ?feature=oembed\" frameborder=\"0\" allow=\"accelerometer; autoplay; clipboard-write; encrypted-media; gyroscope; picture-in-picture; web-share\" referrerpolicy=\"strict-origin-when-cross-origin\" allowfullscreen><\/iframe>\n<\/div><\/figure>\n<\/div>\n<\/div>\n<\/div>\n\n\n\n<h3 class=\"wp-block-heading has-large-font-size\">Thermischer Vernebler zur Desinfektion<\/h3>\n\n\n\n<p style=\"line-height:1.7\">In der Tierhaltung m\u00fcssen h\u00f6chste Hygienestandards eingehalten werden. Eines der wirksamsten Instrumente f\u00fcr die Desinfektion ist der thermische Vernebler, <strong> <\/strong>die eine schnelle und gr\u00fcndliche Verteilung des Desinfektionsmittels in Form eines dichten Nebels erm\u00f6glicht.<\/p>\n\n\n\n<p style=\"line-height:1.7\">Der thermische Vernebler zur Desinfektion ist ein Ger\u00e4t, das die Desinfektionsfl\u00fcssigkeit durch hohe Temperaturen in feinste Partikel zerlegt. Dadurch kann das Desinfektionsmittel frei in der Luft schweben und auch schwer zug\u00e4ngliche Stellen wie Spalten, Ritzen oder L\u00fcftungsr\u00e4ume erreichen. In der Tierhaltung bedeutet dies eine gr\u00fcndliche Desinfektion aller Tierr\u00e4ume.   <\/p>\n\n\n\n<h3 class=\"wp-block-heading has-large-font-size\">Thermischer Vernebler zur Desinfektion &#8211; wirksamer als andere Methoden <\/h3>\n\n\n\n<p style=\"line-height:1.7\">Der thermische Vernebler f\u00fcr die Desinfektion gew\u00e4hrleistet eine hohe Wirksamkeit durch eine pr\u00e4zise Oberfl\u00e4chenabdeckung. Das Produkt erreicht in Form eines Nebels alle Winkel und Ritzen, was bei herk\u00f6mmlichen Desinfektionsmethoden wie Spr\u00fchen oder Wischen unm\u00f6glich ist. Die Zerlegung des Produkts in feine Partikel erh\u00f6ht seine Wirkungsdauer. Die Partikel bleiben l\u00e4nger in der Luft schweben, so dass das Desinfektionsmittel seine Wirkung besser entfalten kann. Dar\u00fcber hinaus sind thermische Vernebelungsger\u00e4te effizienter als herk\u00f6mmliche Methoden, was zu einer Verringerung der verbrauchten Produktmenge f\u00fchrt.    <\/p>\n\n\n\n<p style=\"line-height:1.7\">Das thermische Vernebelungsger\u00e4t erm\u00f6glicht die schnelle Ausbringung von Desinfektionsmitteln auf gro\u00dfen Fl\u00e4chen. Dies ist sehr wichtig in Bereichen, die eine regelm\u00e4\u00dfige Hygiene erfordern, wie z. B. in landwirtschaftlichen Betrieben.  <\/p>\n\n\n\n<h2 class=\"wp-block-heading has-large-font-size\"><strong>Thermischer Vernebler zur Desinfektion und verwendete Mittel <\/strong><\/h2>\n\n\n\n<p style=\"line-height:1.7\">Um eine maximale Wirksamkeit zu erreichen, die Sicherheit von Mensch und Tier zu gew\u00e4hrleisten und Sch\u00e4den an Ger\u00e4ten zu vermeiden, ist es wichtig, die richtigen Mittel f\u00fcr die Anwendung mit dem Thermonebelger\u00e4t auszuw\u00e4hlen. Das Pr\u00e4parat, das f\u00fcr die thermische Vernebelungsdesinfektion verwendet werden kann, ist SILVECO+.  <\/p>\n<\/div>\n","protected":false},"excerpt":{"rendered":"<h3><span style=\"color: #38aa45;\">Konzentriertes Biozid zur Desinfektion und Einhaltung h\u00f6chster Hygienestandards in der Tierhaltung<\/span><\/h3>\n<ul class=\"fs-14\">\n<li><strong> BIOBODYREGISTRATION<\/strong> &#8211; Produkt registriert in PT3 und PT4<\/li>\n<li><strong>HOHER GEHALT AN AKTIVEN SILBERFORMEN 2000 ppm<\/strong><\/li>\n<li><strong>ZWEIPHASIGE WIRKUNG<\/strong>\u2014 Kombination zweier Kr\u00e4fte \u2014 Wasserstoffperoxid und aktiver Formen von Silber<\/li>\n<li><strong>LANGANHALTENDE WIRKUNG<\/strong> dank der Nutzung der Eigenschaften von Silber<\/li>\n<li><strong>POTENTIELLE VERWENDUNG BEI TIEREN<\/strong> &#8211; kann w\u00e4hrend des Zuchtzyklus verwendet werden, Konzentration von 5% empfohlen<\/li>\n<li><strong>HOHE LEISTUNGSF\u00c4HIGKEIT<\/strong> durch konzentrierte Formel (5 l -> 25 l Fertigprodukt)<\/li>\n<li><strong>VORBEUGUNG VON ASP<\/strong> \u2013 best\u00e4tigt durch eine Untersuchung bei PIWet-PIB<\/li>\n<li><strong> LINEDISINFECTION<\/strong> &#8211; vielseitig einsetzbar<\/li>\n<\/ul>\n<p class=\"fs-14\"><strong>Zulassung f\u00fcr das Inverkehrbringen des Biozidprodukts Nr. 7244\/17<\/strong><\/p>\n<p>Inhaltsstoffe: Silber, Wasserstoffperoxid, Ameisens\u00e4ure, Glykols\u00e4ure<br \/>\n<strong>Verpackung:<\/strong> 2-l-Kanister, 5-l-Kanister<\/p>\n","protected":false},"featured_media":3792,"comment_status":"open","ping_status":"closed","template":"","meta":{"_acf_changed":false,"inline_featured_image":false},"product_brand":[],"product_cat":[234,235,233,236,105],"product_tag":[],"class_list":{"0":"post-2883","1":"product","2":"type-product","3":"status-publish","4":"has-post-thumbnail","6":"product_cat-desinfektion-des-geflugelstalls","7":"product_cat-desinfektion-von-schweinestallen","8":"product_cat-desinfektion-von-tierstallen","9":"product_cat-desinfektion-von-trinkwassersystemen","10":"product_cat-desinfektion","12":"first","13":"instock","14":"shipping-taxable","15":"product-type-simple"},"acf":[],"yoast_head":"<!-- This site is optimized with the Yoast SEO plugin v26.4 - https:\/\/yoast.com\/wordpress\/plugins\/seo\/ -->\n<title>SILVECO+ Biozides Desinfektionsmittelkonzentrat Thermischer Vernebler zur Desinfektion<\/title>\n<meta name=\"description\" content=\"Es handelt sich um ein biozides Konzentrat zur Desinfektion, ein modernes Pr\u00e4parat , das aktive Formen von Silber enth\u00e4lt. Es hat starke bakterient\u00f6tende Eigenschaften, unter anderem gegen Salmonella enterica subsp. enterica serovar Typhimurium, fungizid und viruzid. Das Produkt ist f\u00fcr die Desinfektion aller Arten von Fl\u00e4chen an Orten, an denen Tiere gehalten oder transportiert werden , sowie f\u00fcr die Desinfektion von Fl\u00e4chen, Ger\u00e4ten, Beh\u00e4ltern und Rohrleitungen , die mit Lebensmitteln in Ber\u00fchrung kommen (einschlie\u00dflich der Desinfektion von Trinkleitungen ), bestimmt. Das Produkt hat bakterizide und fungizide Eigenschaften. Produkt f\u00fcr den professionellen Einsatz. Kann in Anwesenheit von Tieren verwendet werden.\" \/>\n<meta name=\"robots\" content=\"index, follow, max-snippet:-1, max-image-preview:large, max-video-preview:-1\" \/>\n<link rel=\"canonical\" href=\"https:\/\/silveco.eu\/produkt\/silveco-plus\/\" \/>\n<meta property=\"og:locale\" content=\"de_DE\" \/>\n<meta property=\"og:type\" content=\"article\" \/>\n<meta property=\"og:title\" content=\"SILVECO+ Biozides Desinfektionsmittelkonzentrat Thermischer Vernebler zur Desinfektion\" \/>\n<meta property=\"og:description\" content=\"Es handelt sich um ein biozides Konzentrat zur Desinfektion, ein modernes Pr\u00e4parat , das aktive Formen von Silber enth\u00e4lt. Es hat starke bakterient\u00f6tende Eigenschaften, unter anderem gegen Salmonella enterica subsp. enterica serovar Typhimurium, fungizid und viruzid. Das Produkt ist f\u00fcr die Desinfektion aller Arten von Fl\u00e4chen an Orten, an denen Tiere gehalten oder transportiert werden , sowie f\u00fcr die Desinfektion von Fl\u00e4chen, Ger\u00e4ten, Beh\u00e4ltern und Rohrleitungen , die mit Lebensmitteln in Ber\u00fchrung kommen (einschlie\u00dflich der Desinfektion von Trinkleitungen ), bestimmt. Das Produkt hat bakterizide und fungizide Eigenschaften. Produkt f\u00fcr den professionellen Einsatz. Kann in Anwesenheit von Tieren verwendet werden.\" \/>\n<meta property=\"og:url\" content=\"https:\/\/silveco.eu\/produkt\/silveco-plus\/\" \/>\n<meta property=\"og:site_name\" content=\"Silveco\" \/>\n<meta property=\"article:modified_time\" content=\"2025-07-01T00:04:20+00:00\" \/>\n<meta property=\"og:image\" content=\"https:\/\/silveco.eu\/wp-content\/uploads\/2024\/01\/Silveco-5l.png\" \/>\n\t<meta property=\"og:image:width\" content=\"800\" \/>\n\t<meta property=\"og:image:height\" content=\"800\" \/>\n\t<meta property=\"og:image:type\" content=\"image\/png\" \/>\n<meta name=\"twitter:card\" content=\"summary_large_image\" \/>\n<meta name=\"twitter:label1\" content=\"Gesch\u00e4tzte Lesezeit\" \/>\n\t<meta name=\"twitter:data1\" content=\"5\u00a0Minuten\" \/>\n<script type=\"application\/ld+json\" class=\"yoast-schema-graph\">{\"@context\":\"https:\/\/schema.org\",\"@graph\":[{\"@type\":\"WebPage\",\"@id\":\"https:\/\/silveco.eu\/produkt\/silveco-plus\/\",\"url\":\"https:\/\/silveco.eu\/produkt\/silveco-plus\/\",\"name\":\"SILVECO+ Biozides Desinfektionsmittelkonzentrat Thermischer Vernebler zur Desinfektion\",\"isPartOf\":{\"@id\":\"https:\/\/silveco.eu\/#website\"},\"primaryImageOfPage\":{\"@id\":\"https:\/\/silveco.eu\/produkt\/silveco-plus\/#primaryimage\"},\"image\":{\"@id\":\"https:\/\/silveco.eu\/produkt\/silveco-plus\/#primaryimage\"},\"thumbnailUrl\":\"https:\/\/silveco.eu\/wp-content\/uploads\/2024\/01\/Silveco-5l.png\",\"datePublished\":\"2023-04-11T13:10:57+00:00\",\"dateModified\":\"2025-07-01T00:04:20+00:00\",\"description\":\"Es handelt sich um ein biozides Konzentrat zur Desinfektion, ein modernes Pr\u00e4parat , das aktive Formen von Silber enth\u00e4lt. Es hat starke bakterient\u00f6tende Eigenschaften, unter anderem gegen Salmonella enterica subsp. enterica serovar Typhimurium, fungizid und viruzid. Das Produkt ist f\u00fcr die Desinfektion aller Arten von Fl\u00e4chen an Orten, an denen Tiere gehalten oder transportiert werden , sowie f\u00fcr die Desinfektion von Fl\u00e4chen, Ger\u00e4ten, Beh\u00e4ltern und Rohrleitungen , die mit Lebensmitteln in Ber\u00fchrung kommen (einschlie\u00dflich der Desinfektion von Trinkleitungen ), bestimmt. Das Produkt hat bakterizide und fungizide Eigenschaften. Produkt f\u00fcr den professionellen Einsatz. Kann in Anwesenheit von Tieren verwendet werden.\",\"breadcrumb\":{\"@id\":\"https:\/\/silveco.eu\/produkt\/silveco-plus\/#breadcrumb\"},\"inLanguage\":\"de\",\"potentialAction\":[{\"@type\":\"ReadAction\",\"target\":[\"https:\/\/silveco.eu\/produkt\/silveco-plus\/\"]}]},{\"@type\":\"ImageObject\",\"inLanguage\":\"de\",\"@id\":\"https:\/\/silveco.eu\/produkt\/silveco-plus\/#primaryimage\",\"url\":\"https:\/\/silveco.eu\/wp-content\/uploads\/2024\/01\/Silveco-5l.png\",\"contentUrl\":\"https:\/\/silveco.eu\/wp-content\/uploads\/2024\/01\/Silveco-5l.png\",\"width\":800,\"height\":800},{\"@type\":\"BreadcrumbList\",\"@id\":\"https:\/\/silveco.eu\/produkt\/silveco-plus\/#breadcrumb\",\"itemListElement\":[{\"@type\":\"ListItem\",\"position\":1,\"name\":\"Strona g\u0142\u00f3wna\",\"item\":\"https:\/\/silveco.eu\/de\/\"},{\"@type\":\"ListItem\",\"position\":2,\"name\":\"Sklep\",\"item\":\"https:\/\/silveco.eu\/sklep\/\"},{\"@type\":\"ListItem\",\"position\":3,\"name\":\"SILVECO+ Biozides Desinfektionsmittelkonzentrat\"}]},{\"@type\":\"WebSite\",\"@id\":\"https:\/\/silveco.eu\/#website\",\"url\":\"https:\/\/silveco.eu\/\",\"name\":\"Silveco\",\"description\":\"Twoje wsparcie w hodowli\",\"publisher\":{\"@id\":\"https:\/\/silveco.eu\/#organization\"},\"potentialAction\":[{\"@type\":\"SearchAction\",\"target\":{\"@type\":\"EntryPoint\",\"urlTemplate\":\"https:\/\/silveco.eu\/?s={search_term_string}\"},\"query-input\":{\"@type\":\"PropertyValueSpecification\",\"valueRequired\":true,\"valueName\":\"search_term_string\"}}],\"inLanguage\":\"de\"},{\"@type\":\"Organization\",\"@id\":\"https:\/\/silveco.eu\/#organization\",\"name\":\"Silveco\",\"url\":\"https:\/\/silveco.eu\/\",\"logo\":{\"@type\":\"ImageObject\",\"inLanguage\":\"de\",\"@id\":\"https:\/\/silveco.eu\/#\/schema\/logo\/image\/\",\"url\":\"https:\/\/silveco.eu\/wp-content\/uploads\/2023\/03\/image-16.svg\",\"contentUrl\":\"https:\/\/silveco.eu\/wp-content\/uploads\/2023\/03\/image-16.svg\",\"width\":217,\"height\":40,\"caption\":\"Silveco\"},\"image\":{\"@id\":\"https:\/\/silveco.eu\/#\/schema\/logo\/image\/\"}}]}<\/script>\n<!-- \/ Yoast SEO plugin. -->","yoast_head_json":{"title":"SILVECO+ Biozides Desinfektionsmittelkonzentrat Thermischer Vernebler zur Desinfektion","description":"Es handelt sich um ein biozides Konzentrat zur Desinfektion, ein modernes Pr\u00e4parat , das aktive Formen von Silber enth\u00e4lt. Es hat starke bakterient\u00f6tende Eigenschaften, unter anderem gegen Salmonella enterica subsp. enterica serovar Typhimurium, fungizid und viruzid. Das Produkt ist f\u00fcr die Desinfektion aller Arten von Fl\u00e4chen an Orten, an denen Tiere gehalten oder transportiert werden , sowie f\u00fcr die Desinfektion von Fl\u00e4chen, Ger\u00e4ten, Beh\u00e4ltern und Rohrleitungen , die mit Lebensmitteln in Ber\u00fchrung kommen (einschlie\u00dflich der Desinfektion von Trinkleitungen ), bestimmt. Das Produkt hat bakterizide und fungizide Eigenschaften. Produkt f\u00fcr den professionellen Einsatz. Kann in Anwesenheit von Tieren verwendet werden.","robots":{"index":"index","follow":"follow","max-snippet":"max-snippet:-1","max-image-preview":"max-image-preview:large","max-video-preview":"max-video-preview:-1"},"canonical":"https:\/\/silveco.eu\/produkt\/silveco-plus\/","og_locale":"de_DE","og_type":"article","og_title":"SILVECO+ Biozides Desinfektionsmittelkonzentrat Thermischer Vernebler zur Desinfektion","og_description":"Es handelt sich um ein biozides Konzentrat zur Desinfektion, ein modernes Pr\u00e4parat , das aktive Formen von Silber enth\u00e4lt. Es hat starke bakterient\u00f6tende Eigenschaften, unter anderem gegen Salmonella enterica subsp. enterica serovar Typhimurium, fungizid und viruzid. Das Produkt ist f\u00fcr die Desinfektion aller Arten von Fl\u00e4chen an Orten, an denen Tiere gehalten oder transportiert werden , sowie f\u00fcr die Desinfektion von Fl\u00e4chen, Ger\u00e4ten, Beh\u00e4ltern und Rohrleitungen , die mit Lebensmitteln in Ber\u00fchrung kommen (einschlie\u00dflich der Desinfektion von Trinkleitungen ), bestimmt. Das Produkt hat bakterizide und fungizide Eigenschaften. Produkt f\u00fcr den professionellen Einsatz. Kann in Anwesenheit von Tieren verwendet werden.","og_url":"https:\/\/silveco.eu\/produkt\/silveco-plus\/","og_site_name":"Silveco","article_modified_time":"2025-07-01T00:04:20+00:00","og_image":[{"width":800,"height":800,"url":"https:\/\/silveco.eu\/wp-content\/uploads\/2024\/01\/Silveco-5l.png","type":"image\/png"}],"twitter_card":"summary_large_image","twitter_misc":{"Gesch\u00e4tzte Lesezeit":"5\u00a0Minuten"},"schema":{"@context":"https:\/\/schema.org","@graph":[{"@type":"WebPage","@id":"https:\/\/silveco.eu\/produkt\/silveco-plus\/","url":"https:\/\/silveco.eu\/produkt\/silveco-plus\/","name":"SILVECO+ Biozides Desinfektionsmittelkonzentrat Thermischer Vernebler zur Desinfektion","isPartOf":{"@id":"https:\/\/silveco.eu\/#website"},"primaryImageOfPage":{"@id":"https:\/\/silveco.eu\/produkt\/silveco-plus\/#primaryimage"},"image":{"@id":"https:\/\/silveco.eu\/produkt\/silveco-plus\/#primaryimage"},"thumbnailUrl":"https:\/\/silveco.eu\/wp-content\/uploads\/2024\/01\/Silveco-5l.png","datePublished":"2023-04-11T13:10:57+00:00","dateModified":"2025-07-01T00:04:20+00:00","description":"Es handelt sich um ein biozides Konzentrat zur Desinfektion, ein modernes Pr\u00e4parat , das aktive Formen von Silber enth\u00e4lt. Es hat starke bakterient\u00f6tende Eigenschaften, unter anderem gegen Salmonella enterica subsp. enterica serovar Typhimurium, fungizid und viruzid. Das Produkt ist f\u00fcr die Desinfektion aller Arten von Fl\u00e4chen an Orten, an denen Tiere gehalten oder transportiert werden , sowie f\u00fcr die Desinfektion von Fl\u00e4chen, Ger\u00e4ten, Beh\u00e4ltern und Rohrleitungen , die mit Lebensmitteln in Ber\u00fchrung kommen (einschlie\u00dflich der Desinfektion von Trinkleitungen ), bestimmt. Das Produkt hat bakterizide und fungizide Eigenschaften. Produkt f\u00fcr den professionellen Einsatz. Kann in Anwesenheit von Tieren verwendet werden.","breadcrumb":{"@id":"https:\/\/silveco.eu\/produkt\/silveco-plus\/#breadcrumb"},"inLanguage":"de","potentialAction":[{"@type":"ReadAction","target":["https:\/\/silveco.eu\/produkt\/silveco-plus\/"]}]},{"@type":"ImageObject","inLanguage":"de","@id":"https:\/\/silveco.eu\/produkt\/silveco-plus\/#primaryimage","url":"https:\/\/silveco.eu\/wp-content\/uploads\/2024\/01\/Silveco-5l.png","contentUrl":"https:\/\/silveco.eu\/wp-content\/uploads\/2024\/01\/Silveco-5l.png","width":800,"height":800},{"@type":"BreadcrumbList","@id":"https:\/\/silveco.eu\/produkt\/silveco-plus\/#breadcrumb","itemListElement":[{"@type":"ListItem","position":1,"name":"Strona g\u0142\u00f3wna","item":"https:\/\/silveco.eu\/de\/"},{"@type":"ListItem","position":2,"name":"Sklep","item":"https:\/\/silveco.eu\/sklep\/"},{"@type":"ListItem","position":3,"name":"SILVECO+ Biozides Desinfektionsmittelkonzentrat"}]},{"@type":"WebSite","@id":"https:\/\/silveco.eu\/#website","url":"https:\/\/silveco.eu\/","name":"Silveco","description":"Twoje wsparcie w hodowli","publisher":{"@id":"https:\/\/silveco.eu\/#organization"},"potentialAction":[{"@type":"SearchAction","target":{"@type":"EntryPoint","urlTemplate":"https:\/\/silveco.eu\/?s={search_term_string}"},"query-input":{"@type":"PropertyValueSpecification","valueRequired":true,"valueName":"search_term_string"}}],"inLanguage":"de"},{"@type":"Organization","@id":"https:\/\/silveco.eu\/#organization","name":"Silveco","url":"https:\/\/silveco.eu\/","logo":{"@type":"ImageObject","inLanguage":"de","@id":"https:\/\/silveco.eu\/#\/schema\/logo\/image\/","url":"https:\/\/silveco.eu\/wp-content\/uploads\/2023\/03\/image-16.svg","contentUrl":"https:\/\/silveco.eu\/wp-content\/uploads\/2023\/03\/image-16.svg","width":217,"height":40,"caption":"Silveco"},"image":{"@id":"https:\/\/silveco.eu\/#\/schema\/logo\/image\/"}}]}},"_links":{"self":[{"href":"https:\/\/silveco.eu\/de\/wp-json\/wp\/v2\/product\/2883","targetHints":{"allow":["GET"]}}],"collection":[{"href":"https:\/\/silveco.eu\/de\/wp-json\/wp\/v2\/product"}],"about":[{"href":"https:\/\/silveco.eu\/de\/wp-json\/wp\/v2\/types\/product"}],"replies":[{"embeddable":true,"href":"https:\/\/silveco.eu\/de\/wp-json\/wp\/v2\/comments?post=2883"}],"wp:featuredmedia":[{"embeddable":true,"href":"https:\/\/silveco.eu\/de\/wp-json\/wp\/v2\/media\/3792"}],"wp:attachment":[{"href":"https:\/\/silveco.eu\/de\/wp-json\/wp\/v2\/media?parent=2883"}],"wp:term":[{"taxonomy":"product_brand","embeddable":true,"href":"https:\/\/silveco.eu\/de\/wp-json\/wp\/v2\/product_brand?post=2883"},{"taxonomy":"product_cat","embeddable":true,"href":"https:\/\/silveco.eu\/de\/wp-json\/wp\/v2\/product_cat?post=2883"},{"taxonomy":"product_tag","embeddable":true,"href":"https:\/\/silveco.eu\/de\/wp-json\/wp\/v2\/product_tag?post=2883"}],"curies":[{"name":"wp","href":"https:\/\/api.w.org\/{rel}","templated":true}]}}