{"id":2884,"date":"2023-04-11T12:35:04","date_gmt":"2023-04-11T10:35:04","guid":{"rendered":"https:\/\/silveco.eu\/produkt\/silveco-nanomast\/"},"modified":"2026-03-23T08:43:19","modified_gmt":"2026-03-23T07:43:19","slug":"nanomast","status":"publish","type":"product","link":"https:\/\/silveco.eu\/de\/produkt\/nanomast\/","title":{"rendered":"SILVECO NanoMast Pr\u00e4parat zur Pflege und Vorbeugung von Eutern"},"content":{"rendered":"\n<div class=\"wp-block-group has-global-padding is-layout-constrained wp-block-group-is-layout-constrained\">\n<div class=\"wp-block-group has-global-padding is-layout-constrained wp-block-group-is-layout-constrained\">\n<div class=\"wp-block-group benefits-section has-light-grey-fade-gradient-background has-background has-global-padding is-layout-constrained wp-container-core-group-is-layout-9ad842e3 wp-block-group-is-layout-constrained\" style=\"border-radius:24px;margin-bottom:var(--wp--preset--spacing--70);padding-top:64px;padding-right:16px;padding-bottom:64px;padding-left:16px\">\n<h2 class=\"wp-block-heading has-text-align-center has-text-color\" style=\"color:#175abf;margin-bottom:var(--wp--preset--spacing--70);font-size:clamp(35.2px, 2.2rem + ((1vw - 3.2px) * 2.571), 64px);\">Die wichtigsten <mark style=\"background-color:rgba(0, 0, 0, 0)\" class=\"has-inline-color has-primary-color\">Vorteile:<\/mark><\/h2>\n\n\n\n<div class=\"wp-block-group benefits-section__icon-boxes is-content-justification-space-between is-nowrap is-layout-flex wp-container-core-group-is-layout-62a6d66b wp-block-group-is-layout-flex\" style=\"padding-right:80px;padding-left:80px\">\n<div class=\"wp-block-media-text alignwide is-stacked-on-mobile is-vertically-aligned-center\"><figure class=\"wp-block-media-text__media\"><img loading=\"lazy\" decoding=\"async\" width=\"161\" height=\"160\" src=\"https:\/\/silveco.eu\/wp-content\/themes\/silveco\/assets\/images\/Group-74.svg\" alt=\"\" class=\"wp-image-63 size-full\"\/><\/figure><div class=\"wp-block-media-text__content\">\n<p>Schnelle Effekte<\/p>\n<\/div><\/div>\n\n\n\n<div class=\"wp-block-media-text alignwide is-stacked-on-mobile is-vertically-aligned-center\"><figure class=\"wp-block-media-text__media\"><img loading=\"lazy\" decoding=\"async\" width=\"161\" height=\"161\" src=\"https:\/\/silveco.eu\/wp-content\/uploads\/2023\/05\/Mastitis.png\" alt=\"\" class=\"wp-image-1544 size-full\" srcset=\"https:\/\/silveco.eu\/wp-content\/uploads\/2023\/05\/Mastitis.png 161w, https:\/\/silveco.eu\/wp-content\/uploads\/2023\/05\/Mastitis-100x100.png 100w\" sizes=\"auto, (max-width: 161px) 100vw, 161px\" \/><\/figure><div class=\"wp-block-media-text__content\">\n<p>Mastitis-Prophylaxe<\/p>\n<\/div><\/div>\n\n\n\n<div class=\"wp-block-media-text alignwide is-stacked-on-mobile is-vertically-aligned-center\"><figure class=\"wp-block-media-text__media\"><img loading=\"lazy\" decoding=\"async\" width=\"161\" height=\"160\" src=\"https:\/\/silveco.eu\/wp-content\/themes\/silveco\/assets\/images\/active_silver_ICON160.webp\" alt=\"\" class=\"wp-image-1010 size-full\"\/><\/figure><div class=\"wp-block-media-text__content\">\n<p>Aktive Formen von Silber<\/p>\n<\/div><\/div>\n\n\n\n<div class=\"wp-block-media-text alignwide is-stacked-on-mobile is-vertically-aligned-center\"><figure class=\"wp-block-media-text__media\"><img loading=\"lazy\" decoding=\"async\" width=\"161\" height=\"161\" src=\"https:\/\/silveco.eu\/wp-content\/uploads\/2023\/05\/Antybiotyki.png\" alt=\"\" class=\"wp-image-1514 size-full\" srcset=\"https:\/\/silveco.eu\/wp-content\/uploads\/2023\/05\/Antybiotyki.png 161w, https:\/\/silveco.eu\/wp-content\/uploads\/2023\/05\/Antybiotyki-100x100.png 100w\" sizes=\"auto, (max-width: 161px) 100vw, 161px\" \/><\/figure><div class=\"wp-block-media-text__content\">\n<p>Alternative zu Antibiotika<\/p>\n<\/div><\/div>\n\n\n\n<div class=\"wp-block-media-text alignwide is-stacked-on-mobile is-vertically-aligned-center\"><figure class=\"wp-block-media-text__media\"><img loading=\"lazy\" decoding=\"async\" width=\"161\" height=\"161\" src=\"https:\/\/silveco.eu\/wp-content\/uploads\/2023\/05\/Latwe-stosowanie.png\" alt=\"\" class=\"wp-image-1542 size-full\" srcset=\"https:\/\/silveco.eu\/wp-content\/uploads\/2023\/05\/Latwe-stosowanie.png 161w, https:\/\/silveco.eu\/wp-content\/uploads\/2023\/05\/Latwe-stosowanie-100x100.png 100w\" sizes=\"auto, (max-width: 161px) 100vw, 161px\" \/><\/figure><div class=\"wp-block-media-text__content\">\n<p>Einfache Anwendung<\/p>\n<\/div><\/div>\n<\/div>\n<\/div>\n<\/div>\n\n\n\n<div class=\"wp-block-group container pt-5 has-global-padding is-layout-constrained wp-block-group-is-layout-constrained\">\n<div class=\"wp-block-columns are-vertically-aligned-center is-layout-flex wp-container-core-columns-is-layout-28f84493 wp-block-columns-is-layout-flex\">\n<div class=\"wp-block-column is-vertically-aligned-center is-layout-flow wp-block-column-is-layout-flow\">\n<h2 class=\"wp-block-heading fs-48 has-text-color\" style=\"color:#175abf;font-style:normal;font-weight:800;line-height:1.2\">Enth\u00e4lt:<\/h2>\n\n\n\n<ul class=\"wp-block-list\">\n<li class=\"has-silveco-small-font-size\">hohe Konzentration an aktiven Silberformen, die f\u00fcr ihre hervorragenden bakteriologischen, viralen und fungiziden Eigenschaften bekannt sind<\/li>\n\n\n\n<li class=\"has-silveco-small-font-size\">Natriumlactat unterst\u00fctzt die regenerative und feuchtigkeitsspendende Wirkung<\/li>\n\n\n\n<li class=\"has-silveco-small-font-size\">Allantoin, das entz\u00fcndungshemmende, feuchtigkeitsspendende und heilende Eigenschaften hat<\/li>\n\n\n\n<li class=\"has-silveco-small-font-size\">Glycerin, das Feuchtigkeit spendet und so Austrocknen verhindert<\/li>\n<\/ul>\n\n\n\n<h3 class=\"wp-block-heading has-text-color\" style=\"color:#175abf;font-size:clamp(14.642px, 0.915rem + ((1vw - 3.2px) * 0.657), 22px);\"><mark style=\"background-color:rgba(0, 0, 0, 0)\" class=\"has-inline-color has-primary-color\">Von Tier\u00e4rzten empfohlenes Produkt.<\/mark><\/h3>\n\n\n\n<p class=\"has-silveco-small-font-size\"><strong><strong> Ungiftiges, dermatologisch getestetes Produkt<\/strong>.<\/strong><\/p>\n\n\n\n<h3 class=\"wp-block-heading has-text-color\" style=\"color:#175abf;font-size:clamp(14.642px, 0.915rem + ((1vw - 3.2px) * 0.657), 22px);\"><mark style=\"background-color:rgba(0, 0, 0, 0)\" class=\"has-inline-color has-primary-color\">Mit seinen aktiven Silberformen <\/mark>ist <br\/> eine wirksame Alternative zur Antibiotikatherapie <br\/><strong>bei Mastitis.<\/strong><\/h3>\n<\/div>\n\n\n\n<div class=\"wp-block-column is-vertically-aligned-center is-layout-flow wp-block-column-is-layout-flow\">\n<figure class=\"wp-block-gallery has-nested-images columns-default is-cropped wp-block-gallery-1 is-layout-flex wp-block-gallery-is-layout-flex\">\n<figure class=\"wp-block-image size-full\"><img decoding=\"async\" src=\"https:\/\/silveco.eu\/wp-content\/themes\/silveco\/assets\/images\/nanomast_wymiona.webp\" alt=\"\"\/><\/figure>\n<\/figure>\n<\/div>\n<\/div>\n<\/div>\n\n\n\n<h2 class=\"wp-block-heading\" style=\"font-style:normal;font-weight:700\">Vorbereitung zum Trocknen von K\u00fchen<\/h2>\n\n\n\n<p>Unser Produkt wird auch als Pr\u00e4parat zur Unterst\u00fctzung des Trockenstellens der Kuh empfohlen. Tragen Sie das Produkt nach dem letzten Melken an dem Tag, an dem das Trockenstellen geplant ist, auf die Zitze auf und verschlie\u00dfen Sie dann den Zitzenkanal mit einem speziellen Zitzenstopfen. <\/p>\n\n\n\n<h3 class=\"wp-block-heading\" style=\"font-size:clamp(1.146rem, 1.146rem + ((1vw - 0.2rem) * 0.934), 1.8rem);\">Behandlung von Mastitis <\/h3>\n\n\n\n<p>Mastitis, also eine Euterentz\u00fcndung, ist eine der h\u00e4ufigsten Erkrankungen bei Milchk\u00fchen. Chronische Mastitis ist besonders schwer zu behandeln, und ihr Auftreten wirkt sich negativ auf die Milchproduktion, die Tiergesundheit und die Rentabilit\u00e4t des Betriebs aus. Produkte, die auf modernen L\u00f6sungen basieren, wie SILVECO NanoMast, unterst\u00fctzen wirksam die Behandlung von Mastitis und leisten hervorragende Arbeit w\u00e4hrend der Trockenstehzeit der K\u00fche und bieten neue M\u00f6glichkeiten zur Bek\u00e4mpfung in diesem Bereich.  <s> <\/s>Lernen Sie unser Produkt kennen &#8211; polnisch, ungiftig, sicher w\u00e4hrend der Stillzeit, wirksam und ein hohes Ma\u00df an Sicherheit garantierend. <\/p>\n\n\n\n<p>Wir unterscheiden zwischen Entz\u00fcndungen in klinischer Form (gekennzeichnet durch sichtbare Krankheitssymptome) und in subklinischer Form (manifestiert durch eine erh\u00f6hte Anzahl somatischer Zellen in der Milch, w\u00e4hrend keine sichtbaren Symptome im Euter und\/oder in der Milch vorhanden sind). Die chronische Mastitis ist durch eine lang anhaltende Entz\u00fcndung des Euters gekennzeichnet, die zu dauerhaften Ver\u00e4nderungen des Dr\u00fcsengewebes f\u00fchren kann. <\/p>\n\n\n\n<p>Typische Symptome einer Mastitis sind:<\/p>\n\n\n\n<ul class=\"wp-block-list\">\n<li>geringere Milchproduktion,<\/li>\n\n\n\n<li>Ver\u00e4nderungen in der Konsistenz und Farbe der Milch,<\/li>\n\n\n\n<li>das Vorhandensein von Eiter oder Kl\u00fcmpchen in der Milch,<\/li>\n\n\n\n<li>Schmerzen und Schwellungen im Euter.<\/li>\n\n\n\n<li>Zunahme der Zahl der somatischen Zellen in der Milch<\/li>\n<\/ul>\n\n\n\n<p>Regelm\u00e4\u00dfige Milchuntersuchungen und die \u00dcberwachung der Kuhgesundheit sind wichtig f\u00fcr die Fr\u00fcherkennung von Mastitis und die Vorbeugung ihres akuten Verlaufs. Nano-Silber-Pr\u00e4parate erweisen sich als Unterst\u00fctzung bei der Vorbeugung &#8211; testen Sie unbedingt die Pr\u00e4parate aus unserem Sortiment. <\/p>\n\n\n\n<h3 class=\"wp-block-heading\" style=\"font-size:clamp(1.146rem, 1.146rem + ((1vw - 0.2rem) * 0.934), 1.8rem);\"><strong>Ein zeitgem\u00e4\u00dfer Ansatz zur Mastitisbehandlung &#8211; Pr\u00e4parate zum Trockenstellen von K\u00fchen<\/strong><\/h3>\n\n\n\n<p>Die Behandlung von Mastitis erfordert einen umfassenden Ansatz, der sowohl eine Pharmakotherapie als auch eine angemessene Pflege und Betreuung der Herde umfasst. Eine g\u00e4ngige Ma\u00dfnahme, die bei einer solchen Diagnose eingesetzt wird, ist ein Antibiotikum zur Bek\u00e4mpfung der bakteriellen Infektion. Es muss jedoch gut ausgew\u00e4hlt werden, was bedeutet, dass mikrobiologische Tests durchgef\u00fchrt werden m\u00fcssen, um den f\u00fcr die Krankheit verantwortlichen Erreger zu identifizieren. Neben Antibiotika werden Pr\u00e4parate zur Trocknung der K\u00fche und zur F\u00f6rderung der Regeneration des Dr\u00fcsengewebes sowie zur Linderung der Entz\u00fcndung eingesetzt. Wichtig f\u00fcr die Behandlung, aber auch f\u00fcr die Vorbeugung eines Wiederauftretens ist die Verbesserung der Hygiene im Kuhstall. Die regelm\u00e4\u00dfige Reinigung des Euters und die Desinfektion der Melkger\u00e4te mit nanosilberhaltigen Mitteln ist ein wesentlicher Bestandteil der Pr\u00e4vention.     <\/p>\n\n\n\n<h3 class=\"wp-block-heading\" style=\"font-size:clamp(1.146rem, 1.146rem + ((1vw - 0.2rem) * 0.934), 1.8rem);\">Antibakterielles Pr\u00e4parat f\u00fcr Euter <\/h3>\n\n\n\n<p>Die Eutergesundheit von Milchk\u00fchen ist sehr wichtig. Mastitis, eine Entz\u00fcndung der Milchdr\u00fcse, kann zu schwerwiegenden tiergesundheitlichen Problemen und wirtschaftlichen Verlusten f\u00fcr den Betrieb f\u00fchren. Um Entz\u00fcndungen wirksam zu verhindern und die Regeneration der Zitzenhaut zu f\u00f6rdern, lohnt es sich, zu einem modernen antimikrobiellen Zitzenpr\u00e4parat zu greifen, das nicht nur Keime bek\u00e4mpft<strong>,<\/strong> sondern auch die empfindliche Zitzenhaut pflegt und sch\u00fctzt.  <\/p>\n\n\n\n<h3 class=\"wp-block-heading\" style=\"font-size:clamp(1.146rem, 1.146rem + ((1vw - 0.2rem) * 0.934), 1.8rem);\"><strong>Wie funktioniert das antibakterielle  Pr\u00e4parat f\u00fcr<\/strong> das Euter?<\/h3>\n\n\n\n<p>Antibakterielles Pr\u00e4parat f\u00fcr das Euter auf der Basis von Nanosilber beseitigt wirksam die f\u00fcr Infektionen verantwortlichen Krankheitserreger. Angereichert mit reizlindernden und abschwellenden Wirkstoffen hat es eine entz\u00fcndungshemmende Wirkung. Es spendet Feuchtigkeit und regeneriert die Haut, f\u00f6rdert die Heilung und beugt Rissbildung und Trockenheit der Zitzenhaut vor. Das antimikrobielle Euterpr\u00e4parat enth\u00e4lt au\u00dferdem Inhaltsstoffe, die das Euter vor Neuinfektionen sch\u00fctzen.   <\/p>\n\n\n\n<h3 class=\"wp-block-heading\" style=\"font-size:clamp(1.146rem, 1.146rem + ((1vw - 0.2rem) * 0.934), 1.8rem);\">Silveco NanoMast &#8211; ein modernes Pr\u00e4parat <strong>zur  Pflege und Pr\u00e4vention von Eutern<\/strong><\/h3>\n\n\n\n<p>Silveco NanoMast ist eine Formel, die die Wirksamkeit von Nanosilber mit einem Komplex aus regenerierenden Inhaltsstoffen kombiniert. Dank seiner einzigartigen Formel: <\/p>\n\n\n\n<ul class=\"wp-block-list\">\n<li>Bietet langfristigen Schutz gegen das Wachstum von pathogenen Mikroorganismen <\/li>\n\n\n\n<li>Reduziert die Anzahl der Mikroorganismen<\/li>\n\n\n\n<li>Es ist keine Wartezeit erforderlich &#8211; es kann verwendet werden, ohne dass die Gefahr besteht, dass die Milch vom Markt genommen wird.<\/li>\n\n\n\n<li>Befeuchtet und sch\u00fctzt die Haut des Euters und beugt Sch\u00e4den vor.<\/li>\n\n\n\n<li>Es kann sowohl w\u00e4hrend der Stillzeit als auch in der S\u00e4ugeperiode verwendet werden.<\/li>\n<\/ul>\n\n\n\n<p>Die regelm\u00e4\u00dfige Anwendung des antimikrobiellen Euterpr\u00e4parats ist wirksam bei der Vorbeugung von Infektionen und wirkt sich gleichzeitig positiv auf das Wohlbefinden der Milchk\u00fche aus.<\/p>\n<\/div>\n","protected":false},"excerpt":{"rendered":"<h3><span style=\"color: #38aa45;\">Produkt zur Pflege und Eutergesundheit bei Milchk\u00fchen.<\/span><\/h3>\n<h3><span style=\"color: #175abf;\">Stopp der Mastitis in der Zucht!<\/span><\/h3>\n<p class=\"fs-14\">Bequeme und pr\u00e4zise Anwendung dank der Turbospritze. Bietet langanhaltenden Schutz und verhindert das Wachstum von Mikroorganismen.<\/p>\n<ul class=\"fs-14\">\n<li><strong>Der h\u00f6chste Gehalt an aktiven Silberformen auf dem Markt*<\/strong><\/li>\n<li>Systematische Anwendung des Mittels reduziert das Risiko einer Mastitis<\/li>\n<li>Dank eines selektiv ausgew\u00e4hlten Rezepts sorgt es f\u00fcr eine ordnungsgem\u00e4\u00dfe Hydratation der Zitzen und verhindert, dass sie austrocknen<\/li>\n<li>Unterst\u00fctzend w\u00e4hrend der Trocknungszeit<\/li>\n<\/ul>\n<p class=\"fs-14\">Verpackung:<br \/>\n-Box -12 St\u00fcck 10 ml Tuben<br \/>\n-Box -Eimer 120 St\u00fcck 10 ml Tuben<\/p>\n<p class=\"fs-14\">* Basierend auf einer getesteten Gruppe von sieben Produkten.<br \/>\nZusammensetzung: Silber, Glycerin, Natriumlactat, Allantoin<\/p>\n","protected":false},"featured_media":3810,"comment_status":"open","ping_status":"closed","template":"","meta":{"_acf_changed":false,"inline_featured_image":false},"product_brand":[],"product_cat":[110],"product_tag":[],"class_list":{"0":"post-2884","1":"product","2":"type-product","3":"status-publish","4":"has-post-thumbnail","6":"product_cat-gesundheit-von-euter-und-fortpflanzungsorganen","8":"first","9":"instock","10":"shipping-taxable","11":"product-type-simple"},"acf":[],"yoast_head":"<!-- This site is optimized with the Yoast SEO plugin v26.4 - https:\/\/yoast.com\/wordpress\/plugins\/seo\/ -->\n<title>Vorbereitung zum Trockenstellen von K\u00fchen - Behandlung von chronischer Mastitis<\/title>\n<meta name=\"description\" content=\"Moderne Behandlungsmittel und solche, die w\u00e4hrend der Trockenstehzeit der Kuh hervorragende Arbeit leisten, wie Silveco NanoMast, bieten neue M\u00f6glichkeiten, dieses Problem zu bek\u00e4mpfen.\" \/>\n<meta name=\"robots\" content=\"index, follow, max-snippet:-1, max-image-preview:large, max-video-preview:-1\" \/>\n<link rel=\"canonical\" href=\"https:\/\/silveco.eu\/de\/produkt\/nanomast\/\" \/>\n<meta property=\"og:locale\" content=\"de_DE\" \/>\n<meta property=\"og:type\" content=\"article\" \/>\n<meta property=\"og:title\" content=\"Vorbereitung zum Trockenstellen von K\u00fchen - Behandlung von chronischer Mastitis\" \/>\n<meta property=\"og:description\" content=\"Moderne Behandlungsmittel und solche, die w\u00e4hrend der Trockenstehzeit der Kuh hervorragende Arbeit leisten, wie Silveco NanoMast, bieten neue M\u00f6glichkeiten, dieses Problem zu bek\u00e4mpfen.\" \/>\n<meta property=\"og:url\" content=\"https:\/\/silveco.eu\/de\/produkt\/nanomast\/\" \/>\n<meta property=\"og:site_name\" content=\"Silveco\" \/>\n<meta property=\"article:modified_time\" content=\"2026-03-23T07:43:19+00:00\" \/>\n<meta property=\"og:image\" content=\"https:\/\/silveco.eu\/wp-content\/uploads\/2024\/01\/NanoMast-800x800-1.png\" \/>\n\t<meta property=\"og:image:width\" content=\"800\" \/>\n\t<meta property=\"og:image:height\" content=\"800\" \/>\n\t<meta property=\"og:image:type\" content=\"image\/png\" \/>\n<meta name=\"twitter:card\" content=\"summary_large_image\" \/>\n<meta name=\"twitter:label1\" content=\"Gesch\u00e4tzte Lesezeit\" \/>\n\t<meta name=\"twitter:data1\" content=\"1\u00a0Minute\" \/>\n<script type=\"application\/ld+json\" class=\"yoast-schema-graph\">{\"@context\":\"https:\/\/schema.org\",\"@graph\":[{\"@type\":\"WebPage\",\"@id\":\"https:\/\/silveco.eu\/de\/produkt\/nanomast\/\",\"url\":\"https:\/\/silveco.eu\/de\/produkt\/nanomast\/\",\"name\":\"Vorbereitung zum Trockenstellen von K\u00fchen - Behandlung von chronischer Mastitis\",\"isPartOf\":{\"@id\":\"https:\/\/silveco.eu\/#website\"},\"primaryImageOfPage\":{\"@id\":\"https:\/\/silveco.eu\/de\/produkt\/nanomast\/#primaryimage\"},\"image\":{\"@id\":\"https:\/\/silveco.eu\/de\/produkt\/nanomast\/#primaryimage\"},\"thumbnailUrl\":\"https:\/\/silveco.eu\/wp-content\/uploads\/2024\/01\/NanoMast-800x800-1.png\",\"datePublished\":\"2023-04-11T10:35:04+00:00\",\"dateModified\":\"2026-03-23T07:43:19+00:00\",\"description\":\"Moderne Behandlungsmittel und solche, die w\u00e4hrend der Trockenstehzeit der Kuh hervorragende Arbeit leisten, wie Silveco NanoMast, bieten neue M\u00f6glichkeiten, dieses Problem zu bek\u00e4mpfen.\",\"breadcrumb\":{\"@id\":\"https:\/\/silveco.eu\/de\/produkt\/nanomast\/#breadcrumb\"},\"inLanguage\":\"de\",\"potentialAction\":[{\"@type\":\"ReadAction\",\"target\":[\"https:\/\/silveco.eu\/de\/produkt\/nanomast\/\"]}]},{\"@type\":\"ImageObject\",\"inLanguage\":\"de\",\"@id\":\"https:\/\/silveco.eu\/de\/produkt\/nanomast\/#primaryimage\",\"url\":\"https:\/\/silveco.eu\/wp-content\/uploads\/2024\/01\/NanoMast-800x800-1.png\",\"contentUrl\":\"https:\/\/silveco.eu\/wp-content\/uploads\/2024\/01\/NanoMast-800x800-1.png\",\"width\":800,\"height\":800},{\"@type\":\"BreadcrumbList\",\"@id\":\"https:\/\/silveco.eu\/de\/produkt\/nanomast\/#breadcrumb\",\"itemListElement\":[{\"@type\":\"ListItem\",\"position\":1,\"name\":\"Strona g\u0142\u00f3wna\",\"item\":\"https:\/\/silveco.eu\/de\/\"},{\"@type\":\"ListItem\",\"position\":2,\"name\":\"Sklep\",\"item\":\"https:\/\/silveco.eu\/sklep\/\"},{\"@type\":\"ListItem\",\"position\":3,\"name\":\"SILVECO NanoMast Pr\u00e4parat zur Pflege und Vorbeugung von Eutern\"}]},{\"@type\":\"WebSite\",\"@id\":\"https:\/\/silveco.eu\/#website\",\"url\":\"https:\/\/silveco.eu\/\",\"name\":\"Silveco\",\"description\":\"Twoje wsparcie w hodowli\",\"publisher\":{\"@id\":\"https:\/\/silveco.eu\/#organization\"},\"potentialAction\":[{\"@type\":\"SearchAction\",\"target\":{\"@type\":\"EntryPoint\",\"urlTemplate\":\"https:\/\/silveco.eu\/?s={search_term_string}\"},\"query-input\":{\"@type\":\"PropertyValueSpecification\",\"valueRequired\":true,\"valueName\":\"search_term_string\"}}],\"inLanguage\":\"de\"},{\"@type\":\"Organization\",\"@id\":\"https:\/\/silveco.eu\/#organization\",\"name\":\"Silveco\",\"url\":\"https:\/\/silveco.eu\/\",\"logo\":{\"@type\":\"ImageObject\",\"inLanguage\":\"de\",\"@id\":\"https:\/\/silveco.eu\/#\/schema\/logo\/image\/\",\"url\":\"https:\/\/silveco.eu\/wp-content\/uploads\/2023\/03\/image-16.svg\",\"contentUrl\":\"https:\/\/silveco.eu\/wp-content\/uploads\/2023\/03\/image-16.svg\",\"width\":217,\"height\":40,\"caption\":\"Silveco\"},\"image\":{\"@id\":\"https:\/\/silveco.eu\/#\/schema\/logo\/image\/\"}}]}<\/script>\n<!-- \/ Yoast SEO plugin. -->","yoast_head_json":{"title":"Vorbereitung zum Trockenstellen von K\u00fchen - Behandlung von chronischer Mastitis","description":"Moderne Behandlungsmittel und solche, die w\u00e4hrend der Trockenstehzeit der Kuh hervorragende Arbeit leisten, wie Silveco NanoMast, bieten neue M\u00f6glichkeiten, dieses Problem zu bek\u00e4mpfen.","robots":{"index":"index","follow":"follow","max-snippet":"max-snippet:-1","max-image-preview":"max-image-preview:large","max-video-preview":"max-video-preview:-1"},"canonical":"https:\/\/silveco.eu\/de\/produkt\/nanomast\/","og_locale":"de_DE","og_type":"article","og_title":"Vorbereitung zum Trockenstellen von K\u00fchen - Behandlung von chronischer Mastitis","og_description":"Moderne Behandlungsmittel und solche, die w\u00e4hrend der Trockenstehzeit der Kuh hervorragende Arbeit leisten, wie Silveco NanoMast, bieten neue M\u00f6glichkeiten, dieses Problem zu bek\u00e4mpfen.","og_url":"https:\/\/silveco.eu\/de\/produkt\/nanomast\/","og_site_name":"Silveco","article_modified_time":"2026-03-23T07:43:19+00:00","og_image":[{"width":800,"height":800,"url":"https:\/\/silveco.eu\/wp-content\/uploads\/2024\/01\/NanoMast-800x800-1.png","type":"image\/png"}],"twitter_card":"summary_large_image","twitter_misc":{"Gesch\u00e4tzte Lesezeit":"1\u00a0Minute"},"schema":{"@context":"https:\/\/schema.org","@graph":[{"@type":"WebPage","@id":"https:\/\/silveco.eu\/de\/produkt\/nanomast\/","url":"https:\/\/silveco.eu\/de\/produkt\/nanomast\/","name":"Vorbereitung zum Trockenstellen von K\u00fchen - Behandlung von chronischer Mastitis","isPartOf":{"@id":"https:\/\/silveco.eu\/#website"},"primaryImageOfPage":{"@id":"https:\/\/silveco.eu\/de\/produkt\/nanomast\/#primaryimage"},"image":{"@id":"https:\/\/silveco.eu\/de\/produkt\/nanomast\/#primaryimage"},"thumbnailUrl":"https:\/\/silveco.eu\/wp-content\/uploads\/2024\/01\/NanoMast-800x800-1.png","datePublished":"2023-04-11T10:35:04+00:00","dateModified":"2026-03-23T07:43:19+00:00","description":"Moderne Behandlungsmittel und solche, die w\u00e4hrend der Trockenstehzeit der Kuh hervorragende Arbeit leisten, wie Silveco NanoMast, bieten neue M\u00f6glichkeiten, dieses Problem zu bek\u00e4mpfen.","breadcrumb":{"@id":"https:\/\/silveco.eu\/de\/produkt\/nanomast\/#breadcrumb"},"inLanguage":"de","potentialAction":[{"@type":"ReadAction","target":["https:\/\/silveco.eu\/de\/produkt\/nanomast\/"]}]},{"@type":"ImageObject","inLanguage":"de","@id":"https:\/\/silveco.eu\/de\/produkt\/nanomast\/#primaryimage","url":"https:\/\/silveco.eu\/wp-content\/uploads\/2024\/01\/NanoMast-800x800-1.png","contentUrl":"https:\/\/silveco.eu\/wp-content\/uploads\/2024\/01\/NanoMast-800x800-1.png","width":800,"height":800},{"@type":"BreadcrumbList","@id":"https:\/\/silveco.eu\/de\/produkt\/nanomast\/#breadcrumb","itemListElement":[{"@type":"ListItem","position":1,"name":"Strona g\u0142\u00f3wna","item":"https:\/\/silveco.eu\/de\/"},{"@type":"ListItem","position":2,"name":"Sklep","item":"https:\/\/silveco.eu\/sklep\/"},{"@type":"ListItem","position":3,"name":"SILVECO NanoMast Pr\u00e4parat zur Pflege und Vorbeugung von Eutern"}]},{"@type":"WebSite","@id":"https:\/\/silveco.eu\/#website","url":"https:\/\/silveco.eu\/","name":"Silveco","description":"Twoje wsparcie w hodowli","publisher":{"@id":"https:\/\/silveco.eu\/#organization"},"potentialAction":[{"@type":"SearchAction","target":{"@type":"EntryPoint","urlTemplate":"https:\/\/silveco.eu\/?s={search_term_string}"},"query-input":{"@type":"PropertyValueSpecification","valueRequired":true,"valueName":"search_term_string"}}],"inLanguage":"de"},{"@type":"Organization","@id":"https:\/\/silveco.eu\/#organization","name":"Silveco","url":"https:\/\/silveco.eu\/","logo":{"@type":"ImageObject","inLanguage":"de","@id":"https:\/\/silveco.eu\/#\/schema\/logo\/image\/","url":"https:\/\/silveco.eu\/wp-content\/uploads\/2023\/03\/image-16.svg","contentUrl":"https:\/\/silveco.eu\/wp-content\/uploads\/2023\/03\/image-16.svg","width":217,"height":40,"caption":"Silveco"},"image":{"@id":"https:\/\/silveco.eu\/#\/schema\/logo\/image\/"}}]}},"_links":{"self":[{"href":"https:\/\/silveco.eu\/de\/wp-json\/wp\/v2\/product\/2884","targetHints":{"allow":["GET"]}}],"collection":[{"href":"https:\/\/silveco.eu\/de\/wp-json\/wp\/v2\/product"}],"about":[{"href":"https:\/\/silveco.eu\/de\/wp-json\/wp\/v2\/types\/product"}],"replies":[{"embeddable":true,"href":"https:\/\/silveco.eu\/de\/wp-json\/wp\/v2\/comments?post=2884"}],"wp:featuredmedia":[{"embeddable":true,"href":"https:\/\/silveco.eu\/de\/wp-json\/wp\/v2\/media\/3810"}],"wp:attachment":[{"href":"https:\/\/silveco.eu\/de\/wp-json\/wp\/v2\/media?parent=2884"}],"wp:term":[{"taxonomy":"product_brand","embeddable":true,"href":"https:\/\/silveco.eu\/de\/wp-json\/wp\/v2\/product_brand?post=2884"},{"taxonomy":"product_cat","embeddable":true,"href":"https:\/\/silveco.eu\/de\/wp-json\/wp\/v2\/product_cat?post=2884"},{"taxonomy":"product_tag","embeddable":true,"href":"https:\/\/silveco.eu\/de\/wp-json\/wp\/v2\/product_tag?post=2884"}],"curies":[{"name":"wp","href":"https:\/\/api.w.org\/{rel}","templated":true}]}}