{"id":3217,"date":"2023-08-24T14:16:44","date_gmt":"2023-08-24T12:16:44","guid":{"rendered":"https:\/\/silveco.eu\/?post_type=product&#038;p=3217"},"modified":"2026-03-23T08:47:07","modified_gmt":"2026-03-23T07:47:07","slug":"silveco-krem-do-regeneracji-rogu-racicowego","status":"publish","type":"product","link":"https:\/\/silveco.eu\/de\/produkt\/silveco-krem-do-regeneracji-rogu-racicowego\/","title":{"rendered":"SILVECO NanoHoof Cream f\u00fcr die Hufhornregeneration"},"content":{"rendered":"\n<div class=\"wp-block-group has-global-padding is-layout-constrained wp-block-group-is-layout-constrained\">\n<div class=\"wp-block-group has-global-padding is-layout-constrained wp-block-group-is-layout-constrained\">\n<div class=\"wp-block-group benefits-section has-light-grey-fade-gradient-background has-background has-global-padding is-layout-constrained wp-container-core-group-is-layout-9ad842e3 wp-block-group-is-layout-constrained\" style=\"border-radius:24px;margin-bottom:var(--wp--preset--spacing--70);padding-top:64px;padding-right:16px;padding-bottom:64px;padding-left:16px\">\n<h2 class=\"wp-block-heading has-text-align-center has-secondary-color has-text-color has-huge-font-size\">Die wichtigsten <mark style=\"background-color:rgba(0, 0, 0, 0)\" class=\"has-inline-color has-primary-color\">Vorteile:<\/mark><\/h2>\n\n\n\n<div class=\"wp-block-group benefits-section__icon-boxes is-content-justification-space-between is-nowrap is-layout-flex wp-container-core-group-is-layout-62a6d66b wp-block-group-is-layout-flex\" style=\"padding-right:80px;padding-left:80px\">\n<div class=\"wp-block-media-text alignwide is-stacked-on-mobile is-vertically-aligned-center\"><figure class=\"wp-block-media-text__media\"><img loading=\"lazy\" decoding=\"async\" width=\"161\" height=\"161\" src=\"https:\/\/silveco.eu\/wp-content\/uploads\/2023\/05\/Gojenie-ran-1.png\" alt=\"\" class=\"wp-image-1594 size-full\" srcset=\"https:\/\/silveco.eu\/wp-content\/uploads\/2023\/05\/Gojenie-ran-1.png 161w, https:\/\/silveco.eu\/wp-content\/uploads\/2023\/05\/Gojenie-ran-1-100x100.png 100w\" sizes=\"auto, (max-width: 161px) 100vw, 161px\" \/><\/figure><div class=\"wp-block-media-text__content\">\n<p>Regeneration und Schutz<\/p>\n<\/div><\/div>\n\n\n\n<div class=\"wp-block-media-text alignwide is-stacked-on-mobile is-vertically-aligned-center\"><figure class=\"wp-block-media-text__media\"><img loading=\"lazy\" decoding=\"async\" width=\"161\" height=\"161\" src=\"https:\/\/silveco.eu\/wp-content\/uploads\/2023\/05\/Antybiotyki.png\" alt=\"\" class=\"wp-image-1514 size-full\" srcset=\"https:\/\/silveco.eu\/wp-content\/uploads\/2023\/05\/Antybiotyki.png 161w, https:\/\/silveco.eu\/wp-content\/uploads\/2023\/05\/Antybiotyki-100x100.png 100w\" sizes=\"auto, (max-width: 161px) 100vw, 161px\" \/><\/figure><div class=\"wp-block-media-text__content\">\n<p>Ohne Antibiotika<\/p>\n<\/div><\/div>\n\n\n\n<div class=\"wp-block-media-text alignwide is-stacked-on-mobile is-vertically-aligned-center\"><figure class=\"wp-block-media-text__media\"><img loading=\"lazy\" decoding=\"async\" width=\"161\" height=\"160\" src=\"https:\/\/silveco.eu\/wp-content\/themes\/silveco\/assets\/images\/active_silver_ICON160.webp\" alt=\"\" class=\"wp-image-1010 size-full\"\/><\/figure><div class=\"wp-block-media-text__content\">\n<p>Aktive Formen von Silber<\/p>\n<\/div><\/div>\n\n\n\n<div class=\"wp-block-media-text alignwide is-stacked-on-mobile is-vertically-aligned-center\"><figure class=\"wp-block-media-text__media\"><img loading=\"lazy\" decoding=\"async\" width=\"161\" height=\"161\" src=\"https:\/\/silveco.eu\/wp-content\/uploads\/2023\/05\/Latwe-stosowanie.png\" alt=\"\" class=\"wp-image-1542 size-full\" srcset=\"https:\/\/silveco.eu\/wp-content\/uploads\/2023\/05\/Latwe-stosowanie.png 161w, https:\/\/silveco.eu\/wp-content\/uploads\/2023\/05\/Latwe-stosowanie-100x100.png 100w\" sizes=\"auto, (max-width: 161px) 100vw, 161px\" \/><\/figure><div class=\"wp-block-media-text__content\">\n<p>Einfache Anwendung<\/p>\n<\/div><\/div>\n\n\n\n<div class=\"wp-block-media-text alignwide is-stacked-on-mobile is-vertically-aligned-center\"><figure class=\"wp-block-media-text__media\"><img loading=\"lazy\" decoding=\"async\" width=\"161\" height=\"160\" src=\"https:\/\/silveco.eu\/wp-content\/uploads\/2023\/05\/Lider.png\" alt=\"\" class=\"wp-image-1540 size-full\" srcset=\"https:\/\/silveco.eu\/wp-content\/uploads\/2023\/05\/Lider.png 161w, https:\/\/silveco.eu\/wp-content\/uploads\/2023\/05\/Lider-100x100.png 100w\" sizes=\"auto, (max-width: 161px) 100vw, 161px\" \/><\/figure><div class=\"wp-block-media-text__content\">\n<p>Marktf\u00fchrer<\/p>\n<\/div><\/div>\n<\/div>\n<\/div>\n<\/div>\n\n\n\n<h2 class=\"wp-block-heading fs-48\" style=\"font-style:normal;font-weight:800;line-height:1.2\">Anwendung: <\/h2>\n\n\n\n<p class=\"fs-14\"><strong>SILVECO Hufhornregenerationscreme<\/strong> ist ein Pr\u00e4parat zur Anwendung innerhalb des Hufhorns, insbesondere bei Mikroverletzungen oder Hohlr\u00e4umen im Hufhorn, z.B. durch die Notwendigkeit der Entfernung des betroffenen Gewebes bei der Korrektur. <strong>SILVECO Creme<\/strong>, die auf eine gereinigte und desinfizierte Oberfl\u00e4che aufgetragen wird, hemmt die Entwicklung von gef\u00e4hrlichen pathogenen Mikroorganismen durch die darin enthaltenen aktiven Silberformen. <\/p>\n\n\n\n<p class=\"fs-14\">Dank der Verwendung von Inhaltsstoffen mit erh\u00f6hter Durchl\u00e4ssigkeit sch\u00fctzt sie nicht nur die Oberfl\u00e4che, sondern auch die tieferen Schichten des Hufballens. Die Fettbasis der Creme n\u00e4hrt, sch\u00fctzt und st\u00e4rkt das Klauenhorn und regt den Wiederaufbau an.<\/p>\n<\/div>\n","protected":false},"excerpt":{"rendered":"<h3><span style=\"color: #38aa45;\">Hohe Effizienz bei Korrekturverfahren<\/span> <span style=\"color: #ac0707;\">ohne den Einsatz von Kupfersulfat.<\/span><\/h3>\n<ul class=\"fs-14\">\n<li>Regeneriert, sch\u00fctzt und erh\u00e4lt die Elastizit\u00e4t der Klauen<\/li>\n<li>Enth\u00e4lt keine Antibiotika<\/li>\n<li>Einfache Anwendung<\/li>\n<li>Silbernanokomplexe<\/li>\n<\/ul>\n<h3><span style=\"color: #38aa45;\"><strong>Anwendung:<\/strong><\/span><\/h3>\n<p class=\"fs-14\">Auf die gereinigte, gewaschene und getrocknete Oberfl\u00e4che des Klauenhorns auftragen. Gegebenenfalls einen Verband anlegen.<\/p>\n<p>Verpackung: 250 g, 450 g<\/p>\n","protected":false},"featured_media":3741,"comment_status":"open","ping_status":"closed","template":"","meta":{"_acf_changed":false,"inline_featured_image":false},"product_brand":[],"product_cat":[108],"product_tag":[],"class_list":{"0":"post-3217","1":"product","2":"type-product","3":"status-publish","4":"has-post-thumbnail","6":"product_cat-korrektur-der-hufe","8":"first","9":"instock","10":"shipping-taxable","11":"product-type-simple"},"acf":[],"yoast_head":"<!-- This site is optimized with the Yoast SEO plugin v26.4 - https:\/\/yoast.com\/wordpress\/plugins\/seo\/ -->\n<title>SILVECO NanoHoof Cream f\u00fcr die Hufhornregeneration - Silveco<\/title>\n<meta name=\"robots\" content=\"index, follow, max-snippet:-1, max-image-preview:large, max-video-preview:-1\" \/>\n<link rel=\"canonical\" href=\"https:\/\/silveco.eu\/de\/produkt\/silveco-krem-do-regeneracji-rogu-racicowego\/\" \/>\n<meta property=\"og:locale\" content=\"de_DE\" \/>\n<meta property=\"og:type\" content=\"article\" \/>\n<meta property=\"og:title\" content=\"SILVECO NanoHoof Cream f\u00fcr die Hufhornregeneration - Silveco\" \/>\n<meta property=\"og:description\" content=\"Hohe Effizienz bei Korrekturverfahren ohne den Einsatz von Kupfersulfat.  Regeneriert, sch\u00fctzt und erh\u00e4lt die Elastizit\u00e4t der Klauen  Enth\u00e4lt keine Antibiotika  Einfache Anwendung  Silbernanokomplexe Anwendung: Auf die gereinigte, gewaschene und getrocknete Oberfl\u00e4che des Klauenhorns auftragen. Gegebenenfalls einen Verband anlegen. Verpackung: 250 g, 450 g\" \/>\n<meta property=\"og:url\" content=\"https:\/\/silveco.eu\/de\/produkt\/silveco-krem-do-regeneracji-rogu-racicowego\/\" \/>\n<meta property=\"og:site_name\" content=\"Silveco\" \/>\n<meta property=\"article:modified_time\" content=\"2026-03-23T07:47:07+00:00\" \/>\n<meta property=\"og:image\" content=\"https:\/\/silveco.eu\/wp-content\/uploads\/2023\/08\/Nanohoof-razem.png\" \/>\n\t<meta property=\"og:image:width\" content=\"800\" \/>\n\t<meta property=\"og:image:height\" content=\"800\" \/>\n\t<meta property=\"og:image:type\" content=\"image\/png\" \/>\n<meta name=\"twitter:card\" content=\"summary_large_image\" \/>\n<meta name=\"twitter:label1\" content=\"Gesch\u00e4tzte Lesezeit\" \/>\n\t<meta name=\"twitter:data1\" content=\"1\u00a0Minute\" \/>\n<script type=\"application\/ld+json\" class=\"yoast-schema-graph\">{\"@context\":\"https:\/\/schema.org\",\"@graph\":[{\"@type\":\"WebPage\",\"@id\":\"https:\/\/silveco.eu\/de\/produkt\/silveco-krem-do-regeneracji-rogu-racicowego\/\",\"url\":\"https:\/\/silveco.eu\/de\/produkt\/silveco-krem-do-regeneracji-rogu-racicowego\/\",\"name\":\"SILVECO NanoHoof Cream f\u00fcr die Hufhornregeneration - Silveco\",\"isPartOf\":{\"@id\":\"https:\/\/silveco.eu\/#website\"},\"primaryImageOfPage\":{\"@id\":\"https:\/\/silveco.eu\/de\/produkt\/silveco-krem-do-regeneracji-rogu-racicowego\/#primaryimage\"},\"image\":{\"@id\":\"https:\/\/silveco.eu\/de\/produkt\/silveco-krem-do-regeneracji-rogu-racicowego\/#primaryimage\"},\"thumbnailUrl\":\"https:\/\/silveco.eu\/wp-content\/uploads\/2023\/08\/Nanohoof-razem.png\",\"datePublished\":\"2023-08-24T12:16:44+00:00\",\"dateModified\":\"2026-03-23T07:47:07+00:00\",\"breadcrumb\":{\"@id\":\"https:\/\/silveco.eu\/de\/produkt\/silveco-krem-do-regeneracji-rogu-racicowego\/#breadcrumb\"},\"inLanguage\":\"de\",\"potentialAction\":[{\"@type\":\"ReadAction\",\"target\":[\"https:\/\/silveco.eu\/de\/produkt\/silveco-krem-do-regeneracji-rogu-racicowego\/\"]}]},{\"@type\":\"ImageObject\",\"inLanguage\":\"de\",\"@id\":\"https:\/\/silveco.eu\/de\/produkt\/silveco-krem-do-regeneracji-rogu-racicowego\/#primaryimage\",\"url\":\"https:\/\/silveco.eu\/wp-content\/uploads\/2023\/08\/Nanohoof-razem.png\",\"contentUrl\":\"https:\/\/silveco.eu\/wp-content\/uploads\/2023\/08\/Nanohoof-razem.png\",\"width\":800,\"height\":800},{\"@type\":\"BreadcrumbList\",\"@id\":\"https:\/\/silveco.eu\/de\/produkt\/silveco-krem-do-regeneracji-rogu-racicowego\/#breadcrumb\",\"itemListElement\":[{\"@type\":\"ListItem\",\"position\":1,\"name\":\"Strona g\u0142\u00f3wna\",\"item\":\"https:\/\/silveco.eu\/de\/\"},{\"@type\":\"ListItem\",\"position\":2,\"name\":\"Sklep\",\"item\":\"https:\/\/silveco.eu\/sklep\/\"},{\"@type\":\"ListItem\",\"position\":3,\"name\":\"SILVECO NanoHoof Cream f\u00fcr die Hufhornregeneration\"}]},{\"@type\":\"WebSite\",\"@id\":\"https:\/\/silveco.eu\/#website\",\"url\":\"https:\/\/silveco.eu\/\",\"name\":\"Silveco\",\"description\":\"Twoje wsparcie w hodowli\",\"publisher\":{\"@id\":\"https:\/\/silveco.eu\/#organization\"},\"potentialAction\":[{\"@type\":\"SearchAction\",\"target\":{\"@type\":\"EntryPoint\",\"urlTemplate\":\"https:\/\/silveco.eu\/?s={search_term_string}\"},\"query-input\":{\"@type\":\"PropertyValueSpecification\",\"valueRequired\":true,\"valueName\":\"search_term_string\"}}],\"inLanguage\":\"de\"},{\"@type\":\"Organization\",\"@id\":\"https:\/\/silveco.eu\/#organization\",\"name\":\"Silveco\",\"url\":\"https:\/\/silveco.eu\/\",\"logo\":{\"@type\":\"ImageObject\",\"inLanguage\":\"de\",\"@id\":\"https:\/\/silveco.eu\/#\/schema\/logo\/image\/\",\"url\":\"https:\/\/silveco.eu\/wp-content\/uploads\/2023\/03\/image-16.svg\",\"contentUrl\":\"https:\/\/silveco.eu\/wp-content\/uploads\/2023\/03\/image-16.svg\",\"width\":217,\"height\":40,\"caption\":\"Silveco\"},\"image\":{\"@id\":\"https:\/\/silveco.eu\/#\/schema\/logo\/image\/\"}}]}<\/script>\n<!-- \/ Yoast SEO plugin. -->","yoast_head_json":{"title":"SILVECO NanoHoof Cream f\u00fcr die Hufhornregeneration - Silveco","robots":{"index":"index","follow":"follow","max-snippet":"max-snippet:-1","max-image-preview":"max-image-preview:large","max-video-preview":"max-video-preview:-1"},"canonical":"https:\/\/silveco.eu\/de\/produkt\/silveco-krem-do-regeneracji-rogu-racicowego\/","og_locale":"de_DE","og_type":"article","og_title":"SILVECO NanoHoof Cream f\u00fcr die Hufhornregeneration - Silveco","og_description":"Hohe Effizienz bei Korrekturverfahren ohne den Einsatz von Kupfersulfat.  Regeneriert, sch\u00fctzt und erh\u00e4lt die Elastizit\u00e4t der Klauen  Enth\u00e4lt keine Antibiotika  Einfache Anwendung  Silbernanokomplexe Anwendung: Auf die gereinigte, gewaschene und getrocknete Oberfl\u00e4che des Klauenhorns auftragen. Gegebenenfalls einen Verband anlegen. Verpackung: 250 g, 450 g","og_url":"https:\/\/silveco.eu\/de\/produkt\/silveco-krem-do-regeneracji-rogu-racicowego\/","og_site_name":"Silveco","article_modified_time":"2026-03-23T07:47:07+00:00","og_image":[{"width":800,"height":800,"url":"https:\/\/silveco.eu\/wp-content\/uploads\/2023\/08\/Nanohoof-razem.png","type":"image\/png"}],"twitter_card":"summary_large_image","twitter_misc":{"Gesch\u00e4tzte Lesezeit":"1\u00a0Minute"},"schema":{"@context":"https:\/\/schema.org","@graph":[{"@type":"WebPage","@id":"https:\/\/silveco.eu\/de\/produkt\/silveco-krem-do-regeneracji-rogu-racicowego\/","url":"https:\/\/silveco.eu\/de\/produkt\/silveco-krem-do-regeneracji-rogu-racicowego\/","name":"SILVECO NanoHoof Cream f\u00fcr die Hufhornregeneration - Silveco","isPartOf":{"@id":"https:\/\/silveco.eu\/#website"},"primaryImageOfPage":{"@id":"https:\/\/silveco.eu\/de\/produkt\/silveco-krem-do-regeneracji-rogu-racicowego\/#primaryimage"},"image":{"@id":"https:\/\/silveco.eu\/de\/produkt\/silveco-krem-do-regeneracji-rogu-racicowego\/#primaryimage"},"thumbnailUrl":"https:\/\/silveco.eu\/wp-content\/uploads\/2023\/08\/Nanohoof-razem.png","datePublished":"2023-08-24T12:16:44+00:00","dateModified":"2026-03-23T07:47:07+00:00","breadcrumb":{"@id":"https:\/\/silveco.eu\/de\/produkt\/silveco-krem-do-regeneracji-rogu-racicowego\/#breadcrumb"},"inLanguage":"de","potentialAction":[{"@type":"ReadAction","target":["https:\/\/silveco.eu\/de\/produkt\/silveco-krem-do-regeneracji-rogu-racicowego\/"]}]},{"@type":"ImageObject","inLanguage":"de","@id":"https:\/\/silveco.eu\/de\/produkt\/silveco-krem-do-regeneracji-rogu-racicowego\/#primaryimage","url":"https:\/\/silveco.eu\/wp-content\/uploads\/2023\/08\/Nanohoof-razem.png","contentUrl":"https:\/\/silveco.eu\/wp-content\/uploads\/2023\/08\/Nanohoof-razem.png","width":800,"height":800},{"@type":"BreadcrumbList","@id":"https:\/\/silveco.eu\/de\/produkt\/silveco-krem-do-regeneracji-rogu-racicowego\/#breadcrumb","itemListElement":[{"@type":"ListItem","position":1,"name":"Strona g\u0142\u00f3wna","item":"https:\/\/silveco.eu\/de\/"},{"@type":"ListItem","position":2,"name":"Sklep","item":"https:\/\/silveco.eu\/sklep\/"},{"@type":"ListItem","position":3,"name":"SILVECO NanoHoof Cream f\u00fcr die Hufhornregeneration"}]},{"@type":"WebSite","@id":"https:\/\/silveco.eu\/#website","url":"https:\/\/silveco.eu\/","name":"Silveco","description":"Twoje wsparcie w hodowli","publisher":{"@id":"https:\/\/silveco.eu\/#organization"},"potentialAction":[{"@type":"SearchAction","target":{"@type":"EntryPoint","urlTemplate":"https:\/\/silveco.eu\/?s={search_term_string}"},"query-input":{"@type":"PropertyValueSpecification","valueRequired":true,"valueName":"search_term_string"}}],"inLanguage":"de"},{"@type":"Organization","@id":"https:\/\/silveco.eu\/#organization","name":"Silveco","url":"https:\/\/silveco.eu\/","logo":{"@type":"ImageObject","inLanguage":"de","@id":"https:\/\/silveco.eu\/#\/schema\/logo\/image\/","url":"https:\/\/silveco.eu\/wp-content\/uploads\/2023\/03\/image-16.svg","contentUrl":"https:\/\/silveco.eu\/wp-content\/uploads\/2023\/03\/image-16.svg","width":217,"height":40,"caption":"Silveco"},"image":{"@id":"https:\/\/silveco.eu\/#\/schema\/logo\/image\/"}}]}},"_links":{"self":[{"href":"https:\/\/silveco.eu\/de\/wp-json\/wp\/v2\/product\/3217","targetHints":{"allow":["GET"]}}],"collection":[{"href":"https:\/\/silveco.eu\/de\/wp-json\/wp\/v2\/product"}],"about":[{"href":"https:\/\/silveco.eu\/de\/wp-json\/wp\/v2\/types\/product"}],"replies":[{"embeddable":true,"href":"https:\/\/silveco.eu\/de\/wp-json\/wp\/v2\/comments?post=3217"}],"wp:featuredmedia":[{"embeddable":true,"href":"https:\/\/silveco.eu\/de\/wp-json\/wp\/v2\/media\/3741"}],"wp:attachment":[{"href":"https:\/\/silveco.eu\/de\/wp-json\/wp\/v2\/media?parent=3217"}],"wp:term":[{"taxonomy":"product_brand","embeddable":true,"href":"https:\/\/silveco.eu\/de\/wp-json\/wp\/v2\/product_brand?post=3217"},{"taxonomy":"product_cat","embeddable":true,"href":"https:\/\/silveco.eu\/de\/wp-json\/wp\/v2\/product_cat?post=3217"},{"taxonomy":"product_tag","embeddable":true,"href":"https:\/\/silveco.eu\/de\/wp-json\/wp\/v2\/product_tag?post=3217"}],"curies":[{"name":"wp","href":"https:\/\/api.w.org\/{rel}","templated":true}]}}