{"id":3617,"date":"2023-10-19T15:24:30","date_gmt":"2023-10-19T13:24:30","guid":{"rendered":"https:\/\/silveco.eu\/produkt\/silveco-nanohoof-spray\/"},"modified":"2025-06-30T23:01:59","modified_gmt":"2025-06-30T21:01:59","slug":"silveco-nanohoof-spray","status":"publish","type":"product","link":"https:\/\/silveco.eu\/de\/produkt\/silveco-nanohoof-spray\/","title":{"rendered":"SILVECO NanoHoof Spray Konzentrat zum Bespr\u00fchen von Hufen"},"content":{"rendered":"\n<div class=\"wp-block-group has-global-padding is-layout-constrained wp-block-group-is-layout-constrained\">\n<div class=\"wp-block-group has-global-padding is-layout-constrained wp-block-group-is-layout-constrained\">\n<div class=\"wp-block-group benefits-section has-light-grey-fade-gradient-background has-background has-global-padding is-layout-constrained wp-container-core-group-is-layout-9ad842e3 wp-block-group-is-layout-constrained\" style=\"border-radius:24px;margin-bottom:var(--wp--preset--spacing--70);padding-top:64px;padding-right:16px;padding-bottom:64px;padding-left:16px\">\n<h2 class=\"wp-block-heading has-text-align-center has-violet-color has-text-color has-huge-font-size\">Die wichtigsten <mark style=\"background-color:rgba(0, 0, 0, 0)\" class=\"has-inline-color has-primary-color\">Vorteile:<\/mark><\/h2>\n\n\n\n<div class=\"wp-block-group benefits-section__icon-boxes is-content-justification-space-between is-nowrap is-layout-flex wp-container-core-group-is-layout-62a6d66b wp-block-group-is-layout-flex\" style=\"padding-right:80px;padding-left:80px\">\n<div class=\"wp-block-media-text alignwide is-stacked-on-mobile is-vertically-aligned-center\"><figure class=\"wp-block-media-text__media\"><img loading=\"lazy\" decoding=\"async\" width=\"160\" height=\"160\" src=\"https:\/\/silveco.eu\/wp-content\/uploads\/2023\/10\/siarczan.png\" alt=\"\" class=\"wp-image-3595 size-full\" srcset=\"https:\/\/silveco.eu\/wp-content\/uploads\/2023\/10\/siarczan.png 160w, https:\/\/silveco.eu\/wp-content\/uploads\/2023\/10\/siarczan-100x100.png 100w\" sizes=\"auto, (max-width: 160px) 100vw, 160px\" \/><\/figure><div class=\"wp-block-media-text__content\">\n<p>Enth\u00e4lt kein Kupfersulfat<\/p>\n<\/div><\/div>\n\n\n\n<div class=\"wp-block-media-text alignwide is-stacked-on-mobile is-vertically-aligned-center\"><figure class=\"wp-block-media-text__media\"><img loading=\"lazy\" decoding=\"async\" width=\"160\" height=\"160\" src=\"https:\/\/silveco.eu\/wp-content\/uploads\/2023\/10\/5l.png\" alt=\"\" class=\"wp-image-3598 size-full\" srcset=\"https:\/\/silveco.eu\/wp-content\/uploads\/2023\/10\/5l.png 160w, https:\/\/silveco.eu\/wp-content\/uploads\/2023\/10\/5l-100x100.png 100w\" sizes=\"auto, (max-width: 160px) 100vw, 160px\" \/><\/figure><div class=\"wp-block-media-text__content\">\n<p>5 l &gt;&gt; 100 l des fertigen Produkts<\/p>\n<\/div><\/div>\n\n\n\n<div class=\"wp-block-media-text alignwide is-stacked-on-mobile is-vertically-aligned-center\"><figure class=\"wp-block-media-text__media\"><img loading=\"lazy\" decoding=\"async\" width=\"161\" height=\"160\" src=\"https:\/\/silveco.eu\/wp-content\/themes\/silveco\/assets\/images\/active_silver_ICON160.webp\" alt=\"\" class=\"wp-image-1010 size-full\"\/><\/figure><div class=\"wp-block-media-text__content\">\n<p>Aktive Formen von Silber<\/p>\n<\/div><\/div>\n\n\n\n<div class=\"wp-block-media-text alignwide is-stacked-on-mobile is-vertically-aligned-center\"><figure class=\"wp-block-media-text__media\"><img loading=\"lazy\" decoding=\"async\" width=\"161\" height=\"160\" src=\"https:\/\/silveco.eu\/wp-content\/uploads\/2023\/05\/Fioletowy.png\" alt=\"\" class=\"wp-image-1528 size-full\" srcset=\"https:\/\/silveco.eu\/wp-content\/uploads\/2023\/05\/Fioletowy.png 161w, https:\/\/silveco.eu\/wp-content\/uploads\/2023\/05\/Fioletowy-100x100.png 100w\" sizes=\"auto, (max-width: 161px) 100vw, 161px\" \/><\/figure><div class=\"wp-block-media-text__content\">\n<p>Enth\u00e4lt violetten Farbstoff<\/p>\n<\/div><\/div>\n\n\n\n<div class=\"wp-block-media-text alignwide is-stacked-on-mobile is-vertically-aligned-center\"><figure class=\"wp-block-media-text__media\"><img loading=\"lazy\" decoding=\"async\" width=\"160\" height=\"160\" src=\"https:\/\/silveco.eu\/wp-content\/uploads\/2023\/10\/kulawizna.png\" alt=\"\" class=\"wp-image-3601 size-full\" srcset=\"https:\/\/silveco.eu\/wp-content\/uploads\/2023\/10\/kulawizna.png 160w, https:\/\/silveco.eu\/wp-content\/uploads\/2023\/10\/kulawizna-100x100.png 100w\" sizes=\"auto, (max-width: 160px) 100vw, 160px\" \/><\/figure><div class=\"wp-block-media-text__content\">\n<p>Reduziert das Risiko von Lahmheiten<\/p>\n<\/div><\/div>\n<\/div>\n<\/div>\n<\/div>\n\n\n\n<h3 class=\"wp-block-heading\" style=\"font-size:clamp(1.146rem, 1.146rem + ((1vw - 0.2rem) * 0.934), 1.8rem);\">Hufsprays<\/h3>\n\n\n\n<p>Silveco NanoHoof Spray ist eine fortschrittliche Formulierung zur Erhaltung der Klauengesundheit bei Rindern. Dieses einzigartige Konzentrat auf der Basis aktiver Silberformen bietet eine wirksame Unterst\u00fctzung bei der Vorbeugung und Behandlung von Klauenerkrankungen und gew\u00e4hrleistet die Gesundheit und den Komfort Ihrer Tiere. Es erleichtert Ihnen das Management Ihrer Herde, ohne dass Sie sich um unerwartete Viehkrankheiten sorgen m\u00fcssen, die zu einer verminderten Milchproduktion f\u00fchren k\u00f6nnten.  <\/p>\n\n\n\n<h3 class=\"wp-block-heading\" style=\"font-size:clamp(1.146rem, 1.146rem + ((1vw - 0.2rem) * 0.934), 1.8rem);\">Wirksamkeit von Z\u00fcchtern best\u00e4tigt<\/h3>\n\n\n\n<p>Silveco NanoHoof Spray unterscheidet sich von anderen Produkten durch seine innovative Formel, die:<\/p>\n\n\n\n<ul class=\"wp-block-list\">\n<li>enth\u00e4lt kein Kupfersulfat &#8211; reduziert das Risiko toxischer Auswirkungen auf die Umwelt und den tierischen Organismus,<\/li>\n\n\n\n<li>enth\u00e4lt keine Antibiotika, wodurch das Risiko einer bakteriellen Resistenz minimiert wird, was im Rahmen einer nachhaltigen Landwirtschaft von entscheidender Bedeutung ist,<\/li>\n\n\n\n<li>reduziert das Risiko von Lahmheiten &#8211; bei regelm\u00e4\u00dfiger Anwendung wird das Risiko von Hufproblemen deutlich reduziert.<\/li>\n<\/ul>\n\n\n\n<p>Die Anwendung von Silveco NanoHoof Spray ist extrem einfach und bequem. Die Formulierung sollte mit einem Niederdruckspr\u00fcher aufgetragen werden, um eine gleichm\u00e4\u00dfige Bedeckung des Hufes und maximale Wirksamkeit zu gew\u00e4hrleisten.  <\/p>\n\n\n\n<h3 class=\"wp-block-heading\" style=\"font-size:clamp(1.146rem, 1.146rem + ((1vw - 0.2rem) * 0.934), 1.8rem);\">Vorbeugende Anwendung und Behandlung mit Silveco NanoHoof Spray<\/h3>\n\n\n\n<p>Silveco NanoHoof Spray kann als vorbeugende und unterst\u00fctzende Ma\u00dfnahme bei der Behandlung von Entz\u00fcndungen oder Hufinfektionen eingesetzt werden. Das direkte Auftragen auf schmerzhafte Stellen wirkt schnell und effektiv, entlastet die Tiere und beschleunigt ihre Genesung.  <\/p>\n\n\n\n<div class=\"wp-block-group container pt-5 has-global-padding is-layout-constrained wp-block-group-is-layout-constrained\">\n<div class=\"wp-block-columns are-vertically-aligned-center is-layout-flex wp-container-core-columns-is-layout-28f84493 wp-block-columns-is-layout-flex\">\n<div class=\"wp-block-column is-vertically-aligned-center is-layout-flow wp-block-column-is-layout-flow\">\n<h2 class=\"wp-block-heading fs-48 has-text-color\" style=\"color:#804280;font-style:normal;font-weight:800;line-height:1.2\">Anwendung: <\/h2>\n\n\n\n<p class=\"fs-14\">Konzentriertes Hufspray mit aktiven Formen von Silber. Bietet eine schnelle und wirksame Alternative zu den \u00fcblicherweise verwendeten Hufb\u00e4dern. Zur F\u00f6rderung der Regeneration des betroffenen Gewebes und zur Vorbeugung von Hufkrankheiten wie der Mortellaro-Krankheit. <\/p>\n\n\n\n<p class=\"fs-14\">Enth\u00e4lt einen violetten Farbstoff zur einfachen Identifizierung der Applikationsstelle. Die speziell ausgew\u00e4hlte Formulierung gew\u00e4hrleistet eine hervorragende Haftung des Produkts am Huf. Aktive Silberformen bieten einen lang anhaltenden Schutz gegen die Entwicklung pathogener Mikroorganismen und reduzieren die Anzahl der Mikroorganismen. Dar\u00fcber hinaus enth\u00e4lt das Produkt feuchtigkeitsspendendes und beruhigendes Allantoin und Aloe vera, die die Regeneration der betroffenen Stellen f\u00f6rdern.<\/p>\n\n\n\n<p>Siehe auch: <a href=\"https:\/\/silveco.eu\/kategoria-produktu\/korekcja-racic\/\"> Klauenkorrekturmittel f\u00fcr Rinder<\/a>, <a href=\"https:\/\/silveco.eu\/produkt\/silveco-nanodip\/\"> Dipppr\u00e4parat<\/a>.<\/p>\n<\/div>\n<\/div>\n<\/div>\n<\/div>\n","protected":false},"excerpt":{"rendered":"<h3><span style=\"color: #800080;\"><span style=\"color: #804280;\">Konzentrat f\u00fcr Hufspray mit aktiven Formen von Silber<\/span><\/span><\/h3>\n<ul class=\"fs-14\">\n<li>Enth\u00e4lt kein Kupfersulfat<\/li>\n<li>Enth\u00e4lt keine Antibiotika<\/li>\n<li>Reduziert das Risiko von Lahmheiten<\/li>\n<li>5 L = 100 L des fertigen Produkts<\/li>\n<li>enth\u00e4lt aktive Formen von Silber<\/li>\n<\/ul>\n<h3><span style=\"color: #38aa45;\"><strong>Anwendung:<\/strong><\/span><\/h3>\n<p class=\"fs-14\">Mit einem Niederdruckspr\u00fchger\u00e4t auftragen.<\/p>\n<ul>\n<li> Vorbeugend: einmal pro Woche direkt auf die Hufe spr\u00fchen.<\/li>\n<li> Unterst\u00fctzend: bei Krankheitszust\u00e4nden 2 x t\u00e4glich direkt auf die Hufe spr\u00fchen f\u00fcr ca. 2-3 Tage, bei Bedarf kann die Frist verl\u00e4ngert werden.<\/li>\n<\/ul>\n<p>Verpackung: 5 L<\/p>\n","protected":false},"featured_media":3573,"comment_status":"open","ping_status":"closed","template":"","meta":{"_acf_changed":false,"inline_featured_image":false},"product_brand":[],"product_cat":[108],"product_tag":[],"class_list":{"0":"post-3617","1":"product","2":"type-product","3":"status-publish","4":"has-post-thumbnail","6":"product_cat-korrektur-der-hufe","8":"first","9":"instock","10":"shipping-taxable","11":"product-type-simple"},"acf":[],"yoast_head":"<!-- This site is optimized with the Yoast SEO plugin v26.4 - https:\/\/yoast.com\/wordpress\/plugins\/seo\/ -->\n<title>SILVECO NanoHoof Spray Konzentrat zum Bespr\u00fchen von Hufen - Silveco<\/title>\n<meta name=\"robots\" content=\"index, follow, max-snippet:-1, max-image-preview:large, max-video-preview:-1\" \/>\n<link rel=\"canonical\" href=\"https:\/\/silveco.eu\/de\/produkt\/silveco-nanohoof-spray\/\" \/>\n<meta property=\"og:locale\" content=\"de_DE\" \/>\n<meta property=\"og:type\" content=\"article\" \/>\n<meta property=\"og:title\" content=\"SILVECO NanoHoof Spray Konzentrat zum Bespr\u00fchen von Hufen - Silveco\" \/>\n<meta property=\"og:description\" content=\"Konzentrat f\u00fcr Hufspray mit aktiven Formen von Silber  Enth\u00e4lt kein Kupfersulfat  Enth\u00e4lt keine Antibiotika  Reduziert das Risiko von Lahmheiten  5 L = 100 L des fertigen Produkts  enth\u00e4lt aktive Formen von Silber Anwendung: Mit einem Niederdruckspr\u00fchger\u00e4t auftragen.   Vorbeugend: einmal pro Woche direkt auf die Hufe spr\u00fchen.  Unterst\u00fctzend: bei Krankheitszust\u00e4nden 2 x t\u00e4glich direkt auf die Hufe spr\u00fchen f\u00fcr ca. 2-3 Tage, bei Bedarf kann die Frist verl\u00e4ngert werden. Verpackung: 5 L\" \/>\n<meta property=\"og:url\" content=\"https:\/\/silveco.eu\/de\/produkt\/silveco-nanohoof-spray\/\" \/>\n<meta property=\"og:site_name\" content=\"Silveco\" \/>\n<meta property=\"article:modified_time\" content=\"2025-06-30T21:01:59+00:00\" \/>\n<meta property=\"og:image\" content=\"https:\/\/silveco.eu\/wp-content\/uploads\/2023\/10\/SilvecoNanoHoof_mockup_ok-1024x1024.png\" \/>\n\t<meta property=\"og:image:width\" content=\"1024\" \/>\n\t<meta property=\"og:image:height\" content=\"1024\" \/>\n\t<meta property=\"og:image:type\" content=\"image\/png\" \/>\n<meta name=\"twitter:card\" content=\"summary_large_image\" \/>\n<script type=\"application\/ld+json\" class=\"yoast-schema-graph\">{\"@context\":\"https:\/\/schema.org\",\"@graph\":[{\"@type\":\"WebPage\",\"@id\":\"https:\/\/silveco.eu\/de\/produkt\/silveco-nanohoof-spray\/\",\"url\":\"https:\/\/silveco.eu\/de\/produkt\/silveco-nanohoof-spray\/\",\"name\":\"SILVECO NanoHoof Spray Konzentrat zum Bespr\u00fchen von Hufen - Silveco\",\"isPartOf\":{\"@id\":\"https:\/\/silveco.eu\/#website\"},\"primaryImageOfPage\":{\"@id\":\"https:\/\/silveco.eu\/de\/produkt\/silveco-nanohoof-spray\/#primaryimage\"},\"image\":{\"@id\":\"https:\/\/silveco.eu\/de\/produkt\/silveco-nanohoof-spray\/#primaryimage\"},\"thumbnailUrl\":\"https:\/\/silveco.eu\/wp-content\/uploads\/2023\/10\/SilvecoNanoHoof_mockup_ok.png\",\"datePublished\":\"2023-10-19T13:24:30+00:00\",\"dateModified\":\"2025-06-30T21:01:59+00:00\",\"breadcrumb\":{\"@id\":\"https:\/\/silveco.eu\/de\/produkt\/silveco-nanohoof-spray\/#breadcrumb\"},\"inLanguage\":\"de\",\"potentialAction\":[{\"@type\":\"ReadAction\",\"target\":[\"https:\/\/silveco.eu\/de\/produkt\/silveco-nanohoof-spray\/\"]}]},{\"@type\":\"ImageObject\",\"inLanguage\":\"de\",\"@id\":\"https:\/\/silveco.eu\/de\/produkt\/silveco-nanohoof-spray\/#primaryimage\",\"url\":\"https:\/\/silveco.eu\/wp-content\/uploads\/2023\/10\/SilvecoNanoHoof_mockup_ok.png\",\"contentUrl\":\"https:\/\/silveco.eu\/wp-content\/uploads\/2023\/10\/SilvecoNanoHoof_mockup_ok.png\",\"width\":2364,\"height\":2364},{\"@type\":\"BreadcrumbList\",\"@id\":\"https:\/\/silveco.eu\/de\/produkt\/silveco-nanohoof-spray\/#breadcrumb\",\"itemListElement\":[{\"@type\":\"ListItem\",\"position\":1,\"name\":\"Strona g\u0142\u00f3wna\",\"item\":\"https:\/\/silveco.eu\/de\/\"},{\"@type\":\"ListItem\",\"position\":2,\"name\":\"Sklep\",\"item\":\"https:\/\/silveco.eu\/sklep\/\"},{\"@type\":\"ListItem\",\"position\":3,\"name\":\"SILVECO NanoHoof Spray\"}]},{\"@type\":\"WebSite\",\"@id\":\"https:\/\/silveco.eu\/#website\",\"url\":\"https:\/\/silveco.eu\/\",\"name\":\"Silveco\",\"description\":\"Twoje wsparcie w hodowli\",\"publisher\":{\"@id\":\"https:\/\/silveco.eu\/#organization\"},\"potentialAction\":[{\"@type\":\"SearchAction\",\"target\":{\"@type\":\"EntryPoint\",\"urlTemplate\":\"https:\/\/silveco.eu\/?s={search_term_string}\"},\"query-input\":{\"@type\":\"PropertyValueSpecification\",\"valueRequired\":true,\"valueName\":\"search_term_string\"}}],\"inLanguage\":\"de\"},{\"@type\":\"Organization\",\"@id\":\"https:\/\/silveco.eu\/#organization\",\"name\":\"Silveco\",\"url\":\"https:\/\/silveco.eu\/\",\"logo\":{\"@type\":\"ImageObject\",\"inLanguage\":\"de\",\"@id\":\"https:\/\/silveco.eu\/#\/schema\/logo\/image\/\",\"url\":\"https:\/\/silveco.eu\/wp-content\/uploads\/2023\/03\/image-16.svg\",\"contentUrl\":\"https:\/\/silveco.eu\/wp-content\/uploads\/2023\/03\/image-16.svg\",\"width\":217,\"height\":40,\"caption\":\"Silveco\"},\"image\":{\"@id\":\"https:\/\/silveco.eu\/#\/schema\/logo\/image\/\"}}]}<\/script>\n<!-- \/ Yoast SEO plugin. -->","yoast_head_json":{"title":"SILVECO NanoHoof Spray Konzentrat zum Bespr\u00fchen von Hufen - Silveco","robots":{"index":"index","follow":"follow","max-snippet":"max-snippet:-1","max-image-preview":"max-image-preview:large","max-video-preview":"max-video-preview:-1"},"canonical":"https:\/\/silveco.eu\/de\/produkt\/silveco-nanohoof-spray\/","og_locale":"de_DE","og_type":"article","og_title":"SILVECO NanoHoof Spray Konzentrat zum Bespr\u00fchen von Hufen - Silveco","og_description":"Konzentrat f\u00fcr Hufspray mit aktiven Formen von Silber  Enth\u00e4lt kein Kupfersulfat  Enth\u00e4lt keine Antibiotika  Reduziert das Risiko von Lahmheiten  5 L = 100 L des fertigen Produkts  enth\u00e4lt aktive Formen von Silber Anwendung: Mit einem Niederdruckspr\u00fchger\u00e4t auftragen.   Vorbeugend: einmal pro Woche direkt auf die Hufe spr\u00fchen.  Unterst\u00fctzend: bei Krankheitszust\u00e4nden 2 x t\u00e4glich direkt auf die Hufe spr\u00fchen f\u00fcr ca. 2-3 Tage, bei Bedarf kann die Frist verl\u00e4ngert werden. Verpackung: 5 L","og_url":"https:\/\/silveco.eu\/de\/produkt\/silveco-nanohoof-spray\/","og_site_name":"Silveco","article_modified_time":"2025-06-30T21:01:59+00:00","og_image":[{"width":1024,"height":1024,"url":"https:\/\/silveco.eu\/wp-content\/uploads\/2023\/10\/SilvecoNanoHoof_mockup_ok-1024x1024.png","type":"image\/png"}],"twitter_card":"summary_large_image","schema":{"@context":"https:\/\/schema.org","@graph":[{"@type":"WebPage","@id":"https:\/\/silveco.eu\/de\/produkt\/silveco-nanohoof-spray\/","url":"https:\/\/silveco.eu\/de\/produkt\/silveco-nanohoof-spray\/","name":"SILVECO NanoHoof Spray Konzentrat zum Bespr\u00fchen von Hufen - Silveco","isPartOf":{"@id":"https:\/\/silveco.eu\/#website"},"primaryImageOfPage":{"@id":"https:\/\/silveco.eu\/de\/produkt\/silveco-nanohoof-spray\/#primaryimage"},"image":{"@id":"https:\/\/silveco.eu\/de\/produkt\/silveco-nanohoof-spray\/#primaryimage"},"thumbnailUrl":"https:\/\/silveco.eu\/wp-content\/uploads\/2023\/10\/SilvecoNanoHoof_mockup_ok.png","datePublished":"2023-10-19T13:24:30+00:00","dateModified":"2025-06-30T21:01:59+00:00","breadcrumb":{"@id":"https:\/\/silveco.eu\/de\/produkt\/silveco-nanohoof-spray\/#breadcrumb"},"inLanguage":"de","potentialAction":[{"@type":"ReadAction","target":["https:\/\/silveco.eu\/de\/produkt\/silveco-nanohoof-spray\/"]}]},{"@type":"ImageObject","inLanguage":"de","@id":"https:\/\/silveco.eu\/de\/produkt\/silveco-nanohoof-spray\/#primaryimage","url":"https:\/\/silveco.eu\/wp-content\/uploads\/2023\/10\/SilvecoNanoHoof_mockup_ok.png","contentUrl":"https:\/\/silveco.eu\/wp-content\/uploads\/2023\/10\/SilvecoNanoHoof_mockup_ok.png","width":2364,"height":2364},{"@type":"BreadcrumbList","@id":"https:\/\/silveco.eu\/de\/produkt\/silveco-nanohoof-spray\/#breadcrumb","itemListElement":[{"@type":"ListItem","position":1,"name":"Strona g\u0142\u00f3wna","item":"https:\/\/silveco.eu\/de\/"},{"@type":"ListItem","position":2,"name":"Sklep","item":"https:\/\/silveco.eu\/sklep\/"},{"@type":"ListItem","position":3,"name":"SILVECO NanoHoof Spray"}]},{"@type":"WebSite","@id":"https:\/\/silveco.eu\/#website","url":"https:\/\/silveco.eu\/","name":"Silveco","description":"Twoje wsparcie w hodowli","publisher":{"@id":"https:\/\/silveco.eu\/#organization"},"potentialAction":[{"@type":"SearchAction","target":{"@type":"EntryPoint","urlTemplate":"https:\/\/silveco.eu\/?s={search_term_string}"},"query-input":{"@type":"PropertyValueSpecification","valueRequired":true,"valueName":"search_term_string"}}],"inLanguage":"de"},{"@type":"Organization","@id":"https:\/\/silveco.eu\/#organization","name":"Silveco","url":"https:\/\/silveco.eu\/","logo":{"@type":"ImageObject","inLanguage":"de","@id":"https:\/\/silveco.eu\/#\/schema\/logo\/image\/","url":"https:\/\/silveco.eu\/wp-content\/uploads\/2023\/03\/image-16.svg","contentUrl":"https:\/\/silveco.eu\/wp-content\/uploads\/2023\/03\/image-16.svg","width":217,"height":40,"caption":"Silveco"},"image":{"@id":"https:\/\/silveco.eu\/#\/schema\/logo\/image\/"}}]}},"_links":{"self":[{"href":"https:\/\/silveco.eu\/de\/wp-json\/wp\/v2\/product\/3617","targetHints":{"allow":["GET"]}}],"collection":[{"href":"https:\/\/silveco.eu\/de\/wp-json\/wp\/v2\/product"}],"about":[{"href":"https:\/\/silveco.eu\/de\/wp-json\/wp\/v2\/types\/product"}],"replies":[{"embeddable":true,"href":"https:\/\/silveco.eu\/de\/wp-json\/wp\/v2\/comments?post=3617"}],"wp:featuredmedia":[{"embeddable":true,"href":"https:\/\/silveco.eu\/de\/wp-json\/wp\/v2\/media\/3573"}],"wp:attachment":[{"href":"https:\/\/silveco.eu\/de\/wp-json\/wp\/v2\/media?parent=3617"}],"wp:term":[{"taxonomy":"product_brand","embeddable":true,"href":"https:\/\/silveco.eu\/de\/wp-json\/wp\/v2\/product_brand?post=3617"},{"taxonomy":"product_cat","embeddable":true,"href":"https:\/\/silveco.eu\/de\/wp-json\/wp\/v2\/product_cat?post=3617"},{"taxonomy":"product_tag","embeddable":true,"href":"https:\/\/silveco.eu\/de\/wp-json\/wp\/v2\/product_tag?post=3617"}],"curies":[{"name":"wp","href":"https:\/\/api.w.org\/{rel}","templated":true}]}}