{"id":3951,"date":"2024-02-08T22:05:31","date_gmt":"2024-02-08T21:05:31","guid":{"rendered":"https:\/\/silveco.eu\/?post_type=product&#038;p=3951"},"modified":"2026-03-23T08:45:10","modified_gmt":"2026-03-23T07:45:10","slug":"silveco-nanodip","status":"publish","type":"product","link":"https:\/\/silveco.eu\/de\/produkt\/silveco-nanodip\/","title":{"rendered":"SILVECO NanoDip Pr\u00e4parat f\u00fcr die Nachmelkhygiene"},"content":{"rendered":"\n<div class=\"wp-block-group has-global-padding is-layout-constrained wp-block-group-is-layout-constrained\">\n<div class=\"wp-block-group benefits-section container mb-40 has-global-padding is-layout-constrained wp-block-group-is-layout-constrained\">\n<div class=\"wp-block-group has-global-padding is-layout-constrained wp-block-group-is-layout-constrained\">\n<div class=\"wp-block-group benefits-section has-light-grey-fade-gradient-background has-background has-global-padding is-layout-constrained wp-container-core-group-is-layout-9ad842e3 wp-block-group-is-layout-constrained\" style=\"border-radius:24px;margin-bottom:var(--wp--preset--spacing--70);padding-top:64px;padding-right:16px;padding-bottom:64px;padding-left:16px\">\n<h2 class=\"wp-block-heading has-text-align-center has-text-color\" style=\"color:#175abf;margin-bottom:var(--wp--preset--spacing--70);font-size:clamp(35.2px, 2.2rem + ((1vw - 3.2px) * 2.571), 64px);\">Die wichtigsten <mark style=\"background-color:rgba(0, 0, 0, 0)\" class=\"has-inline-color has-primary-color\">Vorteile:<\/mark><\/h2>\n\n\n\n<div class=\"wp-block-group benefits-section__icon-boxes is-content-justification-space-between is-nowrap is-layout-flex wp-container-core-group-is-layout-cb46ffcb wp-block-group-is-layout-flex\">\n<div class=\"wp-block-media-text alignwide is-stacked-on-mobile is-vertically-aligned-center\"><figure class=\"wp-block-media-text__media\"><img loading=\"lazy\" decoding=\"async\" width=\"161\" height=\"161\" src=\"https:\/\/silveco.eu\/wp-content\/uploads\/2023\/05\/Elastyczna-skora.png\" alt=\"\" class=\"wp-image-1526 size-full\" srcset=\"https:\/\/silveco.eu\/wp-content\/uploads\/2023\/05\/Elastyczna-skora.png 161w, https:\/\/silveco.eu\/wp-content\/uploads\/2023\/05\/Elastyczna-skora-100x100.png 100w\" sizes=\"auto, (max-width: 161px) 100vw, 161px\" \/><\/figure><div class=\"wp-block-media-text__content\">\n<p>Feuchthaltende Wirkung<\/p>\n<\/div><\/div>\n\n\n\n<div class=\"wp-block-media-text alignwide is-stacked-on-mobile is-vertically-aligned-center\"><figure class=\"wp-block-media-text__media\"><img loading=\"lazy\" decoding=\"async\" width=\"161\" height=\"161\" src=\"https:\/\/silveco.eu\/wp-content\/uploads\/2023\/05\/Mastitis.png\" alt=\"\" class=\"wp-image-1544 size-full\" srcset=\"https:\/\/silveco.eu\/wp-content\/uploads\/2023\/05\/Mastitis.png 161w, https:\/\/silveco.eu\/wp-content\/uploads\/2023\/05\/Mastitis-100x100.png 100w\" sizes=\"auto, (max-width: 161px) 100vw, 161px\" \/><\/figure><div class=\"wp-block-media-text__content\">\n<p>Perfekte Zitzenabdeckung<\/p>\n<\/div><\/div>\n\n\n\n<div class=\"wp-block-media-text alignwide is-stacked-on-mobile is-vertically-aligned-center\"><figure class=\"wp-block-media-text__media\"><img loading=\"lazy\" decoding=\"async\" width=\"161\" height=\"160\" src=\"https:\/\/silveco.eu\/wp-content\/themes\/silveco\/assets\/images\/active_silver_ICON160.webp\" alt=\"\" class=\"wp-image-1010 size-full\"\/><\/figure><div class=\"wp-block-media-text__content\">\n<p>Aktive Formen von Silber<\/p>\n<\/div><\/div>\n\n\n\n<div class=\"wp-block-media-text alignwide is-stacked-on-mobile is-vertically-aligned-center\"><figure class=\"wp-block-media-text__media\"><img loading=\"lazy\" decoding=\"async\" width=\"161\" height=\"161\" src=\"https:\/\/silveco.eu\/wp-content\/uploads\/2023\/05\/Bioasekuracja.png\" alt=\"\" class=\"wp-image-1520 size-full\" srcset=\"https:\/\/silveco.eu\/wp-content\/uploads\/2023\/05\/Bioasekuracja.png 161w, https:\/\/silveco.eu\/wp-content\/uploads\/2023\/05\/Bioasekuracja-100x100.png 100w\" sizes=\"auto, (max-width: 161px) 100vw, 161px\" \/><\/figure><div class=\"wp-block-media-text__content\">\n<p>Eine wirksame Schutzbarriere<\/p>\n<\/div><\/div>\n\n\n\n<div class=\"wp-block-media-text alignwide is-stacked-on-mobile is-vertically-aligned-center\"><figure class=\"wp-block-media-text__media\"><img loading=\"lazy\" decoding=\"async\" width=\"161\" height=\"161\" src=\"https:\/\/silveco.eu\/wp-content\/uploads\/2023\/05\/Latwe-stosowanie.png\" alt=\"\" class=\"wp-image-1542 size-full\" srcset=\"https:\/\/silveco.eu\/wp-content\/uploads\/2023\/05\/Latwe-stosowanie.png 161w, https:\/\/silveco.eu\/wp-content\/uploads\/2023\/05\/Latwe-stosowanie-100x100.png 100w\" sizes=\"auto, (max-width: 161px) 100vw, 161px\" \/><\/figure><div class=\"wp-block-media-text__content\">\n<p>Einfache Anwendung<\/p>\n<\/div><\/div>\n<\/div>\n<\/div>\n<\/div>\n<\/div>\n\n\n\n<div class=\"wp-block-group container pt-5 has-global-padding is-layout-constrained wp-block-group-is-layout-constrained\">\n<div class=\"wp-block-columns are-vertically-aligned-center is-layout-flex wp-container-core-columns-is-layout-28f84493 wp-block-columns-is-layout-flex\">\n<div class=\"wp-block-column is-vertically-aligned-center is-layout-flow wp-block-column-is-layout-flow\">\n<h2 class=\"wp-block-heading fs-48 has-text-color has-x-large-font-size\" style=\"color:#175abf;font-style:normal;font-weight:700;line-height:1.2\">Es dient der Hygiene, dem Schutz und der Zitzenpflege und bietet eine Vielzahl von Vorteilen:<\/h2>\n\n\n\n<ul style=\"line-height:1.7\" class=\"wp-block-list\">\n<li class=\"has-silveco-small-font-size\">Schutz gegen mikrobielles Eindringen,<\/li>\n\n\n\n<li class=\"has-silveco-small-font-size\">Befeuchtung und Regeneration der Zitzen,<\/li>\n\n\n\n<li class=\"has-silveco-small-font-size\">wirksame Aufrechterhaltung der Hygiene durch Vorbeugung von wiederkehrenden Infektionen<\/li>\n\n\n\n<li class=\"has-silveco-small-font-size\">Intensiver \u00d6lduft zur Abwehr von Insekten<\/li>\n\n\n\n<li class=\"has-silveco-small-font-size\">lindernde und beruhigende Wirkung auf die Zitzenhaut.<\/li>\n<\/ul>\n\n\n\n<h3 class=\"wp-block-heading has-text-color\" style=\"color:#175abf;font-size:clamp(14.642px, 0.915rem + ((1vw - 3.2px) * 0.657), 22px);line-height:1.7\"><mark style=\"background-color:rgba(0, 0, 0, 0)\" class=\"has-inline-color has-primary-color\"> Die entsprechend dicke Konsistenz von SILVECO NanoDip erleichtert das Auftragen und sorgt f\u00fcr eine gleichm\u00e4\u00dfige Bedeckung der Zitzen mit dem Pr\u00e4parat, wodurch eine Kontamination und das Eindringen von Krankheitserregern in den Zitzenkanal verhindert wird. <\/mark><\/h3>\n\n\n\n<p><strong>Anwendung:<\/strong> Unmittelbar nach dem Melken das Pr\u00e4parat mit handels\u00fcblichen Zitzenbechern auf alle Zitzen auftragen.<br\/>Das Produkt ist gebrauchsfertig und muss nicht verd\u00fcnnt werden.<br\/><strong>Zusammensetzung<\/strong>: Silber, Glycerin, Milchs\u00e4ure, Teebaum\u00f6l, Eukalyptus\u00f6l,<\/p>\n<\/div>\n<\/div>\n<\/div>\n\n\n\n<h2 class=\"wp-block-heading\">Puddingdippen<\/h2>\n\n\n\n<p class=\"has-medium-font-size\" style=\"line-height:1.7\">Das Dippen nach dem Melken gilt als eine Art Standard in der Milchviehhaltung. Dieses einfache, aber hochwirksame Verfahren, bei dem die Zitzen der Kuh unmittelbar nach dem Melken in ein spezielles Pr\u00e4parat getaucht werden, spielt eine wichtige Rolle bei der Infektionsvorbeugung und reduziert das Mastitisrisiko erheblich.  <br\/>Das Dippen nach dem Melken sch\u00fctzt die Zitzen nicht nur vor sch\u00e4dlichen Bakterien und Viren, sondern f\u00f6rdert auch die Regeneration der Haut durch Mikrotraumata, die ein Einfallstor f\u00fcr Infektionen sein k\u00f6nnen. Die regelm\u00e4\u00dfige Anwendung dieser Methode tr\u00e4gt zu einer deutlichen Verringerung der Mastitisf\u00e4lle bei, einem der h\u00e4ufigsten Gesundheitsprobleme bei Milchk\u00fchen. <\/p>\n\n\n\n<h3 class=\"wp-block-heading\" style=\"font-size:clamp(1.146rem, 1.146rem + ((1vw - 0.2rem) * 0.934), 1.8rem);\">Wie sollte das Postdipping durchgef\u00fchrt werden?<\/h3>\n\n\n\n<p>Unmittelbar nach dem Melken tauchen Sie die Zitzen mit einem handels\u00fcblichen Tauchbecher in das Nachmelkpr\u00e4parat. Es ist wichtig, dass das Zitzentauchmittel ausreichend konzentriert ist und eine spezifische Barriere bildet , die das Eindringen von Krankheitserregern in den Zitzenkanal verhindert. Es sollte besonders darauf geachtet werden, dass das Pr\u00e4parat gleichm\u00e4\u00dfig auf jede Zitze aufgetragen wird , damit ein gleichm\u00e4\u00dfiger Film entsteht. Nach dem Auftragen haftet das Nachtr\u00e4nkpr\u00e4parat fest und l\u00e4uft nicht von der Zitzenoberfl\u00e4che ab. Das Nachtr\u00e4nken bzw. das aufgetragene Produkt trocknet relativ schnell und schafft einen dauerhaften Schutz gegen Krankheitserreger. Ein weiteres wichtiges Element ist es, die Arbeit im Stall so zu organisieren , dass die K\u00fche nach dem Melken nicht auf dem Bett liegen.     <\/p>\n\n\n\n<h2 class=\"wp-block-heading\" style=\"font-size:clamp(1.146rem, 1.146rem + ((1vw - 0.2rem) * 0.934), 1.8rem);\">Dipping: Professionelle Zubereitungen von SILVECO<\/h2>\n\n\n\n<p>Als Antwort auf die Bed\u00fcrfnisse der Milchviehhalter liefern wir qualitativ hochwertige Pr\u00e4parate zum Dippen nach dem Melken mit aktiven Silberformen. Unsere Pr\u00e4parate eignen sich ideal f\u00fcr das Konzept der Biosicherheit, durch das die Landwirte den Einsatz von Antibiotika erheblich reduzieren k\u00f6nnen. Die spezifische Zusammensetzung gew\u00e4hrleistet eine langfristige Wirkung, die die Entwicklung von Krankheitserregern auf der Euterhaut begrenzt. Die Formulierung enth\u00e4lt Stoffe, die Insekten wirksam abwehren, was einen erheblichen Einfluss auf die weithin anerkannte Bioassurance hat. Die einzigartige Zusammensetzung des Produkts erm\u00f6glicht eine dauerhafte Verwendung, ohne die Notwendigkeit, das Produkt aus Angst vor Reizungen und mangelnde Wirksamkeit zu \u00e4ndern.     Das Produkt ist gebrauchsfertig und muss nicht verd\u00fcnnt werden.<\/p>\n\n\n\n<p>Wir m\u00f6chten Sie ermutigen, sich eingehend mit unseren Pr\u00e4paraten vertraut zu machen und uns zu kontaktieren , wenn Sie Fragen oder Bedenken haben. Durch eine angemessene Prophylaxe und Pflege k\u00f6nnen Ma\u00dfnahmen ergriffen werden, die das Risiko einer Antibiotikaresistenz verringern. Das angebotene Dippen nach dem Melken ist ein Schl\u00fcsselelement dieser Pr\u00e4vention.  <\/p>\n\n\n\n<h2 class=\"wp-block-heading\" style=\"font-size:clamp(1.146rem, 1.146rem + ((1vw - 0.2rem) * 0.934), 1.8rem);\"><strong>Schutz des Euters vor Entz\u00fcndungen<\/strong><\/h2>\n\n\n\n<p>Silveco NanoDip ist ein innovatives Produkt, das f\u00fcr die umfassende Pflege und den Schutz des Euters vor Mastitis entwickelt wurde. Diese Erkrankung von Milchk\u00fchen ist sowohl f\u00fcr das Tier als auch f\u00fcr den Landwirt sehr belastend. Sie wollen keine materiellen Sch\u00e4den riskieren? Verwenden Sie die Zitzenschutzprodukte und andere Produkte aus unserem Sortiment. NanoDip reduziert das Krankheitsrisiko erheblich, und es ist viel einfacher, Euterinfektionen vorzubeugen als sie sp\u00e4ter zu behandeln.    <\/p>\n\n\n\n<h2 class=\"wp-block-heading\" style=\"font-size:clamp(1.146rem, 1.146rem + ((1vw - 0.2rem) * 0.934), 1.8rem);\"><strong>NanoDip &#8211; Vorbeugung von Euterinfektionen<\/strong><\/h2>\n\n\n\n<p>Silveco NanoDip ist eine dickfl\u00fcssige Formulierung, die f\u00fcr das Dippen nach dem Melken entwickelt wurde und eine wirksame Schutzbarriere gegen das Eindringen von Mikroorganismen in den Zitzenkanal bildet. Die einzigartige Formulierung basiert auf aktiven Formen von Silber, Milchs\u00e4ure sowie Teebaum- und Eukalyptus\u00f6l &#8211; eine getestete und bew\u00e4hrte Vorbeugung von Euterinfektionen.  <\/p>\n\n\n\n<p>\u00dcberpr\u00fcfen Sie die Schutzpr\u00e4parate f\u00fcr Zitzen. Die Wirkstoffe des Produkts bilden eine wirksame Schutzbarriere, die das Eindringen von Krankheitserregern verhindert. F\u00fcr die Gesundheit der K\u00fche und Ihren Seelenfrieden.  <\/p>\n\n\n\n<p>Siehe auch: <a href=\"https:\/\/silveco.eu\/de\/produkt-kategorie\/korrektur-der-hufe\/\">Klauenkorrekturprodukte f\u00fcr Rinder<\/a>, <a href=\"https:\/\/silveco.eu\/de\/asf-biosicherheit-was-ist-das-und-worum-geht-es\/\" target=\"_blank\" rel=\"noopener\">asf bioassurance<\/a>. <\/p>\n<\/div>\n","protected":false},"excerpt":{"rendered":"<h3><span style=\"color: #38aa45;\">Produkt f\u00fcr die Nachmelkhygiene bei Milchk\u00fchen.<\/span><\/h3>\n<h4>Mastitis vorbeugen!<\/h4>\n<p><strong>SILVECO NanoDip<\/strong> ist ein innovatives, dickfl\u00fcssiges Nachmelkpr\u00e4parat auf der Basis von aktiven Formen von Silber, Milchs\u00e4ure sowie Teebaum- und Eukalyptus\u00f6l. Seine einzigartige Formel bietet einen lang anhaltenden Schutz gegen die Entwicklung pathogener Mikroorganismen und reduziert die Anzahl der Mikroorganismen.<br \/>\nDie entsprechend dicke Konsistenz von <strong>SILVECO NanoDip<\/strong> erleichtert das Auftragen und sorgt f\u00fcr eine gleichm\u00e4\u00dfige Bedeckung der Zitzen mit dem Pr\u00e4parat , wodurch eine Kontamination und das Eindringen von Krankheitserregern in den Zitzenkanal verhindert wird.<br \/>\nDie einzigartige Formulierung des Pr\u00e4parats erm\u00f6glicht eine dauerhafte Anwendung , ohne dass das Produkt aus Angst vor Reizungen und mangelnder Wirksamkeit gewechselt werden muss.<\/p>\n<ul class=\"fs-14\">\n<li><strong>Enth\u00e4lt aktive Formen von Silber.<\/strong><\/li>\n<li>Die systematische Anwendung des Produkts verringert das Risiko einer Mastitis<\/li>\n<li>Dank seiner selektiven Formel sorgt es f\u00fcr eine ausreichende Hydratation und Regeneration der Zitzen<\/li>\n<li>Perfekte Zitzenabdeckung<\/li>\n<\/ul>\n<p>Verpackung: 1 kg, 20 kg und 200 kg<\/p>\n","protected":false},"featured_media":4125,"comment_status":"open","ping_status":"closed","template":"","meta":{"_acf_changed":false,"inline_featured_image":false},"product_brand":[],"product_cat":[110],"product_tag":[237,238],"class_list":{"0":"post-3951","1":"product","2":"type-product","3":"status-publish","4":"has-post-thumbnail","6":"product_cat-gesundheit-von-euter-und-fortpflanzungsorganen","7":"product_tag-eintauchen","8":"product_tag-scharfentauchen","10":"first","11":"instock","12":"shipping-taxable","13":"product-type-simple"},"acf":[],"yoast_head":"<!-- This site is optimized with the Yoast SEO plugin v26.4 - https:\/\/yoast.com\/wordpress\/plugins\/seo\/ -->\n<title>SILVECO NanoDip Pr\u00e4parat f\u00fcr die Nachmelkhygiene - Leichenfledderung - Vorbereitung<\/title>\n<meta name=\"description\" content=\"SILVECO NanoDip ist ein innovatives, dickfl\u00fcssiges Nachmelkpr\u00e4parat auf der Basis von aktiven Formen von Silber, Milchs\u00e4ure sowie Teebaum- und Eukalyptus\u00f6l. Seine einzigartige Formulierung bietet lang anhaltenden Schutz vor dem Wachstum pathogener Mikroorganismen und reduziert die Anzahl der Mikroorganismen.\" \/>\n<meta name=\"robots\" content=\"index, follow, max-snippet:-1, max-image-preview:large, max-video-preview:-1\" \/>\n<link rel=\"canonical\" href=\"https:\/\/silveco.eu\/de\/produkt\/silveco-nanodip\/\" \/>\n<meta property=\"og:locale\" content=\"de_DE\" \/>\n<meta property=\"og:type\" content=\"article\" \/>\n<meta property=\"og:title\" content=\"SILVECO NanoDip Pr\u00e4parat f\u00fcr die Nachmelkhygiene - Leichenfledderung - Vorbereitung\" \/>\n<meta property=\"og:description\" content=\"SILVECO NanoDip ist ein innovatives, dickfl\u00fcssiges Nachmelkpr\u00e4parat auf der Basis von aktiven Formen von Silber, Milchs\u00e4ure sowie Teebaum- und Eukalyptus\u00f6l. Seine einzigartige Formulierung bietet lang anhaltenden Schutz vor dem Wachstum pathogener Mikroorganismen und reduziert die Anzahl der Mikroorganismen.\" \/>\n<meta property=\"og:url\" content=\"https:\/\/silveco.eu\/de\/produkt\/silveco-nanodip\/\" \/>\n<meta property=\"og:site_name\" content=\"Silveco\" \/>\n<meta property=\"article:modified_time\" content=\"2026-03-23T07:45:10+00:00\" \/>\n<meta property=\"og:image\" content=\"https:\/\/silveco.eu\/wp-content\/uploads\/2024\/02\/Nanodip-mockup-wlasciwy.png\" \/>\n\t<meta property=\"og:image:width\" content=\"2000\" \/>\n\t<meta property=\"og:image:height\" content=\"2000\" \/>\n\t<meta property=\"og:image:type\" content=\"image\/png\" \/>\n<meta name=\"twitter:card\" content=\"summary_large_image\" \/>\n<meta name=\"twitter:label1\" content=\"Gesch\u00e4tzte Lesezeit\" \/>\n\t<meta name=\"twitter:data1\" content=\"1\u00a0Minute\" \/>\n<script type=\"application\/ld+json\" class=\"yoast-schema-graph\">{\"@context\":\"https:\/\/schema.org\",\"@graph\":[{\"@type\":\"WebPage\",\"@id\":\"https:\/\/silveco.eu\/de\/produkt\/silveco-nanodip\/\",\"url\":\"https:\/\/silveco.eu\/de\/produkt\/silveco-nanodip\/\",\"name\":\"SILVECO NanoDip Pr\u00e4parat f\u00fcr die Nachmelkhygiene - Leichenfledderung - Vorbereitung\",\"isPartOf\":{\"@id\":\"https:\/\/silveco.eu\/#website\"},\"primaryImageOfPage\":{\"@id\":\"https:\/\/silveco.eu\/de\/produkt\/silveco-nanodip\/#primaryimage\"},\"image\":{\"@id\":\"https:\/\/silveco.eu\/de\/produkt\/silveco-nanodip\/#primaryimage\"},\"thumbnailUrl\":\"https:\/\/silveco.eu\/wp-content\/uploads\/2024\/02\/Nanodip-mockup-wlasciwy.png\",\"datePublished\":\"2024-02-08T21:05:31+00:00\",\"dateModified\":\"2026-03-23T07:45:10+00:00\",\"description\":\"SILVECO NanoDip ist ein innovatives, dickfl\u00fcssiges Nachmelkpr\u00e4parat auf der Basis von aktiven Formen von Silber, Milchs\u00e4ure sowie Teebaum- und Eukalyptus\u00f6l. Seine einzigartige Formulierung bietet lang anhaltenden Schutz vor dem Wachstum pathogener Mikroorganismen und reduziert die Anzahl der Mikroorganismen.\",\"breadcrumb\":{\"@id\":\"https:\/\/silveco.eu\/de\/produkt\/silveco-nanodip\/#breadcrumb\"},\"inLanguage\":\"de\",\"potentialAction\":[{\"@type\":\"ReadAction\",\"target\":[\"https:\/\/silveco.eu\/de\/produkt\/silveco-nanodip\/\"]}]},{\"@type\":\"ImageObject\",\"inLanguage\":\"de\",\"@id\":\"https:\/\/silveco.eu\/de\/produkt\/silveco-nanodip\/#primaryimage\",\"url\":\"https:\/\/silveco.eu\/wp-content\/uploads\/2024\/02\/Nanodip-mockup-wlasciwy.png\",\"contentUrl\":\"https:\/\/silveco.eu\/wp-content\/uploads\/2024\/02\/Nanodip-mockup-wlasciwy.png\",\"width\":2000,\"height\":2000},{\"@type\":\"BreadcrumbList\",\"@id\":\"https:\/\/silveco.eu\/de\/produkt\/silveco-nanodip\/#breadcrumb\",\"itemListElement\":[{\"@type\":\"ListItem\",\"position\":1,\"name\":\"Strona g\u0142\u00f3wna\",\"item\":\"https:\/\/silveco.eu\/de\/\"},{\"@type\":\"ListItem\",\"position\":2,\"name\":\"Sklep\",\"item\":\"https:\/\/silveco.eu\/sklep\/\"},{\"@type\":\"ListItem\",\"position\":3,\"name\":\"SILVECO NanoDip Pr\u00e4parat f\u00fcr die Nachmelkhygiene\"}]},{\"@type\":\"WebSite\",\"@id\":\"https:\/\/silveco.eu\/#website\",\"url\":\"https:\/\/silveco.eu\/\",\"name\":\"Silveco\",\"description\":\"Twoje wsparcie w hodowli\",\"publisher\":{\"@id\":\"https:\/\/silveco.eu\/#organization\"},\"potentialAction\":[{\"@type\":\"SearchAction\",\"target\":{\"@type\":\"EntryPoint\",\"urlTemplate\":\"https:\/\/silveco.eu\/?s={search_term_string}\"},\"query-input\":{\"@type\":\"PropertyValueSpecification\",\"valueRequired\":true,\"valueName\":\"search_term_string\"}}],\"inLanguage\":\"de\"},{\"@type\":\"Organization\",\"@id\":\"https:\/\/silveco.eu\/#organization\",\"name\":\"Silveco\",\"url\":\"https:\/\/silveco.eu\/\",\"logo\":{\"@type\":\"ImageObject\",\"inLanguage\":\"de\",\"@id\":\"https:\/\/silveco.eu\/#\/schema\/logo\/image\/\",\"url\":\"https:\/\/silveco.eu\/wp-content\/uploads\/2023\/03\/image-16.svg\",\"contentUrl\":\"https:\/\/silveco.eu\/wp-content\/uploads\/2023\/03\/image-16.svg\",\"width\":217,\"height\":40,\"caption\":\"Silveco\"},\"image\":{\"@id\":\"https:\/\/silveco.eu\/#\/schema\/logo\/image\/\"}}]}<\/script>\n<!-- \/ Yoast SEO plugin. -->","yoast_head_json":{"title":"SILVECO NanoDip Pr\u00e4parat f\u00fcr die Nachmelkhygiene - Leichenfledderung - Vorbereitung","description":"SILVECO NanoDip ist ein innovatives, dickfl\u00fcssiges Nachmelkpr\u00e4parat auf der Basis von aktiven Formen von Silber, Milchs\u00e4ure sowie Teebaum- und Eukalyptus\u00f6l. Seine einzigartige Formulierung bietet lang anhaltenden Schutz vor dem Wachstum pathogener Mikroorganismen und reduziert die Anzahl der Mikroorganismen.","robots":{"index":"index","follow":"follow","max-snippet":"max-snippet:-1","max-image-preview":"max-image-preview:large","max-video-preview":"max-video-preview:-1"},"canonical":"https:\/\/silveco.eu\/de\/produkt\/silveco-nanodip\/","og_locale":"de_DE","og_type":"article","og_title":"SILVECO NanoDip Pr\u00e4parat f\u00fcr die Nachmelkhygiene - Leichenfledderung - Vorbereitung","og_description":"SILVECO NanoDip ist ein innovatives, dickfl\u00fcssiges Nachmelkpr\u00e4parat auf der Basis von aktiven Formen von Silber, Milchs\u00e4ure sowie Teebaum- und Eukalyptus\u00f6l. Seine einzigartige Formulierung bietet lang anhaltenden Schutz vor dem Wachstum pathogener Mikroorganismen und reduziert die Anzahl der Mikroorganismen.","og_url":"https:\/\/silveco.eu\/de\/produkt\/silveco-nanodip\/","og_site_name":"Silveco","article_modified_time":"2026-03-23T07:45:10+00:00","og_image":[{"width":2000,"height":2000,"url":"https:\/\/silveco.eu\/wp-content\/uploads\/2024\/02\/Nanodip-mockup-wlasciwy.png","type":"image\/png"}],"twitter_card":"summary_large_image","twitter_misc":{"Gesch\u00e4tzte Lesezeit":"1\u00a0Minute"},"schema":{"@context":"https:\/\/schema.org","@graph":[{"@type":"WebPage","@id":"https:\/\/silveco.eu\/de\/produkt\/silveco-nanodip\/","url":"https:\/\/silveco.eu\/de\/produkt\/silveco-nanodip\/","name":"SILVECO NanoDip Pr\u00e4parat f\u00fcr die Nachmelkhygiene - Leichenfledderung - Vorbereitung","isPartOf":{"@id":"https:\/\/silveco.eu\/#website"},"primaryImageOfPage":{"@id":"https:\/\/silveco.eu\/de\/produkt\/silveco-nanodip\/#primaryimage"},"image":{"@id":"https:\/\/silveco.eu\/de\/produkt\/silveco-nanodip\/#primaryimage"},"thumbnailUrl":"https:\/\/silveco.eu\/wp-content\/uploads\/2024\/02\/Nanodip-mockup-wlasciwy.png","datePublished":"2024-02-08T21:05:31+00:00","dateModified":"2026-03-23T07:45:10+00:00","description":"SILVECO NanoDip ist ein innovatives, dickfl\u00fcssiges Nachmelkpr\u00e4parat auf der Basis von aktiven Formen von Silber, Milchs\u00e4ure sowie Teebaum- und Eukalyptus\u00f6l. Seine einzigartige Formulierung bietet lang anhaltenden Schutz vor dem Wachstum pathogener Mikroorganismen und reduziert die Anzahl der Mikroorganismen.","breadcrumb":{"@id":"https:\/\/silveco.eu\/de\/produkt\/silveco-nanodip\/#breadcrumb"},"inLanguage":"de","potentialAction":[{"@type":"ReadAction","target":["https:\/\/silveco.eu\/de\/produkt\/silveco-nanodip\/"]}]},{"@type":"ImageObject","inLanguage":"de","@id":"https:\/\/silveco.eu\/de\/produkt\/silveco-nanodip\/#primaryimage","url":"https:\/\/silveco.eu\/wp-content\/uploads\/2024\/02\/Nanodip-mockup-wlasciwy.png","contentUrl":"https:\/\/silveco.eu\/wp-content\/uploads\/2024\/02\/Nanodip-mockup-wlasciwy.png","width":2000,"height":2000},{"@type":"BreadcrumbList","@id":"https:\/\/silveco.eu\/de\/produkt\/silveco-nanodip\/#breadcrumb","itemListElement":[{"@type":"ListItem","position":1,"name":"Strona g\u0142\u00f3wna","item":"https:\/\/silveco.eu\/de\/"},{"@type":"ListItem","position":2,"name":"Sklep","item":"https:\/\/silveco.eu\/sklep\/"},{"@type":"ListItem","position":3,"name":"SILVECO NanoDip Pr\u00e4parat f\u00fcr die Nachmelkhygiene"}]},{"@type":"WebSite","@id":"https:\/\/silveco.eu\/#website","url":"https:\/\/silveco.eu\/","name":"Silveco","description":"Twoje wsparcie w hodowli","publisher":{"@id":"https:\/\/silveco.eu\/#organization"},"potentialAction":[{"@type":"SearchAction","target":{"@type":"EntryPoint","urlTemplate":"https:\/\/silveco.eu\/?s={search_term_string}"},"query-input":{"@type":"PropertyValueSpecification","valueRequired":true,"valueName":"search_term_string"}}],"inLanguage":"de"},{"@type":"Organization","@id":"https:\/\/silveco.eu\/#organization","name":"Silveco","url":"https:\/\/silveco.eu\/","logo":{"@type":"ImageObject","inLanguage":"de","@id":"https:\/\/silveco.eu\/#\/schema\/logo\/image\/","url":"https:\/\/silveco.eu\/wp-content\/uploads\/2023\/03\/image-16.svg","contentUrl":"https:\/\/silveco.eu\/wp-content\/uploads\/2023\/03\/image-16.svg","width":217,"height":40,"caption":"Silveco"},"image":{"@id":"https:\/\/silveco.eu\/#\/schema\/logo\/image\/"}}]}},"_links":{"self":[{"href":"https:\/\/silveco.eu\/de\/wp-json\/wp\/v2\/product\/3951","targetHints":{"allow":["GET"]}}],"collection":[{"href":"https:\/\/silveco.eu\/de\/wp-json\/wp\/v2\/product"}],"about":[{"href":"https:\/\/silveco.eu\/de\/wp-json\/wp\/v2\/types\/product"}],"replies":[{"embeddable":true,"href":"https:\/\/silveco.eu\/de\/wp-json\/wp\/v2\/comments?post=3951"}],"wp:featuredmedia":[{"embeddable":true,"href":"https:\/\/silveco.eu\/de\/wp-json\/wp\/v2\/media\/4125"}],"wp:attachment":[{"href":"https:\/\/silveco.eu\/de\/wp-json\/wp\/v2\/media?parent=3951"}],"wp:term":[{"taxonomy":"product_brand","embeddable":true,"href":"https:\/\/silveco.eu\/de\/wp-json\/wp\/v2\/product_brand?post=3951"},{"taxonomy":"product_cat","embeddable":true,"href":"https:\/\/silveco.eu\/de\/wp-json\/wp\/v2\/product_cat?post=3951"},{"taxonomy":"product_tag","embeddable":true,"href":"https:\/\/silveco.eu\/de\/wp-json\/wp\/v2\/product_tag?post=3951"}],"curies":[{"name":"wp","href":"https:\/\/api.w.org\/{rel}","templated":true}]}}