{"id":3998,"date":"2024-02-12T16:23:52","date_gmt":"2024-02-12T15:23:52","guid":{"rendered":"https:\/\/silveco.eu\/produkt\/silveco-pigeon-and-exotic-birds\/"},"modified":"2025-06-30T23:09:28","modified_gmt":"2025-06-30T21:09:28","slug":"silveco-pigeon-and-exotic-birds","status":"publish","type":"product","link":"https:\/\/silveco.eu\/de\/produkt\/silveco-pigeon-and-exotic-birds\/","title":{"rendered":"SILVECO+ Taube Biozid-Desinfektionsmittel-Konzentrat"},"content":{"rendered":"\n<div class=\"wp-block-group has-global-padding is-layout-constrained wp-block-group-is-layout-constrained\">\n<div class=\"wp-block-group benefits-section has-light-grey-fade-gradient-background has-background has-global-padding is-layout-constrained wp-container-core-group-is-layout-9ad842e3 wp-block-group-is-layout-constrained\" style=\"border-radius:24px;margin-bottom:var(--wp--preset--spacing--70);padding-top:64px;padding-right:16px;padding-bottom:64px;padding-left:16px\">\n<h2 class=\"wp-block-heading has-text-align-center has-text-color\" style=\"color:#175abf;margin-bottom:var(--wp--preset--spacing--70);font-size:clamp(35.2px, 2.2rem + ((1vw - 3.2px) * 2.571), 64px);\">Die wichtigsten <mark style=\"background-color:rgba(0, 0, 0, 0)\" class=\"has-inline-color has-primary-color\">Vorteile:<\/mark><\/h2>\n\n\n\n<div class=\"wp-block-group benefits-section__icon-boxes is-content-justification-space-between is-nowrap is-layout-flex wp-container-core-group-is-layout-62a6d66b wp-block-group-is-layout-flex\" style=\"padding-right:80px;padding-left:80px\">\n<div class=\"wp-block-media-text alignwide is-stacked-on-mobile is-vertically-aligned-center\" style=\"grid-template-columns:85% auto\"><figure class=\"wp-block-media-text__media\"><img loading=\"lazy\" decoding=\"async\" width=\"200\" height=\"228\" src=\"https:\/\/silveco.eu\/wp-content\/uploads\/2024\/02\/dzialanie.png\" alt=\"\" class=\"wp-image-3987 size-full\" srcset=\"https:\/\/silveco.eu\/wp-content\/uploads\/2024\/02\/dzialanie.png 200w, https:\/\/silveco.eu\/wp-content\/uploads\/2024\/02\/dzialanie-144x164.png 144w\" sizes=\"auto, (max-width: 200px) 100vw, 200px\" \/><\/figure><div class=\"wp-block-media-text__content\">\n<p><\/p>\n<\/div><\/div>\n\n\n\n<div class=\"wp-block-media-text alignwide is-stacked-on-mobile is-vertically-aligned-center\" style=\"grid-template-columns:85% auto\"><figure class=\"wp-block-media-text__media\"><img loading=\"lazy\" decoding=\"async\" width=\"300\" height=\"228\" src=\"https:\/\/silveco.eu\/wp-content\/uploads\/2024\/02\/rekomendowany.png\" alt=\"\" class=\"wp-image-4100 size-full\" srcset=\"https:\/\/silveco.eu\/wp-content\/uploads\/2024\/02\/rekomendowany.png 300w, https:\/\/silveco.eu\/wp-content\/uploads\/2024\/02\/rekomendowany-216x164.png 216w\" sizes=\"auto, (max-width: 300px) 100vw, 300px\" \/><\/figure><div class=\"wp-block-media-text__content\">\n<p><\/p>\n<\/div><\/div>\n\n\n\n<div class=\"wp-block-media-text alignwide is-stacked-on-mobile is-vertically-aligned-center\" style=\"grid-template-columns:85% auto\"><figure class=\"wp-block-media-text__media\"><img loading=\"lazy\" decoding=\"async\" width=\"200\" height=\"228\" src=\"https:\/\/silveco.eu\/wp-content\/uploads\/2024\/02\/bezpieczna.png\" alt=\"\" class=\"wp-image-3984 size-full\" srcset=\"https:\/\/silveco.eu\/wp-content\/uploads\/2024\/02\/bezpieczna.png 200w, https:\/\/silveco.eu\/wp-content\/uploads\/2024\/02\/bezpieczna-144x164.png 144w\" sizes=\"auto, (max-width: 200px) 100vw, 200px\" \/><\/figure><div class=\"wp-block-media-text__content\">\n<p><\/p>\n<\/div><\/div>\n<\/div>\n<\/div>\n\n\n\n<div class=\"wp-block-group container pt-5 has-global-padding is-layout-constrained wp-block-group-is-layout-constrained\">\n<div class=\"wp-block-columns are-vertically-aligned-center is-layout-flex wp-container-core-columns-is-layout-28f84493 wp-block-columns-is-layout-flex\">\n<div class=\"wp-block-column is-vertically-aligned-center is-layout-flow wp-block-column-is-layout-flow\">\n<h3 class=\"wp-block-heading fs-48 has-text-color\" style=\"color:#175abf;font-size:clamp(27.894px, 1.743rem + ((1vw - 3.2px) * 1.795), 48px);font-style:normal;font-weight:800;line-height:1.2\">Anwendung: <\/h3>\n\n\n\n<h4 class=\"wp-block-heading has-h-6-font-size\"><strong>F\u00fcr die korrekte Anwendung m\u00fcssen Sie unbedingt das Etikett und die Packungsbeilage lesen und einen Fachmann zu Rate ziehen. Nur in Verd\u00fcnnung verwenden. Die Empfehlungen beruhen auf den Unterlagen zur Produktregistrierung und auf der Erfahrung von Tier\u00e4rzten und k\u00f6nnen bei Bedarf angepasst werden.<br\/>3 Methoden der Feldanwendung mit entmineralisiertem\/destilliertem Wasser (*):  <\/strong><\/h4>\n\n\n\n<h4 class=\"wp-block-heading\"><strong>1. Desinfektion des Taubenhauses\/der Voliere (Bespr\u00fchen)<\/strong><\/h4>\n\n\n\n<p style=\"margin-top:0;margin-bottom:0;font-size:clamp(14px, 0.875rem + ((1vw - 3.2px) * 0.179), 16px);line-height:1.7\">Vor der Behandlung die Oberfl\u00e4chen mechanisch reinigen (Kot und Schmutz entfernen) und dann:<br\/>Dosierung in Anwesenheit von Tauben: 100 ml SILVECO GO\u00a3\u00a3\u00a3\u00a3 + 1L entmineralisiertes Wasser und mit einem Feintropfenspr\u00fcher bespr\u00fchen.<br\/>Dosierung in einem leeren Taubenhaus: 250 ml SILVECO GOLDBE + 1L entmineralisiertes Wasser und mit einem Feintropfzerst\u00e4uber verspr\u00fchen.<br\/>Nach dem Verspr\u00fchen keine anderen Desinfektionsma\u00dfnahmen im Taubenhaus durchf\u00fchren (d.h. mindestens 1 Woche lang nicht brennen und die B\u00f6den des Taubenhauses nicht mit z.B. Kreide bedecken)<br\/>&#8211; Indikationen: Desinfektion, viruzide, bakterizide, fungizide Wirkung.<\/p>\n\n\n\n<h4 class=\"wp-block-heading\" style=\"margin-top:0;margin-bottom:0\"><strong>2. das Einatmen von Tauben im Taubenschlag (Vernebeln, Bespr\u00fchen)<\/strong><\/h4>\n\n\n\n<p style=\"margin-top:0;margin-bottom:0;font-size:clamp(14px, 0.875rem + ((1vw - 3.2px) * 0.179), 16px);line-height:1.7\">Dosierung: 50 ml SILVECO GOOLS + 1L demineralisiertes Wasser, in Anwesenheit von Tauben, nachmittags und abends anwenden.<br\/>&#8211; Indikationen bei Tauben und Zierv\u00f6geln: Virusinfektionen des Atmungssystems, bakterielle Infektionen, Mykoplasmose, Ornithobakteriose, Pilzinfektionen (Aspergillose).<\/p>\n\n\n\n<h4 class=\"wp-block-heading\" style=\"margin-top:0;margin-bottom:0\"><strong>3. Trinker<\/strong><\/h4>\n\n\n\n<p style=\"margin-top:0;margin-bottom:0;font-size:clamp(14px, 0.875rem + ((1vw - 3.2px) * 0.179), 16px);line-height:1.7\">Vor der Anwendung einen Spezialisten konsultieren.<br\/>&#8211; prophylaktisch 3 ml SILVECO GO\u00a3\u00a3\u00a3\u00a3\u00a3\u00a3 + 1L entmineralisiertes Wasser* f\u00fcr 2-3 Tage,<br\/>&#8211; zwischendurch 5 ml SILVECO GO\u00a3\u00a3\u00a3\u00a3\u00a3\u00a3 + 1L entmineralisiertes Wasser* f\u00fcr 5-7 Tage.<br\/>&#8211; Indikationen bei Tauben und Zierv\u00f6geln: Viruserkrankungen (insbesondere AdenoVirus), bakterielle und Pilzerkrankungen, insbesondere Durchfall unklarer \u00c4tiologie, Anaerobier, verd\u00e4chtige Futterqualit\u00e4t,<br\/>&#8211; nicht 24 h vor und nach der Impfung der V\u00f6gel anwenden.<\/p>\n<\/div>\n<\/div>\n<\/div>\n<\/div>\n","protected":false},"excerpt":{"rendered":"<p class=\"fs-14\">Biozides Konzentrat zur Desinfektion<br \/>\n<strong>SILVECO+ Pigeon<\/strong> ist ein modernes Pr\u00e4parat, das aktive Formen von Silber enth\u00e4lt.<br \/>\nBestimmt f\u00fcr:<\/p>\n<ul class=\"fs-14\">\n<li>Desinfektion aller Arten von Oberfl\u00e4chen zur Aufrechterhaltung der Veterin\u00e4rhygiene in Bereichen, in denen Tiere untergebracht sind oder transportiert werden. Es hat starke bakterient\u00f6tende Eigenschaften, unter anderem gegen Salmonella enterica subsp. enterica serovar Typhimurium, fungizid und viruzid,<\/li>\n<li>Desinfektion von Fl\u00e4chen, Ger\u00e4ten, Beh\u00e4ltern und Rohrleitungen, die mit Lebensmitteln in Ber\u00fchrung kommen (einschlie\u00dflich Desinfektion von Trinkwasserleitungen)<\/li>\n<\/ul>\n<p class=\"fs-14\">Kann in Gegenwart von Tauben und Zierv\u00f6geln verwendet werden &#8211; empfohlene Konzentration<br \/>\n5%. Produkt f\u00fcr die gewerbliche Verwendung, das unter PT3 und PT4 registriert ist.<\/p>\n<p class=\"fs-14\"><strong>Zusammensetzung:<\/strong> Silber, Wasserstoffperoxid, Ameisens\u00e4ure, Glykols\u00e4ure.<br \/>\n<strong>Verpackung:<\/strong> 500 ml<br \/>\n<strong><br \/>\nExklusivvertrieb in Polen<\/strong>:<\/p>\n<p><a href=\"http:\/\/www.centrumzdrowiagolebi.pl\" target=\"_blank\" rel=\"noopener\"><img loading=\"lazy\" decoding=\"async\" class=\"alignnone size-full wp-image-3994\" src=\"https:\/\/silveco.eu\/wp-content\/uploads\/2024\/02\/vet-animal-logo-r-1.png\" alt=\"\" width=\"250\" height=\"24\" srcset=\"https:\/\/silveco.eu\/wp-content\/uploads\/2024\/02\/vet-animal-logo-r-1.png 250w, https:\/\/silveco.eu\/wp-content\/uploads\/2024\/02\/vet-animal-logo-r-1-241x23.png 241w\" sizes=\"auto, (max-width: 250px) 100vw, 250px\" \/><\/a><\/p>\n","protected":false},"featured_media":3982,"comment_status":"open","ping_status":"closed","template":"","meta":{"_acf_changed":false,"inline_featured_image":false},"product_brand":[],"product_cat":[105],"product_tag":[],"class_list":{"0":"post-3998","1":"product","2":"type-product","3":"status-publish","4":"has-post-thumbnail","6":"product_cat-desinfektion","8":"first","9":"instock","10":"shipping-taxable","11":"product-type-simple"},"acf":[],"yoast_head":"<!-- This site is optimized with the Yoast SEO plugin v26.4 - https:\/\/yoast.com\/wordpress\/plugins\/seo\/ -->\n<title>SILVECO+ Taube Biozid-Desinfektionsmittel-Konzentrat - Silveco<\/title>\n<meta name=\"description\" content=\"SILVECO+ Pigeon and Exotic Birds ist ein modernes Pr\u00e4parat, das aktive Formen von Silber enth\u00e4lt. F\u00fcr die Desinfektion aller Arten von Oberfl\u00e4chen zur Aufrechterhaltung der Veterin\u00e4rhygiene in Bereichen, in denen Tiere untergebracht oder transportiert werden, bestimmt.\" \/>\n<meta name=\"robots\" content=\"index, follow, max-snippet:-1, max-image-preview:large, max-video-preview:-1\" \/>\n<link rel=\"canonical\" href=\"https:\/\/silveco.eu\/de\/produkt\/silveco-pigeon-and-exotic-birds\/\" \/>\n<meta property=\"og:locale\" content=\"de_DE\" \/>\n<meta property=\"og:type\" content=\"article\" \/>\n<meta property=\"og:title\" content=\"SILVECO+ Taube Biozid-Desinfektionsmittel-Konzentrat - Silveco\" \/>\n<meta property=\"og:description\" content=\"SILVECO+ Pigeon and Exotic Birds ist ein modernes Pr\u00e4parat, das aktive Formen von Silber enth\u00e4lt. F\u00fcr die Desinfektion aller Arten von Oberfl\u00e4chen zur Aufrechterhaltung der Veterin\u00e4rhygiene in Bereichen, in denen Tiere untergebracht oder transportiert werden, bestimmt.\" \/>\n<meta property=\"og:url\" content=\"https:\/\/silveco.eu\/de\/produkt\/silveco-pigeon-and-exotic-birds\/\" \/>\n<meta property=\"og:site_name\" content=\"Silveco\" \/>\n<meta property=\"article:modified_time\" content=\"2025-06-30T21:09:28+00:00\" \/>\n<meta property=\"og:image\" content=\"https:\/\/silveco.eu\/wp-content\/uploads\/2024\/02\/golab_PL-1.png\" \/>\n\t<meta property=\"og:image:width\" content=\"800\" \/>\n\t<meta property=\"og:image:height\" content=\"800\" \/>\n\t<meta property=\"og:image:type\" content=\"image\/png\" \/>\n<meta name=\"twitter:card\" content=\"summary_large_image\" \/>\n<meta name=\"twitter:label1\" content=\"Gesch\u00e4tzte Lesezeit\" \/>\n\t<meta name=\"twitter:data1\" content=\"1\u00a0Minute\" \/>\n<script type=\"application\/ld+json\" class=\"yoast-schema-graph\">{\"@context\":\"https:\/\/schema.org\",\"@graph\":[{\"@type\":\"WebPage\",\"@id\":\"https:\/\/silveco.eu\/de\/produkt\/silveco-pigeon-and-exotic-birds\/\",\"url\":\"https:\/\/silveco.eu\/de\/produkt\/silveco-pigeon-and-exotic-birds\/\",\"name\":\"SILVECO+ Taube Biozid-Desinfektionsmittel-Konzentrat - Silveco\",\"isPartOf\":{\"@id\":\"https:\/\/silveco.eu\/#website\"},\"primaryImageOfPage\":{\"@id\":\"https:\/\/silveco.eu\/de\/produkt\/silveco-pigeon-and-exotic-birds\/#primaryimage\"},\"image\":{\"@id\":\"https:\/\/silveco.eu\/de\/produkt\/silveco-pigeon-and-exotic-birds\/#primaryimage\"},\"thumbnailUrl\":\"https:\/\/silveco.eu\/wp-content\/uploads\/2024\/02\/golab_PL-1.png\",\"datePublished\":\"2024-02-12T15:23:52+00:00\",\"dateModified\":\"2025-06-30T21:09:28+00:00\",\"description\":\"SILVECO+ Pigeon and Exotic Birds ist ein modernes Pr\u00e4parat, das aktive Formen von Silber enth\u00e4lt. F\u00fcr die Desinfektion aller Arten von Oberfl\u00e4chen zur Aufrechterhaltung der Veterin\u00e4rhygiene in Bereichen, in denen Tiere untergebracht oder transportiert werden, bestimmt.\",\"breadcrumb\":{\"@id\":\"https:\/\/silveco.eu\/de\/produkt\/silveco-pigeon-and-exotic-birds\/#breadcrumb\"},\"inLanguage\":\"de\",\"potentialAction\":[{\"@type\":\"ReadAction\",\"target\":[\"https:\/\/silveco.eu\/de\/produkt\/silveco-pigeon-and-exotic-birds\/\"]}]},{\"@type\":\"ImageObject\",\"inLanguage\":\"de\",\"@id\":\"https:\/\/silveco.eu\/de\/produkt\/silveco-pigeon-and-exotic-birds\/#primaryimage\",\"url\":\"https:\/\/silveco.eu\/wp-content\/uploads\/2024\/02\/golab_PL-1.png\",\"contentUrl\":\"https:\/\/silveco.eu\/wp-content\/uploads\/2024\/02\/golab_PL-1.png\",\"width\":800,\"height\":800},{\"@type\":\"BreadcrumbList\",\"@id\":\"https:\/\/silveco.eu\/de\/produkt\/silveco-pigeon-and-exotic-birds\/#breadcrumb\",\"itemListElement\":[{\"@type\":\"ListItem\",\"position\":1,\"name\":\"Strona g\u0142\u00f3wna\",\"item\":\"https:\/\/silveco.eu\/de\/\"},{\"@type\":\"ListItem\",\"position\":2,\"name\":\"Sklep\",\"item\":\"https:\/\/silveco.eu\/sklep\/\"},{\"@type\":\"ListItem\",\"position\":3,\"name\":\"SILVECO+ Pigeon and Exotic Birds\"}]},{\"@type\":\"WebSite\",\"@id\":\"https:\/\/silveco.eu\/#website\",\"url\":\"https:\/\/silveco.eu\/\",\"name\":\"Silveco\",\"description\":\"Twoje wsparcie w hodowli\",\"publisher\":{\"@id\":\"https:\/\/silveco.eu\/#organization\"},\"potentialAction\":[{\"@type\":\"SearchAction\",\"target\":{\"@type\":\"EntryPoint\",\"urlTemplate\":\"https:\/\/silveco.eu\/?s={search_term_string}\"},\"query-input\":{\"@type\":\"PropertyValueSpecification\",\"valueRequired\":true,\"valueName\":\"search_term_string\"}}],\"inLanguage\":\"de\"},{\"@type\":\"Organization\",\"@id\":\"https:\/\/silveco.eu\/#organization\",\"name\":\"Silveco\",\"url\":\"https:\/\/silveco.eu\/\",\"logo\":{\"@type\":\"ImageObject\",\"inLanguage\":\"de\",\"@id\":\"https:\/\/silveco.eu\/#\/schema\/logo\/image\/\",\"url\":\"https:\/\/silveco.eu\/wp-content\/uploads\/2023\/03\/image-16.svg\",\"contentUrl\":\"https:\/\/silveco.eu\/wp-content\/uploads\/2023\/03\/image-16.svg\",\"width\":217,\"height\":40,\"caption\":\"Silveco\"},\"image\":{\"@id\":\"https:\/\/silveco.eu\/#\/schema\/logo\/image\/\"}}]}<\/script>\n<!-- \/ Yoast SEO plugin. -->","yoast_head_json":{"title":"SILVECO+ Taube Biozid-Desinfektionsmittel-Konzentrat - Silveco","description":"SILVECO+ Pigeon and Exotic Birds ist ein modernes Pr\u00e4parat, das aktive Formen von Silber enth\u00e4lt. F\u00fcr die Desinfektion aller Arten von Oberfl\u00e4chen zur Aufrechterhaltung der Veterin\u00e4rhygiene in Bereichen, in denen Tiere untergebracht oder transportiert werden, bestimmt.","robots":{"index":"index","follow":"follow","max-snippet":"max-snippet:-1","max-image-preview":"max-image-preview:large","max-video-preview":"max-video-preview:-1"},"canonical":"https:\/\/silveco.eu\/de\/produkt\/silveco-pigeon-and-exotic-birds\/","og_locale":"de_DE","og_type":"article","og_title":"SILVECO+ Taube Biozid-Desinfektionsmittel-Konzentrat - Silveco","og_description":"SILVECO+ Pigeon and Exotic Birds ist ein modernes Pr\u00e4parat, das aktive Formen von Silber enth\u00e4lt. F\u00fcr die Desinfektion aller Arten von Oberfl\u00e4chen zur Aufrechterhaltung der Veterin\u00e4rhygiene in Bereichen, in denen Tiere untergebracht oder transportiert werden, bestimmt.","og_url":"https:\/\/silveco.eu\/de\/produkt\/silveco-pigeon-and-exotic-birds\/","og_site_name":"Silveco","article_modified_time":"2025-06-30T21:09:28+00:00","og_image":[{"width":800,"height":800,"url":"https:\/\/silveco.eu\/wp-content\/uploads\/2024\/02\/golab_PL-1.png","type":"image\/png"}],"twitter_card":"summary_large_image","twitter_misc":{"Gesch\u00e4tzte Lesezeit":"1\u00a0Minute"},"schema":{"@context":"https:\/\/schema.org","@graph":[{"@type":"WebPage","@id":"https:\/\/silveco.eu\/de\/produkt\/silveco-pigeon-and-exotic-birds\/","url":"https:\/\/silveco.eu\/de\/produkt\/silveco-pigeon-and-exotic-birds\/","name":"SILVECO+ Taube Biozid-Desinfektionsmittel-Konzentrat - Silveco","isPartOf":{"@id":"https:\/\/silveco.eu\/#website"},"primaryImageOfPage":{"@id":"https:\/\/silveco.eu\/de\/produkt\/silveco-pigeon-and-exotic-birds\/#primaryimage"},"image":{"@id":"https:\/\/silveco.eu\/de\/produkt\/silveco-pigeon-and-exotic-birds\/#primaryimage"},"thumbnailUrl":"https:\/\/silveco.eu\/wp-content\/uploads\/2024\/02\/golab_PL-1.png","datePublished":"2024-02-12T15:23:52+00:00","dateModified":"2025-06-30T21:09:28+00:00","description":"SILVECO+ Pigeon and Exotic Birds ist ein modernes Pr\u00e4parat, das aktive Formen von Silber enth\u00e4lt. F\u00fcr die Desinfektion aller Arten von Oberfl\u00e4chen zur Aufrechterhaltung der Veterin\u00e4rhygiene in Bereichen, in denen Tiere untergebracht oder transportiert werden, bestimmt.","breadcrumb":{"@id":"https:\/\/silveco.eu\/de\/produkt\/silveco-pigeon-and-exotic-birds\/#breadcrumb"},"inLanguage":"de","potentialAction":[{"@type":"ReadAction","target":["https:\/\/silveco.eu\/de\/produkt\/silveco-pigeon-and-exotic-birds\/"]}]},{"@type":"ImageObject","inLanguage":"de","@id":"https:\/\/silveco.eu\/de\/produkt\/silveco-pigeon-and-exotic-birds\/#primaryimage","url":"https:\/\/silveco.eu\/wp-content\/uploads\/2024\/02\/golab_PL-1.png","contentUrl":"https:\/\/silveco.eu\/wp-content\/uploads\/2024\/02\/golab_PL-1.png","width":800,"height":800},{"@type":"BreadcrumbList","@id":"https:\/\/silveco.eu\/de\/produkt\/silveco-pigeon-and-exotic-birds\/#breadcrumb","itemListElement":[{"@type":"ListItem","position":1,"name":"Strona g\u0142\u00f3wna","item":"https:\/\/silveco.eu\/de\/"},{"@type":"ListItem","position":2,"name":"Sklep","item":"https:\/\/silveco.eu\/sklep\/"},{"@type":"ListItem","position":3,"name":"SILVECO+ Pigeon and Exotic Birds"}]},{"@type":"WebSite","@id":"https:\/\/silveco.eu\/#website","url":"https:\/\/silveco.eu\/","name":"Silveco","description":"Twoje wsparcie w hodowli","publisher":{"@id":"https:\/\/silveco.eu\/#organization"},"potentialAction":[{"@type":"SearchAction","target":{"@type":"EntryPoint","urlTemplate":"https:\/\/silveco.eu\/?s={search_term_string}"},"query-input":{"@type":"PropertyValueSpecification","valueRequired":true,"valueName":"search_term_string"}}],"inLanguage":"de"},{"@type":"Organization","@id":"https:\/\/silveco.eu\/#organization","name":"Silveco","url":"https:\/\/silveco.eu\/","logo":{"@type":"ImageObject","inLanguage":"de","@id":"https:\/\/silveco.eu\/#\/schema\/logo\/image\/","url":"https:\/\/silveco.eu\/wp-content\/uploads\/2023\/03\/image-16.svg","contentUrl":"https:\/\/silveco.eu\/wp-content\/uploads\/2023\/03\/image-16.svg","width":217,"height":40,"caption":"Silveco"},"image":{"@id":"https:\/\/silveco.eu\/#\/schema\/logo\/image\/"}}]}},"_links":{"self":[{"href":"https:\/\/silveco.eu\/de\/wp-json\/wp\/v2\/product\/3998","targetHints":{"allow":["GET"]}}],"collection":[{"href":"https:\/\/silveco.eu\/de\/wp-json\/wp\/v2\/product"}],"about":[{"href":"https:\/\/silveco.eu\/de\/wp-json\/wp\/v2\/types\/product"}],"replies":[{"embeddable":true,"href":"https:\/\/silveco.eu\/de\/wp-json\/wp\/v2\/comments?post=3998"}],"wp:featuredmedia":[{"embeddable":true,"href":"https:\/\/silveco.eu\/de\/wp-json\/wp\/v2\/media\/3982"}],"wp:attachment":[{"href":"https:\/\/silveco.eu\/de\/wp-json\/wp\/v2\/media?parent=3998"}],"wp:term":[{"taxonomy":"product_brand","embeddable":true,"href":"https:\/\/silveco.eu\/de\/wp-json\/wp\/v2\/product_brand?post=3998"},{"taxonomy":"product_cat","embeddable":true,"href":"https:\/\/silveco.eu\/de\/wp-json\/wp\/v2\/product_cat?post=3998"},{"taxonomy":"product_tag","embeddable":true,"href":"https:\/\/silveco.eu\/de\/wp-json\/wp\/v2\/product_tag?post=3998"}],"curies":[{"name":"wp","href":"https:\/\/api.w.org\/{rel}","templated":true}]}}