{"id":4228,"date":"2024-04-11T16:57:16","date_gmt":"2024-04-11T14:57:16","guid":{"rendered":"https:\/\/silveco.eu\/?post_type=product&#038;p=4228"},"modified":"2025-06-30T23:12:40","modified_gmt":"2025-06-30T21:12:40","slug":"silveco-pet-nanoeyes","status":"publish","type":"product","link":"https:\/\/silveco.eu\/de\/produkt\/silveco-pet-nanoeyes\/","title":{"rendered":"SILVECO PET NanoEyes Augentropfen mit feuchtigkeitsspendender und reizlindernder Wirkung"},"content":{"rendered":"\n<div class=\"wp-block-group has-global-padding is-layout-constrained wp-block-group-is-layout-constrained\">\n<div class=\"wp-block-group has-global-padding is-layout-constrained wp-block-group-is-layout-constrained\">\n<div class=\"wp-block-group benefits-section has-light-grey-fade-gradient-background has-background has-global-padding is-layout-constrained wp-container-core-group-is-layout-9ad842e3 wp-block-group-is-layout-constrained\" style=\"border-radius:24px;margin-bottom:var(--wp--preset--spacing--70);padding-top:64px;padding-right:16px;padding-bottom:64px;padding-left:16px\">\n<h2 class=\"wp-block-heading has-text-align-center has-orange-color has-text-color has-huge-font-size\">Die wichtigsten <mark style=\"background-color:rgba(0, 0, 0, 0)\" class=\"has-inline-color has-primary-color\">Vorteile:<\/mark><\/h2>\n\n\n\n<div class=\"wp-block-group benefits-section__icon-boxes is-content-justification-space-between is-nowrap is-layout-flex wp-container-core-group-is-layout-62a6d66b wp-block-group-is-layout-flex\" style=\"padding-right:80px;padding-left:80px\">\n<div class=\"wp-block-media-text alignwide is-stacked-on-mobile is-vertically-aligned-center\"><figure class=\"wp-block-media-text__media\"><img loading=\"lazy\" decoding=\"async\" width=\"160\" height=\"160\" src=\"https:\/\/silveco.eu\/wp-content\/uploads\/2024\/04\/bezzapachowe.png\" alt=\"\" class=\"wp-image-4234 size-full\" srcset=\"https:\/\/silveco.eu\/wp-content\/uploads\/2024\/04\/bezzapachowe.png 160w, https:\/\/silveco.eu\/wp-content\/uploads\/2024\/04\/bezzapachowe-100x100.png 100w\" sizes=\"auto, (max-width: 160px) 100vw, 160px\" \/><\/figure><div class=\"wp-block-media-text__content\">\n<p>Geruchlos<\/p>\n<\/div><\/div>\n\n\n\n<div class=\"wp-block-media-text alignwide is-stacked-on-mobile is-vertically-aligned-center\"><figure class=\"wp-block-media-text__media\"><img loading=\"lazy\" decoding=\"async\" width=\"160\" height=\"160\" src=\"https:\/\/silveco.eu\/wp-content\/uploads\/2024\/04\/doskonale-nawilzaja.png\" alt=\"\" class=\"wp-image-4237 size-full\" srcset=\"https:\/\/silveco.eu\/wp-content\/uploads\/2024\/04\/doskonale-nawilzaja.png 160w, https:\/\/silveco.eu\/wp-content\/uploads\/2024\/04\/doskonale-nawilzaja-100x100.png 100w\" sizes=\"auto, (max-width: 160px) 100vw, 160px\" \/><\/figure><div class=\"wp-block-media-text__content\">\n<p>Spendet perfekt Feuchtigkeit<\/p>\n<\/div><\/div>\n\n\n\n<div class=\"wp-block-media-text alignwide is-stacked-on-mobile is-vertically-aligned-center\"><figure class=\"wp-block-media-text__media\"><img loading=\"lazy\" decoding=\"async\" width=\"161\" height=\"160\" src=\"https:\/\/silveco.eu\/wp-content\/themes\/silveco\/assets\/images\/active_silver_ICON160.webp\" alt=\"\" class=\"wp-image-1010 size-full\"\/><\/figure><div class=\"wp-block-media-text__content\">\n<p>Aktive Formen von Silber<\/p>\n<\/div><\/div>\n\n\n\n<div class=\"wp-block-media-text alignwide is-stacked-on-mobile is-vertically-aligned-center\"><figure class=\"wp-block-media-text__media\"><img loading=\"lazy\" decoding=\"async\" width=\"161\" height=\"161\" src=\"https:\/\/silveco.eu\/wp-content\/uploads\/2023\/05\/Gojenie-ran.png\" alt=\"\" class=\"wp-image-1532 size-full\" srcset=\"https:\/\/silveco.eu\/wp-content\/uploads\/2023\/05\/Gojenie-ran.png 161w, https:\/\/silveco.eu\/wp-content\/uploads\/2023\/05\/Gojenie-ran-100x100.png 100w\" sizes=\"auto, (max-width: 161px) 100vw, 161px\" \/><\/figure><div class=\"wp-block-media-text__content\">\n<p>Regeneration und Schutz<\/p>\n<\/div><\/div>\n\n\n\n<div class=\"wp-block-media-text alignwide is-stacked-on-mobile is-vertically-aligned-center\"><figure class=\"wp-block-media-text__media\"><img loading=\"lazy\" decoding=\"async\" width=\"161\" height=\"160\" src=\"https:\/\/silveco.eu\/wp-content\/uploads\/2024\/04\/lagodza-podraznienia.png\" alt=\"\" class=\"wp-image-4240 size-full\" srcset=\"https:\/\/silveco.eu\/wp-content\/uploads\/2024\/04\/lagodza-podraznienia.png 161w, https:\/\/silveco.eu\/wp-content\/uploads\/2024\/04\/lagodza-podraznienia-100x100.png 100w\" sizes=\"auto, (max-width: 161px) 100vw, 161px\" \/><\/figure><div class=\"wp-block-media-text__content\">\n<p>Sie lindern Reizungen<\/p>\n<\/div><\/div>\n<\/div>\n<\/div>\n<\/div>\n\n\n\n<div class=\"wp-block-group container pt-5 has-global-padding is-layout-constrained wp-block-group-is-layout-constrained\">\n<div class=\"wp-block-columns are-vertically-aligned-center is-layout-flex wp-container-core-columns-is-layout-28f84493 wp-block-columns-is-layout-flex\">\n<div class=\"wp-block-column is-vertically-aligned-center is-layout-flow wp-block-column-is-layout-flow\">\n<h2 class=\"wp-block-heading fs-48 has-text-color\" style=\"color:#ff8000;font-style:normal;font-weight:800;line-height:1.2\">Anwendung:<\/h2>\n\n\n\n<p>Dr\u00fccken Sie 1 Tropfen direkt in das Auge. Zweimal t\u00e4glich anwenden, bis unerw\u00fcnschte Symptome verschwinden. Um die richtige Hygiene zu gew\u00e4hrleisten, verwenden Sie das Pr\u00e4parat einmal pro Woche. Po otwarciu przechowywa\u0107 w lod\u00f3wce.<\/p>\n\n\n\n<h3 class=\"wp-block-heading has-primary-color has-text-color\" style=\"font-size:clamp(0.929rem, 0.929rem + ((1vw - 0.2rem) * 0.673), 1.4rem);\">Das Produkt wurde in Zusammenarbeit mit Tier\u00e4rzten entwickelt.<\/h3>\n<\/div>\n\n\n\n<div class=\"wp-block-column is-vertically-aligned-center is-layout-flow wp-block-column-is-layout-flow\">\n<figure class=\"wp-block-gallery has-nested-images columns-default is-cropped wp-block-gallery-1 is-layout-flex wp-block-gallery-is-layout-flex\">\n<figure class=\"wp-block-image size-full\"><img decoding=\"async\" src=\"https:\/\/silveco.eu\/wp-content\/themes\/silveco\/assets\/images\/cat.webp\" alt=\"\"\/><\/figure>\n<\/figure>\n<\/div>\n<\/div>\n<\/div>\n<\/div>\n","protected":false},"excerpt":{"rendered":"<h3><span style=\"color: #ff8000;\">Augentropfen mit feuchtigkeitsspendenden und reizlindernden Eigenschaften&#8230;<\/span><\/h3>\n<ul class=\"fs-14\">\n<li>aktives Silber bietet lang anhaltenden Schutz gegen Mikroorganismen und reduziert deren Anzahl.<\/li>\n<li>spenden Feuchtigkeit und lindern Reizungen.<\/li>\n<li>Empfohlen f\u00fcr Hunde, Katzen und andere Haustiere.<\/li>\n<li>unterst\u00fctzen die Behandlung von Katzenkatarrh, Chalazion, Mikroverletzungen, Bindehautentz\u00fcndungen und anderen Augenleiden.<\/li>\n<\/ul>\n<div>\n<p class=\"fs-14\"><strong>Zusammensetzung<\/strong>: Silber, D-Panthenol, Glycerin, Natriumhyaluronat, Retinylpalmitat.<\/p>\n<p class=\"fs-14\"><strong>Packung<\/strong>: 25 ml<\/p>\n<\/div>\n","protected":false},"featured_media":4254,"comment_status":"open","ping_status":"closed","template":"","meta":{"_acf_changed":false,"inline_featured_image":false},"product_brand":[],"product_cat":[107],"product_tag":[],"class_list":{"0":"post-4228","1":"product","2":"type-product","3":"status-publish","4":"has-post-thumbnail","6":"product_cat-hygiene-von-haustieren","8":"first","9":"instock","10":"shipping-taxable","11":"product-type-simple"},"acf":[],"yoast_head":"<!-- This site is optimized with the Yoast SEO plugin v26.4 - https:\/\/yoast.com\/wordpress\/plugins\/seo\/ -->\n<title>SILVECO PET NanoEyes Augentropfen mit feuchtigkeitsspendender und reizlindernder Wirkung - Silveco<\/title>\n<meta name=\"robots\" content=\"index, follow, max-snippet:-1, max-image-preview:large, max-video-preview:-1\" \/>\n<link rel=\"canonical\" href=\"https:\/\/silveco.eu\/de\/produkt\/silveco-pet-nanoeyes\/\" \/>\n<meta property=\"og:locale\" content=\"de_DE\" \/>\n<meta property=\"og:type\" content=\"article\" \/>\n<meta property=\"og:title\" content=\"SILVECO PET NanoEyes Augentropfen mit feuchtigkeitsspendender und reizlindernder Wirkung - Silveco\" \/>\n<meta property=\"og:description\" content=\"Augentropfen mit feuchtigkeitsspendenden und reizlindernden Eigenschaften...  aktives Silber bietet lang anhaltenden Schutz gegen Mikroorganismen und reduziert deren Anzahl.  spenden Feuchtigkeit und lindern Reizungen.  Empfohlen f\u00fcr Hunde, Katzen und andere Haustiere.  unterst\u00fctzen die Behandlung von Katzenkatarrh, Chalazion, Mikroverletzungen, Bindehautentz\u00fcndungen und anderen Augenleiden.  Zusammensetzung: Silber, D-Panthenol, Glycerin, Natriumhyaluronat, Retinylpalmitat. Packung: 25 ml\" \/>\n<meta property=\"og:url\" content=\"https:\/\/silveco.eu\/de\/produkt\/silveco-pet-nanoeyes\/\" \/>\n<meta property=\"og:site_name\" content=\"Silveco\" \/>\n<meta property=\"article:modified_time\" content=\"2025-06-30T21:12:40+00:00\" \/>\n<meta property=\"og:image\" content=\"https:\/\/silveco.eu\/wp-content\/uploads\/2024\/04\/PET_krople_do_oczu_EN-1.png\" \/>\n\t<meta property=\"og:image:width\" content=\"800\" \/>\n\t<meta property=\"og:image:height\" content=\"800\" \/>\n\t<meta property=\"og:image:type\" content=\"image\/png\" \/>\n<meta name=\"twitter:card\" content=\"summary_large_image\" \/>\n<meta name=\"twitter:label1\" content=\"Gesch\u00e4tzte Lesezeit\" \/>\n\t<meta name=\"twitter:data1\" content=\"1\u00a0Minute\" \/>\n<script type=\"application\/ld+json\" class=\"yoast-schema-graph\">{\"@context\":\"https:\/\/schema.org\",\"@graph\":[{\"@type\":\"WebPage\",\"@id\":\"https:\/\/silveco.eu\/de\/produkt\/silveco-pet-nanoeyes\/\",\"url\":\"https:\/\/silveco.eu\/de\/produkt\/silveco-pet-nanoeyes\/\",\"name\":\"SILVECO PET NanoEyes Augentropfen mit feuchtigkeitsspendender und reizlindernder Wirkung - Silveco\",\"isPartOf\":{\"@id\":\"https:\/\/silveco.eu\/#website\"},\"primaryImageOfPage\":{\"@id\":\"https:\/\/silveco.eu\/de\/produkt\/silveco-pet-nanoeyes\/#primaryimage\"},\"image\":{\"@id\":\"https:\/\/silveco.eu\/de\/produkt\/silveco-pet-nanoeyes\/#primaryimage\"},\"thumbnailUrl\":\"https:\/\/silveco.eu\/wp-content\/uploads\/2024\/04\/PET_krople_do_oczu_EN-1.png\",\"datePublished\":\"2024-04-11T14:57:16+00:00\",\"dateModified\":\"2025-06-30T21:12:40+00:00\",\"breadcrumb\":{\"@id\":\"https:\/\/silveco.eu\/de\/produkt\/silveco-pet-nanoeyes\/#breadcrumb\"},\"inLanguage\":\"de\",\"potentialAction\":[{\"@type\":\"ReadAction\",\"target\":[\"https:\/\/silveco.eu\/de\/produkt\/silveco-pet-nanoeyes\/\"]}]},{\"@type\":\"ImageObject\",\"inLanguage\":\"de\",\"@id\":\"https:\/\/silveco.eu\/de\/produkt\/silveco-pet-nanoeyes\/#primaryimage\",\"url\":\"https:\/\/silveco.eu\/wp-content\/uploads\/2024\/04\/PET_krople_do_oczu_EN-1.png\",\"contentUrl\":\"https:\/\/silveco.eu\/wp-content\/uploads\/2024\/04\/PET_krople_do_oczu_EN-1.png\",\"width\":800,\"height\":800},{\"@type\":\"BreadcrumbList\",\"@id\":\"https:\/\/silveco.eu\/de\/produkt\/silveco-pet-nanoeyes\/#breadcrumb\",\"itemListElement\":[{\"@type\":\"ListItem\",\"position\":1,\"name\":\"Strona g\u0142\u00f3wna\",\"item\":\"https:\/\/silveco.eu\/de\/\"},{\"@type\":\"ListItem\",\"position\":2,\"name\":\"Sklep\",\"item\":\"https:\/\/silveco.eu\/sklep\/\"},{\"@type\":\"ListItem\",\"position\":3,\"name\":\"Silveco PET NanoEyes\"}]},{\"@type\":\"WebSite\",\"@id\":\"https:\/\/silveco.eu\/#website\",\"url\":\"https:\/\/silveco.eu\/\",\"name\":\"Silveco\",\"description\":\"Twoje wsparcie w hodowli\",\"publisher\":{\"@id\":\"https:\/\/silveco.eu\/#organization\"},\"potentialAction\":[{\"@type\":\"SearchAction\",\"target\":{\"@type\":\"EntryPoint\",\"urlTemplate\":\"https:\/\/silveco.eu\/?s={search_term_string}\"},\"query-input\":{\"@type\":\"PropertyValueSpecification\",\"valueRequired\":true,\"valueName\":\"search_term_string\"}}],\"inLanguage\":\"de\"},{\"@type\":\"Organization\",\"@id\":\"https:\/\/silveco.eu\/#organization\",\"name\":\"Silveco\",\"url\":\"https:\/\/silveco.eu\/\",\"logo\":{\"@type\":\"ImageObject\",\"inLanguage\":\"de\",\"@id\":\"https:\/\/silveco.eu\/#\/schema\/logo\/image\/\",\"url\":\"https:\/\/silveco.eu\/wp-content\/uploads\/2023\/03\/image-16.svg\",\"contentUrl\":\"https:\/\/silveco.eu\/wp-content\/uploads\/2023\/03\/image-16.svg\",\"width\":217,\"height\":40,\"caption\":\"Silveco\"},\"image\":{\"@id\":\"https:\/\/silveco.eu\/#\/schema\/logo\/image\/\"}}]}<\/script>\n<!-- \/ Yoast SEO plugin. -->","yoast_head_json":{"title":"SILVECO PET NanoEyes Augentropfen mit feuchtigkeitsspendender und reizlindernder Wirkung - Silveco","robots":{"index":"index","follow":"follow","max-snippet":"max-snippet:-1","max-image-preview":"max-image-preview:large","max-video-preview":"max-video-preview:-1"},"canonical":"https:\/\/silveco.eu\/de\/produkt\/silveco-pet-nanoeyes\/","og_locale":"de_DE","og_type":"article","og_title":"SILVECO PET NanoEyes Augentropfen mit feuchtigkeitsspendender und reizlindernder Wirkung - Silveco","og_description":"Augentropfen mit feuchtigkeitsspendenden und reizlindernden Eigenschaften...  aktives Silber bietet lang anhaltenden Schutz gegen Mikroorganismen und reduziert deren Anzahl.  spenden Feuchtigkeit und lindern Reizungen.  Empfohlen f\u00fcr Hunde, Katzen und andere Haustiere.  unterst\u00fctzen die Behandlung von Katzenkatarrh, Chalazion, Mikroverletzungen, Bindehautentz\u00fcndungen und anderen Augenleiden.  Zusammensetzung: Silber, D-Panthenol, Glycerin, Natriumhyaluronat, Retinylpalmitat. Packung: 25 ml","og_url":"https:\/\/silveco.eu\/de\/produkt\/silveco-pet-nanoeyes\/","og_site_name":"Silveco","article_modified_time":"2025-06-30T21:12:40+00:00","og_image":[{"width":800,"height":800,"url":"https:\/\/silveco.eu\/wp-content\/uploads\/2024\/04\/PET_krople_do_oczu_EN-1.png","type":"image\/png"}],"twitter_card":"summary_large_image","twitter_misc":{"Gesch\u00e4tzte Lesezeit":"1\u00a0Minute"},"schema":{"@context":"https:\/\/schema.org","@graph":[{"@type":"WebPage","@id":"https:\/\/silveco.eu\/de\/produkt\/silveco-pet-nanoeyes\/","url":"https:\/\/silveco.eu\/de\/produkt\/silveco-pet-nanoeyes\/","name":"SILVECO PET NanoEyes Augentropfen mit feuchtigkeitsspendender und reizlindernder Wirkung - Silveco","isPartOf":{"@id":"https:\/\/silveco.eu\/#website"},"primaryImageOfPage":{"@id":"https:\/\/silveco.eu\/de\/produkt\/silveco-pet-nanoeyes\/#primaryimage"},"image":{"@id":"https:\/\/silveco.eu\/de\/produkt\/silveco-pet-nanoeyes\/#primaryimage"},"thumbnailUrl":"https:\/\/silveco.eu\/wp-content\/uploads\/2024\/04\/PET_krople_do_oczu_EN-1.png","datePublished":"2024-04-11T14:57:16+00:00","dateModified":"2025-06-30T21:12:40+00:00","breadcrumb":{"@id":"https:\/\/silveco.eu\/de\/produkt\/silveco-pet-nanoeyes\/#breadcrumb"},"inLanguage":"de","potentialAction":[{"@type":"ReadAction","target":["https:\/\/silveco.eu\/de\/produkt\/silveco-pet-nanoeyes\/"]}]},{"@type":"ImageObject","inLanguage":"de","@id":"https:\/\/silveco.eu\/de\/produkt\/silveco-pet-nanoeyes\/#primaryimage","url":"https:\/\/silveco.eu\/wp-content\/uploads\/2024\/04\/PET_krople_do_oczu_EN-1.png","contentUrl":"https:\/\/silveco.eu\/wp-content\/uploads\/2024\/04\/PET_krople_do_oczu_EN-1.png","width":800,"height":800},{"@type":"BreadcrumbList","@id":"https:\/\/silveco.eu\/de\/produkt\/silveco-pet-nanoeyes\/#breadcrumb","itemListElement":[{"@type":"ListItem","position":1,"name":"Strona g\u0142\u00f3wna","item":"https:\/\/silveco.eu\/de\/"},{"@type":"ListItem","position":2,"name":"Sklep","item":"https:\/\/silveco.eu\/sklep\/"},{"@type":"ListItem","position":3,"name":"Silveco PET NanoEyes"}]},{"@type":"WebSite","@id":"https:\/\/silveco.eu\/#website","url":"https:\/\/silveco.eu\/","name":"Silveco","description":"Twoje wsparcie w hodowli","publisher":{"@id":"https:\/\/silveco.eu\/#organization"},"potentialAction":[{"@type":"SearchAction","target":{"@type":"EntryPoint","urlTemplate":"https:\/\/silveco.eu\/?s={search_term_string}"},"query-input":{"@type":"PropertyValueSpecification","valueRequired":true,"valueName":"search_term_string"}}],"inLanguage":"de"},{"@type":"Organization","@id":"https:\/\/silveco.eu\/#organization","name":"Silveco","url":"https:\/\/silveco.eu\/","logo":{"@type":"ImageObject","inLanguage":"de","@id":"https:\/\/silveco.eu\/#\/schema\/logo\/image\/","url":"https:\/\/silveco.eu\/wp-content\/uploads\/2023\/03\/image-16.svg","contentUrl":"https:\/\/silveco.eu\/wp-content\/uploads\/2023\/03\/image-16.svg","width":217,"height":40,"caption":"Silveco"},"image":{"@id":"https:\/\/silveco.eu\/#\/schema\/logo\/image\/"}}]}},"_links":{"self":[{"href":"https:\/\/silveco.eu\/de\/wp-json\/wp\/v2\/product\/4228","targetHints":{"allow":["GET"]}}],"collection":[{"href":"https:\/\/silveco.eu\/de\/wp-json\/wp\/v2\/product"}],"about":[{"href":"https:\/\/silveco.eu\/de\/wp-json\/wp\/v2\/types\/product"}],"replies":[{"embeddable":true,"href":"https:\/\/silveco.eu\/de\/wp-json\/wp\/v2\/comments?post=4228"}],"wp:featuredmedia":[{"embeddable":true,"href":"https:\/\/silveco.eu\/de\/wp-json\/wp\/v2\/media\/4254"}],"wp:attachment":[{"href":"https:\/\/silveco.eu\/de\/wp-json\/wp\/v2\/media?parent=4228"}],"wp:term":[{"taxonomy":"product_brand","embeddable":true,"href":"https:\/\/silveco.eu\/de\/wp-json\/wp\/v2\/product_brand?post=4228"},{"taxonomy":"product_cat","embeddable":true,"href":"https:\/\/silveco.eu\/de\/wp-json\/wp\/v2\/product_cat?post=4228"},{"taxonomy":"product_tag","embeddable":true,"href":"https:\/\/silveco.eu\/de\/wp-json\/wp\/v2\/product_tag?post=4228"}],"curies":[{"name":"wp","href":"https:\/\/api.w.org\/{rel}","templated":true}]}}