{"id":4810,"date":"2025-05-26T09:07:42","date_gmt":"2025-05-26T07:07:42","guid":{"rendered":"https:\/\/silveco.eu\/?post_type=product&#038;p=4810"},"modified":"2025-06-30T23:53:20","modified_gmt":"2025-06-30T21:53:20","slug":"silveco-nanoudder-warming-gel-waermendes-gel-fuer-euter","status":"publish","type":"product","link":"https:\/\/silveco.eu\/de\/produkt\/silveco-nanoudder-warming-gel-waermendes-gel-fuer-euter\/","title":{"rendered":"SILVECO NanoUdder Warming Gel &#8211; Euterw\u00e4rmungsgel"},"content":{"rendered":"\n<div class=\"wp-block-group has-global-padding is-layout-constrained wp-block-group-is-layout-constrained\">\n<div class=\"wp-block-group has-global-padding is-layout-constrained wp-block-group-is-layout-constrained\">\n<div class=\"wp-block-group benefits-section has-light-grey-fade-gradient-background has-background has-global-padding is-layout-constrained wp-container-core-group-is-layout-9ad842e3 wp-block-group-is-layout-constrained\" style=\"border-radius:24px;margin-bottom:var(--wp--preset--spacing--70);padding-top:64px;padding-right:16px;padding-bottom:64px;padding-left:16px\">\n<h2 class=\"wp-block-heading has-text-align-center has-text-color\" style=\"color:#175abf;margin-bottom:var(--wp--preset--spacing--70);font-size:clamp(35.2px, 2.2rem + ((1vw - 3.2px) * 2.571), 64px);\">Die wichtigsten <mark style=\"background-color:rgba(0, 0, 0, 0)\" class=\"has-inline-color has-primary-color\">Vorteile:<\/mark><\/h2>\n\n\n\n<div class=\"wp-block-group benefits-section__icon-boxes is-content-justification-space-between is-nowrap is-layout-flex wp-container-core-group-is-layout-62a6d66b wp-block-group-is-layout-flex\" style=\"padding-right:80px;padding-left:80px\">\n<div class=\"wp-block-media-text alignwide is-stacked-on-mobile is-vertically-aligned-center\"><figure class=\"wp-block-media-text__media\"><img loading=\"lazy\" decoding=\"async\" width=\"160\" height=\"160\" src=\"https:\/\/silveco.eu\/wp-content\/uploads\/2025\/05\/rozgrzewa.png\" alt=\"\" class=\"wp-image-4856 size-full\" srcset=\"https:\/\/silveco.eu\/wp-content\/uploads\/2025\/05\/rozgrzewa.png 160w, https:\/\/silveco.eu\/wp-content\/uploads\/2025\/05\/rozgrzewa-100x100.png 100w\" sizes=\"auto, (max-width: 160px) 100vw, 160px\" \/><\/figure><div class=\"wp-block-media-text__content\">\n<p>Has a warmingeffect<\/p>\n<\/div><\/div>\n\n\n\n<div class=\"wp-block-media-text alignwide is-stacked-on-mobile is-vertically-aligned-center\"><figure class=\"wp-block-media-text__media\"><img loading=\"lazy\" decoding=\"async\" width=\"160\" height=\"160\" src=\"https:\/\/silveco.eu\/wp-content\/uploads\/2025\/05\/krazenie.png\" alt=\"\" class=\"wp-image-4859 size-full\" srcset=\"https:\/\/silveco.eu\/wp-content\/uploads\/2025\/05\/krazenie.png 160w, https:\/\/silveco.eu\/wp-content\/uploads\/2025\/05\/krazenie-100x100.png 100w\" sizes=\"auto, (max-width: 160px) 100vw, 160px\" \/><\/figure><div class=\"wp-block-media-text__content\">\n<p>Improves blood circulation<\/p>\n<\/div><\/div>\n\n\n\n<div class=\"wp-block-media-text alignwide is-stacked-on-mobile is-vertically-aligned-center\"><figure class=\"wp-block-media-text__media\"><img loading=\"lazy\" decoding=\"async\" width=\"161\" height=\"160\" src=\"https:\/\/silveco.eu\/wp-content\/themes\/silveco\/assets\/images\/active_silver_ICON160.webp\" alt=\"\" class=\"wp-image-1010 size-full\"\/><\/figure><div class=\"wp-block-media-text__content\">\n<p>Aktive Formen von Silber<\/p>\n<\/div><\/div>\n\n\n\n<div class=\"wp-block-media-text alignwide is-stacked-on-mobile is-vertically-aligned-center\"><figure class=\"wp-block-media-text__media\"><img loading=\"lazy\" decoding=\"async\" width=\"160\" height=\"160\" src=\"https:\/\/silveco.eu\/wp-content\/uploads\/2025\/05\/nawilzenie.png\" alt=\"\" class=\"wp-image-4833 size-full\" srcset=\"https:\/\/silveco.eu\/wp-content\/uploads\/2025\/05\/nawilzenie.png 160w, https:\/\/silveco.eu\/wp-content\/uploads\/2025\/05\/nawilzenie-100x100.png 100w\" sizes=\"auto, (max-width: 160px) 100vw, 160px\" \/><\/figure><div class=\"wp-block-media-text__content\">\n<p>Soothes and moisturises<\/p>\n<\/div><\/div>\n\n\n\n<div class=\"wp-block-media-text alignwide is-stacked-on-mobile is-vertically-aligned-center\"><figure class=\"wp-block-media-text__media\"><img loading=\"lazy\" decoding=\"async\" width=\"160\" height=\"160\" src=\"https:\/\/silveco.eu\/wp-content\/uploads\/2025\/05\/polecany.png\" alt=\"\" class=\"wp-image-4836 size-full\" srcset=\"https:\/\/silveco.eu\/wp-content\/uploads\/2025\/05\/polecany.png 160w, https:\/\/silveco.eu\/wp-content\/uploads\/2025\/05\/polecany-100x100.png 100w\" sizes=\"auto, (max-width: 160px) 100vw, 160px\" \/><\/figure><div class=\"wp-block-media-text__content\">\n<p>Recommended by specialists<\/p>\n<\/div><\/div>\n<\/div>\n<\/div>\n<\/div>\n\n\n\n<h2 class=\"wp-block-heading\">Immediate relief and regeneration of the udder<\/h2>\n\n\n\n<p>The camphor present in the formulation has a warming effect, improves blood circulation and has a soothing effect on pain and inflammation. The allantoin contained in the product supports the regenerative processes, has soothing and moisturising properties. The addition of glycerine and sodium lactate provides additional moisturisation, keeping the udder skin hydrated and supple . The content of active forms of silver provides long-lasting protection against the development of pathogenic microorganisms, reduces the number of microorganisms on the epidermis and prevents their spread. Thanks to the use of selected ingredients, after just a few days of use, the tissue of the mammary gland is better supplied with blood, regains its elasticity and is less prone to dryness, thus increasing its resistance to the negative impact of the environment.<\/p>\n\n\n\n<h3 class=\"wp-block-heading\" style=\"font-size:clamp(1.146rem, 1.146rem + ((1vw - 0.2rem) * 0.934), 1.8rem);\">Anwendungsweise:<\/h3>\n\n\n\n<p>Apply a thin layer of gel to the quarter or whole udder, rub gently. For better results, apply a thicker layer of gel and massage. Apply at the first appearance of symptoms to avoid aggravation.<\/p>\n<\/div>\n","protected":false},"excerpt":{"rendered":"<h3><span style=\"color: #38aa45;\">Pr\u00e4parat in Gelform zur Pflege der Brustdr\u00fcse.<\/span><\/h3>\n<h3><span style=\"color: #EA5E24;\">W\u00e4rmendeWirkung!<\/span><\/h3>\n<p><strong>Empfohlen in F\u00e4llen von:<\/strong><\/p>\n<ul class=\"fs-14\">\n<li>Anschwellen des Euters w\u00e4hrend der Perinatalperiode,<\/li>\n<li>die Blutzufuhr zum Euter zu verbessern,<\/li>\n<li>Neuralgien, Muskel- und Gelenkschmerzen (z. B. aufgrund von \u00dcberlastung),<\/li>\n<li>Entz\u00fcndungen und Reizungen des Euters, einschlie\u00dflich Mastitis.<\/li>\n<\/ul>\n<p class=\"fs-14\"><strong>Verpackung:<\/strong><br \/>\n500g<br \/>4,5kg<\/p>\n<p class=\"fs-14\"><strong>Zusammensetzung:<\/strong> Silber, Kampfer, Glycerin, Ethanol, Natriumlactat, Allantoin, Wasserstoffperoxid, Verdickungsmittel, roter Farbstoff<\/p>\n","protected":false},"featured_media":4847,"comment_status":"open","ping_status":"closed","template":"","meta":{"_acf_changed":false,"inline_featured_image":false},"product_brand":[],"product_cat":[110],"product_tag":[],"class_list":{"0":"post-4810","1":"product","2":"type-product","3":"status-publish","4":"has-post-thumbnail","6":"product_cat-gesundheit-von-euter-und-fortpflanzungsorganen","8":"first","9":"instock","10":"shipping-taxable","11":"product-type-simple"},"acf":[],"yoast_head":"<!-- This site is optimized with the Yoast SEO plugin v26.4 - https:\/\/yoast.com\/wordpress\/plugins\/seo\/ -->\n<title>SILVECO NanoUdder Warming Gel - Euterw\u00e4rmungsgel<\/title>\n<meta name=\"robots\" content=\"index, follow, max-snippet:-1, max-image-preview:large, max-video-preview:-1\" \/>\n<link rel=\"canonical\" href=\"https:\/\/silveco.eu\/de\/produkt\/silveco-nanoudder-warming-gel-waermendes-gel-fuer-euter\/\" \/>\n<meta property=\"og:locale\" content=\"de_DE\" \/>\n<meta property=\"og:type\" content=\"article\" \/>\n<meta property=\"og:title\" content=\"SILVECO NanoUdder Warming Gel - Euterw\u00e4rmungsgel\" \/>\n<meta property=\"og:description\" content=\"Pr\u00e4parat in Gelform zur Pflege der Brustdr\u00fcse. W\u00e4rmendeWirkung! Empfohlen in F\u00e4llen von:  Anschwellen des Euters w\u00e4hrend der Perinatalperiode,  die Blutzufuhr zum Euter zu verbessern,  Neuralgien, Muskel- und Gelenkschmerzen (z. B. aufgrund von \u00dcberlastung),  Entz\u00fcndungen und Reizungen des Euters, einschlie\u00dflich Mastitis. Verpackung: 500g4,5kg Zusammensetzung: Silber, Kampfer, Glycerin, Ethanol, Natriumlactat, Allantoin, Wasserstoffperoxid, Verdickungsmittel, roter Farbstoff\" \/>\n<meta property=\"og:url\" content=\"https:\/\/silveco.eu\/de\/produkt\/silveco-nanoudder-warming-gel-waermendes-gel-fuer-euter\/\" \/>\n<meta property=\"og:site_name\" content=\"Silveco\" \/>\n<meta property=\"article:modified_time\" content=\"2025-06-30T21:53:20+00:00\" \/>\n<meta property=\"og:image\" content=\"https:\/\/silveco.eu\/wp-content\/uploads\/2025\/05\/zel-rozgrzewajacy-450-1.png\" \/>\n\t<meta property=\"og:image:width\" content=\"591\" \/>\n\t<meta property=\"og:image:height\" content=\"591\" \/>\n\t<meta property=\"og:image:type\" content=\"image\/png\" \/>\n<meta name=\"twitter:card\" content=\"summary_large_image\" \/>\n<meta name=\"twitter:label1\" content=\"Gesch\u00e4tzte Lesezeit\" \/>\n\t<meta name=\"twitter:data1\" content=\"1\u00a0Minute\" \/>\n<script type=\"application\/ld+json\" class=\"yoast-schema-graph\">{\"@context\":\"https:\/\/schema.org\",\"@graph\":[{\"@type\":\"WebPage\",\"@id\":\"https:\/\/silveco.eu\/de\/produkt\/silveco-nanoudder-warming-gel-waermendes-gel-fuer-euter\/\",\"url\":\"https:\/\/silveco.eu\/de\/produkt\/silveco-nanoudder-warming-gel-waermendes-gel-fuer-euter\/\",\"name\":\"SILVECO NanoUdder Warming Gel - Euterw\u00e4rmungsgel\",\"isPartOf\":{\"@id\":\"https:\/\/silveco.eu\/#website\"},\"primaryImageOfPage\":{\"@id\":\"https:\/\/silveco.eu\/de\/produkt\/silveco-nanoudder-warming-gel-waermendes-gel-fuer-euter\/#primaryimage\"},\"image\":{\"@id\":\"https:\/\/silveco.eu\/de\/produkt\/silveco-nanoudder-warming-gel-waermendes-gel-fuer-euter\/#primaryimage\"},\"thumbnailUrl\":\"https:\/\/silveco.eu\/wp-content\/uploads\/2025\/05\/zel-rozgrzewajacy-450-1.png\",\"datePublished\":\"2025-05-26T07:07:42+00:00\",\"dateModified\":\"2025-06-30T21:53:20+00:00\",\"breadcrumb\":{\"@id\":\"https:\/\/silveco.eu\/de\/produkt\/silveco-nanoudder-warming-gel-waermendes-gel-fuer-euter\/#breadcrumb\"},\"inLanguage\":\"de\",\"potentialAction\":[{\"@type\":\"ReadAction\",\"target\":[\"https:\/\/silveco.eu\/de\/produkt\/silveco-nanoudder-warming-gel-waermendes-gel-fuer-euter\/\"]}]},{\"@type\":\"ImageObject\",\"inLanguage\":\"de\",\"@id\":\"https:\/\/silveco.eu\/de\/produkt\/silveco-nanoudder-warming-gel-waermendes-gel-fuer-euter\/#primaryimage\",\"url\":\"https:\/\/silveco.eu\/wp-content\/uploads\/2025\/05\/zel-rozgrzewajacy-450-1.png\",\"contentUrl\":\"https:\/\/silveco.eu\/wp-content\/uploads\/2025\/05\/zel-rozgrzewajacy-450-1.png\",\"width\":591,\"height\":591,\"caption\":\"\u017cel na krowie wymiona - rozgrzewaj\u0105cy\"},{\"@type\":\"BreadcrumbList\",\"@id\":\"https:\/\/silveco.eu\/de\/produkt\/silveco-nanoudder-warming-gel-waermendes-gel-fuer-euter\/#breadcrumb\",\"itemListElement\":[{\"@type\":\"ListItem\",\"position\":1,\"name\":\"Strona g\u0142\u00f3wna\",\"item\":\"https:\/\/silveco.eu\/de\/\"},{\"@type\":\"ListItem\",\"position\":2,\"name\":\"Sklep\",\"item\":\"https:\/\/silveco.eu\/sklep\/\"},{\"@type\":\"ListItem\",\"position\":3,\"name\":\"SILVECO NanoUdder Warming Gel &#8211; Euterw\u00e4rmungsgel\"}]},{\"@type\":\"WebSite\",\"@id\":\"https:\/\/silveco.eu\/#website\",\"url\":\"https:\/\/silveco.eu\/\",\"name\":\"Silveco\",\"description\":\"Twoje wsparcie w hodowli\",\"publisher\":{\"@id\":\"https:\/\/silveco.eu\/#organization\"},\"potentialAction\":[{\"@type\":\"SearchAction\",\"target\":{\"@type\":\"EntryPoint\",\"urlTemplate\":\"https:\/\/silveco.eu\/?s={search_term_string}\"},\"query-input\":{\"@type\":\"PropertyValueSpecification\",\"valueRequired\":true,\"valueName\":\"search_term_string\"}}],\"inLanguage\":\"de\"},{\"@type\":\"Organization\",\"@id\":\"https:\/\/silveco.eu\/#organization\",\"name\":\"Silveco\",\"url\":\"https:\/\/silveco.eu\/\",\"logo\":{\"@type\":\"ImageObject\",\"inLanguage\":\"de\",\"@id\":\"https:\/\/silveco.eu\/#\/schema\/logo\/image\/\",\"url\":\"https:\/\/silveco.eu\/wp-content\/uploads\/2023\/03\/image-16.svg\",\"contentUrl\":\"https:\/\/silveco.eu\/wp-content\/uploads\/2023\/03\/image-16.svg\",\"width\":217,\"height\":40,\"caption\":\"Silveco\"},\"image\":{\"@id\":\"https:\/\/silveco.eu\/#\/schema\/logo\/image\/\"}}]}<\/script>\n<!-- \/ Yoast SEO plugin. -->","yoast_head_json":{"title":"SILVECO NanoUdder Warming Gel - Euterw\u00e4rmungsgel","robots":{"index":"index","follow":"follow","max-snippet":"max-snippet:-1","max-image-preview":"max-image-preview:large","max-video-preview":"max-video-preview:-1"},"canonical":"https:\/\/silveco.eu\/de\/produkt\/silveco-nanoudder-warming-gel-waermendes-gel-fuer-euter\/","og_locale":"de_DE","og_type":"article","og_title":"SILVECO NanoUdder Warming Gel - Euterw\u00e4rmungsgel","og_description":"Pr\u00e4parat in Gelform zur Pflege der Brustdr\u00fcse. W\u00e4rmendeWirkung! Empfohlen in F\u00e4llen von:  Anschwellen des Euters w\u00e4hrend der Perinatalperiode,  die Blutzufuhr zum Euter zu verbessern,  Neuralgien, Muskel- und Gelenkschmerzen (z. B. aufgrund von \u00dcberlastung),  Entz\u00fcndungen und Reizungen des Euters, einschlie\u00dflich Mastitis. Verpackung: 500g4,5kg Zusammensetzung: Silber, Kampfer, Glycerin, Ethanol, Natriumlactat, Allantoin, Wasserstoffperoxid, Verdickungsmittel, roter Farbstoff","og_url":"https:\/\/silveco.eu\/de\/produkt\/silveco-nanoudder-warming-gel-waermendes-gel-fuer-euter\/","og_site_name":"Silveco","article_modified_time":"2025-06-30T21:53:20+00:00","og_image":[{"width":591,"height":591,"url":"https:\/\/silveco.eu\/wp-content\/uploads\/2025\/05\/zel-rozgrzewajacy-450-1.png","type":"image\/png"}],"twitter_card":"summary_large_image","twitter_misc":{"Gesch\u00e4tzte Lesezeit":"1\u00a0Minute"},"schema":{"@context":"https:\/\/schema.org","@graph":[{"@type":"WebPage","@id":"https:\/\/silveco.eu\/de\/produkt\/silveco-nanoudder-warming-gel-waermendes-gel-fuer-euter\/","url":"https:\/\/silveco.eu\/de\/produkt\/silveco-nanoudder-warming-gel-waermendes-gel-fuer-euter\/","name":"SILVECO NanoUdder Warming Gel - Euterw\u00e4rmungsgel","isPartOf":{"@id":"https:\/\/silveco.eu\/#website"},"primaryImageOfPage":{"@id":"https:\/\/silveco.eu\/de\/produkt\/silveco-nanoudder-warming-gel-waermendes-gel-fuer-euter\/#primaryimage"},"image":{"@id":"https:\/\/silveco.eu\/de\/produkt\/silveco-nanoudder-warming-gel-waermendes-gel-fuer-euter\/#primaryimage"},"thumbnailUrl":"https:\/\/silveco.eu\/wp-content\/uploads\/2025\/05\/zel-rozgrzewajacy-450-1.png","datePublished":"2025-05-26T07:07:42+00:00","dateModified":"2025-06-30T21:53:20+00:00","breadcrumb":{"@id":"https:\/\/silveco.eu\/de\/produkt\/silveco-nanoudder-warming-gel-waermendes-gel-fuer-euter\/#breadcrumb"},"inLanguage":"de","potentialAction":[{"@type":"ReadAction","target":["https:\/\/silveco.eu\/de\/produkt\/silveco-nanoudder-warming-gel-waermendes-gel-fuer-euter\/"]}]},{"@type":"ImageObject","inLanguage":"de","@id":"https:\/\/silveco.eu\/de\/produkt\/silveco-nanoudder-warming-gel-waermendes-gel-fuer-euter\/#primaryimage","url":"https:\/\/silveco.eu\/wp-content\/uploads\/2025\/05\/zel-rozgrzewajacy-450-1.png","contentUrl":"https:\/\/silveco.eu\/wp-content\/uploads\/2025\/05\/zel-rozgrzewajacy-450-1.png","width":591,"height":591,"caption":"\u017cel na krowie wymiona - rozgrzewaj\u0105cy"},{"@type":"BreadcrumbList","@id":"https:\/\/silveco.eu\/de\/produkt\/silveco-nanoudder-warming-gel-waermendes-gel-fuer-euter\/#breadcrumb","itemListElement":[{"@type":"ListItem","position":1,"name":"Strona g\u0142\u00f3wna","item":"https:\/\/silveco.eu\/de\/"},{"@type":"ListItem","position":2,"name":"Sklep","item":"https:\/\/silveco.eu\/sklep\/"},{"@type":"ListItem","position":3,"name":"SILVECO NanoUdder Warming Gel &#8211; Euterw\u00e4rmungsgel"}]},{"@type":"WebSite","@id":"https:\/\/silveco.eu\/#website","url":"https:\/\/silveco.eu\/","name":"Silveco","description":"Twoje wsparcie w hodowli","publisher":{"@id":"https:\/\/silveco.eu\/#organization"},"potentialAction":[{"@type":"SearchAction","target":{"@type":"EntryPoint","urlTemplate":"https:\/\/silveco.eu\/?s={search_term_string}"},"query-input":{"@type":"PropertyValueSpecification","valueRequired":true,"valueName":"search_term_string"}}],"inLanguage":"de"},{"@type":"Organization","@id":"https:\/\/silveco.eu\/#organization","name":"Silveco","url":"https:\/\/silveco.eu\/","logo":{"@type":"ImageObject","inLanguage":"de","@id":"https:\/\/silveco.eu\/#\/schema\/logo\/image\/","url":"https:\/\/silveco.eu\/wp-content\/uploads\/2023\/03\/image-16.svg","contentUrl":"https:\/\/silveco.eu\/wp-content\/uploads\/2023\/03\/image-16.svg","width":217,"height":40,"caption":"Silveco"},"image":{"@id":"https:\/\/silveco.eu\/#\/schema\/logo\/image\/"}}]}},"_links":{"self":[{"href":"https:\/\/silveco.eu\/de\/wp-json\/wp\/v2\/product\/4810","targetHints":{"allow":["GET"]}}],"collection":[{"href":"https:\/\/silveco.eu\/de\/wp-json\/wp\/v2\/product"}],"about":[{"href":"https:\/\/silveco.eu\/de\/wp-json\/wp\/v2\/types\/product"}],"replies":[{"embeddable":true,"href":"https:\/\/silveco.eu\/de\/wp-json\/wp\/v2\/comments?post=4810"}],"wp:featuredmedia":[{"embeddable":true,"href":"https:\/\/silveco.eu\/de\/wp-json\/wp\/v2\/media\/4847"}],"wp:attachment":[{"href":"https:\/\/silveco.eu\/de\/wp-json\/wp\/v2\/media?parent=4810"}],"wp:term":[{"taxonomy":"product_brand","embeddable":true,"href":"https:\/\/silveco.eu\/de\/wp-json\/wp\/v2\/product_brand?post=4810"},{"taxonomy":"product_cat","embeddable":true,"href":"https:\/\/silveco.eu\/de\/wp-json\/wp\/v2\/product_cat?post=4810"},{"taxonomy":"product_tag","embeddable":true,"href":"https:\/\/silveco.eu\/de\/wp-json\/wp\/v2\/product_tag?post=4810"}],"curies":[{"name":"wp","href":"https:\/\/api.w.org\/{rel}","templated":true}]}}