{"id":4817,"date":"2025-05-30T11:34:57","date_gmt":"2025-05-30T09:34:57","guid":{"rendered":"https:\/\/silveco.eu\/?post_type=product&#038;p=4817"},"modified":"2025-06-30T23:54:47","modified_gmt":"2025-06-30T21:54:47","slug":"silveco-nanoudder-cooling-gel-kuehlendes-gel-fuer-euter","status":"publish","type":"product","link":"https:\/\/silveco.eu\/de\/produkt\/silveco-nanoudder-cooling-gel-kuehlendes-gel-fuer-euter\/","title":{"rendered":"SILVECO NanoUdder Cooling Gel &#8211; K\u00fchlgel f\u00fcr das Euter"},"content":{"rendered":"\n<div class=\"wp-block-group has-global-padding is-layout-constrained wp-block-group-is-layout-constrained\">\n<div class=\"wp-block-group has-global-padding is-layout-constrained wp-block-group-is-layout-constrained\">\n<div class=\"wp-block-group benefits-section has-light-grey-fade-gradient-background has-background has-global-padding is-layout-constrained wp-container-core-group-is-layout-9ad842e3 wp-block-group-is-layout-constrained\" style=\"border-radius:24px;margin-bottom:var(--wp--preset--spacing--70);padding-top:64px;padding-right:16px;padding-bottom:64px;padding-left:16px\">\n<h2 class=\"wp-block-heading has-text-align-center has-text-color\" style=\"color:#175abf;margin-bottom:var(--wp--preset--spacing--70);font-size:clamp(35.2px, 2.2rem + ((1vw - 3.2px) * 2.571), 64px);\">Die wichtigsten <mark style=\"background-color:rgba(0, 0, 0, 0)\" class=\"has-inline-color has-primary-color\">Vorteile:<\/mark><\/h2>\n\n\n\n<div class=\"wp-block-group benefits-section__icon-boxes is-content-justification-space-between is-nowrap is-layout-flex wp-container-core-group-is-layout-62a6d66b wp-block-group-is-layout-flex\" style=\"padding-right:80px;padding-left:80px\">\n<div class=\"wp-block-media-text alignwide is-stacked-on-mobile is-vertically-aligned-center\"><figure class=\"wp-block-media-text__media\"><img loading=\"lazy\" decoding=\"async\" width=\"160\" height=\"160\" src=\"https:\/\/silveco.eu\/wp-content\/uploads\/2025\/05\/chlodzi.png\" alt=\"\" class=\"wp-image-4827 size-full\" srcset=\"https:\/\/silveco.eu\/wp-content\/uploads\/2025\/05\/chlodzi.png 160w, https:\/\/silveco.eu\/wp-content\/uploads\/2025\/05\/chlodzi-100x100.png 100w\" sizes=\"auto, (max-width: 160px) 100vw, 160px\" \/><\/figure><div class=\"wp-block-media-text__content\">\n<p>K\u00fchlendeWirkung<\/p>\n<\/div><\/div>\n\n\n\n<div class=\"wp-block-media-text alignwide is-stacked-on-mobile is-vertically-aligned-center\"><figure class=\"wp-block-media-text__media\"><img loading=\"lazy\" decoding=\"async\" width=\"160\" height=\"160\" src=\"https:\/\/silveco.eu\/wp-content\/uploads\/2025\/05\/lagodzibol.png\" alt=\"\" class=\"wp-image-4830 size-full\" srcset=\"https:\/\/silveco.eu\/wp-content\/uploads\/2025\/05\/lagodzibol.png 160w, https:\/\/silveco.eu\/wp-content\/uploads\/2025\/05\/lagodzibol-100x100.png 100w\" sizes=\"auto, (max-width: 160px) 100vw, 160px\" \/><\/figure><div class=\"wp-block-media-text__content\">\n<p>Linderung von Schmerzen und Schwellungen<\/p>\n<\/div><\/div>\n\n\n\n<div class=\"wp-block-media-text alignwide is-stacked-on-mobile is-vertically-aligned-center\"><figure class=\"wp-block-media-text__media\"><img loading=\"lazy\" decoding=\"async\" width=\"161\" height=\"160\" src=\"https:\/\/silveco.eu\/wp-content\/themes\/silveco\/assets\/images\/active_silver_ICON160.webp\" alt=\"\" class=\"wp-image-1010 size-full\"\/><\/figure><div class=\"wp-block-media-text__content\">\n<p>Aktive Formen von Silber<\/p>\n<\/div><\/div>\n\n\n\n<div class=\"wp-block-media-text alignwide is-stacked-on-mobile is-vertically-aligned-center\"><figure class=\"wp-block-media-text__media\"><img loading=\"lazy\" decoding=\"async\" width=\"160\" height=\"160\" src=\"https:\/\/silveco.eu\/wp-content\/uploads\/2025\/05\/nawilzenie.png\" alt=\"\" class=\"wp-image-4833 size-full\" srcset=\"https:\/\/silveco.eu\/wp-content\/uploads\/2025\/05\/nawilzenie.png 160w, https:\/\/silveco.eu\/wp-content\/uploads\/2025\/05\/nawilzenie-100x100.png 100w\" sizes=\"auto, (max-width: 160px) 100vw, 160px\" \/><\/figure><div class=\"wp-block-media-text__content\">\n<p>Soothes and moisturises<\/p>\n<\/div><\/div>\n\n\n\n<div class=\"wp-block-media-text alignwide is-stacked-on-mobile is-vertically-aligned-center\"><figure class=\"wp-block-media-text__media\"><img loading=\"lazy\" decoding=\"async\" width=\"160\" height=\"160\" src=\"https:\/\/silveco.eu\/wp-content\/uploads\/2025\/05\/polecany.png\" alt=\"\" class=\"wp-image-4836 size-full\" srcset=\"https:\/\/silveco.eu\/wp-content\/uploads\/2025\/05\/polecany.png 160w, https:\/\/silveco.eu\/wp-content\/uploads\/2025\/05\/polecany-100x100.png 100w\" sizes=\"auto, (max-width: 160px) 100vw, 160px\" \/><\/figure><div class=\"wp-block-media-text__content\">\n<p>Recommended by specialists<\/p>\n<\/div><\/div>\n<\/div>\n<\/div>\n<\/div>\n\n\n\n<h2 class=\"wp-block-heading\">Immediate relief and regeneration of the udder<\/h2>\n\n\n\n<p>Das enthaltene Menthol sorgt f\u00fcr ein k\u00fchlendes Gef\u00fchl, wirkt bet\u00e4ubend und lindert Schmerzen und Schwellungen. Das in der Formulierung enthaltene Allantoin unterst\u00fctzt den Regenerationsprozess und hat beruhigende und feuchtigkeitsspendende Eigenschaften. The addition of glycerine and sodium lactate provides additional moisturisation, keeping the udder skin hydrated and supple . The content of active forms of silver provides long-lasting protection against the development of pathogenic microorganisms, reduces the number of microorganisms on the epidermis and prevents their spread. Dank ausgew\u00e4hlter Inhaltsstoffe gewinnt das Brustdr\u00fcsengewebe bereits nach wenigen Tagen der Anwendung seine Elastizit\u00e4t zur\u00fcck, ist weniger anf\u00e4llig f\u00fcr Austrocknung und erh\u00f6ht so seine Widerstandskraft gegen negative Umwelteinfl\u00fcsse.<\/p>\n\n\n\n<h3 class=\"wp-block-heading\" style=\"font-size:clamp(1.146rem, 1.146rem + ((1vw - 0.2rem) * 0.934), 1.8rem);\"><strong>Anwendungsweise:<\/strong><\/h3>\n\n\n\n<p>Apply a thin layer of gel to the quarter or whole udder, rub gently. For better results, apply a thicker layer of gel and massage. Apply at the first appearance of symptoms to avoid aggravation.<\/p>\n<\/div>\n","protected":false},"excerpt":{"rendered":"<h3><span style=\"color: #38aa45;\">Pr\u00e4parat in Gelform f\u00fcr die Pflege und Regeneration der Brustdr\u00fcse.<\/span><\/h3>\n<h3><span style=\"color: #04a1a9;\">K\u00fchlende Wirkung<\/span><\/h3>\n<p><span><strong>Empfohlen in F\u00e4llen von:<\/strong><span><\/p>\n<ul class=\"fs-14\">\n<li>das Auftreten von Schwellungen und Verh\u00e4rtungen des Euters,<\/li>\n<li>das Auftreten eines brennenden oder juckenden Gef\u00fchls,<\/li>\n<li>Lindern Sie Schmerzen oder Verspannungen im Euter, vor allem, wenn diese mit Entz\u00fcndungen, einschlie\u00dflich Mastitis, einhergehen.<\/li>\n<li>wenn ein schnelles Gef\u00fchl der Erleichterung, K\u00fchlung und Erfrischung ben\u00f6tigt wird.<\/li>\n<\/ul>\n<p class=\"fs-14\"><strong>Verpackung:<\/strong><br \/>\n-500g<br \/>\n-4.5kg<\/p>\n<p class=\"fs-14\">\n<strong>Zutaten:<\/strong> Silber, Menthol, Glycerin, Ethanol, Natriumlactat, Allantoin, Wasserstoffperoxid, Verdickungsmittel, gr\u00fcner Farbstoff.<\/p>\n","protected":false},"featured_media":4844,"comment_status":"open","ping_status":"closed","template":"","meta":{"_acf_changed":false,"inline_featured_image":false},"product_brand":[],"product_cat":[110],"product_tag":[],"class_list":{"0":"post-4817","1":"product","2":"type-product","3":"status-publish","4":"has-post-thumbnail","6":"product_cat-gesundheit-von-euter-und-fortpflanzungsorganen","8":"first","9":"instock","10":"shipping-taxable","11":"product-type-simple"},"acf":[],"yoast_head":"<!-- This site is optimized with the Yoast SEO plugin v26.4 - https:\/\/yoast.com\/wordpress\/plugins\/seo\/ -->\n<title>SILVECO NanoUdder Cooling Gel - K\u00fchlgel f\u00fcr das Euter - Silveco<\/title>\n<meta name=\"robots\" content=\"index, follow, max-snippet:-1, max-image-preview:large, max-video-preview:-1\" \/>\n<link rel=\"canonical\" href=\"https:\/\/silveco.eu\/de\/produkt\/silveco-nanoudder-cooling-gel-kuehlendes-gel-fuer-euter\/\" \/>\n<meta property=\"og:locale\" content=\"de_DE\" \/>\n<meta property=\"og:type\" content=\"article\" \/>\n<meta property=\"og:title\" content=\"SILVECO NanoUdder Cooling Gel - K\u00fchlgel f\u00fcr das Euter - Silveco\" \/>\n<meta property=\"og:description\" content=\"Pr\u00e4parat in Gelform f\u00fcr die Pflege und Regeneration der Brustdr\u00fcse. K\u00fchlende Wirkung Empfohlen in F\u00e4llen von:  das Auftreten von Schwellungen und Verh\u00e4rtungen des Euters,  das Auftreten eines brennenden oder juckenden Gef\u00fchls,  Lindern Sie Schmerzen oder Verspannungen im Euter, vor allem, wenn diese mit Entz\u00fcndungen, einschlie\u00dflich Mastitis, einhergehen.  wenn ein schnelles Gef\u00fchl der Erleichterung, K\u00fchlung und Erfrischung ben\u00f6tigt wird. Verpackung: -500g -4.5kg Zutaten: Silber, Menthol, Glycerin, Ethanol, Natriumlactat, Allantoin, Wasserstoffperoxid, Verdickungsmittel, gr\u00fcner Farbstoff.\" \/>\n<meta property=\"og:url\" content=\"https:\/\/silveco.eu\/de\/produkt\/silveco-nanoudder-cooling-gel-kuehlendes-gel-fuer-euter\/\" \/>\n<meta property=\"og:site_name\" content=\"Silveco\" \/>\n<meta property=\"article:modified_time\" content=\"2025-06-30T21:54:47+00:00\" \/>\n<meta property=\"og:image\" content=\"https:\/\/silveco.eu\/wp-content\/uploads\/2025\/05\/chlodzacy-1-1.png\" \/>\n\t<meta property=\"og:image:width\" content=\"591\" \/>\n\t<meta property=\"og:image:height\" content=\"591\" \/>\n\t<meta property=\"og:image:type\" content=\"image\/png\" \/>\n<meta name=\"twitter:card\" content=\"summary_large_image\" \/>\n<meta name=\"twitter:label1\" content=\"Gesch\u00e4tzte Lesezeit\" \/>\n\t<meta name=\"twitter:data1\" content=\"1\u00a0Minute\" \/>\n<script type=\"application\/ld+json\" class=\"yoast-schema-graph\">{\"@context\":\"https:\/\/schema.org\",\"@graph\":[{\"@type\":\"WebPage\",\"@id\":\"https:\/\/silveco.eu\/de\/produkt\/silveco-nanoudder-cooling-gel-kuehlendes-gel-fuer-euter\/\",\"url\":\"https:\/\/silveco.eu\/de\/produkt\/silveco-nanoudder-cooling-gel-kuehlendes-gel-fuer-euter\/\",\"name\":\"SILVECO NanoUdder Cooling Gel - K\u00fchlgel f\u00fcr das Euter - Silveco\",\"isPartOf\":{\"@id\":\"https:\/\/silveco.eu\/#website\"},\"primaryImageOfPage\":{\"@id\":\"https:\/\/silveco.eu\/de\/produkt\/silveco-nanoudder-cooling-gel-kuehlendes-gel-fuer-euter\/#primaryimage\"},\"image\":{\"@id\":\"https:\/\/silveco.eu\/de\/produkt\/silveco-nanoudder-cooling-gel-kuehlendes-gel-fuer-euter\/#primaryimage\"},\"thumbnailUrl\":\"https:\/\/silveco.eu\/wp-content\/uploads\/2025\/05\/chlodzacy-1-1.png\",\"datePublished\":\"2025-05-30T09:34:57+00:00\",\"dateModified\":\"2025-06-30T21:54:47+00:00\",\"breadcrumb\":{\"@id\":\"https:\/\/silveco.eu\/de\/produkt\/silveco-nanoudder-cooling-gel-kuehlendes-gel-fuer-euter\/#breadcrumb\"},\"inLanguage\":\"de\",\"potentialAction\":[{\"@type\":\"ReadAction\",\"target\":[\"https:\/\/silveco.eu\/de\/produkt\/silveco-nanoudder-cooling-gel-kuehlendes-gel-fuer-euter\/\"]}]},{\"@type\":\"ImageObject\",\"inLanguage\":\"de\",\"@id\":\"https:\/\/silveco.eu\/de\/produkt\/silveco-nanoudder-cooling-gel-kuehlendes-gel-fuer-euter\/#primaryimage\",\"url\":\"https:\/\/silveco.eu\/wp-content\/uploads\/2025\/05\/chlodzacy-1-1.png\",\"contentUrl\":\"https:\/\/silveco.eu\/wp-content\/uploads\/2025\/05\/chlodzacy-1-1.png\",\"width\":591,\"height\":591,\"caption\":\"\u017cel na krowie wymiona - ch\u0142odz\u0105cy\"},{\"@type\":\"BreadcrumbList\",\"@id\":\"https:\/\/silveco.eu\/de\/produkt\/silveco-nanoudder-cooling-gel-kuehlendes-gel-fuer-euter\/#breadcrumb\",\"itemListElement\":[{\"@type\":\"ListItem\",\"position\":1,\"name\":\"Strona g\u0142\u00f3wna\",\"item\":\"https:\/\/silveco.eu\/de\/\"},{\"@type\":\"ListItem\",\"position\":2,\"name\":\"Sklep\",\"item\":\"https:\/\/silveco.eu\/sklep\/\"},{\"@type\":\"ListItem\",\"position\":3,\"name\":\"SILVECO NanoUdder Cooling Gel \u2013 k\u00fchlendes Gel f\u00fcr Euter\"}]},{\"@type\":\"WebSite\",\"@id\":\"https:\/\/silveco.eu\/#website\",\"url\":\"https:\/\/silveco.eu\/\",\"name\":\"Silveco\",\"description\":\"Twoje wsparcie w hodowli\",\"publisher\":{\"@id\":\"https:\/\/silveco.eu\/#organization\"},\"potentialAction\":[{\"@type\":\"SearchAction\",\"target\":{\"@type\":\"EntryPoint\",\"urlTemplate\":\"https:\/\/silveco.eu\/?s={search_term_string}\"},\"query-input\":{\"@type\":\"PropertyValueSpecification\",\"valueRequired\":true,\"valueName\":\"search_term_string\"}}],\"inLanguage\":\"de\"},{\"@type\":\"Organization\",\"@id\":\"https:\/\/silveco.eu\/#organization\",\"name\":\"Silveco\",\"url\":\"https:\/\/silveco.eu\/\",\"logo\":{\"@type\":\"ImageObject\",\"inLanguage\":\"de\",\"@id\":\"https:\/\/silveco.eu\/#\/schema\/logo\/image\/\",\"url\":\"https:\/\/silveco.eu\/wp-content\/uploads\/2023\/03\/image-16.svg\",\"contentUrl\":\"https:\/\/silveco.eu\/wp-content\/uploads\/2023\/03\/image-16.svg\",\"width\":217,\"height\":40,\"caption\":\"Silveco\"},\"image\":{\"@id\":\"https:\/\/silveco.eu\/#\/schema\/logo\/image\/\"}}]}<\/script>\n<!-- \/ Yoast SEO plugin. -->","yoast_head_json":{"title":"SILVECO NanoUdder Cooling Gel - K\u00fchlgel f\u00fcr das Euter - Silveco","robots":{"index":"index","follow":"follow","max-snippet":"max-snippet:-1","max-image-preview":"max-image-preview:large","max-video-preview":"max-video-preview:-1"},"canonical":"https:\/\/silveco.eu\/de\/produkt\/silveco-nanoudder-cooling-gel-kuehlendes-gel-fuer-euter\/","og_locale":"de_DE","og_type":"article","og_title":"SILVECO NanoUdder Cooling Gel - K\u00fchlgel f\u00fcr das Euter - Silveco","og_description":"Pr\u00e4parat in Gelform f\u00fcr die Pflege und Regeneration der Brustdr\u00fcse. K\u00fchlende Wirkung Empfohlen in F\u00e4llen von:  das Auftreten von Schwellungen und Verh\u00e4rtungen des Euters,  das Auftreten eines brennenden oder juckenden Gef\u00fchls,  Lindern Sie Schmerzen oder Verspannungen im Euter, vor allem, wenn diese mit Entz\u00fcndungen, einschlie\u00dflich Mastitis, einhergehen.  wenn ein schnelles Gef\u00fchl der Erleichterung, K\u00fchlung und Erfrischung ben\u00f6tigt wird. Verpackung: -500g -4.5kg Zutaten: Silber, Menthol, Glycerin, Ethanol, Natriumlactat, Allantoin, Wasserstoffperoxid, Verdickungsmittel, gr\u00fcner Farbstoff.","og_url":"https:\/\/silveco.eu\/de\/produkt\/silveco-nanoudder-cooling-gel-kuehlendes-gel-fuer-euter\/","og_site_name":"Silveco","article_modified_time":"2025-06-30T21:54:47+00:00","og_image":[{"width":591,"height":591,"url":"https:\/\/silveco.eu\/wp-content\/uploads\/2025\/05\/chlodzacy-1-1.png","type":"image\/png"}],"twitter_card":"summary_large_image","twitter_misc":{"Gesch\u00e4tzte Lesezeit":"1\u00a0Minute"},"schema":{"@context":"https:\/\/schema.org","@graph":[{"@type":"WebPage","@id":"https:\/\/silveco.eu\/de\/produkt\/silveco-nanoudder-cooling-gel-kuehlendes-gel-fuer-euter\/","url":"https:\/\/silveco.eu\/de\/produkt\/silveco-nanoudder-cooling-gel-kuehlendes-gel-fuer-euter\/","name":"SILVECO NanoUdder Cooling Gel - K\u00fchlgel f\u00fcr das Euter - Silveco","isPartOf":{"@id":"https:\/\/silveco.eu\/#website"},"primaryImageOfPage":{"@id":"https:\/\/silveco.eu\/de\/produkt\/silveco-nanoudder-cooling-gel-kuehlendes-gel-fuer-euter\/#primaryimage"},"image":{"@id":"https:\/\/silveco.eu\/de\/produkt\/silveco-nanoudder-cooling-gel-kuehlendes-gel-fuer-euter\/#primaryimage"},"thumbnailUrl":"https:\/\/silveco.eu\/wp-content\/uploads\/2025\/05\/chlodzacy-1-1.png","datePublished":"2025-05-30T09:34:57+00:00","dateModified":"2025-06-30T21:54:47+00:00","breadcrumb":{"@id":"https:\/\/silveco.eu\/de\/produkt\/silveco-nanoudder-cooling-gel-kuehlendes-gel-fuer-euter\/#breadcrumb"},"inLanguage":"de","potentialAction":[{"@type":"ReadAction","target":["https:\/\/silveco.eu\/de\/produkt\/silveco-nanoudder-cooling-gel-kuehlendes-gel-fuer-euter\/"]}]},{"@type":"ImageObject","inLanguage":"de","@id":"https:\/\/silveco.eu\/de\/produkt\/silveco-nanoudder-cooling-gel-kuehlendes-gel-fuer-euter\/#primaryimage","url":"https:\/\/silveco.eu\/wp-content\/uploads\/2025\/05\/chlodzacy-1-1.png","contentUrl":"https:\/\/silveco.eu\/wp-content\/uploads\/2025\/05\/chlodzacy-1-1.png","width":591,"height":591,"caption":"\u017cel na krowie wymiona - ch\u0142odz\u0105cy"},{"@type":"BreadcrumbList","@id":"https:\/\/silveco.eu\/de\/produkt\/silveco-nanoudder-cooling-gel-kuehlendes-gel-fuer-euter\/#breadcrumb","itemListElement":[{"@type":"ListItem","position":1,"name":"Strona g\u0142\u00f3wna","item":"https:\/\/silveco.eu\/de\/"},{"@type":"ListItem","position":2,"name":"Sklep","item":"https:\/\/silveco.eu\/sklep\/"},{"@type":"ListItem","position":3,"name":"SILVECO NanoUdder Cooling Gel \u2013 k\u00fchlendes Gel f\u00fcr Euter"}]},{"@type":"WebSite","@id":"https:\/\/silveco.eu\/#website","url":"https:\/\/silveco.eu\/","name":"Silveco","description":"Twoje wsparcie w hodowli","publisher":{"@id":"https:\/\/silveco.eu\/#organization"},"potentialAction":[{"@type":"SearchAction","target":{"@type":"EntryPoint","urlTemplate":"https:\/\/silveco.eu\/?s={search_term_string}"},"query-input":{"@type":"PropertyValueSpecification","valueRequired":true,"valueName":"search_term_string"}}],"inLanguage":"de"},{"@type":"Organization","@id":"https:\/\/silveco.eu\/#organization","name":"Silveco","url":"https:\/\/silveco.eu\/","logo":{"@type":"ImageObject","inLanguage":"de","@id":"https:\/\/silveco.eu\/#\/schema\/logo\/image\/","url":"https:\/\/silveco.eu\/wp-content\/uploads\/2023\/03\/image-16.svg","contentUrl":"https:\/\/silveco.eu\/wp-content\/uploads\/2023\/03\/image-16.svg","width":217,"height":40,"caption":"Silveco"},"image":{"@id":"https:\/\/silveco.eu\/#\/schema\/logo\/image\/"}}]}},"_links":{"self":[{"href":"https:\/\/silveco.eu\/de\/wp-json\/wp\/v2\/product\/4817","targetHints":{"allow":["GET"]}}],"collection":[{"href":"https:\/\/silveco.eu\/de\/wp-json\/wp\/v2\/product"}],"about":[{"href":"https:\/\/silveco.eu\/de\/wp-json\/wp\/v2\/types\/product"}],"replies":[{"embeddable":true,"href":"https:\/\/silveco.eu\/de\/wp-json\/wp\/v2\/comments?post=4817"}],"wp:featuredmedia":[{"embeddable":true,"href":"https:\/\/silveco.eu\/de\/wp-json\/wp\/v2\/media\/4844"}],"wp:attachment":[{"href":"https:\/\/silveco.eu\/de\/wp-json\/wp\/v2\/media?parent=4817"}],"wp:term":[{"taxonomy":"product_brand","embeddable":true,"href":"https:\/\/silveco.eu\/de\/wp-json\/wp\/v2\/product_brand?post=4817"},{"taxonomy":"product_cat","embeddable":true,"href":"https:\/\/silveco.eu\/de\/wp-json\/wp\/v2\/product_cat?post=4817"},{"taxonomy":"product_tag","embeddable":true,"href":"https:\/\/silveco.eu\/de\/wp-json\/wp\/v2\/product_tag?post=4817"}],"curies":[{"name":"wp","href":"https:\/\/api.w.org\/{rel}","templated":true}]}}