{"id":6112,"date":"2025-08-27T13:11:32","date_gmt":"2025-08-27T11:11:32","guid":{"rendered":"https:\/\/silveco.eu\/?post_type=product&#038;p=6112"},"modified":"2025-08-27T16:47:20","modified_gmt":"2025-08-27T14:47:20","slug":"silveco-nanoudder-cooling-gel-kuhlgel-fur-das-euter-kopia","status":"publish","type":"product","link":"https:\/\/silveco.eu\/de\/produkt\/silveco-nanoudder-cooling-gel-kuhlgel-fur-das-euter-kopia\/","title":{"rendered":"SILVECO NanoUdder DuoEffect Gel"},"content":{"rendered":"\n<div class=\"wp-block-group has-global-padding is-layout-constrained wp-block-group-is-layout-constrained\">\n<div class=\"wp-block-group has-global-padding is-layout-constrained wp-block-group-is-layout-constrained\">\n<div class=\"wp-block-group benefits-section has-light-grey-fade-gradient-background has-background has-global-padding is-layout-constrained wp-container-core-group-is-layout-9ad842e3 wp-block-group-is-layout-constrained\" style=\"border-radius:24px;margin-bottom:var(--wp--preset--spacing--70);padding-top:64px;padding-right:16px;padding-bottom:64px;padding-left:16px\">\n<h2 class=\"wp-block-heading has-text-align-center has-text-color\" style=\"color:#175abf;margin-bottom:var(--wp--preset--spacing--70);font-size:clamp(35.2px, 2.2rem + ((1vw - 3.2px) * 2.571), 64px);\">Die wichtigsten <mark style=\"background-color:rgba(0, 0, 0, 0)\" class=\"has-inline-color has-primary-color\">Vorteile:<\/mark><\/h2>\n\n\n\n<div class=\"wp-block-group benefits-section__icon-boxes is-content-justification-space-between is-nowrap is-layout-flex wp-container-core-group-is-layout-62a6d66b wp-block-group-is-layout-flex\" style=\"padding-right:80px;padding-left:80px\">\n<div class=\"wp-block-media-text alignwide is-stacked-on-mobile is-vertically-aligned-center\"><figure class=\"wp-block-media-text__media\"><img loading=\"lazy\" decoding=\"async\" width=\"160\" height=\"160\" src=\"https:\/\/silveco.eu\/wp-content\/uploads\/2025\/08\/DUO1.png\" alt=\"\" class=\"wp-image-6113 size-full\" srcset=\"https:\/\/silveco.eu\/wp-content\/uploads\/2025\/08\/DUO1.png 160w, https:\/\/silveco.eu\/wp-content\/uploads\/2025\/08\/DUO1-100x100.png 100w\" sizes=\"auto, (max-width: 160px) 100vw, 160px\" \/><\/figure><div class=\"wp-block-media-text__content\">\n<p>K\u00fchlende<br\/>und w\u00e4rmende Wirkung<\/p>\n<\/div><\/div>\n\n\n\n<div class=\"wp-block-media-text alignwide is-stacked-on-mobile is-vertically-aligned-center\"><figure class=\"wp-block-media-text__media\"><img loading=\"lazy\" decoding=\"async\" width=\"160\" height=\"160\" src=\"https:\/\/silveco.eu\/wp-content\/uploads\/2025\/05\/lagodzibol.png\" alt=\"\" class=\"wp-image-4830 size-full\" srcset=\"https:\/\/silveco.eu\/wp-content\/uploads\/2025\/05\/lagodzibol.png 160w, https:\/\/silveco.eu\/wp-content\/uploads\/2025\/05\/lagodzibol-100x100.png 100w\" sizes=\"auto, (max-width: 160px) 100vw, 160px\" \/><\/figure><div class=\"wp-block-media-text__content\">\n<p>Lindert Schmerzen und Schwellungen<\/p>\n<\/div><\/div>\n\n\n\n<div class=\"wp-block-media-text alignwide is-stacked-on-mobile is-vertically-aligned-center\"><figure class=\"wp-block-media-text__media\"><img loading=\"lazy\" decoding=\"async\" width=\"161\" height=\"160\" src=\"https:\/\/silveco.eu\/wp-content\/themes\/silveco\/assets\/images\/active_silver_ICON160.webp\" alt=\"\" class=\"wp-image-1010 size-full\"\/><\/figure><div class=\"wp-block-media-text__content\">\n<p>Aktive Formen von Silber<\/p>\n<\/div><\/div>\n\n\n\n<div class=\"wp-block-media-text alignwide is-stacked-on-mobile is-vertically-aligned-center\"><figure class=\"wp-block-media-text__media\"><img loading=\"lazy\" decoding=\"async\" width=\"160\" height=\"160\" src=\"https:\/\/silveco.eu\/wp-content\/uploads\/2025\/08\/DUO3.png\" alt=\"\" class=\"wp-image-6116 size-full\" srcset=\"https:\/\/silveco.eu\/wp-content\/uploads\/2025\/08\/DUO3.png 160w, https:\/\/silveco.eu\/wp-content\/uploads\/2025\/08\/DUO3-100x100.png 100w\" sizes=\"auto, (max-width: 160px) 100vw, 160px\" \/><\/figure><div class=\"wp-block-media-text__content\">\n<p>Verbessert die Durchblutung<br\/>und die Elastizit\u00e4t der Haut<\/p>\n<\/div><\/div>\n\n\n\n<div class=\"wp-block-media-text alignwide is-stacked-on-mobile is-vertically-aligned-center\"><figure class=\"wp-block-media-text__media\"><img loading=\"lazy\" decoding=\"async\" width=\"160\" height=\"160\" src=\"https:\/\/silveco.eu\/wp-content\/uploads\/2025\/05\/nawilzenie.png\" alt=\"\" class=\"wp-image-4833 size-full\" srcset=\"https:\/\/silveco.eu\/wp-content\/uploads\/2025\/05\/nawilzenie.png 160w, https:\/\/silveco.eu\/wp-content\/uploads\/2025\/05\/nawilzenie-100x100.png 100w\" sizes=\"auto, (max-width: 160px) 100vw, 160px\" \/><\/figure><div class=\"wp-block-media-text__content\">\n<p>Soothes and moisturises<\/p>\n<\/div><\/div>\n<\/div>\n<\/div>\n<\/div>\n\n\n\n<h2 class=\"wp-block-heading\"><strong>Pflegegel f\u00fcr Milchdr\u00fcsen<\/strong><\/h2>\n\n\n\n<p>Das Produkt kombiniert die Wirkung von Menthol und Kampfer, die eine Zwei-Phasen-Wirkung haben &#8211; sofortige K\u00fchlung und allm\u00e4hliche Erw\u00e4rmung. Dank dieser einzigartigen Formel lindert das Gel schnell Schmerzen, Schwellungen und Spannungsgef\u00fchle, w\u00e4hrend es die Blutzirkulation verbessert und die Regeneration des Brustdr\u00fcsengewebes f\u00f6rdert. <\/p>\n\n\n\n<p>Das in der Formulierung enthaltene Allantoin unterst\u00fctzt den Regenerationsprozess und hat beruhigende und feuchtigkeitsspendende Eigenschaften. The addition of glycerine and sodium lactate provides additional moisturisation, keeping the udder skin hydrated and supple . The content of active forms of silver provides long-lasting protection against the development of pathogenic microorganisms, reduces the number of microorganisms on the epidermis and prevents their spread.<\/p>\n\n\n\n<h2 class=\"wp-block-heading\"><strong>Immediate relief and regeneration of the udder<\/strong><\/h2>\n\n\n\n<p>Dank sorgf\u00e4ltig ausgew\u00e4hlter Inhaltsstoffe tr\u00e4gt die regelm\u00e4\u00dfige Anwendung des Gels dazu bei, die Elastizit\u00e4t und die Funktionst\u00fcchtigkeit der Brustdr\u00fcse wiederherzustellen und ihre Widerstandsf\u00e4higkeit gegen\u00fcber ung\u00fcnstigen Umweltbedingungen zu erh\u00f6hen.<\/p>\n\n\n\n<h3 class=\"wp-block-heading\"><strong>Anwendungsweise:<\/strong><\/h3>\n\n\n\n<p>Apply a thin layer of gel to the quarter or whole udder, rub gently. For better results, apply a thicker layer of gel and massage. Wenden Sie es beim ersten Auftreten der Symptome an, um eine Verschlimmerung zu vermeiden.<\/p>\n<\/div>\n","protected":false},"excerpt":{"rendered":"<h3><span style=\"color: #38aa45;\">Pr\u00e4parat in Gelform f\u00fcr die Pflege und Regeneration der Brustdr\u00fcse.<\/span><\/h3>\n<h3><span style=\"color: #04a1a9;\">K\u00fchlende und w\u00e4rmende Wirkung<\/span><\/h3>\n<p><strong>Empfohlen in F\u00e4llen von:<\/strong><\/p>\n<ul class=\"fs-14\">\n<li>Schwellungen, Verh\u00e4rtungen und Schmerzen im Euter, insbesondere wenn sie mit einer Entz\u00fcndung, einschlie\u00dflich Mastitis, einhergehen,<\/li>\n<li>das Auftreten eines brennenden oder juckenden Gef\u00fchls,<\/li>\n<li>Neuralgien sowie Muskel- und Gelenkschmerzen (z.B. aufgrund von \u00dcberlastung),<\/li>\n<li>das Bed\u00fcrfnis nach schneller Linderung, Entspannung und verbesserter Mikrozirkulation.<\/li>\n<\/ul>\n<p class=\"fs-14\"><strong>Verpackung:<\/strong> -500ml -4.5kg<\/p>\n<p class=\"fs-14\"><strong>Zusammensetzung:<\/strong> Silber, Kampfer, Menthol, Glycerin, Ethanol, Natriumlactat, Allantoin, Wasserstoffperoxid, Verdickungsmittel, gelber Farbstoff<\/p>\n","protected":false},"featured_media":6121,"comment_status":"open","ping_status":"closed","template":"","meta":{"_acf_changed":false,"inline_featured_image":false},"product_brand":[],"product_cat":[110],"product_tag":[],"class_list":{"0":"post-6112","1":"product","2":"type-product","3":"status-publish","4":"has-post-thumbnail","6":"product_cat-gesundheit-von-euter-und-fortpflanzungsorganen","8":"first","9":"instock","10":"shipping-taxable","11":"product-type-simple"},"acf":[],"yoast_head":"<!-- This site is optimized with the Yoast SEO plugin v26.4 - https:\/\/yoast.com\/wordpress\/plugins\/seo\/ -->\n<title>SILVECO NanoUdder DuoEffect Gel<\/title>\n<meta name=\"description\" content=\"ILVECO NanoUdder Cooling Gel ist ein k\u00fchlendes Eutergel, das dank seiner sorgf\u00e4ltig ausgew\u00e4hlten Inhaltsstoffe ein sofortiges Gef\u00fchl der Erleichterung und Unterst\u00fctzung bei der Bek\u00e4mpfung von Entz\u00fcndungen - einschlie\u00dflich Mastitis - bietet.\" \/>\n<meta name=\"robots\" content=\"index, follow, max-snippet:-1, max-image-preview:large, max-video-preview:-1\" \/>\n<link rel=\"canonical\" href=\"https:\/\/silveco.eu\/de\/produkt\/silveco-nanoudder-cooling-gel-kuhlgel-fur-das-euter-kopia\/\" \/>\n<meta property=\"og:locale\" content=\"de_DE\" \/>\n<meta property=\"og:type\" content=\"article\" \/>\n<meta property=\"og:title\" content=\"SILVECO NanoUdder DuoEffect Gel\" \/>\n<meta property=\"og:description\" content=\"ILVECO NanoUdder Cooling Gel ist ein k\u00fchlendes Eutergel, das dank seiner sorgf\u00e4ltig ausgew\u00e4hlten Inhaltsstoffe ein sofortiges Gef\u00fchl der Erleichterung und Unterst\u00fctzung bei der Bek\u00e4mpfung von Entz\u00fcndungen - einschlie\u00dflich Mastitis - bietet.\" \/>\n<meta property=\"og:url\" content=\"https:\/\/silveco.eu\/de\/produkt\/silveco-nanoudder-cooling-gel-kuhlgel-fur-das-euter-kopia\/\" \/>\n<meta property=\"og:site_name\" content=\"Silveco\" \/>\n<meta property=\"article:modified_time\" content=\"2025-08-27T14:47:20+00:00\" \/>\n<meta property=\"og:image\" content=\"https:\/\/silveco.eu\/wp-content\/uploads\/2025\/08\/zel-chlodzaco-rozgrzewajacy-450-copy.png\" \/>\n\t<meta property=\"og:image:width\" content=\"591\" \/>\n\t<meta property=\"og:image:height\" content=\"591\" \/>\n\t<meta property=\"og:image:type\" content=\"image\/png\" \/>\n<meta name=\"twitter:card\" content=\"summary_large_image\" \/>\n<meta name=\"twitter:label1\" content=\"Gesch\u00e4tzte Lesezeit\" \/>\n\t<meta name=\"twitter:data1\" content=\"3\u00a0Minuten\" \/>\n<script type=\"application\/ld+json\" class=\"yoast-schema-graph\">{\"@context\":\"https:\/\/schema.org\",\"@graph\":[{\"@type\":\"WebPage\",\"@id\":\"https:\/\/silveco.eu\/de\/produkt\/silveco-nanoudder-cooling-gel-kuhlgel-fur-das-euter-kopia\/\",\"url\":\"https:\/\/silveco.eu\/de\/produkt\/silveco-nanoudder-cooling-gel-kuhlgel-fur-das-euter-kopia\/\",\"name\":\"SILVECO NanoUdder DuoEffect Gel\",\"isPartOf\":{\"@id\":\"https:\/\/silveco.eu\/#website\"},\"primaryImageOfPage\":{\"@id\":\"https:\/\/silveco.eu\/de\/produkt\/silveco-nanoudder-cooling-gel-kuhlgel-fur-das-euter-kopia\/#primaryimage\"},\"image\":{\"@id\":\"https:\/\/silveco.eu\/de\/produkt\/silveco-nanoudder-cooling-gel-kuhlgel-fur-das-euter-kopia\/#primaryimage\"},\"thumbnailUrl\":\"https:\/\/silveco.eu\/wp-content\/uploads\/2025\/08\/zel-chlodzaco-rozgrzewajacy-450-copy.png\",\"datePublished\":\"2025-08-27T11:11:32+00:00\",\"dateModified\":\"2025-08-27T14:47:20+00:00\",\"description\":\"ILVECO NanoUdder Cooling Gel ist ein k\u00fchlendes Eutergel, das dank seiner sorgf\u00e4ltig ausgew\u00e4hlten Inhaltsstoffe ein sofortiges Gef\u00fchl der Erleichterung und Unterst\u00fctzung bei der Bek\u00e4mpfung von Entz\u00fcndungen - einschlie\u00dflich Mastitis - bietet.\",\"breadcrumb\":{\"@id\":\"https:\/\/silveco.eu\/de\/produkt\/silveco-nanoudder-cooling-gel-kuhlgel-fur-das-euter-kopia\/#breadcrumb\"},\"inLanguage\":\"de\",\"potentialAction\":[{\"@type\":\"ReadAction\",\"target\":[\"https:\/\/silveco.eu\/de\/produkt\/silveco-nanoudder-cooling-gel-kuhlgel-fur-das-euter-kopia\/\"]}]},{\"@type\":\"ImageObject\",\"inLanguage\":\"de\",\"@id\":\"https:\/\/silveco.eu\/de\/produkt\/silveco-nanoudder-cooling-gel-kuhlgel-fur-das-euter-kopia\/#primaryimage\",\"url\":\"https:\/\/silveco.eu\/wp-content\/uploads\/2025\/08\/zel-chlodzaco-rozgrzewajacy-450-copy.png\",\"contentUrl\":\"https:\/\/silveco.eu\/wp-content\/uploads\/2025\/08\/zel-chlodzaco-rozgrzewajacy-450-copy.png\",\"width\":591,\"height\":591},{\"@type\":\"BreadcrumbList\",\"@id\":\"https:\/\/silveco.eu\/de\/produkt\/silveco-nanoudder-cooling-gel-kuhlgel-fur-das-euter-kopia\/#breadcrumb\",\"itemListElement\":[{\"@type\":\"ListItem\",\"position\":1,\"name\":\"Strona g\u0142\u00f3wna\",\"item\":\"https:\/\/silveco.eu\/de\/\"},{\"@type\":\"ListItem\",\"position\":2,\"name\":\"Sklep\",\"item\":\"https:\/\/silveco.eu\/sklep\/\"},{\"@type\":\"ListItem\",\"position\":3,\"name\":\"SILVECO NanoUdder DuoEffect Gel\"}]},{\"@type\":\"WebSite\",\"@id\":\"https:\/\/silveco.eu\/#website\",\"url\":\"https:\/\/silveco.eu\/\",\"name\":\"Silveco\",\"description\":\"Twoje wsparcie w hodowli\",\"publisher\":{\"@id\":\"https:\/\/silveco.eu\/#organization\"},\"potentialAction\":[{\"@type\":\"SearchAction\",\"target\":{\"@type\":\"EntryPoint\",\"urlTemplate\":\"https:\/\/silveco.eu\/?s={search_term_string}\"},\"query-input\":{\"@type\":\"PropertyValueSpecification\",\"valueRequired\":true,\"valueName\":\"search_term_string\"}}],\"inLanguage\":\"de\"},{\"@type\":\"Organization\",\"@id\":\"https:\/\/silveco.eu\/#organization\",\"name\":\"Silveco\",\"url\":\"https:\/\/silveco.eu\/\",\"logo\":{\"@type\":\"ImageObject\",\"inLanguage\":\"de\",\"@id\":\"https:\/\/silveco.eu\/#\/schema\/logo\/image\/\",\"url\":\"https:\/\/silveco.eu\/wp-content\/uploads\/2023\/03\/image-16.svg\",\"contentUrl\":\"https:\/\/silveco.eu\/wp-content\/uploads\/2023\/03\/image-16.svg\",\"width\":217,\"height\":40,\"caption\":\"Silveco\"},\"image\":{\"@id\":\"https:\/\/silveco.eu\/#\/schema\/logo\/image\/\"}}]}<\/script>\n<!-- \/ Yoast SEO plugin. -->","yoast_head_json":{"title":"SILVECO NanoUdder DuoEffect Gel","description":"ILVECO NanoUdder Cooling Gel ist ein k\u00fchlendes Eutergel, das dank seiner sorgf\u00e4ltig ausgew\u00e4hlten Inhaltsstoffe ein sofortiges Gef\u00fchl der Erleichterung und Unterst\u00fctzung bei der Bek\u00e4mpfung von Entz\u00fcndungen - einschlie\u00dflich Mastitis - bietet.","robots":{"index":"index","follow":"follow","max-snippet":"max-snippet:-1","max-image-preview":"max-image-preview:large","max-video-preview":"max-video-preview:-1"},"canonical":"https:\/\/silveco.eu\/de\/produkt\/silveco-nanoudder-cooling-gel-kuhlgel-fur-das-euter-kopia\/","og_locale":"de_DE","og_type":"article","og_title":"SILVECO NanoUdder DuoEffect Gel","og_description":"ILVECO NanoUdder Cooling Gel ist ein k\u00fchlendes Eutergel, das dank seiner sorgf\u00e4ltig ausgew\u00e4hlten Inhaltsstoffe ein sofortiges Gef\u00fchl der Erleichterung und Unterst\u00fctzung bei der Bek\u00e4mpfung von Entz\u00fcndungen - einschlie\u00dflich Mastitis - bietet.","og_url":"https:\/\/silveco.eu\/de\/produkt\/silveco-nanoudder-cooling-gel-kuhlgel-fur-das-euter-kopia\/","og_site_name":"Silveco","article_modified_time":"2025-08-27T14:47:20+00:00","og_image":[{"width":591,"height":591,"url":"https:\/\/silveco.eu\/wp-content\/uploads\/2025\/08\/zel-chlodzaco-rozgrzewajacy-450-copy.png","type":"image\/png"}],"twitter_card":"summary_large_image","twitter_misc":{"Gesch\u00e4tzte Lesezeit":"3\u00a0Minuten"},"schema":{"@context":"https:\/\/schema.org","@graph":[{"@type":"WebPage","@id":"https:\/\/silveco.eu\/de\/produkt\/silveco-nanoudder-cooling-gel-kuhlgel-fur-das-euter-kopia\/","url":"https:\/\/silveco.eu\/de\/produkt\/silveco-nanoudder-cooling-gel-kuhlgel-fur-das-euter-kopia\/","name":"SILVECO NanoUdder DuoEffect Gel","isPartOf":{"@id":"https:\/\/silveco.eu\/#website"},"primaryImageOfPage":{"@id":"https:\/\/silveco.eu\/de\/produkt\/silveco-nanoudder-cooling-gel-kuhlgel-fur-das-euter-kopia\/#primaryimage"},"image":{"@id":"https:\/\/silveco.eu\/de\/produkt\/silveco-nanoudder-cooling-gel-kuhlgel-fur-das-euter-kopia\/#primaryimage"},"thumbnailUrl":"https:\/\/silveco.eu\/wp-content\/uploads\/2025\/08\/zel-chlodzaco-rozgrzewajacy-450-copy.png","datePublished":"2025-08-27T11:11:32+00:00","dateModified":"2025-08-27T14:47:20+00:00","description":"ILVECO NanoUdder Cooling Gel ist ein k\u00fchlendes Eutergel, das dank seiner sorgf\u00e4ltig ausgew\u00e4hlten Inhaltsstoffe ein sofortiges Gef\u00fchl der Erleichterung und Unterst\u00fctzung bei der Bek\u00e4mpfung von Entz\u00fcndungen - einschlie\u00dflich Mastitis - bietet.","breadcrumb":{"@id":"https:\/\/silveco.eu\/de\/produkt\/silveco-nanoudder-cooling-gel-kuhlgel-fur-das-euter-kopia\/#breadcrumb"},"inLanguage":"de","potentialAction":[{"@type":"ReadAction","target":["https:\/\/silveco.eu\/de\/produkt\/silveco-nanoudder-cooling-gel-kuhlgel-fur-das-euter-kopia\/"]}]},{"@type":"ImageObject","inLanguage":"de","@id":"https:\/\/silveco.eu\/de\/produkt\/silveco-nanoudder-cooling-gel-kuhlgel-fur-das-euter-kopia\/#primaryimage","url":"https:\/\/silveco.eu\/wp-content\/uploads\/2025\/08\/zel-chlodzaco-rozgrzewajacy-450-copy.png","contentUrl":"https:\/\/silveco.eu\/wp-content\/uploads\/2025\/08\/zel-chlodzaco-rozgrzewajacy-450-copy.png","width":591,"height":591},{"@type":"BreadcrumbList","@id":"https:\/\/silveco.eu\/de\/produkt\/silveco-nanoudder-cooling-gel-kuhlgel-fur-das-euter-kopia\/#breadcrumb","itemListElement":[{"@type":"ListItem","position":1,"name":"Strona g\u0142\u00f3wna","item":"https:\/\/silveco.eu\/de\/"},{"@type":"ListItem","position":2,"name":"Sklep","item":"https:\/\/silveco.eu\/sklep\/"},{"@type":"ListItem","position":3,"name":"SILVECO NanoUdder DuoEffect Gel"}]},{"@type":"WebSite","@id":"https:\/\/silveco.eu\/#website","url":"https:\/\/silveco.eu\/","name":"Silveco","description":"Twoje wsparcie w hodowli","publisher":{"@id":"https:\/\/silveco.eu\/#organization"},"potentialAction":[{"@type":"SearchAction","target":{"@type":"EntryPoint","urlTemplate":"https:\/\/silveco.eu\/?s={search_term_string}"},"query-input":{"@type":"PropertyValueSpecification","valueRequired":true,"valueName":"search_term_string"}}],"inLanguage":"de"},{"@type":"Organization","@id":"https:\/\/silveco.eu\/#organization","name":"Silveco","url":"https:\/\/silveco.eu\/","logo":{"@type":"ImageObject","inLanguage":"de","@id":"https:\/\/silveco.eu\/#\/schema\/logo\/image\/","url":"https:\/\/silveco.eu\/wp-content\/uploads\/2023\/03\/image-16.svg","contentUrl":"https:\/\/silveco.eu\/wp-content\/uploads\/2023\/03\/image-16.svg","width":217,"height":40,"caption":"Silveco"},"image":{"@id":"https:\/\/silveco.eu\/#\/schema\/logo\/image\/"}}]}},"_links":{"self":[{"href":"https:\/\/silveco.eu\/de\/wp-json\/wp\/v2\/product\/6112","targetHints":{"allow":["GET"]}}],"collection":[{"href":"https:\/\/silveco.eu\/de\/wp-json\/wp\/v2\/product"}],"about":[{"href":"https:\/\/silveco.eu\/de\/wp-json\/wp\/v2\/types\/product"}],"replies":[{"embeddable":true,"href":"https:\/\/silveco.eu\/de\/wp-json\/wp\/v2\/comments?post=6112"}],"wp:featuredmedia":[{"embeddable":true,"href":"https:\/\/silveco.eu\/de\/wp-json\/wp\/v2\/media\/6121"}],"wp:attachment":[{"href":"https:\/\/silveco.eu\/de\/wp-json\/wp\/v2\/media?parent=6112"}],"wp:term":[{"taxonomy":"product_brand","embeddable":true,"href":"https:\/\/silveco.eu\/de\/wp-json\/wp\/v2\/product_brand?post=6112"},{"taxonomy":"product_cat","embeddable":true,"href":"https:\/\/silveco.eu\/de\/wp-json\/wp\/v2\/product_cat?post=6112"},{"taxonomy":"product_tag","embeddable":true,"href":"https:\/\/silveco.eu\/de\/wp-json\/wp\/v2\/product_tag?post=6112"}],"curies":[{"name":"wp","href":"https:\/\/api.w.org\/{rel}","templated":true}]}}