{"id":6127,"date":"2025-08-27T13:48:21","date_gmt":"2025-08-27T11:48:21","guid":{"rendered":"https:\/\/silveco.eu\/?post_type=product&#038;p=6127"},"modified":"2025-08-27T16:38:01","modified_gmt":"2025-08-27T14:38:01","slug":"silveco-pet-nanocream-zur-regeneration-und-pflege-von-haut-und-pfoten-von-haustieren-kopia","status":"publish","type":"product","link":"https:\/\/silveco.eu\/de\/produkt\/silveco-pet-nanocream-zur-regeneration-und-pflege-von-haut-und-pfoten-von-haustieren-kopia\/","title":{"rendered":"SILVECO PET NanoShampoo"},"content":{"rendered":"\n<div class=\"wp-block-group has-global-padding is-layout-constrained wp-block-group-is-layout-constrained\">\n<div class=\"wp-block-group has-global-padding is-layout-constrained wp-block-group-is-layout-constrained\">\n<div class=\"wp-block-group benefits-section has-light-grey-fade-gradient-background has-background has-global-padding is-layout-constrained wp-container-core-group-is-layout-9ad842e3 wp-block-group-is-layout-constrained\" style=\"border-radius:24px;margin-bottom:var(--wp--preset--spacing--70);padding-top:64px;padding-right:16px;padding-bottom:64px;padding-left:16px\">\n<h2 class=\"wp-block-heading has-text-align-center has-orange-color has-text-color has-huge-font-size\">Die wichtigsten <mark style=\"background-color:rgba(0, 0, 0, 0)\" class=\"has-inline-color has-primary-color\">Vorteile:<\/mark><\/h2>\n\n\n\n<div class=\"wp-block-group benefits-section__icon-boxes is-content-justification-space-between is-nowrap is-layout-flex wp-container-core-group-is-layout-8bf864a0 wp-block-group-is-layout-flex\" style=\"padding-right:80px;padding-left:80px\">\n<div class=\"wp-block-media-text alignwide is-stacked-on-mobile is-vertically-aligned-center\"><figure class=\"wp-block-media-text__media\"><img loading=\"lazy\" decoding=\"async\" width=\"160\" height=\"160\" src=\"https:\/\/silveco.eu\/wp-content\/uploads\/2025\/08\/szampon3.png\" alt=\"\" class=\"wp-image-6137 size-full\" srcset=\"https:\/\/silveco.eu\/wp-content\/uploads\/2025\/08\/szampon3.png 160w, https:\/\/silveco.eu\/wp-content\/uploads\/2025\/08\/szampon3-100x100.png 100w\" sizes=\"auto, (max-width: 160px) 100vw, 160px\" \/><\/figure><div class=\"wp-block-media-text__content\">\n<p>Reinigt wirkungsvoll<\/p>\n<\/div><\/div>\n\n\n\n<div class=\"wp-block-media-text alignwide is-stacked-on-mobile is-vertically-aligned-center\"><figure class=\"wp-block-media-text__media\"><img loading=\"lazy\" decoding=\"async\" width=\"160\" height=\"160\" src=\"https:\/\/silveco.eu\/wp-content\/uploads\/2025\/08\/szampon1.png\" alt=\"\" class=\"wp-image-6131 size-full\" srcset=\"https:\/\/silveco.eu\/wp-content\/uploads\/2025\/08\/szampon1.png 160w, https:\/\/silveco.eu\/wp-content\/uploads\/2025\/08\/szampon1-100x100.png 100w\" sizes=\"auto, (max-width: 160px) 100vw, 160px\" \/><\/figure><div class=\"wp-block-media-text__content\">\n<p>Unterst\u00fctzt die Hautbarriere<\/p>\n<\/div><\/div>\n\n\n\n<div class=\"wp-block-media-text alignwide is-stacked-on-mobile is-vertically-aligned-center\"><figure class=\"wp-block-media-text__media\"><img loading=\"lazy\" decoding=\"async\" width=\"161\" height=\"160\" src=\"https:\/\/silveco.eu\/wp-content\/themes\/silveco\/assets\/images\/active_silver_ICON160.webp\" alt=\"\" class=\"wp-image-1010 size-full\"\/><\/figure><div class=\"wp-block-media-text__content\">\n<p>Aktive Formen von Silber<\/p>\n<\/div><\/div>\n\n\n\n<div class=\"wp-block-media-text alignwide is-stacked-on-mobile is-vertically-aligned-center\"><figure class=\"wp-block-media-text__media\"><img loading=\"lazy\" decoding=\"async\" width=\"160\" height=\"160\" src=\"https:\/\/silveco.eu\/wp-content\/uploads\/2025\/08\/szampon4.png\" alt=\"\" class=\"wp-image-6134 size-full\" srcset=\"https:\/\/silveco.eu\/wp-content\/uploads\/2025\/08\/szampon4.png 160w, https:\/\/silveco.eu\/wp-content\/uploads\/2025\/08\/szampon4-100x100.png 100w\" sizes=\"auto, (max-width: 160px) 100vw, 160px\" \/><\/figure><div class=\"wp-block-media-text__content\">\n<p>Versorgt das Fell mit Feuchtigkeit und verleiht ihm Glanz<\/p>\n<\/div><\/div>\n\n\n\n<div class=\"wp-block-media-text alignwide is-stacked-on-mobile is-vertically-aligned-center\"><figure class=\"wp-block-media-text__media\"><img loading=\"lazy\" decoding=\"async\" width=\"160\" height=\"160\" src=\"https:\/\/silveco.eu\/wp-content\/uploads\/2025\/08\/szampon2.png\" alt=\"\" class=\"wp-image-6128 size-full\" srcset=\"https:\/\/silveco.eu\/wp-content\/uploads\/2025\/08\/szampon2.png 160w, https:\/\/silveco.eu\/wp-content\/uploads\/2025\/08\/szampon2-100x100.png 100w\" sizes=\"auto, (max-width: 160px) 100vw, 160px\" \/><\/figure><div class=\"wp-block-media-text__content\">\n<p>pH-Wert f\u00fcr die Haut von Hunden geeignet<\/p>\n<\/div><\/div>\n<\/div>\n<\/div>\n<\/div>\n\n\n\n<div class=\"wp-block-group container pt-5 has-global-padding is-layout-constrained wp-block-group-is-layout-constrained\">\n<div class=\"wp-block-columns are-vertically-aligned-center is-layout-flex wp-container-core-columns-is-layout-28f84493 wp-block-columns-is-layout-flex\">\n<div class=\"wp-block-column is-vertically-aligned-center is-layout-flow wp-block-column-is-layout-flow\">\n<h2 class=\"wp-block-heading fs-48 has-text-color\" style=\"color:#ff8000;font-style:normal;font-weight:800;line-height:1.2\">Professionelles Shampoo f\u00fcr Hunde und Katzen.<\/h2>\n\n\n\n<p>Basierend auf milden Wirkstoffen entfernt die Formel effektiv Unreinheiten, ohne die nat\u00fcrliche Schutzbarriere der Haut zu beeintr\u00e4chtigen.<\/p>\n\n\n\n<p class=\"fs-14\">Das enthaltene D-Panthenol spendet intensiv Feuchtigkeit, st\u00e4rkt die Haarstruktur und verleiht ihr einen gesunden Glanz und Geschmeidigkeit. Aktive Formen von Silber bieten einen lang anhaltenden Schutz gegen das Wachstum von pathogenen Mikroorganismen. Diese Wirkung wird durch den Zusatz von Teebaum\u00f6l unterst\u00fctzt, das das nat\u00fcrliche Mikrobiom unterst\u00fctzt und eine beruhigende Wirkung auf allergische Hauterkrankungen hat.<\/p>\n\n\n\n<h3 class=\"wp-block-heading has-primary-color has-text-color\" style=\"font-size:clamp(0.929rem, 0.929rem + ((1vw - 0.2rem) * 0.673), 1.4rem);\">Das Produkt enth\u00e4lt weder Parabene noch k\u00fcnstliche Duftstoffe.<\/h3>\n\n\n\n<h3 class=\"wp-block-heading has-primary-color has-text-color has-link-color wp-elements-fc71956705e5997cfb57b791f3c7a020\">Hautfreundlicher pH-Wert f\u00fcr Hunde.<\/h3>\n<\/div>\n\n\n\n<div class=\"wp-block-column is-vertically-aligned-center is-layout-flow wp-block-column-is-layout-flow\">\n<figure class=\"wp-block-gallery has-nested-images columns-default is-cropped wp-block-gallery-1 is-layout-flex wp-block-gallery-is-layout-flex\">\n<figure class=\"wp-block-image size-full\"><img loading=\"lazy\" decoding=\"async\" width=\"1200\" height=\"800\" data-id=\"6140\" src=\"https:\/\/silveco.eu\/wp-content\/uploads\/2025\/08\/cute-west-highland-white-terrier-dog-after-bath-dog-wrapped-towel-pet.png\" alt=\"\" class=\"wp-image-6140\" srcset=\"https:\/\/silveco.eu\/wp-content\/uploads\/2025\/08\/cute-west-highland-white-terrier-dog-after-bath-dog-wrapped-towel-pet.png 1200w, https:\/\/silveco.eu\/wp-content\/uploads\/2025\/08\/cute-west-highland-white-terrier-dog-after-bath-dog-wrapped-towel-pet-300x200.png 300w, https:\/\/silveco.eu\/wp-content\/uploads\/2025\/08\/cute-west-highland-white-terrier-dog-after-bath-dog-wrapped-towel-pet-1024x683.png 1024w, https:\/\/silveco.eu\/wp-content\/uploads\/2025\/08\/cute-west-highland-white-terrier-dog-after-bath-dog-wrapped-towel-pet-768x512.png 768w, https:\/\/silveco.eu\/wp-content\/uploads\/2025\/08\/cute-west-highland-white-terrier-dog-after-bath-dog-wrapped-towel-pet-600x400.png 600w\" sizes=\"auto, (max-width: 1200px) 100vw, 1200px\" \/><\/figure>\n<\/figure>\n<\/div>\n<\/div>\n<\/div>\n<\/div>\n\n<h3 class=\"wp-block-heading\">Anwendungsweise:<\/h3>\n\n<p>Befeuchten Sie das Fell, mischen Sie das Shampoo mit Wasser, tragen Sie die Shampooll\u00f6sung auf und massieren Sie sie sanft in Haut und Fell des Tieres ein, bis sie sch\u00e4umt. Lassen Sie es 2-3 Minuten einwirken und sp\u00fclen Sie es dann gr\u00fcndlich ab. Bei Bedarf wiederholen.<\/p>\n\n<p><\/p>\n","protected":false},"excerpt":{"rendered":"<h3 style=\"color: #ff8000;\">Indikationen f\u00fcr den Gebrauch:<\/h3>\n<ul class=\"fs-14\">\n<li>T\u00e4gliche Haut- und Fellpflege<\/li>\n<li>F\u00fcr alle Hunderassen, auch f\u00fcr solche mit empfindlicher Haut<\/li>\n<li>Unterst\u00fctzende Pflege bei zu Irritationen neigender Haut<\/li>\n<\/ul>\n<p>Zutaten: Rebro, Glycerin, Cocamidopropyl Betain, D-Panthenol, Teebaum\u00f6l, Milchs\u00e4ure<\/p>\n<p>Fassungsverm\u00f6gen: 250 ml<\/p>\n","protected":false},"featured_media":6145,"comment_status":"open","ping_status":"closed","template":"","meta":{"_acf_changed":false,"inline_featured_image":false},"product_brand":[],"product_cat":[107],"product_tag":[],"class_list":{"0":"post-6127","1":"product","2":"type-product","3":"status-publish","4":"has-post-thumbnail","6":"product_cat-hygiene-von-haustieren","8":"first","9":"instock","10":"shipping-taxable","11":"product-type-simple"},"acf":[],"yoast_head":"<!-- This site is optimized with the Yoast SEO plugin v26.4 - https:\/\/yoast.com\/wordpress\/plugins\/seo\/ -->\n<title>SILVECO PET NanoShampoo - Silveco<\/title>\n<meta name=\"robots\" content=\"index, follow, max-snippet:-1, max-image-preview:large, max-video-preview:-1\" \/>\n<link rel=\"canonical\" href=\"https:\/\/silveco.eu\/de\/produkt\/silveco-pet-nanocream-zur-regeneration-und-pflege-von-haut-und-pfoten-von-haustieren-kopia\/\" \/>\n<meta property=\"og:locale\" content=\"de_DE\" \/>\n<meta property=\"og:type\" content=\"article\" \/>\n<meta property=\"og:title\" content=\"SILVECO PET NanoShampoo - Silveco\" \/>\n<meta property=\"og:description\" content=\"Indikationen f\u00fcr den Gebrauch:  T\u00e4gliche Haut- und Fellpflege F\u00fcr alle Hunderassen, auch f\u00fcr solche mit empfindlicher Haut Unterst\u00fctzende Pflege bei zu Irritationen neigender Haut  Zutaten: Rebro, Glycerin, Cocamidopropyl Betain, D-Panthenol, Teebaum\u00f6l, Milchs\u00e4ure Fassungsverm\u00f6gen: 250 ml\" \/>\n<meta property=\"og:url\" content=\"https:\/\/silveco.eu\/de\/produkt\/silveco-pet-nanocream-zur-regeneration-und-pflege-von-haut-und-pfoten-von-haustieren-kopia\/\" \/>\n<meta property=\"og:site_name\" content=\"Silveco\" \/>\n<meta property=\"article:modified_time\" content=\"2025-08-27T14:38:01+00:00\" \/>\n<meta property=\"og:image\" content=\"https:\/\/silveco.eu\/wp-content\/uploads\/2025\/08\/pet-shampoo.png\" \/>\n\t<meta property=\"og:image:width\" content=\"800\" \/>\n\t<meta property=\"og:image:height\" content=\"800\" \/>\n\t<meta property=\"og:image:type\" content=\"image\/png\" \/>\n<meta name=\"twitter:card\" content=\"summary_large_image\" \/>\n<meta name=\"twitter:label1\" content=\"Gesch\u00e4tzte Lesezeit\" \/>\n\t<meta name=\"twitter:data1\" content=\"3\u00a0Minuten\" \/>\n<script type=\"application\/ld+json\" class=\"yoast-schema-graph\">{\"@context\":\"https:\/\/schema.org\",\"@graph\":[{\"@type\":\"WebPage\",\"@id\":\"https:\/\/silveco.eu\/de\/produkt\/silveco-pet-nanocream-zur-regeneration-und-pflege-von-haut-und-pfoten-von-haustieren-kopia\/\",\"url\":\"https:\/\/silveco.eu\/de\/produkt\/silveco-pet-nanocream-zur-regeneration-und-pflege-von-haut-und-pfoten-von-haustieren-kopia\/\",\"name\":\"SILVECO PET NanoShampoo - Silveco\",\"isPartOf\":{\"@id\":\"https:\/\/silveco.eu\/#website\"},\"primaryImageOfPage\":{\"@id\":\"https:\/\/silveco.eu\/de\/produkt\/silveco-pet-nanocream-zur-regeneration-und-pflege-von-haut-und-pfoten-von-haustieren-kopia\/#primaryimage\"},\"image\":{\"@id\":\"https:\/\/silveco.eu\/de\/produkt\/silveco-pet-nanocream-zur-regeneration-und-pflege-von-haut-und-pfoten-von-haustieren-kopia\/#primaryimage\"},\"thumbnailUrl\":\"https:\/\/silveco.eu\/wp-content\/uploads\/2025\/08\/pet-shampoo.png\",\"datePublished\":\"2025-08-27T11:48:21+00:00\",\"dateModified\":\"2025-08-27T14:38:01+00:00\",\"breadcrumb\":{\"@id\":\"https:\/\/silveco.eu\/de\/produkt\/silveco-pet-nanocream-zur-regeneration-und-pflege-von-haut-und-pfoten-von-haustieren-kopia\/#breadcrumb\"},\"inLanguage\":\"de\",\"potentialAction\":[{\"@type\":\"ReadAction\",\"target\":[\"https:\/\/silveco.eu\/de\/produkt\/silveco-pet-nanocream-zur-regeneration-und-pflege-von-haut-und-pfoten-von-haustieren-kopia\/\"]}]},{\"@type\":\"ImageObject\",\"inLanguage\":\"de\",\"@id\":\"https:\/\/silveco.eu\/de\/produkt\/silveco-pet-nanocream-zur-regeneration-und-pflege-von-haut-und-pfoten-von-haustieren-kopia\/#primaryimage\",\"url\":\"https:\/\/silveco.eu\/wp-content\/uploads\/2025\/08\/pet-shampoo.png\",\"contentUrl\":\"https:\/\/silveco.eu\/wp-content\/uploads\/2025\/08\/pet-shampoo.png\",\"width\":800,\"height\":800},{\"@type\":\"BreadcrumbList\",\"@id\":\"https:\/\/silveco.eu\/de\/produkt\/silveco-pet-nanocream-zur-regeneration-und-pflege-von-haut-und-pfoten-von-haustieren-kopia\/#breadcrumb\",\"itemListElement\":[{\"@type\":\"ListItem\",\"position\":1,\"name\":\"Strona g\u0142\u00f3wna\",\"item\":\"https:\/\/silveco.eu\/de\/\"},{\"@type\":\"ListItem\",\"position\":2,\"name\":\"Sklep\",\"item\":\"https:\/\/silveco.eu\/sklep\/\"},{\"@type\":\"ListItem\",\"position\":3,\"name\":\"SILVECO PET NanoShampoo\"}]},{\"@type\":\"WebSite\",\"@id\":\"https:\/\/silveco.eu\/#website\",\"url\":\"https:\/\/silveco.eu\/\",\"name\":\"Silveco\",\"description\":\"Twoje wsparcie w hodowli\",\"publisher\":{\"@id\":\"https:\/\/silveco.eu\/#organization\"},\"potentialAction\":[{\"@type\":\"SearchAction\",\"target\":{\"@type\":\"EntryPoint\",\"urlTemplate\":\"https:\/\/silveco.eu\/?s={search_term_string}\"},\"query-input\":{\"@type\":\"PropertyValueSpecification\",\"valueRequired\":true,\"valueName\":\"search_term_string\"}}],\"inLanguage\":\"de\"},{\"@type\":\"Organization\",\"@id\":\"https:\/\/silveco.eu\/#organization\",\"name\":\"Silveco\",\"url\":\"https:\/\/silveco.eu\/\",\"logo\":{\"@type\":\"ImageObject\",\"inLanguage\":\"de\",\"@id\":\"https:\/\/silveco.eu\/#\/schema\/logo\/image\/\",\"url\":\"https:\/\/silveco.eu\/wp-content\/uploads\/2023\/03\/image-16.svg\",\"contentUrl\":\"https:\/\/silveco.eu\/wp-content\/uploads\/2023\/03\/image-16.svg\",\"width\":217,\"height\":40,\"caption\":\"Silveco\"},\"image\":{\"@id\":\"https:\/\/silveco.eu\/#\/schema\/logo\/image\/\"}}]}<\/script>\n<!-- \/ Yoast SEO plugin. -->","yoast_head_json":{"title":"SILVECO PET NanoShampoo - Silveco","robots":{"index":"index","follow":"follow","max-snippet":"max-snippet:-1","max-image-preview":"max-image-preview:large","max-video-preview":"max-video-preview:-1"},"canonical":"https:\/\/silveco.eu\/de\/produkt\/silveco-pet-nanocream-zur-regeneration-und-pflege-von-haut-und-pfoten-von-haustieren-kopia\/","og_locale":"de_DE","og_type":"article","og_title":"SILVECO PET NanoShampoo - Silveco","og_description":"Indikationen f\u00fcr den Gebrauch:  T\u00e4gliche Haut- und Fellpflege F\u00fcr alle Hunderassen, auch f\u00fcr solche mit empfindlicher Haut Unterst\u00fctzende Pflege bei zu Irritationen neigender Haut  Zutaten: Rebro, Glycerin, Cocamidopropyl Betain, D-Panthenol, Teebaum\u00f6l, Milchs\u00e4ure Fassungsverm\u00f6gen: 250 ml","og_url":"https:\/\/silveco.eu\/de\/produkt\/silveco-pet-nanocream-zur-regeneration-und-pflege-von-haut-und-pfoten-von-haustieren-kopia\/","og_site_name":"Silveco","article_modified_time":"2025-08-27T14:38:01+00:00","og_image":[{"width":800,"height":800,"url":"https:\/\/silveco.eu\/wp-content\/uploads\/2025\/08\/pet-shampoo.png","type":"image\/png"}],"twitter_card":"summary_large_image","twitter_misc":{"Gesch\u00e4tzte Lesezeit":"3\u00a0Minuten"},"schema":{"@context":"https:\/\/schema.org","@graph":[{"@type":"WebPage","@id":"https:\/\/silveco.eu\/de\/produkt\/silveco-pet-nanocream-zur-regeneration-und-pflege-von-haut-und-pfoten-von-haustieren-kopia\/","url":"https:\/\/silveco.eu\/de\/produkt\/silveco-pet-nanocream-zur-regeneration-und-pflege-von-haut-und-pfoten-von-haustieren-kopia\/","name":"SILVECO PET NanoShampoo - Silveco","isPartOf":{"@id":"https:\/\/silveco.eu\/#website"},"primaryImageOfPage":{"@id":"https:\/\/silveco.eu\/de\/produkt\/silveco-pet-nanocream-zur-regeneration-und-pflege-von-haut-und-pfoten-von-haustieren-kopia\/#primaryimage"},"image":{"@id":"https:\/\/silveco.eu\/de\/produkt\/silveco-pet-nanocream-zur-regeneration-und-pflege-von-haut-und-pfoten-von-haustieren-kopia\/#primaryimage"},"thumbnailUrl":"https:\/\/silveco.eu\/wp-content\/uploads\/2025\/08\/pet-shampoo.png","datePublished":"2025-08-27T11:48:21+00:00","dateModified":"2025-08-27T14:38:01+00:00","breadcrumb":{"@id":"https:\/\/silveco.eu\/de\/produkt\/silveco-pet-nanocream-zur-regeneration-und-pflege-von-haut-und-pfoten-von-haustieren-kopia\/#breadcrumb"},"inLanguage":"de","potentialAction":[{"@type":"ReadAction","target":["https:\/\/silveco.eu\/de\/produkt\/silveco-pet-nanocream-zur-regeneration-und-pflege-von-haut-und-pfoten-von-haustieren-kopia\/"]}]},{"@type":"ImageObject","inLanguage":"de","@id":"https:\/\/silveco.eu\/de\/produkt\/silveco-pet-nanocream-zur-regeneration-und-pflege-von-haut-und-pfoten-von-haustieren-kopia\/#primaryimage","url":"https:\/\/silveco.eu\/wp-content\/uploads\/2025\/08\/pet-shampoo.png","contentUrl":"https:\/\/silveco.eu\/wp-content\/uploads\/2025\/08\/pet-shampoo.png","width":800,"height":800},{"@type":"BreadcrumbList","@id":"https:\/\/silveco.eu\/de\/produkt\/silveco-pet-nanocream-zur-regeneration-und-pflege-von-haut-und-pfoten-von-haustieren-kopia\/#breadcrumb","itemListElement":[{"@type":"ListItem","position":1,"name":"Strona g\u0142\u00f3wna","item":"https:\/\/silveco.eu\/de\/"},{"@type":"ListItem","position":2,"name":"Sklep","item":"https:\/\/silveco.eu\/sklep\/"},{"@type":"ListItem","position":3,"name":"SILVECO PET NanoShampoo"}]},{"@type":"WebSite","@id":"https:\/\/silveco.eu\/#website","url":"https:\/\/silveco.eu\/","name":"Silveco","description":"Twoje wsparcie w hodowli","publisher":{"@id":"https:\/\/silveco.eu\/#organization"},"potentialAction":[{"@type":"SearchAction","target":{"@type":"EntryPoint","urlTemplate":"https:\/\/silveco.eu\/?s={search_term_string}"},"query-input":{"@type":"PropertyValueSpecification","valueRequired":true,"valueName":"search_term_string"}}],"inLanguage":"de"},{"@type":"Organization","@id":"https:\/\/silveco.eu\/#organization","name":"Silveco","url":"https:\/\/silveco.eu\/","logo":{"@type":"ImageObject","inLanguage":"de","@id":"https:\/\/silveco.eu\/#\/schema\/logo\/image\/","url":"https:\/\/silveco.eu\/wp-content\/uploads\/2023\/03\/image-16.svg","contentUrl":"https:\/\/silveco.eu\/wp-content\/uploads\/2023\/03\/image-16.svg","width":217,"height":40,"caption":"Silveco"},"image":{"@id":"https:\/\/silveco.eu\/#\/schema\/logo\/image\/"}}]}},"_links":{"self":[{"href":"https:\/\/silveco.eu\/de\/wp-json\/wp\/v2\/product\/6127","targetHints":{"allow":["GET"]}}],"collection":[{"href":"https:\/\/silveco.eu\/de\/wp-json\/wp\/v2\/product"}],"about":[{"href":"https:\/\/silveco.eu\/de\/wp-json\/wp\/v2\/types\/product"}],"replies":[{"embeddable":true,"href":"https:\/\/silveco.eu\/de\/wp-json\/wp\/v2\/comments?post=6127"}],"wp:featuredmedia":[{"embeddable":true,"href":"https:\/\/silveco.eu\/de\/wp-json\/wp\/v2\/media\/6145"}],"wp:attachment":[{"href":"https:\/\/silveco.eu\/de\/wp-json\/wp\/v2\/media?parent=6127"}],"wp:term":[{"taxonomy":"product_brand","embeddable":true,"href":"https:\/\/silveco.eu\/de\/wp-json\/wp\/v2\/product_brand?post=6127"},{"taxonomy":"product_cat","embeddable":true,"href":"https:\/\/silveco.eu\/de\/wp-json\/wp\/v2\/product_cat?post=6127"},{"taxonomy":"product_tag","embeddable":true,"href":"https:\/\/silveco.eu\/de\/wp-json\/wp\/v2\/product_tag?post=6127"}],"curies":[{"name":"wp","href":"https:\/\/api.w.org\/{rel}","templated":true}]}}