{"id":1830,"date":"2023-03-29T16:09:49","date_gmt":"2023-03-29T14:09:49","guid":{"rendered":"https:\/\/silveco.eu\/knowledge-base\/"},"modified":"2024-02-06T12:48:51","modified_gmt":"2024-02-06T11:48:51","slug":"knowledge-base","status":"publish","type":"page","link":"https:\/\/silveco.eu\/en\/knowledge-base\/","title":{"rendered":"Knowledge base"},"content":{"rendered":"\n<div class=\"wp-block-group container has-global-padding is-layout-constrained wp-block-group-is-layout-constrained\">\n<h1 class=\"wp-block-heading fs-24 mb-40 aos-fade-right\">Knowledge base<\/h1>\n\n\n\n<h2 class=\"wp-block-heading has-text-align-center fs-64 mb-40 aos-zoom-in-up\">With ous, <mark style=\"background-color:rgba(0, 0, 0, 0);color:#38aa45\" class=\"has-inline-color\">you know more<\/mark>!<\/h2>\n\n\n<ul class=\"wp-block-latest-posts__list aos-zoom-in-up wp-block-latest-posts\"><li><div class=\"wp-block-latest-posts__featured-image\"><a href=\"https:\/\/silveco.eu\/en\/hygiene-in-animal-husbandry-why-is-water-line-disinfection-essential\/\" aria-label=\"Hygiene in Animal Husbandry: Why is Water Line Disinfection Essential?\"><img loading=\"lazy\" decoding=\"async\" width=\"440\" height=\"256\" src=\"https:\/\/silveco.eu\/wp-content\/uploads\/2024\/02\/pusty-budynek-fermy-drobiu-z-podajnikami-grzalki-i-system-pojenia-drobiu-440x256.jpg\" class=\"attachment-thumbnail size-thumbnail wp-post-image\" alt=\"\" style=\"max-width:440px;max-height:256px;\" \/><\/a><\/div><a class=\"wp-block-latest-posts__post-title\" href=\"https:\/\/silveco.eu\/en\/hygiene-in-animal-husbandry-why-is-water-line-disinfection-essential\/\">Hygiene in Animal Husbandry: Why is Water Line Disinfection Essential?<\/a><div class=\"wp-block-latest-posts__post-excerpt\">In modern times, as the management of animal husbandry becomes increasingly complex, the importance of hygiene and disinfection is gaining prominence. A key aspect often overlooked is the disinfection of water lines. Why is this so crucial? Water, a fundamental element impacting animal health and welfare, is susceptible to microbial contamination. Contaminants in water lines\u2026 <a class=\"wp-block-latest-posts__read-more\" href=\"https:\/\/silveco.eu\/en\/hygiene-in-animal-husbandry-why-is-water-line-disinfection-essential\/\" rel=\"noopener noreferrer\">Read more<span class=\"screen-reader-text\">: Hygiene in Animal Husbandry: Why is Water Line Disinfection Essential?<\/span><\/a><\/div><\/li>\n<li><div class=\"wp-block-latest-posts__featured-image\"><a href=\"https:\/\/silveco.eu\/en\/turbo-syringes-for-cows-application\/\" aria-label=\"Tubo syringes for cows \u2013 application\"><img loading=\"lazy\" decoding=\"async\" width=\"440\" height=\"256\" src=\"https:\/\/silveco.eu\/wp-content\/uploads\/2023\/08\/turbostrzykawki-dla-krow-zastosowanie-440x256.jpg\" class=\"attachment-thumbnail size-thumbnail wp-post-image\" alt=\"turbostrzykawki dla kr\u00f3w - zastosowanie\" style=\"max-width:440px;max-height:256px;\" \/><\/a><\/div><a class=\"wp-block-latest-posts__post-title\" href=\"https:\/\/silveco.eu\/en\/turbo-syringes-for-cows-application\/\">Tubo syringes for cows \u2013 application<\/a><div class=\"wp-block-latest-posts__post-excerpt\">Injection tubes, also known as udder tubes, are devices used in cattle farming to dry the udder of cows. They are used to introduce antibiotics or other drugs into each quarter of the udder to prevent or treat infection during the dry period. What are udder syringes characterized by? A syringe is a thin tube,\u2026 <a class=\"wp-block-latest-posts__read-more\" href=\"https:\/\/silveco.eu\/en\/turbo-syringes-for-cows-application\/\" rel=\"noopener noreferrer\">Read more<span class=\"screen-reader-text\">: Tubo syringes for cows \u2013 application<\/span><\/a><\/div><\/li>\n<li><div class=\"wp-block-latest-posts__featured-image\"><a href=\"https:\/\/silveco.eu\/en\/how-to-support-the-drying-off-of-cows\/\" aria-label=\"How to support the drying off of cows?\"><img loading=\"lazy\" decoding=\"async\" width=\"440\" height=\"256\" src=\"https:\/\/silveco.eu\/wp-content\/uploads\/2023\/08\/jak-wspomagac-zasuszanie-krow-440x256.jpg\" class=\"attachment-thumbnail size-thumbnail wp-post-image\" alt=\"jak wspomaga\u0107 zasuszanie kr\u00f3w\" style=\"max-width:440px;max-height:256px;\" \/><\/a><\/div><a class=\"wp-block-latest-posts__post-title\" href=\"https:\/\/silveco.eu\/en\/how-to-support-the-drying-off-of-cows\/\">How to support the drying off of cows?<\/a><div class=\"wp-block-latest-posts__post-excerpt\">Cow drying off, also known as the drying off period or interlacing period, is a term that refers to the process of a cow ceasing milk production in time for the next lactation period. This is a natural cycle that aims to prepare the cow&#8217;s body for the next pregnancy and the next lactation period.\u2026 <a class=\"wp-block-latest-posts__read-more\" href=\"https:\/\/silveco.eu\/en\/how-to-support-the-drying-off-of-cows\/\" rel=\"noopener noreferrer\">Read more<span class=\"screen-reader-text\">: How to support the drying off of cows?<\/span><\/a><\/div><\/li>\n<li><div class=\"wp-block-latest-posts__featured-image\"><a href=\"https:\/\/silveco.eu\/en\/securing-postoperative-wounds-in-animals\/\" aria-label=\"Securing postoperative wounds in animals\"><img loading=\"lazy\" decoding=\"async\" width=\"440\" height=\"256\" src=\"https:\/\/silveco.eu\/wp-content\/uploads\/2023\/08\/Zabezpieczanie-ran-pooperacyjnych-u-zwierzat-440x256.jpg\" class=\"attachment-thumbnail size-thumbnail wp-post-image\" alt=\"Zabezpieczanie ran pooperacyjnych u zwierz\u0105t\" style=\"max-width:440px;max-height:256px;\" \/><\/a><\/div><a class=\"wp-block-latest-posts__post-title\" href=\"https:\/\/silveco.eu\/en\/securing-postoperative-wounds-in-animals\/\">Securing postoperative wounds in animals<\/a><div class=\"wp-block-latest-posts__post-excerpt\">In animal husbandry, various types of injuries, skin damage and even more serious wounds are a natural phenomenon. It is difficult to prevent them, especially in a large herd, where animals sometimes fight for a position in the hierarchy. However, every breeder should know the rules of conduct in the case of hard-to-heal wounds in\u2026 <a class=\"wp-block-latest-posts__read-more\" href=\"https:\/\/silveco.eu\/en\/securing-postoperative-wounds-in-animals\/\" rel=\"noopener noreferrer\">Read more<span class=\"screen-reader-text\">: Securing postoperative wounds in animals<\/span><\/a><\/div><\/li>\n<li><div class=\"wp-block-latest-posts__featured-image\"><a href=\"https:\/\/silveco.eu\/en\/what-is-scabies-in-alpacas-and-how-to-treat-it\/\" aria-label=\"What is scabies in alpacas and how to treat it?\"><img loading=\"lazy\" decoding=\"async\" width=\"440\" height=\"256\" src=\"https:\/\/silveco.eu\/wp-content\/uploads\/2023\/08\/Czym-jest-swierzb-u-alpak-i-jak-go-rozpoznac-440x256.jpg\" class=\"attachment-thumbnail size-thumbnail wp-post-image\" alt=\"Czym jest \u015bwierzb u alpak i jak go rozpozna\u0107\" style=\"max-width:440px;max-height:256px;\" \/><\/a><\/div><a class=\"wp-block-latest-posts__post-title\" href=\"https:\/\/silveco.eu\/en\/what-is-scabies-in-alpacas-and-how-to-treat-it\/\">What is scabies in alpacas and how to treat it?<\/a><div class=\"wp-block-latest-posts__post-excerpt\">Scabies is a fairly common disease in alpacas that requires the intervention of the breeder. A neglected disease can lead to a significant deterioration in the animal&#8217;s health and even to death. Every breeder should know the symptoms of scabies in alpacas and learn about common treatments. Scabies is a parasite that inhabits the skin\u2026 <a class=\"wp-block-latest-posts__read-more\" href=\"https:\/\/silveco.eu\/en\/what-is-scabies-in-alpacas-and-how-to-treat-it\/\" rel=\"noopener noreferrer\">Read more<span class=\"screen-reader-text\">: What is scabies in alpacas and how to treat it?<\/span><\/a><\/div><\/li>\n<li><div class=\"wp-block-latest-posts__featured-image\"><a href=\"https:\/\/silveco.eu\/en\/what-is-cannibalism-in-pigs-and-how-to-prevent-it\/\" aria-label=\"What is cannibalism in pigs and how to prevent it?\"><img loading=\"lazy\" decoding=\"async\" width=\"440\" height=\"256\" src=\"https:\/\/silveco.eu\/wp-content\/uploads\/2023\/08\/Czym-jest-kanibalizm-u-swin-i-jak-sie-objawia-440x256.jpg\" class=\"attachment-thumbnail size-thumbnail wp-post-image\" alt=\"Czym jest kanibalizm u \u015bwi\u0144 i jak si\u0119 objawia\" style=\"max-width:440px;max-height:256px;\" \/><\/a><\/div><a class=\"wp-block-latest-posts__post-title\" href=\"https:\/\/silveco.eu\/en\/what-is-cannibalism-in-pigs-and-how-to-prevent-it\/\">What is cannibalism in pigs and how to prevent it?<\/a><div class=\"wp-block-latest-posts__post-excerpt\">Aggression and cannibalism in pigs are phenomena that can lead to serious losses in the herd. Every breeder should be familiar with the causes of cannibalism and the methods of preventing such problems. Aggression in animals is common and is not always a cause for concern. The problem arises when there are sharp fights between\u2026 <a class=\"wp-block-latest-posts__read-more\" href=\"https:\/\/silveco.eu\/en\/what-is-cannibalism-in-pigs-and-how-to-prevent-it\/\" rel=\"noopener noreferrer\">Read more<span class=\"screen-reader-text\">: What is cannibalism in pigs and how to prevent it?<\/span><\/a><\/div><\/li>\n<li><div class=\"wp-block-latest-posts__featured-image\"><a href=\"https:\/\/silveco.eu\/en\/asf-biosecurity-what-is-it-and-what-is-it-about\/\" aria-label=\"ASF biosecurity &#8211; what is it and what is it about?\"><img loading=\"lazy\" decoding=\"async\" width=\"440\" height=\"256\" src=\"https:\/\/silveco.eu\/wp-content\/uploads\/2023\/08\/bioasekuracja-asf-swinia-440x256.jpg\" class=\"attachment-thumbnail size-thumbnail wp-post-image\" alt=\"bioasekuracja asf \u015bwinia\" style=\"max-width:440px;max-height:256px;\" \/><\/a><\/div><a class=\"wp-block-latest-posts__post-title\" href=\"https:\/\/silveco.eu\/en\/asf-biosecurity-what-is-it-and-what-is-it-about\/\">ASF biosecurity &#8211; what is it and what is it about?<\/a><div class=\"wp-block-latest-posts__post-excerpt\">ASF (African Swine Fever) biosecurity refers to a set of measures and procedures to prevent and control the spread of African swine fever. African swine fever is a serious infectious disease that affects pigs and wild boar. It is caused by the ASF virus and there is no effective treatment or vaccine. What is farm\u2026 <a class=\"wp-block-latest-posts__read-more\" href=\"https:\/\/silveco.eu\/en\/asf-biosecurity-what-is-it-and-what-is-it-about\/\" rel=\"noopener noreferrer\">Read more<span class=\"screen-reader-text\">: ASF biosecurity &#8211; what is it and what is it about?<\/span><\/a><\/div><\/li>\n<li><div class=\"wp-block-latest-posts__featured-image\"><a href=\"https:\/\/silveco.eu\/en\/how-to-disinfect-the-chicken-coop\/\" aria-label=\"How to disinfect the chicken coop?\"><img loading=\"lazy\" decoding=\"async\" width=\"440\" height=\"256\" src=\"https:\/\/silveco.eu\/wp-content\/uploads\/2023\/08\/dezynfekcja-kurnika-440x256.jpg\" class=\"attachment-thumbnail size-thumbnail wp-post-image\" alt=\"dezynfekcja kurnika\" style=\"max-width:440px;max-height:256px;\" \/><\/a><\/div><a class=\"wp-block-latest-posts__post-title\" href=\"https:\/\/silveco.eu\/en\/how-to-disinfect-the-chicken-coop\/\">How to disinfect the chicken coop?<\/a><div class=\"wp-block-latest-posts__post-excerpt\">Disinfection of the chicken coop is something that every poultry farmer should keep in mind. Without proper cleaning, the animals are at greater risk of being exposed to viruses and bacteria that affect the health of the hens and can contribute to poor production of both meat and eggs. It is best to disinfect the\u2026 <a class=\"wp-block-latest-posts__read-more\" href=\"https:\/\/silveco.eu\/en\/how-to-disinfect-the-chicken-coop\/\" rel=\"noopener noreferrer\">Read more<span class=\"screen-reader-text\">: How to disinfect the chicken coop?<\/span><\/a><\/div><\/li>\n<li><div class=\"wp-block-latest-posts__featured-image\"><a href=\"https:\/\/silveco.eu\/en\/disinfection-in-poultry-farming\/\" aria-label=\"Disinfection in poultry farming\"><img loading=\"lazy\" decoding=\"async\" width=\"440\" height=\"256\" src=\"https:\/\/silveco.eu\/wp-content\/uploads\/2023\/07\/drob-na-bloga-440x256.jpg\" class=\"attachment-thumbnail size-thumbnail wp-post-image\" alt=\"\" style=\"max-width:440px;max-height:256px;\" srcset=\"https:\/\/silveco.eu\/wp-content\/uploads\/2023\/07\/drob-na-bloga-440x256.jpg 440w, https:\/\/silveco.eu\/wp-content\/uploads\/2023\/07\/drob-na-bloga-300x175.jpg 300w, https:\/\/silveco.eu\/wp-content\/uploads\/2023\/07\/drob-na-bloga-768x447.jpg 768w, https:\/\/silveco.eu\/wp-content\/uploads\/2023\/07\/drob-na-bloga-241x140.jpg 241w, https:\/\/silveco.eu\/wp-content\/uploads\/2023\/07\/drob-na-bloga-600x349.jpg 600w, https:\/\/silveco.eu\/wp-content\/uploads\/2023\/07\/drob-na-bloga.jpg 880w\" sizes=\"auto, (max-width: 440px) 100vw, 440px\" \/><\/a><\/div><a class=\"wp-block-latest-posts__post-title\" href=\"https:\/\/silveco.eu\/en\/disinfection-in-poultry-farming\/\">Disinfection in poultry farming<\/a><div class=\"wp-block-latest-posts__post-excerpt\">\u201cIntensive poultry rearing, high concentration of birds per unit area of the room, as well as other parameters of poultry production may favor the development of pathogenic microflora in the rooms, and as a result lead to an increased risk of various infectious diseases. A significant role in the proper rearing of poultry is played\u2026 <a class=\"wp-block-latest-posts__read-more\" href=\"https:\/\/silveco.eu\/en\/disinfection-in-poultry-farming\/\" rel=\"noopener noreferrer\">Read more<span class=\"screen-reader-text\">: Disinfection in poultry farming<\/span><\/a><\/div><\/li>\n<\/ul><\/div>\n\n<h2 class=\"wp-block-heading has-text-align-center fs-64 mt-40 aos-zoom-in-up\">Do you need <mark style=\"background-color:rgba(0, 0, 0, 0);color:#38aa45\" class=\"has-inline-color\">more information<\/mark>?<\/h2>\n","protected":false},"excerpt":{"rendered":"<p>Knowledge base With ous, you know more! Do you need more information?<\/p>\n","protected":false},"author":4,"featured_media":0,"parent":0,"menu_order":0,"comment_status":"closed","ping_status":"closed","template":"","meta":{"_acf_changed":false,"inline_featured_image":false,"footnotes":""},"class_list":["post-1830","page","type-page","status-publish","hentry"],"acf":[],"yoast_head":"<!-- This site is optimized with the Yoast SEO plugin v26.4 - https:\/\/yoast.com\/wordpress\/plugins\/seo\/ -->\n<title>Knowledge base - Silveco<\/title>\n<meta name=\"robots\" content=\"index, follow, max-snippet:-1, max-image-preview:large, max-video-preview:-1\" \/>\n<link rel=\"canonical\" href=\"https:\/\/silveco.eu\/en\/knowledge-base\/\" \/>\n<meta property=\"og:locale\" content=\"en_US\" \/>\n<meta property=\"og:type\" content=\"article\" \/>\n<meta property=\"og:title\" content=\"Knowledge base - Silveco\" \/>\n<meta property=\"og:description\" content=\"Knowledge base With ous, you know more! Do you need more information?\" \/>\n<meta property=\"og:url\" content=\"https:\/\/silveco.eu\/en\/knowledge-base\/\" \/>\n<meta property=\"og:site_name\" content=\"Silveco\" \/>\n<meta property=\"article:modified_time\" content=\"2024-02-06T11:48:51+00:00\" \/>\n<meta name=\"twitter:card\" content=\"summary_large_image\" \/>\n<script type=\"application\/ld+json\" class=\"yoast-schema-graph\">{\"@context\":\"https:\/\/schema.org\",\"@graph\":[{\"@type\":\"WebPage\",\"@id\":\"https:\/\/silveco.eu\/en\/knowledge-base\/\",\"url\":\"https:\/\/silveco.eu\/en\/knowledge-base\/\",\"name\":\"Knowledge base - Silveco\",\"isPartOf\":{\"@id\":\"https:\/\/silveco.eu\/#website\"},\"datePublished\":\"2023-03-29T14:09:49+00:00\",\"dateModified\":\"2024-02-06T11:48:51+00:00\",\"breadcrumb\":{\"@id\":\"https:\/\/silveco.eu\/en\/knowledge-base\/#breadcrumb\"},\"inLanguage\":\"en-US\",\"potentialAction\":[{\"@type\":\"ReadAction\",\"target\":[\"https:\/\/silveco.eu\/en\/knowledge-base\/\"]}]},{\"@type\":\"BreadcrumbList\",\"@id\":\"https:\/\/silveco.eu\/en\/knowledge-base\/#breadcrumb\",\"itemListElement\":[{\"@type\":\"ListItem\",\"position\":1,\"name\":\"Strona g\u0142\u00f3wna\",\"item\":\"https:\/\/silveco.eu\/en\/\"},{\"@type\":\"ListItem\",\"position\":2,\"name\":\"Knowledge base\"}]},{\"@type\":\"WebSite\",\"@id\":\"https:\/\/silveco.eu\/#website\",\"url\":\"https:\/\/silveco.eu\/\",\"name\":\"Silveco\",\"description\":\"Twoje wsparcie w hodowli\",\"publisher\":{\"@id\":\"https:\/\/silveco.eu\/#organization\"},\"potentialAction\":[{\"@type\":\"SearchAction\",\"target\":{\"@type\":\"EntryPoint\",\"urlTemplate\":\"https:\/\/silveco.eu\/?s={search_term_string}\"},\"query-input\":{\"@type\":\"PropertyValueSpecification\",\"valueRequired\":true,\"valueName\":\"search_term_string\"}}],\"inLanguage\":\"en-US\"},{\"@type\":\"Organization\",\"@id\":\"https:\/\/silveco.eu\/#organization\",\"name\":\"Silveco\",\"url\":\"https:\/\/silveco.eu\/\",\"logo\":{\"@type\":\"ImageObject\",\"inLanguage\":\"en-US\",\"@id\":\"https:\/\/silveco.eu\/#\/schema\/logo\/image\/\",\"url\":\"https:\/\/silveco.eu\/wp-content\/uploads\/2023\/03\/image-16.svg\",\"contentUrl\":\"https:\/\/silveco.eu\/wp-content\/uploads\/2023\/03\/image-16.svg\",\"width\":217,\"height\":40,\"caption\":\"Silveco\"},\"image\":{\"@id\":\"https:\/\/silveco.eu\/#\/schema\/logo\/image\/\"}}]}<\/script>\n<!-- \/ Yoast SEO plugin. -->","yoast_head_json":{"title":"Knowledge base - Silveco","robots":{"index":"index","follow":"follow","max-snippet":"max-snippet:-1","max-image-preview":"max-image-preview:large","max-video-preview":"max-video-preview:-1"},"canonical":"https:\/\/silveco.eu\/en\/knowledge-base\/","og_locale":"en_US","og_type":"article","og_title":"Knowledge base - Silveco","og_description":"Knowledge base With ous, you know more! Do you need more information?","og_url":"https:\/\/silveco.eu\/en\/knowledge-base\/","og_site_name":"Silveco","article_modified_time":"2024-02-06T11:48:51+00:00","twitter_card":"summary_large_image","schema":{"@context":"https:\/\/schema.org","@graph":[{"@type":"WebPage","@id":"https:\/\/silveco.eu\/en\/knowledge-base\/","url":"https:\/\/silveco.eu\/en\/knowledge-base\/","name":"Knowledge base - Silveco","isPartOf":{"@id":"https:\/\/silveco.eu\/#website"},"datePublished":"2023-03-29T14:09:49+00:00","dateModified":"2024-02-06T11:48:51+00:00","breadcrumb":{"@id":"https:\/\/silveco.eu\/en\/knowledge-base\/#breadcrumb"},"inLanguage":"en-US","potentialAction":[{"@type":"ReadAction","target":["https:\/\/silveco.eu\/en\/knowledge-base\/"]}]},{"@type":"BreadcrumbList","@id":"https:\/\/silveco.eu\/en\/knowledge-base\/#breadcrumb","itemListElement":[{"@type":"ListItem","position":1,"name":"Strona g\u0142\u00f3wna","item":"https:\/\/silveco.eu\/en\/"},{"@type":"ListItem","position":2,"name":"Knowledge base"}]},{"@type":"WebSite","@id":"https:\/\/silveco.eu\/#website","url":"https:\/\/silveco.eu\/","name":"Silveco","description":"Twoje wsparcie w hodowli","publisher":{"@id":"https:\/\/silveco.eu\/#organization"},"potentialAction":[{"@type":"SearchAction","target":{"@type":"EntryPoint","urlTemplate":"https:\/\/silveco.eu\/?s={search_term_string}"},"query-input":{"@type":"PropertyValueSpecification","valueRequired":true,"valueName":"search_term_string"}}],"inLanguage":"en-US"},{"@type":"Organization","@id":"https:\/\/silveco.eu\/#organization","name":"Silveco","url":"https:\/\/silveco.eu\/","logo":{"@type":"ImageObject","inLanguage":"en-US","@id":"https:\/\/silveco.eu\/#\/schema\/logo\/image\/","url":"https:\/\/silveco.eu\/wp-content\/uploads\/2023\/03\/image-16.svg","contentUrl":"https:\/\/silveco.eu\/wp-content\/uploads\/2023\/03\/image-16.svg","width":217,"height":40,"caption":"Silveco"},"image":{"@id":"https:\/\/silveco.eu\/#\/schema\/logo\/image\/"}}]}},"_links":{"self":[{"href":"https:\/\/silveco.eu\/en\/wp-json\/wp\/v2\/pages\/1830","targetHints":{"allow":["GET"]}}],"collection":[{"href":"https:\/\/silveco.eu\/en\/wp-json\/wp\/v2\/pages"}],"about":[{"href":"https:\/\/silveco.eu\/en\/wp-json\/wp\/v2\/types\/page"}],"author":[{"embeddable":true,"href":"https:\/\/silveco.eu\/en\/wp-json\/wp\/v2\/users\/4"}],"replies":[{"embeddable":true,"href":"https:\/\/silveco.eu\/en\/wp-json\/wp\/v2\/comments?post=1830"}],"version-history":[{"count":1,"href":"https:\/\/silveco.eu\/en\/wp-json\/wp\/v2\/pages\/1830\/revisions"}],"predecessor-version":[{"id":1833,"href":"https:\/\/silveco.eu\/en\/wp-json\/wp\/v2\/pages\/1830\/revisions\/1833"}],"wp:attachment":[{"href":"https:\/\/silveco.eu\/en\/wp-json\/wp\/v2\/media?parent=1830"}],"curies":[{"name":"wp","href":"https:\/\/api.w.org\/{rel}","templated":true}]}}