{"id":2319,"date":"2023-03-29T16:09:41","date_gmt":"2023-03-29T14:09:41","guid":{"rendered":"https:\/\/silveco.eu\/news\/"},"modified":"2023-07-13T20:29:21","modified_gmt":"2023-07-13T18:29:21","slug":"news","status":"publish","type":"page","link":"https:\/\/silveco.eu\/en\/news\/","title":{"rendered":"News"},"content":{"rendered":"\n<div class=\"wp-block-group container mb-40 pt-40 has-global-padding is-layout-constrained wp-block-group-is-layout-constrained\">\n<h1 class=\"wp-block-heading fs-24 mb-40 aos-fade-right\">News<\/h1>\n\n\n\n<div class=\"wp-block-query mb-40 pb-4 is-layout-flow wp-block-query-is-layout-flow\"><ul class=\"wp-block-post-template is-layout-flow wp-block-post-template-is-layout-flow\"><li class=\"wp-block-post post-3532 post type-post status-publish format-standard has-post-thumbnail hentry category-news tag-cattle tag-mastitis-en tag-milk tag-syringe-tubes tag-syringes-for-dowsing-en tag-udder-inflammations\">\n\n<div class=\"wp-block-columns alignwide are-vertically-aligned-center w-100 is-layout-flex wp-container-core-columns-is-layout-28f84493 wp-block-columns-is-layout-flex\">\n<div class=\"wp-block-column is-vertically-aligned-center is-layout-flow wp-block-column-is-layout-flow\" style=\"flex-basis:50%\"><figure class=\"rounded-img text-center aos-fade-right aos-delay-100 wp-block-post-featured-image\"><a href=\"https:\/\/silveco.eu\/en\/silveco-nanomast-product-efficacy-study-report-in-dairy-cattle\/\" target=\"_self\"  ><img loading=\"lazy\" decoding=\"async\" width=\"2556\" height=\"1400\" src=\"https:\/\/silveco.eu\/wp-content\/uploads\/2023\/09\/raport_zajawka.jpg\" class=\"attachment-post-thumbnail size-post-thumbnail wp-post-image\" alt=\"SILVECO NanoMast product efficacy study report in dairy cattle.\" style=\"object-fit:cover;\" srcset=\"https:\/\/silveco.eu\/wp-content\/uploads\/2023\/09\/raport_zajawka.jpg 2556w, https:\/\/silveco.eu\/wp-content\/uploads\/2023\/09\/raport_zajawka-300x164.jpg 300w, https:\/\/silveco.eu\/wp-content\/uploads\/2023\/09\/raport_zajawka-1024x561.jpg 1024w, https:\/\/silveco.eu\/wp-content\/uploads\/2023\/09\/raport_zajawka-768x421.jpg 768w, https:\/\/silveco.eu\/wp-content\/uploads\/2023\/09\/raport_zajawka-1536x841.jpg 1536w, https:\/\/silveco.eu\/wp-content\/uploads\/2023\/09\/raport_zajawka-2048x1122.jpg 2048w, https:\/\/silveco.eu\/wp-content\/uploads\/2023\/09\/raport_zajawka-241x132.jpg 241w, https:\/\/silveco.eu\/wp-content\/uploads\/2023\/09\/raport_zajawka-600x329.jpg 600w\" sizes=\"auto, (max-width: 2556px) 100vw, 2556px\" \/><\/a><\/figure><\/div>\n\n\n\n<div class=\"wp-block-column is-vertically-aligned-center is-layout-flow wp-block-column-is-layout-flow\" style=\"flex-basis:50%\"><h2 class=\"fs-48 aos-fade-right aos-delay-100 wp-block-post-title has-text-color has-secondary-color\">SILVECO NanoMast product efficacy study report in dairy cattle.<\/h2>\n\n<div class=\"btn btn-primary aos-fade-right aos-delay-200 wp-block-post-excerpt\"><p class=\"wp-block-post-excerpt__excerpt\">\ud83d\udce3We are pleased to announce that we have just received a REPORT on the latest field trials of our SILVECO NanoMast product for the care and prevention of udder diseases in dairy cattle. \ud83d\udc49The aim of the study was to evaluate the efficacy of our preparation containing active forms of silver. \ud83d\udc49The study was carried<\/p><p class=\"wp-block-post-excerpt__more-text\"><a class=\"wp-block-post-excerpt__more-link\" href=\"https:\/\/silveco.eu\/en\/silveco-nanomast-product-efficacy-study-report-in-dairy-cattle\/\">READ MORE<\/a><\/p><\/div><\/div>\n<\/div>\n\n<\/li><\/ul><\/div>\n\n\n\n<h2 class=\"wp-block-heading has-text-align-center h2 aos-zoom-in-up\"><mark style=\"background-color:rgba(0, 0, 0, 0)\" class=\"has-inline-color has-primary-color\">More<\/mark> news<\/h2>\n\n\n<ul class=\"wp-block-latest-posts__list aos-zoom-in-up wp-block-latest-posts\"><li><div class=\"wp-block-latest-posts__featured-image\"><a href=\"https:\/\/silveco.eu\/en\/silveco-nanomast-product-efficacy-study-report-in-dairy-cattle\/\" aria-label=\"SILVECO NanoMast product efficacy study report in dairy cattle.\"><img loading=\"lazy\" decoding=\"async\" width=\"440\" height=\"256\" src=\"https:\/\/silveco.eu\/wp-content\/uploads\/2023\/09\/raport_zajawka-440x256.jpg\" class=\"attachment-thumbnail size-thumbnail wp-post-image\" alt=\"Mastitis, zapalenia wymion, tubostrzykawki, byd\u0142o mleczne\" style=\"max-width:440px;max-height:256px;\" \/><\/a><\/div><a class=\"wp-block-latest-posts__post-title\" href=\"https:\/\/silveco.eu\/en\/silveco-nanomast-product-efficacy-study-report-in-dairy-cattle\/\">SILVECO NanoMast product efficacy study report in dairy cattle.<\/a><div class=\"wp-block-latest-posts__post-excerpt\">\ud83d\udce3We are pleased to announce that we have just received a REPORT on the latest field trials of our SILVECO NanoMast product for the care and prevention of udder diseases in dairy cattle. \ud83d\udc49The aim of the study was to evaluate the efficacy of our preparation containing active forms of silver. \ud83d\udc49The study was carried\u2026 <a class=\"wp-block-latest-posts__read-more\" href=\"https:\/\/silveco.eu\/en\/silveco-nanomast-product-efficacy-study-report-in-dairy-cattle\/\" rel=\"noopener noreferrer\">Read more<span class=\"screen-reader-text\">: SILVECO NanoMast product efficacy study report in dairy cattle.<\/span><\/a><\/div><\/li>\n<li><div class=\"wp-block-latest-posts__featured-image\"><a href=\"https:\/\/silveco.eu\/en\/alpaca-country-in-nowy-wisnicz-recommends-our-products\/\" aria-label=\"Alpaca Country in Nowy Wisnicz recommends our products\"><img loading=\"lazy\" decoding=\"async\" width=\"440\" height=\"256\" src=\"https:\/\/silveco.eu\/wp-content\/uploads\/2023\/08\/alpaki-440x256.jpg\" class=\"attachment-thumbnail size-thumbnail wp-post-image\" alt=\"\" style=\"max-width:440px;max-height:256px;\" srcset=\"https:\/\/silveco.eu\/wp-content\/uploads\/2023\/08\/alpaki-440x256.jpg 440w, https:\/\/silveco.eu\/wp-content\/uploads\/2023\/08\/alpaki-300x175.jpg 300w, https:\/\/silveco.eu\/wp-content\/uploads\/2023\/08\/alpaki-768x447.jpg 768w, https:\/\/silveco.eu\/wp-content\/uploads\/2023\/08\/alpaki-241x140.jpg 241w, https:\/\/silveco.eu\/wp-content\/uploads\/2023\/08\/alpaki-600x349.jpg 600w, https:\/\/silveco.eu\/wp-content\/uploads\/2023\/08\/alpaki.jpg 880w\" sizes=\"auto, (max-width: 440px) 100vw, 440px\" \/><\/a><\/div><a class=\"wp-block-latest-posts__post-title\" href=\"https:\/\/silveco.eu\/en\/alpaca-country-in-nowy-wisnicz-recommends-our-products\/\">Alpaca Country in Nowy Wisnicz recommends our products<\/a><div class=\"wp-block-latest-posts__post-excerpt\">All alpacas on Agnieszka&#8217;s farm have pedigrees, and the high-quality wool that comes from them is exported to western markets. All alpacas on Agnieszka&#8217;s farm have pedigrees, and the high-quality wool that comes from them is exported to western markets. The owner of Alpaca Country attaches great importance to the proper nutrition of her animals\u2026 <a class=\"wp-block-latest-posts__read-more\" href=\"https:\/\/silveco.eu\/en\/alpaca-country-in-nowy-wisnicz-recommends-our-products\/\" rel=\"noopener noreferrer\">Read more<span class=\"screen-reader-text\">: Alpaca Country in Nowy Wisnicz recommends our products<\/span><\/a><\/div><\/li>\n<li><div class=\"wp-block-latest-posts__featured-image\"><a href=\"https:\/\/silveco.eu\/en\/take-advantage-of-the-autumn-promotion-for-silveco-products\/\" aria-label=\"Take advantage of the autumn promotion for SILVECO products\"><img loading=\"lazy\" decoding=\"async\" width=\"440\" height=\"256\" src=\"https:\/\/silveco.eu\/wp-content\/uploads\/2023\/08\/promocja-440x256.jpg\" class=\"attachment-thumbnail size-thumbnail wp-post-image\" alt=\"\" style=\"max-width:440px;max-height:256px;\" srcset=\"https:\/\/silveco.eu\/wp-content\/uploads\/2023\/08\/promocja-440x256.jpg 440w, https:\/\/silveco.eu\/wp-content\/uploads\/2023\/08\/promocja-300x175.jpg 300w, https:\/\/silveco.eu\/wp-content\/uploads\/2023\/08\/promocja-768x447.jpg 768w, https:\/\/silveco.eu\/wp-content\/uploads\/2023\/08\/promocja-241x140.jpg 241w, https:\/\/silveco.eu\/wp-content\/uploads\/2023\/08\/promocja-600x349.jpg 600w, https:\/\/silveco.eu\/wp-content\/uploads\/2023\/08\/promocja.jpg 880w\" sizes=\"auto, (max-width: 440px) 100vw, 440px\" \/><\/a><\/div><a class=\"wp-block-latest-posts__post-title\" href=\"https:\/\/silveco.eu\/en\/take-advantage-of-the-autumn-promotion-for-silveco-products\/\">Take advantage of the autumn promotion for SILVECO products<\/a><div class=\"wp-block-latest-posts__post-excerpt\">Important information for veterinarians and animal breeders &#8211; we are starting with the autumn promotion! The offer is valid from August 21 to September 30. The holidays are inexorably coming to an end, and fall will inevitably come after them. This time of year is not always golden, sunny and serene. Get your pets ready\u2026 <a class=\"wp-block-latest-posts__read-more\" href=\"https:\/\/silveco.eu\/en\/take-advantage-of-the-autumn-promotion-for-silveco-products\/\" rel=\"noopener noreferrer\">Read more<span class=\"screen-reader-text\">: Take advantage of the autumn promotion for SILVECO products<\/span><\/a><\/div><\/li>\n<li><div class=\"wp-block-latest-posts__featured-image\"><a href=\"https:\/\/silveco.eu\/en\/o-trendach-w-weterynarii-na-jubileuszowej-konferencji\/\" aria-label=\"Trends in veterinary medicine at the jubilee conference\"><img loading=\"lazy\" decoding=\"async\" width=\"440\" height=\"256\" src=\"https:\/\/silveco.eu\/wp-content\/uploads\/2023\/06\/konferenbcja-440x256.jpg\" class=\"attachment-thumbnail size-thumbnail wp-post-image\" alt=\"\" style=\"max-width:440px;max-height:256px;\" \/><\/a><\/div><a class=\"wp-block-latest-posts__post-title\" href=\"https:\/\/silveco.eu\/en\/o-trendach-w-weterynarii-na-jubileuszowej-konferencji\/\">Trends in veterinary medicine at the jubilee conference<\/a><div class=\"wp-block-latest-posts__post-excerpt\">On June 22 and 23, we participated in the International Scientific Conference in Polanica Zdr\u00f3j. The conference was held under the slogan &#8220;QUO VADIS, VETERINARIA?&#8221;. During the 25th jubilee edition of the conference, development trends in veterinary medicine were discussed. Among the topics discussed were issues such as physiology and pathology of ruminants, cattle reproduction,\u2026 <a class=\"wp-block-latest-posts__read-more\" href=\"https:\/\/silveco.eu\/en\/o-trendach-w-weterynarii-na-jubileuszowej-konferencji\/\" rel=\"noopener noreferrer\">Read more<span class=\"screen-reader-text\">: Trends in veterinary medicine at the jubilee conference<\/span><\/a><\/div><\/li>\n<li><div class=\"wp-block-latest-posts__featured-image\"><a href=\"https:\/\/silveco.eu\/en\/konferencja-lekarzy-chorob-swin\/\" aria-label=\"Swine Doctors&#8217; Conference\"><img loading=\"lazy\" decoding=\"async\" width=\"400\" height=\"256\" src=\"https:\/\/silveco.eu\/wp-content\/uploads\/2023\/06\/konferencja-400x256.jpg\" class=\"attachment-thumbnail size-thumbnail wp-post-image\" alt=\"\" style=\"max-width:440px;max-height:256px;\" \/><\/a><\/div><a class=\"wp-block-latest-posts__post-title\" href=\"https:\/\/silveco.eu\/en\/konferencja-lekarzy-chorob-swin\/\">Swine Doctors&#8217; Conference<\/a><div class=\"wp-block-latest-posts__post-excerpt\">On June 13, 2023 the 27th International Conference of Swine Doctors &#8220;SPECIALISTS TO SPECIALISTS&#8221; begins. As every year, representatives of our company will participate in it. The theme of this year&#8217;s conference is \u201cSustainable pig production; Antibiotics \u2013 Necessity or Threat?\u201d.Date: 13-14.06.Venue: Hotel Metropolo by Golden Tulip (ul. Orzechowa 11, Krak\u00f3w). Details: HERE<\/div><\/li>\n<li><div class=\"wp-block-latest-posts__featured-image\"><a href=\"https:\/\/silveco.eu\/en\/swiatowy-dzien-lekarzy-weterynarii\/\" aria-label=\"World Veterinary Day\"><img loading=\"lazy\" decoding=\"async\" width=\"440\" height=\"256\" src=\"https:\/\/silveco.eu\/wp-content\/uploads\/2023\/06\/weterynarz-440x256.jpg\" class=\"attachment-thumbnail size-thumbnail wp-post-image\" alt=\"\" style=\"max-width:440px;max-height:256px;\" \/><\/a><\/div><a class=\"wp-block-latest-posts__post-title\" href=\"https:\/\/silveco.eu\/en\/swiatowy-dzien-lekarzy-weterynarii\/\">World Veterinary Day<\/a><div class=\"wp-block-latest-posts__post-excerpt\">On April 29, we celebrate World Veterinary Day. This is a great opportunity to realize how invaluable is their work and the help they bring to animals. Thank you!<\/div><\/li>\n<li><div class=\"wp-block-latest-posts__featured-image\"><a href=\"https:\/\/silveco.eu\/en\/radosnych-i-spokojnych-swiat-wielkiej-nocy\/\" aria-label=\"Happy and peaceful Easter!\"><img loading=\"lazy\" decoding=\"async\" width=\"440\" height=\"256\" src=\"https:\/\/silveco.eu\/wp-content\/uploads\/2023\/06\/swieta-440x256.jpg\" class=\"attachment-thumbnail size-thumbnail wp-post-image\" alt=\"\" style=\"max-width:440px;max-height:256px;\" \/><\/a><\/div><a class=\"wp-block-latest-posts__post-title\" href=\"https:\/\/silveco.eu\/en\/radosnych-i-spokojnych-swiat-wielkiej-nocy\/\">Happy and peaceful Easter!<\/a><div class=\"wp-block-latest-posts__post-excerpt\"><\/div><\/li>\n<li><div class=\"wp-block-latest-posts__featured-image\"><a href=\"https:\/\/silveco.eu\/en\/serdeczne-zyczenia-z-okazji-dnia-kobiet\/\" aria-label=\"Happy Women&#8217;s Day!\"><img loading=\"lazy\" decoding=\"async\" width=\"440\" height=\"256\" src=\"https:\/\/silveco.eu\/wp-content\/uploads\/2023\/06\/dzien-kobiet-440x256.jpg\" class=\"attachment-thumbnail size-thumbnail wp-post-image\" alt=\"\" style=\"max-width:440px;max-height:256px;\" \/><\/a><\/div><a class=\"wp-block-latest-posts__post-title\" href=\"https:\/\/silveco.eu\/en\/serdeczne-zyczenia-z-okazji-dnia-kobiet\/\">Happy Women&#8217;s Day!<\/a><div class=\"wp-block-latest-posts__post-excerpt\">We celebrate March 8! All wonderful moments for all ladies!<\/div><\/li>\n<li><div class=\"wp-block-latest-posts__featured-image\"><a href=\"https:\/\/silveco.eu\/en\/konferencja-na-temat-hodowli-swin\/\" aria-label=\"Breeding Conference &#8211; Pig Day\"><img loading=\"lazy\" decoding=\"async\" width=\"440\" height=\"256\" src=\"https:\/\/silveco.eu\/wp-content\/uploads\/2023\/06\/swinka-440x256.jpg\" class=\"attachment-thumbnail size-thumbnail wp-post-image\" alt=\"\" style=\"max-width:440px;max-height:256px;\" \/><\/a><\/div><a class=\"wp-block-latest-posts__post-title\" href=\"https:\/\/silveco.eu\/en\/konferencja-na-temat-hodowli-swin\/\">Breeding Conference &#8211; Pig Day<\/a><div class=\"wp-block-latest-posts__post-excerpt\">Problems of pig producers and breeders, procedures related to biosecurity, ecological safety plans in piggeries &#8211; these are the topics discussed at the conference in Miko\u0142\u00f3w, which took place on February 28, 2023. The event was organized by the Silesian Agricultural Advisory Center in Cz\u0119stochowa together with the Provincial Association of Pig Breeders and Producers\u2026 <a class=\"wp-block-latest-posts__read-more\" href=\"https:\/\/silveco.eu\/en\/konferencja-na-temat-hodowli-swin\/\" rel=\"noopener noreferrer\">Read more<span class=\"screen-reader-text\">: Breeding Conference &#8211; Pig Day<\/span><\/a><\/div><\/li>\n<\/ul>\n\n\n<div class=\"wp-block-buttons aos-zoom-in-up is-content-justification-center is-layout-flex wp-container-core-buttons-is-layout-a89b3969 wp-block-buttons-is-layout-flex\">\n<div class=\"wp-block-button btn btn-primary\"><a class=\"wp-block-button__link wp-element-button\" href=\"https:\/\/silveco.eu\/en\/news\/\">SEE MORE<\/a><\/div>\n<\/div>\n<\/div>\n\n<div class=\"wp-block-group before-footer container mb-40 has-global-padding is-layout-constrained wp-block-group-is-layout-constrained\">\n<h2 class=\"wp-block-heading has-text-align-center fs-64 mt-40 aos-zoom-in-up\">Do you need <mark style=\"background-color:rgba(0, 0, 0, 0);color:#38aa45\" class=\"has-inline-color\">more information<\/mark>?<\/h2>\n<\/div>\n","protected":false},"excerpt":{"rendered":"<p>News More news Do you need more information?<\/p>\n","protected":false},"author":4,"featured_media":0,"parent":0,"menu_order":0,"comment_status":"closed","ping_status":"closed","template":"","meta":{"_acf_changed":false,"inline_featured_image":false,"footnotes":""},"class_list":["post-2319","page","type-page","status-publish","hentry"],"acf":[],"yoast_head":"<!-- This site is optimized with the Yoast SEO plugin v26.4 - https:\/\/yoast.com\/wordpress\/plugins\/seo\/ -->\n<title>News - Silveco<\/title>\n<meta name=\"robots\" content=\"index, follow, max-snippet:-1, max-image-preview:large, max-video-preview:-1\" \/>\n<link rel=\"canonical\" href=\"https:\/\/silveco.eu\/en\/news\/\" \/>\n<meta property=\"og:locale\" content=\"en_US\" \/>\n<meta property=\"og:type\" content=\"article\" \/>\n<meta property=\"og:title\" content=\"News - Silveco\" \/>\n<meta property=\"og:description\" content=\"News More news Do you need more information?\" \/>\n<meta property=\"og:url\" content=\"https:\/\/silveco.eu\/en\/news\/\" \/>\n<meta property=\"og:site_name\" content=\"Silveco\" \/>\n<meta property=\"article:modified_time\" content=\"2023-07-13T18:29:21+00:00\" \/>\n<meta name=\"twitter:card\" content=\"summary_large_image\" \/>\n<script type=\"application\/ld+json\" class=\"yoast-schema-graph\">{\"@context\":\"https:\/\/schema.org\",\"@graph\":[{\"@type\":\"WebPage\",\"@id\":\"https:\/\/silveco.eu\/en\/news\/\",\"url\":\"https:\/\/silveco.eu\/en\/news\/\",\"name\":\"News - Silveco\",\"isPartOf\":{\"@id\":\"https:\/\/silveco.eu\/#website\"},\"datePublished\":\"2023-03-29T14:09:41+00:00\",\"dateModified\":\"2023-07-13T18:29:21+00:00\",\"breadcrumb\":{\"@id\":\"https:\/\/silveco.eu\/en\/news\/#breadcrumb\"},\"inLanguage\":\"en-US\",\"potentialAction\":[{\"@type\":\"ReadAction\",\"target\":[\"https:\/\/silveco.eu\/en\/news\/\"]}]},{\"@type\":\"BreadcrumbList\",\"@id\":\"https:\/\/silveco.eu\/en\/news\/#breadcrumb\",\"itemListElement\":[{\"@type\":\"ListItem\",\"position\":1,\"name\":\"Strona g\u0142\u00f3wna\",\"item\":\"https:\/\/silveco.eu\/en\/\"},{\"@type\":\"ListItem\",\"position\":2,\"name\":\"News\"}]},{\"@type\":\"WebSite\",\"@id\":\"https:\/\/silveco.eu\/#website\",\"url\":\"https:\/\/silveco.eu\/\",\"name\":\"Silveco\",\"description\":\"Twoje wsparcie w hodowli\",\"publisher\":{\"@id\":\"https:\/\/silveco.eu\/#organization\"},\"potentialAction\":[{\"@type\":\"SearchAction\",\"target\":{\"@type\":\"EntryPoint\",\"urlTemplate\":\"https:\/\/silveco.eu\/?s={search_term_string}\"},\"query-input\":{\"@type\":\"PropertyValueSpecification\",\"valueRequired\":true,\"valueName\":\"search_term_string\"}}],\"inLanguage\":\"en-US\"},{\"@type\":\"Organization\",\"@id\":\"https:\/\/silveco.eu\/#organization\",\"name\":\"Silveco\",\"url\":\"https:\/\/silveco.eu\/\",\"logo\":{\"@type\":\"ImageObject\",\"inLanguage\":\"en-US\",\"@id\":\"https:\/\/silveco.eu\/#\/schema\/logo\/image\/\",\"url\":\"https:\/\/silveco.eu\/wp-content\/uploads\/2023\/03\/image-16.svg\",\"contentUrl\":\"https:\/\/silveco.eu\/wp-content\/uploads\/2023\/03\/image-16.svg\",\"width\":217,\"height\":40,\"caption\":\"Silveco\"},\"image\":{\"@id\":\"https:\/\/silveco.eu\/#\/schema\/logo\/image\/\"}}]}<\/script>\n<!-- \/ Yoast SEO plugin. -->","yoast_head_json":{"title":"News - Silveco","robots":{"index":"index","follow":"follow","max-snippet":"max-snippet:-1","max-image-preview":"max-image-preview:large","max-video-preview":"max-video-preview:-1"},"canonical":"https:\/\/silveco.eu\/en\/news\/","og_locale":"en_US","og_type":"article","og_title":"News - Silveco","og_description":"News More news Do you need more information?","og_url":"https:\/\/silveco.eu\/en\/news\/","og_site_name":"Silveco","article_modified_time":"2023-07-13T18:29:21+00:00","twitter_card":"summary_large_image","schema":{"@context":"https:\/\/schema.org","@graph":[{"@type":"WebPage","@id":"https:\/\/silveco.eu\/en\/news\/","url":"https:\/\/silveco.eu\/en\/news\/","name":"News - Silveco","isPartOf":{"@id":"https:\/\/silveco.eu\/#website"},"datePublished":"2023-03-29T14:09:41+00:00","dateModified":"2023-07-13T18:29:21+00:00","breadcrumb":{"@id":"https:\/\/silveco.eu\/en\/news\/#breadcrumb"},"inLanguage":"en-US","potentialAction":[{"@type":"ReadAction","target":["https:\/\/silveco.eu\/en\/news\/"]}]},{"@type":"BreadcrumbList","@id":"https:\/\/silveco.eu\/en\/news\/#breadcrumb","itemListElement":[{"@type":"ListItem","position":1,"name":"Strona g\u0142\u00f3wna","item":"https:\/\/silveco.eu\/en\/"},{"@type":"ListItem","position":2,"name":"News"}]},{"@type":"WebSite","@id":"https:\/\/silveco.eu\/#website","url":"https:\/\/silveco.eu\/","name":"Silveco","description":"Twoje wsparcie w hodowli","publisher":{"@id":"https:\/\/silveco.eu\/#organization"},"potentialAction":[{"@type":"SearchAction","target":{"@type":"EntryPoint","urlTemplate":"https:\/\/silveco.eu\/?s={search_term_string}"},"query-input":{"@type":"PropertyValueSpecification","valueRequired":true,"valueName":"search_term_string"}}],"inLanguage":"en-US"},{"@type":"Organization","@id":"https:\/\/silveco.eu\/#organization","name":"Silveco","url":"https:\/\/silveco.eu\/","logo":{"@type":"ImageObject","inLanguage":"en-US","@id":"https:\/\/silveco.eu\/#\/schema\/logo\/image\/","url":"https:\/\/silveco.eu\/wp-content\/uploads\/2023\/03\/image-16.svg","contentUrl":"https:\/\/silveco.eu\/wp-content\/uploads\/2023\/03\/image-16.svg","width":217,"height":40,"caption":"Silveco"},"image":{"@id":"https:\/\/silveco.eu\/#\/schema\/logo\/image\/"}}]}},"_links":{"self":[{"href":"https:\/\/silveco.eu\/en\/wp-json\/wp\/v2\/pages\/2319","targetHints":{"allow":["GET"]}}],"collection":[{"href":"https:\/\/silveco.eu\/en\/wp-json\/wp\/v2\/pages"}],"about":[{"href":"https:\/\/silveco.eu\/en\/wp-json\/wp\/v2\/types\/page"}],"author":[{"embeddable":true,"href":"https:\/\/silveco.eu\/en\/wp-json\/wp\/v2\/users\/4"}],"replies":[{"embeddable":true,"href":"https:\/\/silveco.eu\/en\/wp-json\/wp\/v2\/comments?post=2319"}],"version-history":[{"count":10,"href":"https:\/\/silveco.eu\/en\/wp-json\/wp\/v2\/pages\/2319\/revisions"}],"predecessor-version":[{"id":2344,"href":"https:\/\/silveco.eu\/en\/wp-json\/wp\/v2\/pages\/2319\/revisions\/2344"}],"wp:attachment":[{"href":"https:\/\/silveco.eu\/en\/wp-json\/wp\/v2\/media?parent=2319"}],"curies":[{"name":"wp","href":"https:\/\/api.w.org\/{rel}","templated":true}]}}