{"id":3451,"date":"2023-10-02T17:51:05","date_gmt":"2023-10-02T15:51:05","guid":{"rendered":"https:\/\/silveco.eu\/preventive-care-for-the-udder-and-genital-organs-of-cows\/"},"modified":"2023-10-02T18:05:33","modified_gmt":"2023-10-02T16:05:33","slug":"prophylaxis-of-the-udder-and-reproductive-organs","status":"publish","type":"page","link":"https:\/\/silveco.eu\/en\/prophylaxis-of-the-udder-and-reproductive-organs\/","title":{"rendered":"Prophylaxis of the udder and reproductive organs"},"content":{"rendered":"\n<div class=\"wp-block-group container mb-40 has-global-padding is-layout-constrained wp-block-group-is-layout-constrained\">\n<h2 class=\"wp-block-heading fs-24 mb-40\" style=\"font-style:normal;font-weight:400\">Preventive care for the udder and genital organs of cows.<\/h2>\n\n\n\n<div class=\"wp-block-columns are-vertically-aligned-center is-layout-flex wp-container-core-columns-is-layout-28f84493 wp-block-columns-is-layout-flex\">\n<div class=\"wp-block-column is-vertically-aligned-center is-layout-flow wp-block-column-is-layout-flow\">\n<h2 class=\"wp-block-heading fs-48\" style=\"font-style:normal;font-weight:800;line-height:1.2\"><mark style=\"background-color:rgba(0, 0, 0, 0);color:#38aa45\" class=\"has-inline-color\">Less antibiotics <\/mark><br\/>lowers breeding costs.<\/h2>\n\n\n\n<p class=\"fs-14\">Our products rely on the active forms of silver and its antibacterial properties. They work perfectly in the case of antibiotic resistance. They also allow for significant reduction in the use of antibiotics alone, resulting in decreased breeding costs.<\/p>\n\n\n\n<p class=\"fs-14\">For every breeder, prevention of udder and reproductive system diseases is of utmost importance, aiming to prevent mastitis in animals. It is one of the most common and expensive diseases to treat in cows, leading to a decrease in milk yield and deterioration in the quality of the produced milk. A cow suffering from mastitis produces lower-quality milk and can transmit the infection to other animals. Treating the condition is very challenging, which is why all breeders should prioritize prevention. <\/p>\n\n\n\n<p class=\"fs-14\">We are a producer of preparations aimed at udder health prevention in cows. The systematic use of silver-based products can contribute to reducing the risk of mastitis development in cows. Our preparations have been tested and provide a good option for natural prevention of mastitis. Active silver enhances resistance to microorganisms and limits the spread of the disease.<\/p>\n\n\n\n<p class=\"fs-14\">The silver nanoparticles contained in the preparations provide long-lasting protection against microorganisms<br\/>and are fully safe for animals.<\/p>\n<\/div>\n\n\n\n<div class=\"wp-block-column is-vertically-aligned-center is-layout-flow wp-block-column-is-layout-flow\">\n<figure class=\"wp-block-image size-full is-resized\"><img decoding=\"async\" src=\"https:\/\/silveco.eu\/wp-content\/uploads\/2023\/10\/krowy.webp\" alt=\"cows\" class=\"wp-image-3447\" style=\"width:656px\" width=\"656\" srcset=\"https:\/\/silveco.eu\/wp-content\/uploads\/2023\/10\/krowy.webp 668w, https:\/\/silveco.eu\/wp-content\/uploads\/2023\/10\/krowy-300x216.webp 300w, https:\/\/silveco.eu\/wp-content\/uploads\/2023\/10\/krowy-228x164.webp 228w, https:\/\/silveco.eu\/wp-content\/uploads\/2023\/10\/krowy-600x431.webp 600w\" sizes=\"(max-width: 668px) 100vw, 668px\" \/><\/figure>\n<\/div>\n<\/div>\n\n\n\n<p><\/p>\n<\/div>\n\n<h2 class=\"wp-block-heading has-text-align-center fs-64 mt-40\"><mark style=\"background-color:rgba(0, 0, 0, 0);color:#38aa45\" class=\"has-inline-color\">See<\/mark> our offer<\/h2>\n<div data-block-name=\"woocommerce\/product-category\" data-categories=\"[40]\" data-content-visibility=\"{&quot;image&quot;:true,&quot;title&quot;:true,&quot;price&quot;:false,&quot;rating&quot;:false,&quot;button&quot;:false}\" data-orderby=\"menu_order\" data-rows=\"1\" data-stock-status=\"[&quot;&quot;,&quot;instock&quot;,&quot;outofstock&quot;,&quot;onbackorder&quot;]\" class=\"wc-block-grid wp-block-product-category wp-block-woocommerce-product-category wc-block-product-category has-3-columns container benefits-section mb-40\"><ul class=\"wc-block-grid__products\"><li class=\"wc-block-grid__product\">\n\t\t\t\t<a href=\"https:\/\/silveco.eu\/en\/produkt\/silveco-nanodip\/\" class=\"wc-block-grid__product-link\">\n\t\t\t\t\t\n\t\t\t\t\t<div class=\"wc-block-grid__product-image\"><img loading=\"lazy\" decoding=\"async\" width=\"300\" height=\"300\" src=\"https:\/\/silveco.eu\/wp-content\/uploads\/2024\/02\/Nanodip-mockup-wlasciwy-300x300.png\" class=\"attachment-woocommerce_thumbnail size-woocommerce_thumbnail\" alt=\"SILVECO NanoDip Preparation for post-milking hygiene\" srcset=\"https:\/\/silveco.eu\/wp-content\/uploads\/2024\/02\/Nanodip-mockup-wlasciwy-300x300.png 300w, https:\/\/silveco.eu\/wp-content\/uploads\/2024\/02\/Nanodip-mockup-wlasciwy-1024x1024.png 1024w, https:\/\/silveco.eu\/wp-content\/uploads\/2024\/02\/Nanodip-mockup-wlasciwy-768x768.png 768w, https:\/\/silveco.eu\/wp-content\/uploads\/2024\/02\/Nanodip-mockup-wlasciwy-1536x1536.png 1536w, https:\/\/silveco.eu\/wp-content\/uploads\/2024\/02\/Nanodip-mockup-wlasciwy-164x164.png 164w, https:\/\/silveco.eu\/wp-content\/uploads\/2024\/02\/Nanodip-mockup-wlasciwy-600x600.png 600w, https:\/\/silveco.eu\/wp-content\/uploads\/2024\/02\/Nanodip-mockup-wlasciwy-100x100.png 100w, https:\/\/silveco.eu\/wp-content\/uploads\/2024\/02\/Nanodip-mockup-wlasciwy.png 2000w\" sizes=\"auto, (max-width: 300px) 100vw, 300px\" \/><\/div>\n\t\t\t\t\t<div class=\"wc-block-grid__product-title\">SILVECO NanoDip Preparation for post-milking hygiene<\/div>\n\t\t\t\t<\/a>\n\t\t\t\t\n\t\t\t\t\n\t\t\t\t\n\t\t\t<\/li><li class=\"wc-block-grid__product\">\n\t\t\t\t<a href=\"https:\/\/silveco.eu\/en\/produkt\/nanomast\/\" class=\"wc-block-grid__product-link\">\n\t\t\t\t\t\n\t\t\t\t\t<div class=\"wc-block-grid__product-image\"><img loading=\"lazy\" decoding=\"async\" width=\"300\" height=\"300\" src=\"https:\/\/silveco.eu\/wp-content\/uploads\/2024\/01\/NanoMast-800x800-1-300x300.png\" class=\"attachment-woocommerce_thumbnail size-woocommerce_thumbnail\" alt=\"SILVECO NanoMast Preparation for care and prevention of udders\" srcset=\"https:\/\/silveco.eu\/wp-content\/uploads\/2024\/01\/NanoMast-800x800-1-300x300.png 300w, https:\/\/silveco.eu\/wp-content\/uploads\/2024\/01\/NanoMast-800x800-1-768x768.png 768w, https:\/\/silveco.eu\/wp-content\/uploads\/2024\/01\/NanoMast-800x800-1-164x164.png 164w, https:\/\/silveco.eu\/wp-content\/uploads\/2024\/01\/NanoMast-800x800-1-600x600.png 600w, https:\/\/silveco.eu\/wp-content\/uploads\/2024\/01\/NanoMast-800x800-1-100x100.png 100w, https:\/\/silveco.eu\/wp-content\/uploads\/2024\/01\/NanoMast-800x800-1.png 800w\" sizes=\"auto, (max-width: 300px) 100vw, 300px\" \/><\/div>\n\t\t\t\t\t<div class=\"wc-block-grid__product-title\">SILVECO NanoMast Preparation for care and prevention of udders<\/div>\n\t\t\t\t<\/a>\n\t\t\t\t\n\t\t\t\t\n\t\t\t\t\n\t\t\t<\/li><li class=\"wc-block-grid__product\">\n\t\t\t\t<a href=\"https:\/\/silveco.eu\/en\/produkt\/silveco-nanoudder-cooling-gel-cooling-gel-for-udders\/\" class=\"wc-block-grid__product-link\">\n\t\t\t\t\t\n\t\t\t\t\t<div class=\"wc-block-grid__product-image\"><img loading=\"lazy\" decoding=\"async\" width=\"300\" height=\"300\" src=\"https:\/\/silveco.eu\/wp-content\/uploads\/2025\/05\/chlodzacy-1-1-300x300.png\" class=\"attachment-woocommerce_thumbnail size-woocommerce_thumbnail\" alt=\"\u017cel na krowie wymiona - ch\u0142odz\u0105cy\" srcset=\"https:\/\/silveco.eu\/wp-content\/uploads\/2025\/05\/chlodzacy-1-1-300x300.png 300w, https:\/\/silveco.eu\/wp-content\/uploads\/2025\/05\/chlodzacy-1-1-164x164.png 164w, https:\/\/silveco.eu\/wp-content\/uploads\/2025\/05\/chlodzacy-1-1-100x100.png 100w, https:\/\/silveco.eu\/wp-content\/uploads\/2025\/05\/chlodzacy-1-1.png 591w\" sizes=\"auto, (max-width: 300px) 100vw, 300px\" \/><\/div>\n\t\t\t\t\t<div class=\"wc-block-grid__product-title\">SILVECO NanoUdder Cooling Gel &#8211; cooling gel for the udder<\/div>\n\t\t\t\t<\/a>\n\t\t\t\t\n\t\t\t\t\n\t\t\t\t\n\t\t\t<\/li><\/ul><\/div>\n<div class=\"wp-block-group container mb-40 has-global-padding is-layout-constrained wp-block-group-is-layout-constrained\">\n<div class=\"wp-block-columns are-vertically-aligned-center is-layout-flex wp-container-core-columns-is-layout-28f84493 wp-block-columns-is-layout-flex\">\n<div class=\"wp-block-column is-vertically-aligned-center is-layout-flow wp-block-column-is-layout-flow\">\n<h2 class=\"wp-block-heading\">What are the symptoms of mastitis in cows?<\/h2>\n\n\n\n<p class=\"fs-14\"><strong>Mastitis in cows<\/strong> is an inflammatory condition of the mammary glands, which can be caused by bacterial infection or other factors. The symptoms of the disease can vary depending on the stage and type of infection. The most characteristic symptom of the disease is swelling of the udder, which can vary in intensity. The infected udder is warm to the touch and red. It can be observed that touching the affected area causes discomfort for the cow. Other symptoms of the disease include a decrease in milk yield and production of lower-quality milk. In more severe cases, the milk becomes watery, may contain clumps of hair, and sometimes even blood. Accompanying symptoms may occur, including loss of appetite, sunken eyes, apathy, diarrhea, and signs of dehydration.<\/p>\n\n\n\n<h2 class=\"wp-block-heading\">How to prevent mastitis in cows? <\/h2>\n\n\n\n<p class=\"fs-14\"><strong>Preventing udder diseases in cows<\/strong> primarily involves ensuring proper hygiene in animal husbandry. Before milking, it is important to thoroughly clean and dry the udders to prevent the introduction of bacteria into the milk ducts. All tools used during milking should be thoroughly washed and disinfected before use.<\/p>\n\n\n\n<p class=\"fs-14\">Providing a clean and hygienic environment for cows is essential. The barn should be clean, dry, and well-ventilated. Excreta, manure, and leftover feed should be regularly removed. Cows should have access to clean drinking water. Natural products for regeneration and care from our range can also help in the prevention of mastitis.<\/p>\n<\/div>\n<\/div>\n\n\n\n<p>As a <a href=\"https:\/\/silveco.eu\/en\/\">manufacturer of animal preparations<\/a> and disinfectants, we also offer <a href=\"https:\/\/silveco.eu\/en\/product-category\/hoof-correction\/\">hoof correction products<\/a> and <a href=\"https:\/\/silveco.eu\/kategoria-produktu\/odkazanie-kurnika\/\">poultry house disinfectants<\/a>, among other products.<\/p>\n<\/div>\n","protected":false},"excerpt":{"rendered":"<p>Preventive care for the udder and genital organs of cows. Less antibiotics lowers breeding costs. Our products rely on the active forms of silver and its antibacterial properties. They work perfectly in the case of antibiotic resistance. They also allow for significant reduction in the use of antibiotics alone, resulting in decreased breeding costs. For [&hellip;]<\/p>\n","protected":false},"author":7,"featured_media":0,"parent":0,"menu_order":0,"comment_status":"closed","ping_status":"closed","template":"","meta":{"_acf_changed":false,"inline_featured_image":false,"footnotes":""},"class_list":["post-3451","page","type-page","status-publish","hentry"],"acf":[],"yoast_head":"<!-- This site is optimized with the Yoast SEO plugin v26.4 - https:\/\/yoast.com\/wordpress\/plugins\/seo\/ -->\n<title>Prophylaxis of the udder and reproductive organs - Silveco<\/title>\n<meta name=\"robots\" content=\"index, follow, max-snippet:-1, max-image-preview:large, max-video-preview:-1\" \/>\n<link rel=\"canonical\" href=\"https:\/\/silveco.eu\/en\/prophylaxis-of-the-udder-and-reproductive-organs\/\" \/>\n<meta property=\"og:locale\" content=\"en_US\" \/>\n<meta property=\"og:type\" content=\"article\" \/>\n<meta property=\"og:title\" content=\"Prophylaxis of the udder and reproductive organs - Silveco\" \/>\n<meta property=\"og:description\" content=\"Preventive care for the udder and genital organs of cows. Less antibiotics lowers breeding costs. Our products rely on the active forms of silver and its antibacterial properties. They work perfectly in the case of antibiotic resistance. They also allow for significant reduction in the use of antibiotics alone, resulting in decreased breeding costs. For [&hellip;]\" \/>\n<meta property=\"og:url\" content=\"https:\/\/silveco.eu\/en\/prophylaxis-of-the-udder-and-reproductive-organs\/\" \/>\n<meta property=\"og:site_name\" content=\"Silveco\" \/>\n<meta property=\"article:modified_time\" content=\"2023-10-02T16:05:33+00:00\" \/>\n<meta property=\"og:image\" content=\"https:\/\/silveco.eu\/wp-content\/uploads\/2023\/10\/krowy.webp\" \/>\n<meta name=\"twitter:card\" content=\"summary_large_image\" \/>\n<meta name=\"twitter:label1\" content=\"Est. reading time\" \/>\n\t<meta name=\"twitter:data1\" content=\"2 minutes\" \/>\n<script type=\"application\/ld+json\" class=\"yoast-schema-graph\">{\"@context\":\"https:\/\/schema.org\",\"@graph\":[{\"@type\":\"WebPage\",\"@id\":\"https:\/\/silveco.eu\/en\/prophylaxis-of-the-udder-and-reproductive-organs\/\",\"url\":\"https:\/\/silveco.eu\/en\/prophylaxis-of-the-udder-and-reproductive-organs\/\",\"name\":\"Prophylaxis of the udder and reproductive organs - Silveco\",\"isPartOf\":{\"@id\":\"https:\/\/silveco.eu\/#website\"},\"primaryImageOfPage\":{\"@id\":\"https:\/\/silveco.eu\/en\/prophylaxis-of-the-udder-and-reproductive-organs\/#primaryimage\"},\"image\":{\"@id\":\"https:\/\/silveco.eu\/en\/prophylaxis-of-the-udder-and-reproductive-organs\/#primaryimage\"},\"thumbnailUrl\":\"https:\/\/silveco.eu\/wp-content\/uploads\/2023\/10\/krowy.webp\",\"datePublished\":\"2023-10-02T15:51:05+00:00\",\"dateModified\":\"2023-10-02T16:05:33+00:00\",\"breadcrumb\":{\"@id\":\"https:\/\/silveco.eu\/en\/prophylaxis-of-the-udder-and-reproductive-organs\/#breadcrumb\"},\"inLanguage\":\"en-US\",\"potentialAction\":[{\"@type\":\"ReadAction\",\"target\":[\"https:\/\/silveco.eu\/en\/prophylaxis-of-the-udder-and-reproductive-organs\/\"]}]},{\"@type\":\"ImageObject\",\"inLanguage\":\"en-US\",\"@id\":\"https:\/\/silveco.eu\/en\/prophylaxis-of-the-udder-and-reproductive-organs\/#primaryimage\",\"url\":\"https:\/\/silveco.eu\/wp-content\/uploads\/2023\/10\/krowy.webp\",\"contentUrl\":\"https:\/\/silveco.eu\/wp-content\/uploads\/2023\/10\/krowy.webp\"},{\"@type\":\"BreadcrumbList\",\"@id\":\"https:\/\/silveco.eu\/en\/prophylaxis-of-the-udder-and-reproductive-organs\/#breadcrumb\",\"itemListElement\":[{\"@type\":\"ListItem\",\"position\":1,\"name\":\"Strona g\u0142\u00f3wna\",\"item\":\"https:\/\/silveco.eu\/en\/\"},{\"@type\":\"ListItem\",\"position\":2,\"name\":\"Prophylaxis of the udder and reproductive organs\"}]},{\"@type\":\"WebSite\",\"@id\":\"https:\/\/silveco.eu\/#website\",\"url\":\"https:\/\/silveco.eu\/\",\"name\":\"Silveco\",\"description\":\"Twoje wsparcie w hodowli\",\"publisher\":{\"@id\":\"https:\/\/silveco.eu\/#organization\"},\"potentialAction\":[{\"@type\":\"SearchAction\",\"target\":{\"@type\":\"EntryPoint\",\"urlTemplate\":\"https:\/\/silveco.eu\/?s={search_term_string}\"},\"query-input\":{\"@type\":\"PropertyValueSpecification\",\"valueRequired\":true,\"valueName\":\"search_term_string\"}}],\"inLanguage\":\"en-US\"},{\"@type\":\"Organization\",\"@id\":\"https:\/\/silveco.eu\/#organization\",\"name\":\"Silveco\",\"url\":\"https:\/\/silveco.eu\/\",\"logo\":{\"@type\":\"ImageObject\",\"inLanguage\":\"en-US\",\"@id\":\"https:\/\/silveco.eu\/#\/schema\/logo\/image\/\",\"url\":\"https:\/\/silveco.eu\/wp-content\/uploads\/2023\/03\/image-16.svg\",\"contentUrl\":\"https:\/\/silveco.eu\/wp-content\/uploads\/2023\/03\/image-16.svg\",\"width\":217,\"height\":40,\"caption\":\"Silveco\"},\"image\":{\"@id\":\"https:\/\/silveco.eu\/#\/schema\/logo\/image\/\"}}]}<\/script>\n<!-- \/ Yoast SEO plugin. -->","yoast_head_json":{"title":"Prophylaxis of the udder and reproductive organs - Silveco","robots":{"index":"index","follow":"follow","max-snippet":"max-snippet:-1","max-image-preview":"max-image-preview:large","max-video-preview":"max-video-preview:-1"},"canonical":"https:\/\/silveco.eu\/en\/prophylaxis-of-the-udder-and-reproductive-organs\/","og_locale":"en_US","og_type":"article","og_title":"Prophylaxis of the udder and reproductive organs - Silveco","og_description":"Preventive care for the udder and genital organs of cows. Less antibiotics lowers breeding costs. Our products rely on the active forms of silver and its antibacterial properties. They work perfectly in the case of antibiotic resistance. They also allow for significant reduction in the use of antibiotics alone, resulting in decreased breeding costs. For [&hellip;]","og_url":"https:\/\/silveco.eu\/en\/prophylaxis-of-the-udder-and-reproductive-organs\/","og_site_name":"Silveco","article_modified_time":"2023-10-02T16:05:33+00:00","og_image":[{"url":"https:\/\/silveco.eu\/wp-content\/uploads\/2023\/10\/krowy.webp","type":"","width":"","height":""}],"twitter_card":"summary_large_image","twitter_misc":{"Est. reading time":"2 minutes"},"schema":{"@context":"https:\/\/schema.org","@graph":[{"@type":"WebPage","@id":"https:\/\/silveco.eu\/en\/prophylaxis-of-the-udder-and-reproductive-organs\/","url":"https:\/\/silveco.eu\/en\/prophylaxis-of-the-udder-and-reproductive-organs\/","name":"Prophylaxis of the udder and reproductive organs - Silveco","isPartOf":{"@id":"https:\/\/silveco.eu\/#website"},"primaryImageOfPage":{"@id":"https:\/\/silveco.eu\/en\/prophylaxis-of-the-udder-and-reproductive-organs\/#primaryimage"},"image":{"@id":"https:\/\/silveco.eu\/en\/prophylaxis-of-the-udder-and-reproductive-organs\/#primaryimage"},"thumbnailUrl":"https:\/\/silveco.eu\/wp-content\/uploads\/2023\/10\/krowy.webp","datePublished":"2023-10-02T15:51:05+00:00","dateModified":"2023-10-02T16:05:33+00:00","breadcrumb":{"@id":"https:\/\/silveco.eu\/en\/prophylaxis-of-the-udder-and-reproductive-organs\/#breadcrumb"},"inLanguage":"en-US","potentialAction":[{"@type":"ReadAction","target":["https:\/\/silveco.eu\/en\/prophylaxis-of-the-udder-and-reproductive-organs\/"]}]},{"@type":"ImageObject","inLanguage":"en-US","@id":"https:\/\/silveco.eu\/en\/prophylaxis-of-the-udder-and-reproductive-organs\/#primaryimage","url":"https:\/\/silveco.eu\/wp-content\/uploads\/2023\/10\/krowy.webp","contentUrl":"https:\/\/silveco.eu\/wp-content\/uploads\/2023\/10\/krowy.webp"},{"@type":"BreadcrumbList","@id":"https:\/\/silveco.eu\/en\/prophylaxis-of-the-udder-and-reproductive-organs\/#breadcrumb","itemListElement":[{"@type":"ListItem","position":1,"name":"Strona g\u0142\u00f3wna","item":"https:\/\/silveco.eu\/en\/"},{"@type":"ListItem","position":2,"name":"Prophylaxis of the udder and reproductive organs"}]},{"@type":"WebSite","@id":"https:\/\/silveco.eu\/#website","url":"https:\/\/silveco.eu\/","name":"Silveco","description":"Twoje wsparcie w hodowli","publisher":{"@id":"https:\/\/silveco.eu\/#organization"},"potentialAction":[{"@type":"SearchAction","target":{"@type":"EntryPoint","urlTemplate":"https:\/\/silveco.eu\/?s={search_term_string}"},"query-input":{"@type":"PropertyValueSpecification","valueRequired":true,"valueName":"search_term_string"}}],"inLanguage":"en-US"},{"@type":"Organization","@id":"https:\/\/silveco.eu\/#organization","name":"Silveco","url":"https:\/\/silveco.eu\/","logo":{"@type":"ImageObject","inLanguage":"en-US","@id":"https:\/\/silveco.eu\/#\/schema\/logo\/image\/","url":"https:\/\/silveco.eu\/wp-content\/uploads\/2023\/03\/image-16.svg","contentUrl":"https:\/\/silveco.eu\/wp-content\/uploads\/2023\/03\/image-16.svg","width":217,"height":40,"caption":"Silveco"},"image":{"@id":"https:\/\/silveco.eu\/#\/schema\/logo\/image\/"}}]}},"_links":{"self":[{"href":"https:\/\/silveco.eu\/en\/wp-json\/wp\/v2\/pages\/3451","targetHints":{"allow":["GET"]}}],"collection":[{"href":"https:\/\/silveco.eu\/en\/wp-json\/wp\/v2\/pages"}],"about":[{"href":"https:\/\/silveco.eu\/en\/wp-json\/wp\/v2\/types\/page"}],"author":[{"embeddable":true,"href":"https:\/\/silveco.eu\/en\/wp-json\/wp\/v2\/users\/7"}],"replies":[{"embeddable":true,"href":"https:\/\/silveco.eu\/en\/wp-json\/wp\/v2\/comments?post=3451"}],"version-history":[{"count":2,"href":"https:\/\/silveco.eu\/en\/wp-json\/wp\/v2\/pages\/3451\/revisions"}],"predecessor-version":[{"id":3467,"href":"https:\/\/silveco.eu\/en\/wp-json\/wp\/v2\/pages\/3451\/revisions\/3467"}],"wp:attachment":[{"href":"https:\/\/silveco.eu\/en\/wp-json\/wp\/v2\/media?parent=3451"}],"curies":[{"name":"wp","href":"https:\/\/api.w.org\/{rel}","templated":true}]}}