{"id":4921,"date":"2025-06-05T17:22:32","date_gmt":"2025-06-05T15:22:32","guid":{"rendered":"https:\/\/silveco.eu\/prophylaxis-of-the-udder\/"},"modified":"2025-06-12T12:44:29","modified_gmt":"2025-06-12T10:44:29","slug":"prophylaxis-of-the-udder","status":"publish","type":"page","link":"https:\/\/silveco.eu\/en\/prophylaxis-of-the-udder\/","title":{"rendered":"Prophylaxis of the udder"},"content":{"rendered":"\n<div class=\"wp-block-group container mb-40 has-global-padding is-layout-constrained wp-block-group-is-layout-constrained\">\n<h2 class=\"wp-block-heading fs-24 mb-40\" style=\"font-style:normal;font-weight:400\">Preventive care for the udder and genital organs of cows.<\/h2>\n\n\n\n<div class=\"wp-block-columns are-vertically-aligned-center is-layout-flex wp-container-core-columns-is-layout-28f84493 wp-block-columns-is-layout-flex\">\n<div class=\"wp-block-column is-vertically-aligned-center is-layout-flow wp-block-column-is-layout-flow\">\n<h2 class=\"wp-block-heading fs-48\" style=\"font-style:normal;font-weight:800;line-height:1.2\"><mark style=\"background-color:rgba(0, 0, 0, 0);color:#38aa45\" class=\"has-inline-color\">Less antibiotics <\/mark><br>means lower breeding costs.<\/h2>\n\n\n\n<p class=\"fs-14\">Products based on active forms of silver and its antibacterial action<s> <\/s>They are excellent for fighting antibiotic resistance. They allow a significant reduction in the use of antibiotics themselves, and consequently inhibit the development of strains resistant to them. <\/p>\n\n\n\n<p class=\"fs-14\">For every breeder, prevention of udder and reproductive system diseases is of utmost importance, aiming to prevent mastitis in animals. It is one of the most common and expensive diseases to treat in cows, leading to a decrease in milk yield and deterioration in the quality of the produced milk. A cow suffering from mastitis produces lower-quality milk and can transmit the infection to other animals. Treating the condition is very challenging, which is why all breeders should prioritize prevention. <\/p>\n\n\n\n<p class=\"fs-14\">We are a manufacturer of preparations aimed at prevention and care of the udder in cows. The systematic use of silver-based products can contribute to reducing the risk of mastitis development in cows. Our preparations have been tested and provide a good option for natural prevention of mastitis. Active silver enhances antimicrobial resistance and limits the spread of disease.<\/p>\n\n\n\n<p class=\"fs-14\">The silver nanoparticles contained in the formulations provide long-lasting antimicrobial protection and are completely safe for animals.<\/p>\n<\/div>\n\n\n\n<div class=\"wp-block-column is-vertically-aligned-center is-layout-flow wp-block-column-is-layout-flow\">\n<figure class=\"wp-block-image size-full\"><img loading=\"lazy\" decoding=\"async\" width=\"668\" height=\"480\" src=\"https:\/\/silveco.eu\/wp-content\/uploads\/2023\/05\/krowy.webp\" alt=\"\" class=\"wp-image-837\" srcset=\"https:\/\/silveco.eu\/wp-content\/uploads\/2023\/05\/krowy.webp 668w, https:\/\/silveco.eu\/wp-content\/uploads\/2023\/05\/krowy-300x216.webp 300w, https:\/\/silveco.eu\/wp-content\/uploads\/2023\/05\/krowy-228x164.webp 228w, https:\/\/silveco.eu\/wp-content\/uploads\/2023\/05\/krowy-600x431.webp 600w\" sizes=\"auto, (max-width: 668px) 100vw, 668px\" \/><\/figure>\n<\/div>\n<\/div>\n\n\n\n<p><\/p>\n<\/div>\n\n\n\n<h2 class=\"wp-block-heading has-text-align-center fs-64 mt-40\"><mark style=\"background-color:rgba(0, 0, 0, 0);color:#38aa45\" class=\"has-inline-color\">See<\/mark> our offer<\/h2>\n\n\n<div data-block-name=\"woocommerce\/product-category\" data-categories=\"[40]\" data-columns=\"5\" data-content-visibility=\"{&quot;image&quot;:true,&quot;title&quot;:true,&quot;price&quot;:false,&quot;rating&quot;:false,&quot;button&quot;:false}\" data-orderby=\"menu_order\" data-rows=\"1\" data-stock-status=\"[&quot;&quot;,&quot;instock&quot;,&quot;outofstock&quot;,&quot;onbackorder&quot;]\" class=\"wc-block-grid wp-block-product-category wp-block-woocommerce-product-category wc-block-product-category has-5-columns container benefits-section mb-40\"><ul class=\"wc-block-grid__products\"><li class=\"wc-block-grid__product\">\n\t\t\t\t<a href=\"https:\/\/silveco.eu\/en\/produkt\/silveco-nanodip\/\" class=\"wc-block-grid__product-link\">\n\t\t\t\t\t\n\t\t\t\t\t<div class=\"wc-block-grid__product-image\"><img loading=\"lazy\" decoding=\"async\" width=\"300\" height=\"300\" src=\"https:\/\/silveco.eu\/wp-content\/uploads\/2024\/02\/Nanodip-mockup-wlasciwy-300x300.png\" class=\"attachment-woocommerce_thumbnail size-woocommerce_thumbnail\" alt=\"SILVECO NanoDip Preparation for post-milking hygiene\" srcset=\"https:\/\/silveco.eu\/wp-content\/uploads\/2024\/02\/Nanodip-mockup-wlasciwy-300x300.png 300w, https:\/\/silveco.eu\/wp-content\/uploads\/2024\/02\/Nanodip-mockup-wlasciwy-1024x1024.png 1024w, https:\/\/silveco.eu\/wp-content\/uploads\/2024\/02\/Nanodip-mockup-wlasciwy-768x768.png 768w, https:\/\/silveco.eu\/wp-content\/uploads\/2024\/02\/Nanodip-mockup-wlasciwy-1536x1536.png 1536w, https:\/\/silveco.eu\/wp-content\/uploads\/2024\/02\/Nanodip-mockup-wlasciwy-164x164.png 164w, https:\/\/silveco.eu\/wp-content\/uploads\/2024\/02\/Nanodip-mockup-wlasciwy-600x600.png 600w, https:\/\/silveco.eu\/wp-content\/uploads\/2024\/02\/Nanodip-mockup-wlasciwy-100x100.png 100w, https:\/\/silveco.eu\/wp-content\/uploads\/2024\/02\/Nanodip-mockup-wlasciwy.png 2000w\" sizes=\"auto, (max-width: 300px) 100vw, 300px\" \/><\/div>\n\t\t\t\t\t<div class=\"wc-block-grid__product-title\">SILVECO NanoDip Preparation for post-milking hygiene<\/div>\n\t\t\t\t<\/a>\n\t\t\t\t\n\t\t\t\t\n\t\t\t\t\n\t\t\t<\/li><li class=\"wc-block-grid__product\">\n\t\t\t\t<a href=\"https:\/\/silveco.eu\/en\/produkt\/nanomast\/\" class=\"wc-block-grid__product-link\">\n\t\t\t\t\t\n\t\t\t\t\t<div class=\"wc-block-grid__product-image\"><img loading=\"lazy\" decoding=\"async\" width=\"300\" height=\"300\" src=\"https:\/\/silveco.eu\/wp-content\/uploads\/2024\/01\/NanoMast-800x800-1-300x300.png\" class=\"attachment-woocommerce_thumbnail size-woocommerce_thumbnail\" alt=\"SILVECO NanoMast Preparation for care and prevention of udders\" srcset=\"https:\/\/silveco.eu\/wp-content\/uploads\/2024\/01\/NanoMast-800x800-1-300x300.png 300w, https:\/\/silveco.eu\/wp-content\/uploads\/2024\/01\/NanoMast-800x800-1-768x768.png 768w, https:\/\/silveco.eu\/wp-content\/uploads\/2024\/01\/NanoMast-800x800-1-164x164.png 164w, https:\/\/silveco.eu\/wp-content\/uploads\/2024\/01\/NanoMast-800x800-1-600x600.png 600w, https:\/\/silveco.eu\/wp-content\/uploads\/2024\/01\/NanoMast-800x800-1-100x100.png 100w, https:\/\/silveco.eu\/wp-content\/uploads\/2024\/01\/NanoMast-800x800-1.png 800w\" sizes=\"auto, (max-width: 300px) 100vw, 300px\" \/><\/div>\n\t\t\t\t\t<div class=\"wc-block-grid__product-title\">SILVECO NanoMast Preparation for care and prevention of udders<\/div>\n\t\t\t\t<\/a>\n\t\t\t\t\n\t\t\t\t\n\t\t\t\t\n\t\t\t<\/li><li class=\"wc-block-grid__product\">\n\t\t\t\t<a href=\"https:\/\/silveco.eu\/en\/produkt\/silveco-nanoudder-cooling-gel-cooling-gel-for-udders\/\" class=\"wc-block-grid__product-link\">\n\t\t\t\t\t\n\t\t\t\t\t<div class=\"wc-block-grid__product-image\"><img loading=\"lazy\" decoding=\"async\" width=\"300\" height=\"300\" src=\"https:\/\/silveco.eu\/wp-content\/uploads\/2025\/05\/chlodzacy-1-1-300x300.png\" class=\"attachment-woocommerce_thumbnail size-woocommerce_thumbnail\" alt=\"\u017cel na krowie wymiona - ch\u0142odz\u0105cy\" srcset=\"https:\/\/silveco.eu\/wp-content\/uploads\/2025\/05\/chlodzacy-1-1-300x300.png 300w, https:\/\/silveco.eu\/wp-content\/uploads\/2025\/05\/chlodzacy-1-1-164x164.png 164w, https:\/\/silveco.eu\/wp-content\/uploads\/2025\/05\/chlodzacy-1-1-100x100.png 100w, https:\/\/silveco.eu\/wp-content\/uploads\/2025\/05\/chlodzacy-1-1.png 591w\" sizes=\"auto, (max-width: 300px) 100vw, 300px\" \/><\/div>\n\t\t\t\t\t<div class=\"wc-block-grid__product-title\">SILVECO NanoUdder Cooling Gel &#8211; cooling gel for the udder<\/div>\n\t\t\t\t<\/a>\n\t\t\t\t\n\t\t\t\t\n\t\t\t\t\n\t\t\t<\/li><li class=\"wc-block-grid__product\">\n\t\t\t\t<a href=\"https:\/\/silveco.eu\/en\/produkt\/silveco-nanoudder-cooling-gel-cooling-gel-for-the-udder-kopia\/\" class=\"wc-block-grid__product-link\">\n\t\t\t\t\t\n\t\t\t\t\t<div class=\"wc-block-grid__product-image\"><img loading=\"lazy\" decoding=\"async\" width=\"300\" height=\"300\" src=\"https:\/\/silveco.eu\/wp-content\/uploads\/2025\/08\/zel-chlodzaco-rozgrzewajacy-450-copy-300x300.png\" class=\"attachment-woocommerce_thumbnail size-woocommerce_thumbnail\" alt=\"SILVECO NanoUdder DuoEffect Gel\" srcset=\"https:\/\/silveco.eu\/wp-content\/uploads\/2025\/08\/zel-chlodzaco-rozgrzewajacy-450-copy-300x300.png 300w, https:\/\/silveco.eu\/wp-content\/uploads\/2025\/08\/zel-chlodzaco-rozgrzewajacy-450-copy-100x100.png 100w, https:\/\/silveco.eu\/wp-content\/uploads\/2025\/08\/zel-chlodzaco-rozgrzewajacy-450-copy.png 591w\" sizes=\"auto, (max-width: 300px) 100vw, 300px\" \/><\/div>\n\t\t\t\t\t<div class=\"wc-block-grid__product-title\">SILVECO NanoUdder DuoEffect Gel<\/div>\n\t\t\t\t<\/a>\n\t\t\t\t\n\t\t\t\t\n\t\t\t\t\n\t\t\t<\/li><li class=\"wc-block-grid__product\">\n\t\t\t\t<a href=\"https:\/\/silveco.eu\/en\/produkt\/silveco-nanoudder-warming-gel-warming-gel-for-udders\/\" class=\"wc-block-grid__product-link\">\n\t\t\t\t\t\n\t\t\t\t\t<div class=\"wc-block-grid__product-image\"><img loading=\"lazy\" decoding=\"async\" width=\"300\" height=\"300\" src=\"https:\/\/silveco.eu\/wp-content\/uploads\/2025\/05\/zel-rozgrzewajacy-450-1-300x300.png\" class=\"attachment-woocommerce_thumbnail size-woocommerce_thumbnail\" alt=\"\u017cel na krowie wymiona - rozgrzewaj\u0105cy\" srcset=\"https:\/\/silveco.eu\/wp-content\/uploads\/2025\/05\/zel-rozgrzewajacy-450-1-300x300.png 300w, https:\/\/silveco.eu\/wp-content\/uploads\/2025\/05\/zel-rozgrzewajacy-450-1-164x164.png 164w, https:\/\/silveco.eu\/wp-content\/uploads\/2025\/05\/zel-rozgrzewajacy-450-1-100x100.png 100w, https:\/\/silveco.eu\/wp-content\/uploads\/2025\/05\/zel-rozgrzewajacy-450-1.png 591w\" sizes=\"auto, (max-width: 300px) 100vw, 300px\" \/><\/div>\n\t\t\t\t\t<div class=\"wc-block-grid__product-title\">SILVECO NanoUdder Warming Gel \u2013 warming gel for udders<\/div>\n\t\t\t\t<\/a>\n\t\t\t\t\n\t\t\t\t\n\t\t\t\t\n\t\t\t<\/li><\/ul><\/div>\n\n\n<div class=\"wp-block-group container mb-40 has-global-padding is-layout-constrained wp-block-group-is-layout-constrained\">\n<div class=\"wp-block-columns are-vertically-aligned-center is-layout-flex wp-container-core-columns-is-layout-28f84493 wp-block-columns-is-layout-flex\">\n<div class=\"wp-block-column is-vertically-aligned-center is-layout-flow wp-block-column-is-layout-flow\">\n<h2 class=\"wp-block-heading\">What are the symptoms of mastitis in cows?<\/h2>\n\n\n\n<p class=\"fs-14\"><strong>Mastitis in cows<\/strong> is an inflammatory condition of the mammary glands, which can be caused by bacterial infection or other factors. The symptoms of the disease can vary depending on the stage and type of infection. The most characteristic symptom of the disease is swelling of the udder, which can vary in intensity. The infected udder is warm to the touch and red. It can be observed that touching the affected area causes discomfort for the cow. Other symptoms of the disease include a decrease in milk yield and production of lower-quality milk. In more severe cases, the milk becomes watery, may contain clumps of hair, and sometimes even blood. Accompanying symptoms may occur, including loss of appetite, sunken eyes, apathy, diarrhea, and signs of dehydration.<\/p>\n\n\n\n<h2 class=\"wp-block-heading\"><strong>Mastitis in cows<\/strong><\/h2>\n\n\n\n<p>Mastitis in cows is a serious health problem familiar to cattle farmers. As with other ailments of this ilk, prompt implementation of safe treatment of mastitis in cattle offers a chance for recovery and full milk yield.   <\/p>\n\n\n\n<p>You are probably familiar with all the typical symptoms such as swelling, redness, change in appearance of milk, fever, decreased appetite, elevated somatic cell count that indicate suspected mastitis. The sooner you can implement action, the easier the treatment of mastitis in the cow will be and will result in less financial losses for the farm. In our offer you will find products that will effectively prevent mastitis, and when it appears, will support treatment effectively enough to avoid costly and punitive antibiotics.  <\/p>\n\n\n\n<h2 class=\"wp-block-heading\"><strong>Effective treatment of genital inflammation in cattle<\/strong><\/h2>\n\n\n\n<p>Genital infections in cattle are a major challenge in breeding, which can have serious consequences for the health of the animals and their reproductive capacity. Antibiotic therapy, tailored to the type of bacteria causing the infection, is the most common treatment recommended by veterinarians. An excellent alternative to traditional antibiotics are preparations based on active forms of silver, which combat the infection, prevent their recurrence, and also show regenerative properties of the reproductive organs of cattle.  <\/p>\n\n\n\n<h2 class=\"wp-block-heading\"><strong>How to prevent mastitis in cows? <\/strong><\/h2>\n\n\n\n<p><strong>Preventing udder diseases in cows<\/strong> primarily involves ensuring proper hygiene in animal husbandry. Before milking, the mammary glands should be thoroughly washed and dried to prevent the introduction of bacteria into the udder sinus through the teat canal. All tools used during milking should be thoroughly washed and disinfected before use.<\/p>\n\n\n\n<p>Providing a clean and hygienic environment for cows is essential. The barn should be clean, dry, and well-ventilated. Excreta, manure, and leftover feed should be regularly removed. Cows should have access to clean drinking water. Natural products for regeneration and care from our range can also help in the prevention of mastitis.<\/p>\n\n\n\n<h3 class=\"wp-block-heading\"><strong>Udder preparations with nanosilver  <\/strong><\/h3>\n\n\n\n<p>In raising dairy cows, udder health and hygiene are very important. In order to ensure maximum comfort for the animal, and at the same time to protect against microorganisms, more and more breeders are using preparations for udder care and prevention. Udder preparations with nanosilver are used for both treatment and prevention of infections. They are an effective alternative to traditional disinfectants and antibiotics. Thanks to its antibacterial and antifungal properties, nanosilver helps prevent mastitis and promotes teat skin regeneration.    <\/p>\n\n\n\n<h3 class=\"wp-block-heading\"><strong>How do udder preparations work?<\/strong><\/h3>\n\n\n\n<p>Udder preparations with nanosilver:<\/p>\n\n\n\n<ul class=\"wp-block-list\">\n<li>show high effectiveness against bacteria and fungi that can cause udder infections,  <\/li>\n\n\n\n<li>have anti-inflammatory effects, reduce swelling, irritation and redness of the skin,  <\/li>\n\n\n\n<li>Promote healing and regeneration of the skin,  <\/li>\n\n\n\n<li>are non-toxic and leave no residue in milk, which means they can be used without a withdrawal period.  <\/li>\n<\/ul>\n\n\n\n<h3 class=\"wp-block-heading\"><strong>Benefits of using udder preparations<\/strong><\/h3>\n\n\n\n<p>Preparations<strong> <\/strong>for udders based on nanosilver is an innovative solution that allows for effective mastitis prevention without the risk of antibiotic resistance. Thanks to them, farmers can ensure the health of their cows and themselves stable milk production without economic losses. <\/p>\n<\/div>\n<\/div>\n\n\n\n<p>As a <a href=\"https:\/\/silveco.eu\/en\/\">manufacturer of animal preparations<\/a> and disinfectants, we also offer <a href=\"https:\/\/silveco.eu\/en\/product-category\/hoof-correction\/\">hoof correction products<\/a> and <a href=\"https:\/\/silveco.eu\/kategoria-produktu\/odkazanie-kurnika\/\">poultry house disinfectants<\/a>, among other products.<\/p>\n<\/div>\n\n\n","protected":false},"excerpt":{"rendered":"<p>Preventive care for the udder and genital organs of cows. Less antibiotics means lower breeding costs. Products based on active forms of silver and its antibacterial action They are excellent for fighting antibiotic resistance. They allow a significant reduction in the use of antibiotics themselves, and consequently inhibit the development of strains resistant to them. [&hellip;]<\/p>\n","protected":false},"author":3,"featured_media":0,"parent":0,"menu_order":0,"comment_status":"closed","ping_status":"closed","template":"","meta":{"_acf_changed":false,"inline_featured_image":false,"footnotes":""},"class_list":["post-4921","page","type-page","status-publish","hentry"],"acf":[],"yoast_head":"<!-- This site is optimized with the Yoast SEO plugin v26.4 - https:\/\/yoast.com\/wordpress\/plugins\/seo\/ -->\n<title>Prophylaxis of the udder - Silveco<\/title>\n<meta name=\"robots\" content=\"index, follow, max-snippet:-1, max-image-preview:large, max-video-preview:-1\" \/>\n<link rel=\"canonical\" href=\"https:\/\/silveco.eu\/en\/prophylaxis-of-the-udder\/\" \/>\n<meta property=\"og:locale\" content=\"en_US\" \/>\n<meta property=\"og:type\" content=\"article\" \/>\n<meta property=\"og:title\" content=\"Prophylaxis of the udder - Silveco\" \/>\n<meta property=\"og:description\" content=\"Preventive care for the udder and genital organs of cows. Less antibiotics means lower breeding costs. Products based on active forms of silver and its antibacterial action They are excellent for fighting antibiotic resistance. They allow a significant reduction in the use of antibiotics themselves, and consequently inhibit the development of strains resistant to them. [&hellip;]\" \/>\n<meta property=\"og:url\" content=\"https:\/\/silveco.eu\/en\/prophylaxis-of-the-udder\/\" \/>\n<meta property=\"og:site_name\" content=\"Silveco\" \/>\n<meta property=\"article:modified_time\" content=\"2025-06-12T10:44:29+00:00\" \/>\n<meta property=\"og:image\" content=\"https:\/\/silveco.eu\/wp-content\/uploads\/2023\/05\/krowy.webp\" \/>\n\t<meta property=\"og:image:width\" content=\"668\" \/>\n\t<meta property=\"og:image:height\" content=\"480\" \/>\n\t<meta property=\"og:image:type\" content=\"image\/webp\" \/>\n<meta name=\"twitter:card\" content=\"summary_large_image\" \/>\n<meta name=\"twitter:label1\" content=\"Est. reading time\" \/>\n\t<meta name=\"twitter:data1\" content=\"11 minutes\" \/>\n<script type=\"application\/ld+json\" class=\"yoast-schema-graph\">{\"@context\":\"https:\/\/schema.org\",\"@graph\":[{\"@type\":\"WebPage\",\"@id\":\"https:\/\/silveco.eu\/en\/prophylaxis-of-the-udder\/\",\"url\":\"https:\/\/silveco.eu\/en\/prophylaxis-of-the-udder\/\",\"name\":\"Prophylaxis of the udder - Silveco\",\"isPartOf\":{\"@id\":\"https:\/\/silveco.eu\/#website\"},\"primaryImageOfPage\":{\"@id\":\"https:\/\/silveco.eu\/en\/prophylaxis-of-the-udder\/#primaryimage\"},\"image\":{\"@id\":\"https:\/\/silveco.eu\/en\/prophylaxis-of-the-udder\/#primaryimage\"},\"thumbnailUrl\":\"https:\/\/silveco.eu\/wp-content\/uploads\/2023\/05\/krowy.webp\",\"datePublished\":\"2025-06-05T15:22:32+00:00\",\"dateModified\":\"2025-06-12T10:44:29+00:00\",\"breadcrumb\":{\"@id\":\"https:\/\/silveco.eu\/en\/prophylaxis-of-the-udder\/#breadcrumb\"},\"inLanguage\":\"en-US\",\"potentialAction\":[{\"@type\":\"ReadAction\",\"target\":[\"https:\/\/silveco.eu\/en\/prophylaxis-of-the-udder\/\"]}]},{\"@type\":\"ImageObject\",\"inLanguage\":\"en-US\",\"@id\":\"https:\/\/silveco.eu\/en\/prophylaxis-of-the-udder\/#primaryimage\",\"url\":\"https:\/\/silveco.eu\/wp-content\/uploads\/2023\/05\/krowy.webp\",\"contentUrl\":\"https:\/\/silveco.eu\/wp-content\/uploads\/2023\/05\/krowy.webp\"},{\"@type\":\"BreadcrumbList\",\"@id\":\"https:\/\/silveco.eu\/en\/prophylaxis-of-the-udder\/#breadcrumb\",\"itemListElement\":[{\"@type\":\"ListItem\",\"position\":1,\"name\":\"Strona g\u0142\u00f3wna\",\"item\":\"https:\/\/silveco.eu\/en\/\"},{\"@type\":\"ListItem\",\"position\":2,\"name\":\"Prophylaxis of the udder\"}]},{\"@type\":\"WebSite\",\"@id\":\"https:\/\/silveco.eu\/#website\",\"url\":\"https:\/\/silveco.eu\/\",\"name\":\"Silveco\",\"description\":\"Twoje wsparcie w hodowli\",\"publisher\":{\"@id\":\"https:\/\/silveco.eu\/#organization\"},\"potentialAction\":[{\"@type\":\"SearchAction\",\"target\":{\"@type\":\"EntryPoint\",\"urlTemplate\":\"https:\/\/silveco.eu\/?s={search_term_string}\"},\"query-input\":{\"@type\":\"PropertyValueSpecification\",\"valueRequired\":true,\"valueName\":\"search_term_string\"}}],\"inLanguage\":\"en-US\"},{\"@type\":\"Organization\",\"@id\":\"https:\/\/silveco.eu\/#organization\",\"name\":\"Silveco\",\"url\":\"https:\/\/silveco.eu\/\",\"logo\":{\"@type\":\"ImageObject\",\"inLanguage\":\"en-US\",\"@id\":\"https:\/\/silveco.eu\/#\/schema\/logo\/image\/\",\"url\":\"https:\/\/silveco.eu\/wp-content\/uploads\/2023\/03\/image-16.svg\",\"contentUrl\":\"https:\/\/silveco.eu\/wp-content\/uploads\/2023\/03\/image-16.svg\",\"width\":217,\"height\":40,\"caption\":\"Silveco\"},\"image\":{\"@id\":\"https:\/\/silveco.eu\/#\/schema\/logo\/image\/\"}}]}<\/script>\n<!-- \/ Yoast SEO plugin. -->","yoast_head_json":{"title":"Prophylaxis of the udder - Silveco","robots":{"index":"index","follow":"follow","max-snippet":"max-snippet:-1","max-image-preview":"max-image-preview:large","max-video-preview":"max-video-preview:-1"},"canonical":"https:\/\/silveco.eu\/en\/prophylaxis-of-the-udder\/","og_locale":"en_US","og_type":"article","og_title":"Prophylaxis of the udder - Silveco","og_description":"Preventive care for the udder and genital organs of cows. Less antibiotics means lower breeding costs. Products based on active forms of silver and its antibacterial action They are excellent for fighting antibiotic resistance. They allow a significant reduction in the use of antibiotics themselves, and consequently inhibit the development of strains resistant to them. [&hellip;]","og_url":"https:\/\/silveco.eu\/en\/prophylaxis-of-the-udder\/","og_site_name":"Silveco","article_modified_time":"2025-06-12T10:44:29+00:00","og_image":[{"width":668,"height":480,"url":"https:\/\/silveco.eu\/wp-content\/uploads\/2023\/05\/krowy.webp","type":"image\/webp"}],"twitter_card":"summary_large_image","twitter_misc":{"Est. reading time":"11 minutes"},"schema":{"@context":"https:\/\/schema.org","@graph":[{"@type":"WebPage","@id":"https:\/\/silveco.eu\/en\/prophylaxis-of-the-udder\/","url":"https:\/\/silveco.eu\/en\/prophylaxis-of-the-udder\/","name":"Prophylaxis of the udder - Silveco","isPartOf":{"@id":"https:\/\/silveco.eu\/#website"},"primaryImageOfPage":{"@id":"https:\/\/silveco.eu\/en\/prophylaxis-of-the-udder\/#primaryimage"},"image":{"@id":"https:\/\/silveco.eu\/en\/prophylaxis-of-the-udder\/#primaryimage"},"thumbnailUrl":"https:\/\/silveco.eu\/wp-content\/uploads\/2023\/05\/krowy.webp","datePublished":"2025-06-05T15:22:32+00:00","dateModified":"2025-06-12T10:44:29+00:00","breadcrumb":{"@id":"https:\/\/silveco.eu\/en\/prophylaxis-of-the-udder\/#breadcrumb"},"inLanguage":"en-US","potentialAction":[{"@type":"ReadAction","target":["https:\/\/silveco.eu\/en\/prophylaxis-of-the-udder\/"]}]},{"@type":"ImageObject","inLanguage":"en-US","@id":"https:\/\/silveco.eu\/en\/prophylaxis-of-the-udder\/#primaryimage","url":"https:\/\/silveco.eu\/wp-content\/uploads\/2023\/05\/krowy.webp","contentUrl":"https:\/\/silveco.eu\/wp-content\/uploads\/2023\/05\/krowy.webp"},{"@type":"BreadcrumbList","@id":"https:\/\/silveco.eu\/en\/prophylaxis-of-the-udder\/#breadcrumb","itemListElement":[{"@type":"ListItem","position":1,"name":"Strona g\u0142\u00f3wna","item":"https:\/\/silveco.eu\/en\/"},{"@type":"ListItem","position":2,"name":"Prophylaxis of the udder"}]},{"@type":"WebSite","@id":"https:\/\/silveco.eu\/#website","url":"https:\/\/silveco.eu\/","name":"Silveco","description":"Twoje wsparcie w hodowli","publisher":{"@id":"https:\/\/silveco.eu\/#organization"},"potentialAction":[{"@type":"SearchAction","target":{"@type":"EntryPoint","urlTemplate":"https:\/\/silveco.eu\/?s={search_term_string}"},"query-input":{"@type":"PropertyValueSpecification","valueRequired":true,"valueName":"search_term_string"}}],"inLanguage":"en-US"},{"@type":"Organization","@id":"https:\/\/silveco.eu\/#organization","name":"Silveco","url":"https:\/\/silveco.eu\/","logo":{"@type":"ImageObject","inLanguage":"en-US","@id":"https:\/\/silveco.eu\/#\/schema\/logo\/image\/","url":"https:\/\/silveco.eu\/wp-content\/uploads\/2023\/03\/image-16.svg","contentUrl":"https:\/\/silveco.eu\/wp-content\/uploads\/2023\/03\/image-16.svg","width":217,"height":40,"caption":"Silveco"},"image":{"@id":"https:\/\/silveco.eu\/#\/schema\/logo\/image\/"}}]}},"_links":{"self":[{"href":"https:\/\/silveco.eu\/en\/wp-json\/wp\/v2\/pages\/4921","targetHints":{"allow":["GET"]}}],"collection":[{"href":"https:\/\/silveco.eu\/en\/wp-json\/wp\/v2\/pages"}],"about":[{"href":"https:\/\/silveco.eu\/en\/wp-json\/wp\/v2\/types\/page"}],"author":[{"embeddable":true,"href":"https:\/\/silveco.eu\/en\/wp-json\/wp\/v2\/users\/3"}],"replies":[{"embeddable":true,"href":"https:\/\/silveco.eu\/en\/wp-json\/wp\/v2\/comments?post=4921"}],"version-history":[{"count":5,"href":"https:\/\/silveco.eu\/en\/wp-json\/wp\/v2\/pages\/4921\/revisions"}],"predecessor-version":[{"id":5019,"href":"https:\/\/silveco.eu\/en\/wp-json\/wp\/v2\/pages\/4921\/revisions\/5019"}],"wp:attachment":[{"href":"https:\/\/silveco.eu\/en\/wp-json\/wp\/v2\/media?parent=4921"}],"curies":[{"name":"wp","href":"https:\/\/api.w.org\/{rel}","templated":true}]}}